{"id":5276,"date":"2023-06-17T10:08:49","date_gmt":"2023-06-17T08:08:49","guid":{"rendered":"https:\/\/www.colossalstore.es\/?post_type=product&#038;p=5276"},"modified":"2025-06-20T11:15:47","modified_gmt":"2025-06-20T09:15:47","slug":"blue-lock-6-yusuke-nomura","status":"publish","type":"product","link":"https:\/\/www.colossalstore.es\/en\/tienda\/manga\/blue-lock-6-yusuke-nomura\/","title":{"rendered":"Blue Lock 6 \u2013 Yusuke Nomura"},"content":{"rendered":"<p>Blue Lock 6 \u2013 Yusuke Nomura<\/p>\n<div class=\"text-container\" data-v-809af916=\"\">\n<div class=\"formated-text\" data-v-809af916=\"\" data-v-7fdc4342=\"\">\n<p>Isagi and the rest of the Team Z players have passed the first selection and, one by one, they must cross the door that will take them to the second phase in which they will have to fight alone! Behind it, the latest generation intercom system, the BLUE LOCK MAN, awaits them. What will this training consist of!? More and more secrets will be revealed about this second selection phase! Meetings with new forwards and another match with the most surprising rules await Isagi!!<\/p>\n<\/div>\n<\/div>","protected":false},"excerpt":{"rendered":"<p>Blue Lock 6 &#8211; Yusuke Nomura \u00a1Isagi y el resto de jugadores del Equipo Z han superado la primera selecci\u00f3n y, uno a uno, deber\u00e1n cruzar la puerta que los llevar\u00e1 a la segunda fase en la que tendr\u00e1n que luchar solos! Tras ella, les espera el sistema de portero de \u00faltima generaci\u00f3n, el BLUE [&hellip;]<\/p>","protected":false},"featured_media":5277,"comment_status":"open","ping_status":"closed","template":"","meta":{"_joinchat":[]},"product_brand":[],"product_cat":[32],"product_tag":[],"class_list":{"0":"post-5276","1":"product","2":"type-product","3":"status-publish","4":"has-post-thumbnail","6":"product_cat-manga","8":"first","9":"outofstock","10":"sale","11":"taxable","12":"shipping-taxable","13":"purchasable","14":"product-type-simple"},"yoast_head":"<!-- This site is optimized with the Yoast SEO plugin v25.7 - https:\/\/yoast.com\/wordpress\/plugins\/seo\/ -->\n<title>Blue Lock 6 - Yusuke Nomura | Colossal Store<\/title>\n<meta name=\"description\" content=\"Blue Lock 6 - Yusuke Nomura: \u00a1Isagi y el resto de jugadores del Equipo Z han superado la primera selecci\u00f3n y, uno a uno, deber\u00e1n cruzar la puerta que los llevar\u00e1 a la segunda fase en la que tendr\u00e1n que luchar solos! Tras ella, les espera el sistema de portero de \u00faltima generaci\u00f3n, el BLUE LOCK MAN. \u00bf\u00a1En que consistir\u00e1 este entrenamiento!? \u00a1Cada vez se desvelar\u00e1n m\u00e1s secretos sobre esta segunda fase de selecci\u00f3n! \u00a1\u00a1A Isagi le esperan encuentros con nuevos delanteros y otro partido con reglas de lo m\u00e1s sorprendentes!!\" \/>\n<meta name=\"robots\" content=\"index, follow, max-snippet:-1, max-image-preview:large, max-video-preview:-1\" \/>\n<link rel=\"canonical\" href=\"https:\/\/www.colossalstore.es\/en\/tienda\/manga\/blue-lock-6-yusuke-nomura\/\" \/>\n<meta property=\"og:locale\" content=\"en_US\" \/>\n<meta property=\"og:type\" content=\"article\" \/>\n<meta property=\"og:title\" content=\"Blue Lock 6 - Yusuke Nomura | Colossal Store\" \/>\n<meta property=\"og:description\" content=\"Blue Lock 6 - Yusuke Nomura: \u00a1Isagi y el resto de jugadores del Equipo Z han superado la primera selecci\u00f3n y, uno a uno, deber\u00e1n cruzar la puerta que los llevar\u00e1 a la segunda fase en la que tendr\u00e1n que luchar solos! Tras ella, les espera el sistema de portero de \u00faltima generaci\u00f3n, el BLUE LOCK MAN. \u00bf\u00a1En que consistir\u00e1 este entrenamiento!? \u00a1Cada vez se desvelar\u00e1n m\u00e1s secretos sobre esta segunda fase de selecci\u00f3n! \u00a1\u00a1A Isagi le esperan encuentros con nuevos delanteros y otro partido con reglas de lo m\u00e1s sorprendentes!!\" \/>\n<meta property=\"og:url\" content=\"https:\/\/www.colossalstore.es\/en\/tienda\/manga\/blue-lock-6-yusuke-nomura\/\" \/>\n<meta property=\"og:site_name\" content=\"Colossal Store\" \/>\n<meta property=\"article:modified_time\" content=\"2025-06-20T09:15:47+00:00\" \/>\n<meta property=\"og:image\" content=\"https:\/\/www.colossalstore.es\/wp-content\/uploads\/2023\/06\/blue-lock-6.jpg\" \/>\n\t<meta property=\"og:image:width\" content=\"800\" \/>\n\t<meta property=\"og:image:height\" content=\"800\" \/>\n\t<meta property=\"og:image:type\" content=\"image\/jpeg\" \/>\n<meta name=\"twitter:card\" content=\"summary_large_image\" \/>\n<meta name=\"twitter:site\" content=\"@Colossal_Store\" \/>\n<meta name=\"twitter:label1\" content=\"Est. reading time\" \/>\n\t<meta name=\"twitter:data1\" content=\"1 minute\" \/>\n<script type=\"application\/ld+json\" class=\"yoast-schema-graph\">{\"@context\":\"https:\/\/schema.org\",\"@graph\":[{\"@type\":\"WebPage\",\"@id\":\"https:\/\/www.colossalstore.es\/tienda\/manga\/blue-lock-6-yusuke-nomura\/\",\"url\":\"https:\/\/www.colossalstore.es\/tienda\/manga\/blue-lock-6-yusuke-nomura\/\",\"name\":\"Blue Lock 6 - Yusuke Nomura | Colossal Store\",\"isPartOf\":{\"@id\":\"https:\/\/www.colossalstore.es\/#website\"},\"primaryImageOfPage\":{\"@id\":\"https:\/\/www.colossalstore.es\/tienda\/manga\/blue-lock-6-yusuke-nomura\/#primaryimage\"},\"image\":{\"@id\":\"https:\/\/www.colossalstore.es\/tienda\/manga\/blue-lock-6-yusuke-nomura\/#primaryimage\"},\"thumbnailUrl\":\"https:\/\/www.colossalstore.es\/wp-content\/uploads\/2023\/06\/blue-lock-6.jpg\",\"datePublished\":\"2023-06-17T08:08:49+00:00\",\"dateModified\":\"2025-06-20T09:15:47+00:00\",\"description\":\"Blue Lock 6 - Yusuke Nomura: \u00a1Isagi y el resto de jugadores del Equipo Z han superado la primera selecci\u00f3n y, uno a uno, deber\u00e1n cruzar la puerta que los llevar\u00e1 a la segunda fase en la que tendr\u00e1n que luchar solos! Tras ella, les espera el sistema de portero de \u00faltima generaci\u00f3n, el BLUE LOCK MAN. \u00bf\u00a1En que consistir\u00e1 este entrenamiento!? \u00a1Cada vez se desvelar\u00e1n m\u00e1s secretos sobre esta segunda fase de selecci\u00f3n! \u00a1\u00a1A Isagi le esperan encuentros con nuevos delanteros y otro partido con reglas de lo m\u00e1s sorprendentes!!\",\"breadcrumb\":{\"@id\":\"https:\/\/www.colossalstore.es\/tienda\/manga\/blue-lock-6-yusuke-nomura\/#breadcrumb\"},\"inLanguage\":\"en-US\",\"potentialAction\":[{\"@type\":\"ReadAction\",\"target\":[\"https:\/\/www.colossalstore.es\/tienda\/manga\/blue-lock-6-yusuke-nomura\/\"]}]},{\"@type\":\"ImageObject\",\"inLanguage\":\"en-US\",\"@id\":\"https:\/\/www.colossalstore.es\/tienda\/manga\/blue-lock-6-yusuke-nomura\/#primaryimage\",\"url\":\"https:\/\/www.colossalstore.es\/wp-content\/uploads\/2023\/06\/blue-lock-6.jpg\",\"contentUrl\":\"https:\/\/www.colossalstore.es\/wp-content\/uploads\/2023\/06\/blue-lock-6.jpg\",\"width\":800,\"height\":800},{\"@type\":\"BreadcrumbList\",\"@id\":\"https:\/\/www.colossalstore.es\/tienda\/manga\/blue-lock-6-yusuke-nomura\/#breadcrumb\",\"itemListElement\":[{\"@type\":\"ListItem\",\"position\":1,\"name\":\"Home\",\"item\":\"https:\/\/www.colossalstore.es\/\"},{\"@type\":\"ListItem\",\"position\":2,\"name\":\"Tienda\",\"item\":\"https:\/\/www.colossalstore.es\/tienda\/\"},{\"@type\":\"ListItem\",\"position\":3,\"name\":\"Blue Lock 6 &#8211; Yusuke Nomura\"}]},{\"@type\":\"WebSite\",\"@id\":\"https:\/\/www.colossalstore.es\/#website\",\"url\":\"https:\/\/www.colossalstore.es\/\",\"name\":\"Colossal Store\",\"description\":\"Colossal Store, tienda especializada en TCGs.\",\"publisher\":{\"@id\":\"https:\/\/www.colossalstore.es\/#organization\"},\"alternateName\":\"Colossal Store\",\"potentialAction\":[{\"@type\":\"SearchAction\",\"target\":{\"@type\":\"EntryPoint\",\"urlTemplate\":\"https:\/\/www.colossalstore.es\/?s={search_term_string}\"},\"query-input\":{\"@type\":\"PropertyValueSpecification\",\"valueRequired\":true,\"valueName\":\"search_term_string\"}}],\"inLanguage\":\"en-US\"},{\"@type\":\"Organization\",\"@id\":\"https:\/\/www.colossalstore.es\/#organization\",\"name\":\"Colossal Store\",\"url\":\"https:\/\/www.colossalstore.es\/\",\"logo\":{\"@type\":\"ImageObject\",\"inLanguage\":\"en-US\",\"@id\":\"https:\/\/www.colossalstore.es\/#\/schema\/logo\/image\/\",\"url\":\"https:\/\/www.colossalstore.es\/wp-content\/uploads\/2023\/05\/Colossal_Logo-02.png\",\"contentUrl\":\"https:\/\/www.colossalstore.es\/wp-content\/uploads\/2023\/05\/Colossal_Logo-02.png\",\"width\":1181,\"height\":1181,\"caption\":\"Colossal Store\"},\"image\":{\"@id\":\"https:\/\/www.colossalstore.es\/#\/schema\/logo\/image\/\"},\"sameAs\":[\"https:\/\/x.com\/Colossal_Store\",\"https:\/\/www.instagram.com\/colossal_store_tcg\/\",\"https:\/\/www.tiktok.com\/@colossalstore\"]}]}<\/script>\n<!-- \/ Yoast SEO plugin. -->","yoast_head_json":{"title":"Blue Lock 6 - Yusuke Nomura | Colossal Store","description":"Blue Lock 6 - Yusuke Nomura: \u00a1Isagi y el resto de jugadores del Equipo Z han superado la primera selecci\u00f3n y, uno a uno, deber\u00e1n cruzar la puerta que los llevar\u00e1 a la segunda fase en la que tendr\u00e1n que luchar solos! Tras ella, les espera el sistema de portero de \u00faltima generaci\u00f3n, el BLUE LOCK MAN. \u00bf\u00a1En que consistir\u00e1 este entrenamiento!? \u00a1Cada vez se desvelar\u00e1n m\u00e1s secretos sobre esta segunda fase de selecci\u00f3n! \u00a1\u00a1A Isagi le esperan encuentros con nuevos delanteros y otro partido con reglas de lo m\u00e1s sorprendentes!!","robots":{"index":"index","follow":"follow","max-snippet":"max-snippet:-1","max-image-preview":"max-image-preview:large","max-video-preview":"max-video-preview:-1"},"canonical":"https:\/\/www.colossalstore.es\/en\/tienda\/manga\/blue-lock-6-yusuke-nomura\/","og_locale":"en_US","og_type":"article","og_title":"Blue Lock 6 - Yusuke Nomura | Colossal Store","og_description":"Blue Lock 6 - Yusuke Nomura: \u00a1Isagi y el resto de jugadores del Equipo Z han superado la primera selecci\u00f3n y, uno a uno, deber\u00e1n cruzar la puerta que los llevar\u00e1 a la segunda fase en la que tendr\u00e1n que luchar solos! Tras ella, les espera el sistema de portero de \u00faltima generaci\u00f3n, el BLUE LOCK MAN. \u00bf\u00a1En que consistir\u00e1 este entrenamiento!? \u00a1Cada vez se desvelar\u00e1n m\u00e1s secretos sobre esta segunda fase de selecci\u00f3n! \u00a1\u00a1A Isagi le esperan encuentros con nuevos delanteros y otro partido con reglas de lo m\u00e1s sorprendentes!!","og_url":"https:\/\/www.colossalstore.es\/en\/tienda\/manga\/blue-lock-6-yusuke-nomura\/","og_site_name":"Colossal Store","article_modified_time":"2025-06-20T09:15:47+00:00","og_image":[{"width":800,"height":800,"url":"https:\/\/www.colossalstore.es\/wp-content\/uploads\/2023\/06\/blue-lock-6.jpg","type":"image\/jpeg"}],"twitter_card":"summary_large_image","twitter_site":"@Colossal_Store","twitter_misc":{"Est. reading time":"1 minute"},"schema":{"@context":"https:\/\/schema.org","@graph":[{"@type":"WebPage","@id":"https:\/\/www.colossalstore.es\/tienda\/manga\/blue-lock-6-yusuke-nomura\/","url":"https:\/\/www.colossalstore.es\/tienda\/manga\/blue-lock-6-yusuke-nomura\/","name":"Blue Lock 6 - Yusuke Nomura | Colossal Store","isPartOf":{"@id":"https:\/\/www.colossalstore.es\/#website"},"primaryImageOfPage":{"@id":"https:\/\/www.colossalstore.es\/tienda\/manga\/blue-lock-6-yusuke-nomura\/#primaryimage"},"image":{"@id":"https:\/\/www.colossalstore.es\/tienda\/manga\/blue-lock-6-yusuke-nomura\/#primaryimage"},"thumbnailUrl":"https:\/\/www.colossalstore.es\/wp-content\/uploads\/2023\/06\/blue-lock-6.jpg","datePublished":"2023-06-17T08:08:49+00:00","dateModified":"2025-06-20T09:15:47+00:00","description":"Blue Lock 6 - Yusuke Nomura: \u00a1Isagi y el resto de jugadores del Equipo Z han superado la primera selecci\u00f3n y, uno a uno, deber\u00e1n cruzar la puerta que los llevar\u00e1 a la segunda fase en la que tendr\u00e1n que luchar solos! Tras ella, les espera el sistema de portero de \u00faltima generaci\u00f3n, el BLUE LOCK MAN. \u00bf\u00a1En que consistir\u00e1 este entrenamiento!? \u00a1Cada vez se desvelar\u00e1n m\u00e1s secretos sobre esta segunda fase de selecci\u00f3n! \u00a1\u00a1A Isagi le esperan encuentros con nuevos delanteros y otro partido con reglas de lo m\u00e1s sorprendentes!!","breadcrumb":{"@id":"https:\/\/www.colossalstore.es\/tienda\/manga\/blue-lock-6-yusuke-nomura\/#breadcrumb"},"inLanguage":"en-US","potentialAction":[{"@type":"ReadAction","target":["https:\/\/www.colossalstore.es\/tienda\/manga\/blue-lock-6-yusuke-nomura\/"]}]},{"@type":"ImageObject","inLanguage":"en-US","@id":"https:\/\/www.colossalstore.es\/tienda\/manga\/blue-lock-6-yusuke-nomura\/#primaryimage","url":"https:\/\/www.colossalstore.es\/wp-content\/uploads\/2023\/06\/blue-lock-6.jpg","contentUrl":"https:\/\/www.colossalstore.es\/wp-content\/uploads\/2023\/06\/blue-lock-6.jpg","width":800,"height":800},{"@type":"BreadcrumbList","@id":"https:\/\/www.colossalstore.es\/tienda\/manga\/blue-lock-6-yusuke-nomura\/#breadcrumb","itemListElement":[{"@type":"ListItem","position":1,"name":"Home","item":"https:\/\/www.colossalstore.es\/"},{"@type":"ListItem","position":2,"name":"Tienda","item":"https:\/\/www.colossalstore.es\/tienda\/"},{"@type":"ListItem","position":3,"name":"Blue Lock 6 &#8211; Yusuke Nomura"}]},{"@type":"WebSite","@id":"https:\/\/www.colossalstore.es\/#website","url":"https:\/\/www.colossalstore.es\/","name":"Colossal Store","description":"Colossal Store, store specialized in TCGs.","publisher":{"@id":"https:\/\/www.colossalstore.es\/#organization"},"alternateName":"Colossal Store","potentialAction":[{"@type":"SearchAction","target":{"@type":"EntryPoint","urlTemplate":"https:\/\/www.colossalstore.es\/?s={search_term_string}"},"query-input":{"@type":"PropertyValueSpecification","valueRequired":true,"valueName":"search_term_string"}}],"inLanguage":"en-US"},{"@type":"Organization","@id":"https:\/\/www.colossalstore.es\/#organization","name":"Colossal Store","url":"https:\/\/www.colossalstore.es\/","logo":{"@type":"ImageObject","inLanguage":"en-US","@id":"https:\/\/www.colossalstore.es\/#\/schema\/logo\/image\/","url":"https:\/\/www.colossalstore.es\/wp-content\/uploads\/2023\/05\/Colossal_Logo-02.png","contentUrl":"https:\/\/www.colossalstore.es\/wp-content\/uploads\/2023\/05\/Colossal_Logo-02.png","width":1181,"height":1181,"caption":"Colossal Store"},"image":{"@id":"https:\/\/www.colossalstore.es\/#\/schema\/logo\/image\/"},"sameAs":["https:\/\/x.com\/Colossal_Store","https:\/\/www.instagram.com\/colossal_store_tcg\/","https:\/\/www.tiktok.com\/@colossalstore"]}]}},"_links":{"self":[{"href":"https:\/\/www.colossalstore.es\/en\/wp-json\/wp\/v2\/product\/5276","targetHints":{"allow":["GET"]}}],"collection":[{"href":"https:\/\/www.colossalstore.es\/en\/wp-json\/wp\/v2\/product"}],"about":[{"href":"https:\/\/www.colossalstore.es\/en\/wp-json\/wp\/v2\/types\/product"}],"replies":[{"embeddable":true,"href":"https:\/\/www.colossalstore.es\/en\/wp-json\/wp\/v2\/comments?post=5276"}],"wp:featuredmedia":[{"embeddable":true,"href":"https:\/\/www.colossalstore.es\/en\/wp-json\/wp\/v2\/media\/5277"}],"wp:attachment":[{"href":"https:\/\/www.colossalstore.es\/en\/wp-json\/wp\/v2\/media?parent=5276"}],"wp:term":[{"taxonomy":"product_brand","embeddable":true,"href":"https:\/\/www.colossalstore.es\/en\/wp-json\/wp\/v2\/product_brand?post=5276"},{"taxonomy":"product_cat","embeddable":true,"href":"https:\/\/www.colossalstore.es\/en\/wp-json\/wp\/v2\/product_cat?post=5276"},{"taxonomy":"product_tag","embeddable":true,"href":"https:\/\/www.colossalstore.es\/en\/wp-json\/wp\/v2\/product_tag?post=5276"}],"curies":[{"name":"wp","href":"https:\/\/api.w.org\/{rel}","templated":true}]}}