{"id":5268,"date":"2023-06-17T10:01:55","date_gmt":"2023-06-17T08:01:55","guid":{"rendered":"https:\/\/www.colossalstore.es\/?post_type=product&#038;p=5268"},"modified":"2025-06-20T11:15:47","modified_gmt":"2025-06-20T09:15:47","slug":"blue-lock-2-yusuke-nomura-copia","status":"publish","type":"product","link":"https:\/\/www.colossalstore.es\/en\/tienda\/manga\/blue-lock-2-yusuke-nomura-copia\/","title":{"rendered":"Blue Lock 2 \u2013 Yusuke Nomura"},"content":{"rendered":"<p>Blue Lock 2 \u2013 Yusuke Nomura<\/p>\n<div class=\"text-container\" data-v-809af916=\"\">\n<div class=\"formated-text\" data-v-809af916=\"\" data-v-7fdc4342=\"\">\n<p>Jinpachi Ego immediately tests the participants with a first selection of BLUE LOCK, the 5 teams from each building will face each other in a round-robin tournament. Once the 10 matches have finished, the 2 teams with the most points will continue their training here, while the other 3 will be eliminated. That means they will also be expelled from BLUE LOCK.<\/p>\n<\/div>\n<\/div>","protected":false},"excerpt":{"rendered":"<p>Blue Lock 2 &#8211; Yusuke Nomura Jinpachi Ego pone a prueba de inmediato a los participantes con una primera selecci\u00f3n de BLUE LOCK, los 5 equipos de cada edificio se enfrentar\u00e1n en un torneo de todos contra todos. Una vez hayan terminado los 10 partidos, los 2 equipos con m\u00e1s puntos continuar\u00e1n su formaci\u00f3n aqu\u00ed, [&hellip;]<\/p>","protected":false},"featured_media":5269,"comment_status":"open","ping_status":"closed","template":"","meta":{"_joinchat":[]},"product_brand":[],"product_cat":[32],"product_tag":[],"class_list":{"0":"post-5268","1":"product","2":"type-product","3":"status-publish","4":"has-post-thumbnail","6":"product_cat-manga","8":"first","9":"outofstock","10":"sale","11":"taxable","12":"shipping-taxable","13":"purchasable","14":"product-type-simple"},"yoast_head":"<!-- This site is optimized with the Yoast SEO plugin v25.7 - https:\/\/yoast.com\/wordpress\/plugins\/seo\/ -->\n<title>Blue Lock 2 - Yusuke Nomura | Colossal Store<\/title>\n<meta name=\"description\" content=\"Blue Lock 2 - Yusuke Nomura: Jinpachi Ego pone a prueba de inmediato a los participantes con una primera selecci\u00f3n de BLUE LOCK, los 5 equipos de cada edificio se enfrentar\u00e1n en un torneo de todos contra todos. Una vez hayan terminado los 10 partidos, los 2 equipos con m\u00e1s puntos continuar\u00e1n su formaci\u00f3n aqu\u00ed, mientras que los otros 3 ser\u00e1n eliminados. Eso significa que tambien ser\u00e1n expulsados de BLUE LOCK.\" \/>\n<meta name=\"robots\" content=\"index, follow, max-snippet:-1, max-image-preview:large, max-video-preview:-1\" \/>\n<link rel=\"canonical\" href=\"https:\/\/www.colossalstore.es\/en\/tienda\/manga\/blue-lock-2-yusuke-nomura-copia\/\" \/>\n<meta property=\"og:locale\" content=\"en_US\" \/>\n<meta property=\"og:type\" content=\"article\" \/>\n<meta property=\"og:title\" content=\"Blue Lock 2 - Yusuke Nomura | Colossal Store\" \/>\n<meta property=\"og:description\" content=\"Blue Lock 2 - Yusuke Nomura: Jinpachi Ego pone a prueba de inmediato a los participantes con una primera selecci\u00f3n de BLUE LOCK, los 5 equipos de cada edificio se enfrentar\u00e1n en un torneo de todos contra todos. Una vez hayan terminado los 10 partidos, los 2 equipos con m\u00e1s puntos continuar\u00e1n su formaci\u00f3n aqu\u00ed, mientras que los otros 3 ser\u00e1n eliminados. Eso significa que tambien ser\u00e1n expulsados de BLUE LOCK.\" \/>\n<meta property=\"og:url\" content=\"https:\/\/www.colossalstore.es\/en\/tienda\/manga\/blue-lock-2-yusuke-nomura-copia\/\" \/>\n<meta property=\"og:site_name\" content=\"Colossal Store\" \/>\n<meta property=\"article:modified_time\" content=\"2025-06-20T09:15:47+00:00\" \/>\n<meta property=\"og:image\" content=\"https:\/\/www.colossalstore.es\/wp-content\/uploads\/2023\/06\/c6750dbb5f8243a6a57dad87921b0e75.jpg\" \/>\n\t<meta property=\"og:image:width\" content=\"635\" \/>\n\t<meta property=\"og:image:height\" content=\"1000\" \/>\n\t<meta property=\"og:image:type\" content=\"image\/jpeg\" \/>\n<meta name=\"twitter:card\" content=\"summary_large_image\" \/>\n<meta name=\"twitter:site\" content=\"@Colossal_Store\" \/>\n<meta name=\"twitter:label1\" content=\"Est. reading time\" \/>\n\t<meta name=\"twitter:data1\" content=\"1 minute\" \/>\n<script type=\"application\/ld+json\" class=\"yoast-schema-graph\">{\"@context\":\"https:\/\/schema.org\",\"@graph\":[{\"@type\":\"WebPage\",\"@id\":\"https:\/\/www.colossalstore.es\/tienda\/manga\/blue-lock-2-yusuke-nomura-copia\/\",\"url\":\"https:\/\/www.colossalstore.es\/tienda\/manga\/blue-lock-2-yusuke-nomura-copia\/\",\"name\":\"Blue Lock 2 - Yusuke Nomura | Colossal Store\",\"isPartOf\":{\"@id\":\"https:\/\/www.colossalstore.es\/#website\"},\"primaryImageOfPage\":{\"@id\":\"https:\/\/www.colossalstore.es\/tienda\/manga\/blue-lock-2-yusuke-nomura-copia\/#primaryimage\"},\"image\":{\"@id\":\"https:\/\/www.colossalstore.es\/tienda\/manga\/blue-lock-2-yusuke-nomura-copia\/#primaryimage\"},\"thumbnailUrl\":\"https:\/\/www.colossalstore.es\/wp-content\/uploads\/2023\/06\/c6750dbb5f8243a6a57dad87921b0e75.jpg\",\"datePublished\":\"2023-06-17T08:01:55+00:00\",\"dateModified\":\"2025-06-20T09:15:47+00:00\",\"description\":\"Blue Lock 2 - Yusuke Nomura: Jinpachi Ego pone a prueba de inmediato a los participantes con una primera selecci\u00f3n de BLUE LOCK, los 5 equipos de cada edificio se enfrentar\u00e1n en un torneo de todos contra todos. Una vez hayan terminado los 10 partidos, los 2 equipos con m\u00e1s puntos continuar\u00e1n su formaci\u00f3n aqu\u00ed, mientras que los otros 3 ser\u00e1n eliminados. Eso significa que tambien ser\u00e1n expulsados de BLUE LOCK.\",\"breadcrumb\":{\"@id\":\"https:\/\/www.colossalstore.es\/tienda\/manga\/blue-lock-2-yusuke-nomura-copia\/#breadcrumb\"},\"inLanguage\":\"en-US\",\"potentialAction\":[{\"@type\":\"ReadAction\",\"target\":[\"https:\/\/www.colossalstore.es\/tienda\/manga\/blue-lock-2-yusuke-nomura-copia\/\"]}]},{\"@type\":\"ImageObject\",\"inLanguage\":\"en-US\",\"@id\":\"https:\/\/www.colossalstore.es\/tienda\/manga\/blue-lock-2-yusuke-nomura-copia\/#primaryimage\",\"url\":\"https:\/\/www.colossalstore.es\/wp-content\/uploads\/2023\/06\/c6750dbb5f8243a6a57dad87921b0e75.jpg\",\"contentUrl\":\"https:\/\/www.colossalstore.es\/wp-content\/uploads\/2023\/06\/c6750dbb5f8243a6a57dad87921b0e75.jpg\",\"width\":635,\"height\":1000},{\"@type\":\"BreadcrumbList\",\"@id\":\"https:\/\/www.colossalstore.es\/tienda\/manga\/blue-lock-2-yusuke-nomura-copia\/#breadcrumb\",\"itemListElement\":[{\"@type\":\"ListItem\",\"position\":1,\"name\":\"Home\",\"item\":\"https:\/\/www.colossalstore.es\/\"},{\"@type\":\"ListItem\",\"position\":2,\"name\":\"Tienda\",\"item\":\"https:\/\/www.colossalstore.es\/tienda\/\"},{\"@type\":\"ListItem\",\"position\":3,\"name\":\"Blue Lock 2 &#8211; Yusuke Nomura\"}]},{\"@type\":\"WebSite\",\"@id\":\"https:\/\/www.colossalstore.es\/#website\",\"url\":\"https:\/\/www.colossalstore.es\/\",\"name\":\"Colossal Store\",\"description\":\"Colossal Store, tienda especializada en TCGs.\",\"publisher\":{\"@id\":\"https:\/\/www.colossalstore.es\/#organization\"},\"alternateName\":\"Colossal Store\",\"potentialAction\":[{\"@type\":\"SearchAction\",\"target\":{\"@type\":\"EntryPoint\",\"urlTemplate\":\"https:\/\/www.colossalstore.es\/?s={search_term_string}\"},\"query-input\":{\"@type\":\"PropertyValueSpecification\",\"valueRequired\":true,\"valueName\":\"search_term_string\"}}],\"inLanguage\":\"en-US\"},{\"@type\":\"Organization\",\"@id\":\"https:\/\/www.colossalstore.es\/#organization\",\"name\":\"Colossal Store\",\"url\":\"https:\/\/www.colossalstore.es\/\",\"logo\":{\"@type\":\"ImageObject\",\"inLanguage\":\"en-US\",\"@id\":\"https:\/\/www.colossalstore.es\/#\/schema\/logo\/image\/\",\"url\":\"https:\/\/www.colossalstore.es\/wp-content\/uploads\/2023\/05\/Colossal_Logo-02.png\",\"contentUrl\":\"https:\/\/www.colossalstore.es\/wp-content\/uploads\/2023\/05\/Colossal_Logo-02.png\",\"width\":1181,\"height\":1181,\"caption\":\"Colossal Store\"},\"image\":{\"@id\":\"https:\/\/www.colossalstore.es\/#\/schema\/logo\/image\/\"},\"sameAs\":[\"https:\/\/x.com\/Colossal_Store\",\"https:\/\/www.instagram.com\/colossal_store_tcg\/\",\"https:\/\/www.tiktok.com\/@colossalstore\"]}]}<\/script>\n<!-- \/ Yoast SEO plugin. -->","yoast_head_json":{"title":"Blue Lock 2 - Yusuke Nomura | Colossal Store","description":"Blue Lock 2 - Yusuke Nomura: Jinpachi Ego pone a prueba de inmediato a los participantes con una primera selecci\u00f3n de BLUE LOCK, los 5 equipos de cada edificio se enfrentar\u00e1n en un torneo de todos contra todos. Una vez hayan terminado los 10 partidos, los 2 equipos con m\u00e1s puntos continuar\u00e1n su formaci\u00f3n aqu\u00ed, mientras que los otros 3 ser\u00e1n eliminados. Eso significa que tambien ser\u00e1n expulsados de BLUE LOCK.","robots":{"index":"index","follow":"follow","max-snippet":"max-snippet:-1","max-image-preview":"max-image-preview:large","max-video-preview":"max-video-preview:-1"},"canonical":"https:\/\/www.colossalstore.es\/en\/tienda\/manga\/blue-lock-2-yusuke-nomura-copia\/","og_locale":"en_US","og_type":"article","og_title":"Blue Lock 2 - Yusuke Nomura | Colossal Store","og_description":"Blue Lock 2 - Yusuke Nomura: Jinpachi Ego pone a prueba de inmediato a los participantes con una primera selecci\u00f3n de BLUE LOCK, los 5 equipos de cada edificio se enfrentar\u00e1n en un torneo de todos contra todos. Una vez hayan terminado los 10 partidos, los 2 equipos con m\u00e1s puntos continuar\u00e1n su formaci\u00f3n aqu\u00ed, mientras que los otros 3 ser\u00e1n eliminados. Eso significa que tambien ser\u00e1n expulsados de BLUE LOCK.","og_url":"https:\/\/www.colossalstore.es\/en\/tienda\/manga\/blue-lock-2-yusuke-nomura-copia\/","og_site_name":"Colossal Store","article_modified_time":"2025-06-20T09:15:47+00:00","og_image":[{"width":635,"height":1000,"url":"https:\/\/www.colossalstore.es\/wp-content\/uploads\/2023\/06\/c6750dbb5f8243a6a57dad87921b0e75.jpg","type":"image\/jpeg"}],"twitter_card":"summary_large_image","twitter_site":"@Colossal_Store","twitter_misc":{"Est. reading time":"1 minute"},"schema":{"@context":"https:\/\/schema.org","@graph":[{"@type":"WebPage","@id":"https:\/\/www.colossalstore.es\/tienda\/manga\/blue-lock-2-yusuke-nomura-copia\/","url":"https:\/\/www.colossalstore.es\/tienda\/manga\/blue-lock-2-yusuke-nomura-copia\/","name":"Blue Lock 2 - Yusuke Nomura | Colossal Store","isPartOf":{"@id":"https:\/\/www.colossalstore.es\/#website"},"primaryImageOfPage":{"@id":"https:\/\/www.colossalstore.es\/tienda\/manga\/blue-lock-2-yusuke-nomura-copia\/#primaryimage"},"image":{"@id":"https:\/\/www.colossalstore.es\/tienda\/manga\/blue-lock-2-yusuke-nomura-copia\/#primaryimage"},"thumbnailUrl":"https:\/\/www.colossalstore.es\/wp-content\/uploads\/2023\/06\/c6750dbb5f8243a6a57dad87921b0e75.jpg","datePublished":"2023-06-17T08:01:55+00:00","dateModified":"2025-06-20T09:15:47+00:00","description":"Blue Lock 2 - Yusuke Nomura: Jinpachi Ego pone a prueba de inmediato a los participantes con una primera selecci\u00f3n de BLUE LOCK, los 5 equipos de cada edificio se enfrentar\u00e1n en un torneo de todos contra todos. Una vez hayan terminado los 10 partidos, los 2 equipos con m\u00e1s puntos continuar\u00e1n su formaci\u00f3n aqu\u00ed, mientras que los otros 3 ser\u00e1n eliminados. Eso significa que tambien ser\u00e1n expulsados de BLUE LOCK.","breadcrumb":{"@id":"https:\/\/www.colossalstore.es\/tienda\/manga\/blue-lock-2-yusuke-nomura-copia\/#breadcrumb"},"inLanguage":"en-US","potentialAction":[{"@type":"ReadAction","target":["https:\/\/www.colossalstore.es\/tienda\/manga\/blue-lock-2-yusuke-nomura-copia\/"]}]},{"@type":"ImageObject","inLanguage":"en-US","@id":"https:\/\/www.colossalstore.es\/tienda\/manga\/blue-lock-2-yusuke-nomura-copia\/#primaryimage","url":"https:\/\/www.colossalstore.es\/wp-content\/uploads\/2023\/06\/c6750dbb5f8243a6a57dad87921b0e75.jpg","contentUrl":"https:\/\/www.colossalstore.es\/wp-content\/uploads\/2023\/06\/c6750dbb5f8243a6a57dad87921b0e75.jpg","width":635,"height":1000},{"@type":"BreadcrumbList","@id":"https:\/\/www.colossalstore.es\/tienda\/manga\/blue-lock-2-yusuke-nomura-copia\/#breadcrumb","itemListElement":[{"@type":"ListItem","position":1,"name":"Home","item":"https:\/\/www.colossalstore.es\/"},{"@type":"ListItem","position":2,"name":"Tienda","item":"https:\/\/www.colossalstore.es\/tienda\/"},{"@type":"ListItem","position":3,"name":"Blue Lock 2 &#8211; Yusuke Nomura"}]},{"@type":"WebSite","@id":"https:\/\/www.colossalstore.es\/#website","url":"https:\/\/www.colossalstore.es\/","name":"Colossal Store","description":"Colossal Store, store specialized in TCGs.","publisher":{"@id":"https:\/\/www.colossalstore.es\/#organization"},"alternateName":"Colossal Store","potentialAction":[{"@type":"SearchAction","target":{"@type":"EntryPoint","urlTemplate":"https:\/\/www.colossalstore.es\/?s={search_term_string}"},"query-input":{"@type":"PropertyValueSpecification","valueRequired":true,"valueName":"search_term_string"}}],"inLanguage":"en-US"},{"@type":"Organization","@id":"https:\/\/www.colossalstore.es\/#organization","name":"Colossal Store","url":"https:\/\/www.colossalstore.es\/","logo":{"@type":"ImageObject","inLanguage":"en-US","@id":"https:\/\/www.colossalstore.es\/#\/schema\/logo\/image\/","url":"https:\/\/www.colossalstore.es\/wp-content\/uploads\/2023\/05\/Colossal_Logo-02.png","contentUrl":"https:\/\/www.colossalstore.es\/wp-content\/uploads\/2023\/05\/Colossal_Logo-02.png","width":1181,"height":1181,"caption":"Colossal Store"},"image":{"@id":"https:\/\/www.colossalstore.es\/#\/schema\/logo\/image\/"},"sameAs":["https:\/\/x.com\/Colossal_Store","https:\/\/www.instagram.com\/colossal_store_tcg\/","https:\/\/www.tiktok.com\/@colossalstore"]}]}},"_links":{"self":[{"href":"https:\/\/www.colossalstore.es\/en\/wp-json\/wp\/v2\/product\/5268","targetHints":{"allow":["GET"]}}],"collection":[{"href":"https:\/\/www.colossalstore.es\/en\/wp-json\/wp\/v2\/product"}],"about":[{"href":"https:\/\/www.colossalstore.es\/en\/wp-json\/wp\/v2\/types\/product"}],"replies":[{"embeddable":true,"href":"https:\/\/www.colossalstore.es\/en\/wp-json\/wp\/v2\/comments?post=5268"}],"wp:featuredmedia":[{"embeddable":true,"href":"https:\/\/www.colossalstore.es\/en\/wp-json\/wp\/v2\/media\/5269"}],"wp:attachment":[{"href":"https:\/\/www.colossalstore.es\/en\/wp-json\/wp\/v2\/media?parent=5268"}],"wp:term":[{"taxonomy":"product_brand","embeddable":true,"href":"https:\/\/www.colossalstore.es\/en\/wp-json\/wp\/v2\/product_brand?post=5268"},{"taxonomy":"product_cat","embeddable":true,"href":"https:\/\/www.colossalstore.es\/en\/wp-json\/wp\/v2\/product_cat?post=5268"},{"taxonomy":"product_tag","embeddable":true,"href":"https:\/\/www.colossalstore.es\/en\/wp-json\/wp\/v2\/product_tag?post=5268"}],"curies":[{"name":"wp","href":"https:\/\/api.w.org\/{rel}","templated":true}]}}