{"id":5182,"date":"2023-06-02T13:42:34","date_gmt":"2023-06-02T11:42:34","guid":{"rendered":"https:\/\/www.colossalstore.es\/?post_type=product&#038;p=5182"},"modified":"2025-06-20T11:15:48","modified_gmt":"2025-06-20T09:15:48","slug":"up-play-mat-and-artwork-tube","status":"publish","type":"product","link":"https:\/\/www.colossalstore.es\/en\/tienda\/tcg\/accesorios\/up-play-mat-and-artwork-tube\/","title":{"rendered":"UltraPro Playmat Tube"},"content":{"rendered":"<p>UltraPro Playmat Tube<\/p>\n<p>With the Ultra Pro PlayMat Tube you will always carry your mat collected and protected while transporting or storing it until the next game. It can also be used to carry art prints, maps or documents.<\/p>","protected":false},"excerpt":{"rendered":"<p>UltraPro Playmat Tube Con el PlayMat Tube de Ultra Pro llevar\u00e1s siempre tu tapete recogido y protegido mientras lo transportas o guardas hasta una pr\u00f3xima partida. Tambi\u00e9n puede usarse para llevar l\u00e1minas de arte, mapas o documentos.<\/p>","protected":false},"featured_media":5183,"comment_status":"open","ping_status":"closed","template":"","meta":{"_joinchat":[]},"product_brand":[],"product_cat":[35,34],"product_tag":[],"class_list":{"0":"post-5182","1":"product","2":"type-product","3":"status-publish","4":"has-post-thumbnail","6":"product_cat-accesorios","7":"product_cat-tcg","9":"first","10":"outofstock","11":"taxable","12":"shipping-taxable","13":"purchasable","14":"product-type-simple"},"yoast_head":"<!-- This site is optimized with the Yoast SEO plugin v25.7 - https:\/\/yoast.com\/wordpress\/plugins\/seo\/ -->\n<title>UltraPro Playmat Tube | Colossal Store<\/title>\n<meta name=\"description\" content=\"UltraPro Playmat Tube: Con el PlayMat Tube de Ultra Pro llevar\u00e1s siempre tu tapete recogido y protegido mientras lo transportas o guardas hasta una pr\u00f3xima partida. Tambi\u00e9n puede usarse para llevar l\u00e1minas de arte, mapas o documentos.\" \/>\n<meta name=\"robots\" content=\"index, follow, max-snippet:-1, max-image-preview:large, max-video-preview:-1\" \/>\n<link rel=\"canonical\" href=\"https:\/\/www.colossalstore.es\/en\/tienda\/tcg\/accesorios\/up-play-mat-and-artwork-tube\/\" \/>\n<meta property=\"og:locale\" content=\"en_US\" \/>\n<meta property=\"og:type\" content=\"article\" \/>\n<meta property=\"og:title\" content=\"UltraPro Playmat Tube | Colossal Store\" \/>\n<meta property=\"og:description\" content=\"UltraPro Playmat Tube: Con el PlayMat Tube de Ultra Pro llevar\u00e1s siempre tu tapete recogido y protegido mientras lo transportas o guardas hasta una pr\u00f3xima partida. Tambi\u00e9n puede usarse para llevar l\u00e1minas de arte, mapas o documentos.\" \/>\n<meta property=\"og:url\" content=\"https:\/\/www.colossalstore.es\/en\/tienda\/tcg\/accesorios\/up-play-mat-and-artwork-tube\/\" \/>\n<meta property=\"og:site_name\" content=\"Colossal Store\" \/>\n<meta property=\"article:modified_time\" content=\"2025-06-20T09:15:48+00:00\" \/>\n<meta property=\"og:image\" content=\"https:\/\/www.colossalstore.es\/wp-content\/uploads\/2023\/06\/tubo-porta-tapetes-playmat-artwork-ultra-pro.webp\" \/>\n\t<meta property=\"og:image:width\" content=\"800\" \/>\n\t<meta property=\"og:image:height\" content=\"1025\" \/>\n\t<meta property=\"og:image:type\" content=\"image\/webp\" \/>\n<meta name=\"twitter:card\" content=\"summary_large_image\" \/>\n<meta name=\"twitter:site\" content=\"@Colossal_Store\" \/>\n<meta name=\"twitter:label1\" content=\"Est. reading time\" \/>\n\t<meta name=\"twitter:data1\" content=\"1 minute\" \/>\n<script type=\"application\/ld+json\" class=\"yoast-schema-graph\">{\"@context\":\"https:\/\/schema.org\",\"@graph\":[{\"@type\":\"WebPage\",\"@id\":\"https:\/\/www.colossalstore.es\/tienda\/tcg\/accesorios\/up-play-mat-and-artwork-tube\/\",\"url\":\"https:\/\/www.colossalstore.es\/tienda\/tcg\/accesorios\/up-play-mat-and-artwork-tube\/\",\"name\":\"UltraPro Playmat Tube | Colossal Store\",\"isPartOf\":{\"@id\":\"https:\/\/www.colossalstore.es\/#website\"},\"primaryImageOfPage\":{\"@id\":\"https:\/\/www.colossalstore.es\/tienda\/tcg\/accesorios\/up-play-mat-and-artwork-tube\/#primaryimage\"},\"image\":{\"@id\":\"https:\/\/www.colossalstore.es\/tienda\/tcg\/accesorios\/up-play-mat-and-artwork-tube\/#primaryimage\"},\"thumbnailUrl\":\"https:\/\/www.colossalstore.es\/wp-content\/uploads\/2023\/06\/tubo-porta-tapetes-playmat-artwork-ultra-pro.webp\",\"datePublished\":\"2023-06-02T11:42:34+00:00\",\"dateModified\":\"2025-06-20T09:15:48+00:00\",\"description\":\"UltraPro Playmat Tube: Con el PlayMat Tube de Ultra Pro llevar\u00e1s siempre tu tapete recogido y protegido mientras lo transportas o guardas hasta una pr\u00f3xima partida. Tambi\u00e9n puede usarse para llevar l\u00e1minas de arte, mapas o documentos.\",\"breadcrumb\":{\"@id\":\"https:\/\/www.colossalstore.es\/tienda\/tcg\/accesorios\/up-play-mat-and-artwork-tube\/#breadcrumb\"},\"inLanguage\":\"en-US\",\"potentialAction\":[{\"@type\":\"ReadAction\",\"target\":[\"https:\/\/www.colossalstore.es\/tienda\/tcg\/accesorios\/up-play-mat-and-artwork-tube\/\"]}]},{\"@type\":\"ImageObject\",\"inLanguage\":\"en-US\",\"@id\":\"https:\/\/www.colossalstore.es\/tienda\/tcg\/accesorios\/up-play-mat-and-artwork-tube\/#primaryimage\",\"url\":\"https:\/\/www.colossalstore.es\/wp-content\/uploads\/2023\/06\/tubo-porta-tapetes-playmat-artwork-ultra-pro.webp\",\"contentUrl\":\"https:\/\/www.colossalstore.es\/wp-content\/uploads\/2023\/06\/tubo-porta-tapetes-playmat-artwork-ultra-pro.webp\",\"width\":800,\"height\":1025},{\"@type\":\"BreadcrumbList\",\"@id\":\"https:\/\/www.colossalstore.es\/tienda\/tcg\/accesorios\/up-play-mat-and-artwork-tube\/#breadcrumb\",\"itemListElement\":[{\"@type\":\"ListItem\",\"position\":1,\"name\":\"Home\",\"item\":\"https:\/\/www.colossalstore.es\/\"},{\"@type\":\"ListItem\",\"position\":2,\"name\":\"Tienda\",\"item\":\"https:\/\/www.colossalstore.es\/tienda\/\"},{\"@type\":\"ListItem\",\"position\":3,\"name\":\"UltraPro Playmat Tube\"}]},{\"@type\":\"WebSite\",\"@id\":\"https:\/\/www.colossalstore.es\/#website\",\"url\":\"https:\/\/www.colossalstore.es\/\",\"name\":\"Colossal Store\",\"description\":\"Colossal Store, tienda especializada en TCGs.\",\"publisher\":{\"@id\":\"https:\/\/www.colossalstore.es\/#organization\"},\"alternateName\":\"Colossal Store\",\"potentialAction\":[{\"@type\":\"SearchAction\",\"target\":{\"@type\":\"EntryPoint\",\"urlTemplate\":\"https:\/\/www.colossalstore.es\/?s={search_term_string}\"},\"query-input\":{\"@type\":\"PropertyValueSpecification\",\"valueRequired\":true,\"valueName\":\"search_term_string\"}}],\"inLanguage\":\"en-US\"},{\"@type\":\"Organization\",\"@id\":\"https:\/\/www.colossalstore.es\/#organization\",\"name\":\"Colossal Store\",\"url\":\"https:\/\/www.colossalstore.es\/\",\"logo\":{\"@type\":\"ImageObject\",\"inLanguage\":\"en-US\",\"@id\":\"https:\/\/www.colossalstore.es\/#\/schema\/logo\/image\/\",\"url\":\"https:\/\/www.colossalstore.es\/wp-content\/uploads\/2023\/05\/Colossal_Logo-02.png\",\"contentUrl\":\"https:\/\/www.colossalstore.es\/wp-content\/uploads\/2023\/05\/Colossal_Logo-02.png\",\"width\":1181,\"height\":1181,\"caption\":\"Colossal Store\"},\"image\":{\"@id\":\"https:\/\/www.colossalstore.es\/#\/schema\/logo\/image\/\"},\"sameAs\":[\"https:\/\/x.com\/Colossal_Store\",\"https:\/\/www.instagram.com\/colossal_store_tcg\/\",\"https:\/\/www.tiktok.com\/@colossalstore\"]}]}<\/script>\n<!-- \/ Yoast SEO plugin. -->","yoast_head_json":{"title":"UltraPro Playmat Tube | Colossal Store","description":"UltraPro Playmat Tube: Con el PlayMat Tube de Ultra Pro llevar\u00e1s siempre tu tapete recogido y protegido mientras lo transportas o guardas hasta una pr\u00f3xima partida. Tambi\u00e9n puede usarse para llevar l\u00e1minas de arte, mapas o documentos.","robots":{"index":"index","follow":"follow","max-snippet":"max-snippet:-1","max-image-preview":"max-image-preview:large","max-video-preview":"max-video-preview:-1"},"canonical":"https:\/\/www.colossalstore.es\/en\/tienda\/tcg\/accesorios\/up-play-mat-and-artwork-tube\/","og_locale":"en_US","og_type":"article","og_title":"UltraPro Playmat Tube | Colossal Store","og_description":"UltraPro Playmat Tube: Con el PlayMat Tube de Ultra Pro llevar\u00e1s siempre tu tapete recogido y protegido mientras lo transportas o guardas hasta una pr\u00f3xima partida. Tambi\u00e9n puede usarse para llevar l\u00e1minas de arte, mapas o documentos.","og_url":"https:\/\/www.colossalstore.es\/en\/tienda\/tcg\/accesorios\/up-play-mat-and-artwork-tube\/","og_site_name":"Colossal Store","article_modified_time":"2025-06-20T09:15:48+00:00","og_image":[{"width":800,"height":1025,"url":"https:\/\/www.colossalstore.es\/wp-content\/uploads\/2023\/06\/tubo-porta-tapetes-playmat-artwork-ultra-pro.webp","type":"image\/webp"}],"twitter_card":"summary_large_image","twitter_site":"@Colossal_Store","twitter_misc":{"Est. reading time":"1 minute"},"schema":{"@context":"https:\/\/schema.org","@graph":[{"@type":"WebPage","@id":"https:\/\/www.colossalstore.es\/tienda\/tcg\/accesorios\/up-play-mat-and-artwork-tube\/","url":"https:\/\/www.colossalstore.es\/tienda\/tcg\/accesorios\/up-play-mat-and-artwork-tube\/","name":"UltraPro Playmat Tube | Colossal Store","isPartOf":{"@id":"https:\/\/www.colossalstore.es\/#website"},"primaryImageOfPage":{"@id":"https:\/\/www.colossalstore.es\/tienda\/tcg\/accesorios\/up-play-mat-and-artwork-tube\/#primaryimage"},"image":{"@id":"https:\/\/www.colossalstore.es\/tienda\/tcg\/accesorios\/up-play-mat-and-artwork-tube\/#primaryimage"},"thumbnailUrl":"https:\/\/www.colossalstore.es\/wp-content\/uploads\/2023\/06\/tubo-porta-tapetes-playmat-artwork-ultra-pro.webp","datePublished":"2023-06-02T11:42:34+00:00","dateModified":"2025-06-20T09:15:48+00:00","description":"UltraPro Playmat Tube: Con el PlayMat Tube de Ultra Pro llevar\u00e1s siempre tu tapete recogido y protegido mientras lo transportas o guardas hasta una pr\u00f3xima partida. Tambi\u00e9n puede usarse para llevar l\u00e1minas de arte, mapas o documentos.","breadcrumb":{"@id":"https:\/\/www.colossalstore.es\/tienda\/tcg\/accesorios\/up-play-mat-and-artwork-tube\/#breadcrumb"},"inLanguage":"en-US","potentialAction":[{"@type":"ReadAction","target":["https:\/\/www.colossalstore.es\/tienda\/tcg\/accesorios\/up-play-mat-and-artwork-tube\/"]}]},{"@type":"ImageObject","inLanguage":"en-US","@id":"https:\/\/www.colossalstore.es\/tienda\/tcg\/accesorios\/up-play-mat-and-artwork-tube\/#primaryimage","url":"https:\/\/www.colossalstore.es\/wp-content\/uploads\/2023\/06\/tubo-porta-tapetes-playmat-artwork-ultra-pro.webp","contentUrl":"https:\/\/www.colossalstore.es\/wp-content\/uploads\/2023\/06\/tubo-porta-tapetes-playmat-artwork-ultra-pro.webp","width":800,"height":1025},{"@type":"BreadcrumbList","@id":"https:\/\/www.colossalstore.es\/tienda\/tcg\/accesorios\/up-play-mat-and-artwork-tube\/#breadcrumb","itemListElement":[{"@type":"ListItem","position":1,"name":"Home","item":"https:\/\/www.colossalstore.es\/"},{"@type":"ListItem","position":2,"name":"Tienda","item":"https:\/\/www.colossalstore.es\/tienda\/"},{"@type":"ListItem","position":3,"name":"UltraPro Playmat Tube"}]},{"@type":"WebSite","@id":"https:\/\/www.colossalstore.es\/#website","url":"https:\/\/www.colossalstore.es\/","name":"Colossal Store","description":"Colossal Store, store specialized in TCGs.","publisher":{"@id":"https:\/\/www.colossalstore.es\/#organization"},"alternateName":"Colossal Store","potentialAction":[{"@type":"SearchAction","target":{"@type":"EntryPoint","urlTemplate":"https:\/\/www.colossalstore.es\/?s={search_term_string}"},"query-input":{"@type":"PropertyValueSpecification","valueRequired":true,"valueName":"search_term_string"}}],"inLanguage":"en-US"},{"@type":"Organization","@id":"https:\/\/www.colossalstore.es\/#organization","name":"Colossal Store","url":"https:\/\/www.colossalstore.es\/","logo":{"@type":"ImageObject","inLanguage":"en-US","@id":"https:\/\/www.colossalstore.es\/#\/schema\/logo\/image\/","url":"https:\/\/www.colossalstore.es\/wp-content\/uploads\/2023\/05\/Colossal_Logo-02.png","contentUrl":"https:\/\/www.colossalstore.es\/wp-content\/uploads\/2023\/05\/Colossal_Logo-02.png","width":1181,"height":1181,"caption":"Colossal Store"},"image":{"@id":"https:\/\/www.colossalstore.es\/#\/schema\/logo\/image\/"},"sameAs":["https:\/\/x.com\/Colossal_Store","https:\/\/www.instagram.com\/colossal_store_tcg\/","https:\/\/www.tiktok.com\/@colossalstore"]}]}},"_links":{"self":[{"href":"https:\/\/www.colossalstore.es\/en\/wp-json\/wp\/v2\/product\/5182","targetHints":{"allow":["GET"]}}],"collection":[{"href":"https:\/\/www.colossalstore.es\/en\/wp-json\/wp\/v2\/product"}],"about":[{"href":"https:\/\/www.colossalstore.es\/en\/wp-json\/wp\/v2\/types\/product"}],"replies":[{"embeddable":true,"href":"https:\/\/www.colossalstore.es\/en\/wp-json\/wp\/v2\/comments?post=5182"}],"wp:featuredmedia":[{"embeddable":true,"href":"https:\/\/www.colossalstore.es\/en\/wp-json\/wp\/v2\/media\/5183"}],"wp:attachment":[{"href":"https:\/\/www.colossalstore.es\/en\/wp-json\/wp\/v2\/media?parent=5182"}],"wp:term":[{"taxonomy":"product_brand","embeddable":true,"href":"https:\/\/www.colossalstore.es\/en\/wp-json\/wp\/v2\/product_brand?post=5182"},{"taxonomy":"product_cat","embeddable":true,"href":"https:\/\/www.colossalstore.es\/en\/wp-json\/wp\/v2\/product_cat?post=5182"},{"taxonomy":"product_tag","embeddable":true,"href":"https:\/\/www.colossalstore.es\/en\/wp-json\/wp\/v2\/product_tag?post=5182"}],"curies":[{"name":"wp","href":"https:\/\/api.w.org\/{rel}","templated":true}]}}