{"id":4970,"date":"2023-05-08T19:55:31","date_gmt":"2023-05-08T17:55:31","guid":{"rendered":"https:\/\/www.colossalstore.es\/?post_type=product&#038;p=4970"},"modified":"2025-06-20T11:15:49","modified_gmt":"2025-06-20T09:15:49","slug":"pokemon-tcg-morpeko-v-union-special-collection-en","status":"publish","type":"product","link":"https:\/\/www.colossalstore.es\/en\/tienda\/tcg\/pokemon\/pokemon-tcg-morpeko-v-union-special-collection-en\/","title":{"rendered":"Pok\u00e9mon TCG Morpeko V-Union Special Collection EN"},"content":{"rendered":"<p>Pok\u00e9mon TCG Morpeko V-Union Special Collection EN<\/p>\n<p>Unleash the power of Pok\u00e9mon V-UNION with the hungry Morpeko in the Pok\u00e9mon TCG: V-UNION Special Collection Morpeko. You&#039;ll be able to assemble the four included cards of Morpeko V-UNION thanks to the help of Professor Pimpernel, and then show off a whole repertoire of attacks while gobbling up Energy and other useful cards! Morpeko V-UNION only takes up one slot on your Bench, but has four versatile attacks. In addition to Morpeko V-UNION, this set also includes an oversized card for your collection, Pok\u00e9mon TCG booster packs, and more!<\/p>\n<p>The Pok\u00e9mon TCG: V-UNION Special Collection Morpeko contains:<\/p>\n<ul class=\"list\">\n<li>4 promo cards that make up a single Morpeko V-UNION<\/li>\n<li>1 oversized card of Morpeko V-UNION<\/li>\n<li>1 valuable Professor Pimpernel Supporter card<\/li>\n<li>4 Pok\u00e9mon TCG Booster Packs<\/li>\n<li>1 code card for use in the Pok\u00e9mon TCG Online or Pok\u00e9mon TCG Live<\/li>\n<\/ul>\n<p>The Pok\u00e9mon TCG: V-UNION Special Collection Morpeko is available at Pok\u00e9mon TCG: merchandise outlets.<\/p>","protected":false},"excerpt":{"rendered":"<p>Pok\u00e9mon TCG Morpeko V-Union Special Collection ES Desata el poder de los Pok\u00e9mon V-UNI\u00d3N con el hambriento Morpeko en la colecci\u00f3n especial Morpeko V-UNI\u00d3N de JCC Pok\u00e9mon. Podr\u00e1s ensamblar las cuatro cartas incluidas de Morpeko V-UNI\u00d3N gracias a la colaboraci\u00f3n de la Profesora Pimpinela y, despu\u00e9s, \u00a1ense\u00f1ar todo un repertorio de ataques mientras engulles Energ\u00eda [&hellip;]<\/p>","protected":false},"featured_media":4971,"comment_status":"open","ping_status":"closed","template":"","meta":{"_joinchat":[]},"product_brand":[],"product_cat":[49,34],"product_tag":[],"class_list":{"0":"post-4970","1":"product","2":"type-product","3":"status-publish","4":"has-post-thumbnail","6":"product_cat-pokemon","7":"product_cat-tcg","9":"first","10":"outofstock","11":"taxable","12":"shipping-taxable","13":"purchasable","14":"product-type-simple"},"yoast_head":"<!-- This site is optimized with the Yoast SEO plugin v25.7 - https:\/\/yoast.com\/wordpress\/plugins\/seo\/ -->\n<title>Pok\u00e9mon TCG Morpeko V-Union Special Collection EN | Colossal Store<\/title>\n<meta name=\"description\" content=\"Pok\u00e9mon TCG Morpeko V-Union Special Collection EN: La colecci\u00f3n especial Morpeko V-UNI\u00d3N de JCC Pok\u00e9mon contiene: 4 cartas de promoci\u00f3n que forman un \u00fanico Morpeko V-UNI\u00d3N, 1 carta de gran tama\u00f1o de Morpeko V-UNI\u00d3N, 1 valiosa carta de Partidario de la Profesora Pimpinela, 4 paquetes de mejora de JCC Pok\u00e9mon y 1 carta con c\u00f3digo para usar en JCC Pok\u00e9mon Online o en JCC Pok\u00e9mon Live\" \/>\n<meta name=\"robots\" content=\"index, follow, max-snippet:-1, max-image-preview:large, max-video-preview:-1\" \/>\n<link rel=\"canonical\" href=\"https:\/\/www.colossalstore.es\/en\/tienda\/tcg\/pokemon\/pokemon-tcg-morpeko-v-union-special-collection-en\/\" \/>\n<meta property=\"og:locale\" content=\"en_US\" \/>\n<meta property=\"og:type\" content=\"article\" \/>\n<meta property=\"og:title\" content=\"Pok\u00e9mon TCG Morpeko V-Union Special Collection EN | Colossal Store\" \/>\n<meta property=\"og:description\" content=\"Pok\u00e9mon TCG Morpeko V-Union Special Collection EN: La colecci\u00f3n especial Morpeko V-UNI\u00d3N de JCC Pok\u00e9mon contiene: 4 cartas de promoci\u00f3n que forman un \u00fanico Morpeko V-UNI\u00d3N, 1 carta de gran tama\u00f1o de Morpeko V-UNI\u00d3N, 1 valiosa carta de Partidario de la Profesora Pimpinela, 4 paquetes de mejora de JCC Pok\u00e9mon y 1 carta con c\u00f3digo para usar en JCC Pok\u00e9mon Online o en JCC Pok\u00e9mon Live\" \/>\n<meta property=\"og:url\" content=\"https:\/\/www.colossalstore.es\/en\/tienda\/tcg\/pokemon\/pokemon-tcg-morpeko-v-union-special-collection-en\/\" \/>\n<meta property=\"og:site_name\" content=\"Colossal Store\" \/>\n<meta property=\"article:modified_time\" content=\"2025-06-20T09:15:49+00:00\" \/>\n<meta property=\"og:image\" content=\"https:\/\/www.colossalstore.es\/wp-content\/uploads\/2023\/05\/51umiQtRWnL._AC_SY355_.jpg\" \/>\n\t<meta property=\"og:image:width\" content=\"472\" \/>\n\t<meta property=\"og:image:height\" content=\"355\" \/>\n\t<meta property=\"og:image:type\" content=\"image\/jpeg\" \/>\n<meta name=\"twitter:card\" content=\"summary_large_image\" \/>\n<meta name=\"twitter:site\" content=\"@Colossal_Store\" \/>\n<meta name=\"twitter:label1\" content=\"Est. reading time\" \/>\n\t<meta name=\"twitter:data1\" content=\"1 minute\" \/>\n<script type=\"application\/ld+json\" class=\"yoast-schema-graph\">{\"@context\":\"https:\/\/schema.org\",\"@graph\":[{\"@type\":\"WebPage\",\"@id\":\"https:\/\/www.colossalstore.es\/tienda\/tcg\/pokemon\/pokemon-tcg-morpeko-v-union-special-collection-en\/\",\"url\":\"https:\/\/www.colossalstore.es\/tienda\/tcg\/pokemon\/pokemon-tcg-morpeko-v-union-special-collection-en\/\",\"name\":\"Pok\u00e9mon TCG Morpeko V-Union Special Collection EN | Colossal Store\",\"isPartOf\":{\"@id\":\"https:\/\/www.colossalstore.es\/#website\"},\"primaryImageOfPage\":{\"@id\":\"https:\/\/www.colossalstore.es\/tienda\/tcg\/pokemon\/pokemon-tcg-morpeko-v-union-special-collection-en\/#primaryimage\"},\"image\":{\"@id\":\"https:\/\/www.colossalstore.es\/tienda\/tcg\/pokemon\/pokemon-tcg-morpeko-v-union-special-collection-en\/#primaryimage\"},\"thumbnailUrl\":\"https:\/\/www.colossalstore.es\/wp-content\/uploads\/2023\/05\/51umiQtRWnL._AC_SY355_.jpg\",\"datePublished\":\"2023-05-08T17:55:31+00:00\",\"dateModified\":\"2025-06-20T09:15:49+00:00\",\"description\":\"Pok\u00e9mon TCG Morpeko V-Union Special Collection EN: La colecci\u00f3n especial Morpeko V-UNI\u00d3N de JCC Pok\u00e9mon contiene: 4 cartas de promoci\u00f3n que forman un \u00fanico Morpeko V-UNI\u00d3N, 1 carta de gran tama\u00f1o de Morpeko V-UNI\u00d3N, 1 valiosa carta de Partidario de la Profesora Pimpinela, 4 paquetes de mejora de JCC Pok\u00e9mon y 1 carta con c\u00f3digo para usar en JCC Pok\u00e9mon Online o en JCC Pok\u00e9mon Live\",\"breadcrumb\":{\"@id\":\"https:\/\/www.colossalstore.es\/tienda\/tcg\/pokemon\/pokemon-tcg-morpeko-v-union-special-collection-en\/#breadcrumb\"},\"inLanguage\":\"en-US\",\"potentialAction\":[{\"@type\":\"ReadAction\",\"target\":[\"https:\/\/www.colossalstore.es\/tienda\/tcg\/pokemon\/pokemon-tcg-morpeko-v-union-special-collection-en\/\"]}]},{\"@type\":\"ImageObject\",\"inLanguage\":\"en-US\",\"@id\":\"https:\/\/www.colossalstore.es\/tienda\/tcg\/pokemon\/pokemon-tcg-morpeko-v-union-special-collection-en\/#primaryimage\",\"url\":\"https:\/\/www.colossalstore.es\/wp-content\/uploads\/2023\/05\/51umiQtRWnL._AC_SY355_.jpg\",\"contentUrl\":\"https:\/\/www.colossalstore.es\/wp-content\/uploads\/2023\/05\/51umiQtRWnL._AC_SY355_.jpg\",\"width\":472,\"height\":355},{\"@type\":\"BreadcrumbList\",\"@id\":\"https:\/\/www.colossalstore.es\/tienda\/tcg\/pokemon\/pokemon-tcg-morpeko-v-union-special-collection-en\/#breadcrumb\",\"itemListElement\":[{\"@type\":\"ListItem\",\"position\":1,\"name\":\"Home\",\"item\":\"https:\/\/www.colossalstore.es\/\"},{\"@type\":\"ListItem\",\"position\":2,\"name\":\"Tienda\",\"item\":\"https:\/\/www.colossalstore.es\/tienda\/\"},{\"@type\":\"ListItem\",\"position\":3,\"name\":\"Pok\u00e9mon TCG Morpeko V-Union Special Collection ES\"}]},{\"@type\":\"WebSite\",\"@id\":\"https:\/\/www.colossalstore.es\/#website\",\"url\":\"https:\/\/www.colossalstore.es\/\",\"name\":\"Colossal Store\",\"description\":\"Colossal Store, tienda especializada en TCGs.\",\"publisher\":{\"@id\":\"https:\/\/www.colossalstore.es\/#organization\"},\"alternateName\":\"Colossal Store\",\"potentialAction\":[{\"@type\":\"SearchAction\",\"target\":{\"@type\":\"EntryPoint\",\"urlTemplate\":\"https:\/\/www.colossalstore.es\/?s={search_term_string}\"},\"query-input\":{\"@type\":\"PropertyValueSpecification\",\"valueRequired\":true,\"valueName\":\"search_term_string\"}}],\"inLanguage\":\"en-US\"},{\"@type\":\"Organization\",\"@id\":\"https:\/\/www.colossalstore.es\/#organization\",\"name\":\"Colossal Store\",\"url\":\"https:\/\/www.colossalstore.es\/\",\"logo\":{\"@type\":\"ImageObject\",\"inLanguage\":\"en-US\",\"@id\":\"https:\/\/www.colossalstore.es\/#\/schema\/logo\/image\/\",\"url\":\"https:\/\/www.colossalstore.es\/wp-content\/uploads\/2023\/05\/Colossal_Logo-02.png\",\"contentUrl\":\"https:\/\/www.colossalstore.es\/wp-content\/uploads\/2023\/05\/Colossal_Logo-02.png\",\"width\":1181,\"height\":1181,\"caption\":\"Colossal Store\"},\"image\":{\"@id\":\"https:\/\/www.colossalstore.es\/#\/schema\/logo\/image\/\"},\"sameAs\":[\"https:\/\/x.com\/Colossal_Store\",\"https:\/\/www.instagram.com\/colossal_store_tcg\/\",\"https:\/\/www.tiktok.com\/@colossalstore\"]}]}<\/script>\n<!-- \/ Yoast SEO plugin. -->","yoast_head_json":{"title":"Pok\u00e9mon TCG Morpeko V-Union Special Collection EN | Colossal Store","description":"Pok\u00e9mon TCG Morpeko V-Union Special Collection EN: La colecci\u00f3n especial Morpeko V-UNI\u00d3N de JCC Pok\u00e9mon contiene: 4 cartas de promoci\u00f3n que forman un \u00fanico Morpeko V-UNI\u00d3N, 1 carta de gran tama\u00f1o de Morpeko V-UNI\u00d3N, 1 valiosa carta de Partidario de la Profesora Pimpinela, 4 paquetes de mejora de JCC Pok\u00e9mon y 1 carta con c\u00f3digo para usar en JCC Pok\u00e9mon Online o en JCC Pok\u00e9mon Live","robots":{"index":"index","follow":"follow","max-snippet":"max-snippet:-1","max-image-preview":"max-image-preview:large","max-video-preview":"max-video-preview:-1"},"canonical":"https:\/\/www.colossalstore.es\/en\/tienda\/tcg\/pokemon\/pokemon-tcg-morpeko-v-union-special-collection-en\/","og_locale":"en_US","og_type":"article","og_title":"Pok\u00e9mon TCG Morpeko V-Union Special Collection EN | Colossal Store","og_description":"Pok\u00e9mon TCG Morpeko V-Union Special Collection EN: La colecci\u00f3n especial Morpeko V-UNI\u00d3N de JCC Pok\u00e9mon contiene: 4 cartas de promoci\u00f3n que forman un \u00fanico Morpeko V-UNI\u00d3N, 1 carta de gran tama\u00f1o de Morpeko V-UNI\u00d3N, 1 valiosa carta de Partidario de la Profesora Pimpinela, 4 paquetes de mejora de JCC Pok\u00e9mon y 1 carta con c\u00f3digo para usar en JCC Pok\u00e9mon Online o en JCC Pok\u00e9mon Live","og_url":"https:\/\/www.colossalstore.es\/en\/tienda\/tcg\/pokemon\/pokemon-tcg-morpeko-v-union-special-collection-en\/","og_site_name":"Colossal Store","article_modified_time":"2025-06-20T09:15:49+00:00","og_image":[{"width":472,"height":355,"url":"https:\/\/www.colossalstore.es\/wp-content\/uploads\/2023\/05\/51umiQtRWnL._AC_SY355_.jpg","type":"image\/jpeg"}],"twitter_card":"summary_large_image","twitter_site":"@Colossal_Store","twitter_misc":{"Est. reading time":"1 minute"},"schema":{"@context":"https:\/\/schema.org","@graph":[{"@type":"WebPage","@id":"https:\/\/www.colossalstore.es\/tienda\/tcg\/pokemon\/pokemon-tcg-morpeko-v-union-special-collection-en\/","url":"https:\/\/www.colossalstore.es\/tienda\/tcg\/pokemon\/pokemon-tcg-morpeko-v-union-special-collection-en\/","name":"Pok\u00e9mon TCG Morpeko V-Union Special Collection EN | Colossal Store","isPartOf":{"@id":"https:\/\/www.colossalstore.es\/#website"},"primaryImageOfPage":{"@id":"https:\/\/www.colossalstore.es\/tienda\/tcg\/pokemon\/pokemon-tcg-morpeko-v-union-special-collection-en\/#primaryimage"},"image":{"@id":"https:\/\/www.colossalstore.es\/tienda\/tcg\/pokemon\/pokemon-tcg-morpeko-v-union-special-collection-en\/#primaryimage"},"thumbnailUrl":"https:\/\/www.colossalstore.es\/wp-content\/uploads\/2023\/05\/51umiQtRWnL._AC_SY355_.jpg","datePublished":"2023-05-08T17:55:31+00:00","dateModified":"2025-06-20T09:15:49+00:00","description":"Pok\u00e9mon TCG Morpeko V-Union Special Collection EN: La colecci\u00f3n especial Morpeko V-UNI\u00d3N de JCC Pok\u00e9mon contiene: 4 cartas de promoci\u00f3n que forman un \u00fanico Morpeko V-UNI\u00d3N, 1 carta de gran tama\u00f1o de Morpeko V-UNI\u00d3N, 1 valiosa carta de Partidario de la Profesora Pimpinela, 4 paquetes de mejora de JCC Pok\u00e9mon y 1 carta con c\u00f3digo para usar en JCC Pok\u00e9mon Online o en JCC Pok\u00e9mon Live","breadcrumb":{"@id":"https:\/\/www.colossalstore.es\/tienda\/tcg\/pokemon\/pokemon-tcg-morpeko-v-union-special-collection-en\/#breadcrumb"},"inLanguage":"en-US","potentialAction":[{"@type":"ReadAction","target":["https:\/\/www.colossalstore.es\/tienda\/tcg\/pokemon\/pokemon-tcg-morpeko-v-union-special-collection-en\/"]}]},{"@type":"ImageObject","inLanguage":"en-US","@id":"https:\/\/www.colossalstore.es\/tienda\/tcg\/pokemon\/pokemon-tcg-morpeko-v-union-special-collection-en\/#primaryimage","url":"https:\/\/www.colossalstore.es\/wp-content\/uploads\/2023\/05\/51umiQtRWnL._AC_SY355_.jpg","contentUrl":"https:\/\/www.colossalstore.es\/wp-content\/uploads\/2023\/05\/51umiQtRWnL._AC_SY355_.jpg","width":472,"height":355},{"@type":"BreadcrumbList","@id":"https:\/\/www.colossalstore.es\/tienda\/tcg\/pokemon\/pokemon-tcg-morpeko-v-union-special-collection-en\/#breadcrumb","itemListElement":[{"@type":"ListItem","position":1,"name":"Home","item":"https:\/\/www.colossalstore.es\/"},{"@type":"ListItem","position":2,"name":"Tienda","item":"https:\/\/www.colossalstore.es\/tienda\/"},{"@type":"ListItem","position":3,"name":"Pok\u00e9mon TCG Morpeko V-Union Special Collection ES"}]},{"@type":"WebSite","@id":"https:\/\/www.colossalstore.es\/#website","url":"https:\/\/www.colossalstore.es\/","name":"Colossal Store","description":"Colossal Store, store specialized in TCGs.","publisher":{"@id":"https:\/\/www.colossalstore.es\/#organization"},"alternateName":"Colossal Store","potentialAction":[{"@type":"SearchAction","target":{"@type":"EntryPoint","urlTemplate":"https:\/\/www.colossalstore.es\/?s={search_term_string}"},"query-input":{"@type":"PropertyValueSpecification","valueRequired":true,"valueName":"search_term_string"}}],"inLanguage":"en-US"},{"@type":"Organization","@id":"https:\/\/www.colossalstore.es\/#organization","name":"Colossal Store","url":"https:\/\/www.colossalstore.es\/","logo":{"@type":"ImageObject","inLanguage":"en-US","@id":"https:\/\/www.colossalstore.es\/#\/schema\/logo\/image\/","url":"https:\/\/www.colossalstore.es\/wp-content\/uploads\/2023\/05\/Colossal_Logo-02.png","contentUrl":"https:\/\/www.colossalstore.es\/wp-content\/uploads\/2023\/05\/Colossal_Logo-02.png","width":1181,"height":1181,"caption":"Colossal Store"},"image":{"@id":"https:\/\/www.colossalstore.es\/#\/schema\/logo\/image\/"},"sameAs":["https:\/\/x.com\/Colossal_Store","https:\/\/www.instagram.com\/colossal_store_tcg\/","https:\/\/www.tiktok.com\/@colossalstore"]}]}},"_links":{"self":[{"href":"https:\/\/www.colossalstore.es\/en\/wp-json\/wp\/v2\/product\/4970","targetHints":{"allow":["GET"]}}],"collection":[{"href":"https:\/\/www.colossalstore.es\/en\/wp-json\/wp\/v2\/product"}],"about":[{"href":"https:\/\/www.colossalstore.es\/en\/wp-json\/wp\/v2\/types\/product"}],"replies":[{"embeddable":true,"href":"https:\/\/www.colossalstore.es\/en\/wp-json\/wp\/v2\/comments?post=4970"}],"wp:featuredmedia":[{"embeddable":true,"href":"https:\/\/www.colossalstore.es\/en\/wp-json\/wp\/v2\/media\/4971"}],"wp:attachment":[{"href":"https:\/\/www.colossalstore.es\/en\/wp-json\/wp\/v2\/media?parent=4970"}],"wp:term":[{"taxonomy":"product_brand","embeddable":true,"href":"https:\/\/www.colossalstore.es\/en\/wp-json\/wp\/v2\/product_brand?post=4970"},{"taxonomy":"product_cat","embeddable":true,"href":"https:\/\/www.colossalstore.es\/en\/wp-json\/wp\/v2\/product_cat?post=4970"},{"taxonomy":"product_tag","embeddable":true,"href":"https:\/\/www.colossalstore.es\/en\/wp-json\/wp\/v2\/product_tag?post=4970"}],"curies":[{"name":"wp","href":"https:\/\/api.w.org\/{rel}","templated":true}]}}