{"id":4968,"date":"2023-05-08T19:53:47","date_gmt":"2023-05-08T17:53:47","guid":{"rendered":"https:\/\/www.colossalstore.es\/?post_type=product&#038;p=4968"},"modified":"2025-06-20T11:15:49","modified_gmt":"2025-06-20T09:15:49","slug":"pokemon-tcg-pin-collection-12-5-cenit-supremo-e","status":"publish","type":"product","link":"https:\/\/www.colossalstore.es\/en\/tienda\/tcg\/pokemon\/pokemon-tcg-pin-collection-12-5-cenit-supremo-e\/","title":{"rendered":"Pok\u00e9mon TCG Rillaboom Pin Collection 12.5 Supreme Prime ES"},"content":{"rendered":"<p>Pok\u00e9mon TCG Pin Collection 12.5 Supreme Prime ES<\/p>\n<p>Immortalize the memories of an entire region and show the world how far you&#039;ve come with a shiny, enamel pin of the Final Evolution of one of Galar&#039;s first Pok\u00e9mon companions! Plus, you&#039;ll find a ready-to-play Rillaboom, Cinderace, or Inteleon promo card and a handful of booster packs from the special Prime High expansion to enhance your collection. If you&#039;re a fan of Rillaboom&#039;s rhythmic power, Cinderace&#039;s skillful moves, or Inteleon&#039;s stealth, this is a great way to show it off. Each Pok\u00e9mon TCG: Ultimate Peak Pin Collection contains:<\/p>\n<ul>\n<li>1 holographic promo card of Rillaboom, Cinderace or Inteleon<\/li>\n<li>1 collector&#039;s pin of Rillaboom, Cinderace or Inteleon<\/li>\n<li>3 Pok\u00e9mon TCG: Ultimate Peak Booster Packs<\/li>\n<li>1 code card for Pok\u00e9mon TCG Live<\/li>\n<\/ul>\n<div id=\"provenanceCertifications_feature_div\" class=\"celwidget\" data-feature-name=\"provenanceCertifications\" data-csa-c-type=\"widget\" data-csa-c-content-id=\"provenanceCertifications\" data-csa-c-slot-id=\"provenanceCertifications_feature_div\" data-csa-c-asin=\"B0BDQMS2FT\" data-csa-c-is-in-initial-active-row=\"false\" data-csa-c-id=\"yrpmr4-cocvjh-67b8mq-yqrtlb\" data-cel-widget=\"provenanceCertifications_feature_div\"><\/div>\n<div id=\"serviceCapabilities_feature_div\" class=\"celwidget\" data-feature-name=\"serviceCapabilities\" data-csa-c-type=\"widget\" data-csa-c-content-id=\"serviceCapabilities\" data-csa-c-slot-id=\"serviceCapabilities_feature_div\" data-csa-c-asin=\"B0BDQMS2FT\" data-csa-c-is-in-initial-active-row=\"false\" data-csa-c-id=\"a33l9d-3d6rfb-p6g8wq-99vi8f\" data-cel-widget=\"serviceCapabilities_feature_div\"><\/div>","protected":false},"excerpt":{"rendered":"<p>Pok\u00e9mon TCG Pin Collection 12.5 C\u00e9nit Supremo ES \u00a1Inmortaliza los recuerdos de toda una regi\u00f3n y muestra al mundo lo lejos que has llegado con un pin brillante y esmaltado de la Evoluci\u00f3n final de uno de los primeros compa\u00f1eros Pok\u00e9mon de Galar! Adem\u00e1s, encontrar\u00e1s una carta de promoci\u00f3n lista para jugar de Rillaboom, Cinderace [&hellip;]<\/p>","protected":false},"featured_media":4969,"comment_status":"open","ping_status":"closed","template":"","meta":{"_joinchat":[]},"product_brand":[],"product_cat":[49,34],"product_tag":[],"class_list":{"0":"post-4968","1":"product","2":"type-product","3":"status-publish","4":"has-post-thumbnail","6":"product_cat-pokemon","7":"product_cat-tcg","9":"first","10":"outofstock","11":"taxable","12":"shipping-taxable","13":"purchasable","14":"product-type-simple"},"yoast_head":"<!-- This site is optimized with the Yoast SEO plugin v25.7 - https:\/\/yoast.com\/wordpress\/plugins\/seo\/ -->\n<title>Pok\u00e9mon TCG Pin Collection 12.5 C\u00e9nit Supremo EN | Colossal Store<\/title>\n<meta name=\"description\" content=\"Pok\u00e9mon TCG Pin Collection 12.5 C\u00e9nit Supremo EN: \u00a1Inmortaliza los recuerdos de toda una regi\u00f3n y muestra al mundo lo lejos que has llegado con un pin brillante y esmaltado de la Evoluci\u00f3n final de uno de los primeros compa\u00f1eros Pok\u00e9mon de Galar!\" \/>\n<meta name=\"robots\" content=\"index, follow, max-snippet:-1, max-image-preview:large, max-video-preview:-1\" \/>\n<link rel=\"canonical\" href=\"https:\/\/www.colossalstore.es\/en\/tienda\/tcg\/pokemon\/pokemon-tcg-pin-collection-12-5-cenit-supremo-e\/\" \/>\n<meta property=\"og:locale\" content=\"en_US\" \/>\n<meta property=\"og:type\" content=\"article\" \/>\n<meta property=\"og:title\" content=\"Pok\u00e9mon TCG Pin Collection 12.5 C\u00e9nit Supremo EN | Colossal Store\" \/>\n<meta property=\"og:description\" content=\"Pok\u00e9mon TCG Pin Collection 12.5 C\u00e9nit Supremo EN: \u00a1Inmortaliza los recuerdos de toda una regi\u00f3n y muestra al mundo lo lejos que has llegado con un pin brillante y esmaltado de la Evoluci\u00f3n final de uno de los primeros compa\u00f1eros Pok\u00e9mon de Galar!\" \/>\n<meta property=\"og:url\" content=\"https:\/\/www.colossalstore.es\/en\/tienda\/tcg\/pokemon\/pokemon-tcg-pin-collection-12-5-cenit-supremo-e\/\" \/>\n<meta property=\"og:site_name\" content=\"Colossal Store\" \/>\n<meta property=\"article:modified_time\" content=\"2025-06-20T09:15:49+00:00\" \/>\n<meta property=\"og:image\" content=\"https:\/\/www.colossalstore.es\/wp-content\/uploads\/2023\/05\/Pokemon_TCG_Crown_Zenith_Pin_Collection_Rillaboom_580x.webp\" \/>\n\t<meta property=\"og:image:width\" content=\"580\" \/>\n\t<meta property=\"og:image:height\" content=\"531\" \/>\n\t<meta property=\"og:image:type\" content=\"image\/webp\" \/>\n<meta name=\"twitter:card\" content=\"summary_large_image\" \/>\n<meta name=\"twitter:site\" content=\"@Colossal_Store\" \/>\n<meta name=\"twitter:label1\" content=\"Est. reading time\" \/>\n\t<meta name=\"twitter:data1\" content=\"1 minute\" \/>\n<script type=\"application\/ld+json\" class=\"yoast-schema-graph\">{\"@context\":\"https:\/\/schema.org\",\"@graph\":[{\"@type\":\"WebPage\",\"@id\":\"https:\/\/www.colossalstore.es\/tienda\/tcg\/pokemon\/pokemon-tcg-pin-collection-12-5-cenit-supremo-e\/\",\"url\":\"https:\/\/www.colossalstore.es\/tienda\/tcg\/pokemon\/pokemon-tcg-pin-collection-12-5-cenit-supremo-e\/\",\"name\":\"Pok\u00e9mon TCG Pin Collection 12.5 C\u00e9nit Supremo EN | Colossal Store\",\"isPartOf\":{\"@id\":\"https:\/\/www.colossalstore.es\/#website\"},\"primaryImageOfPage\":{\"@id\":\"https:\/\/www.colossalstore.es\/tienda\/tcg\/pokemon\/pokemon-tcg-pin-collection-12-5-cenit-supremo-e\/#primaryimage\"},\"image\":{\"@id\":\"https:\/\/www.colossalstore.es\/tienda\/tcg\/pokemon\/pokemon-tcg-pin-collection-12-5-cenit-supremo-e\/#primaryimage\"},\"thumbnailUrl\":\"https:\/\/www.colossalstore.es\/wp-content\/uploads\/2023\/05\/Pokemon_TCG_Crown_Zenith_Pin_Collection_Rillaboom_580x.webp\",\"datePublished\":\"2023-05-08T17:53:47+00:00\",\"dateModified\":\"2025-06-20T09:15:49+00:00\",\"description\":\"Pok\u00e9mon TCG Pin Collection 12.5 C\u00e9nit Supremo EN: \u00a1Inmortaliza los recuerdos de toda una regi\u00f3n y muestra al mundo lo lejos que has llegado con un pin brillante y esmaltado de la Evoluci\u00f3n final de uno de los primeros compa\u00f1eros Pok\u00e9mon de Galar!\",\"breadcrumb\":{\"@id\":\"https:\/\/www.colossalstore.es\/tienda\/tcg\/pokemon\/pokemon-tcg-pin-collection-12-5-cenit-supremo-e\/#breadcrumb\"},\"inLanguage\":\"en-US\",\"potentialAction\":[{\"@type\":\"ReadAction\",\"target\":[\"https:\/\/www.colossalstore.es\/tienda\/tcg\/pokemon\/pokemon-tcg-pin-collection-12-5-cenit-supremo-e\/\"]}]},{\"@type\":\"ImageObject\",\"inLanguage\":\"en-US\",\"@id\":\"https:\/\/www.colossalstore.es\/tienda\/tcg\/pokemon\/pokemon-tcg-pin-collection-12-5-cenit-supremo-e\/#primaryimage\",\"url\":\"https:\/\/www.colossalstore.es\/wp-content\/uploads\/2023\/05\/Pokemon_TCG_Crown_Zenith_Pin_Collection_Rillaboom_580x.webp\",\"contentUrl\":\"https:\/\/www.colossalstore.es\/wp-content\/uploads\/2023\/05\/Pokemon_TCG_Crown_Zenith_Pin_Collection_Rillaboom_580x.webp\",\"width\":580,\"height\":531},{\"@type\":\"BreadcrumbList\",\"@id\":\"https:\/\/www.colossalstore.es\/tienda\/tcg\/pokemon\/pokemon-tcg-pin-collection-12-5-cenit-supremo-e\/#breadcrumb\",\"itemListElement\":[{\"@type\":\"ListItem\",\"position\":1,\"name\":\"Home\",\"item\":\"https:\/\/www.colossalstore.es\/\"},{\"@type\":\"ListItem\",\"position\":2,\"name\":\"Tienda\",\"item\":\"https:\/\/www.colossalstore.es\/tienda\/\"},{\"@type\":\"ListItem\",\"position\":3,\"name\":\"Pok\u00e9mon TCG Rillaboom Pin Collection 12.5 C\u00e9nit Supremo ES\"}]},{\"@type\":\"WebSite\",\"@id\":\"https:\/\/www.colossalstore.es\/#website\",\"url\":\"https:\/\/www.colossalstore.es\/\",\"name\":\"Colossal Store\",\"description\":\"Colossal Store, tienda especializada en TCGs.\",\"publisher\":{\"@id\":\"https:\/\/www.colossalstore.es\/#organization\"},\"alternateName\":\"Colossal Store\",\"potentialAction\":[{\"@type\":\"SearchAction\",\"target\":{\"@type\":\"EntryPoint\",\"urlTemplate\":\"https:\/\/www.colossalstore.es\/?s={search_term_string}\"},\"query-input\":{\"@type\":\"PropertyValueSpecification\",\"valueRequired\":true,\"valueName\":\"search_term_string\"}}],\"inLanguage\":\"en-US\"},{\"@type\":\"Organization\",\"@id\":\"https:\/\/www.colossalstore.es\/#organization\",\"name\":\"Colossal Store\",\"url\":\"https:\/\/www.colossalstore.es\/\",\"logo\":{\"@type\":\"ImageObject\",\"inLanguage\":\"en-US\",\"@id\":\"https:\/\/www.colossalstore.es\/#\/schema\/logo\/image\/\",\"url\":\"https:\/\/www.colossalstore.es\/wp-content\/uploads\/2023\/05\/Colossal_Logo-02.png\",\"contentUrl\":\"https:\/\/www.colossalstore.es\/wp-content\/uploads\/2023\/05\/Colossal_Logo-02.png\",\"width\":1181,\"height\":1181,\"caption\":\"Colossal Store\"},\"image\":{\"@id\":\"https:\/\/www.colossalstore.es\/#\/schema\/logo\/image\/\"},\"sameAs\":[\"https:\/\/x.com\/Colossal_Store\",\"https:\/\/www.instagram.com\/colossal_store_tcg\/\",\"https:\/\/www.tiktok.com\/@colossalstore\"]}]}<\/script>\n<!-- \/ Yoast SEO plugin. -->","yoast_head_json":{"title":"Pok\u00e9mon TCG Pin Collection 12.5 C\u00e9nit Supremo EN | Colossal Store","description":"Pok\u00e9mon TCG Pin Collection 12.5 C\u00e9nit Supremo EN: \u00a1Inmortaliza los recuerdos de toda una regi\u00f3n y muestra al mundo lo lejos que has llegado con un pin brillante y esmaltado de la Evoluci\u00f3n final de uno de los primeros compa\u00f1eros Pok\u00e9mon de Galar!","robots":{"index":"index","follow":"follow","max-snippet":"max-snippet:-1","max-image-preview":"max-image-preview:large","max-video-preview":"max-video-preview:-1"},"canonical":"https:\/\/www.colossalstore.es\/en\/tienda\/tcg\/pokemon\/pokemon-tcg-pin-collection-12-5-cenit-supremo-e\/","og_locale":"en_US","og_type":"article","og_title":"Pok\u00e9mon TCG Pin Collection 12.5 C\u00e9nit Supremo EN | Colossal Store","og_description":"Pok\u00e9mon TCG Pin Collection 12.5 C\u00e9nit Supremo EN: \u00a1Inmortaliza los recuerdos de toda una regi\u00f3n y muestra al mundo lo lejos que has llegado con un pin brillante y esmaltado de la Evoluci\u00f3n final de uno de los primeros compa\u00f1eros Pok\u00e9mon de Galar!","og_url":"https:\/\/www.colossalstore.es\/en\/tienda\/tcg\/pokemon\/pokemon-tcg-pin-collection-12-5-cenit-supremo-e\/","og_site_name":"Colossal Store","article_modified_time":"2025-06-20T09:15:49+00:00","og_image":[{"width":580,"height":531,"url":"https:\/\/www.colossalstore.es\/wp-content\/uploads\/2023\/05\/Pokemon_TCG_Crown_Zenith_Pin_Collection_Rillaboom_580x.webp","type":"image\/webp"}],"twitter_card":"summary_large_image","twitter_site":"@Colossal_Store","twitter_misc":{"Est. reading time":"1 minute"},"schema":{"@context":"https:\/\/schema.org","@graph":[{"@type":"WebPage","@id":"https:\/\/www.colossalstore.es\/tienda\/tcg\/pokemon\/pokemon-tcg-pin-collection-12-5-cenit-supremo-e\/","url":"https:\/\/www.colossalstore.es\/tienda\/tcg\/pokemon\/pokemon-tcg-pin-collection-12-5-cenit-supremo-e\/","name":"Pok\u00e9mon TCG Pin Collection 12.5 C\u00e9nit Supremo EN | Colossal Store","isPartOf":{"@id":"https:\/\/www.colossalstore.es\/#website"},"primaryImageOfPage":{"@id":"https:\/\/www.colossalstore.es\/tienda\/tcg\/pokemon\/pokemon-tcg-pin-collection-12-5-cenit-supremo-e\/#primaryimage"},"image":{"@id":"https:\/\/www.colossalstore.es\/tienda\/tcg\/pokemon\/pokemon-tcg-pin-collection-12-5-cenit-supremo-e\/#primaryimage"},"thumbnailUrl":"https:\/\/www.colossalstore.es\/wp-content\/uploads\/2023\/05\/Pokemon_TCG_Crown_Zenith_Pin_Collection_Rillaboom_580x.webp","datePublished":"2023-05-08T17:53:47+00:00","dateModified":"2025-06-20T09:15:49+00:00","description":"Pok\u00e9mon TCG Pin Collection 12.5 C\u00e9nit Supremo EN: \u00a1Inmortaliza los recuerdos de toda una regi\u00f3n y muestra al mundo lo lejos que has llegado con un pin brillante y esmaltado de la Evoluci\u00f3n final de uno de los primeros compa\u00f1eros Pok\u00e9mon de Galar!","breadcrumb":{"@id":"https:\/\/www.colossalstore.es\/tienda\/tcg\/pokemon\/pokemon-tcg-pin-collection-12-5-cenit-supremo-e\/#breadcrumb"},"inLanguage":"en-US","potentialAction":[{"@type":"ReadAction","target":["https:\/\/www.colossalstore.es\/tienda\/tcg\/pokemon\/pokemon-tcg-pin-collection-12-5-cenit-supremo-e\/"]}]},{"@type":"ImageObject","inLanguage":"en-US","@id":"https:\/\/www.colossalstore.es\/tienda\/tcg\/pokemon\/pokemon-tcg-pin-collection-12-5-cenit-supremo-e\/#primaryimage","url":"https:\/\/www.colossalstore.es\/wp-content\/uploads\/2023\/05\/Pokemon_TCG_Crown_Zenith_Pin_Collection_Rillaboom_580x.webp","contentUrl":"https:\/\/www.colossalstore.es\/wp-content\/uploads\/2023\/05\/Pokemon_TCG_Crown_Zenith_Pin_Collection_Rillaboom_580x.webp","width":580,"height":531},{"@type":"BreadcrumbList","@id":"https:\/\/www.colossalstore.es\/tienda\/tcg\/pokemon\/pokemon-tcg-pin-collection-12-5-cenit-supremo-e\/#breadcrumb","itemListElement":[{"@type":"ListItem","position":1,"name":"Home","item":"https:\/\/www.colossalstore.es\/"},{"@type":"ListItem","position":2,"name":"Tienda","item":"https:\/\/www.colossalstore.es\/tienda\/"},{"@type":"ListItem","position":3,"name":"Pok\u00e9mon TCG Rillaboom Pin Collection 12.5 C\u00e9nit Supremo ES"}]},{"@type":"WebSite","@id":"https:\/\/www.colossalstore.es\/#website","url":"https:\/\/www.colossalstore.es\/","name":"Colossal Store","description":"Colossal Store, store specialized in TCGs.","publisher":{"@id":"https:\/\/www.colossalstore.es\/#organization"},"alternateName":"Colossal Store","potentialAction":[{"@type":"SearchAction","target":{"@type":"EntryPoint","urlTemplate":"https:\/\/www.colossalstore.es\/?s={search_term_string}"},"query-input":{"@type":"PropertyValueSpecification","valueRequired":true,"valueName":"search_term_string"}}],"inLanguage":"en-US"},{"@type":"Organization","@id":"https:\/\/www.colossalstore.es\/#organization","name":"Colossal Store","url":"https:\/\/www.colossalstore.es\/","logo":{"@type":"ImageObject","inLanguage":"en-US","@id":"https:\/\/www.colossalstore.es\/#\/schema\/logo\/image\/","url":"https:\/\/www.colossalstore.es\/wp-content\/uploads\/2023\/05\/Colossal_Logo-02.png","contentUrl":"https:\/\/www.colossalstore.es\/wp-content\/uploads\/2023\/05\/Colossal_Logo-02.png","width":1181,"height":1181,"caption":"Colossal Store"},"image":{"@id":"https:\/\/www.colossalstore.es\/#\/schema\/logo\/image\/"},"sameAs":["https:\/\/x.com\/Colossal_Store","https:\/\/www.instagram.com\/colossal_store_tcg\/","https:\/\/www.tiktok.com\/@colossalstore"]}]}},"_links":{"self":[{"href":"https:\/\/www.colossalstore.es\/en\/wp-json\/wp\/v2\/product\/4968","targetHints":{"allow":["GET"]}}],"collection":[{"href":"https:\/\/www.colossalstore.es\/en\/wp-json\/wp\/v2\/product"}],"about":[{"href":"https:\/\/www.colossalstore.es\/en\/wp-json\/wp\/v2\/types\/product"}],"replies":[{"embeddable":true,"href":"https:\/\/www.colossalstore.es\/en\/wp-json\/wp\/v2\/comments?post=4968"}],"wp:featuredmedia":[{"embeddable":true,"href":"https:\/\/www.colossalstore.es\/en\/wp-json\/wp\/v2\/media\/4969"}],"wp:attachment":[{"href":"https:\/\/www.colossalstore.es\/en\/wp-json\/wp\/v2\/media?parent=4968"}],"wp:term":[{"taxonomy":"product_brand","embeddable":true,"href":"https:\/\/www.colossalstore.es\/en\/wp-json\/wp\/v2\/product_brand?post=4968"},{"taxonomy":"product_cat","embeddable":true,"href":"https:\/\/www.colossalstore.es\/en\/wp-json\/wp\/v2\/product_cat?post=4968"},{"taxonomy":"product_tag","embeddable":true,"href":"https:\/\/www.colossalstore.es\/en\/wp-json\/wp\/v2\/product_tag?post=4968"}],"curies":[{"name":"wp","href":"https:\/\/api.w.org\/{rel}","templated":true}]}}