{"id":4875,"date":"2023-05-04T12:31:33","date_gmt":"2023-05-04T10:31:33","guid":{"rendered":"https:\/\/www.colossalstore.es\/?post_type=product&#038;p=4875"},"modified":"2025-06-20T11:17:55","modified_gmt":"2025-06-20T09:17:55","slug":"battle-spirits-saga-booster-display-bss01","status":"publish","type":"product","link":"https:\/\/www.colossalstore.es\/en\/tienda\/tcg\/battle-spririts-saga\/battle-spirits-saga-booster-display-bss01\/","title":{"rendered":"Battle Spirits Saga Booster Display BSS01 (24 Packs) \u2013 EN"},"content":{"rendered":"<p>Battle Spirits Saga Booster Display BSS01 (24 Packs) \u2013 EN<\/p>\n<p>A new card game from Bandai based on the popular trading card game Battle Spirits. After 14 years and over 60 boosters in Japan, Battle Spirits is finally reborn for competitive card game players around the world.<\/p>","protected":false},"excerpt":{"rendered":"<p>Battle Spirits Saga Booster Display BSS01 (24 Packs) &#8211; EN Un nuevo juego de cartas de Bandai basado en el popular juego de cartas coleccionables Battle Spirits. Tras 14 a\u00f1os y m\u00e1s de 60 sobres en Jap\u00f3n, Battle Spirits renace por fin para los jugadores de juegos de cartas competitivos de todo el mundo.<\/p>","protected":false},"featured_media":4877,"comment_status":"open","ping_status":"closed","template":"","meta":{"_joinchat":[]},"product_brand":[],"product_cat":[52,34],"product_tag":[],"class_list":{"0":"post-4875","1":"product","2":"type-product","3":"status-publish","4":"has-post-thumbnail","6":"product_cat-battle-spririts-saga","7":"product_cat-tcg","9":"first","10":"outofstock","11":"sale","12":"taxable","13":"shipping-taxable","14":"purchasable","15":"product-type-simple"},"yoast_head":"<!-- This site is optimized with the Yoast SEO plugin v25.7 - https:\/\/yoast.com\/wordpress\/plugins\/seo\/ -->\n<title>Battle Spirits Saga Booster Display BSS01 | Colossal Store<\/title>\n<meta name=\"description\" content=\"Battle Spirits Saga Booster Display BSS01 (24 Packs) - EN: Un nuevo juego de cartas de Bandai basado en el popular juego de cartas coleccionables Battle Spirits. Tras 14 a\u00f1os y m\u00e1s de 60 sobres en Jap\u00f3n, Battle Spirits renace por fin para los jugadores de juegos de cartas competitivos de todo el mundo.\" \/>\n<meta name=\"robots\" content=\"index, follow, max-snippet:-1, max-image-preview:large, max-video-preview:-1\" \/>\n<link rel=\"canonical\" href=\"https:\/\/www.colossalstore.es\/en\/tienda\/tcg\/battle-spririts-saga\/battle-spirits-saga-booster-display-bss01\/\" \/>\n<meta property=\"og:locale\" content=\"en_US\" \/>\n<meta property=\"og:type\" content=\"article\" \/>\n<meta property=\"og:title\" content=\"Battle Spirits Saga Booster Display BSS01 | Colossal Store\" \/>\n<meta property=\"og:description\" content=\"Battle Spirits Saga Booster Display BSS01 (24 Packs) - EN: Un nuevo juego de cartas de Bandai basado en el popular juego de cartas coleccionables Battle Spirits. Tras 14 a\u00f1os y m\u00e1s de 60 sobres en Jap\u00f3n, Battle Spirits renace por fin para los jugadores de juegos de cartas competitivos de todo el mundo.\" \/>\n<meta property=\"og:url\" content=\"https:\/\/www.colossalstore.es\/en\/tienda\/tcg\/battle-spririts-saga\/battle-spirits-saga-booster-display-bss01\/\" \/>\n<meta property=\"og:site_name\" content=\"Colossal Store\" \/>\n<meta property=\"article:modified_time\" content=\"2025-06-20T09:17:55+00:00\" \/>\n<meta property=\"og:image\" content=\"https:\/\/www.colossalstore.es\/wp-content\/uploads\/2023\/05\/battle-spirits-saga-booster-display-bss01-24-packs-en.png\" \/>\n\t<meta property=\"og:image:width\" content=\"1200\" \/>\n\t<meta property=\"og:image:height\" content=\"1200\" \/>\n\t<meta property=\"og:image:type\" content=\"image\/png\" \/>\n<meta name=\"twitter:card\" content=\"summary_large_image\" \/>\n<meta name=\"twitter:site\" content=\"@Colossal_Store\" \/>\n<meta name=\"twitter:label1\" content=\"Est. reading time\" \/>\n\t<meta name=\"twitter:data1\" content=\"1 minute\" \/>\n<script type=\"application\/ld+json\" class=\"yoast-schema-graph\">{\"@context\":\"https:\/\/schema.org\",\"@graph\":[{\"@type\":\"WebPage\",\"@id\":\"https:\/\/www.colossalstore.es\/tienda\/tcg\/battle-spririts-saga\/battle-spirits-saga-booster-display-bss01\/\",\"url\":\"https:\/\/www.colossalstore.es\/tienda\/tcg\/battle-spririts-saga\/battle-spirits-saga-booster-display-bss01\/\",\"name\":\"Battle Spirits Saga Booster Display BSS01 | Colossal Store\",\"isPartOf\":{\"@id\":\"https:\/\/www.colossalstore.es\/#website\"},\"primaryImageOfPage\":{\"@id\":\"https:\/\/www.colossalstore.es\/tienda\/tcg\/battle-spririts-saga\/battle-spirits-saga-booster-display-bss01\/#primaryimage\"},\"image\":{\"@id\":\"https:\/\/www.colossalstore.es\/tienda\/tcg\/battle-spririts-saga\/battle-spirits-saga-booster-display-bss01\/#primaryimage\"},\"thumbnailUrl\":\"https:\/\/www.colossalstore.es\/wp-content\/uploads\/2023\/05\/battle-spirits-saga-booster-display-bss01-24-packs-en.png\",\"datePublished\":\"2023-05-04T10:31:33+00:00\",\"dateModified\":\"2025-06-20T09:17:55+00:00\",\"description\":\"Battle Spirits Saga Booster Display BSS01 (24 Packs) - EN: Un nuevo juego de cartas de Bandai basado en el popular juego de cartas coleccionables Battle Spirits. Tras 14 a\u00f1os y m\u00e1s de 60 sobres en Jap\u00f3n, Battle Spirits renace por fin para los jugadores de juegos de cartas competitivos de todo el mundo.\",\"breadcrumb\":{\"@id\":\"https:\/\/www.colossalstore.es\/tienda\/tcg\/battle-spririts-saga\/battle-spirits-saga-booster-display-bss01\/#breadcrumb\"},\"inLanguage\":\"en-US\",\"potentialAction\":[{\"@type\":\"ReadAction\",\"target\":[\"https:\/\/www.colossalstore.es\/tienda\/tcg\/battle-spririts-saga\/battle-spirits-saga-booster-display-bss01\/\"]}]},{\"@type\":\"ImageObject\",\"inLanguage\":\"en-US\",\"@id\":\"https:\/\/www.colossalstore.es\/tienda\/tcg\/battle-spririts-saga\/battle-spirits-saga-booster-display-bss01\/#primaryimage\",\"url\":\"https:\/\/www.colossalstore.es\/wp-content\/uploads\/2023\/05\/battle-spirits-saga-booster-display-bss01-24-packs-en.png\",\"contentUrl\":\"https:\/\/www.colossalstore.es\/wp-content\/uploads\/2023\/05\/battle-spirits-saga-booster-display-bss01-24-packs-en.png\",\"width\":1200,\"height\":1200},{\"@type\":\"BreadcrumbList\",\"@id\":\"https:\/\/www.colossalstore.es\/tienda\/tcg\/battle-spririts-saga\/battle-spirits-saga-booster-display-bss01\/#breadcrumb\",\"itemListElement\":[{\"@type\":\"ListItem\",\"position\":1,\"name\":\"Home\",\"item\":\"https:\/\/www.colossalstore.es\/\"},{\"@type\":\"ListItem\",\"position\":2,\"name\":\"Tienda\",\"item\":\"https:\/\/www.colossalstore.es\/tienda\/\"},{\"@type\":\"ListItem\",\"position\":3,\"name\":\"Battle Spirits Saga Booster Display BSS01 (24 Packs) &#8211; EN\"}]},{\"@type\":\"WebSite\",\"@id\":\"https:\/\/www.colossalstore.es\/#website\",\"url\":\"https:\/\/www.colossalstore.es\/\",\"name\":\"Colossal Store\",\"description\":\"Colossal Store, tienda especializada en TCGs.\",\"publisher\":{\"@id\":\"https:\/\/www.colossalstore.es\/#organization\"},\"alternateName\":\"Colossal Store\",\"potentialAction\":[{\"@type\":\"SearchAction\",\"target\":{\"@type\":\"EntryPoint\",\"urlTemplate\":\"https:\/\/www.colossalstore.es\/?s={search_term_string}\"},\"query-input\":{\"@type\":\"PropertyValueSpecification\",\"valueRequired\":true,\"valueName\":\"search_term_string\"}}],\"inLanguage\":\"en-US\"},{\"@type\":\"Organization\",\"@id\":\"https:\/\/www.colossalstore.es\/#organization\",\"name\":\"Colossal Store\",\"url\":\"https:\/\/www.colossalstore.es\/\",\"logo\":{\"@type\":\"ImageObject\",\"inLanguage\":\"en-US\",\"@id\":\"https:\/\/www.colossalstore.es\/#\/schema\/logo\/image\/\",\"url\":\"https:\/\/www.colossalstore.es\/wp-content\/uploads\/2023\/05\/Colossal_Logo-02.png\",\"contentUrl\":\"https:\/\/www.colossalstore.es\/wp-content\/uploads\/2023\/05\/Colossal_Logo-02.png\",\"width\":1181,\"height\":1181,\"caption\":\"Colossal Store\"},\"image\":{\"@id\":\"https:\/\/www.colossalstore.es\/#\/schema\/logo\/image\/\"},\"sameAs\":[\"https:\/\/x.com\/Colossal_Store\",\"https:\/\/www.instagram.com\/colossal_store_tcg\/\",\"https:\/\/www.tiktok.com\/@colossalstore\"]}]}<\/script>\n<!-- \/ Yoast SEO plugin. -->","yoast_head_json":{"title":"Battle Spirits Saga Booster Display BSS01 | Colossal Store","description":"Battle Spirits Saga Booster Display BSS01 (24 Packs) - EN: Un nuevo juego de cartas de Bandai basado en el popular juego de cartas coleccionables Battle Spirits. Tras 14 a\u00f1os y m\u00e1s de 60 sobres en Jap\u00f3n, Battle Spirits renace por fin para los jugadores de juegos de cartas competitivos de todo el mundo.","robots":{"index":"index","follow":"follow","max-snippet":"max-snippet:-1","max-image-preview":"max-image-preview:large","max-video-preview":"max-video-preview:-1"},"canonical":"https:\/\/www.colossalstore.es\/en\/tienda\/tcg\/battle-spririts-saga\/battle-spirits-saga-booster-display-bss01\/","og_locale":"en_US","og_type":"article","og_title":"Battle Spirits Saga Booster Display BSS01 | Colossal Store","og_description":"Battle Spirits Saga Booster Display BSS01 (24 Packs) - EN: Un nuevo juego de cartas de Bandai basado en el popular juego de cartas coleccionables Battle Spirits. Tras 14 a\u00f1os y m\u00e1s de 60 sobres en Jap\u00f3n, Battle Spirits renace por fin para los jugadores de juegos de cartas competitivos de todo el mundo.","og_url":"https:\/\/www.colossalstore.es\/en\/tienda\/tcg\/battle-spririts-saga\/battle-spirits-saga-booster-display-bss01\/","og_site_name":"Colossal Store","article_modified_time":"2025-06-20T09:17:55+00:00","og_image":[{"width":1200,"height":1200,"url":"https:\/\/www.colossalstore.es\/wp-content\/uploads\/2023\/05\/battle-spirits-saga-booster-display-bss01-24-packs-en.png","type":"image\/png"}],"twitter_card":"summary_large_image","twitter_site":"@Colossal_Store","twitter_misc":{"Est. reading time":"1 minute"},"schema":{"@context":"https:\/\/schema.org","@graph":[{"@type":"WebPage","@id":"https:\/\/www.colossalstore.es\/tienda\/tcg\/battle-spririts-saga\/battle-spirits-saga-booster-display-bss01\/","url":"https:\/\/www.colossalstore.es\/tienda\/tcg\/battle-spririts-saga\/battle-spirits-saga-booster-display-bss01\/","name":"Battle Spirits Saga Booster Display BSS01 | Colossal Store","isPartOf":{"@id":"https:\/\/www.colossalstore.es\/#website"},"primaryImageOfPage":{"@id":"https:\/\/www.colossalstore.es\/tienda\/tcg\/battle-spririts-saga\/battle-spirits-saga-booster-display-bss01\/#primaryimage"},"image":{"@id":"https:\/\/www.colossalstore.es\/tienda\/tcg\/battle-spririts-saga\/battle-spirits-saga-booster-display-bss01\/#primaryimage"},"thumbnailUrl":"https:\/\/www.colossalstore.es\/wp-content\/uploads\/2023\/05\/battle-spirits-saga-booster-display-bss01-24-packs-en.png","datePublished":"2023-05-04T10:31:33+00:00","dateModified":"2025-06-20T09:17:55+00:00","description":"Battle Spirits Saga Booster Display BSS01 (24 Packs) - EN: Un nuevo juego de cartas de Bandai basado en el popular juego de cartas coleccionables Battle Spirits. Tras 14 a\u00f1os y m\u00e1s de 60 sobres en Jap\u00f3n, Battle Spirits renace por fin para los jugadores de juegos de cartas competitivos de todo el mundo.","breadcrumb":{"@id":"https:\/\/www.colossalstore.es\/tienda\/tcg\/battle-spririts-saga\/battle-spirits-saga-booster-display-bss01\/#breadcrumb"},"inLanguage":"en-US","potentialAction":[{"@type":"ReadAction","target":["https:\/\/www.colossalstore.es\/tienda\/tcg\/battle-spririts-saga\/battle-spirits-saga-booster-display-bss01\/"]}]},{"@type":"ImageObject","inLanguage":"en-US","@id":"https:\/\/www.colossalstore.es\/tienda\/tcg\/battle-spririts-saga\/battle-spirits-saga-booster-display-bss01\/#primaryimage","url":"https:\/\/www.colossalstore.es\/wp-content\/uploads\/2023\/05\/battle-spirits-saga-booster-display-bss01-24-packs-en.png","contentUrl":"https:\/\/www.colossalstore.es\/wp-content\/uploads\/2023\/05\/battle-spirits-saga-booster-display-bss01-24-packs-en.png","width":1200,"height":1200},{"@type":"BreadcrumbList","@id":"https:\/\/www.colossalstore.es\/tienda\/tcg\/battle-spririts-saga\/battle-spirits-saga-booster-display-bss01\/#breadcrumb","itemListElement":[{"@type":"ListItem","position":1,"name":"Home","item":"https:\/\/www.colossalstore.es\/"},{"@type":"ListItem","position":2,"name":"Tienda","item":"https:\/\/www.colossalstore.es\/tienda\/"},{"@type":"ListItem","position":3,"name":"Battle Spirits Saga Booster Display BSS01 (24 Packs) &#8211; EN"}]},{"@type":"WebSite","@id":"https:\/\/www.colossalstore.es\/#website","url":"https:\/\/www.colossalstore.es\/","name":"Colossal Store","description":"Colossal Store, store specialized in TCGs.","publisher":{"@id":"https:\/\/www.colossalstore.es\/#organization"},"alternateName":"Colossal Store","potentialAction":[{"@type":"SearchAction","target":{"@type":"EntryPoint","urlTemplate":"https:\/\/www.colossalstore.es\/?s={search_term_string}"},"query-input":{"@type":"PropertyValueSpecification","valueRequired":true,"valueName":"search_term_string"}}],"inLanguage":"en-US"},{"@type":"Organization","@id":"https:\/\/www.colossalstore.es\/#organization","name":"Colossal Store","url":"https:\/\/www.colossalstore.es\/","logo":{"@type":"ImageObject","inLanguage":"en-US","@id":"https:\/\/www.colossalstore.es\/#\/schema\/logo\/image\/","url":"https:\/\/www.colossalstore.es\/wp-content\/uploads\/2023\/05\/Colossal_Logo-02.png","contentUrl":"https:\/\/www.colossalstore.es\/wp-content\/uploads\/2023\/05\/Colossal_Logo-02.png","width":1181,"height":1181,"caption":"Colossal Store"},"image":{"@id":"https:\/\/www.colossalstore.es\/#\/schema\/logo\/image\/"},"sameAs":["https:\/\/x.com\/Colossal_Store","https:\/\/www.instagram.com\/colossal_store_tcg\/","https:\/\/www.tiktok.com\/@colossalstore"]}]}},"_links":{"self":[{"href":"https:\/\/www.colossalstore.es\/en\/wp-json\/wp\/v2\/product\/4875","targetHints":{"allow":["GET"]}}],"collection":[{"href":"https:\/\/www.colossalstore.es\/en\/wp-json\/wp\/v2\/product"}],"about":[{"href":"https:\/\/www.colossalstore.es\/en\/wp-json\/wp\/v2\/types\/product"}],"replies":[{"embeddable":true,"href":"https:\/\/www.colossalstore.es\/en\/wp-json\/wp\/v2\/comments?post=4875"}],"wp:featuredmedia":[{"embeddable":true,"href":"https:\/\/www.colossalstore.es\/en\/wp-json\/wp\/v2\/media\/4877"}],"wp:attachment":[{"href":"https:\/\/www.colossalstore.es\/en\/wp-json\/wp\/v2\/media?parent=4875"}],"wp:term":[{"taxonomy":"product_brand","embeddable":true,"href":"https:\/\/www.colossalstore.es\/en\/wp-json\/wp\/v2\/product_brand?post=4875"},{"taxonomy":"product_cat","embeddable":true,"href":"https:\/\/www.colossalstore.es\/en\/wp-json\/wp\/v2\/product_cat?post=4875"},{"taxonomy":"product_tag","embeddable":true,"href":"https:\/\/www.colossalstore.es\/en\/wp-json\/wp\/v2\/product_tag?post=4875"}],"curies":[{"name":"wp","href":"https:\/\/api.w.org\/{rel}","templated":true}]}}