{"id":481,"date":"2022-09-16T01:00:02","date_gmt":"2022-09-15T23:00:02","guid":{"rendered":"https:\/\/colossalstore.es\/?post_type=product&#038;p=481"},"modified":"2025-06-23T13:57:43","modified_gmt":"2025-06-23T11:57:43","slug":"figura-my-hero-academia-the-amazing-heroes-vol-16-lemillion-13-cm-de-banpresto","status":"publish","type":"product","link":"https:\/\/www.colossalstore.es\/en\/tienda\/figuras\/figura-my-hero-academia-the-amazing-heroes-vol-16-lemillion-13-cm-de-banpresto\/","title":{"rendered":"BANPRESTO MY HERO ACADEMIA &#8211;    MY HERO ACADEMIA THE AMAZING HEROES VOL.16\nLEMILLION 13 CM"},"content":{"rendered":"<p>Banpresto presents us with the charming figure of Lemillion (Mirio Togata) from the The Amazing Heroes collection.<\/p>\n<p>The Amazing Heroes collection is a collection in which Banpresto presents us with a new way of seeing the world of the heroes of My Hero Academia. In it we enhance the visual of the figure so that it represents the qualities of each hero, making the finishes (suit, textures, shading...) and the pose the main thing.<\/p>\n<p>DATA SHEET:<\/p>\n<p>License: My Hero Academia<\/p>\n<p>Manufacturer: Banpresto (Bandai Spirits)<\/p>\n<p>Height: 13cm<\/p>\n<p>Collection: The Amazing Heroes<\/p>","protected":false},"excerpt":{"rendered":"<p>Banpresto nos presenta la encantadora figura de Lemillion (Mirio Togata) de la colecci\u00f3n The Amazing Heroes. La colecci\u00f3n The Amazing Heroes es una colecci\u00f3n en la que Banpresto nos presenta una nueva forma de ver el mundo de los h\u00e9roes de My Hero Academia. En ella potenciamos el visual de la figura para que represente [&hellip;]<\/p>","protected":false},"featured_media":482,"comment_status":"open","ping_status":"closed","template":"","meta":{"_joinchat":[]},"product_brand":[],"product_cat":[25],"product_tag":[],"class_list":{"0":"post-481","1":"product","2":"type-product","3":"status-publish","4":"has-post-thumbnail","6":"product_cat-figuras","8":"first","9":"instock","10":"taxable","11":"shipping-taxable","12":"purchasable","13":"product-type-simple"},"yoast_head":"<!-- This site is optimized with the Yoast SEO plugin v25.7 - https:\/\/yoast.com\/wordpress\/plugins\/seo\/ -->\n<title>Figura Lemillion (Mirio Togata) - My Hero Academia - The Amazing Heroes<\/title>\n<meta name=\"description\" content=\"Figura Lemillion (Mirio Togata), del anime y manga My Hero Academia. Producida por Banpresto en su serie The Amazing Heroes (Vol. 16).\" \/>\n<meta name=\"robots\" content=\"index, follow, max-snippet:-1, max-image-preview:large, max-video-preview:-1\" \/>\n<link rel=\"canonical\" href=\"https:\/\/www.colossalstore.es\/en\/tienda\/figuras\/figura-my-hero-academia-the-amazing-heroes-vol-16-lemillion-13-cm-de-banpresto\/\" \/>\n<meta property=\"og:locale\" content=\"en_US\" \/>\n<meta property=\"og:type\" content=\"article\" \/>\n<meta property=\"og:title\" content=\"Figura Lemillion (Mirio Togata) - My Hero Academia - The Amazing Heroes\" \/>\n<meta property=\"og:description\" content=\"Figura Lemillion (Mirio Togata), del anime y manga My Hero Academia. Producida por Banpresto en su serie The Amazing Heroes (Vol. 16).\" \/>\n<meta property=\"og:url\" content=\"https:\/\/www.colossalstore.es\/en\/tienda\/figuras\/figura-my-hero-academia-the-amazing-heroes-vol-16-lemillion-13-cm-de-banpresto\/\" \/>\n<meta property=\"og:site_name\" content=\"Colossal Store\" \/>\n<meta property=\"article:modified_time\" content=\"2025-06-23T11:57:43+00:00\" \/>\n<meta property=\"og:image\" content=\"https:\/\/www.colossalstore.es\/wp-content\/uploads\/2022\/09\/figura-my-hero-academia-the-amazing-heroes-vol16-lemillion-13-cm-de-banpresto.jpg\" \/>\n\t<meta property=\"og:image:width\" content=\"600\" \/>\n\t<meta property=\"og:image:height\" content=\"800\" \/>\n\t<meta property=\"og:image:type\" content=\"image\/jpeg\" \/>\n<meta name=\"twitter:card\" content=\"summary_large_image\" \/>\n<meta name=\"twitter:site\" content=\"@Colossal_Store\" \/>\n<meta name=\"twitter:label1\" content=\"Est. reading time\" \/>\n\t<meta name=\"twitter:data1\" content=\"1 minute\" \/>\n<script type=\"application\/ld+json\" class=\"yoast-schema-graph\">{\"@context\":\"https:\/\/schema.org\",\"@graph\":[{\"@type\":\"WebPage\",\"@id\":\"https:\/\/www.colossalstore.es\/tienda\/figuras\/figura-my-hero-academia-the-amazing-heroes-vol-16-lemillion-13-cm-de-banpresto\/\",\"url\":\"https:\/\/www.colossalstore.es\/tienda\/figuras\/figura-my-hero-academia-the-amazing-heroes-vol-16-lemillion-13-cm-de-banpresto\/\",\"name\":\"Figura Lemillion (Mirio Togata) - My Hero Academia - The Amazing Heroes\",\"isPartOf\":{\"@id\":\"https:\/\/www.colossalstore.es\/#website\"},\"primaryImageOfPage\":{\"@id\":\"https:\/\/www.colossalstore.es\/tienda\/figuras\/figura-my-hero-academia-the-amazing-heroes-vol-16-lemillion-13-cm-de-banpresto\/#primaryimage\"},\"image\":{\"@id\":\"https:\/\/www.colossalstore.es\/tienda\/figuras\/figura-my-hero-academia-the-amazing-heroes-vol-16-lemillion-13-cm-de-banpresto\/#primaryimage\"},\"thumbnailUrl\":\"https:\/\/www.colossalstore.es\/wp-content\/uploads\/2022\/09\/figura-my-hero-academia-the-amazing-heroes-vol16-lemillion-13-cm-de-banpresto.jpg\",\"datePublished\":\"2022-09-15T23:00:02+00:00\",\"dateModified\":\"2025-06-23T11:57:43+00:00\",\"description\":\"Figura Lemillion (Mirio Togata), del anime y manga My Hero Academia. Producida por Banpresto en su serie The Amazing Heroes (Vol. 16).\",\"breadcrumb\":{\"@id\":\"https:\/\/www.colossalstore.es\/tienda\/figuras\/figura-my-hero-academia-the-amazing-heroes-vol-16-lemillion-13-cm-de-banpresto\/#breadcrumb\"},\"inLanguage\":\"en-US\",\"potentialAction\":[{\"@type\":\"ReadAction\",\"target\":[\"https:\/\/www.colossalstore.es\/tienda\/figuras\/figura-my-hero-academia-the-amazing-heroes-vol-16-lemillion-13-cm-de-banpresto\/\"]}]},{\"@type\":\"ImageObject\",\"inLanguage\":\"en-US\",\"@id\":\"https:\/\/www.colossalstore.es\/tienda\/figuras\/figura-my-hero-academia-the-amazing-heroes-vol-16-lemillion-13-cm-de-banpresto\/#primaryimage\",\"url\":\"https:\/\/www.colossalstore.es\/wp-content\/uploads\/2022\/09\/figura-my-hero-academia-the-amazing-heroes-vol16-lemillion-13-cm-de-banpresto.jpg\",\"contentUrl\":\"https:\/\/www.colossalstore.es\/wp-content\/uploads\/2022\/09\/figura-my-hero-academia-the-amazing-heroes-vol16-lemillion-13-cm-de-banpresto.jpg\",\"width\":600,\"height\":800},{\"@type\":\"BreadcrumbList\",\"@id\":\"https:\/\/www.colossalstore.es\/tienda\/figuras\/figura-my-hero-academia-the-amazing-heroes-vol-16-lemillion-13-cm-de-banpresto\/#breadcrumb\",\"itemListElement\":[{\"@type\":\"ListItem\",\"position\":1,\"name\":\"Home\",\"item\":\"https:\/\/www.colossalstore.es\/\"},{\"@type\":\"ListItem\",\"position\":2,\"name\":\"Tienda\",\"item\":\"https:\/\/www.colossalstore.es\/tienda\/\"},{\"@type\":\"ListItem\",\"position\":3,\"name\":\"BANPRESTO MY HERO ACADEMIA &#8211; MY HERO ACADEMIA THE AMAZING HEROES VOL.16 LEMILLION 13 CM\"}]},{\"@type\":\"WebSite\",\"@id\":\"https:\/\/www.colossalstore.es\/#website\",\"url\":\"https:\/\/www.colossalstore.es\/\",\"name\":\"Colossal Store\",\"description\":\"Colossal Store, tienda especializada en TCGs.\",\"publisher\":{\"@id\":\"https:\/\/www.colossalstore.es\/#organization\"},\"alternateName\":\"Colossal Store\",\"potentialAction\":[{\"@type\":\"SearchAction\",\"target\":{\"@type\":\"EntryPoint\",\"urlTemplate\":\"https:\/\/www.colossalstore.es\/?s={search_term_string}\"},\"query-input\":{\"@type\":\"PropertyValueSpecification\",\"valueRequired\":true,\"valueName\":\"search_term_string\"}}],\"inLanguage\":\"en-US\"},{\"@type\":\"Organization\",\"@id\":\"https:\/\/www.colossalstore.es\/#organization\",\"name\":\"Colossal Store\",\"url\":\"https:\/\/www.colossalstore.es\/\",\"logo\":{\"@type\":\"ImageObject\",\"inLanguage\":\"en-US\",\"@id\":\"https:\/\/www.colossalstore.es\/#\/schema\/logo\/image\/\",\"url\":\"https:\/\/www.colossalstore.es\/wp-content\/uploads\/2023\/05\/Colossal_Logo-02.png\",\"contentUrl\":\"https:\/\/www.colossalstore.es\/wp-content\/uploads\/2023\/05\/Colossal_Logo-02.png\",\"width\":1181,\"height\":1181,\"caption\":\"Colossal Store\"},\"image\":{\"@id\":\"https:\/\/www.colossalstore.es\/#\/schema\/logo\/image\/\"},\"sameAs\":[\"https:\/\/x.com\/Colossal_Store\",\"https:\/\/www.instagram.com\/colossal_store_tcg\/\",\"https:\/\/www.tiktok.com\/@colossalstore\"]}]}<\/script>\n<!-- \/ Yoast SEO plugin. -->","yoast_head_json":{"title":"Figura Lemillion (Mirio Togata) - My Hero Academia - The Amazing Heroes","description":"Figura Lemillion (Mirio Togata), del anime y manga My Hero Academia. Producida por Banpresto en su serie The Amazing Heroes (Vol. 16).","robots":{"index":"index","follow":"follow","max-snippet":"max-snippet:-1","max-image-preview":"max-image-preview:large","max-video-preview":"max-video-preview:-1"},"canonical":"https:\/\/www.colossalstore.es\/en\/tienda\/figuras\/figura-my-hero-academia-the-amazing-heroes-vol-16-lemillion-13-cm-de-banpresto\/","og_locale":"en_US","og_type":"article","og_title":"Figura Lemillion (Mirio Togata) - My Hero Academia - The Amazing Heroes","og_description":"Figura Lemillion (Mirio Togata), del anime y manga My Hero Academia. Producida por Banpresto en su serie The Amazing Heroes (Vol. 16).","og_url":"https:\/\/www.colossalstore.es\/en\/tienda\/figuras\/figura-my-hero-academia-the-amazing-heroes-vol-16-lemillion-13-cm-de-banpresto\/","og_site_name":"Colossal Store","article_modified_time":"2025-06-23T11:57:43+00:00","og_image":[{"width":600,"height":800,"url":"https:\/\/www.colossalstore.es\/wp-content\/uploads\/2022\/09\/figura-my-hero-academia-the-amazing-heroes-vol16-lemillion-13-cm-de-banpresto.jpg","type":"image\/jpeg"}],"twitter_card":"summary_large_image","twitter_site":"@Colossal_Store","twitter_misc":{"Est. reading time":"1 minute"},"schema":{"@context":"https:\/\/schema.org","@graph":[{"@type":"WebPage","@id":"https:\/\/www.colossalstore.es\/tienda\/figuras\/figura-my-hero-academia-the-amazing-heroes-vol-16-lemillion-13-cm-de-banpresto\/","url":"https:\/\/www.colossalstore.es\/tienda\/figuras\/figura-my-hero-academia-the-amazing-heroes-vol-16-lemillion-13-cm-de-banpresto\/","name":"Figura Lemillion (Mirio Togata) - My Hero Academia - The Amazing Heroes","isPartOf":{"@id":"https:\/\/www.colossalstore.es\/#website"},"primaryImageOfPage":{"@id":"https:\/\/www.colossalstore.es\/tienda\/figuras\/figura-my-hero-academia-the-amazing-heroes-vol-16-lemillion-13-cm-de-banpresto\/#primaryimage"},"image":{"@id":"https:\/\/www.colossalstore.es\/tienda\/figuras\/figura-my-hero-academia-the-amazing-heroes-vol-16-lemillion-13-cm-de-banpresto\/#primaryimage"},"thumbnailUrl":"https:\/\/www.colossalstore.es\/wp-content\/uploads\/2022\/09\/figura-my-hero-academia-the-amazing-heroes-vol16-lemillion-13-cm-de-banpresto.jpg","datePublished":"2022-09-15T23:00:02+00:00","dateModified":"2025-06-23T11:57:43+00:00","description":"Figura Lemillion (Mirio Togata), del anime y manga My Hero Academia. Producida por Banpresto en su serie The Amazing Heroes (Vol. 16).","breadcrumb":{"@id":"https:\/\/www.colossalstore.es\/tienda\/figuras\/figura-my-hero-academia-the-amazing-heroes-vol-16-lemillion-13-cm-de-banpresto\/#breadcrumb"},"inLanguage":"en-US","potentialAction":[{"@type":"ReadAction","target":["https:\/\/www.colossalstore.es\/tienda\/figuras\/figura-my-hero-academia-the-amazing-heroes-vol-16-lemillion-13-cm-de-banpresto\/"]}]},{"@type":"ImageObject","inLanguage":"en-US","@id":"https:\/\/www.colossalstore.es\/tienda\/figuras\/figura-my-hero-academia-the-amazing-heroes-vol-16-lemillion-13-cm-de-banpresto\/#primaryimage","url":"https:\/\/www.colossalstore.es\/wp-content\/uploads\/2022\/09\/figura-my-hero-academia-the-amazing-heroes-vol16-lemillion-13-cm-de-banpresto.jpg","contentUrl":"https:\/\/www.colossalstore.es\/wp-content\/uploads\/2022\/09\/figura-my-hero-academia-the-amazing-heroes-vol16-lemillion-13-cm-de-banpresto.jpg","width":600,"height":800},{"@type":"BreadcrumbList","@id":"https:\/\/www.colossalstore.es\/tienda\/figuras\/figura-my-hero-academia-the-amazing-heroes-vol-16-lemillion-13-cm-de-banpresto\/#breadcrumb","itemListElement":[{"@type":"ListItem","position":1,"name":"Home","item":"https:\/\/www.colossalstore.es\/"},{"@type":"ListItem","position":2,"name":"Tienda","item":"https:\/\/www.colossalstore.es\/tienda\/"},{"@type":"ListItem","position":3,"name":"BANPRESTO MY HERO ACADEMIA &#8211; MY HERO ACADEMIA THE AMAZING HEROES VOL.16 LEMILLION 13 CM"}]},{"@type":"WebSite","@id":"https:\/\/www.colossalstore.es\/#website","url":"https:\/\/www.colossalstore.es\/","name":"Colossal Store","description":"Colossal Store, store specialized in TCGs.","publisher":{"@id":"https:\/\/www.colossalstore.es\/#organization"},"alternateName":"Colossal Store","potentialAction":[{"@type":"SearchAction","target":{"@type":"EntryPoint","urlTemplate":"https:\/\/www.colossalstore.es\/?s={search_term_string}"},"query-input":{"@type":"PropertyValueSpecification","valueRequired":true,"valueName":"search_term_string"}}],"inLanguage":"en-US"},{"@type":"Organization","@id":"https:\/\/www.colossalstore.es\/#organization","name":"Colossal Store","url":"https:\/\/www.colossalstore.es\/","logo":{"@type":"ImageObject","inLanguage":"en-US","@id":"https:\/\/www.colossalstore.es\/#\/schema\/logo\/image\/","url":"https:\/\/www.colossalstore.es\/wp-content\/uploads\/2023\/05\/Colossal_Logo-02.png","contentUrl":"https:\/\/www.colossalstore.es\/wp-content\/uploads\/2023\/05\/Colossal_Logo-02.png","width":1181,"height":1181,"caption":"Colossal Store"},"image":{"@id":"https:\/\/www.colossalstore.es\/#\/schema\/logo\/image\/"},"sameAs":["https:\/\/x.com\/Colossal_Store","https:\/\/www.instagram.com\/colossal_store_tcg\/","https:\/\/www.tiktok.com\/@colossalstore"]}]}},"_links":{"self":[{"href":"https:\/\/www.colossalstore.es\/en\/wp-json\/wp\/v2\/product\/481","targetHints":{"allow":["GET"]}}],"collection":[{"href":"https:\/\/www.colossalstore.es\/en\/wp-json\/wp\/v2\/product"}],"about":[{"href":"https:\/\/www.colossalstore.es\/en\/wp-json\/wp\/v2\/types\/product"}],"replies":[{"embeddable":true,"href":"https:\/\/www.colossalstore.es\/en\/wp-json\/wp\/v2\/comments?post=481"}],"wp:featuredmedia":[{"embeddable":true,"href":"https:\/\/www.colossalstore.es\/en\/wp-json\/wp\/v2\/media\/482"}],"wp:attachment":[{"href":"https:\/\/www.colossalstore.es\/en\/wp-json\/wp\/v2\/media?parent=481"}],"wp:term":[{"taxonomy":"product_brand","embeddable":true,"href":"https:\/\/www.colossalstore.es\/en\/wp-json\/wp\/v2\/product_brand?post=481"},{"taxonomy":"product_cat","embeddable":true,"href":"https:\/\/www.colossalstore.es\/en\/wp-json\/wp\/v2\/product_cat?post=481"},{"taxonomy":"product_tag","embeddable":true,"href":"https:\/\/www.colossalstore.es\/en\/wp-json\/wp\/v2\/product_tag?post=481"}],"curies":[{"name":"wp","href":"https:\/\/api.w.org\/{rel}","templated":true}]}}