{"id":4806,"date":"2023-04-20T19:56:40","date_gmt":"2023-04-20T17:56:40","guid":{"rendered":"https:\/\/www.colossalstore.es\/?post_type=product&#038;p=4806"},"modified":"2025-06-20T11:17:56","modified_gmt":"2025-06-20T09:17:56","slug":"guardianes-de-la-noche-3","status":"publish","type":"product","link":"https:\/\/www.colossalstore.es\/en\/tienda\/manga\/guardianes-de-la-noche-3\/","title":{"rendered":"Night Watch 3"},"content":{"rendered":"<p>Kimetsu no Yaiba 3 (Koyoharu Gotouge)<\/p>\n<p>TANJIR\u00d4 WILL HAVE TO BECOME MUCH STRONGER IF HE WANTS TO ACHIEVE HIS GOAL! Thanks to Tamayo&#039;s help, Tanjir\u00f4 manages to surpass his own limits and defeat Yahaba&#039;s powerful kekkijutsu. On the other battlefield Nezuko also stands up to Susamaru and thanks to this Tamayo manages to trick her into falling under his spell. However, victory leaves a bitter taste for Tanjir\u00f4 when he discovers that his enemies were not actually members of the 12 demonic moons. If he needed help against such weak rivals, what will happen the day he comes face to face with a real one?<\/p>","protected":false},"excerpt":{"rendered":"<p>Kimetsu no Yaiba 3 (Koyoharu Gotouge) \u00a1TANJIR\u00d4 DEBER\u00c1 HACERSE MUCHO M\u00c1S FUERTE SI QUIERE LOGRAR SU OBJETIVO! Gracias a la ayuda de Tamayo, Tanjir\u00f4 logra sobrepasar sus propios l\u00edmites y vencer al poderoso kekkijutsu de Yahaba. En el otro campo de batalla Nezuko tambi\u00e9n le planta cara a Susamaru y gracias a ello Tamayo consigue [&hellip;]<\/p>","protected":false},"featured_media":4807,"comment_status":"open","ping_status":"closed","template":"","meta":{"_joinchat":[]},"product_brand":[],"product_cat":[32],"product_tag":[],"class_list":{"0":"post-4806","1":"product","2":"type-product","3":"status-publish","4":"has-post-thumbnail","6":"product_cat-manga","8":"first","9":"outofstock","10":"sale","11":"taxable","12":"shipping-taxable","13":"purchasable","14":"product-type-simple"},"yoast_head":"<!-- This site is optimized with the Yoast SEO plugin v25.7 - https:\/\/yoast.com\/wordpress\/plugins\/seo\/ -->\n<title>Kimetsu no Yaiba 3 (Koyoharu Gotouge) | Colossal Store<\/title>\n<meta name=\"description\" content=\"Kimetsu no Yaiba 3 (Koyoharu Gotouge): \u00a1TANJIR\u00d4 DEBER\u00c1 HACERSE MUCHO M\u00c1S FUERTE SI QUIERE LOGRAR SU OBJETIVO! Gracias a la ayuda de Tamayo, Tanjir\u00f4 logra sobrepasar sus propios l\u00edmites y vencer al poderoso kekkijutsu de Yahaba. En el otro campo de batalla Nezuko tambi\u00e9n le planta cara a Susamaru y gracias a ello Tamayo consigue enga\u00f1arla para que caiga en su hechizo. Sin embargo, la victoria le deja un sabor amargo a Tanjir\u00f4 cuando descubre que sus enemigos no eran realmente miembros de las 12 lunas demon\u00edacas. Si ante unos rivales tan d\u00e9biles ha necesitado ayuda, \u00bfqu\u00e9 ocurrir\u00e1 el d\u00eda que se tope cara a cara con uno de verdad?\" \/>\n<meta name=\"robots\" content=\"index, follow, max-snippet:-1, max-image-preview:large, max-video-preview:-1\" \/>\n<link rel=\"canonical\" href=\"https:\/\/www.colossalstore.es\/en\/tienda\/manga\/guardianes-de-la-noche-3\/\" \/>\n<meta property=\"og:locale\" content=\"en_US\" \/>\n<meta property=\"og:type\" content=\"article\" \/>\n<meta property=\"og:title\" content=\"Kimetsu no Yaiba 3 (Koyoharu Gotouge) | Colossal Store\" \/>\n<meta property=\"og:description\" content=\"Kimetsu no Yaiba 3 (Koyoharu Gotouge): \u00a1TANJIR\u00d4 DEBER\u00c1 HACERSE MUCHO M\u00c1S FUERTE SI QUIERE LOGRAR SU OBJETIVO! Gracias a la ayuda de Tamayo, Tanjir\u00f4 logra sobrepasar sus propios l\u00edmites y vencer al poderoso kekkijutsu de Yahaba. En el otro campo de batalla Nezuko tambi\u00e9n le planta cara a Susamaru y gracias a ello Tamayo consigue enga\u00f1arla para que caiga en su hechizo. Sin embargo, la victoria le deja un sabor amargo a Tanjir\u00f4 cuando descubre que sus enemigos no eran realmente miembros de las 12 lunas demon\u00edacas. Si ante unos rivales tan d\u00e9biles ha necesitado ayuda, \u00bfqu\u00e9 ocurrir\u00e1 el d\u00eda que se tope cara a cara con uno de verdad?\" \/>\n<meta property=\"og:url\" content=\"https:\/\/www.colossalstore.es\/en\/tienda\/manga\/guardianes-de-la-noche-3\/\" \/>\n<meta property=\"og:site_name\" content=\"Colossal Store\" \/>\n<meta property=\"article:modified_time\" content=\"2025-06-20T09:17:56+00:00\" \/>\n<meta property=\"og:image\" content=\"https:\/\/www.colossalstore.es\/wp-content\/uploads\/2023\/04\/9788467935134.jpg\" \/>\n\t<meta property=\"og:image:width\" content=\"552\" \/>\n\t<meta property=\"og:image:height\" content=\"841\" \/>\n\t<meta property=\"og:image:type\" content=\"image\/jpeg\" \/>\n<meta name=\"twitter:card\" content=\"summary_large_image\" \/>\n<meta name=\"twitter:site\" content=\"@Colossal_Store\" \/>\n<meta name=\"twitter:label1\" content=\"Est. reading time\" \/>\n\t<meta name=\"twitter:data1\" content=\"1 minute\" \/>\n<script type=\"application\/ld+json\" class=\"yoast-schema-graph\">{\"@context\":\"https:\/\/schema.org\",\"@graph\":[{\"@type\":\"WebPage\",\"@id\":\"https:\/\/www.colossalstore.es\/tienda\/manga\/guardianes-de-la-noche-3\/\",\"url\":\"https:\/\/www.colossalstore.es\/tienda\/manga\/guardianes-de-la-noche-3\/\",\"name\":\"Kimetsu no Yaiba 3 (Koyoharu Gotouge) | Colossal Store\",\"isPartOf\":{\"@id\":\"https:\/\/www.colossalstore.es\/#website\"},\"primaryImageOfPage\":{\"@id\":\"https:\/\/www.colossalstore.es\/tienda\/manga\/guardianes-de-la-noche-3\/#primaryimage\"},\"image\":{\"@id\":\"https:\/\/www.colossalstore.es\/tienda\/manga\/guardianes-de-la-noche-3\/#primaryimage\"},\"thumbnailUrl\":\"https:\/\/www.colossalstore.es\/wp-content\/uploads\/2023\/04\/9788467935134.jpg\",\"datePublished\":\"2023-04-20T17:56:40+00:00\",\"dateModified\":\"2025-06-20T09:17:56+00:00\",\"description\":\"Kimetsu no Yaiba 3 (Koyoharu Gotouge): \u00a1TANJIR\u00d4 DEBER\u00c1 HACERSE MUCHO M\u00c1S FUERTE SI QUIERE LOGRAR SU OBJETIVO! Gracias a la ayuda de Tamayo, Tanjir\u00f4 logra sobrepasar sus propios l\u00edmites y vencer al poderoso kekkijutsu de Yahaba. En el otro campo de batalla Nezuko tambi\u00e9n le planta cara a Susamaru y gracias a ello Tamayo consigue enga\u00f1arla para que caiga en su hechizo. Sin embargo, la victoria le deja un sabor amargo a Tanjir\u00f4 cuando descubre que sus enemigos no eran realmente miembros de las 12 lunas demon\u00edacas. Si ante unos rivales tan d\u00e9biles ha necesitado ayuda, \u00bfqu\u00e9 ocurrir\u00e1 el d\u00eda que se tope cara a cara con uno de verdad?\",\"breadcrumb\":{\"@id\":\"https:\/\/www.colossalstore.es\/tienda\/manga\/guardianes-de-la-noche-3\/#breadcrumb\"},\"inLanguage\":\"en-US\",\"potentialAction\":[{\"@type\":\"ReadAction\",\"target\":[\"https:\/\/www.colossalstore.es\/tienda\/manga\/guardianes-de-la-noche-3\/\"]}]},{\"@type\":\"ImageObject\",\"inLanguage\":\"en-US\",\"@id\":\"https:\/\/www.colossalstore.es\/tienda\/manga\/guardianes-de-la-noche-3\/#primaryimage\",\"url\":\"https:\/\/www.colossalstore.es\/wp-content\/uploads\/2023\/04\/9788467935134.jpg\",\"contentUrl\":\"https:\/\/www.colossalstore.es\/wp-content\/uploads\/2023\/04\/9788467935134.jpg\",\"width\":552,\"height\":841},{\"@type\":\"BreadcrumbList\",\"@id\":\"https:\/\/www.colossalstore.es\/tienda\/manga\/guardianes-de-la-noche-3\/#breadcrumb\",\"itemListElement\":[{\"@type\":\"ListItem\",\"position\":1,\"name\":\"Home\",\"item\":\"https:\/\/www.colossalstore.es\/\"},{\"@type\":\"ListItem\",\"position\":2,\"name\":\"Tienda\",\"item\":\"https:\/\/www.colossalstore.es\/tienda\/\"},{\"@type\":\"ListItem\",\"position\":3,\"name\":\"Guardianes de la noche 3\"}]},{\"@type\":\"WebSite\",\"@id\":\"https:\/\/www.colossalstore.es\/#website\",\"url\":\"https:\/\/www.colossalstore.es\/\",\"name\":\"Colossal Store\",\"description\":\"Colossal Store, tienda especializada en TCGs.\",\"publisher\":{\"@id\":\"https:\/\/www.colossalstore.es\/#organization\"},\"alternateName\":\"Colossal Store\",\"potentialAction\":[{\"@type\":\"SearchAction\",\"target\":{\"@type\":\"EntryPoint\",\"urlTemplate\":\"https:\/\/www.colossalstore.es\/?s={search_term_string}\"},\"query-input\":{\"@type\":\"PropertyValueSpecification\",\"valueRequired\":true,\"valueName\":\"search_term_string\"}}],\"inLanguage\":\"en-US\"},{\"@type\":\"Organization\",\"@id\":\"https:\/\/www.colossalstore.es\/#organization\",\"name\":\"Colossal Store\",\"url\":\"https:\/\/www.colossalstore.es\/\",\"logo\":{\"@type\":\"ImageObject\",\"inLanguage\":\"en-US\",\"@id\":\"https:\/\/www.colossalstore.es\/#\/schema\/logo\/image\/\",\"url\":\"https:\/\/www.colossalstore.es\/wp-content\/uploads\/2023\/05\/Colossal_Logo-02.png\",\"contentUrl\":\"https:\/\/www.colossalstore.es\/wp-content\/uploads\/2023\/05\/Colossal_Logo-02.png\",\"width\":1181,\"height\":1181,\"caption\":\"Colossal Store\"},\"image\":{\"@id\":\"https:\/\/www.colossalstore.es\/#\/schema\/logo\/image\/\"},\"sameAs\":[\"https:\/\/x.com\/Colossal_Store\",\"https:\/\/www.instagram.com\/colossal_store_tcg\/\",\"https:\/\/www.tiktok.com\/@colossalstore\"]}]}<\/script>\n<!-- \/ Yoast SEO plugin. -->","yoast_head_json":{"title":"Kimetsu no Yaiba 3 (Koyoharu Gotouge) | Colossal Store","description":"Kimetsu no Yaiba 3 (Koyoharu Gotouge): \u00a1TANJIR\u00d4 DEBER\u00c1 HACERSE MUCHO M\u00c1S FUERTE SI QUIERE LOGRAR SU OBJETIVO! Gracias a la ayuda de Tamayo, Tanjir\u00f4 logra sobrepasar sus propios l\u00edmites y vencer al poderoso kekkijutsu de Yahaba. En el otro campo de batalla Nezuko tambi\u00e9n le planta cara a Susamaru y gracias a ello Tamayo consigue enga\u00f1arla para que caiga en su hechizo. Sin embargo, la victoria le deja un sabor amargo a Tanjir\u00f4 cuando descubre que sus enemigos no eran realmente miembros de las 12 lunas demon\u00edacas. Si ante unos rivales tan d\u00e9biles ha necesitado ayuda, \u00bfqu\u00e9 ocurrir\u00e1 el d\u00eda que se tope cara a cara con uno de verdad?","robots":{"index":"index","follow":"follow","max-snippet":"max-snippet:-1","max-image-preview":"max-image-preview:large","max-video-preview":"max-video-preview:-1"},"canonical":"https:\/\/www.colossalstore.es\/en\/tienda\/manga\/guardianes-de-la-noche-3\/","og_locale":"en_US","og_type":"article","og_title":"Kimetsu no Yaiba 3 (Koyoharu Gotouge) | Colossal Store","og_description":"Kimetsu no Yaiba 3 (Koyoharu Gotouge): \u00a1TANJIR\u00d4 DEBER\u00c1 HACERSE MUCHO M\u00c1S FUERTE SI QUIERE LOGRAR SU OBJETIVO! Gracias a la ayuda de Tamayo, Tanjir\u00f4 logra sobrepasar sus propios l\u00edmites y vencer al poderoso kekkijutsu de Yahaba. En el otro campo de batalla Nezuko tambi\u00e9n le planta cara a Susamaru y gracias a ello Tamayo consigue enga\u00f1arla para que caiga en su hechizo. Sin embargo, la victoria le deja un sabor amargo a Tanjir\u00f4 cuando descubre que sus enemigos no eran realmente miembros de las 12 lunas demon\u00edacas. Si ante unos rivales tan d\u00e9biles ha necesitado ayuda, \u00bfqu\u00e9 ocurrir\u00e1 el d\u00eda que se tope cara a cara con uno de verdad?","og_url":"https:\/\/www.colossalstore.es\/en\/tienda\/manga\/guardianes-de-la-noche-3\/","og_site_name":"Colossal Store","article_modified_time":"2025-06-20T09:17:56+00:00","og_image":[{"width":552,"height":841,"url":"https:\/\/www.colossalstore.es\/wp-content\/uploads\/2023\/04\/9788467935134.jpg","type":"image\/jpeg"}],"twitter_card":"summary_large_image","twitter_site":"@Colossal_Store","twitter_misc":{"Est. reading time":"1 minute"},"schema":{"@context":"https:\/\/schema.org","@graph":[{"@type":"WebPage","@id":"https:\/\/www.colossalstore.es\/tienda\/manga\/guardianes-de-la-noche-3\/","url":"https:\/\/www.colossalstore.es\/tienda\/manga\/guardianes-de-la-noche-3\/","name":"Kimetsu no Yaiba 3 (Koyoharu Gotouge) | Colossal Store","isPartOf":{"@id":"https:\/\/www.colossalstore.es\/#website"},"primaryImageOfPage":{"@id":"https:\/\/www.colossalstore.es\/tienda\/manga\/guardianes-de-la-noche-3\/#primaryimage"},"image":{"@id":"https:\/\/www.colossalstore.es\/tienda\/manga\/guardianes-de-la-noche-3\/#primaryimage"},"thumbnailUrl":"https:\/\/www.colossalstore.es\/wp-content\/uploads\/2023\/04\/9788467935134.jpg","datePublished":"2023-04-20T17:56:40+00:00","dateModified":"2025-06-20T09:17:56+00:00","description":"Kimetsu no Yaiba 3 (Koyoharu Gotouge): \u00a1TANJIR\u00d4 DEBER\u00c1 HACERSE MUCHO M\u00c1S FUERTE SI QUIERE LOGRAR SU OBJETIVO! Gracias a la ayuda de Tamayo, Tanjir\u00f4 logra sobrepasar sus propios l\u00edmites y vencer al poderoso kekkijutsu de Yahaba. En el otro campo de batalla Nezuko tambi\u00e9n le planta cara a Susamaru y gracias a ello Tamayo consigue enga\u00f1arla para que caiga en su hechizo. Sin embargo, la victoria le deja un sabor amargo a Tanjir\u00f4 cuando descubre que sus enemigos no eran realmente miembros de las 12 lunas demon\u00edacas. Si ante unos rivales tan d\u00e9biles ha necesitado ayuda, \u00bfqu\u00e9 ocurrir\u00e1 el d\u00eda que se tope cara a cara con uno de verdad?","breadcrumb":{"@id":"https:\/\/www.colossalstore.es\/tienda\/manga\/guardianes-de-la-noche-3\/#breadcrumb"},"inLanguage":"en-US","potentialAction":[{"@type":"ReadAction","target":["https:\/\/www.colossalstore.es\/tienda\/manga\/guardianes-de-la-noche-3\/"]}]},{"@type":"ImageObject","inLanguage":"en-US","@id":"https:\/\/www.colossalstore.es\/tienda\/manga\/guardianes-de-la-noche-3\/#primaryimage","url":"https:\/\/www.colossalstore.es\/wp-content\/uploads\/2023\/04\/9788467935134.jpg","contentUrl":"https:\/\/www.colossalstore.es\/wp-content\/uploads\/2023\/04\/9788467935134.jpg","width":552,"height":841},{"@type":"BreadcrumbList","@id":"https:\/\/www.colossalstore.es\/tienda\/manga\/guardianes-de-la-noche-3\/#breadcrumb","itemListElement":[{"@type":"ListItem","position":1,"name":"Home","item":"https:\/\/www.colossalstore.es\/"},{"@type":"ListItem","position":2,"name":"Tienda","item":"https:\/\/www.colossalstore.es\/tienda\/"},{"@type":"ListItem","position":3,"name":"Guardianes de la noche 3"}]},{"@type":"WebSite","@id":"https:\/\/www.colossalstore.es\/#website","url":"https:\/\/www.colossalstore.es\/","name":"Colossal Store","description":"Colossal Store, store specialized in TCGs.","publisher":{"@id":"https:\/\/www.colossalstore.es\/#organization"},"alternateName":"Colossal Store","potentialAction":[{"@type":"SearchAction","target":{"@type":"EntryPoint","urlTemplate":"https:\/\/www.colossalstore.es\/?s={search_term_string}"},"query-input":{"@type":"PropertyValueSpecification","valueRequired":true,"valueName":"search_term_string"}}],"inLanguage":"en-US"},{"@type":"Organization","@id":"https:\/\/www.colossalstore.es\/#organization","name":"Colossal Store","url":"https:\/\/www.colossalstore.es\/","logo":{"@type":"ImageObject","inLanguage":"en-US","@id":"https:\/\/www.colossalstore.es\/#\/schema\/logo\/image\/","url":"https:\/\/www.colossalstore.es\/wp-content\/uploads\/2023\/05\/Colossal_Logo-02.png","contentUrl":"https:\/\/www.colossalstore.es\/wp-content\/uploads\/2023\/05\/Colossal_Logo-02.png","width":1181,"height":1181,"caption":"Colossal Store"},"image":{"@id":"https:\/\/www.colossalstore.es\/#\/schema\/logo\/image\/"},"sameAs":["https:\/\/x.com\/Colossal_Store","https:\/\/www.instagram.com\/colossal_store_tcg\/","https:\/\/www.tiktok.com\/@colossalstore"]}]}},"_links":{"self":[{"href":"https:\/\/www.colossalstore.es\/en\/wp-json\/wp\/v2\/product\/4806","targetHints":{"allow":["GET"]}}],"collection":[{"href":"https:\/\/www.colossalstore.es\/en\/wp-json\/wp\/v2\/product"}],"about":[{"href":"https:\/\/www.colossalstore.es\/en\/wp-json\/wp\/v2\/types\/product"}],"replies":[{"embeddable":true,"href":"https:\/\/www.colossalstore.es\/en\/wp-json\/wp\/v2\/comments?post=4806"}],"wp:featuredmedia":[{"embeddable":true,"href":"https:\/\/www.colossalstore.es\/en\/wp-json\/wp\/v2\/media\/4807"}],"wp:attachment":[{"href":"https:\/\/www.colossalstore.es\/en\/wp-json\/wp\/v2\/media?parent=4806"}],"wp:term":[{"taxonomy":"product_brand","embeddable":true,"href":"https:\/\/www.colossalstore.es\/en\/wp-json\/wp\/v2\/product_brand?post=4806"},{"taxonomy":"product_cat","embeddable":true,"href":"https:\/\/www.colossalstore.es\/en\/wp-json\/wp\/v2\/product_cat?post=4806"},{"taxonomy":"product_tag","embeddable":true,"href":"https:\/\/www.colossalstore.es\/en\/wp-json\/wp\/v2\/product_tag?post=4806"}],"curies":[{"name":"wp","href":"https:\/\/api.w.org\/{rel}","templated":true}]}}