{"id":4800,"date":"2023-04-20T19:45:44","date_gmt":"2023-04-20T17:45:44","guid":{"rendered":"https:\/\/www.colossalstore.es\/?post_type=product&#038;p=4800"},"modified":"2025-06-20T11:17:57","modified_gmt":"2025-06-20T09:17:57","slug":"chainsaw-man-12","status":"publish","type":"product","link":"https:\/\/www.colossalstore.es\/en\/tienda\/manga\/chainsaw-man-12\/","title":{"rendered":"Chainsaw Man 12"},"content":{"rendered":"<p>Chainsaw Man 12 (Tatsuki Fujimoto)<\/p>\n<p>I can turn everything I own into weapons.<br \/>\nIt took a while, but the wait was worth it. In this new volume we will meet the demon of war, Mitaka, a young student who will discover the voracious hatred that her classmates feel for her and that she will take advantage of to become stronger and stronger. But as often happens in these cases, the boundary between what is ethical and what benefits her stands in her way. Will Mitaka give in to his thirst for revenge or will he give in to moral standards?<\/p>","protected":false},"excerpt":{"rendered":"<p>Chainsaw Man 12 (Tatsuki Fujimoto) Puedo convertir en armas todo aquello que poseo. Se ha hecho de rogar, pero la espera ha merecido la pena. En este nuevo volumen conoceremos al demonio de la guerra, Mitaka, una joven estudiante que descubrir\u00e1 el odio voraz que sienten por ella sus compa\u00f1eros de clase y que aprovechar\u00e1 [&hellip;]<\/p>","protected":false},"featured_media":4801,"comment_status":"open","ping_status":"closed","template":"","meta":{"_joinchat":[]},"product_brand":[],"product_cat":[32],"product_tag":[],"class_list":{"0":"post-4800","1":"product","2":"type-product","3":"status-publish","4":"has-post-thumbnail","6":"product_cat-manga","8":"first","9":"outofstock","10":"sale","11":"taxable","12":"shipping-taxable","13":"purchasable","14":"product-type-simple"},"yoast_head":"<!-- This site is optimized with the Yoast SEO plugin v25.7 - https:\/\/yoast.com\/wordpress\/plugins\/seo\/ -->\n<title>Chainsaw Man 12 (Tatsuki Fujimoto) | Colossal Store<\/title>\n<meta name=\"description\" content=\"Chainsaw Man 12 (Tatsuki Fujimoto) Puedo convertir en armas todo aquello que poseo.Se ha hecho de rogar, pero la espera ha merecido la pena. En este nuevo volumen conoceremos al demonio de la guerra, Mitaka, una joven estudiante que descubrir\u00e1 el odio voraz que sienten por ella sus compa\u00f1eros de clase y que aprovechar\u00e1 para hacerse m\u00e1s y m\u00e1s fuerte. Pero como suele suceder en estos casos, el l\u00edmite entre lo \u00e9tico y lo que la beneficia se interpone en su camino. \u00bfSe dejar\u00e1 llevar Mitaka por su sed de venganza o ceder\u00e1 ante las normas morales?\" \/>\n<meta name=\"robots\" content=\"index, follow, max-snippet:-1, max-image-preview:large, max-video-preview:-1\" \/>\n<link rel=\"canonical\" href=\"https:\/\/www.colossalstore.es\/en\/tienda\/manga\/chainsaw-man-12\/\" \/>\n<meta property=\"og:locale\" content=\"en_US\" \/>\n<meta property=\"og:type\" content=\"article\" \/>\n<meta property=\"og:title\" content=\"Chainsaw Man 12 (Tatsuki Fujimoto) | Colossal Store\" \/>\n<meta property=\"og:description\" content=\"Chainsaw Man 12 (Tatsuki Fujimoto) Puedo convertir en armas todo aquello que poseo.Se ha hecho de rogar, pero la espera ha merecido la pena. En este nuevo volumen conoceremos al demonio de la guerra, Mitaka, una joven estudiante que descubrir\u00e1 el odio voraz que sienten por ella sus compa\u00f1eros de clase y que aprovechar\u00e1 para hacerse m\u00e1s y m\u00e1s fuerte. Pero como suele suceder en estos casos, el l\u00edmite entre lo \u00e9tico y lo que la beneficia se interpone en su camino. \u00bfSe dejar\u00e1 llevar Mitaka por su sed de venganza o ceder\u00e1 ante las normas morales?\" \/>\n<meta property=\"og:url\" content=\"https:\/\/www.colossalstore.es\/en\/tienda\/manga\/chainsaw-man-12\/\" \/>\n<meta property=\"og:site_name\" content=\"Colossal Store\" \/>\n<meta property=\"article:modified_time\" content=\"2025-06-20T09:17:57+00:00\" \/>\n<meta property=\"og:image\" content=\"https:\/\/www.colossalstore.es\/wp-content\/uploads\/2023\/04\/9788467959741.jpg\" \/>\n\t<meta property=\"og:image:width\" content=\"552\" \/>\n\t<meta property=\"og:image:height\" content=\"841\" \/>\n\t<meta property=\"og:image:type\" content=\"image\/jpeg\" \/>\n<meta name=\"twitter:card\" content=\"summary_large_image\" \/>\n<meta name=\"twitter:site\" content=\"@Colossal_Store\" \/>\n<meta name=\"twitter:label1\" content=\"Est. reading time\" \/>\n\t<meta name=\"twitter:data1\" content=\"1 minute\" \/>\n<script type=\"application\/ld+json\" class=\"yoast-schema-graph\">{\"@context\":\"https:\/\/schema.org\",\"@graph\":[{\"@type\":\"WebPage\",\"@id\":\"https:\/\/www.colossalstore.es\/tienda\/manga\/chainsaw-man-12\/\",\"url\":\"https:\/\/www.colossalstore.es\/tienda\/manga\/chainsaw-man-12\/\",\"name\":\"Chainsaw Man 12 (Tatsuki Fujimoto) | Colossal Store\",\"isPartOf\":{\"@id\":\"https:\/\/www.colossalstore.es\/#website\"},\"primaryImageOfPage\":{\"@id\":\"https:\/\/www.colossalstore.es\/tienda\/manga\/chainsaw-man-12\/#primaryimage\"},\"image\":{\"@id\":\"https:\/\/www.colossalstore.es\/tienda\/manga\/chainsaw-man-12\/#primaryimage\"},\"thumbnailUrl\":\"https:\/\/www.colossalstore.es\/wp-content\/uploads\/2023\/04\/9788467959741.jpg\",\"datePublished\":\"2023-04-20T17:45:44+00:00\",\"dateModified\":\"2025-06-20T09:17:57+00:00\",\"description\":\"Chainsaw Man 12 (Tatsuki Fujimoto) Puedo convertir en armas todo aquello que poseo.Se ha hecho de rogar, pero la espera ha merecido la pena. En este nuevo volumen conoceremos al demonio de la guerra, Mitaka, una joven estudiante que descubrir\u00e1 el odio voraz que sienten por ella sus compa\u00f1eros de clase y que aprovechar\u00e1 para hacerse m\u00e1s y m\u00e1s fuerte. Pero como suele suceder en estos casos, el l\u00edmite entre lo \u00e9tico y lo que la beneficia se interpone en su camino. \u00bfSe dejar\u00e1 llevar Mitaka por su sed de venganza o ceder\u00e1 ante las normas morales?\",\"breadcrumb\":{\"@id\":\"https:\/\/www.colossalstore.es\/tienda\/manga\/chainsaw-man-12\/#breadcrumb\"},\"inLanguage\":\"en-US\",\"potentialAction\":[{\"@type\":\"ReadAction\",\"target\":[\"https:\/\/www.colossalstore.es\/tienda\/manga\/chainsaw-man-12\/\"]}]},{\"@type\":\"ImageObject\",\"inLanguage\":\"en-US\",\"@id\":\"https:\/\/www.colossalstore.es\/tienda\/manga\/chainsaw-man-12\/#primaryimage\",\"url\":\"https:\/\/www.colossalstore.es\/wp-content\/uploads\/2023\/04\/9788467959741.jpg\",\"contentUrl\":\"https:\/\/www.colossalstore.es\/wp-content\/uploads\/2023\/04\/9788467959741.jpg\",\"width\":552,\"height\":841},{\"@type\":\"BreadcrumbList\",\"@id\":\"https:\/\/www.colossalstore.es\/tienda\/manga\/chainsaw-man-12\/#breadcrumb\",\"itemListElement\":[{\"@type\":\"ListItem\",\"position\":1,\"name\":\"Home\",\"item\":\"https:\/\/www.colossalstore.es\/\"},{\"@type\":\"ListItem\",\"position\":2,\"name\":\"Tienda\",\"item\":\"https:\/\/www.colossalstore.es\/tienda\/\"},{\"@type\":\"ListItem\",\"position\":3,\"name\":\"Chainsaw Man 12\"}]},{\"@type\":\"WebSite\",\"@id\":\"https:\/\/www.colossalstore.es\/#website\",\"url\":\"https:\/\/www.colossalstore.es\/\",\"name\":\"Colossal Store\",\"description\":\"Colossal Store, tienda especializada en TCGs.\",\"publisher\":{\"@id\":\"https:\/\/www.colossalstore.es\/#organization\"},\"alternateName\":\"Colossal Store\",\"potentialAction\":[{\"@type\":\"SearchAction\",\"target\":{\"@type\":\"EntryPoint\",\"urlTemplate\":\"https:\/\/www.colossalstore.es\/?s={search_term_string}\"},\"query-input\":{\"@type\":\"PropertyValueSpecification\",\"valueRequired\":true,\"valueName\":\"search_term_string\"}}],\"inLanguage\":\"en-US\"},{\"@type\":\"Organization\",\"@id\":\"https:\/\/www.colossalstore.es\/#organization\",\"name\":\"Colossal Store\",\"url\":\"https:\/\/www.colossalstore.es\/\",\"logo\":{\"@type\":\"ImageObject\",\"inLanguage\":\"en-US\",\"@id\":\"https:\/\/www.colossalstore.es\/#\/schema\/logo\/image\/\",\"url\":\"https:\/\/www.colossalstore.es\/wp-content\/uploads\/2023\/05\/Colossal_Logo-02.png\",\"contentUrl\":\"https:\/\/www.colossalstore.es\/wp-content\/uploads\/2023\/05\/Colossal_Logo-02.png\",\"width\":1181,\"height\":1181,\"caption\":\"Colossal Store\"},\"image\":{\"@id\":\"https:\/\/www.colossalstore.es\/#\/schema\/logo\/image\/\"},\"sameAs\":[\"https:\/\/x.com\/Colossal_Store\",\"https:\/\/www.instagram.com\/colossal_store_tcg\/\",\"https:\/\/www.tiktok.com\/@colossalstore\"]}]}<\/script>\n<!-- \/ Yoast SEO plugin. -->","yoast_head_json":{"title":"Chainsaw Man 12 (Tatsuki Fujimoto) | Colossal Store","description":"Chainsaw Man 12 (Tatsuki Fujimoto) Puedo convertir en armas todo aquello que poseo.Se ha hecho de rogar, pero la espera ha merecido la pena. En este nuevo volumen conoceremos al demonio de la guerra, Mitaka, una joven estudiante que descubrir\u00e1 el odio voraz que sienten por ella sus compa\u00f1eros de clase y que aprovechar\u00e1 para hacerse m\u00e1s y m\u00e1s fuerte. Pero como suele suceder en estos casos, el l\u00edmite entre lo \u00e9tico y lo que la beneficia se interpone en su camino. \u00bfSe dejar\u00e1 llevar Mitaka por su sed de venganza o ceder\u00e1 ante las normas morales?","robots":{"index":"index","follow":"follow","max-snippet":"max-snippet:-1","max-image-preview":"max-image-preview:large","max-video-preview":"max-video-preview:-1"},"canonical":"https:\/\/www.colossalstore.es\/en\/tienda\/manga\/chainsaw-man-12\/","og_locale":"en_US","og_type":"article","og_title":"Chainsaw Man 12 (Tatsuki Fujimoto) | Colossal Store","og_description":"Chainsaw Man 12 (Tatsuki Fujimoto) Puedo convertir en armas todo aquello que poseo.Se ha hecho de rogar, pero la espera ha merecido la pena. En este nuevo volumen conoceremos al demonio de la guerra, Mitaka, una joven estudiante que descubrir\u00e1 el odio voraz que sienten por ella sus compa\u00f1eros de clase y que aprovechar\u00e1 para hacerse m\u00e1s y m\u00e1s fuerte. Pero como suele suceder en estos casos, el l\u00edmite entre lo \u00e9tico y lo que la beneficia se interpone en su camino. \u00bfSe dejar\u00e1 llevar Mitaka por su sed de venganza o ceder\u00e1 ante las normas morales?","og_url":"https:\/\/www.colossalstore.es\/en\/tienda\/manga\/chainsaw-man-12\/","og_site_name":"Colossal Store","article_modified_time":"2025-06-20T09:17:57+00:00","og_image":[{"width":552,"height":841,"url":"https:\/\/www.colossalstore.es\/wp-content\/uploads\/2023\/04\/9788467959741.jpg","type":"image\/jpeg"}],"twitter_card":"summary_large_image","twitter_site":"@Colossal_Store","twitter_misc":{"Est. reading time":"1 minute"},"schema":{"@context":"https:\/\/schema.org","@graph":[{"@type":"WebPage","@id":"https:\/\/www.colossalstore.es\/tienda\/manga\/chainsaw-man-12\/","url":"https:\/\/www.colossalstore.es\/tienda\/manga\/chainsaw-man-12\/","name":"Chainsaw Man 12 (Tatsuki Fujimoto) | Colossal Store","isPartOf":{"@id":"https:\/\/www.colossalstore.es\/#website"},"primaryImageOfPage":{"@id":"https:\/\/www.colossalstore.es\/tienda\/manga\/chainsaw-man-12\/#primaryimage"},"image":{"@id":"https:\/\/www.colossalstore.es\/tienda\/manga\/chainsaw-man-12\/#primaryimage"},"thumbnailUrl":"https:\/\/www.colossalstore.es\/wp-content\/uploads\/2023\/04\/9788467959741.jpg","datePublished":"2023-04-20T17:45:44+00:00","dateModified":"2025-06-20T09:17:57+00:00","description":"Chainsaw Man 12 (Tatsuki Fujimoto) Puedo convertir en armas todo aquello que poseo.Se ha hecho de rogar, pero la espera ha merecido la pena. En este nuevo volumen conoceremos al demonio de la guerra, Mitaka, una joven estudiante que descubrir\u00e1 el odio voraz que sienten por ella sus compa\u00f1eros de clase y que aprovechar\u00e1 para hacerse m\u00e1s y m\u00e1s fuerte. Pero como suele suceder en estos casos, el l\u00edmite entre lo \u00e9tico y lo que la beneficia se interpone en su camino. \u00bfSe dejar\u00e1 llevar Mitaka por su sed de venganza o ceder\u00e1 ante las normas morales?","breadcrumb":{"@id":"https:\/\/www.colossalstore.es\/tienda\/manga\/chainsaw-man-12\/#breadcrumb"},"inLanguage":"en-US","potentialAction":[{"@type":"ReadAction","target":["https:\/\/www.colossalstore.es\/tienda\/manga\/chainsaw-man-12\/"]}]},{"@type":"ImageObject","inLanguage":"en-US","@id":"https:\/\/www.colossalstore.es\/tienda\/manga\/chainsaw-man-12\/#primaryimage","url":"https:\/\/www.colossalstore.es\/wp-content\/uploads\/2023\/04\/9788467959741.jpg","contentUrl":"https:\/\/www.colossalstore.es\/wp-content\/uploads\/2023\/04\/9788467959741.jpg","width":552,"height":841},{"@type":"BreadcrumbList","@id":"https:\/\/www.colossalstore.es\/tienda\/manga\/chainsaw-man-12\/#breadcrumb","itemListElement":[{"@type":"ListItem","position":1,"name":"Home","item":"https:\/\/www.colossalstore.es\/"},{"@type":"ListItem","position":2,"name":"Tienda","item":"https:\/\/www.colossalstore.es\/tienda\/"},{"@type":"ListItem","position":3,"name":"Chainsaw Man 12"}]},{"@type":"WebSite","@id":"https:\/\/www.colossalstore.es\/#website","url":"https:\/\/www.colossalstore.es\/","name":"Colossal Store","description":"Colossal Store, store specialized in TCGs.","publisher":{"@id":"https:\/\/www.colossalstore.es\/#organization"},"alternateName":"Colossal Store","potentialAction":[{"@type":"SearchAction","target":{"@type":"EntryPoint","urlTemplate":"https:\/\/www.colossalstore.es\/?s={search_term_string}"},"query-input":{"@type":"PropertyValueSpecification","valueRequired":true,"valueName":"search_term_string"}}],"inLanguage":"en-US"},{"@type":"Organization","@id":"https:\/\/www.colossalstore.es\/#organization","name":"Colossal Store","url":"https:\/\/www.colossalstore.es\/","logo":{"@type":"ImageObject","inLanguage":"en-US","@id":"https:\/\/www.colossalstore.es\/#\/schema\/logo\/image\/","url":"https:\/\/www.colossalstore.es\/wp-content\/uploads\/2023\/05\/Colossal_Logo-02.png","contentUrl":"https:\/\/www.colossalstore.es\/wp-content\/uploads\/2023\/05\/Colossal_Logo-02.png","width":1181,"height":1181,"caption":"Colossal Store"},"image":{"@id":"https:\/\/www.colossalstore.es\/#\/schema\/logo\/image\/"},"sameAs":["https:\/\/x.com\/Colossal_Store","https:\/\/www.instagram.com\/colossal_store_tcg\/","https:\/\/www.tiktok.com\/@colossalstore"]}]}},"_links":{"self":[{"href":"https:\/\/www.colossalstore.es\/en\/wp-json\/wp\/v2\/product\/4800","targetHints":{"allow":["GET"]}}],"collection":[{"href":"https:\/\/www.colossalstore.es\/en\/wp-json\/wp\/v2\/product"}],"about":[{"href":"https:\/\/www.colossalstore.es\/en\/wp-json\/wp\/v2\/types\/product"}],"replies":[{"embeddable":true,"href":"https:\/\/www.colossalstore.es\/en\/wp-json\/wp\/v2\/comments?post=4800"}],"wp:featuredmedia":[{"embeddable":true,"href":"https:\/\/www.colossalstore.es\/en\/wp-json\/wp\/v2\/media\/4801"}],"wp:attachment":[{"href":"https:\/\/www.colossalstore.es\/en\/wp-json\/wp\/v2\/media?parent=4800"}],"wp:term":[{"taxonomy":"product_brand","embeddable":true,"href":"https:\/\/www.colossalstore.es\/en\/wp-json\/wp\/v2\/product_brand?post=4800"},{"taxonomy":"product_cat","embeddable":true,"href":"https:\/\/www.colossalstore.es\/en\/wp-json\/wp\/v2\/product_cat?post=4800"},{"taxonomy":"product_tag","embeddable":true,"href":"https:\/\/www.colossalstore.es\/en\/wp-json\/wp\/v2\/product_tag?post=4800"}],"curies":[{"name":"wp","href":"https:\/\/api.w.org\/{rel}","templated":true}]}}