{"id":4798,"date":"2023-04-20T19:41:56","date_gmt":"2023-04-20T17:41:56","guid":{"rendered":"https:\/\/www.colossalstore.es\/?post_type=product&#038;p=4798"},"modified":"2025-06-20T11:17:57","modified_gmt":"2025-06-20T09:17:57","slug":"jujutsu-kaisen-18-2","status":"publish","type":"product","link":"https:\/\/www.colossalstore.es\/en\/tienda\/manga\/jujutsu-kaisen-18-2\/","title":{"rendered":"Jujutsu Kaisen 18"},"content":{"rendered":"<p>Jujutsu Kaisen Volume 18 (Gege Akutami)<\/p>\n<p>The Journey of Annihilation is near, and Itadori and company need to make all possible preparations in order to emerge victorious from it. Together with Fushiguro, he goes in search of Kinji Hakari, the former third-year student temporarily expelled from the Institute of Wizardry. They need his help, but his new position as head of an underground fight club isn&#039;t going to make it easy for him. Will they be able to recruit a sorcerer whose level Goj\u00f4 claimed could rival their own in the future?<\/p>","protected":false},"excerpt":{"rendered":"<p>Jujutsu kaisen tomo 18 (Gege Akutami) El Viaje de aniquilaci\u00f3n est\u00e1 cerca, e Itadori y compa\u00f1\u00eda necesitan hacer todos los preparativos posibles para poder salir victoriosos de \u00e9l. Junto a Fushiguro, va en busca de Kinji Hakari, el exalumno de tercero expulsado temporalmente del Instituto de Hechicer\u00eda. Necesitan su ayuda, pero su nueva posici\u00f3n como [&hellip;]<\/p>","protected":false},"featured_media":4799,"comment_status":"open","ping_status":"closed","template":"","meta":{"_joinchat":[]},"product_brand":[],"product_cat":[32],"product_tag":[],"class_list":{"0":"post-4798","1":"product","2":"type-product","3":"status-publish","4":"has-post-thumbnail","6":"product_cat-manga","8":"first","9":"outofstock","10":"sale","11":"taxable","12":"shipping-taxable","13":"purchasable","14":"product-type-simple"},"yoast_head":"<!-- This site is optimized with the Yoast SEO plugin v25.7 - https:\/\/yoast.com\/wordpress\/plugins\/seo\/ -->\n<title>Jujutsu kaisen tomo 18 (Gege Akutami) | Colossal Store<\/title>\n<meta name=\"description\" content=\"Jujutsu kaisen tomo 18 (Gege Akutami) El Viaje de aniquilaci\u00f3n est\u00e1 cerca, e Itadori y compa\u00f1\u00eda necesitan hacer todos los preparativos posibles para poder salir victoriosos de \u00e9l. Junto a Fushiguro, va en busca de Kinji Hakari, el exalumno de tercero expulsado temporalmente del Instituto de Hechicer\u00eda. Necesitan su ayuda, pero su nueva posici\u00f3n como jefe de un club de lucha clandestino no se lo va a poner f\u00e1cil. \u00bfSer\u00e1n capaces de reclutar a un hechicero cuyo nivel Goj\u00f4 afirm\u00f3 que, en un futuro, podr\u00eda llegar a rivalizar al suyo?\" \/>\n<meta name=\"robots\" content=\"index, follow, max-snippet:-1, max-image-preview:large, max-video-preview:-1\" \/>\n<link rel=\"canonical\" href=\"https:\/\/www.colossalstore.es\/en\/tienda\/manga\/jujutsu-kaisen-18-2\/\" \/>\n<meta property=\"og:locale\" content=\"en_US\" \/>\n<meta property=\"og:type\" content=\"article\" \/>\n<meta property=\"og:title\" content=\"Jujutsu kaisen tomo 18 (Gege Akutami) | Colossal Store\" \/>\n<meta property=\"og:description\" content=\"Jujutsu kaisen tomo 18 (Gege Akutami) El Viaje de aniquilaci\u00f3n est\u00e1 cerca, e Itadori y compa\u00f1\u00eda necesitan hacer todos los preparativos posibles para poder salir victoriosos de \u00e9l. Junto a Fushiguro, va en busca de Kinji Hakari, el exalumno de tercero expulsado temporalmente del Instituto de Hechicer\u00eda. Necesitan su ayuda, pero su nueva posici\u00f3n como jefe de un club de lucha clandestino no se lo va a poner f\u00e1cil. \u00bfSer\u00e1n capaces de reclutar a un hechicero cuyo nivel Goj\u00f4 afirm\u00f3 que, en un futuro, podr\u00eda llegar a rivalizar al suyo?\" \/>\n<meta property=\"og:url\" content=\"https:\/\/www.colossalstore.es\/en\/tienda\/manga\/jujutsu-kaisen-18-2\/\" \/>\n<meta property=\"og:site_name\" content=\"Colossal Store\" \/>\n<meta property=\"article:modified_time\" content=\"2025-06-20T09:17:57+00:00\" \/>\n<meta property=\"og:image\" content=\"https:\/\/www.colossalstore.es\/wp-content\/uploads\/2023\/04\/9788467949902.jpg\" \/>\n\t<meta property=\"og:image:width\" content=\"229\" \/>\n\t<meta property=\"og:image:height\" content=\"350\" \/>\n\t<meta property=\"og:image:type\" content=\"image\/jpeg\" \/>\n<meta name=\"twitter:card\" content=\"summary_large_image\" \/>\n<meta name=\"twitter:site\" content=\"@Colossal_Store\" \/>\n<meta name=\"twitter:label1\" content=\"Est. reading time\" \/>\n\t<meta name=\"twitter:data1\" content=\"1 minute\" \/>\n<script type=\"application\/ld+json\" class=\"yoast-schema-graph\">{\"@context\":\"https:\/\/schema.org\",\"@graph\":[{\"@type\":\"WebPage\",\"@id\":\"https:\/\/www.colossalstore.es\/tienda\/manga\/jujutsu-kaisen-18-2\/\",\"url\":\"https:\/\/www.colossalstore.es\/tienda\/manga\/jujutsu-kaisen-18-2\/\",\"name\":\"Jujutsu kaisen tomo 18 (Gege Akutami) | Colossal Store\",\"isPartOf\":{\"@id\":\"https:\/\/www.colossalstore.es\/#website\"},\"primaryImageOfPage\":{\"@id\":\"https:\/\/www.colossalstore.es\/tienda\/manga\/jujutsu-kaisen-18-2\/#primaryimage\"},\"image\":{\"@id\":\"https:\/\/www.colossalstore.es\/tienda\/manga\/jujutsu-kaisen-18-2\/#primaryimage\"},\"thumbnailUrl\":\"https:\/\/www.colossalstore.es\/wp-content\/uploads\/2023\/04\/9788467949902.jpg\",\"datePublished\":\"2023-04-20T17:41:56+00:00\",\"dateModified\":\"2025-06-20T09:17:57+00:00\",\"description\":\"Jujutsu kaisen tomo 18 (Gege Akutami) El Viaje de aniquilaci\u00f3n est\u00e1 cerca, e Itadori y compa\u00f1\u00eda necesitan hacer todos los preparativos posibles para poder salir victoriosos de \u00e9l. Junto a Fushiguro, va en busca de Kinji Hakari, el exalumno de tercero expulsado temporalmente del Instituto de Hechicer\u00eda. Necesitan su ayuda, pero su nueva posici\u00f3n como jefe de un club de lucha clandestino no se lo va a poner f\u00e1cil. \u00bfSer\u00e1n capaces de reclutar a un hechicero cuyo nivel Goj\u00f4 afirm\u00f3 que, en un futuro, podr\u00eda llegar a rivalizar al suyo?\",\"breadcrumb\":{\"@id\":\"https:\/\/www.colossalstore.es\/tienda\/manga\/jujutsu-kaisen-18-2\/#breadcrumb\"},\"inLanguage\":\"en-US\",\"potentialAction\":[{\"@type\":\"ReadAction\",\"target\":[\"https:\/\/www.colossalstore.es\/tienda\/manga\/jujutsu-kaisen-18-2\/\"]}]},{\"@type\":\"ImageObject\",\"inLanguage\":\"en-US\",\"@id\":\"https:\/\/www.colossalstore.es\/tienda\/manga\/jujutsu-kaisen-18-2\/#primaryimage\",\"url\":\"https:\/\/www.colossalstore.es\/wp-content\/uploads\/2023\/04\/9788467949902.jpg\",\"contentUrl\":\"https:\/\/www.colossalstore.es\/wp-content\/uploads\/2023\/04\/9788467949902.jpg\",\"width\":229,\"height\":350},{\"@type\":\"BreadcrumbList\",\"@id\":\"https:\/\/www.colossalstore.es\/tienda\/manga\/jujutsu-kaisen-18-2\/#breadcrumb\",\"itemListElement\":[{\"@type\":\"ListItem\",\"position\":1,\"name\":\"Home\",\"item\":\"https:\/\/www.colossalstore.es\/\"},{\"@type\":\"ListItem\",\"position\":2,\"name\":\"Tienda\",\"item\":\"https:\/\/www.colossalstore.es\/tienda\/\"},{\"@type\":\"ListItem\",\"position\":3,\"name\":\"Jujutsu Kaisen 18\"}]},{\"@type\":\"WebSite\",\"@id\":\"https:\/\/www.colossalstore.es\/#website\",\"url\":\"https:\/\/www.colossalstore.es\/\",\"name\":\"Colossal Store\",\"description\":\"Colossal Store, tienda especializada en TCGs.\",\"publisher\":{\"@id\":\"https:\/\/www.colossalstore.es\/#organization\"},\"alternateName\":\"Colossal Store\",\"potentialAction\":[{\"@type\":\"SearchAction\",\"target\":{\"@type\":\"EntryPoint\",\"urlTemplate\":\"https:\/\/www.colossalstore.es\/?s={search_term_string}\"},\"query-input\":{\"@type\":\"PropertyValueSpecification\",\"valueRequired\":true,\"valueName\":\"search_term_string\"}}],\"inLanguage\":\"en-US\"},{\"@type\":\"Organization\",\"@id\":\"https:\/\/www.colossalstore.es\/#organization\",\"name\":\"Colossal Store\",\"url\":\"https:\/\/www.colossalstore.es\/\",\"logo\":{\"@type\":\"ImageObject\",\"inLanguage\":\"en-US\",\"@id\":\"https:\/\/www.colossalstore.es\/#\/schema\/logo\/image\/\",\"url\":\"https:\/\/www.colossalstore.es\/wp-content\/uploads\/2023\/05\/Colossal_Logo-02.png\",\"contentUrl\":\"https:\/\/www.colossalstore.es\/wp-content\/uploads\/2023\/05\/Colossal_Logo-02.png\",\"width\":1181,\"height\":1181,\"caption\":\"Colossal Store\"},\"image\":{\"@id\":\"https:\/\/www.colossalstore.es\/#\/schema\/logo\/image\/\"},\"sameAs\":[\"https:\/\/x.com\/Colossal_Store\",\"https:\/\/www.instagram.com\/colossal_store_tcg\/\",\"https:\/\/www.tiktok.com\/@colossalstore\"]}]}<\/script>\n<!-- \/ Yoast SEO plugin. -->","yoast_head_json":{"title":"Jujutsu kaisen tomo 18 (Gege Akutami) | Colossal Store","description":"Jujutsu kaisen tomo 18 (Gege Akutami) El Viaje de aniquilaci\u00f3n est\u00e1 cerca, e Itadori y compa\u00f1\u00eda necesitan hacer todos los preparativos posibles para poder salir victoriosos de \u00e9l. Junto a Fushiguro, va en busca de Kinji Hakari, el exalumno de tercero expulsado temporalmente del Instituto de Hechicer\u00eda. Necesitan su ayuda, pero su nueva posici\u00f3n como jefe de un club de lucha clandestino no se lo va a poner f\u00e1cil. \u00bfSer\u00e1n capaces de reclutar a un hechicero cuyo nivel Goj\u00f4 afirm\u00f3 que, en un futuro, podr\u00eda llegar a rivalizar al suyo?","robots":{"index":"index","follow":"follow","max-snippet":"max-snippet:-1","max-image-preview":"max-image-preview:large","max-video-preview":"max-video-preview:-1"},"canonical":"https:\/\/www.colossalstore.es\/en\/tienda\/manga\/jujutsu-kaisen-18-2\/","og_locale":"en_US","og_type":"article","og_title":"Jujutsu kaisen tomo 18 (Gege Akutami) | Colossal Store","og_description":"Jujutsu kaisen tomo 18 (Gege Akutami) El Viaje de aniquilaci\u00f3n est\u00e1 cerca, e Itadori y compa\u00f1\u00eda necesitan hacer todos los preparativos posibles para poder salir victoriosos de \u00e9l. Junto a Fushiguro, va en busca de Kinji Hakari, el exalumno de tercero expulsado temporalmente del Instituto de Hechicer\u00eda. Necesitan su ayuda, pero su nueva posici\u00f3n como jefe de un club de lucha clandestino no se lo va a poner f\u00e1cil. \u00bfSer\u00e1n capaces de reclutar a un hechicero cuyo nivel Goj\u00f4 afirm\u00f3 que, en un futuro, podr\u00eda llegar a rivalizar al suyo?","og_url":"https:\/\/www.colossalstore.es\/en\/tienda\/manga\/jujutsu-kaisen-18-2\/","og_site_name":"Colossal Store","article_modified_time":"2025-06-20T09:17:57+00:00","og_image":[{"width":229,"height":350,"url":"https:\/\/www.colossalstore.es\/wp-content\/uploads\/2023\/04\/9788467949902.jpg","type":"image\/jpeg"}],"twitter_card":"summary_large_image","twitter_site":"@Colossal_Store","twitter_misc":{"Est. reading time":"1 minute"},"schema":{"@context":"https:\/\/schema.org","@graph":[{"@type":"WebPage","@id":"https:\/\/www.colossalstore.es\/tienda\/manga\/jujutsu-kaisen-18-2\/","url":"https:\/\/www.colossalstore.es\/tienda\/manga\/jujutsu-kaisen-18-2\/","name":"Jujutsu kaisen tomo 18 (Gege Akutami) | Colossal Store","isPartOf":{"@id":"https:\/\/www.colossalstore.es\/#website"},"primaryImageOfPage":{"@id":"https:\/\/www.colossalstore.es\/tienda\/manga\/jujutsu-kaisen-18-2\/#primaryimage"},"image":{"@id":"https:\/\/www.colossalstore.es\/tienda\/manga\/jujutsu-kaisen-18-2\/#primaryimage"},"thumbnailUrl":"https:\/\/www.colossalstore.es\/wp-content\/uploads\/2023\/04\/9788467949902.jpg","datePublished":"2023-04-20T17:41:56+00:00","dateModified":"2025-06-20T09:17:57+00:00","description":"Jujutsu kaisen tomo 18 (Gege Akutami) El Viaje de aniquilaci\u00f3n est\u00e1 cerca, e Itadori y compa\u00f1\u00eda necesitan hacer todos los preparativos posibles para poder salir victoriosos de \u00e9l. Junto a Fushiguro, va en busca de Kinji Hakari, el exalumno de tercero expulsado temporalmente del Instituto de Hechicer\u00eda. Necesitan su ayuda, pero su nueva posici\u00f3n como jefe de un club de lucha clandestino no se lo va a poner f\u00e1cil. \u00bfSer\u00e1n capaces de reclutar a un hechicero cuyo nivel Goj\u00f4 afirm\u00f3 que, en un futuro, podr\u00eda llegar a rivalizar al suyo?","breadcrumb":{"@id":"https:\/\/www.colossalstore.es\/tienda\/manga\/jujutsu-kaisen-18-2\/#breadcrumb"},"inLanguage":"en-US","potentialAction":[{"@type":"ReadAction","target":["https:\/\/www.colossalstore.es\/tienda\/manga\/jujutsu-kaisen-18-2\/"]}]},{"@type":"ImageObject","inLanguage":"en-US","@id":"https:\/\/www.colossalstore.es\/tienda\/manga\/jujutsu-kaisen-18-2\/#primaryimage","url":"https:\/\/www.colossalstore.es\/wp-content\/uploads\/2023\/04\/9788467949902.jpg","contentUrl":"https:\/\/www.colossalstore.es\/wp-content\/uploads\/2023\/04\/9788467949902.jpg","width":229,"height":350},{"@type":"BreadcrumbList","@id":"https:\/\/www.colossalstore.es\/tienda\/manga\/jujutsu-kaisen-18-2\/#breadcrumb","itemListElement":[{"@type":"ListItem","position":1,"name":"Home","item":"https:\/\/www.colossalstore.es\/"},{"@type":"ListItem","position":2,"name":"Tienda","item":"https:\/\/www.colossalstore.es\/tienda\/"},{"@type":"ListItem","position":3,"name":"Jujutsu Kaisen 18"}]},{"@type":"WebSite","@id":"https:\/\/www.colossalstore.es\/#website","url":"https:\/\/www.colossalstore.es\/","name":"Colossal Store","description":"Colossal Store, store specialized in TCGs.","publisher":{"@id":"https:\/\/www.colossalstore.es\/#organization"},"alternateName":"Colossal Store","potentialAction":[{"@type":"SearchAction","target":{"@type":"EntryPoint","urlTemplate":"https:\/\/www.colossalstore.es\/?s={search_term_string}"},"query-input":{"@type":"PropertyValueSpecification","valueRequired":true,"valueName":"search_term_string"}}],"inLanguage":"en-US"},{"@type":"Organization","@id":"https:\/\/www.colossalstore.es\/#organization","name":"Colossal Store","url":"https:\/\/www.colossalstore.es\/","logo":{"@type":"ImageObject","inLanguage":"en-US","@id":"https:\/\/www.colossalstore.es\/#\/schema\/logo\/image\/","url":"https:\/\/www.colossalstore.es\/wp-content\/uploads\/2023\/05\/Colossal_Logo-02.png","contentUrl":"https:\/\/www.colossalstore.es\/wp-content\/uploads\/2023\/05\/Colossal_Logo-02.png","width":1181,"height":1181,"caption":"Colossal Store"},"image":{"@id":"https:\/\/www.colossalstore.es\/#\/schema\/logo\/image\/"},"sameAs":["https:\/\/x.com\/Colossal_Store","https:\/\/www.instagram.com\/colossal_store_tcg\/","https:\/\/www.tiktok.com\/@colossalstore"]}]}},"_links":{"self":[{"href":"https:\/\/www.colossalstore.es\/en\/wp-json\/wp\/v2\/product\/4798","targetHints":{"allow":["GET"]}}],"collection":[{"href":"https:\/\/www.colossalstore.es\/en\/wp-json\/wp\/v2\/product"}],"about":[{"href":"https:\/\/www.colossalstore.es\/en\/wp-json\/wp\/v2\/types\/product"}],"replies":[{"embeddable":true,"href":"https:\/\/www.colossalstore.es\/en\/wp-json\/wp\/v2\/comments?post=4798"}],"wp:featuredmedia":[{"embeddable":true,"href":"https:\/\/www.colossalstore.es\/en\/wp-json\/wp\/v2\/media\/4799"}],"wp:attachment":[{"href":"https:\/\/www.colossalstore.es\/en\/wp-json\/wp\/v2\/media?parent=4798"}],"wp:term":[{"taxonomy":"product_brand","embeddable":true,"href":"https:\/\/www.colossalstore.es\/en\/wp-json\/wp\/v2\/product_brand?post=4798"},{"taxonomy":"product_cat","embeddable":true,"href":"https:\/\/www.colossalstore.es\/en\/wp-json\/wp\/v2\/product_cat?post=4798"},{"taxonomy":"product_tag","embeddable":true,"href":"https:\/\/www.colossalstore.es\/en\/wp-json\/wp\/v2\/product_tag?post=4798"}],"curies":[{"name":"wp","href":"https:\/\/api.w.org\/{rel}","templated":true}]}}