{"id":4796,"date":"2023-04-20T19:39:56","date_gmt":"2023-04-20T17:39:56","guid":{"rendered":"https:\/\/www.colossalstore.es\/?post_type=product&#038;p=4796"},"modified":"2025-06-20T11:17:57","modified_gmt":"2025-06-20T09:17:57","slug":"jujutsu-kaisen-15","status":"publish","type":"product","link":"https:\/\/www.colossalstore.es\/en\/tienda\/manga\/jujutsu-kaisen-15\/","title":{"rendered":"Jujutsu Kaisen 15"},"content":{"rendered":"<p>Jujutsu Kaisen Volume 15 (Gege Akutami)<\/p>\n<p>CAN ITADORI&#039;S PSYCHE BEAR THE STRAIN? First there was Sukuna&#039;s massacre, then came Kento Nanami&#039;s death... and now Mahito has touched Kugisaki with his hand! When Itadori&#039;s heart has already exceeded its limit, produced by the weight of all the crimes that weigh on his shoulders, a man bursts in to alleviate his best friend&#039;s crisis. Will this be the end for Itadori and Mahito, who have cursed each other so much?!<\/p>","protected":false},"excerpt":{"rendered":"<p>Jujutsu kaisen tomo 15 (Gege Akutami) \u00bfPODR\u00c1 LA PSIQUE DE ITADORI AGUANTAR LA TENSI\u00d3N? Primero fue la masacre llevada a cabo por Sukuna, luego lleg\u00f3 la muerte de Kento Nanami&#8230; \u00a1y ahora Mahito ha tocado a Kugisaki con su mano! Cuando el coraz\u00f3n de Itadori ha sobrepasado ya su l\u00edmite, producido por la carga de [&hellip;]<\/p>","protected":false},"featured_media":4797,"comment_status":"open","ping_status":"closed","template":"","meta":{"_joinchat":[]},"product_brand":[],"product_cat":[32],"product_tag":[],"class_list":{"0":"post-4796","1":"product","2":"type-product","3":"status-publish","4":"has-post-thumbnail","6":"product_cat-manga","8":"first","9":"outofstock","10":"sale","11":"taxable","12":"shipping-taxable","13":"purchasable","14":"product-type-simple"},"yoast_head":"<!-- This site is optimized with the Yoast SEO plugin v25.7 - https:\/\/yoast.com\/wordpress\/plugins\/seo\/ -->\n<title>Jujutsu kaisen tomo 15 (Gege Akutami) | Colossal Store<\/title>\n<meta name=\"description\" content=\"Jujutsu kaisen tomo 15 (Gege Akutami) \u00bfPODR\u00c1 LA PSIQUE DE ITADORI AGUANTAR LA TENSI\u00d3N? Primero fue la masacre llevada a cabo por Sukuna, luego lleg\u00f3 la muerte de Kento Nanami... \u00a1y ahora Mahito ha tocado a Kugisaki con su mano! Cuando el coraz\u00f3n de Itadori ha sobrepasado ya su l\u00edmite, producido por la carga de todos los cr\u00edmenes que pesan sobre sus hombros, un hombre irrumpe para paliar la crisis de su mejor amigo. \u00a1\u00bfSer\u00e1 este el punto y final para Itadori y Mahito, que tanto se han maldecido el uno al otro?!\" \/>\n<meta name=\"robots\" content=\"index, follow, max-snippet:-1, max-image-preview:large, max-video-preview:-1\" \/>\n<link rel=\"canonical\" href=\"https:\/\/www.colossalstore.es\/en\/tienda\/manga\/jujutsu-kaisen-15\/\" \/>\n<meta property=\"og:locale\" content=\"en_US\" \/>\n<meta property=\"og:type\" content=\"article\" \/>\n<meta property=\"og:title\" content=\"Jujutsu kaisen tomo 15 (Gege Akutami) | Colossal Store\" \/>\n<meta property=\"og:description\" content=\"Jujutsu kaisen tomo 15 (Gege Akutami) \u00bfPODR\u00c1 LA PSIQUE DE ITADORI AGUANTAR LA TENSI\u00d3N? Primero fue la masacre llevada a cabo por Sukuna, luego lleg\u00f3 la muerte de Kento Nanami... \u00a1y ahora Mahito ha tocado a Kugisaki con su mano! Cuando el coraz\u00f3n de Itadori ha sobrepasado ya su l\u00edmite, producido por la carga de todos los cr\u00edmenes que pesan sobre sus hombros, un hombre irrumpe para paliar la crisis de su mejor amigo. \u00a1\u00bfSer\u00e1 este el punto y final para Itadori y Mahito, que tanto se han maldecido el uno al otro?!\" \/>\n<meta property=\"og:url\" content=\"https:\/\/www.colossalstore.es\/en\/tienda\/manga\/jujutsu-kaisen-15\/\" \/>\n<meta property=\"og:site_name\" content=\"Colossal Store\" \/>\n<meta property=\"article:modified_time\" content=\"2025-06-20T09:17:57+00:00\" \/>\n<meta property=\"og:image\" content=\"https:\/\/www.colossalstore.es\/wp-content\/uploads\/2023\/04\/9788467949872.jpg\" \/>\n\t<meta property=\"og:image:width\" content=\"552\" \/>\n\t<meta property=\"og:image:height\" content=\"840\" \/>\n\t<meta property=\"og:image:type\" content=\"image\/jpeg\" \/>\n<meta name=\"twitter:card\" content=\"summary_large_image\" \/>\n<meta name=\"twitter:site\" content=\"@Colossal_Store\" \/>\n<meta name=\"twitter:label1\" content=\"Est. reading time\" \/>\n\t<meta name=\"twitter:data1\" content=\"1 minute\" \/>\n<script type=\"application\/ld+json\" class=\"yoast-schema-graph\">{\"@context\":\"https:\/\/schema.org\",\"@graph\":[{\"@type\":\"WebPage\",\"@id\":\"https:\/\/www.colossalstore.es\/tienda\/manga\/jujutsu-kaisen-15\/\",\"url\":\"https:\/\/www.colossalstore.es\/tienda\/manga\/jujutsu-kaisen-15\/\",\"name\":\"Jujutsu kaisen tomo 15 (Gege Akutami) | Colossal Store\",\"isPartOf\":{\"@id\":\"https:\/\/www.colossalstore.es\/#website\"},\"primaryImageOfPage\":{\"@id\":\"https:\/\/www.colossalstore.es\/tienda\/manga\/jujutsu-kaisen-15\/#primaryimage\"},\"image\":{\"@id\":\"https:\/\/www.colossalstore.es\/tienda\/manga\/jujutsu-kaisen-15\/#primaryimage\"},\"thumbnailUrl\":\"https:\/\/www.colossalstore.es\/wp-content\/uploads\/2023\/04\/9788467949872.jpg\",\"datePublished\":\"2023-04-20T17:39:56+00:00\",\"dateModified\":\"2025-06-20T09:17:57+00:00\",\"description\":\"Jujutsu kaisen tomo 15 (Gege Akutami) \u00bfPODR\u00c1 LA PSIQUE DE ITADORI AGUANTAR LA TENSI\u00d3N? Primero fue la masacre llevada a cabo por Sukuna, luego lleg\u00f3 la muerte de Kento Nanami... \u00a1y ahora Mahito ha tocado a Kugisaki con su mano! Cuando el coraz\u00f3n de Itadori ha sobrepasado ya su l\u00edmite, producido por la carga de todos los cr\u00edmenes que pesan sobre sus hombros, un hombre irrumpe para paliar la crisis de su mejor amigo. \u00a1\u00bfSer\u00e1 este el punto y final para Itadori y Mahito, que tanto se han maldecido el uno al otro?!\",\"breadcrumb\":{\"@id\":\"https:\/\/www.colossalstore.es\/tienda\/manga\/jujutsu-kaisen-15\/#breadcrumb\"},\"inLanguage\":\"en-US\",\"potentialAction\":[{\"@type\":\"ReadAction\",\"target\":[\"https:\/\/www.colossalstore.es\/tienda\/manga\/jujutsu-kaisen-15\/\"]}]},{\"@type\":\"ImageObject\",\"inLanguage\":\"en-US\",\"@id\":\"https:\/\/www.colossalstore.es\/tienda\/manga\/jujutsu-kaisen-15\/#primaryimage\",\"url\":\"https:\/\/www.colossalstore.es\/wp-content\/uploads\/2023\/04\/9788467949872.jpg\",\"contentUrl\":\"https:\/\/www.colossalstore.es\/wp-content\/uploads\/2023\/04\/9788467949872.jpg\",\"width\":552,\"height\":840},{\"@type\":\"BreadcrumbList\",\"@id\":\"https:\/\/www.colossalstore.es\/tienda\/manga\/jujutsu-kaisen-15\/#breadcrumb\",\"itemListElement\":[{\"@type\":\"ListItem\",\"position\":1,\"name\":\"Home\",\"item\":\"https:\/\/www.colossalstore.es\/\"},{\"@type\":\"ListItem\",\"position\":2,\"name\":\"Tienda\",\"item\":\"https:\/\/www.colossalstore.es\/tienda\/\"},{\"@type\":\"ListItem\",\"position\":3,\"name\":\"Jujutsu Kaisen 15\"}]},{\"@type\":\"WebSite\",\"@id\":\"https:\/\/www.colossalstore.es\/#website\",\"url\":\"https:\/\/www.colossalstore.es\/\",\"name\":\"Colossal Store\",\"description\":\"Colossal Store, tienda especializada en TCGs.\",\"publisher\":{\"@id\":\"https:\/\/www.colossalstore.es\/#organization\"},\"alternateName\":\"Colossal Store\",\"potentialAction\":[{\"@type\":\"SearchAction\",\"target\":{\"@type\":\"EntryPoint\",\"urlTemplate\":\"https:\/\/www.colossalstore.es\/?s={search_term_string}\"},\"query-input\":{\"@type\":\"PropertyValueSpecification\",\"valueRequired\":true,\"valueName\":\"search_term_string\"}}],\"inLanguage\":\"en-US\"},{\"@type\":\"Organization\",\"@id\":\"https:\/\/www.colossalstore.es\/#organization\",\"name\":\"Colossal Store\",\"url\":\"https:\/\/www.colossalstore.es\/\",\"logo\":{\"@type\":\"ImageObject\",\"inLanguage\":\"en-US\",\"@id\":\"https:\/\/www.colossalstore.es\/#\/schema\/logo\/image\/\",\"url\":\"https:\/\/www.colossalstore.es\/wp-content\/uploads\/2023\/05\/Colossal_Logo-02.png\",\"contentUrl\":\"https:\/\/www.colossalstore.es\/wp-content\/uploads\/2023\/05\/Colossal_Logo-02.png\",\"width\":1181,\"height\":1181,\"caption\":\"Colossal Store\"},\"image\":{\"@id\":\"https:\/\/www.colossalstore.es\/#\/schema\/logo\/image\/\"},\"sameAs\":[\"https:\/\/x.com\/Colossal_Store\",\"https:\/\/www.instagram.com\/colossal_store_tcg\/\",\"https:\/\/www.tiktok.com\/@colossalstore\"]}]}<\/script>\n<!-- \/ Yoast SEO plugin. -->","yoast_head_json":{"title":"Jujutsu kaisen tomo 15 (Gege Akutami) | Colossal Store","description":"Jujutsu kaisen tomo 15 (Gege Akutami) \u00bfPODR\u00c1 LA PSIQUE DE ITADORI AGUANTAR LA TENSI\u00d3N? Primero fue la masacre llevada a cabo por Sukuna, luego lleg\u00f3 la muerte de Kento Nanami... \u00a1y ahora Mahito ha tocado a Kugisaki con su mano! Cuando el coraz\u00f3n de Itadori ha sobrepasado ya su l\u00edmite, producido por la carga de todos los cr\u00edmenes que pesan sobre sus hombros, un hombre irrumpe para paliar la crisis de su mejor amigo. \u00a1\u00bfSer\u00e1 este el punto y final para Itadori y Mahito, que tanto se han maldecido el uno al otro?!","robots":{"index":"index","follow":"follow","max-snippet":"max-snippet:-1","max-image-preview":"max-image-preview:large","max-video-preview":"max-video-preview:-1"},"canonical":"https:\/\/www.colossalstore.es\/en\/tienda\/manga\/jujutsu-kaisen-15\/","og_locale":"en_US","og_type":"article","og_title":"Jujutsu kaisen tomo 15 (Gege Akutami) | Colossal Store","og_description":"Jujutsu kaisen tomo 15 (Gege Akutami) \u00bfPODR\u00c1 LA PSIQUE DE ITADORI AGUANTAR LA TENSI\u00d3N? Primero fue la masacre llevada a cabo por Sukuna, luego lleg\u00f3 la muerte de Kento Nanami... \u00a1y ahora Mahito ha tocado a Kugisaki con su mano! Cuando el coraz\u00f3n de Itadori ha sobrepasado ya su l\u00edmite, producido por la carga de todos los cr\u00edmenes que pesan sobre sus hombros, un hombre irrumpe para paliar la crisis de su mejor amigo. \u00a1\u00bfSer\u00e1 este el punto y final para Itadori y Mahito, que tanto se han maldecido el uno al otro?!","og_url":"https:\/\/www.colossalstore.es\/en\/tienda\/manga\/jujutsu-kaisen-15\/","og_site_name":"Colossal Store","article_modified_time":"2025-06-20T09:17:57+00:00","og_image":[{"width":552,"height":840,"url":"https:\/\/www.colossalstore.es\/wp-content\/uploads\/2023\/04\/9788467949872.jpg","type":"image\/jpeg"}],"twitter_card":"summary_large_image","twitter_site":"@Colossal_Store","twitter_misc":{"Est. reading time":"1 minute"},"schema":{"@context":"https:\/\/schema.org","@graph":[{"@type":"WebPage","@id":"https:\/\/www.colossalstore.es\/tienda\/manga\/jujutsu-kaisen-15\/","url":"https:\/\/www.colossalstore.es\/tienda\/manga\/jujutsu-kaisen-15\/","name":"Jujutsu kaisen tomo 15 (Gege Akutami) | Colossal Store","isPartOf":{"@id":"https:\/\/www.colossalstore.es\/#website"},"primaryImageOfPage":{"@id":"https:\/\/www.colossalstore.es\/tienda\/manga\/jujutsu-kaisen-15\/#primaryimage"},"image":{"@id":"https:\/\/www.colossalstore.es\/tienda\/manga\/jujutsu-kaisen-15\/#primaryimage"},"thumbnailUrl":"https:\/\/www.colossalstore.es\/wp-content\/uploads\/2023\/04\/9788467949872.jpg","datePublished":"2023-04-20T17:39:56+00:00","dateModified":"2025-06-20T09:17:57+00:00","description":"Jujutsu kaisen tomo 15 (Gege Akutami) \u00bfPODR\u00c1 LA PSIQUE DE ITADORI AGUANTAR LA TENSI\u00d3N? Primero fue la masacre llevada a cabo por Sukuna, luego lleg\u00f3 la muerte de Kento Nanami... \u00a1y ahora Mahito ha tocado a Kugisaki con su mano! Cuando el coraz\u00f3n de Itadori ha sobrepasado ya su l\u00edmite, producido por la carga de todos los cr\u00edmenes que pesan sobre sus hombros, un hombre irrumpe para paliar la crisis de su mejor amigo. \u00a1\u00bfSer\u00e1 este el punto y final para Itadori y Mahito, que tanto se han maldecido el uno al otro?!","breadcrumb":{"@id":"https:\/\/www.colossalstore.es\/tienda\/manga\/jujutsu-kaisen-15\/#breadcrumb"},"inLanguage":"en-US","potentialAction":[{"@type":"ReadAction","target":["https:\/\/www.colossalstore.es\/tienda\/manga\/jujutsu-kaisen-15\/"]}]},{"@type":"ImageObject","inLanguage":"en-US","@id":"https:\/\/www.colossalstore.es\/tienda\/manga\/jujutsu-kaisen-15\/#primaryimage","url":"https:\/\/www.colossalstore.es\/wp-content\/uploads\/2023\/04\/9788467949872.jpg","contentUrl":"https:\/\/www.colossalstore.es\/wp-content\/uploads\/2023\/04\/9788467949872.jpg","width":552,"height":840},{"@type":"BreadcrumbList","@id":"https:\/\/www.colossalstore.es\/tienda\/manga\/jujutsu-kaisen-15\/#breadcrumb","itemListElement":[{"@type":"ListItem","position":1,"name":"Home","item":"https:\/\/www.colossalstore.es\/"},{"@type":"ListItem","position":2,"name":"Tienda","item":"https:\/\/www.colossalstore.es\/tienda\/"},{"@type":"ListItem","position":3,"name":"Jujutsu Kaisen 15"}]},{"@type":"WebSite","@id":"https:\/\/www.colossalstore.es\/#website","url":"https:\/\/www.colossalstore.es\/","name":"Colossal Store","description":"Colossal Store, store specialized in TCGs.","publisher":{"@id":"https:\/\/www.colossalstore.es\/#organization"},"alternateName":"Colossal Store","potentialAction":[{"@type":"SearchAction","target":{"@type":"EntryPoint","urlTemplate":"https:\/\/www.colossalstore.es\/?s={search_term_string}"},"query-input":{"@type":"PropertyValueSpecification","valueRequired":true,"valueName":"search_term_string"}}],"inLanguage":"en-US"},{"@type":"Organization","@id":"https:\/\/www.colossalstore.es\/#organization","name":"Colossal Store","url":"https:\/\/www.colossalstore.es\/","logo":{"@type":"ImageObject","inLanguage":"en-US","@id":"https:\/\/www.colossalstore.es\/#\/schema\/logo\/image\/","url":"https:\/\/www.colossalstore.es\/wp-content\/uploads\/2023\/05\/Colossal_Logo-02.png","contentUrl":"https:\/\/www.colossalstore.es\/wp-content\/uploads\/2023\/05\/Colossal_Logo-02.png","width":1181,"height":1181,"caption":"Colossal Store"},"image":{"@id":"https:\/\/www.colossalstore.es\/#\/schema\/logo\/image\/"},"sameAs":["https:\/\/x.com\/Colossal_Store","https:\/\/www.instagram.com\/colossal_store_tcg\/","https:\/\/www.tiktok.com\/@colossalstore"]}]}},"_links":{"self":[{"href":"https:\/\/www.colossalstore.es\/en\/wp-json\/wp\/v2\/product\/4796","targetHints":{"allow":["GET"]}}],"collection":[{"href":"https:\/\/www.colossalstore.es\/en\/wp-json\/wp\/v2\/product"}],"about":[{"href":"https:\/\/www.colossalstore.es\/en\/wp-json\/wp\/v2\/types\/product"}],"replies":[{"embeddable":true,"href":"https:\/\/www.colossalstore.es\/en\/wp-json\/wp\/v2\/comments?post=4796"}],"wp:featuredmedia":[{"embeddable":true,"href":"https:\/\/www.colossalstore.es\/en\/wp-json\/wp\/v2\/media\/4797"}],"wp:attachment":[{"href":"https:\/\/www.colossalstore.es\/en\/wp-json\/wp\/v2\/media?parent=4796"}],"wp:term":[{"taxonomy":"product_brand","embeddable":true,"href":"https:\/\/www.colossalstore.es\/en\/wp-json\/wp\/v2\/product_brand?post=4796"},{"taxonomy":"product_cat","embeddable":true,"href":"https:\/\/www.colossalstore.es\/en\/wp-json\/wp\/v2\/product_cat?post=4796"},{"taxonomy":"product_tag","embeddable":true,"href":"https:\/\/www.colossalstore.es\/en\/wp-json\/wp\/v2\/product_tag?post=4796"}],"curies":[{"name":"wp","href":"https:\/\/api.w.org\/{rel}","templated":true}]}}