{"id":4792,"date":"2023-04-20T19:35:12","date_gmt":"2023-04-20T17:35:12","guid":{"rendered":"https:\/\/www.colossalstore.es\/?post_type=product&#038;p=4792"},"modified":"2025-06-20T11:17:57","modified_gmt":"2025-06-20T09:17:57","slug":"tokyo-revengers-8","status":"publish","type":"product","link":"https:\/\/www.colossalstore.es\/en\/tienda\/manga\/tokyo-revengers-8\/","title":{"rendered":"Tokyo Revengers 8"},"content":{"rendered":"<p>Tokyo Revengers 8 (Ken Wakui)<\/p>\n<p>THE KANT\u00d4 INCIDENT Takemichi&#039;s goal is to become the leader of the Toman, but on his return to the past he will encounter a new gigantic gang, the Tenjiku. Remember this name well because it will lead to the greatest confrontation in the history of the Toman: the Kant\u00f4 incident. Added to all this is another difficulty, Takemichi&#039;s inability to return to the present.<\/p>","protected":false},"excerpt":{"rendered":"<p>Tokyo Revengers 8 (Ken Wakui) EL INCIDENTE DE KANT\u00d4 El objetivo de Takemichi es convertirse en el l\u00edder de la Toman, pero en su vuelta al pasado se encontrar\u00e1 con una nueva banda gigantesca la Tenjiku. Recuerda bien este nombre porque va a dar lugar al mayor enfrentamiento de la historia de la Toman: el [&hellip;]<\/p>","protected":false},"featured_media":4793,"comment_status":"open","ping_status":"closed","template":"","meta":{"_joinchat":[]},"product_brand":[],"product_cat":[32],"product_tag":[],"class_list":{"0":"post-4792","1":"product","2":"type-product","3":"status-publish","4":"has-post-thumbnail","6":"product_cat-manga","8":"first","9":"outofstock","10":"sale","11":"taxable","12":"shipping-taxable","13":"purchasable","14":"product-type-simple"},"yoast_head":"<!-- This site is optimized with the Yoast SEO plugin v25.7 - https:\/\/yoast.com\/wordpress\/plugins\/seo\/ -->\n<title>Tokyo Revengers 8 (Ken Wakui) | Colossal Store<\/title>\n<meta name=\"description\" content=\"Tokyo Revengers 8 (Ken Wakui): EL INCIDENTE DE KANT\u00d4 El objetivo de Takemichi es convertirse en el l\u00edder de la Toman, pero en su vuelta al pasado se encontrar\u00e1 con una nueva banda gigantesca la Tenjiku. Recuerda bien este nombre porque va a dar lugar al mayor enfrentamiento de la historia de la Toman: el incidente de Kant\u00f4. A todo esto se le sumar\u00e1 otra dificultad, la imposibilidad de Takemichi de volver al presente.\" \/>\n<meta name=\"robots\" content=\"index, follow, max-snippet:-1, max-image-preview:large, max-video-preview:-1\" \/>\n<link rel=\"canonical\" href=\"https:\/\/www.colossalstore.es\/en\/tienda\/manga\/tokyo-revengers-8\/\" \/>\n<meta property=\"og:locale\" content=\"en_US\" \/>\n<meta property=\"og:type\" content=\"article\" \/>\n<meta property=\"og:title\" content=\"Tokyo Revengers 8 (Ken Wakui) | Colossal Store\" \/>\n<meta property=\"og:description\" content=\"Tokyo Revengers 8 (Ken Wakui): EL INCIDENTE DE KANT\u00d4 El objetivo de Takemichi es convertirse en el l\u00edder de la Toman, pero en su vuelta al pasado se encontrar\u00e1 con una nueva banda gigantesca la Tenjiku. Recuerda bien este nombre porque va a dar lugar al mayor enfrentamiento de la historia de la Toman: el incidente de Kant\u00f4. A todo esto se le sumar\u00e1 otra dificultad, la imposibilidad de Takemichi de volver al presente.\" \/>\n<meta property=\"og:url\" content=\"https:\/\/www.colossalstore.es\/en\/tienda\/manga\/tokyo-revengers-8\/\" \/>\n<meta property=\"og:site_name\" content=\"Colossal Store\" \/>\n<meta property=\"article:modified_time\" content=\"2025-06-20T09:17:57+00:00\" \/>\n<meta property=\"og:image\" content=\"https:\/\/www.colossalstore.es\/wp-content\/uploads\/2023\/04\/9788467947144.jpg\" \/>\n\t<meta property=\"og:image:width\" content=\"552\" \/>\n\t<meta property=\"og:image:height\" content=\"785\" \/>\n\t<meta property=\"og:image:type\" content=\"image\/jpeg\" \/>\n<meta name=\"twitter:card\" content=\"summary_large_image\" \/>\n<meta name=\"twitter:site\" content=\"@Colossal_Store\" \/>\n<meta name=\"twitter:label1\" content=\"Est. reading time\" \/>\n\t<meta name=\"twitter:data1\" content=\"1 minute\" \/>\n<script type=\"application\/ld+json\" class=\"yoast-schema-graph\">{\"@context\":\"https:\/\/schema.org\",\"@graph\":[{\"@type\":\"WebPage\",\"@id\":\"https:\/\/www.colossalstore.es\/tienda\/manga\/tokyo-revengers-8\/\",\"url\":\"https:\/\/www.colossalstore.es\/tienda\/manga\/tokyo-revengers-8\/\",\"name\":\"Tokyo Revengers 8 (Ken Wakui) | Colossal Store\",\"isPartOf\":{\"@id\":\"https:\/\/www.colossalstore.es\/#website\"},\"primaryImageOfPage\":{\"@id\":\"https:\/\/www.colossalstore.es\/tienda\/manga\/tokyo-revengers-8\/#primaryimage\"},\"image\":{\"@id\":\"https:\/\/www.colossalstore.es\/tienda\/manga\/tokyo-revengers-8\/#primaryimage\"},\"thumbnailUrl\":\"https:\/\/www.colossalstore.es\/wp-content\/uploads\/2023\/04\/9788467947144.jpg\",\"datePublished\":\"2023-04-20T17:35:12+00:00\",\"dateModified\":\"2025-06-20T09:17:57+00:00\",\"description\":\"Tokyo Revengers 8 (Ken Wakui): EL INCIDENTE DE KANT\u00d4 El objetivo de Takemichi es convertirse en el l\u00edder de la Toman, pero en su vuelta al pasado se encontrar\u00e1 con una nueva banda gigantesca la Tenjiku. Recuerda bien este nombre porque va a dar lugar al mayor enfrentamiento de la historia de la Toman: el incidente de Kant\u00f4. A todo esto se le sumar\u00e1 otra dificultad, la imposibilidad de Takemichi de volver al presente.\",\"breadcrumb\":{\"@id\":\"https:\/\/www.colossalstore.es\/tienda\/manga\/tokyo-revengers-8\/#breadcrumb\"},\"inLanguage\":\"en-US\",\"potentialAction\":[{\"@type\":\"ReadAction\",\"target\":[\"https:\/\/www.colossalstore.es\/tienda\/manga\/tokyo-revengers-8\/\"]}]},{\"@type\":\"ImageObject\",\"inLanguage\":\"en-US\",\"@id\":\"https:\/\/www.colossalstore.es\/tienda\/manga\/tokyo-revengers-8\/#primaryimage\",\"url\":\"https:\/\/www.colossalstore.es\/wp-content\/uploads\/2023\/04\/9788467947144.jpg\",\"contentUrl\":\"https:\/\/www.colossalstore.es\/wp-content\/uploads\/2023\/04\/9788467947144.jpg\",\"width\":552,\"height\":785},{\"@type\":\"BreadcrumbList\",\"@id\":\"https:\/\/www.colossalstore.es\/tienda\/manga\/tokyo-revengers-8\/#breadcrumb\",\"itemListElement\":[{\"@type\":\"ListItem\",\"position\":1,\"name\":\"Home\",\"item\":\"https:\/\/www.colossalstore.es\/\"},{\"@type\":\"ListItem\",\"position\":2,\"name\":\"Tienda\",\"item\":\"https:\/\/www.colossalstore.es\/tienda\/\"},{\"@type\":\"ListItem\",\"position\":3,\"name\":\"Tokyo Revengers 8\"}]},{\"@type\":\"WebSite\",\"@id\":\"https:\/\/www.colossalstore.es\/#website\",\"url\":\"https:\/\/www.colossalstore.es\/\",\"name\":\"Colossal Store\",\"description\":\"Colossal Store, tienda especializada en TCGs.\",\"publisher\":{\"@id\":\"https:\/\/www.colossalstore.es\/#organization\"},\"alternateName\":\"Colossal Store\",\"potentialAction\":[{\"@type\":\"SearchAction\",\"target\":{\"@type\":\"EntryPoint\",\"urlTemplate\":\"https:\/\/www.colossalstore.es\/?s={search_term_string}\"},\"query-input\":{\"@type\":\"PropertyValueSpecification\",\"valueRequired\":true,\"valueName\":\"search_term_string\"}}],\"inLanguage\":\"en-US\"},{\"@type\":\"Organization\",\"@id\":\"https:\/\/www.colossalstore.es\/#organization\",\"name\":\"Colossal Store\",\"url\":\"https:\/\/www.colossalstore.es\/\",\"logo\":{\"@type\":\"ImageObject\",\"inLanguage\":\"en-US\",\"@id\":\"https:\/\/www.colossalstore.es\/#\/schema\/logo\/image\/\",\"url\":\"https:\/\/www.colossalstore.es\/wp-content\/uploads\/2023\/05\/Colossal_Logo-02.png\",\"contentUrl\":\"https:\/\/www.colossalstore.es\/wp-content\/uploads\/2023\/05\/Colossal_Logo-02.png\",\"width\":1181,\"height\":1181,\"caption\":\"Colossal Store\"},\"image\":{\"@id\":\"https:\/\/www.colossalstore.es\/#\/schema\/logo\/image\/\"},\"sameAs\":[\"https:\/\/x.com\/Colossal_Store\",\"https:\/\/www.instagram.com\/colossal_store_tcg\/\",\"https:\/\/www.tiktok.com\/@colossalstore\"]}]}<\/script>\n<!-- \/ Yoast SEO plugin. -->","yoast_head_json":{"title":"Tokyo Revengers 8 (Ken Wakui) | Colossal Store","description":"Tokyo Revengers 8 (Ken Wakui): EL INCIDENTE DE KANT\u00d4 El objetivo de Takemichi es convertirse en el l\u00edder de la Toman, pero en su vuelta al pasado se encontrar\u00e1 con una nueva banda gigantesca la Tenjiku. Recuerda bien este nombre porque va a dar lugar al mayor enfrentamiento de la historia de la Toman: el incidente de Kant\u00f4. A todo esto se le sumar\u00e1 otra dificultad, la imposibilidad de Takemichi de volver al presente.","robots":{"index":"index","follow":"follow","max-snippet":"max-snippet:-1","max-image-preview":"max-image-preview:large","max-video-preview":"max-video-preview:-1"},"canonical":"https:\/\/www.colossalstore.es\/en\/tienda\/manga\/tokyo-revengers-8\/","og_locale":"en_US","og_type":"article","og_title":"Tokyo Revengers 8 (Ken Wakui) | Colossal Store","og_description":"Tokyo Revengers 8 (Ken Wakui): EL INCIDENTE DE KANT\u00d4 El objetivo de Takemichi es convertirse en el l\u00edder de la Toman, pero en su vuelta al pasado se encontrar\u00e1 con una nueva banda gigantesca la Tenjiku. Recuerda bien este nombre porque va a dar lugar al mayor enfrentamiento de la historia de la Toman: el incidente de Kant\u00f4. A todo esto se le sumar\u00e1 otra dificultad, la imposibilidad de Takemichi de volver al presente.","og_url":"https:\/\/www.colossalstore.es\/en\/tienda\/manga\/tokyo-revengers-8\/","og_site_name":"Colossal Store","article_modified_time":"2025-06-20T09:17:57+00:00","og_image":[{"width":552,"height":785,"url":"https:\/\/www.colossalstore.es\/wp-content\/uploads\/2023\/04\/9788467947144.jpg","type":"image\/jpeg"}],"twitter_card":"summary_large_image","twitter_site":"@Colossal_Store","twitter_misc":{"Est. reading time":"1 minute"},"schema":{"@context":"https:\/\/schema.org","@graph":[{"@type":"WebPage","@id":"https:\/\/www.colossalstore.es\/tienda\/manga\/tokyo-revengers-8\/","url":"https:\/\/www.colossalstore.es\/tienda\/manga\/tokyo-revengers-8\/","name":"Tokyo Revengers 8 (Ken Wakui) | Colossal Store","isPartOf":{"@id":"https:\/\/www.colossalstore.es\/#website"},"primaryImageOfPage":{"@id":"https:\/\/www.colossalstore.es\/tienda\/manga\/tokyo-revengers-8\/#primaryimage"},"image":{"@id":"https:\/\/www.colossalstore.es\/tienda\/manga\/tokyo-revengers-8\/#primaryimage"},"thumbnailUrl":"https:\/\/www.colossalstore.es\/wp-content\/uploads\/2023\/04\/9788467947144.jpg","datePublished":"2023-04-20T17:35:12+00:00","dateModified":"2025-06-20T09:17:57+00:00","description":"Tokyo Revengers 8 (Ken Wakui): EL INCIDENTE DE KANT\u00d4 El objetivo de Takemichi es convertirse en el l\u00edder de la Toman, pero en su vuelta al pasado se encontrar\u00e1 con una nueva banda gigantesca la Tenjiku. Recuerda bien este nombre porque va a dar lugar al mayor enfrentamiento de la historia de la Toman: el incidente de Kant\u00f4. A todo esto se le sumar\u00e1 otra dificultad, la imposibilidad de Takemichi de volver al presente.","breadcrumb":{"@id":"https:\/\/www.colossalstore.es\/tienda\/manga\/tokyo-revengers-8\/#breadcrumb"},"inLanguage":"en-US","potentialAction":[{"@type":"ReadAction","target":["https:\/\/www.colossalstore.es\/tienda\/manga\/tokyo-revengers-8\/"]}]},{"@type":"ImageObject","inLanguage":"en-US","@id":"https:\/\/www.colossalstore.es\/tienda\/manga\/tokyo-revengers-8\/#primaryimage","url":"https:\/\/www.colossalstore.es\/wp-content\/uploads\/2023\/04\/9788467947144.jpg","contentUrl":"https:\/\/www.colossalstore.es\/wp-content\/uploads\/2023\/04\/9788467947144.jpg","width":552,"height":785},{"@type":"BreadcrumbList","@id":"https:\/\/www.colossalstore.es\/tienda\/manga\/tokyo-revengers-8\/#breadcrumb","itemListElement":[{"@type":"ListItem","position":1,"name":"Home","item":"https:\/\/www.colossalstore.es\/"},{"@type":"ListItem","position":2,"name":"Tienda","item":"https:\/\/www.colossalstore.es\/tienda\/"},{"@type":"ListItem","position":3,"name":"Tokyo Revengers 8"}]},{"@type":"WebSite","@id":"https:\/\/www.colossalstore.es\/#website","url":"https:\/\/www.colossalstore.es\/","name":"Colossal Store","description":"Colossal Store, store specialized in TCGs.","publisher":{"@id":"https:\/\/www.colossalstore.es\/#organization"},"alternateName":"Colossal Store","potentialAction":[{"@type":"SearchAction","target":{"@type":"EntryPoint","urlTemplate":"https:\/\/www.colossalstore.es\/?s={search_term_string}"},"query-input":{"@type":"PropertyValueSpecification","valueRequired":true,"valueName":"search_term_string"}}],"inLanguage":"en-US"},{"@type":"Organization","@id":"https:\/\/www.colossalstore.es\/#organization","name":"Colossal Store","url":"https:\/\/www.colossalstore.es\/","logo":{"@type":"ImageObject","inLanguage":"en-US","@id":"https:\/\/www.colossalstore.es\/#\/schema\/logo\/image\/","url":"https:\/\/www.colossalstore.es\/wp-content\/uploads\/2023\/05\/Colossal_Logo-02.png","contentUrl":"https:\/\/www.colossalstore.es\/wp-content\/uploads\/2023\/05\/Colossal_Logo-02.png","width":1181,"height":1181,"caption":"Colossal Store"},"image":{"@id":"https:\/\/www.colossalstore.es\/#\/schema\/logo\/image\/"},"sameAs":["https:\/\/x.com\/Colossal_Store","https:\/\/www.instagram.com\/colossal_store_tcg\/","https:\/\/www.tiktok.com\/@colossalstore"]}]}},"_links":{"self":[{"href":"https:\/\/www.colossalstore.es\/en\/wp-json\/wp\/v2\/product\/4792","targetHints":{"allow":["GET"]}}],"collection":[{"href":"https:\/\/www.colossalstore.es\/en\/wp-json\/wp\/v2\/product"}],"about":[{"href":"https:\/\/www.colossalstore.es\/en\/wp-json\/wp\/v2\/types\/product"}],"replies":[{"embeddable":true,"href":"https:\/\/www.colossalstore.es\/en\/wp-json\/wp\/v2\/comments?post=4792"}],"wp:featuredmedia":[{"embeddable":true,"href":"https:\/\/www.colossalstore.es\/en\/wp-json\/wp\/v2\/media\/4793"}],"wp:attachment":[{"href":"https:\/\/www.colossalstore.es\/en\/wp-json\/wp\/v2\/media?parent=4792"}],"wp:term":[{"taxonomy":"product_brand","embeddable":true,"href":"https:\/\/www.colossalstore.es\/en\/wp-json\/wp\/v2\/product_brand?post=4792"},{"taxonomy":"product_cat","embeddable":true,"href":"https:\/\/www.colossalstore.es\/en\/wp-json\/wp\/v2\/product_cat?post=4792"},{"taxonomy":"product_tag","embeddable":true,"href":"https:\/\/www.colossalstore.es\/en\/wp-json\/wp\/v2\/product_tag?post=4792"}],"curies":[{"name":"wp","href":"https:\/\/api.w.org\/{rel}","templated":true}]}}