{"id":479,"date":"2022-09-16T00:58:23","date_gmt":"2022-09-15T22:58:23","guid":{"rendered":"https:\/\/colossalstore.es\/?post_type=product&#038;p=479"},"modified":"2025-06-20T11:21:48","modified_gmt":"2025-06-20T09:21:48","slug":"figuras-dragon-ball-z-solid-edge-works-vol-4-super-saiyan-vegito-17cm-de-banpresto","status":"publish","type":"product","link":"https:\/\/www.colossalstore.es\/en\/tienda\/figuras\/figuras-dragon-ball-z-solid-edge-works-vol-4-super-saiyan-vegito-17cm-de-banpresto\/","title":{"rendered":"DRAGON BALL Z SOLID EDGE WORKS Vol.4 SUPER SAIYAN VEGITO Figures 17cm From Banpresto"},"content":{"rendered":"<p>Banpresto for the Solid Edge Works collection presents the figure of Vegito Super Saiyan (Dragon Ball) from the popular anime series \u201cDragon Ball Z\u201d. This figure is made of PVC, measures about 17 cm high and includes a support base for display.<\/p>\n<p>DATA SHEET:<\/p>\n<p>License: Dragon Ball<\/p>\n<p>Manufacturer: Banpresto (Bandai Spirits)<\/p>\n<p>Height: 17cm<\/p>\n<p>Collection: Solid Edge Works<\/p>","protected":false},"excerpt":{"rendered":"<p>Banpresto para la colecci\u00f3n Solid Edge Works presenta la figura de Vegito Super Saiyan (Dragon Ball)\u00a0 de la popular serie de anime \u201cDragon Ball Z\u201d. Esta figura est\u00e1 hecha en PVC, mide unos 17 cm de alto e incluye una base soporte para exposici\u00f3n. FICHA T\u00c9CNICA: Licencia:\u00a0Dragon Ball Fabricante:\u00a0Banpresto (Bandai Spirits) Altura:\u00a017 cm Colecci\u00f3n:\u00a0Solid Edge [&hellip;]<\/p>","protected":false},"featured_media":480,"comment_status":"open","ping_status":"closed","template":"","meta":{"_joinchat":[]},"product_brand":[],"product_cat":[25],"product_tag":[],"class_list":{"0":"post-479","1":"product","2":"type-product","3":"status-publish","4":"has-post-thumbnail","6":"product_cat-figuras","8":"first","9":"outofstock","10":"taxable","11":"shipping-taxable","12":"purchasable","13":"product-type-simple"},"yoast_head":"<!-- This site is optimized with the Yoast SEO plugin v25.7 - https:\/\/yoast.com\/wordpress\/plugins\/seo\/ -->\n<title>Figura Vegito Super Saiyan (Dragon Ball) - Solid Edge Works | Colossal Store<\/title>\n<meta name=\"description\" content=\"Figura Vegito Super Saiyan (Dragon Ball Z) - Procedente de la l\u00ednea de figuras Solid Edge Works (Vol. 4, Banpresto). Altura: 17 cm.\" \/>\n<meta name=\"robots\" content=\"index, follow, max-snippet:-1, max-image-preview:large, max-video-preview:-1\" \/>\n<link rel=\"canonical\" href=\"https:\/\/www.colossalstore.es\/en\/tienda\/figuras\/figuras-dragon-ball-z-solid-edge-works-vol-4-super-saiyan-vegito-17cm-de-banpresto\/\" \/>\n<meta property=\"og:locale\" content=\"en_US\" \/>\n<meta property=\"og:type\" content=\"article\" \/>\n<meta property=\"og:title\" content=\"Figura Vegito Super Saiyan (Dragon Ball) - Solid Edge Works | Colossal Store\" \/>\n<meta property=\"og:description\" content=\"Figura Vegito Super Saiyan (Dragon Ball Z) - Procedente de la l\u00ednea de figuras Solid Edge Works (Vol. 4, Banpresto). Altura: 17 cm.\" \/>\n<meta property=\"og:url\" content=\"https:\/\/www.colossalstore.es\/en\/tienda\/figuras\/figuras-dragon-ball-z-solid-edge-works-vol-4-super-saiyan-vegito-17cm-de-banpresto\/\" \/>\n<meta property=\"og:site_name\" content=\"Colossal Store\" \/>\n<meta property=\"article:modified_time\" content=\"2025-06-20T09:21:48+00:00\" \/>\n<meta property=\"og:image\" content=\"https:\/\/www.colossalstore.es\/wp-content\/uploads\/2022\/09\/figuras-dragon-ball-z-solid-edge-works-vol4-super-saiyan-vegito-17cm-de-banpresto.jpg\" \/>\n\t<meta property=\"og:image:width\" content=\"600\" \/>\n\t<meta property=\"og:image:height\" content=\"800\" \/>\n\t<meta property=\"og:image:type\" content=\"image\/jpeg\" \/>\n<meta name=\"twitter:card\" content=\"summary_large_image\" \/>\n<meta name=\"twitter:site\" content=\"@Colossal_Store\" \/>\n<meta name=\"twitter:label1\" content=\"Est. reading time\" \/>\n\t<meta name=\"twitter:data1\" content=\"1 minute\" \/>\n<script type=\"application\/ld+json\" class=\"yoast-schema-graph\">{\"@context\":\"https:\/\/schema.org\",\"@graph\":[{\"@type\":\"WebPage\",\"@id\":\"https:\/\/www.colossalstore.es\/tienda\/figuras\/figuras-dragon-ball-z-solid-edge-works-vol-4-super-saiyan-vegito-17cm-de-banpresto\/\",\"url\":\"https:\/\/www.colossalstore.es\/tienda\/figuras\/figuras-dragon-ball-z-solid-edge-works-vol-4-super-saiyan-vegito-17cm-de-banpresto\/\",\"name\":\"Figura Vegito Super Saiyan (Dragon Ball) - Solid Edge Works | Colossal Store\",\"isPartOf\":{\"@id\":\"https:\/\/www.colossalstore.es\/#website\"},\"primaryImageOfPage\":{\"@id\":\"https:\/\/www.colossalstore.es\/tienda\/figuras\/figuras-dragon-ball-z-solid-edge-works-vol-4-super-saiyan-vegito-17cm-de-banpresto\/#primaryimage\"},\"image\":{\"@id\":\"https:\/\/www.colossalstore.es\/tienda\/figuras\/figuras-dragon-ball-z-solid-edge-works-vol-4-super-saiyan-vegito-17cm-de-banpresto\/#primaryimage\"},\"thumbnailUrl\":\"https:\/\/www.colossalstore.es\/wp-content\/uploads\/2022\/09\/figuras-dragon-ball-z-solid-edge-works-vol4-super-saiyan-vegito-17cm-de-banpresto.jpg\",\"datePublished\":\"2022-09-15T22:58:23+00:00\",\"dateModified\":\"2025-06-20T09:21:48+00:00\",\"description\":\"Figura Vegito Super Saiyan (Dragon Ball Z) - Procedente de la l\u00ednea de figuras Solid Edge Works (Vol. 4, Banpresto). Altura: 17 cm.\",\"breadcrumb\":{\"@id\":\"https:\/\/www.colossalstore.es\/tienda\/figuras\/figuras-dragon-ball-z-solid-edge-works-vol-4-super-saiyan-vegito-17cm-de-banpresto\/#breadcrumb\"},\"inLanguage\":\"en-US\",\"potentialAction\":[{\"@type\":\"ReadAction\",\"target\":[\"https:\/\/www.colossalstore.es\/tienda\/figuras\/figuras-dragon-ball-z-solid-edge-works-vol-4-super-saiyan-vegito-17cm-de-banpresto\/\"]}]},{\"@type\":\"ImageObject\",\"inLanguage\":\"en-US\",\"@id\":\"https:\/\/www.colossalstore.es\/tienda\/figuras\/figuras-dragon-ball-z-solid-edge-works-vol-4-super-saiyan-vegito-17cm-de-banpresto\/#primaryimage\",\"url\":\"https:\/\/www.colossalstore.es\/wp-content\/uploads\/2022\/09\/figuras-dragon-ball-z-solid-edge-works-vol4-super-saiyan-vegito-17cm-de-banpresto.jpg\",\"contentUrl\":\"https:\/\/www.colossalstore.es\/wp-content\/uploads\/2022\/09\/figuras-dragon-ball-z-solid-edge-works-vol4-super-saiyan-vegito-17cm-de-banpresto.jpg\",\"width\":600,\"height\":800},{\"@type\":\"BreadcrumbList\",\"@id\":\"https:\/\/www.colossalstore.es\/tienda\/figuras\/figuras-dragon-ball-z-solid-edge-works-vol-4-super-saiyan-vegito-17cm-de-banpresto\/#breadcrumb\",\"itemListElement\":[{\"@type\":\"ListItem\",\"position\":1,\"name\":\"Home\",\"item\":\"https:\/\/www.colossalstore.es\/\"},{\"@type\":\"ListItem\",\"position\":2,\"name\":\"Tienda\",\"item\":\"https:\/\/www.colossalstore.es\/tienda\/\"},{\"@type\":\"ListItem\",\"position\":3,\"name\":\"Figuras DRAGON BALL Z SOLID EDGE WORKS Vol.4 SUPER SAIYAN VEGITO 17cm De Banpresto\"}]},{\"@type\":\"WebSite\",\"@id\":\"https:\/\/www.colossalstore.es\/#website\",\"url\":\"https:\/\/www.colossalstore.es\/\",\"name\":\"Colossal Store\",\"description\":\"Colossal Store, tienda especializada en TCGs.\",\"publisher\":{\"@id\":\"https:\/\/www.colossalstore.es\/#organization\"},\"alternateName\":\"Colossal Store\",\"potentialAction\":[{\"@type\":\"SearchAction\",\"target\":{\"@type\":\"EntryPoint\",\"urlTemplate\":\"https:\/\/www.colossalstore.es\/?s={search_term_string}\"},\"query-input\":{\"@type\":\"PropertyValueSpecification\",\"valueRequired\":true,\"valueName\":\"search_term_string\"}}],\"inLanguage\":\"en-US\"},{\"@type\":\"Organization\",\"@id\":\"https:\/\/www.colossalstore.es\/#organization\",\"name\":\"Colossal Store\",\"url\":\"https:\/\/www.colossalstore.es\/\",\"logo\":{\"@type\":\"ImageObject\",\"inLanguage\":\"en-US\",\"@id\":\"https:\/\/www.colossalstore.es\/#\/schema\/logo\/image\/\",\"url\":\"https:\/\/www.colossalstore.es\/wp-content\/uploads\/2023\/05\/Colossal_Logo-02.png\",\"contentUrl\":\"https:\/\/www.colossalstore.es\/wp-content\/uploads\/2023\/05\/Colossal_Logo-02.png\",\"width\":1181,\"height\":1181,\"caption\":\"Colossal Store\"},\"image\":{\"@id\":\"https:\/\/www.colossalstore.es\/#\/schema\/logo\/image\/\"},\"sameAs\":[\"https:\/\/x.com\/Colossal_Store\",\"https:\/\/www.instagram.com\/colossal_store_tcg\/\",\"https:\/\/www.tiktok.com\/@colossalstore\"]}]}<\/script>\n<!-- \/ Yoast SEO plugin. -->","yoast_head_json":{"title":"Figura Vegito Super Saiyan (Dragon Ball) - Solid Edge Works | Colossal Store","description":"Figura Vegito Super Saiyan (Dragon Ball Z) - Procedente de la l\u00ednea de figuras Solid Edge Works (Vol. 4, Banpresto). Altura: 17 cm.","robots":{"index":"index","follow":"follow","max-snippet":"max-snippet:-1","max-image-preview":"max-image-preview:large","max-video-preview":"max-video-preview:-1"},"canonical":"https:\/\/www.colossalstore.es\/en\/tienda\/figuras\/figuras-dragon-ball-z-solid-edge-works-vol-4-super-saiyan-vegito-17cm-de-banpresto\/","og_locale":"en_US","og_type":"article","og_title":"Figura Vegito Super Saiyan (Dragon Ball) - Solid Edge Works | Colossal Store","og_description":"Figura Vegito Super Saiyan (Dragon Ball Z) - Procedente de la l\u00ednea de figuras Solid Edge Works (Vol. 4, Banpresto). Altura: 17 cm.","og_url":"https:\/\/www.colossalstore.es\/en\/tienda\/figuras\/figuras-dragon-ball-z-solid-edge-works-vol-4-super-saiyan-vegito-17cm-de-banpresto\/","og_site_name":"Colossal Store","article_modified_time":"2025-06-20T09:21:48+00:00","og_image":[{"width":600,"height":800,"url":"https:\/\/www.colossalstore.es\/wp-content\/uploads\/2022\/09\/figuras-dragon-ball-z-solid-edge-works-vol4-super-saiyan-vegito-17cm-de-banpresto.jpg","type":"image\/jpeg"}],"twitter_card":"summary_large_image","twitter_site":"@Colossal_Store","twitter_misc":{"Est. reading time":"1 minute"},"schema":{"@context":"https:\/\/schema.org","@graph":[{"@type":"WebPage","@id":"https:\/\/www.colossalstore.es\/tienda\/figuras\/figuras-dragon-ball-z-solid-edge-works-vol-4-super-saiyan-vegito-17cm-de-banpresto\/","url":"https:\/\/www.colossalstore.es\/tienda\/figuras\/figuras-dragon-ball-z-solid-edge-works-vol-4-super-saiyan-vegito-17cm-de-banpresto\/","name":"Figura Vegito Super Saiyan (Dragon Ball) - Solid Edge Works | Colossal Store","isPartOf":{"@id":"https:\/\/www.colossalstore.es\/#website"},"primaryImageOfPage":{"@id":"https:\/\/www.colossalstore.es\/tienda\/figuras\/figuras-dragon-ball-z-solid-edge-works-vol-4-super-saiyan-vegito-17cm-de-banpresto\/#primaryimage"},"image":{"@id":"https:\/\/www.colossalstore.es\/tienda\/figuras\/figuras-dragon-ball-z-solid-edge-works-vol-4-super-saiyan-vegito-17cm-de-banpresto\/#primaryimage"},"thumbnailUrl":"https:\/\/www.colossalstore.es\/wp-content\/uploads\/2022\/09\/figuras-dragon-ball-z-solid-edge-works-vol4-super-saiyan-vegito-17cm-de-banpresto.jpg","datePublished":"2022-09-15T22:58:23+00:00","dateModified":"2025-06-20T09:21:48+00:00","description":"Figura Vegito Super Saiyan (Dragon Ball Z) - Procedente de la l\u00ednea de figuras Solid Edge Works (Vol. 4, Banpresto). Altura: 17 cm.","breadcrumb":{"@id":"https:\/\/www.colossalstore.es\/tienda\/figuras\/figuras-dragon-ball-z-solid-edge-works-vol-4-super-saiyan-vegito-17cm-de-banpresto\/#breadcrumb"},"inLanguage":"en-US","potentialAction":[{"@type":"ReadAction","target":["https:\/\/www.colossalstore.es\/tienda\/figuras\/figuras-dragon-ball-z-solid-edge-works-vol-4-super-saiyan-vegito-17cm-de-banpresto\/"]}]},{"@type":"ImageObject","inLanguage":"en-US","@id":"https:\/\/www.colossalstore.es\/tienda\/figuras\/figuras-dragon-ball-z-solid-edge-works-vol-4-super-saiyan-vegito-17cm-de-banpresto\/#primaryimage","url":"https:\/\/www.colossalstore.es\/wp-content\/uploads\/2022\/09\/figuras-dragon-ball-z-solid-edge-works-vol4-super-saiyan-vegito-17cm-de-banpresto.jpg","contentUrl":"https:\/\/www.colossalstore.es\/wp-content\/uploads\/2022\/09\/figuras-dragon-ball-z-solid-edge-works-vol4-super-saiyan-vegito-17cm-de-banpresto.jpg","width":600,"height":800},{"@type":"BreadcrumbList","@id":"https:\/\/www.colossalstore.es\/tienda\/figuras\/figuras-dragon-ball-z-solid-edge-works-vol-4-super-saiyan-vegito-17cm-de-banpresto\/#breadcrumb","itemListElement":[{"@type":"ListItem","position":1,"name":"Home","item":"https:\/\/www.colossalstore.es\/"},{"@type":"ListItem","position":2,"name":"Tienda","item":"https:\/\/www.colossalstore.es\/tienda\/"},{"@type":"ListItem","position":3,"name":"Figuras DRAGON BALL Z SOLID EDGE WORKS Vol.4 SUPER SAIYAN VEGITO 17cm De Banpresto"}]},{"@type":"WebSite","@id":"https:\/\/www.colossalstore.es\/#website","url":"https:\/\/www.colossalstore.es\/","name":"Colossal Store","description":"Colossal Store, store specialized in TCGs.","publisher":{"@id":"https:\/\/www.colossalstore.es\/#organization"},"alternateName":"Colossal Store","potentialAction":[{"@type":"SearchAction","target":{"@type":"EntryPoint","urlTemplate":"https:\/\/www.colossalstore.es\/?s={search_term_string}"},"query-input":{"@type":"PropertyValueSpecification","valueRequired":true,"valueName":"search_term_string"}}],"inLanguage":"en-US"},{"@type":"Organization","@id":"https:\/\/www.colossalstore.es\/#organization","name":"Colossal Store","url":"https:\/\/www.colossalstore.es\/","logo":{"@type":"ImageObject","inLanguage":"en-US","@id":"https:\/\/www.colossalstore.es\/#\/schema\/logo\/image\/","url":"https:\/\/www.colossalstore.es\/wp-content\/uploads\/2023\/05\/Colossal_Logo-02.png","contentUrl":"https:\/\/www.colossalstore.es\/wp-content\/uploads\/2023\/05\/Colossal_Logo-02.png","width":1181,"height":1181,"caption":"Colossal Store"},"image":{"@id":"https:\/\/www.colossalstore.es\/#\/schema\/logo\/image\/"},"sameAs":["https:\/\/x.com\/Colossal_Store","https:\/\/www.instagram.com\/colossal_store_tcg\/","https:\/\/www.tiktok.com\/@colossalstore"]}]}},"_links":{"self":[{"href":"https:\/\/www.colossalstore.es\/en\/wp-json\/wp\/v2\/product\/479","targetHints":{"allow":["GET"]}}],"collection":[{"href":"https:\/\/www.colossalstore.es\/en\/wp-json\/wp\/v2\/product"}],"about":[{"href":"https:\/\/www.colossalstore.es\/en\/wp-json\/wp\/v2\/types\/product"}],"replies":[{"embeddable":true,"href":"https:\/\/www.colossalstore.es\/en\/wp-json\/wp\/v2\/comments?post=479"}],"wp:featuredmedia":[{"embeddable":true,"href":"https:\/\/www.colossalstore.es\/en\/wp-json\/wp\/v2\/media\/480"}],"wp:attachment":[{"href":"https:\/\/www.colossalstore.es\/en\/wp-json\/wp\/v2\/media?parent=479"}],"wp:term":[{"taxonomy":"product_brand","embeddable":true,"href":"https:\/\/www.colossalstore.es\/en\/wp-json\/wp\/v2\/product_brand?post=479"},{"taxonomy":"product_cat","embeddable":true,"href":"https:\/\/www.colossalstore.es\/en\/wp-json\/wp\/v2\/product_cat?post=479"},{"taxonomy":"product_tag","embeddable":true,"href":"https:\/\/www.colossalstore.es\/en\/wp-json\/wp\/v2\/product_tag?post=479"}],"curies":[{"name":"wp","href":"https:\/\/api.w.org\/{rel}","templated":true}]}}