{"id":4786,"date":"2023-04-20T19:28:39","date_gmt":"2023-04-20T17:28:39","guid":{"rendered":"https:\/\/www.colossalstore.es\/?post_type=product&#038;p=4786"},"modified":"2025-06-20T11:17:57","modified_gmt":"2025-06-20T09:17:57","slug":"tokyo-revengers-5","status":"publish","type":"product","link":"https:\/\/www.colossalstore.es\/en\/tienda\/manga\/tokyo-revengers-5\/","title":{"rendered":"Tokyo Revengers 5"},"content":{"rendered":"<p>Tokyo Revengers 5 (Ken Wakui)<\/p>\n<p>IN TAKEMICHI&#039;S NEW PRESENT, HE HAS BECOME A BIG FISH OF THE TOMAN. The victory of the Toman in their confrontation against the Walha lla leads to the merger of both gangs. Takemichi returns to the present... and discovers that he has become a senior manager at Toman! But the influence of the former members of the Black Dragon is overwhelming... Takemichi falls into Kisaki&#039;s trap and loses Chifuyu. Upon meeting Kazutora again, he is more determined than ever to reclaim the old Toman and avoid its link with the Black Dragon, turning it into the fearsome organization it is in the present...<\/p>","protected":false},"excerpt":{"rendered":"<p>Tokyo Revengers 5 (Ken Wakui) EN EL NUEVO PRESENTE DE TAKEMICHI, SE HA CONVERTIDO EN UN PEZ GORDO DE LA TOMAN La victoria de la Toman en su enfrentamiento contra la Walha lla lleva a la fusi\u00f3n de ambas bandas. Takemichi vuelve al prensente&#8230; \u00a1y descubre que se ha convertido en un alto directivo de [&hellip;]<\/p>","protected":false},"featured_media":4787,"comment_status":"open","ping_status":"closed","template":"","meta":{"_joinchat":[]},"product_brand":[],"product_cat":[32],"product_tag":[],"class_list":{"0":"post-4786","1":"product","2":"type-product","3":"status-publish","4":"has-post-thumbnail","6":"product_cat-manga","8":"first","9":"outofstock","10":"sale","11":"taxable","12":"shipping-taxable","13":"purchasable","14":"product-type-simple"},"yoast_head":"<!-- This site is optimized with the Yoast SEO plugin v25.7 - https:\/\/yoast.com\/wordpress\/plugins\/seo\/ -->\n<title>Tokyo Revengers 5 (Ken Wakui) | Colossal Store 5<\/title>\n<meta name=\"description\" content=\"Tokyo Revengers 5 (Ken Wakui): EN EL NUEVO PRESENTE DE TAKEMICHI, SE HA CONVERTIDO EN UN PEZ GORDO DE LA TOMAN La victoria de la Toman en su enfrentamiento contra la Walha lla lleva a la fusi\u00f3n de ambas bandas. Takemichi vuelve al prensente... \u00a1y descubre que se ha convertido en un alto directivo de la Toman! Pero la influencia de los exmiembros de la Black Dragon es aplastante... Takemichi cae en la trampa de Kisaki y pierde a Chifuyu. Al reencontrarse con Kazutora, est\u00e1 m\u00e1s decidido que nunca a recuperar la antigua Toman y evitar su v\u00ednculo con la Black Dragon, lo que la convierte en la organizaci\u00f3n temible que es en el presente...\" \/>\n<meta name=\"robots\" content=\"index, follow, max-snippet:-1, max-image-preview:large, max-video-preview:-1\" \/>\n<link rel=\"canonical\" href=\"https:\/\/www.colossalstore.es\/en\/tienda\/manga\/tokyo-revengers-5\/\" \/>\n<meta property=\"og:locale\" content=\"en_US\" \/>\n<meta property=\"og:type\" content=\"article\" \/>\n<meta property=\"og:title\" content=\"Tokyo Revengers 5 (Ken Wakui) | Colossal Store 5\" \/>\n<meta property=\"og:description\" content=\"Tokyo Revengers 5 (Ken Wakui): EN EL NUEVO PRESENTE DE TAKEMICHI, SE HA CONVERTIDO EN UN PEZ GORDO DE LA TOMAN La victoria de la Toman en su enfrentamiento contra la Walha lla lleva a la fusi\u00f3n de ambas bandas. Takemichi vuelve al prensente... \u00a1y descubre que se ha convertido en un alto directivo de la Toman! Pero la influencia de los exmiembros de la Black Dragon es aplastante... Takemichi cae en la trampa de Kisaki y pierde a Chifuyu. Al reencontrarse con Kazutora, est\u00e1 m\u00e1s decidido que nunca a recuperar la antigua Toman y evitar su v\u00ednculo con la Black Dragon, lo que la convierte en la organizaci\u00f3n temible que es en el presente...\" \/>\n<meta property=\"og:url\" content=\"https:\/\/www.colossalstore.es\/en\/tienda\/manga\/tokyo-revengers-5\/\" \/>\n<meta property=\"og:site_name\" content=\"Colossal Store\" \/>\n<meta property=\"article:modified_time\" content=\"2025-06-20T09:17:57+00:00\" \/>\n<meta property=\"og:image\" content=\"https:\/\/www.colossalstore.es\/wp-content\/uploads\/2023\/04\/9788467947113.jpg\" \/>\n\t<meta property=\"og:image:width\" content=\"552\" \/>\n\t<meta property=\"og:image:height\" content=\"785\" \/>\n\t<meta property=\"og:image:type\" content=\"image\/jpeg\" \/>\n<meta name=\"twitter:card\" content=\"summary_large_image\" \/>\n<meta name=\"twitter:site\" content=\"@Colossal_Store\" \/>\n<meta name=\"twitter:label1\" content=\"Est. reading time\" \/>\n\t<meta name=\"twitter:data1\" content=\"1 minute\" \/>\n<script type=\"application\/ld+json\" class=\"yoast-schema-graph\">{\"@context\":\"https:\/\/schema.org\",\"@graph\":[{\"@type\":\"WebPage\",\"@id\":\"https:\/\/www.colossalstore.es\/tienda\/manga\/tokyo-revengers-5\/\",\"url\":\"https:\/\/www.colossalstore.es\/tienda\/manga\/tokyo-revengers-5\/\",\"name\":\"Tokyo Revengers 5 (Ken Wakui) | Colossal Store 5\",\"isPartOf\":{\"@id\":\"https:\/\/www.colossalstore.es\/#website\"},\"primaryImageOfPage\":{\"@id\":\"https:\/\/www.colossalstore.es\/tienda\/manga\/tokyo-revengers-5\/#primaryimage\"},\"image\":{\"@id\":\"https:\/\/www.colossalstore.es\/tienda\/manga\/tokyo-revengers-5\/#primaryimage\"},\"thumbnailUrl\":\"https:\/\/www.colossalstore.es\/wp-content\/uploads\/2023\/04\/9788467947113.jpg\",\"datePublished\":\"2023-04-20T17:28:39+00:00\",\"dateModified\":\"2025-06-20T09:17:57+00:00\",\"description\":\"Tokyo Revengers 5 (Ken Wakui): EN EL NUEVO PRESENTE DE TAKEMICHI, SE HA CONVERTIDO EN UN PEZ GORDO DE LA TOMAN La victoria de la Toman en su enfrentamiento contra la Walha lla lleva a la fusi\u00f3n de ambas bandas. Takemichi vuelve al prensente... \u00a1y descubre que se ha convertido en un alto directivo de la Toman! Pero la influencia de los exmiembros de la Black Dragon es aplastante... Takemichi cae en la trampa de Kisaki y pierde a Chifuyu. Al reencontrarse con Kazutora, est\u00e1 m\u00e1s decidido que nunca a recuperar la antigua Toman y evitar su v\u00ednculo con la Black Dragon, lo que la convierte en la organizaci\u00f3n temible que es en el presente...\",\"breadcrumb\":{\"@id\":\"https:\/\/www.colossalstore.es\/tienda\/manga\/tokyo-revengers-5\/#breadcrumb\"},\"inLanguage\":\"en-US\",\"potentialAction\":[{\"@type\":\"ReadAction\",\"target\":[\"https:\/\/www.colossalstore.es\/tienda\/manga\/tokyo-revengers-5\/\"]}]},{\"@type\":\"ImageObject\",\"inLanguage\":\"en-US\",\"@id\":\"https:\/\/www.colossalstore.es\/tienda\/manga\/tokyo-revengers-5\/#primaryimage\",\"url\":\"https:\/\/www.colossalstore.es\/wp-content\/uploads\/2023\/04\/9788467947113.jpg\",\"contentUrl\":\"https:\/\/www.colossalstore.es\/wp-content\/uploads\/2023\/04\/9788467947113.jpg\",\"width\":552,\"height\":785},{\"@type\":\"BreadcrumbList\",\"@id\":\"https:\/\/www.colossalstore.es\/tienda\/manga\/tokyo-revengers-5\/#breadcrumb\",\"itemListElement\":[{\"@type\":\"ListItem\",\"position\":1,\"name\":\"Home\",\"item\":\"https:\/\/www.colossalstore.es\/\"},{\"@type\":\"ListItem\",\"position\":2,\"name\":\"Tienda\",\"item\":\"https:\/\/www.colossalstore.es\/tienda\/\"},{\"@type\":\"ListItem\",\"position\":3,\"name\":\"Tokyo Revengers 5\"}]},{\"@type\":\"WebSite\",\"@id\":\"https:\/\/www.colossalstore.es\/#website\",\"url\":\"https:\/\/www.colossalstore.es\/\",\"name\":\"Colossal Store\",\"description\":\"Colossal Store, tienda especializada en TCGs.\",\"publisher\":{\"@id\":\"https:\/\/www.colossalstore.es\/#organization\"},\"alternateName\":\"Colossal Store\",\"potentialAction\":[{\"@type\":\"SearchAction\",\"target\":{\"@type\":\"EntryPoint\",\"urlTemplate\":\"https:\/\/www.colossalstore.es\/?s={search_term_string}\"},\"query-input\":{\"@type\":\"PropertyValueSpecification\",\"valueRequired\":true,\"valueName\":\"search_term_string\"}}],\"inLanguage\":\"en-US\"},{\"@type\":\"Organization\",\"@id\":\"https:\/\/www.colossalstore.es\/#organization\",\"name\":\"Colossal Store\",\"url\":\"https:\/\/www.colossalstore.es\/\",\"logo\":{\"@type\":\"ImageObject\",\"inLanguage\":\"en-US\",\"@id\":\"https:\/\/www.colossalstore.es\/#\/schema\/logo\/image\/\",\"url\":\"https:\/\/www.colossalstore.es\/wp-content\/uploads\/2023\/05\/Colossal_Logo-02.png\",\"contentUrl\":\"https:\/\/www.colossalstore.es\/wp-content\/uploads\/2023\/05\/Colossal_Logo-02.png\",\"width\":1181,\"height\":1181,\"caption\":\"Colossal Store\"},\"image\":{\"@id\":\"https:\/\/www.colossalstore.es\/#\/schema\/logo\/image\/\"},\"sameAs\":[\"https:\/\/x.com\/Colossal_Store\",\"https:\/\/www.instagram.com\/colossal_store_tcg\/\",\"https:\/\/www.tiktok.com\/@colossalstore\"]}]}<\/script>\n<!-- \/ Yoast SEO plugin. -->","yoast_head_json":{"title":"Tokyo Revengers 5 (Ken Wakui) | Colossal Store 5","description":"Tokyo Revengers 5 (Ken Wakui): EN EL NUEVO PRESENTE DE TAKEMICHI, SE HA CONVERTIDO EN UN PEZ GORDO DE LA TOMAN La victoria de la Toman en su enfrentamiento contra la Walha lla lleva a la fusi\u00f3n de ambas bandas. Takemichi vuelve al prensente... \u00a1y descubre que se ha convertido en un alto directivo de la Toman! Pero la influencia de los exmiembros de la Black Dragon es aplastante... Takemichi cae en la trampa de Kisaki y pierde a Chifuyu. Al reencontrarse con Kazutora, est\u00e1 m\u00e1s decidido que nunca a recuperar la antigua Toman y evitar su v\u00ednculo con la Black Dragon, lo que la convierte en la organizaci\u00f3n temible que es en el presente...","robots":{"index":"index","follow":"follow","max-snippet":"max-snippet:-1","max-image-preview":"max-image-preview:large","max-video-preview":"max-video-preview:-1"},"canonical":"https:\/\/www.colossalstore.es\/en\/tienda\/manga\/tokyo-revengers-5\/","og_locale":"en_US","og_type":"article","og_title":"Tokyo Revengers 5 (Ken Wakui) | Colossal Store 5","og_description":"Tokyo Revengers 5 (Ken Wakui): EN EL NUEVO PRESENTE DE TAKEMICHI, SE HA CONVERTIDO EN UN PEZ GORDO DE LA TOMAN La victoria de la Toman en su enfrentamiento contra la Walha lla lleva a la fusi\u00f3n de ambas bandas. Takemichi vuelve al prensente... \u00a1y descubre que se ha convertido en un alto directivo de la Toman! Pero la influencia de los exmiembros de la Black Dragon es aplastante... Takemichi cae en la trampa de Kisaki y pierde a Chifuyu. Al reencontrarse con Kazutora, est\u00e1 m\u00e1s decidido que nunca a recuperar la antigua Toman y evitar su v\u00ednculo con la Black Dragon, lo que la convierte en la organizaci\u00f3n temible que es en el presente...","og_url":"https:\/\/www.colossalstore.es\/en\/tienda\/manga\/tokyo-revengers-5\/","og_site_name":"Colossal Store","article_modified_time":"2025-06-20T09:17:57+00:00","og_image":[{"width":552,"height":785,"url":"https:\/\/www.colossalstore.es\/wp-content\/uploads\/2023\/04\/9788467947113.jpg","type":"image\/jpeg"}],"twitter_card":"summary_large_image","twitter_site":"@Colossal_Store","twitter_misc":{"Est. reading time":"1 minute"},"schema":{"@context":"https:\/\/schema.org","@graph":[{"@type":"WebPage","@id":"https:\/\/www.colossalstore.es\/tienda\/manga\/tokyo-revengers-5\/","url":"https:\/\/www.colossalstore.es\/tienda\/manga\/tokyo-revengers-5\/","name":"Tokyo Revengers 5 (Ken Wakui) | Colossal Store 5","isPartOf":{"@id":"https:\/\/www.colossalstore.es\/#website"},"primaryImageOfPage":{"@id":"https:\/\/www.colossalstore.es\/tienda\/manga\/tokyo-revengers-5\/#primaryimage"},"image":{"@id":"https:\/\/www.colossalstore.es\/tienda\/manga\/tokyo-revengers-5\/#primaryimage"},"thumbnailUrl":"https:\/\/www.colossalstore.es\/wp-content\/uploads\/2023\/04\/9788467947113.jpg","datePublished":"2023-04-20T17:28:39+00:00","dateModified":"2025-06-20T09:17:57+00:00","description":"Tokyo Revengers 5 (Ken Wakui): EN EL NUEVO PRESENTE DE TAKEMICHI, SE HA CONVERTIDO EN UN PEZ GORDO DE LA TOMAN La victoria de la Toman en su enfrentamiento contra la Walha lla lleva a la fusi\u00f3n de ambas bandas. Takemichi vuelve al prensente... \u00a1y descubre que se ha convertido en un alto directivo de la Toman! Pero la influencia de los exmiembros de la Black Dragon es aplastante... Takemichi cae en la trampa de Kisaki y pierde a Chifuyu. Al reencontrarse con Kazutora, est\u00e1 m\u00e1s decidido que nunca a recuperar la antigua Toman y evitar su v\u00ednculo con la Black Dragon, lo que la convierte en la organizaci\u00f3n temible que es en el presente...","breadcrumb":{"@id":"https:\/\/www.colossalstore.es\/tienda\/manga\/tokyo-revengers-5\/#breadcrumb"},"inLanguage":"en-US","potentialAction":[{"@type":"ReadAction","target":["https:\/\/www.colossalstore.es\/tienda\/manga\/tokyo-revengers-5\/"]}]},{"@type":"ImageObject","inLanguage":"en-US","@id":"https:\/\/www.colossalstore.es\/tienda\/manga\/tokyo-revengers-5\/#primaryimage","url":"https:\/\/www.colossalstore.es\/wp-content\/uploads\/2023\/04\/9788467947113.jpg","contentUrl":"https:\/\/www.colossalstore.es\/wp-content\/uploads\/2023\/04\/9788467947113.jpg","width":552,"height":785},{"@type":"BreadcrumbList","@id":"https:\/\/www.colossalstore.es\/tienda\/manga\/tokyo-revengers-5\/#breadcrumb","itemListElement":[{"@type":"ListItem","position":1,"name":"Home","item":"https:\/\/www.colossalstore.es\/"},{"@type":"ListItem","position":2,"name":"Tienda","item":"https:\/\/www.colossalstore.es\/tienda\/"},{"@type":"ListItem","position":3,"name":"Tokyo Revengers 5"}]},{"@type":"WebSite","@id":"https:\/\/www.colossalstore.es\/#website","url":"https:\/\/www.colossalstore.es\/","name":"Colossal Store","description":"Colossal Store, store specialized in TCGs.","publisher":{"@id":"https:\/\/www.colossalstore.es\/#organization"},"alternateName":"Colossal Store","potentialAction":[{"@type":"SearchAction","target":{"@type":"EntryPoint","urlTemplate":"https:\/\/www.colossalstore.es\/?s={search_term_string}"},"query-input":{"@type":"PropertyValueSpecification","valueRequired":true,"valueName":"search_term_string"}}],"inLanguage":"en-US"},{"@type":"Organization","@id":"https:\/\/www.colossalstore.es\/#organization","name":"Colossal Store","url":"https:\/\/www.colossalstore.es\/","logo":{"@type":"ImageObject","inLanguage":"en-US","@id":"https:\/\/www.colossalstore.es\/#\/schema\/logo\/image\/","url":"https:\/\/www.colossalstore.es\/wp-content\/uploads\/2023\/05\/Colossal_Logo-02.png","contentUrl":"https:\/\/www.colossalstore.es\/wp-content\/uploads\/2023\/05\/Colossal_Logo-02.png","width":1181,"height":1181,"caption":"Colossal Store"},"image":{"@id":"https:\/\/www.colossalstore.es\/#\/schema\/logo\/image\/"},"sameAs":["https:\/\/x.com\/Colossal_Store","https:\/\/www.instagram.com\/colossal_store_tcg\/","https:\/\/www.tiktok.com\/@colossalstore"]}]}},"_links":{"self":[{"href":"https:\/\/www.colossalstore.es\/en\/wp-json\/wp\/v2\/product\/4786","targetHints":{"allow":["GET"]}}],"collection":[{"href":"https:\/\/www.colossalstore.es\/en\/wp-json\/wp\/v2\/product"}],"about":[{"href":"https:\/\/www.colossalstore.es\/en\/wp-json\/wp\/v2\/types\/product"}],"replies":[{"embeddable":true,"href":"https:\/\/www.colossalstore.es\/en\/wp-json\/wp\/v2\/comments?post=4786"}],"wp:featuredmedia":[{"embeddable":true,"href":"https:\/\/www.colossalstore.es\/en\/wp-json\/wp\/v2\/media\/4787"}],"wp:attachment":[{"href":"https:\/\/www.colossalstore.es\/en\/wp-json\/wp\/v2\/media?parent=4786"}],"wp:term":[{"taxonomy":"product_brand","embeddable":true,"href":"https:\/\/www.colossalstore.es\/en\/wp-json\/wp\/v2\/product_brand?post=4786"},{"taxonomy":"product_cat","embeddable":true,"href":"https:\/\/www.colossalstore.es\/en\/wp-json\/wp\/v2\/product_cat?post=4786"},{"taxonomy":"product_tag","embeddable":true,"href":"https:\/\/www.colossalstore.es\/en\/wp-json\/wp\/v2\/product_tag?post=4786"}],"curies":[{"name":"wp","href":"https:\/\/api.w.org\/{rel}","templated":true}]}}