{"id":4784,"date":"2023-04-20T19:12:14","date_gmt":"2023-04-20T17:12:14","guid":{"rendered":"https:\/\/www.colossalstore.es\/?post_type=product&#038;p=4784"},"modified":"2026-01-05T19:48:17","modified_gmt":"2026-01-05T18:48:17","slug":"black-clover-4","status":"publish","type":"product","link":"https:\/\/www.colossalstore.es\/en\/tienda\/manga\/black-clover-4\/","title":{"rendered":"BLACK CLOVER 04"},"content":{"rendered":"<p>Black Clover volume 4 (Yuuki Tabata)<\/p>\n<p>In order to protect the citizens, Asta and the other knights confront those responsible for the attack, an organization that is sworn to the kingdom. However, the situation takes an unexpected turn...<\/p>","protected":false},"excerpt":{"rendered":"<p>Black Clover tomo 4 (Yuuki Tabata) Con el fin de proteger a los ciudadanos, Asta y los dem\u00e1s caballeros se enfrentan a los responsables del atentado, una organizaci\u00f3n que se la tiene jurada al reino. Sin embargo, la situaci\u00f3n adquiere un cariz inesperado\u2026<\/p>","protected":false},"featured_media":4785,"comment_status":"open","ping_status":"closed","template":"","meta":{"_joinchat":[]},"product_brand":[],"product_cat":[32],"product_tag":[],"class_list":{"0":"post-4784","1":"product","2":"type-product","3":"status-publish","4":"has-post-thumbnail","6":"product_cat-manga","8":"first","9":"outofstock","10":"taxable","11":"shipping-taxable","12":"purchasable","13":"product-type-simple"},"yoast_head":"<!-- This site is optimized with the Yoast SEO plugin v25.7 - https:\/\/yoast.com\/wordpress\/plugins\/seo\/ -->\n<title>Black Clover tomo 4 (Yuuki Tabata) | Colossal Store<\/title>\n<meta name=\"description\" content=\"Black Clover tomo 4 (Yuuki Tabata) Con el fin de proteger a los ciudadanos, Asta y los dem\u00e1s caballeros se enfrentan a los responsables del atentado, una organizaci\u00f3n que se la tiene jurada al reino. Sin embargo, la situaci\u00f3n adquiere un cariz inesperado\u2026\" \/>\n<meta name=\"robots\" content=\"index, follow, max-snippet:-1, max-image-preview:large, max-video-preview:-1\" \/>\n<link rel=\"canonical\" href=\"https:\/\/www.colossalstore.es\/en\/tienda\/manga\/black-clover-4\/\" \/>\n<meta property=\"og:locale\" content=\"en_US\" \/>\n<meta property=\"og:type\" content=\"article\" \/>\n<meta property=\"og:title\" content=\"Black Clover tomo 4 (Yuuki Tabata) | Colossal Store\" \/>\n<meta property=\"og:description\" content=\"Black Clover tomo 4 (Yuuki Tabata) Con el fin de proteger a los ciudadanos, Asta y los dem\u00e1s caballeros se enfrentan a los responsables del atentado, una organizaci\u00f3n que se la tiene jurada al reino. Sin embargo, la situaci\u00f3n adquiere un cariz inesperado\u2026\" \/>\n<meta property=\"og:url\" content=\"https:\/\/www.colossalstore.es\/en\/tienda\/manga\/black-clover-4\/\" \/>\n<meta property=\"og:site_name\" content=\"Colossal Store\" \/>\n<meta property=\"article:modified_time\" content=\"2026-01-05T18:48:17+00:00\" \/>\n<meta property=\"og:image\" content=\"https:\/\/www.colossalstore.es\/wp-content\/uploads\/2023\/04\/262b5cecd3735313e096ca5e360846aa62e35ac4.jpeg\" \/>\n\t<meta property=\"og:image:width\" content=\"397\" \/>\n\t<meta property=\"og:image:height\" content=\"600\" \/>\n\t<meta property=\"og:image:type\" content=\"image\/jpeg\" \/>\n<meta name=\"twitter:card\" content=\"summary_large_image\" \/>\n<meta name=\"twitter:site\" content=\"@Colossal_Store\" \/>\n<meta name=\"twitter:label1\" content=\"Est. reading time\" \/>\n\t<meta name=\"twitter:data1\" content=\"1 minute\" \/>\n<script type=\"application\/ld+json\" class=\"yoast-schema-graph\">{\"@context\":\"https:\/\/schema.org\",\"@graph\":[{\"@type\":\"WebPage\",\"@id\":\"https:\/\/www.colossalstore.es\/tienda\/manga\/black-clover-4\/\",\"url\":\"https:\/\/www.colossalstore.es\/tienda\/manga\/black-clover-4\/\",\"name\":\"Black Clover tomo 4 (Yuuki Tabata) | Colossal Store\",\"isPartOf\":{\"@id\":\"https:\/\/www.colossalstore.es\/#website\"},\"primaryImageOfPage\":{\"@id\":\"https:\/\/www.colossalstore.es\/tienda\/manga\/black-clover-4\/#primaryimage\"},\"image\":{\"@id\":\"https:\/\/www.colossalstore.es\/tienda\/manga\/black-clover-4\/#primaryimage\"},\"thumbnailUrl\":\"https:\/\/www.colossalstore.es\/wp-content\/uploads\/2023\/04\/262b5cecd3735313e096ca5e360846aa62e35ac4.jpeg\",\"datePublished\":\"2023-04-20T17:12:14+00:00\",\"dateModified\":\"2026-01-05T18:48:17+00:00\",\"description\":\"Black Clover tomo 4 (Yuuki Tabata) Con el fin de proteger a los ciudadanos, Asta y los dem\u00e1s caballeros se enfrentan a los responsables del atentado, una organizaci\u00f3n que se la tiene jurada al reino. Sin embargo, la situaci\u00f3n adquiere un cariz inesperado\u2026\",\"breadcrumb\":{\"@id\":\"https:\/\/www.colossalstore.es\/tienda\/manga\/black-clover-4\/#breadcrumb\"},\"inLanguage\":\"en-US\",\"potentialAction\":[{\"@type\":\"ReadAction\",\"target\":[\"https:\/\/www.colossalstore.es\/tienda\/manga\/black-clover-4\/\"]}]},{\"@type\":\"ImageObject\",\"inLanguage\":\"en-US\",\"@id\":\"https:\/\/www.colossalstore.es\/tienda\/manga\/black-clover-4\/#primaryimage\",\"url\":\"https:\/\/www.colossalstore.es\/wp-content\/uploads\/2023\/04\/262b5cecd3735313e096ca5e360846aa62e35ac4.jpeg\",\"contentUrl\":\"https:\/\/www.colossalstore.es\/wp-content\/uploads\/2023\/04\/262b5cecd3735313e096ca5e360846aa62e35ac4.jpeg\",\"width\":397,\"height\":600},{\"@type\":\"BreadcrumbList\",\"@id\":\"https:\/\/www.colossalstore.es\/tienda\/manga\/black-clover-4\/#breadcrumb\",\"itemListElement\":[{\"@type\":\"ListItem\",\"position\":1,\"name\":\"Home\",\"item\":\"https:\/\/www.colossalstore.es\/\"},{\"@type\":\"ListItem\",\"position\":2,\"name\":\"Tienda\",\"item\":\"https:\/\/www.colossalstore.es\/tienda\/\"},{\"@type\":\"ListItem\",\"position\":3,\"name\":\"BLACK CLOVER 04\"}]},{\"@type\":\"WebSite\",\"@id\":\"https:\/\/www.colossalstore.es\/#website\",\"url\":\"https:\/\/www.colossalstore.es\/\",\"name\":\"Colossal Store\",\"description\":\"Colossal Store, tienda especializada en TCGs.\",\"publisher\":{\"@id\":\"https:\/\/www.colossalstore.es\/#organization\"},\"alternateName\":\"Colossal Store\",\"potentialAction\":[{\"@type\":\"SearchAction\",\"target\":{\"@type\":\"EntryPoint\",\"urlTemplate\":\"https:\/\/www.colossalstore.es\/?s={search_term_string}\"},\"query-input\":{\"@type\":\"PropertyValueSpecification\",\"valueRequired\":true,\"valueName\":\"search_term_string\"}}],\"inLanguage\":\"en-US\"},{\"@type\":\"Organization\",\"@id\":\"https:\/\/www.colossalstore.es\/#organization\",\"name\":\"Colossal Store\",\"url\":\"https:\/\/www.colossalstore.es\/\",\"logo\":{\"@type\":\"ImageObject\",\"inLanguage\":\"en-US\",\"@id\":\"https:\/\/www.colossalstore.es\/#\/schema\/logo\/image\/\",\"url\":\"https:\/\/www.colossalstore.es\/wp-content\/uploads\/2023\/05\/Colossal_Logo-02.png\",\"contentUrl\":\"https:\/\/www.colossalstore.es\/wp-content\/uploads\/2023\/05\/Colossal_Logo-02.png\",\"width\":1181,\"height\":1181,\"caption\":\"Colossal Store\"},\"image\":{\"@id\":\"https:\/\/www.colossalstore.es\/#\/schema\/logo\/image\/\"},\"sameAs\":[\"https:\/\/x.com\/Colossal_Store\",\"https:\/\/www.instagram.com\/colossal_store_tcg\/\",\"https:\/\/www.tiktok.com\/@colossalstore\"]}]}<\/script>\n<!-- \/ Yoast SEO plugin. -->","yoast_head_json":{"title":"Black Clover tomo 4 (Yuuki Tabata) | Colossal Store","description":"Black Clover tomo 4 (Yuuki Tabata) Con el fin de proteger a los ciudadanos, Asta y los dem\u00e1s caballeros se enfrentan a los responsables del atentado, una organizaci\u00f3n que se la tiene jurada al reino. Sin embargo, la situaci\u00f3n adquiere un cariz inesperado\u2026","robots":{"index":"index","follow":"follow","max-snippet":"max-snippet:-1","max-image-preview":"max-image-preview:large","max-video-preview":"max-video-preview:-1"},"canonical":"https:\/\/www.colossalstore.es\/en\/tienda\/manga\/black-clover-4\/","og_locale":"en_US","og_type":"article","og_title":"Black Clover tomo 4 (Yuuki Tabata) | Colossal Store","og_description":"Black Clover tomo 4 (Yuuki Tabata) Con el fin de proteger a los ciudadanos, Asta y los dem\u00e1s caballeros se enfrentan a los responsables del atentado, una organizaci\u00f3n que se la tiene jurada al reino. Sin embargo, la situaci\u00f3n adquiere un cariz inesperado\u2026","og_url":"https:\/\/www.colossalstore.es\/en\/tienda\/manga\/black-clover-4\/","og_site_name":"Colossal Store","article_modified_time":"2026-01-05T18:48:17+00:00","og_image":[{"width":397,"height":600,"url":"https:\/\/www.colossalstore.es\/wp-content\/uploads\/2023\/04\/262b5cecd3735313e096ca5e360846aa62e35ac4.jpeg","type":"image\/jpeg"}],"twitter_card":"summary_large_image","twitter_site":"@Colossal_Store","twitter_misc":{"Est. reading time":"1 minute"},"schema":{"@context":"https:\/\/schema.org","@graph":[{"@type":"WebPage","@id":"https:\/\/www.colossalstore.es\/tienda\/manga\/black-clover-4\/","url":"https:\/\/www.colossalstore.es\/tienda\/manga\/black-clover-4\/","name":"Black Clover tomo 4 (Yuuki Tabata) | Colossal Store","isPartOf":{"@id":"https:\/\/www.colossalstore.es\/#website"},"primaryImageOfPage":{"@id":"https:\/\/www.colossalstore.es\/tienda\/manga\/black-clover-4\/#primaryimage"},"image":{"@id":"https:\/\/www.colossalstore.es\/tienda\/manga\/black-clover-4\/#primaryimage"},"thumbnailUrl":"https:\/\/www.colossalstore.es\/wp-content\/uploads\/2023\/04\/262b5cecd3735313e096ca5e360846aa62e35ac4.jpeg","datePublished":"2023-04-20T17:12:14+00:00","dateModified":"2026-01-05T18:48:17+00:00","description":"Black Clover tomo 4 (Yuuki Tabata) Con el fin de proteger a los ciudadanos, Asta y los dem\u00e1s caballeros se enfrentan a los responsables del atentado, una organizaci\u00f3n que se la tiene jurada al reino. Sin embargo, la situaci\u00f3n adquiere un cariz inesperado\u2026","breadcrumb":{"@id":"https:\/\/www.colossalstore.es\/tienda\/manga\/black-clover-4\/#breadcrumb"},"inLanguage":"en-US","potentialAction":[{"@type":"ReadAction","target":["https:\/\/www.colossalstore.es\/tienda\/manga\/black-clover-4\/"]}]},{"@type":"ImageObject","inLanguage":"en-US","@id":"https:\/\/www.colossalstore.es\/tienda\/manga\/black-clover-4\/#primaryimage","url":"https:\/\/www.colossalstore.es\/wp-content\/uploads\/2023\/04\/262b5cecd3735313e096ca5e360846aa62e35ac4.jpeg","contentUrl":"https:\/\/www.colossalstore.es\/wp-content\/uploads\/2023\/04\/262b5cecd3735313e096ca5e360846aa62e35ac4.jpeg","width":397,"height":600},{"@type":"BreadcrumbList","@id":"https:\/\/www.colossalstore.es\/tienda\/manga\/black-clover-4\/#breadcrumb","itemListElement":[{"@type":"ListItem","position":1,"name":"Home","item":"https:\/\/www.colossalstore.es\/"},{"@type":"ListItem","position":2,"name":"Tienda","item":"https:\/\/www.colossalstore.es\/tienda\/"},{"@type":"ListItem","position":3,"name":"BLACK CLOVER 04"}]},{"@type":"WebSite","@id":"https:\/\/www.colossalstore.es\/#website","url":"https:\/\/www.colossalstore.es\/","name":"Colossal Store","description":"Colossal Store, store specialized in TCGs.","publisher":{"@id":"https:\/\/www.colossalstore.es\/#organization"},"alternateName":"Colossal Store","potentialAction":[{"@type":"SearchAction","target":{"@type":"EntryPoint","urlTemplate":"https:\/\/www.colossalstore.es\/?s={search_term_string}"},"query-input":{"@type":"PropertyValueSpecification","valueRequired":true,"valueName":"search_term_string"}}],"inLanguage":"en-US"},{"@type":"Organization","@id":"https:\/\/www.colossalstore.es\/#organization","name":"Colossal Store","url":"https:\/\/www.colossalstore.es\/","logo":{"@type":"ImageObject","inLanguage":"en-US","@id":"https:\/\/www.colossalstore.es\/#\/schema\/logo\/image\/","url":"https:\/\/www.colossalstore.es\/wp-content\/uploads\/2023\/05\/Colossal_Logo-02.png","contentUrl":"https:\/\/www.colossalstore.es\/wp-content\/uploads\/2023\/05\/Colossal_Logo-02.png","width":1181,"height":1181,"caption":"Colossal Store"},"image":{"@id":"https:\/\/www.colossalstore.es\/#\/schema\/logo\/image\/"},"sameAs":["https:\/\/x.com\/Colossal_Store","https:\/\/www.instagram.com\/colossal_store_tcg\/","https:\/\/www.tiktok.com\/@colossalstore"]}]}},"_links":{"self":[{"href":"https:\/\/www.colossalstore.es\/en\/wp-json\/wp\/v2\/product\/4784","targetHints":{"allow":["GET"]}}],"collection":[{"href":"https:\/\/www.colossalstore.es\/en\/wp-json\/wp\/v2\/product"}],"about":[{"href":"https:\/\/www.colossalstore.es\/en\/wp-json\/wp\/v2\/types\/product"}],"replies":[{"embeddable":true,"href":"https:\/\/www.colossalstore.es\/en\/wp-json\/wp\/v2\/comments?post=4784"}],"wp:featuredmedia":[{"embeddable":true,"href":"https:\/\/www.colossalstore.es\/en\/wp-json\/wp\/v2\/media\/4785"}],"wp:attachment":[{"href":"https:\/\/www.colossalstore.es\/en\/wp-json\/wp\/v2\/media?parent=4784"}],"wp:term":[{"taxonomy":"product_brand","embeddable":true,"href":"https:\/\/www.colossalstore.es\/en\/wp-json\/wp\/v2\/product_brand?post=4784"},{"taxonomy":"product_cat","embeddable":true,"href":"https:\/\/www.colossalstore.es\/en\/wp-json\/wp\/v2\/product_cat?post=4784"},{"taxonomy":"product_tag","embeddable":true,"href":"https:\/\/www.colossalstore.es\/en\/wp-json\/wp\/v2\/product_tag?post=4784"}],"curies":[{"name":"wp","href":"https:\/\/api.w.org\/{rel}","templated":true}]}}