{"id":4774,"date":"2023-04-20T18:51:32","date_gmt":"2023-04-20T16:51:32","guid":{"rendered":"https:\/\/www.colossalstore.es\/?post_type=product&#038;p=4774"},"modified":"2025-09-24T12:50:07","modified_gmt":"2025-09-24T10:50:07","slug":"solo-leveling-6","status":"publish","type":"product","link":"https:\/\/www.colossalstore.es\/en\/tienda\/manga\/solo-leveling-6\/","title":{"rendered":"SOLO LEVELING 06"},"content":{"rendered":"<p>Solo Leveling 6 (Chugong)<\/p>\n<p>SUNG JINWOO&#039;S SKILLS DO NOT STOP GROWING The hope of curing his mother if he obtains the ingredients of a supposed miraculous potion makes Jinwoo give everything in his new fighting scenario. But meanwhile the situation on Jeju Island becomes dramatic and even the Japanese guilds decide to intervene, helping the Koreans confront these terrifying creatures.<\/p>","protected":false},"excerpt":{"rendered":"<p>Solo Leveling 6 (Chugong) LAS HABILIDADES DE SUNG JINWOO NO DEJAN DE CRECER La esperanza de curar a su madre si consigue los ingredientes de una supuesta poci\u00f3n milagrosa hace que Jinwoo lo de todo en su nuevo escenario de lucha. Pero mientras tanto la situaci\u00f3n en la isla de Jeju se vuelve dram\u00e1tica e [&hellip;]<\/p>","protected":false},"featured_media":4776,"comment_status":"open","ping_status":"closed","template":"","meta":{"_joinchat":[]},"product_brand":[],"product_cat":[32],"product_tag":[],"class_list":{"0":"post-4774","1":"product","2":"type-product","3":"status-publish","4":"has-post-thumbnail","6":"product_cat-manga","8":"first","9":"outofstock","10":"sale","11":"taxable","12":"shipping-taxable","13":"purchasable","14":"product-type-simple"},"yoast_head":"<!-- This site is optimized with the Yoast SEO plugin v25.7 - https:\/\/yoast.com\/wordpress\/plugins\/seo\/ -->\n<title>Solo Leveling 6 (Chugong) | Colossal Store<\/title>\n<meta name=\"description\" content=\"Solo Leveling 6 (Chugong): LAS HABILIDADES DE SUNG JINWOO NO DEJAN DE CRECER La esperanza de curar a su madre si consigue los ingredientes de una supuesta poci\u00f3n milagrosa hace que Jinwoo lo de todo en su nuevo escenario de lucha. Pero mientras tanto la situaci\u00f3n en la isla de Jeju se vuelve dram\u00e1tica e incluso los gremios japoneses deciden intervenir, ayudando a los coreanos a enfrentarse a esas aterradoras criaturas.\" \/>\n<meta name=\"robots\" content=\"index, follow, max-snippet:-1, max-image-preview:large, max-video-preview:-1\" \/>\n<link rel=\"canonical\" href=\"https:\/\/www.colossalstore.es\/en\/tienda\/manga\/solo-leveling-6\/\" \/>\n<meta property=\"og:locale\" content=\"en_US\" \/>\n<meta property=\"og:type\" content=\"article\" \/>\n<meta property=\"og:title\" content=\"Solo Leveling 6 (Chugong) | Colossal Store\" \/>\n<meta property=\"og:description\" content=\"Solo Leveling 6 (Chugong): LAS HABILIDADES DE SUNG JINWOO NO DEJAN DE CRECER La esperanza de curar a su madre si consigue los ingredientes de una supuesta poci\u00f3n milagrosa hace que Jinwoo lo de todo en su nuevo escenario de lucha. Pero mientras tanto la situaci\u00f3n en la isla de Jeju se vuelve dram\u00e1tica e incluso los gremios japoneses deciden intervenir, ayudando a los coreanos a enfrentarse a esas aterradoras criaturas.\" \/>\n<meta property=\"og:url\" content=\"https:\/\/www.colossalstore.es\/en\/tienda\/manga\/solo-leveling-6\/\" \/>\n<meta property=\"og:site_name\" content=\"Colossal Store\" \/>\n<meta property=\"article:modified_time\" content=\"2025-09-24T10:50:07+00:00\" \/>\n<meta property=\"og:image\" content=\"https:\/\/www.colossalstore.es\/wp-content\/uploads\/2023\/04\/9788467960471.jpg\" \/>\n\t<meta property=\"og:image:width\" content=\"552\" \/>\n\t<meta property=\"og:image:height\" content=\"784\" \/>\n\t<meta property=\"og:image:type\" content=\"image\/jpeg\" \/>\n<meta name=\"twitter:card\" content=\"summary_large_image\" \/>\n<meta name=\"twitter:site\" content=\"@Colossal_Store\" \/>\n<meta name=\"twitter:label1\" content=\"Est. reading time\" \/>\n\t<meta name=\"twitter:data1\" content=\"1 minute\" \/>\n<script type=\"application\/ld+json\" class=\"yoast-schema-graph\">{\"@context\":\"https:\/\/schema.org\",\"@graph\":[{\"@type\":\"WebPage\",\"@id\":\"https:\/\/www.colossalstore.es\/tienda\/manga\/solo-leveling-6\/\",\"url\":\"https:\/\/www.colossalstore.es\/tienda\/manga\/solo-leveling-6\/\",\"name\":\"Solo Leveling 6 (Chugong) | Colossal Store\",\"isPartOf\":{\"@id\":\"https:\/\/www.colossalstore.es\/#website\"},\"primaryImageOfPage\":{\"@id\":\"https:\/\/www.colossalstore.es\/tienda\/manga\/solo-leveling-6\/#primaryimage\"},\"image\":{\"@id\":\"https:\/\/www.colossalstore.es\/tienda\/manga\/solo-leveling-6\/#primaryimage\"},\"thumbnailUrl\":\"https:\/\/www.colossalstore.es\/wp-content\/uploads\/2023\/04\/9788467960471.jpg\",\"datePublished\":\"2023-04-20T16:51:32+00:00\",\"dateModified\":\"2025-09-24T10:50:07+00:00\",\"description\":\"Solo Leveling 6 (Chugong): LAS HABILIDADES DE SUNG JINWOO NO DEJAN DE CRECER La esperanza de curar a su madre si consigue los ingredientes de una supuesta poci\u00f3n milagrosa hace que Jinwoo lo de todo en su nuevo escenario de lucha. Pero mientras tanto la situaci\u00f3n en la isla de Jeju se vuelve dram\u00e1tica e incluso los gremios japoneses deciden intervenir, ayudando a los coreanos a enfrentarse a esas aterradoras criaturas.\",\"breadcrumb\":{\"@id\":\"https:\/\/www.colossalstore.es\/tienda\/manga\/solo-leveling-6\/#breadcrumb\"},\"inLanguage\":\"en-US\",\"potentialAction\":[{\"@type\":\"ReadAction\",\"target\":[\"https:\/\/www.colossalstore.es\/tienda\/manga\/solo-leveling-6\/\"]}]},{\"@type\":\"ImageObject\",\"inLanguage\":\"en-US\",\"@id\":\"https:\/\/www.colossalstore.es\/tienda\/manga\/solo-leveling-6\/#primaryimage\",\"url\":\"https:\/\/www.colossalstore.es\/wp-content\/uploads\/2023\/04\/9788467960471.jpg\",\"contentUrl\":\"https:\/\/www.colossalstore.es\/wp-content\/uploads\/2023\/04\/9788467960471.jpg\",\"width\":552,\"height\":784},{\"@type\":\"BreadcrumbList\",\"@id\":\"https:\/\/www.colossalstore.es\/tienda\/manga\/solo-leveling-6\/#breadcrumb\",\"itemListElement\":[{\"@type\":\"ListItem\",\"position\":1,\"name\":\"Home\",\"item\":\"https:\/\/www.colossalstore.es\/\"},{\"@type\":\"ListItem\",\"position\":2,\"name\":\"Tienda\",\"item\":\"https:\/\/www.colossalstore.es\/tienda\/\"},{\"@type\":\"ListItem\",\"position\":3,\"name\":\"SOLO LEVELING 06\"}]},{\"@type\":\"WebSite\",\"@id\":\"https:\/\/www.colossalstore.es\/#website\",\"url\":\"https:\/\/www.colossalstore.es\/\",\"name\":\"Colossal Store\",\"description\":\"Colossal Store, tienda especializada en TCGs.\",\"publisher\":{\"@id\":\"https:\/\/www.colossalstore.es\/#organization\"},\"alternateName\":\"Colossal Store\",\"potentialAction\":[{\"@type\":\"SearchAction\",\"target\":{\"@type\":\"EntryPoint\",\"urlTemplate\":\"https:\/\/www.colossalstore.es\/?s={search_term_string}\"},\"query-input\":{\"@type\":\"PropertyValueSpecification\",\"valueRequired\":true,\"valueName\":\"search_term_string\"}}],\"inLanguage\":\"en-US\"},{\"@type\":\"Organization\",\"@id\":\"https:\/\/www.colossalstore.es\/#organization\",\"name\":\"Colossal Store\",\"url\":\"https:\/\/www.colossalstore.es\/\",\"logo\":{\"@type\":\"ImageObject\",\"inLanguage\":\"en-US\",\"@id\":\"https:\/\/www.colossalstore.es\/#\/schema\/logo\/image\/\",\"url\":\"https:\/\/www.colossalstore.es\/wp-content\/uploads\/2023\/05\/Colossal_Logo-02.png\",\"contentUrl\":\"https:\/\/www.colossalstore.es\/wp-content\/uploads\/2023\/05\/Colossal_Logo-02.png\",\"width\":1181,\"height\":1181,\"caption\":\"Colossal Store\"},\"image\":{\"@id\":\"https:\/\/www.colossalstore.es\/#\/schema\/logo\/image\/\"},\"sameAs\":[\"https:\/\/x.com\/Colossal_Store\",\"https:\/\/www.instagram.com\/colossal_store_tcg\/\",\"https:\/\/www.tiktok.com\/@colossalstore\"]}]}<\/script>\n<!-- \/ Yoast SEO plugin. -->","yoast_head_json":{"title":"Solo Leveling 6 (Chugong) | Colossal Store","description":"Solo Leveling 6 (Chugong): LAS HABILIDADES DE SUNG JINWOO NO DEJAN DE CRECER La esperanza de curar a su madre si consigue los ingredientes de una supuesta poci\u00f3n milagrosa hace que Jinwoo lo de todo en su nuevo escenario de lucha. Pero mientras tanto la situaci\u00f3n en la isla de Jeju se vuelve dram\u00e1tica e incluso los gremios japoneses deciden intervenir, ayudando a los coreanos a enfrentarse a esas aterradoras criaturas.","robots":{"index":"index","follow":"follow","max-snippet":"max-snippet:-1","max-image-preview":"max-image-preview:large","max-video-preview":"max-video-preview:-1"},"canonical":"https:\/\/www.colossalstore.es\/en\/tienda\/manga\/solo-leveling-6\/","og_locale":"en_US","og_type":"article","og_title":"Solo Leveling 6 (Chugong) | Colossal Store","og_description":"Solo Leveling 6 (Chugong): LAS HABILIDADES DE SUNG JINWOO NO DEJAN DE CRECER La esperanza de curar a su madre si consigue los ingredientes de una supuesta poci\u00f3n milagrosa hace que Jinwoo lo de todo en su nuevo escenario de lucha. Pero mientras tanto la situaci\u00f3n en la isla de Jeju se vuelve dram\u00e1tica e incluso los gremios japoneses deciden intervenir, ayudando a los coreanos a enfrentarse a esas aterradoras criaturas.","og_url":"https:\/\/www.colossalstore.es\/en\/tienda\/manga\/solo-leveling-6\/","og_site_name":"Colossal Store","article_modified_time":"2025-09-24T10:50:07+00:00","og_image":[{"width":552,"height":784,"url":"https:\/\/www.colossalstore.es\/wp-content\/uploads\/2023\/04\/9788467960471.jpg","type":"image\/jpeg"}],"twitter_card":"summary_large_image","twitter_site":"@Colossal_Store","twitter_misc":{"Est. reading time":"1 minute"},"schema":{"@context":"https:\/\/schema.org","@graph":[{"@type":"WebPage","@id":"https:\/\/www.colossalstore.es\/tienda\/manga\/solo-leveling-6\/","url":"https:\/\/www.colossalstore.es\/tienda\/manga\/solo-leveling-6\/","name":"Solo Leveling 6 (Chugong) | Colossal Store","isPartOf":{"@id":"https:\/\/www.colossalstore.es\/#website"},"primaryImageOfPage":{"@id":"https:\/\/www.colossalstore.es\/tienda\/manga\/solo-leveling-6\/#primaryimage"},"image":{"@id":"https:\/\/www.colossalstore.es\/tienda\/manga\/solo-leveling-6\/#primaryimage"},"thumbnailUrl":"https:\/\/www.colossalstore.es\/wp-content\/uploads\/2023\/04\/9788467960471.jpg","datePublished":"2023-04-20T16:51:32+00:00","dateModified":"2025-09-24T10:50:07+00:00","description":"Solo Leveling 6 (Chugong): LAS HABILIDADES DE SUNG JINWOO NO DEJAN DE CRECER La esperanza de curar a su madre si consigue los ingredientes de una supuesta poci\u00f3n milagrosa hace que Jinwoo lo de todo en su nuevo escenario de lucha. Pero mientras tanto la situaci\u00f3n en la isla de Jeju se vuelve dram\u00e1tica e incluso los gremios japoneses deciden intervenir, ayudando a los coreanos a enfrentarse a esas aterradoras criaturas.","breadcrumb":{"@id":"https:\/\/www.colossalstore.es\/tienda\/manga\/solo-leveling-6\/#breadcrumb"},"inLanguage":"en-US","potentialAction":[{"@type":"ReadAction","target":["https:\/\/www.colossalstore.es\/tienda\/manga\/solo-leveling-6\/"]}]},{"@type":"ImageObject","inLanguage":"en-US","@id":"https:\/\/www.colossalstore.es\/tienda\/manga\/solo-leveling-6\/#primaryimage","url":"https:\/\/www.colossalstore.es\/wp-content\/uploads\/2023\/04\/9788467960471.jpg","contentUrl":"https:\/\/www.colossalstore.es\/wp-content\/uploads\/2023\/04\/9788467960471.jpg","width":552,"height":784},{"@type":"BreadcrumbList","@id":"https:\/\/www.colossalstore.es\/tienda\/manga\/solo-leveling-6\/#breadcrumb","itemListElement":[{"@type":"ListItem","position":1,"name":"Home","item":"https:\/\/www.colossalstore.es\/"},{"@type":"ListItem","position":2,"name":"Tienda","item":"https:\/\/www.colossalstore.es\/tienda\/"},{"@type":"ListItem","position":3,"name":"SOLO LEVELING 06"}]},{"@type":"WebSite","@id":"https:\/\/www.colossalstore.es\/#website","url":"https:\/\/www.colossalstore.es\/","name":"Colossal Store","description":"Colossal Store, store specialized in TCGs.","publisher":{"@id":"https:\/\/www.colossalstore.es\/#organization"},"alternateName":"Colossal Store","potentialAction":[{"@type":"SearchAction","target":{"@type":"EntryPoint","urlTemplate":"https:\/\/www.colossalstore.es\/?s={search_term_string}"},"query-input":{"@type":"PropertyValueSpecification","valueRequired":true,"valueName":"search_term_string"}}],"inLanguage":"en-US"},{"@type":"Organization","@id":"https:\/\/www.colossalstore.es\/#organization","name":"Colossal Store","url":"https:\/\/www.colossalstore.es\/","logo":{"@type":"ImageObject","inLanguage":"en-US","@id":"https:\/\/www.colossalstore.es\/#\/schema\/logo\/image\/","url":"https:\/\/www.colossalstore.es\/wp-content\/uploads\/2023\/05\/Colossal_Logo-02.png","contentUrl":"https:\/\/www.colossalstore.es\/wp-content\/uploads\/2023\/05\/Colossal_Logo-02.png","width":1181,"height":1181,"caption":"Colossal Store"},"image":{"@id":"https:\/\/www.colossalstore.es\/#\/schema\/logo\/image\/"},"sameAs":["https:\/\/x.com\/Colossal_Store","https:\/\/www.instagram.com\/colossal_store_tcg\/","https:\/\/www.tiktok.com\/@colossalstore"]}]}},"_links":{"self":[{"href":"https:\/\/www.colossalstore.es\/en\/wp-json\/wp\/v2\/product\/4774","targetHints":{"allow":["GET"]}}],"collection":[{"href":"https:\/\/www.colossalstore.es\/en\/wp-json\/wp\/v2\/product"}],"about":[{"href":"https:\/\/www.colossalstore.es\/en\/wp-json\/wp\/v2\/types\/product"}],"replies":[{"embeddable":true,"href":"https:\/\/www.colossalstore.es\/en\/wp-json\/wp\/v2\/comments?post=4774"}],"wp:featuredmedia":[{"embeddable":true,"href":"https:\/\/www.colossalstore.es\/en\/wp-json\/wp\/v2\/media\/4776"}],"wp:attachment":[{"href":"https:\/\/www.colossalstore.es\/en\/wp-json\/wp\/v2\/media?parent=4774"}],"wp:term":[{"taxonomy":"product_brand","embeddable":true,"href":"https:\/\/www.colossalstore.es\/en\/wp-json\/wp\/v2\/product_brand?post=4774"},{"taxonomy":"product_cat","embeddable":true,"href":"https:\/\/www.colossalstore.es\/en\/wp-json\/wp\/v2\/product_cat?post=4774"},{"taxonomy":"product_tag","embeddable":true,"href":"https:\/\/www.colossalstore.es\/en\/wp-json\/wp\/v2\/product_tag?post=4774"}],"curies":[{"name":"wp","href":"https:\/\/api.w.org\/{rel}","templated":true}]}}