{"id":4759,"date":"2023-04-15T13:32:56","date_gmt":"2023-04-15T11:32:56","guid":{"rendered":"https:\/\/www.colossalstore.es\/?post_type=product&#038;p=4759"},"modified":"2025-09-24T12:50:50","modified_gmt":"2025-09-24T10:50:50","slug":"digimon-tcg-bt12-booster-box-across-time-en","status":"publish","type":"product","link":"https:\/\/www.colossalstore.es\/en\/tienda\/tcg\/digimon\/digimon-tcg-bt12-booster-box-across-time-en\/","title":{"rendered":"DIGIMON TCG ACROSS TIME BT12 BOOSTER BOX"},"content":{"rendered":"<p>Digimon TCG BT12 Booster box \u2013 Across Time EN<\/p>\n<p>1. TAMERS AND DIGIMON FROM VARIOUS ANIME SERIES!<br \/>\nAn incredibly popular lineup of characters among Digimon anime fans! The lineup is designed to evoke fan-favorite Digimon Xros Wars: The Young Hunters Who Leapt Through Time! Additionally, famous scenes from each series are completely recreated in the card game, allowing fans to build their own concept decks.<\/p>\n<p>2.CARDS WITH A SECOND ALTERNATIVE DESIGN ADDED TO SECRET CARDS (SEC)!<br \/>\nThe two SEC cards included in this set include a SECOND version with an alternate design! This version also has a low draw rate, a rare and beautiful card for all collectors and players to seek out!<\/p>","protected":false},"excerpt":{"rendered":"<p>Digimon TCG BT12 Booster box &#8211; Across Time EN 1. \u00a1DOMADORES Y DIGIMON DE VARIAS SERIES DE ANIME! \u00a1Una alineaci\u00f3n de personajes incre\u00edblemente popular entre los fans del anime Digimon! La alineaci\u00f3n est\u00e1 dise\u00f1ada para evocar el favorito de los fan\u00e1ticos Digimon Xros Wars: \u00a1Los j\u00f3venes cazadores que saltaban a trav\u00e9s del tiempo! Adem\u00e1s, las [&hellip;]<\/p>","protected":false},"featured_media":4760,"comment_status":"open","ping_status":"closed","template":"","meta":{"_joinchat":[]},"product_brand":[],"product_cat":[45,34],"product_tag":[],"class_list":{"0":"post-4759","1":"product","2":"type-product","3":"status-publish","4":"has-post-thumbnail","6":"product_cat-digimon","7":"product_cat-tcg","9":"first","10":"outofstock","11":"taxable","12":"shipping-taxable","13":"purchasable","14":"product-type-simple"},"yoast_head":"<!-- This site is optimized with the Yoast SEO plugin v25.7 - https:\/\/yoast.com\/wordpress\/plugins\/seo\/ -->\n<title>Digimon TCG BT12 Booster box - Across Time EN | Colossal Store<\/title>\n<meta name=\"description\" content=\"Digimon TCG BT12 Booster box - Across Time EN\" \/>\n<meta name=\"robots\" content=\"index, follow, max-snippet:-1, max-image-preview:large, max-video-preview:-1\" \/>\n<link rel=\"canonical\" href=\"https:\/\/www.colossalstore.es\/en\/tienda\/tcg\/digimon\/digimon-tcg-bt12-booster-box-across-time-en\/\" \/>\n<meta property=\"og:locale\" content=\"en_US\" \/>\n<meta property=\"og:type\" content=\"article\" \/>\n<meta property=\"og:title\" content=\"Digimon TCG BT12 Booster box - Across Time EN | Colossal Store\" \/>\n<meta property=\"og:description\" content=\"Digimon TCG BT12 Booster box - Across Time EN\" \/>\n<meta property=\"og:url\" content=\"https:\/\/www.colossalstore.es\/en\/tienda\/tcg\/digimon\/digimon-tcg-bt12-booster-box-across-time-en\/\" \/>\n<meta property=\"og:site_name\" content=\"Colossal Store\" \/>\n<meta property=\"article:modified_time\" content=\"2025-09-24T10:50:50+00:00\" \/>\n<meta property=\"og:image\" content=\"https:\/\/www.colossalstore.es\/wp-content\/uploads\/2023\/04\/Digimon-tcg-across-time-booster-box-bt12-eng.webp\" \/>\n\t<meta property=\"og:image:width\" content=\"1024\" \/>\n\t<meta property=\"og:image:height\" content=\"931\" \/>\n\t<meta property=\"og:image:type\" content=\"image\/webp\" \/>\n<meta name=\"twitter:card\" content=\"summary_large_image\" \/>\n<meta name=\"twitter:site\" content=\"@Colossal_Store\" \/>\n<meta name=\"twitter:label1\" content=\"Est. reading time\" \/>\n\t<meta name=\"twitter:data1\" content=\"1 minute\" \/>\n<script type=\"application\/ld+json\" class=\"yoast-schema-graph\">{\"@context\":\"https:\/\/schema.org\",\"@graph\":[{\"@type\":\"WebPage\",\"@id\":\"https:\/\/www.colossalstore.es\/tienda\/tcg\/digimon\/digimon-tcg-bt12-booster-box-across-time-en\/\",\"url\":\"https:\/\/www.colossalstore.es\/tienda\/tcg\/digimon\/digimon-tcg-bt12-booster-box-across-time-en\/\",\"name\":\"Digimon TCG BT12 Booster box - Across Time EN | Colossal Store\",\"isPartOf\":{\"@id\":\"https:\/\/www.colossalstore.es\/#website\"},\"primaryImageOfPage\":{\"@id\":\"https:\/\/www.colossalstore.es\/tienda\/tcg\/digimon\/digimon-tcg-bt12-booster-box-across-time-en\/#primaryimage\"},\"image\":{\"@id\":\"https:\/\/www.colossalstore.es\/tienda\/tcg\/digimon\/digimon-tcg-bt12-booster-box-across-time-en\/#primaryimage\"},\"thumbnailUrl\":\"https:\/\/www.colossalstore.es\/wp-content\/uploads\/2023\/04\/Digimon-tcg-across-time-booster-box-bt12-eng.webp\",\"datePublished\":\"2023-04-15T11:32:56+00:00\",\"dateModified\":\"2025-09-24T10:50:50+00:00\",\"description\":\"Digimon TCG BT12 Booster box - Across Time EN\",\"breadcrumb\":{\"@id\":\"https:\/\/www.colossalstore.es\/tienda\/tcg\/digimon\/digimon-tcg-bt12-booster-box-across-time-en\/#breadcrumb\"},\"inLanguage\":\"en-US\",\"potentialAction\":[{\"@type\":\"ReadAction\",\"target\":[\"https:\/\/www.colossalstore.es\/tienda\/tcg\/digimon\/digimon-tcg-bt12-booster-box-across-time-en\/\"]}]},{\"@type\":\"ImageObject\",\"inLanguage\":\"en-US\",\"@id\":\"https:\/\/www.colossalstore.es\/tienda\/tcg\/digimon\/digimon-tcg-bt12-booster-box-across-time-en\/#primaryimage\",\"url\":\"https:\/\/www.colossalstore.es\/wp-content\/uploads\/2023\/04\/Digimon-tcg-across-time-booster-box-bt12-eng.webp\",\"contentUrl\":\"https:\/\/www.colossalstore.es\/wp-content\/uploads\/2023\/04\/Digimon-tcg-across-time-booster-box-bt12-eng.webp\",\"width\":1024,\"height\":931},{\"@type\":\"BreadcrumbList\",\"@id\":\"https:\/\/www.colossalstore.es\/tienda\/tcg\/digimon\/digimon-tcg-bt12-booster-box-across-time-en\/#breadcrumb\",\"itemListElement\":[{\"@type\":\"ListItem\",\"position\":1,\"name\":\"Home\",\"item\":\"https:\/\/www.colossalstore.es\/\"},{\"@type\":\"ListItem\",\"position\":2,\"name\":\"Tienda\",\"item\":\"https:\/\/www.colossalstore.es\/tienda\/\"},{\"@type\":\"ListItem\",\"position\":3,\"name\":\"DIGIMON TCG ACROSS TIME BT12 BOOSTER BOX\"}]},{\"@type\":\"WebSite\",\"@id\":\"https:\/\/www.colossalstore.es\/#website\",\"url\":\"https:\/\/www.colossalstore.es\/\",\"name\":\"Colossal Store\",\"description\":\"Colossal Store, tienda especializada en TCGs.\",\"publisher\":{\"@id\":\"https:\/\/www.colossalstore.es\/#organization\"},\"alternateName\":\"Colossal Store\",\"potentialAction\":[{\"@type\":\"SearchAction\",\"target\":{\"@type\":\"EntryPoint\",\"urlTemplate\":\"https:\/\/www.colossalstore.es\/?s={search_term_string}\"},\"query-input\":{\"@type\":\"PropertyValueSpecification\",\"valueRequired\":true,\"valueName\":\"search_term_string\"}}],\"inLanguage\":\"en-US\"},{\"@type\":\"Organization\",\"@id\":\"https:\/\/www.colossalstore.es\/#organization\",\"name\":\"Colossal Store\",\"url\":\"https:\/\/www.colossalstore.es\/\",\"logo\":{\"@type\":\"ImageObject\",\"inLanguage\":\"en-US\",\"@id\":\"https:\/\/www.colossalstore.es\/#\/schema\/logo\/image\/\",\"url\":\"https:\/\/www.colossalstore.es\/wp-content\/uploads\/2023\/05\/Colossal_Logo-02.png\",\"contentUrl\":\"https:\/\/www.colossalstore.es\/wp-content\/uploads\/2023\/05\/Colossal_Logo-02.png\",\"width\":1181,\"height\":1181,\"caption\":\"Colossal Store\"},\"image\":{\"@id\":\"https:\/\/www.colossalstore.es\/#\/schema\/logo\/image\/\"},\"sameAs\":[\"https:\/\/x.com\/Colossal_Store\",\"https:\/\/www.instagram.com\/colossal_store_tcg\/\",\"https:\/\/www.tiktok.com\/@colossalstore\"]}]}<\/script>\n<!-- \/ Yoast SEO plugin. -->","yoast_head_json":{"title":"Digimon TCG BT12 Booster box - Across Time EN | Colossal Store","description":"Digimon TCG BT12 Booster box - Across Time EN","robots":{"index":"index","follow":"follow","max-snippet":"max-snippet:-1","max-image-preview":"max-image-preview:large","max-video-preview":"max-video-preview:-1"},"canonical":"https:\/\/www.colossalstore.es\/en\/tienda\/tcg\/digimon\/digimon-tcg-bt12-booster-box-across-time-en\/","og_locale":"en_US","og_type":"article","og_title":"Digimon TCG BT12 Booster box - Across Time EN | Colossal Store","og_description":"Digimon TCG BT12 Booster box - Across Time EN","og_url":"https:\/\/www.colossalstore.es\/en\/tienda\/tcg\/digimon\/digimon-tcg-bt12-booster-box-across-time-en\/","og_site_name":"Colossal Store","article_modified_time":"2025-09-24T10:50:50+00:00","og_image":[{"width":1024,"height":931,"url":"https:\/\/www.colossalstore.es\/wp-content\/uploads\/2023\/04\/Digimon-tcg-across-time-booster-box-bt12-eng.webp","type":"image\/webp"}],"twitter_card":"summary_large_image","twitter_site":"@Colossal_Store","twitter_misc":{"Est. reading time":"1 minute"},"schema":{"@context":"https:\/\/schema.org","@graph":[{"@type":"WebPage","@id":"https:\/\/www.colossalstore.es\/tienda\/tcg\/digimon\/digimon-tcg-bt12-booster-box-across-time-en\/","url":"https:\/\/www.colossalstore.es\/tienda\/tcg\/digimon\/digimon-tcg-bt12-booster-box-across-time-en\/","name":"Digimon TCG BT12 Booster box - Across Time EN | Colossal Store","isPartOf":{"@id":"https:\/\/www.colossalstore.es\/#website"},"primaryImageOfPage":{"@id":"https:\/\/www.colossalstore.es\/tienda\/tcg\/digimon\/digimon-tcg-bt12-booster-box-across-time-en\/#primaryimage"},"image":{"@id":"https:\/\/www.colossalstore.es\/tienda\/tcg\/digimon\/digimon-tcg-bt12-booster-box-across-time-en\/#primaryimage"},"thumbnailUrl":"https:\/\/www.colossalstore.es\/wp-content\/uploads\/2023\/04\/Digimon-tcg-across-time-booster-box-bt12-eng.webp","datePublished":"2023-04-15T11:32:56+00:00","dateModified":"2025-09-24T10:50:50+00:00","description":"Digimon TCG BT12 Booster box - Across Time EN","breadcrumb":{"@id":"https:\/\/www.colossalstore.es\/tienda\/tcg\/digimon\/digimon-tcg-bt12-booster-box-across-time-en\/#breadcrumb"},"inLanguage":"en-US","potentialAction":[{"@type":"ReadAction","target":["https:\/\/www.colossalstore.es\/tienda\/tcg\/digimon\/digimon-tcg-bt12-booster-box-across-time-en\/"]}]},{"@type":"ImageObject","inLanguage":"en-US","@id":"https:\/\/www.colossalstore.es\/tienda\/tcg\/digimon\/digimon-tcg-bt12-booster-box-across-time-en\/#primaryimage","url":"https:\/\/www.colossalstore.es\/wp-content\/uploads\/2023\/04\/Digimon-tcg-across-time-booster-box-bt12-eng.webp","contentUrl":"https:\/\/www.colossalstore.es\/wp-content\/uploads\/2023\/04\/Digimon-tcg-across-time-booster-box-bt12-eng.webp","width":1024,"height":931},{"@type":"BreadcrumbList","@id":"https:\/\/www.colossalstore.es\/tienda\/tcg\/digimon\/digimon-tcg-bt12-booster-box-across-time-en\/#breadcrumb","itemListElement":[{"@type":"ListItem","position":1,"name":"Home","item":"https:\/\/www.colossalstore.es\/"},{"@type":"ListItem","position":2,"name":"Tienda","item":"https:\/\/www.colossalstore.es\/tienda\/"},{"@type":"ListItem","position":3,"name":"DIGIMON TCG ACROSS TIME BT12 BOOSTER BOX"}]},{"@type":"WebSite","@id":"https:\/\/www.colossalstore.es\/#website","url":"https:\/\/www.colossalstore.es\/","name":"Colossal Store","description":"Colossal Store, store specialized in TCGs.","publisher":{"@id":"https:\/\/www.colossalstore.es\/#organization"},"alternateName":"Colossal Store","potentialAction":[{"@type":"SearchAction","target":{"@type":"EntryPoint","urlTemplate":"https:\/\/www.colossalstore.es\/?s={search_term_string}"},"query-input":{"@type":"PropertyValueSpecification","valueRequired":true,"valueName":"search_term_string"}}],"inLanguage":"en-US"},{"@type":"Organization","@id":"https:\/\/www.colossalstore.es\/#organization","name":"Colossal Store","url":"https:\/\/www.colossalstore.es\/","logo":{"@type":"ImageObject","inLanguage":"en-US","@id":"https:\/\/www.colossalstore.es\/#\/schema\/logo\/image\/","url":"https:\/\/www.colossalstore.es\/wp-content\/uploads\/2023\/05\/Colossal_Logo-02.png","contentUrl":"https:\/\/www.colossalstore.es\/wp-content\/uploads\/2023\/05\/Colossal_Logo-02.png","width":1181,"height":1181,"caption":"Colossal Store"},"image":{"@id":"https:\/\/www.colossalstore.es\/#\/schema\/logo\/image\/"},"sameAs":["https:\/\/x.com\/Colossal_Store","https:\/\/www.instagram.com\/colossal_store_tcg\/","https:\/\/www.tiktok.com\/@colossalstore"]}]}},"_links":{"self":[{"href":"https:\/\/www.colossalstore.es\/en\/wp-json\/wp\/v2\/product\/4759","targetHints":{"allow":["GET"]}}],"collection":[{"href":"https:\/\/www.colossalstore.es\/en\/wp-json\/wp\/v2\/product"}],"about":[{"href":"https:\/\/www.colossalstore.es\/en\/wp-json\/wp\/v2\/types\/product"}],"replies":[{"embeddable":true,"href":"https:\/\/www.colossalstore.es\/en\/wp-json\/wp\/v2\/comments?post=4759"}],"wp:featuredmedia":[{"embeddable":true,"href":"https:\/\/www.colossalstore.es\/en\/wp-json\/wp\/v2\/media\/4760"}],"wp:attachment":[{"href":"https:\/\/www.colossalstore.es\/en\/wp-json\/wp\/v2\/media?parent=4759"}],"wp:term":[{"taxonomy":"product_brand","embeddable":true,"href":"https:\/\/www.colossalstore.es\/en\/wp-json\/wp\/v2\/product_brand?post=4759"},{"taxonomy":"product_cat","embeddable":true,"href":"https:\/\/www.colossalstore.es\/en\/wp-json\/wp\/v2\/product_cat?post=4759"},{"taxonomy":"product_tag","embeddable":true,"href":"https:\/\/www.colossalstore.es\/en\/wp-json\/wp\/v2\/product_tag?post=4759"}],"curies":[{"name":"wp","href":"https:\/\/api.w.org\/{rel}","templated":true}]}}