{"id":467,"date":"2022-09-16T00:49:27","date_gmt":"2022-09-15T22:49:27","guid":{"rendered":"https:\/\/colossalstore.es\/?post_type=product&#038;p=467"},"modified":"2025-06-20T11:21:48","modified_gmt":"2025-06-20T09:21:48","slug":"figuras-jujutsu-kaisen-jukon-no-kata-sukuna16-cm-de-banpresto","status":"publish","type":"product","link":"https:\/\/www.colossalstore.es\/en\/tienda\/figuras\/figuras-jujutsu-kaisen-jukon-no-kata-sukuna16-cm-de-banpresto\/","title":{"rendered":"JUJUTSU KAISEN JUKON NO KATA Figures \u2013 SUKUNA \u2013 16 Cm From Banpresto"},"content":{"rendered":"<p>Figure of Sukuna, one of the main protagonists of the popular manga and anime Jujutsu Kaisen. Produced by Banpresto in their line of Jukon no Kata figures, it is a 16 cm static figure made of PVC. Includes support base to display it.<\/p>\n<p>DATA SHEET:<\/p>\n<p>License: Jujutsu Kaisen<\/p>\n<p>Manufacturer: Banpresto (Bandai Spirits)<\/p>\n<p>Height: 16cm<\/p>\n<p>Collection: Jukon No Kata<\/p>","protected":false},"excerpt":{"rendered":"<p>Figura de Sukuna, uno de las principales protagonistas del popular manga y anime Jujutsu Kaisen. Producida por Banpresto en su l\u00ednea de figuras Jukon no Kata, se trata de una figura est\u00e1tica de 16 cm hecha en PVC. Incluye base soporte para exponerla. FICHA T\u00c9CNICA: Licencia:\u00a0Jujutsu Kaisen Fabricante:\u00a0Banpresto (Bandai Spirits) Altura: 16 cm Colecci\u00f3n:\u00a0Jukon No [&hellip;]<\/p>","protected":false},"featured_media":468,"comment_status":"open","ping_status":"closed","template":"","meta":{"_joinchat":[]},"product_brand":[],"product_cat":[25],"product_tag":[],"class_list":{"0":"post-467","1":"product","2":"type-product","3":"status-publish","4":"has-post-thumbnail","6":"product_cat-figuras","8":"first","9":"outofstock","10":"taxable","11":"shipping-taxable","12":"purchasable","13":"product-type-simple"},"yoast_head":"<!-- This site is optimized with the Yoast SEO plugin v25.7 - https:\/\/yoast.com\/wordpress\/plugins\/seo\/ -->\n<title>Figura Sukuna (Jujutsu Kaisen) - Jukon no Kata (Banpresto) | Colossal Store<\/title>\n<meta name=\"description\" content=\"Figura de Sukuna (Jujutsu Kaisen), producida por Banpresto en su l\u00ednea de figuras Jukon no Kata. Acabado detallado y base soporte incluida.\" \/>\n<meta name=\"robots\" content=\"index, follow, max-snippet:-1, max-image-preview:large, max-video-preview:-1\" \/>\n<link rel=\"canonical\" href=\"https:\/\/www.colossalstore.es\/en\/tienda\/figuras\/figuras-jujutsu-kaisen-jukon-no-kata-sukuna16-cm-de-banpresto\/\" \/>\n<meta property=\"og:locale\" content=\"en_US\" \/>\n<meta property=\"og:type\" content=\"article\" \/>\n<meta property=\"og:title\" content=\"Figura Sukuna (Jujutsu Kaisen) - Jukon no Kata (Banpresto) | Colossal Store\" \/>\n<meta property=\"og:description\" content=\"Figura de Sukuna (Jujutsu Kaisen), producida por Banpresto en su l\u00ednea de figuras Jukon no Kata. Acabado detallado y base soporte incluida.\" \/>\n<meta property=\"og:url\" content=\"https:\/\/www.colossalstore.es\/en\/tienda\/figuras\/figuras-jujutsu-kaisen-jukon-no-kata-sukuna16-cm-de-banpresto\/\" \/>\n<meta property=\"og:site_name\" content=\"Colossal Store\" \/>\n<meta property=\"article:modified_time\" content=\"2025-06-20T09:21:48+00:00\" \/>\n<meta property=\"og:image\" content=\"https:\/\/www.colossalstore.es\/wp-content\/uploads\/2022\/09\/figuras-jujutsu-kaisen-jukon-no-kata-sukuna16-cm-de-banpresto.jpg\" \/>\n\t<meta property=\"og:image:width\" content=\"600\" \/>\n\t<meta property=\"og:image:height\" content=\"800\" \/>\n\t<meta property=\"og:image:type\" content=\"image\/jpeg\" \/>\n<meta name=\"twitter:card\" content=\"summary_large_image\" \/>\n<meta name=\"twitter:site\" content=\"@Colossal_Store\" \/>\n<meta name=\"twitter:label1\" content=\"Est. reading time\" \/>\n\t<meta name=\"twitter:data1\" content=\"1 minute\" \/>\n<script type=\"application\/ld+json\" class=\"yoast-schema-graph\">{\"@context\":\"https:\/\/schema.org\",\"@graph\":[{\"@type\":\"WebPage\",\"@id\":\"https:\/\/www.colossalstore.es\/tienda\/figuras\/figuras-jujutsu-kaisen-jukon-no-kata-sukuna16-cm-de-banpresto\/\",\"url\":\"https:\/\/www.colossalstore.es\/tienda\/figuras\/figuras-jujutsu-kaisen-jukon-no-kata-sukuna16-cm-de-banpresto\/\",\"name\":\"Figura Sukuna (Jujutsu Kaisen) - Jukon no Kata (Banpresto) | Colossal Store\",\"isPartOf\":{\"@id\":\"https:\/\/www.colossalstore.es\/#website\"},\"primaryImageOfPage\":{\"@id\":\"https:\/\/www.colossalstore.es\/tienda\/figuras\/figuras-jujutsu-kaisen-jukon-no-kata-sukuna16-cm-de-banpresto\/#primaryimage\"},\"image\":{\"@id\":\"https:\/\/www.colossalstore.es\/tienda\/figuras\/figuras-jujutsu-kaisen-jukon-no-kata-sukuna16-cm-de-banpresto\/#primaryimage\"},\"thumbnailUrl\":\"https:\/\/www.colossalstore.es\/wp-content\/uploads\/2022\/09\/figuras-jujutsu-kaisen-jukon-no-kata-sukuna16-cm-de-banpresto.jpg\",\"datePublished\":\"2022-09-15T22:49:27+00:00\",\"dateModified\":\"2025-06-20T09:21:48+00:00\",\"description\":\"Figura de Sukuna (Jujutsu Kaisen), producida por Banpresto en su l\u00ednea de figuras Jukon no Kata. Acabado detallado y base soporte incluida.\",\"breadcrumb\":{\"@id\":\"https:\/\/www.colossalstore.es\/tienda\/figuras\/figuras-jujutsu-kaisen-jukon-no-kata-sukuna16-cm-de-banpresto\/#breadcrumb\"},\"inLanguage\":\"en-US\",\"potentialAction\":[{\"@type\":\"ReadAction\",\"target\":[\"https:\/\/www.colossalstore.es\/tienda\/figuras\/figuras-jujutsu-kaisen-jukon-no-kata-sukuna16-cm-de-banpresto\/\"]}]},{\"@type\":\"ImageObject\",\"inLanguage\":\"en-US\",\"@id\":\"https:\/\/www.colossalstore.es\/tienda\/figuras\/figuras-jujutsu-kaisen-jukon-no-kata-sukuna16-cm-de-banpresto\/#primaryimage\",\"url\":\"https:\/\/www.colossalstore.es\/wp-content\/uploads\/2022\/09\/figuras-jujutsu-kaisen-jukon-no-kata-sukuna16-cm-de-banpresto.jpg\",\"contentUrl\":\"https:\/\/www.colossalstore.es\/wp-content\/uploads\/2022\/09\/figuras-jujutsu-kaisen-jukon-no-kata-sukuna16-cm-de-banpresto.jpg\",\"width\":600,\"height\":800},{\"@type\":\"BreadcrumbList\",\"@id\":\"https:\/\/www.colossalstore.es\/tienda\/figuras\/figuras-jujutsu-kaisen-jukon-no-kata-sukuna16-cm-de-banpresto\/#breadcrumb\",\"itemListElement\":[{\"@type\":\"ListItem\",\"position\":1,\"name\":\"Home\",\"item\":\"https:\/\/www.colossalstore.es\/\"},{\"@type\":\"ListItem\",\"position\":2,\"name\":\"Tienda\",\"item\":\"https:\/\/www.colossalstore.es\/tienda\/\"},{\"@type\":\"ListItem\",\"position\":3,\"name\":\"Figuras JUJUTSU KAISEN JUKON NO KATA &#8211; SUKUNA &#8211; 16 Cm De Banpresto\"}]},{\"@type\":\"WebSite\",\"@id\":\"https:\/\/www.colossalstore.es\/#website\",\"url\":\"https:\/\/www.colossalstore.es\/\",\"name\":\"Colossal Store\",\"description\":\"Colossal Store, tienda especializada en TCGs.\",\"publisher\":{\"@id\":\"https:\/\/www.colossalstore.es\/#organization\"},\"alternateName\":\"Colossal Store\",\"potentialAction\":[{\"@type\":\"SearchAction\",\"target\":{\"@type\":\"EntryPoint\",\"urlTemplate\":\"https:\/\/www.colossalstore.es\/?s={search_term_string}\"},\"query-input\":{\"@type\":\"PropertyValueSpecification\",\"valueRequired\":true,\"valueName\":\"search_term_string\"}}],\"inLanguage\":\"en-US\"},{\"@type\":\"Organization\",\"@id\":\"https:\/\/www.colossalstore.es\/#organization\",\"name\":\"Colossal Store\",\"url\":\"https:\/\/www.colossalstore.es\/\",\"logo\":{\"@type\":\"ImageObject\",\"inLanguage\":\"en-US\",\"@id\":\"https:\/\/www.colossalstore.es\/#\/schema\/logo\/image\/\",\"url\":\"https:\/\/www.colossalstore.es\/wp-content\/uploads\/2023\/05\/Colossal_Logo-02.png\",\"contentUrl\":\"https:\/\/www.colossalstore.es\/wp-content\/uploads\/2023\/05\/Colossal_Logo-02.png\",\"width\":1181,\"height\":1181,\"caption\":\"Colossal Store\"},\"image\":{\"@id\":\"https:\/\/www.colossalstore.es\/#\/schema\/logo\/image\/\"},\"sameAs\":[\"https:\/\/x.com\/Colossal_Store\",\"https:\/\/www.instagram.com\/colossal_store_tcg\/\",\"https:\/\/www.tiktok.com\/@colossalstore\"]}]}<\/script>\n<!-- \/ Yoast SEO plugin. -->","yoast_head_json":{"title":"Figura Sukuna (Jujutsu Kaisen) - Jukon no Kata (Banpresto) | Colossal Store","description":"Figura de Sukuna (Jujutsu Kaisen), producida por Banpresto en su l\u00ednea de figuras Jukon no Kata. Acabado detallado y base soporte incluida.","robots":{"index":"index","follow":"follow","max-snippet":"max-snippet:-1","max-image-preview":"max-image-preview:large","max-video-preview":"max-video-preview:-1"},"canonical":"https:\/\/www.colossalstore.es\/en\/tienda\/figuras\/figuras-jujutsu-kaisen-jukon-no-kata-sukuna16-cm-de-banpresto\/","og_locale":"en_US","og_type":"article","og_title":"Figura Sukuna (Jujutsu Kaisen) - Jukon no Kata (Banpresto) | Colossal Store","og_description":"Figura de Sukuna (Jujutsu Kaisen), producida por Banpresto en su l\u00ednea de figuras Jukon no Kata. Acabado detallado y base soporte incluida.","og_url":"https:\/\/www.colossalstore.es\/en\/tienda\/figuras\/figuras-jujutsu-kaisen-jukon-no-kata-sukuna16-cm-de-banpresto\/","og_site_name":"Colossal Store","article_modified_time":"2025-06-20T09:21:48+00:00","og_image":[{"width":600,"height":800,"url":"https:\/\/www.colossalstore.es\/wp-content\/uploads\/2022\/09\/figuras-jujutsu-kaisen-jukon-no-kata-sukuna16-cm-de-banpresto.jpg","type":"image\/jpeg"}],"twitter_card":"summary_large_image","twitter_site":"@Colossal_Store","twitter_misc":{"Est. reading time":"1 minute"},"schema":{"@context":"https:\/\/schema.org","@graph":[{"@type":"WebPage","@id":"https:\/\/www.colossalstore.es\/tienda\/figuras\/figuras-jujutsu-kaisen-jukon-no-kata-sukuna16-cm-de-banpresto\/","url":"https:\/\/www.colossalstore.es\/tienda\/figuras\/figuras-jujutsu-kaisen-jukon-no-kata-sukuna16-cm-de-banpresto\/","name":"Figura Sukuna (Jujutsu Kaisen) - Jukon no Kata (Banpresto) | Colossal Store","isPartOf":{"@id":"https:\/\/www.colossalstore.es\/#website"},"primaryImageOfPage":{"@id":"https:\/\/www.colossalstore.es\/tienda\/figuras\/figuras-jujutsu-kaisen-jukon-no-kata-sukuna16-cm-de-banpresto\/#primaryimage"},"image":{"@id":"https:\/\/www.colossalstore.es\/tienda\/figuras\/figuras-jujutsu-kaisen-jukon-no-kata-sukuna16-cm-de-banpresto\/#primaryimage"},"thumbnailUrl":"https:\/\/www.colossalstore.es\/wp-content\/uploads\/2022\/09\/figuras-jujutsu-kaisen-jukon-no-kata-sukuna16-cm-de-banpresto.jpg","datePublished":"2022-09-15T22:49:27+00:00","dateModified":"2025-06-20T09:21:48+00:00","description":"Figura de Sukuna (Jujutsu Kaisen), producida por Banpresto en su l\u00ednea de figuras Jukon no Kata. Acabado detallado y base soporte incluida.","breadcrumb":{"@id":"https:\/\/www.colossalstore.es\/tienda\/figuras\/figuras-jujutsu-kaisen-jukon-no-kata-sukuna16-cm-de-banpresto\/#breadcrumb"},"inLanguage":"en-US","potentialAction":[{"@type":"ReadAction","target":["https:\/\/www.colossalstore.es\/tienda\/figuras\/figuras-jujutsu-kaisen-jukon-no-kata-sukuna16-cm-de-banpresto\/"]}]},{"@type":"ImageObject","inLanguage":"en-US","@id":"https:\/\/www.colossalstore.es\/tienda\/figuras\/figuras-jujutsu-kaisen-jukon-no-kata-sukuna16-cm-de-banpresto\/#primaryimage","url":"https:\/\/www.colossalstore.es\/wp-content\/uploads\/2022\/09\/figuras-jujutsu-kaisen-jukon-no-kata-sukuna16-cm-de-banpresto.jpg","contentUrl":"https:\/\/www.colossalstore.es\/wp-content\/uploads\/2022\/09\/figuras-jujutsu-kaisen-jukon-no-kata-sukuna16-cm-de-banpresto.jpg","width":600,"height":800},{"@type":"BreadcrumbList","@id":"https:\/\/www.colossalstore.es\/tienda\/figuras\/figuras-jujutsu-kaisen-jukon-no-kata-sukuna16-cm-de-banpresto\/#breadcrumb","itemListElement":[{"@type":"ListItem","position":1,"name":"Home","item":"https:\/\/www.colossalstore.es\/"},{"@type":"ListItem","position":2,"name":"Tienda","item":"https:\/\/www.colossalstore.es\/tienda\/"},{"@type":"ListItem","position":3,"name":"Figuras JUJUTSU KAISEN JUKON NO KATA &#8211; SUKUNA &#8211; 16 Cm De Banpresto"}]},{"@type":"WebSite","@id":"https:\/\/www.colossalstore.es\/#website","url":"https:\/\/www.colossalstore.es\/","name":"Colossal Store","description":"Colossal Store, store specialized in TCGs.","publisher":{"@id":"https:\/\/www.colossalstore.es\/#organization"},"alternateName":"Colossal Store","potentialAction":[{"@type":"SearchAction","target":{"@type":"EntryPoint","urlTemplate":"https:\/\/www.colossalstore.es\/?s={search_term_string}"},"query-input":{"@type":"PropertyValueSpecification","valueRequired":true,"valueName":"search_term_string"}}],"inLanguage":"en-US"},{"@type":"Organization","@id":"https:\/\/www.colossalstore.es\/#organization","name":"Colossal Store","url":"https:\/\/www.colossalstore.es\/","logo":{"@type":"ImageObject","inLanguage":"en-US","@id":"https:\/\/www.colossalstore.es\/#\/schema\/logo\/image\/","url":"https:\/\/www.colossalstore.es\/wp-content\/uploads\/2023\/05\/Colossal_Logo-02.png","contentUrl":"https:\/\/www.colossalstore.es\/wp-content\/uploads\/2023\/05\/Colossal_Logo-02.png","width":1181,"height":1181,"caption":"Colossal Store"},"image":{"@id":"https:\/\/www.colossalstore.es\/#\/schema\/logo\/image\/"},"sameAs":["https:\/\/x.com\/Colossal_Store","https:\/\/www.instagram.com\/colossal_store_tcg\/","https:\/\/www.tiktok.com\/@colossalstore"]}]}},"_links":{"self":[{"href":"https:\/\/www.colossalstore.es\/en\/wp-json\/wp\/v2\/product\/467","targetHints":{"allow":["GET"]}}],"collection":[{"href":"https:\/\/www.colossalstore.es\/en\/wp-json\/wp\/v2\/product"}],"about":[{"href":"https:\/\/www.colossalstore.es\/en\/wp-json\/wp\/v2\/types\/product"}],"replies":[{"embeddable":true,"href":"https:\/\/www.colossalstore.es\/en\/wp-json\/wp\/v2\/comments?post=467"}],"wp:featuredmedia":[{"embeddable":true,"href":"https:\/\/www.colossalstore.es\/en\/wp-json\/wp\/v2\/media\/468"}],"wp:attachment":[{"href":"https:\/\/www.colossalstore.es\/en\/wp-json\/wp\/v2\/media?parent=467"}],"wp:term":[{"taxonomy":"product_brand","embeddable":true,"href":"https:\/\/www.colossalstore.es\/en\/wp-json\/wp\/v2\/product_brand?post=467"},{"taxonomy":"product_cat","embeddable":true,"href":"https:\/\/www.colossalstore.es\/en\/wp-json\/wp\/v2\/product_cat?post=467"},{"taxonomy":"product_tag","embeddable":true,"href":"https:\/\/www.colossalstore.es\/en\/wp-json\/wp\/v2\/product_tag?post=467"}],"curies":[{"name":"wp","href":"https:\/\/api.w.org\/{rel}","templated":true}]}}