{"id":4618,"date":"2023-03-30T19:46:27","date_gmt":"2023-03-30T17:46:27","guid":{"rendered":"https:\/\/www.colossalstore.es\/?post_type=product&#038;p=4618"},"modified":"2025-06-20T11:17:59","modified_gmt":"2025-06-20T09:17:59","slug":"shadows-house-1-somato","status":"publish","type":"product","link":"https:\/\/www.colossalstore.es\/en\/tienda\/manga\/shadows-house-1-somato\/","title":{"rendered":"Shadows House 1 \u2013 somato"},"content":{"rendered":"<p>Shadows House 1 \u2013 somato \u2013 Milky Way Ediciones<\/p>\n<p>The Shadow are a faceless clan that imitates the lifestyle of the nobility. They have living dolls at their service that act as their visible face. In this strange mansion that does not receive visitors, soot and golden voices also dance today.<\/p>","protected":false},"excerpt":{"rendered":"<p>Shadows House 1 &#8211; somato &#8211; Milky Way Ediciones Los Shadow son un clan sin rostro que imita el estilo de vida de la nobleza. Tienen a su servicio mu\u00f1ecas vivientes que act\u00faan como su cara visible. En esta extra\u00f1a mansi\u00f3n que no recibe visitas, bailan hoy tambi\u00e9n el holl\u00edn y voces doradas.<\/p>","protected":false},"featured_media":4619,"comment_status":"open","ping_status":"closed","template":"","meta":{"_joinchat":[]},"product_brand":[],"product_cat":[32],"product_tag":[],"class_list":{"0":"post-4618","1":"product","2":"type-product","3":"status-publish","4":"has-post-thumbnail","6":"product_cat-manga","8":"first","9":"outofstock","10":"taxable","11":"shipping-taxable","12":"purchasable","13":"product-type-simple"},"yoast_head":"<!-- This site is optimized with the Yoast SEO plugin v25.7 - https:\/\/yoast.com\/wordpress\/plugins\/seo\/ -->\n<title>Shadows House 1 - somato - Milky Way Ediciones | Colossal Store<\/title>\n<meta name=\"description\" content=\"Shadows House 1 - somato - Milky Way Ediciones: Los Shadow son un clan sin rostro que imita el estilo de vida de la nobleza. Tienen a su servicio mu\u00f1ecas vivientes que act\u00faan como su cara visible. En esta extra\u00f1a mansi\u00f3n que no recibe visitas, bailan hoy tambi\u00e9n el holl\u00edn y voces doradas.\" \/>\n<meta name=\"robots\" content=\"index, follow, max-snippet:-1, max-image-preview:large, max-video-preview:-1\" \/>\n<link rel=\"canonical\" href=\"https:\/\/www.colossalstore.es\/en\/tienda\/manga\/shadows-house-1-somato\/\" \/>\n<meta property=\"og:locale\" content=\"en_US\" \/>\n<meta property=\"og:type\" content=\"article\" \/>\n<meta property=\"og:title\" content=\"Shadows House 1 - somato - Milky Way Ediciones | Colossal Store\" \/>\n<meta property=\"og:description\" content=\"Shadows House 1 - somato - Milky Way Ediciones: Los Shadow son un clan sin rostro que imita el estilo de vida de la nobleza. Tienen a su servicio mu\u00f1ecas vivientes que act\u00faan como su cara visible. En esta extra\u00f1a mansi\u00f3n que no recibe visitas, bailan hoy tambi\u00e9n el holl\u00edn y voces doradas.\" \/>\n<meta property=\"og:url\" content=\"https:\/\/www.colossalstore.es\/en\/tienda\/manga\/shadows-house-1-somato\/\" \/>\n<meta property=\"og:site_name\" content=\"Colossal Store\" \/>\n<meta property=\"article:modified_time\" content=\"2025-06-20T09:17:59+00:00\" \/>\n<meta property=\"og:image\" content=\"https:\/\/www.colossalstore.es\/wp-content\/uploads\/2023\/03\/shadow_house_1.webp\" \/>\n\t<meta property=\"og:image:width\" content=\"617\" \/>\n\t<meta property=\"og:image:height\" content=\"900\" \/>\n\t<meta property=\"og:image:type\" content=\"image\/webp\" \/>\n<meta name=\"twitter:card\" content=\"summary_large_image\" \/>\n<meta name=\"twitter:site\" content=\"@Colossal_Store\" \/>\n<meta name=\"twitter:label1\" content=\"Est. reading time\" \/>\n\t<meta name=\"twitter:data1\" content=\"1 minute\" \/>\n<script type=\"application\/ld+json\" class=\"yoast-schema-graph\">{\"@context\":\"https:\/\/schema.org\",\"@graph\":[{\"@type\":\"WebPage\",\"@id\":\"https:\/\/www.colossalstore.es\/tienda\/manga\/shadows-house-1-somato\/\",\"url\":\"https:\/\/www.colossalstore.es\/tienda\/manga\/shadows-house-1-somato\/\",\"name\":\"Shadows House 1 - somato - Milky Way Ediciones | Colossal Store\",\"isPartOf\":{\"@id\":\"https:\/\/www.colossalstore.es\/#website\"},\"primaryImageOfPage\":{\"@id\":\"https:\/\/www.colossalstore.es\/tienda\/manga\/shadows-house-1-somato\/#primaryimage\"},\"image\":{\"@id\":\"https:\/\/www.colossalstore.es\/tienda\/manga\/shadows-house-1-somato\/#primaryimage\"},\"thumbnailUrl\":\"https:\/\/www.colossalstore.es\/wp-content\/uploads\/2023\/03\/shadow_house_1.webp\",\"datePublished\":\"2023-03-30T17:46:27+00:00\",\"dateModified\":\"2025-06-20T09:17:59+00:00\",\"description\":\"Shadows House 1 - somato - Milky Way Ediciones: Los Shadow son un clan sin rostro que imita el estilo de vida de la nobleza. Tienen a su servicio mu\u00f1ecas vivientes que act\u00faan como su cara visible. En esta extra\u00f1a mansi\u00f3n que no recibe visitas, bailan hoy tambi\u00e9n el holl\u00edn y voces doradas.\",\"breadcrumb\":{\"@id\":\"https:\/\/www.colossalstore.es\/tienda\/manga\/shadows-house-1-somato\/#breadcrumb\"},\"inLanguage\":\"en-US\",\"potentialAction\":[{\"@type\":\"ReadAction\",\"target\":[\"https:\/\/www.colossalstore.es\/tienda\/manga\/shadows-house-1-somato\/\"]}]},{\"@type\":\"ImageObject\",\"inLanguage\":\"en-US\",\"@id\":\"https:\/\/www.colossalstore.es\/tienda\/manga\/shadows-house-1-somato\/#primaryimage\",\"url\":\"https:\/\/www.colossalstore.es\/wp-content\/uploads\/2023\/03\/shadow_house_1.webp\",\"contentUrl\":\"https:\/\/www.colossalstore.es\/wp-content\/uploads\/2023\/03\/shadow_house_1.webp\",\"width\":617,\"height\":900},{\"@type\":\"BreadcrumbList\",\"@id\":\"https:\/\/www.colossalstore.es\/tienda\/manga\/shadows-house-1-somato\/#breadcrumb\",\"itemListElement\":[{\"@type\":\"ListItem\",\"position\":1,\"name\":\"Home\",\"item\":\"https:\/\/www.colossalstore.es\/\"},{\"@type\":\"ListItem\",\"position\":2,\"name\":\"Tienda\",\"item\":\"https:\/\/www.colossalstore.es\/tienda\/\"},{\"@type\":\"ListItem\",\"position\":3,\"name\":\"Shadows House 1 &#8211; somato\"}]},{\"@type\":\"WebSite\",\"@id\":\"https:\/\/www.colossalstore.es\/#website\",\"url\":\"https:\/\/www.colossalstore.es\/\",\"name\":\"Colossal Store\",\"description\":\"Colossal Store, tienda especializada en TCGs.\",\"publisher\":{\"@id\":\"https:\/\/www.colossalstore.es\/#organization\"},\"alternateName\":\"Colossal Store\",\"potentialAction\":[{\"@type\":\"SearchAction\",\"target\":{\"@type\":\"EntryPoint\",\"urlTemplate\":\"https:\/\/www.colossalstore.es\/?s={search_term_string}\"},\"query-input\":{\"@type\":\"PropertyValueSpecification\",\"valueRequired\":true,\"valueName\":\"search_term_string\"}}],\"inLanguage\":\"en-US\"},{\"@type\":\"Organization\",\"@id\":\"https:\/\/www.colossalstore.es\/#organization\",\"name\":\"Colossal Store\",\"url\":\"https:\/\/www.colossalstore.es\/\",\"logo\":{\"@type\":\"ImageObject\",\"inLanguage\":\"en-US\",\"@id\":\"https:\/\/www.colossalstore.es\/#\/schema\/logo\/image\/\",\"url\":\"https:\/\/www.colossalstore.es\/wp-content\/uploads\/2023\/05\/Colossal_Logo-02.png\",\"contentUrl\":\"https:\/\/www.colossalstore.es\/wp-content\/uploads\/2023\/05\/Colossal_Logo-02.png\",\"width\":1181,\"height\":1181,\"caption\":\"Colossal Store\"},\"image\":{\"@id\":\"https:\/\/www.colossalstore.es\/#\/schema\/logo\/image\/\"},\"sameAs\":[\"https:\/\/x.com\/Colossal_Store\",\"https:\/\/www.instagram.com\/colossal_store_tcg\/\",\"https:\/\/www.tiktok.com\/@colossalstore\"]}]}<\/script>\n<!-- \/ Yoast SEO plugin. -->","yoast_head_json":{"title":"Shadows House 1 - somato - Milky Way Ediciones | Colossal Store","description":"Shadows House 1 - somato - Milky Way Ediciones: Los Shadow son un clan sin rostro que imita el estilo de vida de la nobleza. Tienen a su servicio mu\u00f1ecas vivientes que act\u00faan como su cara visible. En esta extra\u00f1a mansi\u00f3n que no recibe visitas, bailan hoy tambi\u00e9n el holl\u00edn y voces doradas.","robots":{"index":"index","follow":"follow","max-snippet":"max-snippet:-1","max-image-preview":"max-image-preview:large","max-video-preview":"max-video-preview:-1"},"canonical":"https:\/\/www.colossalstore.es\/en\/tienda\/manga\/shadows-house-1-somato\/","og_locale":"en_US","og_type":"article","og_title":"Shadows House 1 - somato - Milky Way Ediciones | Colossal Store","og_description":"Shadows House 1 - somato - Milky Way Ediciones: Los Shadow son un clan sin rostro que imita el estilo de vida de la nobleza. Tienen a su servicio mu\u00f1ecas vivientes que act\u00faan como su cara visible. En esta extra\u00f1a mansi\u00f3n que no recibe visitas, bailan hoy tambi\u00e9n el holl\u00edn y voces doradas.","og_url":"https:\/\/www.colossalstore.es\/en\/tienda\/manga\/shadows-house-1-somato\/","og_site_name":"Colossal Store","article_modified_time":"2025-06-20T09:17:59+00:00","og_image":[{"width":617,"height":900,"url":"https:\/\/www.colossalstore.es\/wp-content\/uploads\/2023\/03\/shadow_house_1.webp","type":"image\/webp"}],"twitter_card":"summary_large_image","twitter_site":"@Colossal_Store","twitter_misc":{"Est. reading time":"1 minute"},"schema":{"@context":"https:\/\/schema.org","@graph":[{"@type":"WebPage","@id":"https:\/\/www.colossalstore.es\/tienda\/manga\/shadows-house-1-somato\/","url":"https:\/\/www.colossalstore.es\/tienda\/manga\/shadows-house-1-somato\/","name":"Shadows House 1 - somato - Milky Way Ediciones | Colossal Store","isPartOf":{"@id":"https:\/\/www.colossalstore.es\/#website"},"primaryImageOfPage":{"@id":"https:\/\/www.colossalstore.es\/tienda\/manga\/shadows-house-1-somato\/#primaryimage"},"image":{"@id":"https:\/\/www.colossalstore.es\/tienda\/manga\/shadows-house-1-somato\/#primaryimage"},"thumbnailUrl":"https:\/\/www.colossalstore.es\/wp-content\/uploads\/2023\/03\/shadow_house_1.webp","datePublished":"2023-03-30T17:46:27+00:00","dateModified":"2025-06-20T09:17:59+00:00","description":"Shadows House 1 - somato - Milky Way Ediciones: Los Shadow son un clan sin rostro que imita el estilo de vida de la nobleza. Tienen a su servicio mu\u00f1ecas vivientes que act\u00faan como su cara visible. En esta extra\u00f1a mansi\u00f3n que no recibe visitas, bailan hoy tambi\u00e9n el holl\u00edn y voces doradas.","breadcrumb":{"@id":"https:\/\/www.colossalstore.es\/tienda\/manga\/shadows-house-1-somato\/#breadcrumb"},"inLanguage":"en-US","potentialAction":[{"@type":"ReadAction","target":["https:\/\/www.colossalstore.es\/tienda\/manga\/shadows-house-1-somato\/"]}]},{"@type":"ImageObject","inLanguage":"en-US","@id":"https:\/\/www.colossalstore.es\/tienda\/manga\/shadows-house-1-somato\/#primaryimage","url":"https:\/\/www.colossalstore.es\/wp-content\/uploads\/2023\/03\/shadow_house_1.webp","contentUrl":"https:\/\/www.colossalstore.es\/wp-content\/uploads\/2023\/03\/shadow_house_1.webp","width":617,"height":900},{"@type":"BreadcrumbList","@id":"https:\/\/www.colossalstore.es\/tienda\/manga\/shadows-house-1-somato\/#breadcrumb","itemListElement":[{"@type":"ListItem","position":1,"name":"Home","item":"https:\/\/www.colossalstore.es\/"},{"@type":"ListItem","position":2,"name":"Tienda","item":"https:\/\/www.colossalstore.es\/tienda\/"},{"@type":"ListItem","position":3,"name":"Shadows House 1 &#8211; somato"}]},{"@type":"WebSite","@id":"https:\/\/www.colossalstore.es\/#website","url":"https:\/\/www.colossalstore.es\/","name":"Colossal Store","description":"Colossal Store, store specialized in TCGs.","publisher":{"@id":"https:\/\/www.colossalstore.es\/#organization"},"alternateName":"Colossal Store","potentialAction":[{"@type":"SearchAction","target":{"@type":"EntryPoint","urlTemplate":"https:\/\/www.colossalstore.es\/?s={search_term_string}"},"query-input":{"@type":"PropertyValueSpecification","valueRequired":true,"valueName":"search_term_string"}}],"inLanguage":"en-US"},{"@type":"Organization","@id":"https:\/\/www.colossalstore.es\/#organization","name":"Colossal Store","url":"https:\/\/www.colossalstore.es\/","logo":{"@type":"ImageObject","inLanguage":"en-US","@id":"https:\/\/www.colossalstore.es\/#\/schema\/logo\/image\/","url":"https:\/\/www.colossalstore.es\/wp-content\/uploads\/2023\/05\/Colossal_Logo-02.png","contentUrl":"https:\/\/www.colossalstore.es\/wp-content\/uploads\/2023\/05\/Colossal_Logo-02.png","width":1181,"height":1181,"caption":"Colossal Store"},"image":{"@id":"https:\/\/www.colossalstore.es\/#\/schema\/logo\/image\/"},"sameAs":["https:\/\/x.com\/Colossal_Store","https:\/\/www.instagram.com\/colossal_store_tcg\/","https:\/\/www.tiktok.com\/@colossalstore"]}]}},"_links":{"self":[{"href":"https:\/\/www.colossalstore.es\/en\/wp-json\/wp\/v2\/product\/4618","targetHints":{"allow":["GET"]}}],"collection":[{"href":"https:\/\/www.colossalstore.es\/en\/wp-json\/wp\/v2\/product"}],"about":[{"href":"https:\/\/www.colossalstore.es\/en\/wp-json\/wp\/v2\/types\/product"}],"replies":[{"embeddable":true,"href":"https:\/\/www.colossalstore.es\/en\/wp-json\/wp\/v2\/comments?post=4618"}],"wp:featuredmedia":[{"embeddable":true,"href":"https:\/\/www.colossalstore.es\/en\/wp-json\/wp\/v2\/media\/4619"}],"wp:attachment":[{"href":"https:\/\/www.colossalstore.es\/en\/wp-json\/wp\/v2\/media?parent=4618"}],"wp:term":[{"taxonomy":"product_brand","embeddable":true,"href":"https:\/\/www.colossalstore.es\/en\/wp-json\/wp\/v2\/product_brand?post=4618"},{"taxonomy":"product_cat","embeddable":true,"href":"https:\/\/www.colossalstore.es\/en\/wp-json\/wp\/v2\/product_cat?post=4618"},{"taxonomy":"product_tag","embeddable":true,"href":"https:\/\/www.colossalstore.es\/en\/wp-json\/wp\/v2\/product_tag?post=4618"}],"curies":[{"name":"wp","href":"https:\/\/api.w.org\/{rel}","templated":true}]}}