{"id":4609,"date":"2023-03-29T13:08:18","date_gmt":"2023-03-29T11:08:18","guid":{"rendered":"https:\/\/www.colossalstore.es\/?post_type=product&#038;p=4609"},"modified":"2025-06-20T11:17:59","modified_gmt":"2025-06-20T09:17:59","slug":"pokemon-estadio-combina-y-combate-espanol","status":"publish","type":"product","link":"https:\/\/www.colossalstore.es\/en\/tienda\/tcg\/pokemon\/pokemon-estadio-combina-y-combate-espanol\/","title":{"rendered":"Pok\u00e9mon TCG Stadium Combine and Battle \u2013 Spanish"},"content":{"rendered":"<p>Pok\u00e9mon TCG Stadium Combine and Battle \u2013 Spanish<\/p>\n<p>The Match and Battle Stadium contains everything you need for a two-player battle.<\/p>\n<p>Inside this box, you will find:<\/p>\n<p>\u2013 2 individual Match and Battle boxes, each with a 40-card deck ready to play<\/p>\n<p>\u2013 Each deck includes 1 of 4 exclusive holographic cards<\/p>\n<p>\u2013 12 Sword and Shield Booster Packs \u2013 Pok\u00e9mon TCG Silver Tempest<\/p>\n<p>\u2013 121 Pok\u00e9mon TCG Energy cards<\/p>\n<p>\u2013 6 dice of damage counters<\/p>\n<p>\u2013 1 coin toss die valid for legal competitions<\/p>\n<p>\u2013 2 acrylic condition markers<\/p>\n<p>\u2013 1 collector&#039;s box to store everything<\/p>","protected":false},"excerpt":{"rendered":"<p>Pok\u00e9mon TCG Estadio Combina y Combate &#8211; Espa\u00f1ol El Estadio Combina y Combate contiene todo lo que necesitas para un combate entre dos jugadores. Dentro de esta caja, encontrar\u00e1s: &#8211; 2 cajas individuales de Combina y Combate, cada una con una baraja de 40 cartas lista para jugar &#8211; Cada baraja incluye 1 de 4 [&hellip;]<\/p>","protected":false},"featured_media":4610,"comment_status":"open","ping_status":"closed","template":"","meta":{"_joinchat":[]},"product_brand":[],"product_cat":[49,34],"product_tag":[],"class_list":{"0":"post-4609","1":"product","2":"type-product","3":"status-publish","4":"has-post-thumbnail","6":"product_cat-pokemon","7":"product_cat-tcg","9":"first","10":"outofstock","11":"sale","12":"taxable","13":"shipping-taxable","14":"purchasable","15":"product-type-simple"},"yoast_head":"<!-- This site is optimized with the Yoast SEO plugin v25.7 - https:\/\/yoast.com\/wordpress\/plugins\/seo\/ -->\n<title>Pok\u00e9mon TCG Estadio Combina y Combate - Espa\u00f1ol | Colossal Store<\/title>\n<meta name=\"description\" content=\"Pok\u00e9mon TCG Estadio Combina y Combate - Espa\u00f1ol\" \/>\n<meta name=\"robots\" content=\"index, follow, max-snippet:-1, max-image-preview:large, max-video-preview:-1\" \/>\n<link rel=\"canonical\" href=\"https:\/\/www.colossalstore.es\/en\/tienda\/tcg\/pokemon\/pokemon-estadio-combina-y-combate-espanol\/\" \/>\n<meta property=\"og:locale\" content=\"en_US\" \/>\n<meta property=\"og:type\" content=\"article\" \/>\n<meta property=\"og:title\" content=\"Pok\u00e9mon TCG Estadio Combina y Combate - Espa\u00f1ol | Colossal Store\" \/>\n<meta property=\"og:description\" content=\"Pok\u00e9mon TCG Estadio Combina y Combate - Espa\u00f1ol\" \/>\n<meta property=\"og:url\" content=\"https:\/\/www.colossalstore.es\/en\/tienda\/tcg\/pokemon\/pokemon-estadio-combina-y-combate-espanol\/\" \/>\n<meta property=\"og:site_name\" content=\"Colossal Store\" \/>\n<meta property=\"article:modified_time\" content=\"2025-06-20T09:17:59+00:00\" \/>\n<meta property=\"og:image\" content=\"https:\/\/www.colossalstore.es\/wp-content\/uploads\/2023\/03\/PokemonScarletandVioletBuildandBattleStadium-510x510-1.jpg\" \/>\n\t<meta property=\"og:image:width\" content=\"510\" \/>\n\t<meta property=\"og:image:height\" content=\"510\" \/>\n\t<meta property=\"og:image:type\" content=\"image\/jpeg\" \/>\n<meta name=\"twitter:card\" content=\"summary_large_image\" \/>\n<meta name=\"twitter:site\" content=\"@Colossal_Store\" \/>\n<meta name=\"twitter:label1\" content=\"Est. reading time\" \/>\n\t<meta name=\"twitter:data1\" content=\"1 minute\" \/>\n<script type=\"application\/ld+json\" class=\"yoast-schema-graph\">{\"@context\":\"https:\/\/schema.org\",\"@graph\":[{\"@type\":\"WebPage\",\"@id\":\"https:\/\/www.colossalstore.es\/tienda\/tcg\/pokemon\/pokemon-estadio-combina-y-combate-espanol\/\",\"url\":\"https:\/\/www.colossalstore.es\/tienda\/tcg\/pokemon\/pokemon-estadio-combina-y-combate-espanol\/\",\"name\":\"Pok\u00e9mon TCG Estadio Combina y Combate - Espa\u00f1ol | Colossal Store\",\"isPartOf\":{\"@id\":\"https:\/\/www.colossalstore.es\/#website\"},\"primaryImageOfPage\":{\"@id\":\"https:\/\/www.colossalstore.es\/tienda\/tcg\/pokemon\/pokemon-estadio-combina-y-combate-espanol\/#primaryimage\"},\"image\":{\"@id\":\"https:\/\/www.colossalstore.es\/tienda\/tcg\/pokemon\/pokemon-estadio-combina-y-combate-espanol\/#primaryimage\"},\"thumbnailUrl\":\"https:\/\/www.colossalstore.es\/wp-content\/uploads\/2023\/03\/PokemonScarletandVioletBuildandBattleStadium-510x510-1.jpg\",\"datePublished\":\"2023-03-29T11:08:18+00:00\",\"dateModified\":\"2025-06-20T09:17:59+00:00\",\"description\":\"Pok\u00e9mon TCG Estadio Combina y Combate - Espa\u00f1ol\",\"breadcrumb\":{\"@id\":\"https:\/\/www.colossalstore.es\/tienda\/tcg\/pokemon\/pokemon-estadio-combina-y-combate-espanol\/#breadcrumb\"},\"inLanguage\":\"en-US\",\"potentialAction\":[{\"@type\":\"ReadAction\",\"target\":[\"https:\/\/www.colossalstore.es\/tienda\/tcg\/pokemon\/pokemon-estadio-combina-y-combate-espanol\/\"]}]},{\"@type\":\"ImageObject\",\"inLanguage\":\"en-US\",\"@id\":\"https:\/\/www.colossalstore.es\/tienda\/tcg\/pokemon\/pokemon-estadio-combina-y-combate-espanol\/#primaryimage\",\"url\":\"https:\/\/www.colossalstore.es\/wp-content\/uploads\/2023\/03\/PokemonScarletandVioletBuildandBattleStadium-510x510-1.jpg\",\"contentUrl\":\"https:\/\/www.colossalstore.es\/wp-content\/uploads\/2023\/03\/PokemonScarletandVioletBuildandBattleStadium-510x510-1.jpg\",\"width\":510,\"height\":510},{\"@type\":\"BreadcrumbList\",\"@id\":\"https:\/\/www.colossalstore.es\/tienda\/tcg\/pokemon\/pokemon-estadio-combina-y-combate-espanol\/#breadcrumb\",\"itemListElement\":[{\"@type\":\"ListItem\",\"position\":1,\"name\":\"Home\",\"item\":\"https:\/\/www.colossalstore.es\/\"},{\"@type\":\"ListItem\",\"position\":2,\"name\":\"Tienda\",\"item\":\"https:\/\/www.colossalstore.es\/tienda\/\"},{\"@type\":\"ListItem\",\"position\":3,\"name\":\"Pok\u00e9mon TCG Estadio Combina y Combate &#8211; Espa\u00f1ol\"}]},{\"@type\":\"WebSite\",\"@id\":\"https:\/\/www.colossalstore.es\/#website\",\"url\":\"https:\/\/www.colossalstore.es\/\",\"name\":\"Colossal Store\",\"description\":\"Colossal Store, tienda especializada en TCGs.\",\"publisher\":{\"@id\":\"https:\/\/www.colossalstore.es\/#organization\"},\"alternateName\":\"Colossal Store\",\"potentialAction\":[{\"@type\":\"SearchAction\",\"target\":{\"@type\":\"EntryPoint\",\"urlTemplate\":\"https:\/\/www.colossalstore.es\/?s={search_term_string}\"},\"query-input\":{\"@type\":\"PropertyValueSpecification\",\"valueRequired\":true,\"valueName\":\"search_term_string\"}}],\"inLanguage\":\"en-US\"},{\"@type\":\"Organization\",\"@id\":\"https:\/\/www.colossalstore.es\/#organization\",\"name\":\"Colossal Store\",\"url\":\"https:\/\/www.colossalstore.es\/\",\"logo\":{\"@type\":\"ImageObject\",\"inLanguage\":\"en-US\",\"@id\":\"https:\/\/www.colossalstore.es\/#\/schema\/logo\/image\/\",\"url\":\"https:\/\/www.colossalstore.es\/wp-content\/uploads\/2023\/05\/Colossal_Logo-02.png\",\"contentUrl\":\"https:\/\/www.colossalstore.es\/wp-content\/uploads\/2023\/05\/Colossal_Logo-02.png\",\"width\":1181,\"height\":1181,\"caption\":\"Colossal Store\"},\"image\":{\"@id\":\"https:\/\/www.colossalstore.es\/#\/schema\/logo\/image\/\"},\"sameAs\":[\"https:\/\/x.com\/Colossal_Store\",\"https:\/\/www.instagram.com\/colossal_store_tcg\/\",\"https:\/\/www.tiktok.com\/@colossalstore\"]}]}<\/script>\n<!-- \/ Yoast SEO plugin. -->","yoast_head_json":{"title":"Pok\u00e9mon TCG Estadio Combina y Combate - Espa\u00f1ol | Colossal Store","description":"Pok\u00e9mon TCG Estadio Combina y Combate - Espa\u00f1ol","robots":{"index":"index","follow":"follow","max-snippet":"max-snippet:-1","max-image-preview":"max-image-preview:large","max-video-preview":"max-video-preview:-1"},"canonical":"https:\/\/www.colossalstore.es\/en\/tienda\/tcg\/pokemon\/pokemon-estadio-combina-y-combate-espanol\/","og_locale":"en_US","og_type":"article","og_title":"Pok\u00e9mon TCG Estadio Combina y Combate - Espa\u00f1ol | Colossal Store","og_description":"Pok\u00e9mon TCG Estadio Combina y Combate - Espa\u00f1ol","og_url":"https:\/\/www.colossalstore.es\/en\/tienda\/tcg\/pokemon\/pokemon-estadio-combina-y-combate-espanol\/","og_site_name":"Colossal Store","article_modified_time":"2025-06-20T09:17:59+00:00","og_image":[{"width":510,"height":510,"url":"https:\/\/www.colossalstore.es\/wp-content\/uploads\/2023\/03\/PokemonScarletandVioletBuildandBattleStadium-510x510-1.jpg","type":"image\/jpeg"}],"twitter_card":"summary_large_image","twitter_site":"@Colossal_Store","twitter_misc":{"Est. reading time":"1 minute"},"schema":{"@context":"https:\/\/schema.org","@graph":[{"@type":"WebPage","@id":"https:\/\/www.colossalstore.es\/tienda\/tcg\/pokemon\/pokemon-estadio-combina-y-combate-espanol\/","url":"https:\/\/www.colossalstore.es\/tienda\/tcg\/pokemon\/pokemon-estadio-combina-y-combate-espanol\/","name":"Pok\u00e9mon TCG Estadio Combina y Combate - Espa\u00f1ol | Colossal Store","isPartOf":{"@id":"https:\/\/www.colossalstore.es\/#website"},"primaryImageOfPage":{"@id":"https:\/\/www.colossalstore.es\/tienda\/tcg\/pokemon\/pokemon-estadio-combina-y-combate-espanol\/#primaryimage"},"image":{"@id":"https:\/\/www.colossalstore.es\/tienda\/tcg\/pokemon\/pokemon-estadio-combina-y-combate-espanol\/#primaryimage"},"thumbnailUrl":"https:\/\/www.colossalstore.es\/wp-content\/uploads\/2023\/03\/PokemonScarletandVioletBuildandBattleStadium-510x510-1.jpg","datePublished":"2023-03-29T11:08:18+00:00","dateModified":"2025-06-20T09:17:59+00:00","description":"Pok\u00e9mon TCG Estadio Combina y Combate - Espa\u00f1ol","breadcrumb":{"@id":"https:\/\/www.colossalstore.es\/tienda\/tcg\/pokemon\/pokemon-estadio-combina-y-combate-espanol\/#breadcrumb"},"inLanguage":"en-US","potentialAction":[{"@type":"ReadAction","target":["https:\/\/www.colossalstore.es\/tienda\/tcg\/pokemon\/pokemon-estadio-combina-y-combate-espanol\/"]}]},{"@type":"ImageObject","inLanguage":"en-US","@id":"https:\/\/www.colossalstore.es\/tienda\/tcg\/pokemon\/pokemon-estadio-combina-y-combate-espanol\/#primaryimage","url":"https:\/\/www.colossalstore.es\/wp-content\/uploads\/2023\/03\/PokemonScarletandVioletBuildandBattleStadium-510x510-1.jpg","contentUrl":"https:\/\/www.colossalstore.es\/wp-content\/uploads\/2023\/03\/PokemonScarletandVioletBuildandBattleStadium-510x510-1.jpg","width":510,"height":510},{"@type":"BreadcrumbList","@id":"https:\/\/www.colossalstore.es\/tienda\/tcg\/pokemon\/pokemon-estadio-combina-y-combate-espanol\/#breadcrumb","itemListElement":[{"@type":"ListItem","position":1,"name":"Home","item":"https:\/\/www.colossalstore.es\/"},{"@type":"ListItem","position":2,"name":"Tienda","item":"https:\/\/www.colossalstore.es\/tienda\/"},{"@type":"ListItem","position":3,"name":"Pok\u00e9mon TCG Estadio Combina y Combate &#8211; Espa\u00f1ol"}]},{"@type":"WebSite","@id":"https:\/\/www.colossalstore.es\/#website","url":"https:\/\/www.colossalstore.es\/","name":"Colossal Store","description":"Colossal Store, store specialized in TCGs.","publisher":{"@id":"https:\/\/www.colossalstore.es\/#organization"},"alternateName":"Colossal Store","potentialAction":[{"@type":"SearchAction","target":{"@type":"EntryPoint","urlTemplate":"https:\/\/www.colossalstore.es\/?s={search_term_string}"},"query-input":{"@type":"PropertyValueSpecification","valueRequired":true,"valueName":"search_term_string"}}],"inLanguage":"en-US"},{"@type":"Organization","@id":"https:\/\/www.colossalstore.es\/#organization","name":"Colossal Store","url":"https:\/\/www.colossalstore.es\/","logo":{"@type":"ImageObject","inLanguage":"en-US","@id":"https:\/\/www.colossalstore.es\/#\/schema\/logo\/image\/","url":"https:\/\/www.colossalstore.es\/wp-content\/uploads\/2023\/05\/Colossal_Logo-02.png","contentUrl":"https:\/\/www.colossalstore.es\/wp-content\/uploads\/2023\/05\/Colossal_Logo-02.png","width":1181,"height":1181,"caption":"Colossal Store"},"image":{"@id":"https:\/\/www.colossalstore.es\/#\/schema\/logo\/image\/"},"sameAs":["https:\/\/x.com\/Colossal_Store","https:\/\/www.instagram.com\/colossal_store_tcg\/","https:\/\/www.tiktok.com\/@colossalstore"]}]}},"_links":{"self":[{"href":"https:\/\/www.colossalstore.es\/en\/wp-json\/wp\/v2\/product\/4609","targetHints":{"allow":["GET"]}}],"collection":[{"href":"https:\/\/www.colossalstore.es\/en\/wp-json\/wp\/v2\/product"}],"about":[{"href":"https:\/\/www.colossalstore.es\/en\/wp-json\/wp\/v2\/types\/product"}],"replies":[{"embeddable":true,"href":"https:\/\/www.colossalstore.es\/en\/wp-json\/wp\/v2\/comments?post=4609"}],"wp:featuredmedia":[{"embeddable":true,"href":"https:\/\/www.colossalstore.es\/en\/wp-json\/wp\/v2\/media\/4610"}],"wp:attachment":[{"href":"https:\/\/www.colossalstore.es\/en\/wp-json\/wp\/v2\/media?parent=4609"}],"wp:term":[{"taxonomy":"product_brand","embeddable":true,"href":"https:\/\/www.colossalstore.es\/en\/wp-json\/wp\/v2\/product_brand?post=4609"},{"taxonomy":"product_cat","embeddable":true,"href":"https:\/\/www.colossalstore.es\/en\/wp-json\/wp\/v2\/product_cat?post=4609"},{"taxonomy":"product_tag","embeddable":true,"href":"https:\/\/www.colossalstore.es\/en\/wp-json\/wp\/v2\/product_tag?post=4609"}],"curies":[{"name":"wp","href":"https:\/\/api.w.org\/{rel}","templated":true}]}}