{"id":4607,"date":"2023-03-29T13:05:08","date_gmt":"2023-03-29T11:05:08","guid":{"rendered":"https:\/\/www.colossalstore.es\/?post_type=product&#038;p=4607"},"modified":"2025-06-20T11:17:59","modified_gmt":"2025-06-20T09:17:59","slug":"pokemon-escarlata-y-purpura-caja-de-sobres-36-espanol","status":"publish","type":"product","link":"https:\/\/www.colossalstore.es\/en\/tienda\/tcg\/pokemon\/pokemon-escarlata-y-purpura-caja-de-sobres-36-espanol\/","title":{"rendered":"Pok\u00e9mon TCG Scarlet and Purple: Booster Box (36) Spanish"},"content":{"rendered":"<p>Pok\u00e9mon TCG Scarlet and Purple: Booster Box<\/p>\n<p>Embark on a journey through the Paldea region! Meet the first companions Sprigatito, Fuecoco, and Quaxly, and explore the power of the legendary Pok\u00e9mon Koraidon and Miraidon as ex Pok\u00e9mon. Additionally, other former Pok\u00e9mon evolve to enter battle, such as Arcanine and Gyarados with a dazzling new appearance. And even more Pok\u00e9mon arrive in stunningly illustrated cards of unique rarity. Discover them all in the Pok\u00e9mon TCG: Scarlet and Purple expansion!<\/p>\n<p>This product contains 36 card packs from the Pok\u00e9mon TCG Scarlet and Purple collection and each pack contains 10 random cards.<\/p>","protected":false},"excerpt":{"rendered":"<p>Pok\u00e9mon TCG Escarlata y P\u00farpura: Caja de Sobres \u00a1Emb\u00e1rcate en un viaje por la regi\u00f3n de Paldea! Conoce a los primeros compa\u00f1eros Sprigatito, Fuecoco y Quaxly, y explora el poder de los Pok\u00e9mon legendarios Koraidon y Miraidon como Pok\u00e9mon ex. Adem\u00e1s, otros Pok\u00e9mon ex evolucionan para entrar en combate, como Arcanine y Gyarados con una [&hellip;]<\/p>","protected":false},"featured_media":4608,"comment_status":"open","ping_status":"closed","template":"","meta":{"_joinchat":[]},"product_brand":[],"product_cat":[49,34],"product_tag":[],"class_list":{"0":"post-4607","1":"product","2":"type-product","3":"status-publish","4":"has-post-thumbnail","6":"product_cat-pokemon","7":"product_cat-tcg","9":"first","10":"outofstock","11":"taxable","12":"shipping-taxable","13":"purchasable","14":"product-type-simple"},"yoast_head":"<!-- This site is optimized with the Yoast SEO plugin v25.7 - https:\/\/yoast.com\/wordpress\/plugins\/seo\/ -->\n<title>Pok\u00e9mon TCG Escarlata y P\u00farpura: Caja de Sobres | Colossal Store<\/title>\n<meta name=\"description\" content=\"Pok\u00e9mon TCG Escarlata y P\u00farpura: Caja de Sobres\" \/>\n<meta name=\"robots\" content=\"index, follow, max-snippet:-1, max-image-preview:large, max-video-preview:-1\" \/>\n<link rel=\"canonical\" href=\"https:\/\/www.colossalstore.es\/en\/tienda\/tcg\/pokemon\/pokemon-escarlata-y-purpura-caja-de-sobres-36-espanol\/\" \/>\n<meta property=\"og:locale\" content=\"en_US\" \/>\n<meta property=\"og:type\" content=\"article\" \/>\n<meta property=\"og:title\" content=\"Pok\u00e9mon TCG Escarlata y P\u00farpura: Caja de Sobres | Colossal Store\" \/>\n<meta property=\"og:description\" content=\"Pok\u00e9mon TCG Escarlata y P\u00farpura: Caja de Sobres\" \/>\n<meta property=\"og:url\" content=\"https:\/\/www.colossalstore.es\/en\/tienda\/tcg\/pokemon\/pokemon-escarlata-y-purpura-caja-de-sobres-36-espanol\/\" \/>\n<meta property=\"og:site_name\" content=\"Colossal Store\" \/>\n<meta property=\"article:modified_time\" content=\"2025-06-20T09:17:59+00:00\" \/>\n<meta property=\"og:image\" content=\"https:\/\/www.colossalstore.es\/wp-content\/uploads\/2023\/03\/20230119164600_10568_600x600.webp\" \/>\n\t<meta property=\"og:image:width\" content=\"454\" \/>\n\t<meta property=\"og:image:height\" content=\"600\" \/>\n\t<meta property=\"og:image:type\" content=\"image\/webp\" \/>\n<meta name=\"twitter:card\" content=\"summary_large_image\" \/>\n<meta name=\"twitter:site\" content=\"@Colossal_Store\" \/>\n<meta name=\"twitter:label1\" content=\"Est. reading time\" \/>\n\t<meta name=\"twitter:data1\" content=\"1 minute\" \/>\n<script type=\"application\/ld+json\" class=\"yoast-schema-graph\">{\"@context\":\"https:\/\/schema.org\",\"@graph\":[{\"@type\":\"WebPage\",\"@id\":\"https:\/\/www.colossalstore.es\/tienda\/tcg\/pokemon\/pokemon-escarlata-y-purpura-caja-de-sobres-36-espanol\/\",\"url\":\"https:\/\/www.colossalstore.es\/tienda\/tcg\/pokemon\/pokemon-escarlata-y-purpura-caja-de-sobres-36-espanol\/\",\"name\":\"Pok\u00e9mon TCG Escarlata y P\u00farpura: Caja de Sobres | Colossal Store\",\"isPartOf\":{\"@id\":\"https:\/\/www.colossalstore.es\/#website\"},\"primaryImageOfPage\":{\"@id\":\"https:\/\/www.colossalstore.es\/tienda\/tcg\/pokemon\/pokemon-escarlata-y-purpura-caja-de-sobres-36-espanol\/#primaryimage\"},\"image\":{\"@id\":\"https:\/\/www.colossalstore.es\/tienda\/tcg\/pokemon\/pokemon-escarlata-y-purpura-caja-de-sobres-36-espanol\/#primaryimage\"},\"thumbnailUrl\":\"https:\/\/www.colossalstore.es\/wp-content\/uploads\/2023\/03\/20230119164600_10568_600x600.webp\",\"datePublished\":\"2023-03-29T11:05:08+00:00\",\"dateModified\":\"2025-06-20T09:17:59+00:00\",\"description\":\"Pok\u00e9mon TCG Escarlata y P\u00farpura: Caja de Sobres\",\"breadcrumb\":{\"@id\":\"https:\/\/www.colossalstore.es\/tienda\/tcg\/pokemon\/pokemon-escarlata-y-purpura-caja-de-sobres-36-espanol\/#breadcrumb\"},\"inLanguage\":\"en-US\",\"potentialAction\":[{\"@type\":\"ReadAction\",\"target\":[\"https:\/\/www.colossalstore.es\/tienda\/tcg\/pokemon\/pokemon-escarlata-y-purpura-caja-de-sobres-36-espanol\/\"]}]},{\"@type\":\"ImageObject\",\"inLanguage\":\"en-US\",\"@id\":\"https:\/\/www.colossalstore.es\/tienda\/tcg\/pokemon\/pokemon-escarlata-y-purpura-caja-de-sobres-36-espanol\/#primaryimage\",\"url\":\"https:\/\/www.colossalstore.es\/wp-content\/uploads\/2023\/03\/20230119164600_10568_600x600.webp\",\"contentUrl\":\"https:\/\/www.colossalstore.es\/wp-content\/uploads\/2023\/03\/20230119164600_10568_600x600.webp\",\"width\":454,\"height\":600},{\"@type\":\"BreadcrumbList\",\"@id\":\"https:\/\/www.colossalstore.es\/tienda\/tcg\/pokemon\/pokemon-escarlata-y-purpura-caja-de-sobres-36-espanol\/#breadcrumb\",\"itemListElement\":[{\"@type\":\"ListItem\",\"position\":1,\"name\":\"Home\",\"item\":\"https:\/\/www.colossalstore.es\/\"},{\"@type\":\"ListItem\",\"position\":2,\"name\":\"Tienda\",\"item\":\"https:\/\/www.colossalstore.es\/tienda\/\"},{\"@type\":\"ListItem\",\"position\":3,\"name\":\"Pok\u00e9mon TCG Escarlata y P\u00farpura: Caja de Sobres (36) Espa\u00f1ol\"}]},{\"@type\":\"WebSite\",\"@id\":\"https:\/\/www.colossalstore.es\/#website\",\"url\":\"https:\/\/www.colossalstore.es\/\",\"name\":\"Colossal Store\",\"description\":\"Colossal Store, tienda especializada en TCGs.\",\"publisher\":{\"@id\":\"https:\/\/www.colossalstore.es\/#organization\"},\"alternateName\":\"Colossal Store\",\"potentialAction\":[{\"@type\":\"SearchAction\",\"target\":{\"@type\":\"EntryPoint\",\"urlTemplate\":\"https:\/\/www.colossalstore.es\/?s={search_term_string}\"},\"query-input\":{\"@type\":\"PropertyValueSpecification\",\"valueRequired\":true,\"valueName\":\"search_term_string\"}}],\"inLanguage\":\"en-US\"},{\"@type\":\"Organization\",\"@id\":\"https:\/\/www.colossalstore.es\/#organization\",\"name\":\"Colossal Store\",\"url\":\"https:\/\/www.colossalstore.es\/\",\"logo\":{\"@type\":\"ImageObject\",\"inLanguage\":\"en-US\",\"@id\":\"https:\/\/www.colossalstore.es\/#\/schema\/logo\/image\/\",\"url\":\"https:\/\/www.colossalstore.es\/wp-content\/uploads\/2023\/05\/Colossal_Logo-02.png\",\"contentUrl\":\"https:\/\/www.colossalstore.es\/wp-content\/uploads\/2023\/05\/Colossal_Logo-02.png\",\"width\":1181,\"height\":1181,\"caption\":\"Colossal Store\"},\"image\":{\"@id\":\"https:\/\/www.colossalstore.es\/#\/schema\/logo\/image\/\"},\"sameAs\":[\"https:\/\/x.com\/Colossal_Store\",\"https:\/\/www.instagram.com\/colossal_store_tcg\/\",\"https:\/\/www.tiktok.com\/@colossalstore\"]}]}<\/script>\n<!-- \/ Yoast SEO plugin. -->","yoast_head_json":{"title":"Pok\u00e9mon TCG Escarlata y P\u00farpura: Caja de Sobres | Colossal Store","description":"Pok\u00e9mon TCG Scarlet and Purple: Booster Box","robots":{"index":"index","follow":"follow","max-snippet":"max-snippet:-1","max-image-preview":"max-image-preview:large","max-video-preview":"max-video-preview:-1"},"canonical":"https:\/\/www.colossalstore.es\/en\/tienda\/tcg\/pokemon\/pokemon-escarlata-y-purpura-caja-de-sobres-36-espanol\/","og_locale":"en_US","og_type":"article","og_title":"Pok\u00e9mon TCG Escarlata y P\u00farpura: Caja de Sobres | Colossal Store","og_description":"Pok\u00e9mon TCG Escarlata y P\u00farpura: Caja de Sobres","og_url":"https:\/\/www.colossalstore.es\/en\/tienda\/tcg\/pokemon\/pokemon-escarlata-y-purpura-caja-de-sobres-36-espanol\/","og_site_name":"Colossal Store","article_modified_time":"2025-06-20T09:17:59+00:00","og_image":[{"width":454,"height":600,"url":"https:\/\/www.colossalstore.es\/wp-content\/uploads\/2023\/03\/20230119164600_10568_600x600.webp","type":"image\/webp"}],"twitter_card":"summary_large_image","twitter_site":"@Colossal_Store","twitter_misc":{"Est. reading time":"1 minute"},"schema":{"@context":"https:\/\/schema.org","@graph":[{"@type":"WebPage","@id":"https:\/\/www.colossalstore.es\/tienda\/tcg\/pokemon\/pokemon-escarlata-y-purpura-caja-de-sobres-36-espanol\/","url":"https:\/\/www.colossalstore.es\/tienda\/tcg\/pokemon\/pokemon-escarlata-y-purpura-caja-de-sobres-36-espanol\/","name":"Pok\u00e9mon TCG Escarlata y P\u00farpura: Caja de Sobres | Colossal Store","isPartOf":{"@id":"https:\/\/www.colossalstore.es\/#website"},"primaryImageOfPage":{"@id":"https:\/\/www.colossalstore.es\/tienda\/tcg\/pokemon\/pokemon-escarlata-y-purpura-caja-de-sobres-36-espanol\/#primaryimage"},"image":{"@id":"https:\/\/www.colossalstore.es\/tienda\/tcg\/pokemon\/pokemon-escarlata-y-purpura-caja-de-sobres-36-espanol\/#primaryimage"},"thumbnailUrl":"https:\/\/www.colossalstore.es\/wp-content\/uploads\/2023\/03\/20230119164600_10568_600x600.webp","datePublished":"2023-03-29T11:05:08+00:00","dateModified":"2025-06-20T09:17:59+00:00","description":"Pok\u00e9mon TCG Scarlet and Purple: Booster Box","breadcrumb":{"@id":"https:\/\/www.colossalstore.es\/tienda\/tcg\/pokemon\/pokemon-escarlata-y-purpura-caja-de-sobres-36-espanol\/#breadcrumb"},"inLanguage":"en-US","potentialAction":[{"@type":"ReadAction","target":["https:\/\/www.colossalstore.es\/tienda\/tcg\/pokemon\/pokemon-escarlata-y-purpura-caja-de-sobres-36-espanol\/"]}]},{"@type":"ImageObject","inLanguage":"en-US","@id":"https:\/\/www.colossalstore.es\/tienda\/tcg\/pokemon\/pokemon-escarlata-y-purpura-caja-de-sobres-36-espanol\/#primaryimage","url":"https:\/\/www.colossalstore.es\/wp-content\/uploads\/2023\/03\/20230119164600_10568_600x600.webp","contentUrl":"https:\/\/www.colossalstore.es\/wp-content\/uploads\/2023\/03\/20230119164600_10568_600x600.webp","width":454,"height":600},{"@type":"BreadcrumbList","@id":"https:\/\/www.colossalstore.es\/tienda\/tcg\/pokemon\/pokemon-escarlata-y-purpura-caja-de-sobres-36-espanol\/#breadcrumb","itemListElement":[{"@type":"ListItem","position":1,"name":"Home","item":"https:\/\/www.colossalstore.es\/"},{"@type":"ListItem","position":2,"name":"Tienda","item":"https:\/\/www.colossalstore.es\/tienda\/"},{"@type":"ListItem","position":3,"name":"Pok\u00e9mon TCG Escarlata y P\u00farpura: Caja de Sobres (36) Espa\u00f1ol"}]},{"@type":"WebSite","@id":"https:\/\/www.colossalstore.es\/#website","url":"https:\/\/www.colossalstore.es\/","name":"Colossal Store","description":"Colossal Store, store specialized in TCGs.","publisher":{"@id":"https:\/\/www.colossalstore.es\/#organization"},"alternateName":"Colossal Store","potentialAction":[{"@type":"SearchAction","target":{"@type":"EntryPoint","urlTemplate":"https:\/\/www.colossalstore.es\/?s={search_term_string}"},"query-input":{"@type":"PropertyValueSpecification","valueRequired":true,"valueName":"search_term_string"}}],"inLanguage":"en-US"},{"@type":"Organization","@id":"https:\/\/www.colossalstore.es\/#organization","name":"Colossal Store","url":"https:\/\/www.colossalstore.es\/","logo":{"@type":"ImageObject","inLanguage":"en-US","@id":"https:\/\/www.colossalstore.es\/#\/schema\/logo\/image\/","url":"https:\/\/www.colossalstore.es\/wp-content\/uploads\/2023\/05\/Colossal_Logo-02.png","contentUrl":"https:\/\/www.colossalstore.es\/wp-content\/uploads\/2023\/05\/Colossal_Logo-02.png","width":1181,"height":1181,"caption":"Colossal Store"},"image":{"@id":"https:\/\/www.colossalstore.es\/#\/schema\/logo\/image\/"},"sameAs":["https:\/\/x.com\/Colossal_Store","https:\/\/www.instagram.com\/colossal_store_tcg\/","https:\/\/www.tiktok.com\/@colossalstore"]}]}},"_links":{"self":[{"href":"https:\/\/www.colossalstore.es\/en\/wp-json\/wp\/v2\/product\/4607","targetHints":{"allow":["GET"]}}],"collection":[{"href":"https:\/\/www.colossalstore.es\/en\/wp-json\/wp\/v2\/product"}],"about":[{"href":"https:\/\/www.colossalstore.es\/en\/wp-json\/wp\/v2\/types\/product"}],"replies":[{"embeddable":true,"href":"https:\/\/www.colossalstore.es\/en\/wp-json\/wp\/v2\/comments?post=4607"}],"wp:featuredmedia":[{"embeddable":true,"href":"https:\/\/www.colossalstore.es\/en\/wp-json\/wp\/v2\/media\/4608"}],"wp:attachment":[{"href":"https:\/\/www.colossalstore.es\/en\/wp-json\/wp\/v2\/media?parent=4607"}],"wp:term":[{"taxonomy":"product_brand","embeddable":true,"href":"https:\/\/www.colossalstore.es\/en\/wp-json\/wp\/v2\/product_brand?post=4607"},{"taxonomy":"product_cat","embeddable":true,"href":"https:\/\/www.colossalstore.es\/en\/wp-json\/wp\/v2\/product_cat?post=4607"},{"taxonomy":"product_tag","embeddable":true,"href":"https:\/\/www.colossalstore.es\/en\/wp-json\/wp\/v2\/product_tag?post=4607"}],"curies":[{"name":"wp","href":"https:\/\/api.w.org\/{rel}","templated":true}]}}