{"id":4594,"date":"2023-03-28T19:29:02","date_gmt":"2023-03-28T17:29:02","guid":{"rendered":"https:\/\/www.colossalstore.es\/?post_type=product&#038;p=4594"},"modified":"2026-01-05T19:48:59","modified_gmt":"2026-01-05T18:48:59","slug":"spy-x-family-10","status":"publish","type":"product","link":"https:\/\/www.colossalstore.es\/en\/tienda\/manga\/spy-x-family-10\/","title":{"rendered":"SPY X FAMILY 10"},"content":{"rendered":"<p>Spy X Family 10 (Tatsuya Endo)<\/p>\n<p>The countries of Westalis and Ostania have been fighting a cold war for years where espionage and assassinations are commonplace. The incomparable spy known as &quot;Twilight&quot; is Westalis&#039;s best agent whose objective is to take care of the powerful Donovan Desmond. The problem is that Desmond is an antisocial hermit whose only public appearances are at his son&#039;s school functions. Twilight must get close enough to the target to thwart their secret agenda. To do this, you just have to pretend that you are a family man... with the small detail that you only have 7 days to find the ideal family.<\/p>","protected":false},"excerpt":{"rendered":"<p>Spy X Family 10 (Tatsuya Endo) Los pa\u00edses de Westalis y Ostania libran desde hace a\u00f1os una guerra fr\u00eda donde el espionaje y los asesinatos son moneda corriente. El inigualable esp\u00eda conocido como \u00abTwilight\u00bb es el mejor agente de Westalis que tiene por objetivo encargarse del poderoso Donovan Desmond. El problmea es que Desmond es [&hellip;]<\/p>","protected":false},"featured_media":4595,"comment_status":"open","ping_status":"closed","template":"","meta":{"_joinchat":[]},"product_brand":[],"product_cat":[32],"product_tag":[],"class_list":{"0":"post-4594","1":"product","2":"type-product","3":"status-publish","4":"has-post-thumbnail","6":"product_cat-manga","8":"first","9":"outofstock","10":"sale","11":"taxable","12":"shipping-taxable","13":"purchasable","14":"product-type-simple"},"yoast_head":"<!-- This site is optimized with the Yoast SEO plugin v25.7 - https:\/\/yoast.com\/wordpress\/plugins\/seo\/ -->\n<title>Spy X Family 10 (Tatsuya Endo) | Colossal Store<\/title>\n<meta name=\"description\" content=\"Spy X Family 10 (Tatsuya Endo): Los pa\u00edses de Westalis y Ostania libran desde hace a\u00f1os una guerra fr\u00eda donde el espionaje y los asesinatos son moneda corriente. El inigualable esp\u00eda conocido como \u00abTwilight\u00bb es el mejor agente de Westalis que tiene por objetivo encargarse del poderoso Donovan Desmond. El problmea es que Desmond es un ermita\u00f1o antisocial cuyas \u00fanicas apariciones p\u00fablicas son en los actos escolares de su hijo. Twilight deber\u00e1 acercarse al objetivo lo suficiente como para desbaratar su agenda secreta. Para ello, s\u00f3lo deber\u00e1 simular que es un hombre de familia\u2026 con el peque\u00f1o detalle de que s\u00f3lo tiene 7 d\u00edas para conseguir la familia ideal.\" \/>\n<meta name=\"robots\" content=\"index, follow, max-snippet:-1, max-image-preview:large, max-video-preview:-1\" \/>\n<link rel=\"canonical\" href=\"https:\/\/www.colossalstore.es\/en\/tienda\/manga\/spy-x-family-10\/\" \/>\n<meta property=\"og:locale\" content=\"en_US\" \/>\n<meta property=\"og:type\" content=\"article\" \/>\n<meta property=\"og:title\" content=\"Spy X Family 10 (Tatsuya Endo) | Colossal Store\" \/>\n<meta property=\"og:description\" content=\"Spy X Family 10 (Tatsuya Endo): Los pa\u00edses de Westalis y Ostania libran desde hace a\u00f1os una guerra fr\u00eda donde el espionaje y los asesinatos son moneda corriente. El inigualable esp\u00eda conocido como \u00abTwilight\u00bb es el mejor agente de Westalis que tiene por objetivo encargarse del poderoso Donovan Desmond. El problmea es que Desmond es un ermita\u00f1o antisocial cuyas \u00fanicas apariciones p\u00fablicas son en los actos escolares de su hijo. Twilight deber\u00e1 acercarse al objetivo lo suficiente como para desbaratar su agenda secreta. Para ello, s\u00f3lo deber\u00e1 simular que es un hombre de familia\u2026 con el peque\u00f1o detalle de que s\u00f3lo tiene 7 d\u00edas para conseguir la familia ideal.\" \/>\n<meta property=\"og:url\" content=\"https:\/\/www.colossalstore.es\/en\/tienda\/manga\/spy-x-family-10\/\" \/>\n<meta property=\"og:site_name\" content=\"Colossal Store\" \/>\n<meta property=\"article:modified_time\" content=\"2026-01-05T18:48:59+00:00\" \/>\n<meta property=\"og:image\" content=\"https:\/\/www.colossalstore.es\/wp-content\/uploads\/2023\/03\/spy-x-family-10.jpg\" \/>\n\t<meta property=\"og:image:width\" content=\"600\" \/>\n\t<meta property=\"og:image:height\" content=\"775\" \/>\n\t<meta property=\"og:image:type\" content=\"image\/jpeg\" \/>\n<meta name=\"twitter:card\" content=\"summary_large_image\" \/>\n<meta name=\"twitter:site\" content=\"@Colossal_Store\" \/>\n<meta name=\"twitter:label1\" content=\"Est. reading time\" \/>\n\t<meta name=\"twitter:data1\" content=\"1 minute\" \/>\n<script type=\"application\/ld+json\" class=\"yoast-schema-graph\">{\"@context\":\"https:\/\/schema.org\",\"@graph\":[{\"@type\":\"WebPage\",\"@id\":\"https:\/\/www.colossalstore.es\/tienda\/manga\/spy-x-family-10\/\",\"url\":\"https:\/\/www.colossalstore.es\/tienda\/manga\/spy-x-family-10\/\",\"name\":\"Spy X Family 10 (Tatsuya Endo) | Colossal Store\",\"isPartOf\":{\"@id\":\"https:\/\/www.colossalstore.es\/#website\"},\"primaryImageOfPage\":{\"@id\":\"https:\/\/www.colossalstore.es\/tienda\/manga\/spy-x-family-10\/#primaryimage\"},\"image\":{\"@id\":\"https:\/\/www.colossalstore.es\/tienda\/manga\/spy-x-family-10\/#primaryimage\"},\"thumbnailUrl\":\"https:\/\/www.colossalstore.es\/wp-content\/uploads\/2023\/03\/spy-x-family-10.jpg\",\"datePublished\":\"2023-03-28T17:29:02+00:00\",\"dateModified\":\"2026-01-05T18:48:59+00:00\",\"description\":\"Spy X Family 10 (Tatsuya Endo): Los pa\u00edses de Westalis y Ostania libran desde hace a\u00f1os una guerra fr\u00eda donde el espionaje y los asesinatos son moneda corriente. El inigualable esp\u00eda conocido como \u00abTwilight\u00bb es el mejor agente de Westalis que tiene por objetivo encargarse del poderoso Donovan Desmond. El problmea es que Desmond es un ermita\u00f1o antisocial cuyas \u00fanicas apariciones p\u00fablicas son en los actos escolares de su hijo. Twilight deber\u00e1 acercarse al objetivo lo suficiente como para desbaratar su agenda secreta. Para ello, s\u00f3lo deber\u00e1 simular que es un hombre de familia\u2026 con el peque\u00f1o detalle de que s\u00f3lo tiene 7 d\u00edas para conseguir la familia ideal.\",\"breadcrumb\":{\"@id\":\"https:\/\/www.colossalstore.es\/tienda\/manga\/spy-x-family-10\/#breadcrumb\"},\"inLanguage\":\"en-US\",\"potentialAction\":[{\"@type\":\"ReadAction\",\"target\":[\"https:\/\/www.colossalstore.es\/tienda\/manga\/spy-x-family-10\/\"]}]},{\"@type\":\"ImageObject\",\"inLanguage\":\"en-US\",\"@id\":\"https:\/\/www.colossalstore.es\/tienda\/manga\/spy-x-family-10\/#primaryimage\",\"url\":\"https:\/\/www.colossalstore.es\/wp-content\/uploads\/2023\/03\/spy-x-family-10.jpg\",\"contentUrl\":\"https:\/\/www.colossalstore.es\/wp-content\/uploads\/2023\/03\/spy-x-family-10.jpg\",\"width\":600,\"height\":775},{\"@type\":\"BreadcrumbList\",\"@id\":\"https:\/\/www.colossalstore.es\/tienda\/manga\/spy-x-family-10\/#breadcrumb\",\"itemListElement\":[{\"@type\":\"ListItem\",\"position\":1,\"name\":\"Home\",\"item\":\"https:\/\/www.colossalstore.es\/\"},{\"@type\":\"ListItem\",\"position\":2,\"name\":\"Tienda\",\"item\":\"https:\/\/www.colossalstore.es\/tienda\/\"},{\"@type\":\"ListItem\",\"position\":3,\"name\":\"SPY X FAMILY 10\"}]},{\"@type\":\"WebSite\",\"@id\":\"https:\/\/www.colossalstore.es\/#website\",\"url\":\"https:\/\/www.colossalstore.es\/\",\"name\":\"Colossal Store\",\"description\":\"Colossal Store, tienda especializada en TCGs.\",\"publisher\":{\"@id\":\"https:\/\/www.colossalstore.es\/#organization\"},\"alternateName\":\"Colossal Store\",\"potentialAction\":[{\"@type\":\"SearchAction\",\"target\":{\"@type\":\"EntryPoint\",\"urlTemplate\":\"https:\/\/www.colossalstore.es\/?s={search_term_string}\"},\"query-input\":{\"@type\":\"PropertyValueSpecification\",\"valueRequired\":true,\"valueName\":\"search_term_string\"}}],\"inLanguage\":\"en-US\"},{\"@type\":\"Organization\",\"@id\":\"https:\/\/www.colossalstore.es\/#organization\",\"name\":\"Colossal Store\",\"url\":\"https:\/\/www.colossalstore.es\/\",\"logo\":{\"@type\":\"ImageObject\",\"inLanguage\":\"en-US\",\"@id\":\"https:\/\/www.colossalstore.es\/#\/schema\/logo\/image\/\",\"url\":\"https:\/\/www.colossalstore.es\/wp-content\/uploads\/2023\/05\/Colossal_Logo-02.png\",\"contentUrl\":\"https:\/\/www.colossalstore.es\/wp-content\/uploads\/2023\/05\/Colossal_Logo-02.png\",\"width\":1181,\"height\":1181,\"caption\":\"Colossal Store\"},\"image\":{\"@id\":\"https:\/\/www.colossalstore.es\/#\/schema\/logo\/image\/\"},\"sameAs\":[\"https:\/\/x.com\/Colossal_Store\",\"https:\/\/www.instagram.com\/colossal_store_tcg\/\",\"https:\/\/www.tiktok.com\/@colossalstore\"]}]}<\/script>\n<!-- \/ Yoast SEO plugin. -->","yoast_head_json":{"title":"Spy X Family 10 (Tatsuya Endo) | Colossal Store","description":"Spy X Family 10 (Tatsuya Endo): Los pa\u00edses de Westalis y Ostania libran desde hace a\u00f1os una guerra fr\u00eda donde el espionaje y los asesinatos son moneda corriente. El inigualable esp\u00eda conocido como \u00abTwilight\u00bb es el mejor agente de Westalis que tiene por objetivo encargarse del poderoso Donovan Desmond. El problmea es que Desmond es un ermita\u00f1o antisocial cuyas \u00fanicas apariciones p\u00fablicas son en los actos escolares de su hijo. Twilight deber\u00e1 acercarse al objetivo lo suficiente como para desbaratar su agenda secreta. Para ello, s\u00f3lo deber\u00e1 simular que es un hombre de familia\u2026 con el peque\u00f1o detalle de que s\u00f3lo tiene 7 d\u00edas para conseguir la familia ideal.","robots":{"index":"index","follow":"follow","max-snippet":"max-snippet:-1","max-image-preview":"max-image-preview:large","max-video-preview":"max-video-preview:-1"},"canonical":"https:\/\/www.colossalstore.es\/en\/tienda\/manga\/spy-x-family-10\/","og_locale":"en_US","og_type":"article","og_title":"Spy X Family 10 (Tatsuya Endo) | Colossal Store","og_description":"Spy X Family 10 (Tatsuya Endo): Los pa\u00edses de Westalis y Ostania libran desde hace a\u00f1os una guerra fr\u00eda donde el espionaje y los asesinatos son moneda corriente. El inigualable esp\u00eda conocido como \u00abTwilight\u00bb es el mejor agente de Westalis que tiene por objetivo encargarse del poderoso Donovan Desmond. El problmea es que Desmond es un ermita\u00f1o antisocial cuyas \u00fanicas apariciones p\u00fablicas son en los actos escolares de su hijo. Twilight deber\u00e1 acercarse al objetivo lo suficiente como para desbaratar su agenda secreta. Para ello, s\u00f3lo deber\u00e1 simular que es un hombre de familia\u2026 con el peque\u00f1o detalle de que s\u00f3lo tiene 7 d\u00edas para conseguir la familia ideal.","og_url":"https:\/\/www.colossalstore.es\/en\/tienda\/manga\/spy-x-family-10\/","og_site_name":"Colossal Store","article_modified_time":"2026-01-05T18:48:59+00:00","og_image":[{"width":600,"height":775,"url":"https:\/\/www.colossalstore.es\/wp-content\/uploads\/2023\/03\/spy-x-family-10.jpg","type":"image\/jpeg"}],"twitter_card":"summary_large_image","twitter_site":"@Colossal_Store","twitter_misc":{"Est. reading time":"1 minute"},"schema":{"@context":"https:\/\/schema.org","@graph":[{"@type":"WebPage","@id":"https:\/\/www.colossalstore.es\/tienda\/manga\/spy-x-family-10\/","url":"https:\/\/www.colossalstore.es\/tienda\/manga\/spy-x-family-10\/","name":"Spy X Family 10 (Tatsuya Endo) | Colossal Store","isPartOf":{"@id":"https:\/\/www.colossalstore.es\/#website"},"primaryImageOfPage":{"@id":"https:\/\/www.colossalstore.es\/tienda\/manga\/spy-x-family-10\/#primaryimage"},"image":{"@id":"https:\/\/www.colossalstore.es\/tienda\/manga\/spy-x-family-10\/#primaryimage"},"thumbnailUrl":"https:\/\/www.colossalstore.es\/wp-content\/uploads\/2023\/03\/spy-x-family-10.jpg","datePublished":"2023-03-28T17:29:02+00:00","dateModified":"2026-01-05T18:48:59+00:00","description":"Spy X Family 10 (Tatsuya Endo): Los pa\u00edses de Westalis y Ostania libran desde hace a\u00f1os una guerra fr\u00eda donde el espionaje y los asesinatos son moneda corriente. El inigualable esp\u00eda conocido como \u00abTwilight\u00bb es el mejor agente de Westalis que tiene por objetivo encargarse del poderoso Donovan Desmond. El problmea es que Desmond es un ermita\u00f1o antisocial cuyas \u00fanicas apariciones p\u00fablicas son en los actos escolares de su hijo. Twilight deber\u00e1 acercarse al objetivo lo suficiente como para desbaratar su agenda secreta. Para ello, s\u00f3lo deber\u00e1 simular que es un hombre de familia\u2026 con el peque\u00f1o detalle de que s\u00f3lo tiene 7 d\u00edas para conseguir la familia ideal.","breadcrumb":{"@id":"https:\/\/www.colossalstore.es\/tienda\/manga\/spy-x-family-10\/#breadcrumb"},"inLanguage":"en-US","potentialAction":[{"@type":"ReadAction","target":["https:\/\/www.colossalstore.es\/tienda\/manga\/spy-x-family-10\/"]}]},{"@type":"ImageObject","inLanguage":"en-US","@id":"https:\/\/www.colossalstore.es\/tienda\/manga\/spy-x-family-10\/#primaryimage","url":"https:\/\/www.colossalstore.es\/wp-content\/uploads\/2023\/03\/spy-x-family-10.jpg","contentUrl":"https:\/\/www.colossalstore.es\/wp-content\/uploads\/2023\/03\/spy-x-family-10.jpg","width":600,"height":775},{"@type":"BreadcrumbList","@id":"https:\/\/www.colossalstore.es\/tienda\/manga\/spy-x-family-10\/#breadcrumb","itemListElement":[{"@type":"ListItem","position":1,"name":"Home","item":"https:\/\/www.colossalstore.es\/"},{"@type":"ListItem","position":2,"name":"Tienda","item":"https:\/\/www.colossalstore.es\/tienda\/"},{"@type":"ListItem","position":3,"name":"SPY X FAMILY 10"}]},{"@type":"WebSite","@id":"https:\/\/www.colossalstore.es\/#website","url":"https:\/\/www.colossalstore.es\/","name":"Colossal Store","description":"Colossal Store, store specialized in TCGs.","publisher":{"@id":"https:\/\/www.colossalstore.es\/#organization"},"alternateName":"Colossal Store","potentialAction":[{"@type":"SearchAction","target":{"@type":"EntryPoint","urlTemplate":"https:\/\/www.colossalstore.es\/?s={search_term_string}"},"query-input":{"@type":"PropertyValueSpecification","valueRequired":true,"valueName":"search_term_string"}}],"inLanguage":"en-US"},{"@type":"Organization","@id":"https:\/\/www.colossalstore.es\/#organization","name":"Colossal Store","url":"https:\/\/www.colossalstore.es\/","logo":{"@type":"ImageObject","inLanguage":"en-US","@id":"https:\/\/www.colossalstore.es\/#\/schema\/logo\/image\/","url":"https:\/\/www.colossalstore.es\/wp-content\/uploads\/2023\/05\/Colossal_Logo-02.png","contentUrl":"https:\/\/www.colossalstore.es\/wp-content\/uploads\/2023\/05\/Colossal_Logo-02.png","width":1181,"height":1181,"caption":"Colossal Store"},"image":{"@id":"https:\/\/www.colossalstore.es\/#\/schema\/logo\/image\/"},"sameAs":["https:\/\/x.com\/Colossal_Store","https:\/\/www.instagram.com\/colossal_store_tcg\/","https:\/\/www.tiktok.com\/@colossalstore"]}]}},"_links":{"self":[{"href":"https:\/\/www.colossalstore.es\/en\/wp-json\/wp\/v2\/product\/4594","targetHints":{"allow":["GET"]}}],"collection":[{"href":"https:\/\/www.colossalstore.es\/en\/wp-json\/wp\/v2\/product"}],"about":[{"href":"https:\/\/www.colossalstore.es\/en\/wp-json\/wp\/v2\/types\/product"}],"replies":[{"embeddable":true,"href":"https:\/\/www.colossalstore.es\/en\/wp-json\/wp\/v2\/comments?post=4594"}],"wp:featuredmedia":[{"embeddable":true,"href":"https:\/\/www.colossalstore.es\/en\/wp-json\/wp\/v2\/media\/4595"}],"wp:attachment":[{"href":"https:\/\/www.colossalstore.es\/en\/wp-json\/wp\/v2\/media?parent=4594"}],"wp:term":[{"taxonomy":"product_brand","embeddable":true,"href":"https:\/\/www.colossalstore.es\/en\/wp-json\/wp\/v2\/product_brand?post=4594"},{"taxonomy":"product_cat","embeddable":true,"href":"https:\/\/www.colossalstore.es\/en\/wp-json\/wp\/v2\/product_cat?post=4594"},{"taxonomy":"product_tag","embeddable":true,"href":"https:\/\/www.colossalstore.es\/en\/wp-json\/wp\/v2\/product_tag?post=4594"}],"curies":[{"name":"wp","href":"https:\/\/api.w.org\/{rel}","templated":true}]}}