{"id":4523,"date":"2023-03-24T12:04:53","date_gmt":"2023-03-24T11:04:53","guid":{"rendered":"https:\/\/www.colossalstore.es\/?post_type=product&#038;p=4523"},"modified":"2025-06-20T11:18:01","modified_gmt":"2025-06-20T09:18:01","slug":"carpeta-2-bolsillos-pro-binder-eclipse-verde-ultra-pro","status":"publish","type":"product","link":"https:\/\/www.colossalstore.es\/en\/tienda\/tcg\/accesorios\/carpeta-2-bolsillos-pro-binder-eclipse-verde-ultra-pro\/","title":{"rendered":"2 pocket folder PRO-Binder Eclipse green Ultra Pro"},"content":{"rendered":"<p>Binder Eclipse green Ultra Pro \u2013 2 pocket PRO folder<\/p>\n<p>2-pocket PRO-Binder Eclipse lime green Ultra Pro folder. Capacity to store up to 80 sleeved letters, with 2 pockets for each of the 20 pages that the folder has. Leather look and feel. Elastic strap to keep the Pro Binder closed.<\/p>","protected":false},"excerpt":{"rendered":"<p>Binder Eclipse verde Ultra Pro &#8211; Carpeta 2 bolsillos PRO Carpeta 2 bolsillos PRO-Binder Eclipse verde lima Ultra Pro. Capacidad para guardar hasta 80 cartas enfundadas, a raz\u00f3n de 2 bolsillos por cada una de las 20 p\u00e1ginas que tiene la carpeta. Aspecto y tacto de cuero. Tira el\u00e1stica para mantener la Pro Binder cerrada.<\/p>","protected":false},"featured_media":4524,"comment_status":"open","ping_status":"closed","template":"","meta":{"_joinchat":[]},"product_brand":[],"product_cat":[35],"product_tag":[],"class_list":{"0":"post-4523","1":"product","2":"type-product","3":"status-publish","4":"has-post-thumbnail","6":"product_cat-accesorios","8":"first","9":"outofstock","10":"taxable","11":"shipping-taxable","12":"purchasable","13":"product-type-simple"},"yoast_head":"<!-- This site is optimized with the Yoast SEO plugin v25.7 - https:\/\/yoast.com\/wordpress\/plugins\/seo\/ -->\n<title>Binder Eclipse verde Ultra Pro - Carpeta 2 bolsillos PRO | Colossal Store<\/title>\n<meta name=\"description\" content=\"Binder Eclipse verde Ultra Pro - Carpeta 2 bolsillos PRO: Carpeta 2 bolsillos PRO-Binder Eclipse verde lima Ultra Pro. Capacidad para guardar hasta 80 cartas enfundadas, a raz\u00f3n de 2 bolsillos por cada una de las 20 p\u00e1ginas que tiene la carpeta. Aspecto y tacto de cuero. Tira el\u00e1stica para mantener la Pro Binder cerrada.\" \/>\n<meta name=\"robots\" content=\"index, follow, max-snippet:-1, max-image-preview:large, max-video-preview:-1\" \/>\n<link rel=\"canonical\" href=\"https:\/\/www.colossalstore.es\/en\/tienda\/tcg\/accesorios\/carpeta-2-bolsillos-pro-binder-eclipse-verde-ultra-pro\/\" \/>\n<meta property=\"og:locale\" content=\"en_US\" \/>\n<meta property=\"og:type\" content=\"article\" \/>\n<meta property=\"og:title\" content=\"Binder Eclipse verde Ultra Pro - Carpeta 2 bolsillos PRO | Colossal Store\" \/>\n<meta property=\"og:description\" content=\"Binder Eclipse verde Ultra Pro - Carpeta 2 bolsillos PRO: Carpeta 2 bolsillos PRO-Binder Eclipse verde lima Ultra Pro. Capacidad para guardar hasta 80 cartas enfundadas, a raz\u00f3n de 2 bolsillos por cada una de las 20 p\u00e1ginas que tiene la carpeta. Aspecto y tacto de cuero. Tira el\u00e1stica para mantener la Pro Binder cerrada.\" \/>\n<meta property=\"og:url\" content=\"https:\/\/www.colossalstore.es\/en\/tienda\/tcg\/accesorios\/carpeta-2-bolsillos-pro-binder-eclipse-verde-ultra-pro\/\" \/>\n<meta property=\"og:site_name\" content=\"Colossal Store\" \/>\n<meta property=\"article:modified_time\" content=\"2025-06-20T09:18:01+00:00\" \/>\n<meta property=\"og:image\" content=\"https:\/\/www.colossalstore.es\/wp-content\/uploads\/2023\/03\/bi_eclipse_2_pocket_forest_green.jpg\" \/>\n\t<meta property=\"og:image:width\" content=\"480\" \/>\n\t<meta property=\"og:image:height\" content=\"427\" \/>\n\t<meta property=\"og:image:type\" content=\"image\/jpeg\" \/>\n<meta name=\"twitter:card\" content=\"summary_large_image\" \/>\n<meta name=\"twitter:site\" content=\"@Colossal_Store\" \/>\n<meta name=\"twitter:label1\" content=\"Est. reading time\" \/>\n\t<meta name=\"twitter:data1\" content=\"1 minute\" \/>\n<script type=\"application\/ld+json\" class=\"yoast-schema-graph\">{\"@context\":\"https:\/\/schema.org\",\"@graph\":[{\"@type\":\"WebPage\",\"@id\":\"https:\/\/www.colossalstore.es\/tienda\/tcg\/accesorios\/carpeta-2-bolsillos-pro-binder-eclipse-verde-ultra-pro\/\",\"url\":\"https:\/\/www.colossalstore.es\/tienda\/tcg\/accesorios\/carpeta-2-bolsillos-pro-binder-eclipse-verde-ultra-pro\/\",\"name\":\"Binder Eclipse verde Ultra Pro - Carpeta 2 bolsillos PRO | Colossal Store\",\"isPartOf\":{\"@id\":\"https:\/\/www.colossalstore.es\/#website\"},\"primaryImageOfPage\":{\"@id\":\"https:\/\/www.colossalstore.es\/tienda\/tcg\/accesorios\/carpeta-2-bolsillos-pro-binder-eclipse-verde-ultra-pro\/#primaryimage\"},\"image\":{\"@id\":\"https:\/\/www.colossalstore.es\/tienda\/tcg\/accesorios\/carpeta-2-bolsillos-pro-binder-eclipse-verde-ultra-pro\/#primaryimage\"},\"thumbnailUrl\":\"https:\/\/www.colossalstore.es\/wp-content\/uploads\/2023\/03\/bi_eclipse_2_pocket_forest_green.jpg\",\"datePublished\":\"2023-03-24T11:04:53+00:00\",\"dateModified\":\"2025-06-20T09:18:01+00:00\",\"description\":\"Binder Eclipse verde Ultra Pro - Carpeta 2 bolsillos PRO: Carpeta 2 bolsillos PRO-Binder Eclipse verde lima Ultra Pro. Capacidad para guardar hasta 80 cartas enfundadas, a raz\u00f3n de 2 bolsillos por cada una de las 20 p\u00e1ginas que tiene la carpeta. Aspecto y tacto de cuero. Tira el\u00e1stica para mantener la Pro Binder cerrada.\",\"breadcrumb\":{\"@id\":\"https:\/\/www.colossalstore.es\/tienda\/tcg\/accesorios\/carpeta-2-bolsillos-pro-binder-eclipse-verde-ultra-pro\/#breadcrumb\"},\"inLanguage\":\"en-US\",\"potentialAction\":[{\"@type\":\"ReadAction\",\"target\":[\"https:\/\/www.colossalstore.es\/tienda\/tcg\/accesorios\/carpeta-2-bolsillos-pro-binder-eclipse-verde-ultra-pro\/\"]}]},{\"@type\":\"ImageObject\",\"inLanguage\":\"en-US\",\"@id\":\"https:\/\/www.colossalstore.es\/tienda\/tcg\/accesorios\/carpeta-2-bolsillos-pro-binder-eclipse-verde-ultra-pro\/#primaryimage\",\"url\":\"https:\/\/www.colossalstore.es\/wp-content\/uploads\/2023\/03\/bi_eclipse_2_pocket_forest_green.jpg\",\"contentUrl\":\"https:\/\/www.colossalstore.es\/wp-content\/uploads\/2023\/03\/bi_eclipse_2_pocket_forest_green.jpg\",\"width\":480,\"height\":427},{\"@type\":\"BreadcrumbList\",\"@id\":\"https:\/\/www.colossalstore.es\/tienda\/tcg\/accesorios\/carpeta-2-bolsillos-pro-binder-eclipse-verde-ultra-pro\/#breadcrumb\",\"itemListElement\":[{\"@type\":\"ListItem\",\"position\":1,\"name\":\"Home\",\"item\":\"https:\/\/www.colossalstore.es\/\"},{\"@type\":\"ListItem\",\"position\":2,\"name\":\"Tienda\",\"item\":\"https:\/\/www.colossalstore.es\/tienda\/\"},{\"@type\":\"ListItem\",\"position\":3,\"name\":\"Carpeta 2 bolsillos PRO-Binder Eclipse verde Ultra Pro\"}]},{\"@type\":\"WebSite\",\"@id\":\"https:\/\/www.colossalstore.es\/#website\",\"url\":\"https:\/\/www.colossalstore.es\/\",\"name\":\"Colossal Store\",\"description\":\"Colossal Store, tienda especializada en TCGs.\",\"publisher\":{\"@id\":\"https:\/\/www.colossalstore.es\/#organization\"},\"alternateName\":\"Colossal Store\",\"potentialAction\":[{\"@type\":\"SearchAction\",\"target\":{\"@type\":\"EntryPoint\",\"urlTemplate\":\"https:\/\/www.colossalstore.es\/?s={search_term_string}\"},\"query-input\":{\"@type\":\"PropertyValueSpecification\",\"valueRequired\":true,\"valueName\":\"search_term_string\"}}],\"inLanguage\":\"en-US\"},{\"@type\":\"Organization\",\"@id\":\"https:\/\/www.colossalstore.es\/#organization\",\"name\":\"Colossal Store\",\"url\":\"https:\/\/www.colossalstore.es\/\",\"logo\":{\"@type\":\"ImageObject\",\"inLanguage\":\"en-US\",\"@id\":\"https:\/\/www.colossalstore.es\/#\/schema\/logo\/image\/\",\"url\":\"https:\/\/www.colossalstore.es\/wp-content\/uploads\/2023\/05\/Colossal_Logo-02.png\",\"contentUrl\":\"https:\/\/www.colossalstore.es\/wp-content\/uploads\/2023\/05\/Colossal_Logo-02.png\",\"width\":1181,\"height\":1181,\"caption\":\"Colossal Store\"},\"image\":{\"@id\":\"https:\/\/www.colossalstore.es\/#\/schema\/logo\/image\/\"},\"sameAs\":[\"https:\/\/x.com\/Colossal_Store\",\"https:\/\/www.instagram.com\/colossal_store_tcg\/\",\"https:\/\/www.tiktok.com\/@colossalstore\"]}]}<\/script>\n<!-- \/ Yoast SEO plugin. -->","yoast_head_json":{"title":"Binder Eclipse verde Ultra Pro - Carpeta 2 bolsillos PRO | Colossal Store","description":"Binder Eclipse verde Ultra Pro - Carpeta 2 bolsillos PRO: Carpeta 2 bolsillos PRO-Binder Eclipse verde lima Ultra Pro. Capacidad para guardar hasta 80 cartas enfundadas, a raz\u00f3n de 2 bolsillos por cada una de las 20 p\u00e1ginas que tiene la carpeta. Aspecto y tacto de cuero. Tira el\u00e1stica para mantener la Pro Binder cerrada.","robots":{"index":"index","follow":"follow","max-snippet":"max-snippet:-1","max-image-preview":"max-image-preview:large","max-video-preview":"max-video-preview:-1"},"canonical":"https:\/\/www.colossalstore.es\/en\/tienda\/tcg\/accesorios\/carpeta-2-bolsillos-pro-binder-eclipse-verde-ultra-pro\/","og_locale":"en_US","og_type":"article","og_title":"Binder Eclipse verde Ultra Pro - Carpeta 2 bolsillos PRO | Colossal Store","og_description":"Binder Eclipse verde Ultra Pro - Carpeta 2 bolsillos PRO: Carpeta 2 bolsillos PRO-Binder Eclipse verde lima Ultra Pro. Capacidad para guardar hasta 80 cartas enfundadas, a raz\u00f3n de 2 bolsillos por cada una de las 20 p\u00e1ginas que tiene la carpeta. Aspecto y tacto de cuero. Tira el\u00e1stica para mantener la Pro Binder cerrada.","og_url":"https:\/\/www.colossalstore.es\/en\/tienda\/tcg\/accesorios\/carpeta-2-bolsillos-pro-binder-eclipse-verde-ultra-pro\/","og_site_name":"Colossal Store","article_modified_time":"2025-06-20T09:18:01+00:00","og_image":[{"width":480,"height":427,"url":"https:\/\/www.colossalstore.es\/wp-content\/uploads\/2023\/03\/bi_eclipse_2_pocket_forest_green.jpg","type":"image\/jpeg"}],"twitter_card":"summary_large_image","twitter_site":"@Colossal_Store","twitter_misc":{"Est. reading time":"1 minute"},"schema":{"@context":"https:\/\/schema.org","@graph":[{"@type":"WebPage","@id":"https:\/\/www.colossalstore.es\/tienda\/tcg\/accesorios\/carpeta-2-bolsillos-pro-binder-eclipse-verde-ultra-pro\/","url":"https:\/\/www.colossalstore.es\/tienda\/tcg\/accesorios\/carpeta-2-bolsillos-pro-binder-eclipse-verde-ultra-pro\/","name":"Binder Eclipse verde Ultra Pro - Carpeta 2 bolsillos PRO | Colossal Store","isPartOf":{"@id":"https:\/\/www.colossalstore.es\/#website"},"primaryImageOfPage":{"@id":"https:\/\/www.colossalstore.es\/tienda\/tcg\/accesorios\/carpeta-2-bolsillos-pro-binder-eclipse-verde-ultra-pro\/#primaryimage"},"image":{"@id":"https:\/\/www.colossalstore.es\/tienda\/tcg\/accesorios\/carpeta-2-bolsillos-pro-binder-eclipse-verde-ultra-pro\/#primaryimage"},"thumbnailUrl":"https:\/\/www.colossalstore.es\/wp-content\/uploads\/2023\/03\/bi_eclipse_2_pocket_forest_green.jpg","datePublished":"2023-03-24T11:04:53+00:00","dateModified":"2025-06-20T09:18:01+00:00","description":"Binder Eclipse verde Ultra Pro - Carpeta 2 bolsillos PRO: Carpeta 2 bolsillos PRO-Binder Eclipse verde lima Ultra Pro. Capacidad para guardar hasta 80 cartas enfundadas, a raz\u00f3n de 2 bolsillos por cada una de las 20 p\u00e1ginas que tiene la carpeta. Aspecto y tacto de cuero. Tira el\u00e1stica para mantener la Pro Binder cerrada.","breadcrumb":{"@id":"https:\/\/www.colossalstore.es\/tienda\/tcg\/accesorios\/carpeta-2-bolsillos-pro-binder-eclipse-verde-ultra-pro\/#breadcrumb"},"inLanguage":"en-US","potentialAction":[{"@type":"ReadAction","target":["https:\/\/www.colossalstore.es\/tienda\/tcg\/accesorios\/carpeta-2-bolsillos-pro-binder-eclipse-verde-ultra-pro\/"]}]},{"@type":"ImageObject","inLanguage":"en-US","@id":"https:\/\/www.colossalstore.es\/tienda\/tcg\/accesorios\/carpeta-2-bolsillos-pro-binder-eclipse-verde-ultra-pro\/#primaryimage","url":"https:\/\/www.colossalstore.es\/wp-content\/uploads\/2023\/03\/bi_eclipse_2_pocket_forest_green.jpg","contentUrl":"https:\/\/www.colossalstore.es\/wp-content\/uploads\/2023\/03\/bi_eclipse_2_pocket_forest_green.jpg","width":480,"height":427},{"@type":"BreadcrumbList","@id":"https:\/\/www.colossalstore.es\/tienda\/tcg\/accesorios\/carpeta-2-bolsillos-pro-binder-eclipse-verde-ultra-pro\/#breadcrumb","itemListElement":[{"@type":"ListItem","position":1,"name":"Home","item":"https:\/\/www.colossalstore.es\/"},{"@type":"ListItem","position":2,"name":"Tienda","item":"https:\/\/www.colossalstore.es\/tienda\/"},{"@type":"ListItem","position":3,"name":"Carpeta 2 bolsillos PRO-Binder Eclipse verde Ultra Pro"}]},{"@type":"WebSite","@id":"https:\/\/www.colossalstore.es\/#website","url":"https:\/\/www.colossalstore.es\/","name":"Colossal Store","description":"Colossal Store, store specialized in TCGs.","publisher":{"@id":"https:\/\/www.colossalstore.es\/#organization"},"alternateName":"Colossal Store","potentialAction":[{"@type":"SearchAction","target":{"@type":"EntryPoint","urlTemplate":"https:\/\/www.colossalstore.es\/?s={search_term_string}"},"query-input":{"@type":"PropertyValueSpecification","valueRequired":true,"valueName":"search_term_string"}}],"inLanguage":"en-US"},{"@type":"Organization","@id":"https:\/\/www.colossalstore.es\/#organization","name":"Colossal Store","url":"https:\/\/www.colossalstore.es\/","logo":{"@type":"ImageObject","inLanguage":"en-US","@id":"https:\/\/www.colossalstore.es\/#\/schema\/logo\/image\/","url":"https:\/\/www.colossalstore.es\/wp-content\/uploads\/2023\/05\/Colossal_Logo-02.png","contentUrl":"https:\/\/www.colossalstore.es\/wp-content\/uploads\/2023\/05\/Colossal_Logo-02.png","width":1181,"height":1181,"caption":"Colossal Store"},"image":{"@id":"https:\/\/www.colossalstore.es\/#\/schema\/logo\/image\/"},"sameAs":["https:\/\/x.com\/Colossal_Store","https:\/\/www.instagram.com\/colossal_store_tcg\/","https:\/\/www.tiktok.com\/@colossalstore"]}]}},"_links":{"self":[{"href":"https:\/\/www.colossalstore.es\/en\/wp-json\/wp\/v2\/product\/4523","targetHints":{"allow":["GET"]}}],"collection":[{"href":"https:\/\/www.colossalstore.es\/en\/wp-json\/wp\/v2\/product"}],"about":[{"href":"https:\/\/www.colossalstore.es\/en\/wp-json\/wp\/v2\/types\/product"}],"replies":[{"embeddable":true,"href":"https:\/\/www.colossalstore.es\/en\/wp-json\/wp\/v2\/comments?post=4523"}],"wp:featuredmedia":[{"embeddable":true,"href":"https:\/\/www.colossalstore.es\/en\/wp-json\/wp\/v2\/media\/4524"}],"wp:attachment":[{"href":"https:\/\/www.colossalstore.es\/en\/wp-json\/wp\/v2\/media?parent=4523"}],"wp:term":[{"taxonomy":"product_brand","embeddable":true,"href":"https:\/\/www.colossalstore.es\/en\/wp-json\/wp\/v2\/product_brand?post=4523"},{"taxonomy":"product_cat","embeddable":true,"href":"https:\/\/www.colossalstore.es\/en\/wp-json\/wp\/v2\/product_cat?post=4523"},{"taxonomy":"product_tag","embeddable":true,"href":"https:\/\/www.colossalstore.es\/en\/wp-json\/wp\/v2\/product_tag?post=4523"}],"curies":[{"name":"wp","href":"https:\/\/api.w.org\/{rel}","templated":true}]}}