{"id":4339,"date":"2023-03-04T11:15:28","date_gmt":"2023-03-04T10:15:28","guid":{"rendered":"https:\/\/www.colossalstore.es\/?post_type=product&#038;p=4339"},"modified":"2025-06-20T11:18:02","modified_gmt":"2025-06-20T09:18:02","slug":"pokemon-cenit-supremo-pikachu-vmax-coleccion-especial-es","status":"publish","type":"product","link":"https:\/\/www.colossalstore.es\/en\/tienda\/tcg\/pokemon\/pokemon-cenit-supremo-pikachu-vmax-coleccion-especial-es\/","title":{"rendered":"Pok\u00e9mon Pikachu Vmax Supreme Peak Special Collection \u2013 EN"},"content":{"rendered":"<p>Pok\u00e9mon Pikachu Vmax Supreme Peak Special Collection \u2013 EN<\/p>\n<p>Prepare for a lightning storm of Gigantamax proportions! The special Pikachu VMAX collection of\u00a0<em>Supreme Zenith<\/em>\u00a0from the Pok\u00e9mon TCG brings a massive version of the Mouse Pok\u00e9mon to your deck. Pikachu VMAX arrives in the form of a promotional card in two different sizes, where Pikachu VMAX generates Energy with its Tail Charge to then launch a huge Gigathunder attack. Plus, you&#039;ll also find Pikachu V so you can get Pikachu VMAX into play at lightning speed. And don&#039;t forget the large Pikachu VMAX card that you can display wherever you want.<\/p>\n<p>The special Pikachu VMAX collection of\u00a0<em>Supreme Zenith<\/em>\u00a0Pok\u00e9mon TCG contains:<\/p>\n<ul class=\"list\">\n<li>1 x Pikachu VMAX holographic embossed promotional card<\/li>\n<li>1 holographic Pikachu V promo card<\/li>\n<li>1 oversized Pikachu VMAX promo card<\/li>\n<li>5 upgrade packs\u00a0<em>Supreme Zenith<\/em>\u00a0from Pok\u00e9mon TCG<\/li>\n<li>1 letter with code to redeem online<\/li>\n<\/ul>","protected":false},"excerpt":{"rendered":"<p>Pok\u00e9mon Pikachu Vmax Cenit Supremo Coleccion Especial &#8211; ES \u00a1Prep\u00e1rate para una tormenta de rayos de proporciones Gigamax! La colecci\u00f3n especial Pikachu VMAX de\u00a0Cenit Supremo\u00a0de JCC Pok\u00e9mon lleva una versi\u00f3n enorme del Pok\u00e9mon Rat\u00f3n a tu baraja. Pikachu VMAX llega en forma de carta de promoci\u00f3n en dos tama\u00f1os diferentes, donde Pikachu VMAX genera Energ\u00eda [&hellip;]<\/p>","protected":false},"featured_media":4342,"comment_status":"open","ping_status":"closed","template":"","meta":{"_joinchat":[]},"product_brand":[],"product_cat":[49,34],"product_tag":[],"class_list":{"0":"post-4339","1":"product","2":"type-product","3":"status-publish","4":"has-post-thumbnail","6":"product_cat-pokemon","7":"product_cat-tcg","9":"first","10":"outofstock","11":"taxable","12":"shipping-taxable","13":"purchasable","14":"product-type-simple"},"yoast_head":"<!-- This site is optimized with the Yoast SEO plugin v25.7 - https:\/\/yoast.com\/wordpress\/plugins\/seo\/ -->\n<title>Pok\u00e9mon Pikachu Vmax Cenit Supremo - ES | Colossal Store<\/title>\n<meta name=\"description\" content=\"Pok\u00e9mon Pikachu Vmax Cenit Supremo Coleccion Especial - ES\" \/>\n<meta name=\"robots\" content=\"index, follow, max-snippet:-1, max-image-preview:large, max-video-preview:-1\" \/>\n<link rel=\"canonical\" href=\"https:\/\/www.colossalstore.es\/en\/tienda\/tcg\/pokemon\/pokemon-cenit-supremo-pikachu-vmax-coleccion-especial-es\/\" \/>\n<meta property=\"og:locale\" content=\"en_US\" \/>\n<meta property=\"og:type\" content=\"article\" \/>\n<meta property=\"og:title\" content=\"Pok\u00e9mon Pikachu Vmax Cenit Supremo - ES | Colossal Store\" \/>\n<meta property=\"og:description\" content=\"Pok\u00e9mon Pikachu Vmax Cenit Supremo Coleccion Especial - ES\" \/>\n<meta property=\"og:url\" content=\"https:\/\/www.colossalstore.es\/en\/tienda\/tcg\/pokemon\/pokemon-cenit-supremo-pikachu-vmax-coleccion-especial-es\/\" \/>\n<meta property=\"og:site_name\" content=\"Colossal Store\" \/>\n<meta property=\"article:modified_time\" content=\"2025-06-20T09:18:02+00:00\" \/>\n<meta property=\"og:image\" content=\"https:\/\/www.colossalstore.es\/wp-content\/uploads\/2023\/03\/pokemon-cenit-supremo-pikachu-vmax-coleccion-especial-es.png\" \/>\n\t<meta property=\"og:image:width\" content=\"1100\" \/>\n\t<meta property=\"og:image:height\" content=\"1422\" \/>\n\t<meta property=\"og:image:type\" content=\"image\/png\" \/>\n<meta name=\"twitter:card\" content=\"summary_large_image\" \/>\n<meta name=\"twitter:site\" content=\"@Colossal_Store\" \/>\n<meta name=\"twitter:label1\" content=\"Est. reading time\" \/>\n\t<meta name=\"twitter:data1\" content=\"1 minute\" \/>\n<script type=\"application\/ld+json\" class=\"yoast-schema-graph\">{\"@context\":\"https:\/\/schema.org\",\"@graph\":[{\"@type\":\"WebPage\",\"@id\":\"https:\/\/www.colossalstore.es\/tienda\/tcg\/pokemon\/pokemon-cenit-supremo-pikachu-vmax-coleccion-especial-es\/\",\"url\":\"https:\/\/www.colossalstore.es\/tienda\/tcg\/pokemon\/pokemon-cenit-supremo-pikachu-vmax-coleccion-especial-es\/\",\"name\":\"Pok\u00e9mon Pikachu Vmax Cenit Supremo - ES | Colossal Store\",\"isPartOf\":{\"@id\":\"https:\/\/www.colossalstore.es\/#website\"},\"primaryImageOfPage\":{\"@id\":\"https:\/\/www.colossalstore.es\/tienda\/tcg\/pokemon\/pokemon-cenit-supremo-pikachu-vmax-coleccion-especial-es\/#primaryimage\"},\"image\":{\"@id\":\"https:\/\/www.colossalstore.es\/tienda\/tcg\/pokemon\/pokemon-cenit-supremo-pikachu-vmax-coleccion-especial-es\/#primaryimage\"},\"thumbnailUrl\":\"https:\/\/www.colossalstore.es\/wp-content\/uploads\/2023\/03\/pokemon-cenit-supremo-pikachu-vmax-coleccion-especial-es.png\",\"datePublished\":\"2023-03-04T10:15:28+00:00\",\"dateModified\":\"2025-06-20T09:18:02+00:00\",\"description\":\"Pok\u00e9mon Pikachu Vmax Cenit Supremo Coleccion Especial - ES\",\"breadcrumb\":{\"@id\":\"https:\/\/www.colossalstore.es\/tienda\/tcg\/pokemon\/pokemon-cenit-supremo-pikachu-vmax-coleccion-especial-es\/#breadcrumb\"},\"inLanguage\":\"en-US\",\"potentialAction\":[{\"@type\":\"ReadAction\",\"target\":[\"https:\/\/www.colossalstore.es\/tienda\/tcg\/pokemon\/pokemon-cenit-supremo-pikachu-vmax-coleccion-especial-es\/\"]}]},{\"@type\":\"ImageObject\",\"inLanguage\":\"en-US\",\"@id\":\"https:\/\/www.colossalstore.es\/tienda\/tcg\/pokemon\/pokemon-cenit-supremo-pikachu-vmax-coleccion-especial-es\/#primaryimage\",\"url\":\"https:\/\/www.colossalstore.es\/wp-content\/uploads\/2023\/03\/pokemon-cenit-supremo-pikachu-vmax-coleccion-especial-es.png\",\"contentUrl\":\"https:\/\/www.colossalstore.es\/wp-content\/uploads\/2023\/03\/pokemon-cenit-supremo-pikachu-vmax-coleccion-especial-es.png\",\"width\":1100,\"height\":1422},{\"@type\":\"BreadcrumbList\",\"@id\":\"https:\/\/www.colossalstore.es\/tienda\/tcg\/pokemon\/pokemon-cenit-supremo-pikachu-vmax-coleccion-especial-es\/#breadcrumb\",\"itemListElement\":[{\"@type\":\"ListItem\",\"position\":1,\"name\":\"Home\",\"item\":\"https:\/\/www.colossalstore.es\/\"},{\"@type\":\"ListItem\",\"position\":2,\"name\":\"Tienda\",\"item\":\"https:\/\/www.colossalstore.es\/tienda\/\"},{\"@type\":\"ListItem\",\"position\":3,\"name\":\"Pok\u00e9mon Pikachu Vmax Cenit Supremo Coleccion Especial &#8211; ES\"}]},{\"@type\":\"WebSite\",\"@id\":\"https:\/\/www.colossalstore.es\/#website\",\"url\":\"https:\/\/www.colossalstore.es\/\",\"name\":\"Colossal Store\",\"description\":\"Colossal Store, tienda especializada en TCGs.\",\"publisher\":{\"@id\":\"https:\/\/www.colossalstore.es\/#organization\"},\"alternateName\":\"Colossal Store\",\"potentialAction\":[{\"@type\":\"SearchAction\",\"target\":{\"@type\":\"EntryPoint\",\"urlTemplate\":\"https:\/\/www.colossalstore.es\/?s={search_term_string}\"},\"query-input\":{\"@type\":\"PropertyValueSpecification\",\"valueRequired\":true,\"valueName\":\"search_term_string\"}}],\"inLanguage\":\"en-US\"},{\"@type\":\"Organization\",\"@id\":\"https:\/\/www.colossalstore.es\/#organization\",\"name\":\"Colossal Store\",\"url\":\"https:\/\/www.colossalstore.es\/\",\"logo\":{\"@type\":\"ImageObject\",\"inLanguage\":\"en-US\",\"@id\":\"https:\/\/www.colossalstore.es\/#\/schema\/logo\/image\/\",\"url\":\"https:\/\/www.colossalstore.es\/wp-content\/uploads\/2023\/05\/Colossal_Logo-02.png\",\"contentUrl\":\"https:\/\/www.colossalstore.es\/wp-content\/uploads\/2023\/05\/Colossal_Logo-02.png\",\"width\":1181,\"height\":1181,\"caption\":\"Colossal Store\"},\"image\":{\"@id\":\"https:\/\/www.colossalstore.es\/#\/schema\/logo\/image\/\"},\"sameAs\":[\"https:\/\/x.com\/Colossal_Store\",\"https:\/\/www.instagram.com\/colossal_store_tcg\/\",\"https:\/\/www.tiktok.com\/@colossalstore\"]}]}<\/script>\n<!-- \/ Yoast SEO plugin. -->","yoast_head_json":{"title":"Pok\u00e9mon Pikachu Vmax Cenit Supremo - ES | Colossal Store","description":"Pok\u00e9mon Pikachu Vmax Cenit Supremo Coleccion Especial - ES","robots":{"index":"index","follow":"follow","max-snippet":"max-snippet:-1","max-image-preview":"max-image-preview:large","max-video-preview":"max-video-preview:-1"},"canonical":"https:\/\/www.colossalstore.es\/en\/tienda\/tcg\/pokemon\/pokemon-cenit-supremo-pikachu-vmax-coleccion-especial-es\/","og_locale":"en_US","og_type":"article","og_title":"Pok\u00e9mon Pikachu Vmax Cenit Supremo - ES | Colossal Store","og_description":"Pok\u00e9mon Pikachu Vmax Cenit Supremo Coleccion Especial - ES","og_url":"https:\/\/www.colossalstore.es\/en\/tienda\/tcg\/pokemon\/pokemon-cenit-supremo-pikachu-vmax-coleccion-especial-es\/","og_site_name":"Colossal Store","article_modified_time":"2025-06-20T09:18:02+00:00","og_image":[{"width":1100,"height":1422,"url":"https:\/\/www.colossalstore.es\/wp-content\/uploads\/2023\/03\/pokemon-cenit-supremo-pikachu-vmax-coleccion-especial-es.png","type":"image\/png"}],"twitter_card":"summary_large_image","twitter_site":"@Colossal_Store","twitter_misc":{"Est. reading time":"1 minute"},"schema":{"@context":"https:\/\/schema.org","@graph":[{"@type":"WebPage","@id":"https:\/\/www.colossalstore.es\/tienda\/tcg\/pokemon\/pokemon-cenit-supremo-pikachu-vmax-coleccion-especial-es\/","url":"https:\/\/www.colossalstore.es\/tienda\/tcg\/pokemon\/pokemon-cenit-supremo-pikachu-vmax-coleccion-especial-es\/","name":"Pok\u00e9mon Pikachu Vmax Cenit Supremo - ES | Colossal Store","isPartOf":{"@id":"https:\/\/www.colossalstore.es\/#website"},"primaryImageOfPage":{"@id":"https:\/\/www.colossalstore.es\/tienda\/tcg\/pokemon\/pokemon-cenit-supremo-pikachu-vmax-coleccion-especial-es\/#primaryimage"},"image":{"@id":"https:\/\/www.colossalstore.es\/tienda\/tcg\/pokemon\/pokemon-cenit-supremo-pikachu-vmax-coleccion-especial-es\/#primaryimage"},"thumbnailUrl":"https:\/\/www.colossalstore.es\/wp-content\/uploads\/2023\/03\/pokemon-cenit-supremo-pikachu-vmax-coleccion-especial-es.png","datePublished":"2023-03-04T10:15:28+00:00","dateModified":"2025-06-20T09:18:02+00:00","description":"Pok\u00e9mon Pikachu Vmax Cenit Supremo Coleccion Especial - ES","breadcrumb":{"@id":"https:\/\/www.colossalstore.es\/tienda\/tcg\/pokemon\/pokemon-cenit-supremo-pikachu-vmax-coleccion-especial-es\/#breadcrumb"},"inLanguage":"en-US","potentialAction":[{"@type":"ReadAction","target":["https:\/\/www.colossalstore.es\/tienda\/tcg\/pokemon\/pokemon-cenit-supremo-pikachu-vmax-coleccion-especial-es\/"]}]},{"@type":"ImageObject","inLanguage":"en-US","@id":"https:\/\/www.colossalstore.es\/tienda\/tcg\/pokemon\/pokemon-cenit-supremo-pikachu-vmax-coleccion-especial-es\/#primaryimage","url":"https:\/\/www.colossalstore.es\/wp-content\/uploads\/2023\/03\/pokemon-cenit-supremo-pikachu-vmax-coleccion-especial-es.png","contentUrl":"https:\/\/www.colossalstore.es\/wp-content\/uploads\/2023\/03\/pokemon-cenit-supremo-pikachu-vmax-coleccion-especial-es.png","width":1100,"height":1422},{"@type":"BreadcrumbList","@id":"https:\/\/www.colossalstore.es\/tienda\/tcg\/pokemon\/pokemon-cenit-supremo-pikachu-vmax-coleccion-especial-es\/#breadcrumb","itemListElement":[{"@type":"ListItem","position":1,"name":"Home","item":"https:\/\/www.colossalstore.es\/"},{"@type":"ListItem","position":2,"name":"Tienda","item":"https:\/\/www.colossalstore.es\/tienda\/"},{"@type":"ListItem","position":3,"name":"Pok\u00e9mon Pikachu Vmax Cenit Supremo Coleccion Especial &#8211; ES"}]},{"@type":"WebSite","@id":"https:\/\/www.colossalstore.es\/#website","url":"https:\/\/www.colossalstore.es\/","name":"Colossal Store","description":"Colossal Store, store specialized in TCGs.","publisher":{"@id":"https:\/\/www.colossalstore.es\/#organization"},"alternateName":"Colossal Store","potentialAction":[{"@type":"SearchAction","target":{"@type":"EntryPoint","urlTemplate":"https:\/\/www.colossalstore.es\/?s={search_term_string}"},"query-input":{"@type":"PropertyValueSpecification","valueRequired":true,"valueName":"search_term_string"}}],"inLanguage":"en-US"},{"@type":"Organization","@id":"https:\/\/www.colossalstore.es\/#organization","name":"Colossal Store","url":"https:\/\/www.colossalstore.es\/","logo":{"@type":"ImageObject","inLanguage":"en-US","@id":"https:\/\/www.colossalstore.es\/#\/schema\/logo\/image\/","url":"https:\/\/www.colossalstore.es\/wp-content\/uploads\/2023\/05\/Colossal_Logo-02.png","contentUrl":"https:\/\/www.colossalstore.es\/wp-content\/uploads\/2023\/05\/Colossal_Logo-02.png","width":1181,"height":1181,"caption":"Colossal Store"},"image":{"@id":"https:\/\/www.colossalstore.es\/#\/schema\/logo\/image\/"},"sameAs":["https:\/\/x.com\/Colossal_Store","https:\/\/www.instagram.com\/colossal_store_tcg\/","https:\/\/www.tiktok.com\/@colossalstore"]}]}},"_links":{"self":[{"href":"https:\/\/www.colossalstore.es\/en\/wp-json\/wp\/v2\/product\/4339","targetHints":{"allow":["GET"]}}],"collection":[{"href":"https:\/\/www.colossalstore.es\/en\/wp-json\/wp\/v2\/product"}],"about":[{"href":"https:\/\/www.colossalstore.es\/en\/wp-json\/wp\/v2\/types\/product"}],"replies":[{"embeddable":true,"href":"https:\/\/www.colossalstore.es\/en\/wp-json\/wp\/v2\/comments?post=4339"}],"wp:featuredmedia":[{"embeddable":true,"href":"https:\/\/www.colossalstore.es\/en\/wp-json\/wp\/v2\/media\/4342"}],"wp:attachment":[{"href":"https:\/\/www.colossalstore.es\/en\/wp-json\/wp\/v2\/media?parent=4339"}],"wp:term":[{"taxonomy":"product_brand","embeddable":true,"href":"https:\/\/www.colossalstore.es\/en\/wp-json\/wp\/v2\/product_brand?post=4339"},{"taxonomy":"product_cat","embeddable":true,"href":"https:\/\/www.colossalstore.es\/en\/wp-json\/wp\/v2\/product_cat?post=4339"},{"taxonomy":"product_tag","embeddable":true,"href":"https:\/\/www.colossalstore.es\/en\/wp-json\/wp\/v2\/product_tag?post=4339"}],"curies":[{"name":"wp","href":"https:\/\/api.w.org\/{rel}","templated":true}]}}