{"id":4124,"date":"2023-02-22T20:22:10","date_gmt":"2023-02-22T19:22:10","guid":{"rendered":"https:\/\/www.colossalstore.es\/?post_type=product&#038;p=4124"},"modified":"2025-06-20T11:18:02","modified_gmt":"2025-06-20T09:18:02","slug":"one-piece-no102","status":"publish","type":"product","link":"https:\/\/www.colossalstore.es\/en\/tienda\/manga\/one-piece-no102\/","title":{"rendered":"One Piece N\u00ba102"},"content":{"rendered":"<p>One Piece 102 (Eiichiro Oda)<\/p>\n<p>He will be the king of the pirates! Fully recovered, Luffy sets off again to face Kaido! What will be the outcome of the climactic battle between these two incredible opponents? Meanwhile, in various places on the island of Onigashima, the fierce battles waged by the Straw Hat comrades against the great pirate gang of the Hundred Beasts come to an end. The Wano arc is in full swing! Luffy&#039;s adventures in search of One Piece continue!<\/p>","protected":false},"excerpt":{"rendered":"<p>One Piece 102 (Eiichiro Oda) \u00a1El rey de los piratas, ser\u00e1 \u00e9l! \u00a1Completamente recuperado, Luffy parte de nuevo para enfrentarse a Kaido! \u00bfCu\u00e1l ser\u00e1 el resultado de la batalla culminante entre estos dos incre\u00edbles oponentes? Mientras tanto, en varios lugares de la isla de Onigashima, las feroces batallas libradas por los camaradas de Sombrero de [&hellip;]<\/p>","protected":false},"featured_media":4125,"comment_status":"open","ping_status":"closed","template":"","meta":{"_joinchat":[]},"product_brand":[],"product_cat":[32],"product_tag":[],"class_list":{"0":"post-4124","1":"product","2":"type-product","3":"status-publish","4":"has-post-thumbnail","6":"product_cat-manga","8":"first","9":"outofstock","10":"sale","11":"taxable","12":"shipping-taxable","13":"purchasable","14":"product-type-simple"},"yoast_head":"<!-- This site is optimized with the Yoast SEO plugin v25.7 - https:\/\/yoast.com\/wordpress\/plugins\/seo\/ -->\n<title>One Piece 102 (Eiichiro Oda) | Colossal Store<\/title>\n<meta name=\"description\" content=\"One Piece 102 (Eiichiro Oda): \u00a1El rey de los piratas, ser\u00e1 \u00e9l! \u00a1Completamente recuperado, Luffy parte de nuevo para enfrentarse a Kaido! \u00bfCu\u00e1l ser\u00e1 el resultado de la batalla culminante entre estos dos incre\u00edbles oponentes? Mientras tanto, en varios lugares de la isla de Onigashima, las feroces batallas libradas por los camaradas de Sombrero de Paja contra la gran banda pirata de las Cien bestias llegan a su fin. \u00a1El arco de Wano est\u00e1 en su apogeo! \u00a1Contin\u00faan las aventuras de Luffy en busca de One Piece!\" \/>\n<meta name=\"robots\" content=\"index, follow, max-snippet:-1, max-image-preview:large, max-video-preview:-1\" \/>\n<link rel=\"canonical\" href=\"https:\/\/www.colossalstore.es\/en\/tienda\/manga\/one-piece-no102\/\" \/>\n<meta property=\"og:locale\" content=\"en_US\" \/>\n<meta property=\"og:type\" content=\"article\" \/>\n<meta property=\"og:title\" content=\"One Piece 102 (Eiichiro Oda) | Colossal Store\" \/>\n<meta property=\"og:description\" content=\"One Piece 102 (Eiichiro Oda): \u00a1El rey de los piratas, ser\u00e1 \u00e9l! \u00a1Completamente recuperado, Luffy parte de nuevo para enfrentarse a Kaido! \u00bfCu\u00e1l ser\u00e1 el resultado de la batalla culminante entre estos dos incre\u00edbles oponentes? Mientras tanto, en varios lugares de la isla de Onigashima, las feroces batallas libradas por los camaradas de Sombrero de Paja contra la gran banda pirata de las Cien bestias llegan a su fin. \u00a1El arco de Wano est\u00e1 en su apogeo! \u00a1Contin\u00faan las aventuras de Luffy en busca de One Piece!\" \/>\n<meta property=\"og:url\" content=\"https:\/\/www.colossalstore.es\/en\/tienda\/manga\/one-piece-no102\/\" \/>\n<meta property=\"og:site_name\" content=\"Colossal Store\" \/>\n<meta property=\"article:modified_time\" content=\"2025-06-20T09:18:02+00:00\" \/>\n<meta property=\"og:image\" content=\"https:\/\/www.colossalstore.es\/wp-content\/uploads\/2023\/02\/portada_one-piece-n-102_eiichiro-oda_202207181110-scaled.jpg\" \/>\n\t<meta property=\"og:image:width\" content=\"1606\" \/>\n\t<meta property=\"og:image:height\" content=\"2560\" \/>\n\t<meta property=\"og:image:type\" content=\"image\/jpeg\" \/>\n<meta name=\"twitter:card\" content=\"summary_large_image\" \/>\n<meta name=\"twitter:site\" content=\"@Colossal_Store\" \/>\n<meta name=\"twitter:label1\" content=\"Est. reading time\" \/>\n\t<meta name=\"twitter:data1\" content=\"1 minute\" \/>\n<script type=\"application\/ld+json\" class=\"yoast-schema-graph\">{\"@context\":\"https:\/\/schema.org\",\"@graph\":[{\"@type\":\"WebPage\",\"@id\":\"https:\/\/www.colossalstore.es\/tienda\/manga\/one-piece-no102\/\",\"url\":\"https:\/\/www.colossalstore.es\/tienda\/manga\/one-piece-no102\/\",\"name\":\"One Piece 102 (Eiichiro Oda) | Colossal Store\",\"isPartOf\":{\"@id\":\"https:\/\/www.colossalstore.es\/#website\"},\"primaryImageOfPage\":{\"@id\":\"https:\/\/www.colossalstore.es\/tienda\/manga\/one-piece-no102\/#primaryimage\"},\"image\":{\"@id\":\"https:\/\/www.colossalstore.es\/tienda\/manga\/one-piece-no102\/#primaryimage\"},\"thumbnailUrl\":\"https:\/\/www.colossalstore.es\/wp-content\/uploads\/2023\/02\/portada_one-piece-n-102_eiichiro-oda_202207181110-scaled.jpg\",\"datePublished\":\"2023-02-22T19:22:10+00:00\",\"dateModified\":\"2025-06-20T09:18:02+00:00\",\"description\":\"One Piece 102 (Eiichiro Oda): \u00a1El rey de los piratas, ser\u00e1 \u00e9l! \u00a1Completamente recuperado, Luffy parte de nuevo para enfrentarse a Kaido! \u00bfCu\u00e1l ser\u00e1 el resultado de la batalla culminante entre estos dos incre\u00edbles oponentes? Mientras tanto, en varios lugares de la isla de Onigashima, las feroces batallas libradas por los camaradas de Sombrero de Paja contra la gran banda pirata de las Cien bestias llegan a su fin. \u00a1El arco de Wano est\u00e1 en su apogeo! \u00a1Contin\u00faan las aventuras de Luffy en busca de One Piece!\",\"breadcrumb\":{\"@id\":\"https:\/\/www.colossalstore.es\/tienda\/manga\/one-piece-no102\/#breadcrumb\"},\"inLanguage\":\"en-US\",\"potentialAction\":[{\"@type\":\"ReadAction\",\"target\":[\"https:\/\/www.colossalstore.es\/tienda\/manga\/one-piece-no102\/\"]}]},{\"@type\":\"ImageObject\",\"inLanguage\":\"en-US\",\"@id\":\"https:\/\/www.colossalstore.es\/tienda\/manga\/one-piece-no102\/#primaryimage\",\"url\":\"https:\/\/www.colossalstore.es\/wp-content\/uploads\/2023\/02\/portada_one-piece-n-102_eiichiro-oda_202207181110-scaled.jpg\",\"contentUrl\":\"https:\/\/www.colossalstore.es\/wp-content\/uploads\/2023\/02\/portada_one-piece-n-102_eiichiro-oda_202207181110-scaled.jpg\",\"width\":1606,\"height\":2560},{\"@type\":\"BreadcrumbList\",\"@id\":\"https:\/\/www.colossalstore.es\/tienda\/manga\/one-piece-no102\/#breadcrumb\",\"itemListElement\":[{\"@type\":\"ListItem\",\"position\":1,\"name\":\"Home\",\"item\":\"https:\/\/www.colossalstore.es\/\"},{\"@type\":\"ListItem\",\"position\":2,\"name\":\"Tienda\",\"item\":\"https:\/\/www.colossalstore.es\/tienda\/\"},{\"@type\":\"ListItem\",\"position\":3,\"name\":\"One Piece N\u00ba102\"}]},{\"@type\":\"WebSite\",\"@id\":\"https:\/\/www.colossalstore.es\/#website\",\"url\":\"https:\/\/www.colossalstore.es\/\",\"name\":\"Colossal Store\",\"description\":\"Colossal Store, tienda especializada en TCGs.\",\"publisher\":{\"@id\":\"https:\/\/www.colossalstore.es\/#organization\"},\"alternateName\":\"Colossal Store\",\"potentialAction\":[{\"@type\":\"SearchAction\",\"target\":{\"@type\":\"EntryPoint\",\"urlTemplate\":\"https:\/\/www.colossalstore.es\/?s={search_term_string}\"},\"query-input\":{\"@type\":\"PropertyValueSpecification\",\"valueRequired\":true,\"valueName\":\"search_term_string\"}}],\"inLanguage\":\"en-US\"},{\"@type\":\"Organization\",\"@id\":\"https:\/\/www.colossalstore.es\/#organization\",\"name\":\"Colossal Store\",\"url\":\"https:\/\/www.colossalstore.es\/\",\"logo\":{\"@type\":\"ImageObject\",\"inLanguage\":\"en-US\",\"@id\":\"https:\/\/www.colossalstore.es\/#\/schema\/logo\/image\/\",\"url\":\"https:\/\/www.colossalstore.es\/wp-content\/uploads\/2023\/05\/Colossal_Logo-02.png\",\"contentUrl\":\"https:\/\/www.colossalstore.es\/wp-content\/uploads\/2023\/05\/Colossal_Logo-02.png\",\"width\":1181,\"height\":1181,\"caption\":\"Colossal Store\"},\"image\":{\"@id\":\"https:\/\/www.colossalstore.es\/#\/schema\/logo\/image\/\"},\"sameAs\":[\"https:\/\/x.com\/Colossal_Store\",\"https:\/\/www.instagram.com\/colossal_store_tcg\/\",\"https:\/\/www.tiktok.com\/@colossalstore\"]}]}<\/script>\n<!-- \/ Yoast SEO plugin. -->","yoast_head_json":{"title":"One Piece 102 (Eiichiro Oda) | Colossal Store","description":"One Piece 102 (Eiichiro Oda): \u00a1El rey de los piratas, ser\u00e1 \u00e9l! \u00a1Completamente recuperado, Luffy parte de nuevo para enfrentarse a Kaido! \u00bfCu\u00e1l ser\u00e1 el resultado de la batalla culminante entre estos dos incre\u00edbles oponentes? Mientras tanto, en varios lugares de la isla de Onigashima, las feroces batallas libradas por los camaradas de Sombrero de Paja contra la gran banda pirata de las Cien bestias llegan a su fin. \u00a1El arco de Wano est\u00e1 en su apogeo! \u00a1Contin\u00faan las aventuras de Luffy en busca de One Piece!","robots":{"index":"index","follow":"follow","max-snippet":"max-snippet:-1","max-image-preview":"max-image-preview:large","max-video-preview":"max-video-preview:-1"},"canonical":"https:\/\/www.colossalstore.es\/en\/tienda\/manga\/one-piece-no102\/","og_locale":"en_US","og_type":"article","og_title":"One Piece 102 (Eiichiro Oda) | Colossal Store","og_description":"One Piece 102 (Eiichiro Oda): \u00a1El rey de los piratas, ser\u00e1 \u00e9l! \u00a1Completamente recuperado, Luffy parte de nuevo para enfrentarse a Kaido! \u00bfCu\u00e1l ser\u00e1 el resultado de la batalla culminante entre estos dos incre\u00edbles oponentes? Mientras tanto, en varios lugares de la isla de Onigashima, las feroces batallas libradas por los camaradas de Sombrero de Paja contra la gran banda pirata de las Cien bestias llegan a su fin. \u00a1El arco de Wano est\u00e1 en su apogeo! \u00a1Contin\u00faan las aventuras de Luffy en busca de One Piece!","og_url":"https:\/\/www.colossalstore.es\/en\/tienda\/manga\/one-piece-no102\/","og_site_name":"Colossal Store","article_modified_time":"2025-06-20T09:18:02+00:00","og_image":[{"width":1606,"height":2560,"url":"https:\/\/www.colossalstore.es\/wp-content\/uploads\/2023\/02\/portada_one-piece-n-102_eiichiro-oda_202207181110-scaled.jpg","type":"image\/jpeg"}],"twitter_card":"summary_large_image","twitter_site":"@Colossal_Store","twitter_misc":{"Est. reading time":"1 minute"},"schema":{"@context":"https:\/\/schema.org","@graph":[{"@type":"WebPage","@id":"https:\/\/www.colossalstore.es\/tienda\/manga\/one-piece-no102\/","url":"https:\/\/www.colossalstore.es\/tienda\/manga\/one-piece-no102\/","name":"One Piece 102 (Eiichiro Oda) | Colossal Store","isPartOf":{"@id":"https:\/\/www.colossalstore.es\/#website"},"primaryImageOfPage":{"@id":"https:\/\/www.colossalstore.es\/tienda\/manga\/one-piece-no102\/#primaryimage"},"image":{"@id":"https:\/\/www.colossalstore.es\/tienda\/manga\/one-piece-no102\/#primaryimage"},"thumbnailUrl":"https:\/\/www.colossalstore.es\/wp-content\/uploads\/2023\/02\/portada_one-piece-n-102_eiichiro-oda_202207181110-scaled.jpg","datePublished":"2023-02-22T19:22:10+00:00","dateModified":"2025-06-20T09:18:02+00:00","description":"One Piece 102 (Eiichiro Oda): \u00a1El rey de los piratas, ser\u00e1 \u00e9l! \u00a1Completamente recuperado, Luffy parte de nuevo para enfrentarse a Kaido! \u00bfCu\u00e1l ser\u00e1 el resultado de la batalla culminante entre estos dos incre\u00edbles oponentes? Mientras tanto, en varios lugares de la isla de Onigashima, las feroces batallas libradas por los camaradas de Sombrero de Paja contra la gran banda pirata de las Cien bestias llegan a su fin. \u00a1El arco de Wano est\u00e1 en su apogeo! \u00a1Contin\u00faan las aventuras de Luffy en busca de One Piece!","breadcrumb":{"@id":"https:\/\/www.colossalstore.es\/tienda\/manga\/one-piece-no102\/#breadcrumb"},"inLanguage":"en-US","potentialAction":[{"@type":"ReadAction","target":["https:\/\/www.colossalstore.es\/tienda\/manga\/one-piece-no102\/"]}]},{"@type":"ImageObject","inLanguage":"en-US","@id":"https:\/\/www.colossalstore.es\/tienda\/manga\/one-piece-no102\/#primaryimage","url":"https:\/\/www.colossalstore.es\/wp-content\/uploads\/2023\/02\/portada_one-piece-n-102_eiichiro-oda_202207181110-scaled.jpg","contentUrl":"https:\/\/www.colossalstore.es\/wp-content\/uploads\/2023\/02\/portada_one-piece-n-102_eiichiro-oda_202207181110-scaled.jpg","width":1606,"height":2560},{"@type":"BreadcrumbList","@id":"https:\/\/www.colossalstore.es\/tienda\/manga\/one-piece-no102\/#breadcrumb","itemListElement":[{"@type":"ListItem","position":1,"name":"Home","item":"https:\/\/www.colossalstore.es\/"},{"@type":"ListItem","position":2,"name":"Tienda","item":"https:\/\/www.colossalstore.es\/tienda\/"},{"@type":"ListItem","position":3,"name":"One Piece N\u00ba102"}]},{"@type":"WebSite","@id":"https:\/\/www.colossalstore.es\/#website","url":"https:\/\/www.colossalstore.es\/","name":"Colossal Store","description":"Colossal Store, store specialized in TCGs.","publisher":{"@id":"https:\/\/www.colossalstore.es\/#organization"},"alternateName":"Colossal Store","potentialAction":[{"@type":"SearchAction","target":{"@type":"EntryPoint","urlTemplate":"https:\/\/www.colossalstore.es\/?s={search_term_string}"},"query-input":{"@type":"PropertyValueSpecification","valueRequired":true,"valueName":"search_term_string"}}],"inLanguage":"en-US"},{"@type":"Organization","@id":"https:\/\/www.colossalstore.es\/#organization","name":"Colossal Store","url":"https:\/\/www.colossalstore.es\/","logo":{"@type":"ImageObject","inLanguage":"en-US","@id":"https:\/\/www.colossalstore.es\/#\/schema\/logo\/image\/","url":"https:\/\/www.colossalstore.es\/wp-content\/uploads\/2023\/05\/Colossal_Logo-02.png","contentUrl":"https:\/\/www.colossalstore.es\/wp-content\/uploads\/2023\/05\/Colossal_Logo-02.png","width":1181,"height":1181,"caption":"Colossal Store"},"image":{"@id":"https:\/\/www.colossalstore.es\/#\/schema\/logo\/image\/"},"sameAs":["https:\/\/x.com\/Colossal_Store","https:\/\/www.instagram.com\/colossal_store_tcg\/","https:\/\/www.tiktok.com\/@colossalstore"]}]}},"_links":{"self":[{"href":"https:\/\/www.colossalstore.es\/en\/wp-json\/wp\/v2\/product\/4124","targetHints":{"allow":["GET"]}}],"collection":[{"href":"https:\/\/www.colossalstore.es\/en\/wp-json\/wp\/v2\/product"}],"about":[{"href":"https:\/\/www.colossalstore.es\/en\/wp-json\/wp\/v2\/types\/product"}],"replies":[{"embeddable":true,"href":"https:\/\/www.colossalstore.es\/en\/wp-json\/wp\/v2\/comments?post=4124"}],"wp:featuredmedia":[{"embeddable":true,"href":"https:\/\/www.colossalstore.es\/en\/wp-json\/wp\/v2\/media\/4125"}],"wp:attachment":[{"href":"https:\/\/www.colossalstore.es\/en\/wp-json\/wp\/v2\/media?parent=4124"}],"wp:term":[{"taxonomy":"product_brand","embeddable":true,"href":"https:\/\/www.colossalstore.es\/en\/wp-json\/wp\/v2\/product_brand?post=4124"},{"taxonomy":"product_cat","embeddable":true,"href":"https:\/\/www.colossalstore.es\/en\/wp-json\/wp\/v2\/product_cat?post=4124"},{"taxonomy":"product_tag","embeddable":true,"href":"https:\/\/www.colossalstore.es\/en\/wp-json\/wp\/v2\/product_tag?post=4124"}],"curies":[{"name":"wp","href":"https:\/\/api.w.org\/{rel}","templated":true}]}}