{"id":4119,"date":"2023-02-22T20:18:09","date_gmt":"2023-02-22T19:18:09","guid":{"rendered":"https:\/\/www.colossalstore.es\/?post_type=product&#038;p=4119"},"modified":"2025-09-24T12:52:39","modified_gmt":"2025-09-24T10:52:39","slug":"my-hero-academia-no-32","status":"publish","type":"product","link":"https:\/\/www.colossalstore.es\/en\/tienda\/manga\/my-hero-academia-no-32\/","title":{"rendered":"MY HERO ACADEMIA 32"},"content":{"rendered":"<p>My Hero Academia 32 (Kohei Horikoshi)<\/p>\n<p>All the escaped prisoners from various prisons are running wild in the cities. Izuku, who is giving it his all alongside the best national heroes, is running out of energy, hu, hu\u2026 We have to destroy this miserable world in which it is so difficult to live. Right, Tomura?<\/p>","protected":false},"excerpt":{"rendered":"<p>My Hero Academia 32 (Kohei Horikoshi) Todos los presos fugados de distintas prisiones est\u00e1n campando a sus anchas por las ciudades. Izuku, que est\u00e1 d\u00e1ndolo todo junto a los mejores h\u00e9roes nacionales, est\u00e1 agotando sus fuerzas, ju, ju&#8230; Hay que cargarse este mundo tan miserable en el que se hace tan dif\u00edcil vivir. \u00bfVerdad que [&hellip;]<\/p>","protected":false},"featured_media":4120,"comment_status":"open","ping_status":"closed","template":"","meta":{"_joinchat":[]},"product_brand":[],"product_cat":[32],"product_tag":[],"class_list":{"0":"post-4119","1":"product","2":"type-product","3":"status-publish","4":"has-post-thumbnail","6":"product_cat-manga","8":"first","9":"outofstock","10":"sale","11":"taxable","12":"shipping-taxable","13":"purchasable","14":"product-type-simple"},"yoast_head":"<!-- This site is optimized with the Yoast SEO plugin v25.7 - https:\/\/yoast.com\/wordpress\/plugins\/seo\/ -->\n<title>My Hero Academia 32 (Kohei Horikoshi) | Colossal Store<\/title>\n<meta name=\"description\" content=\"My Hero Academia 32 (Kohei Horikoshi): Todos los presos fugados de distintas prisiones est\u00e1n campando a sus anchas por las ciudades. Izuku, que est\u00e1 d\u00e1ndolo todo junto a los mejores h\u00e9roes nacionales, est\u00e1 agotando sus fuerzas, ju, ju... Hay que cargarse este mundo tan miserable en el que se hace tan dif\u00edcil vivir. \u00bfVerdad que s\u00ed, Tomura?\" \/>\n<meta name=\"robots\" content=\"index, follow, max-snippet:-1, max-image-preview:large, max-video-preview:-1\" \/>\n<link rel=\"canonical\" href=\"https:\/\/www.colossalstore.es\/en\/tienda\/manga\/my-hero-academia-no-32\/\" \/>\n<meta property=\"og:locale\" content=\"en_US\" \/>\n<meta property=\"og:type\" content=\"article\" \/>\n<meta property=\"og:title\" content=\"My Hero Academia 32 (Kohei Horikoshi) | Colossal Store\" \/>\n<meta property=\"og:description\" content=\"My Hero Academia 32 (Kohei Horikoshi): Todos los presos fugados de distintas prisiones est\u00e1n campando a sus anchas por las ciudades. Izuku, que est\u00e1 d\u00e1ndolo todo junto a los mejores h\u00e9roes nacionales, est\u00e1 agotando sus fuerzas, ju, ju... Hay que cargarse este mundo tan miserable en el que se hace tan dif\u00edcil vivir. \u00bfVerdad que s\u00ed, Tomura?\" \/>\n<meta property=\"og:url\" content=\"https:\/\/www.colossalstore.es\/en\/tienda\/manga\/my-hero-academia-no-32\/\" \/>\n<meta property=\"og:site_name\" content=\"Colossal Store\" \/>\n<meta property=\"article:modified_time\" content=\"2025-09-24T10:52:39+00:00\" \/>\n<meta property=\"og:image\" content=\"https:\/\/www.colossalstore.es\/wp-content\/uploads\/2023\/02\/00106580251038____1__640x640.webp\" \/>\n\t<meta property=\"og:image:width\" content=\"640\" \/>\n\t<meta property=\"og:image:height\" content=\"640\" \/>\n\t<meta property=\"og:image:type\" content=\"image\/webp\" \/>\n<meta name=\"twitter:card\" content=\"summary_large_image\" \/>\n<meta name=\"twitter:site\" content=\"@Colossal_Store\" \/>\n<meta name=\"twitter:label1\" content=\"Est. reading time\" \/>\n\t<meta name=\"twitter:data1\" content=\"1 minute\" \/>\n<script type=\"application\/ld+json\" class=\"yoast-schema-graph\">{\"@context\":\"https:\/\/schema.org\",\"@graph\":[{\"@type\":\"WebPage\",\"@id\":\"https:\/\/www.colossalstore.es\/tienda\/manga\/my-hero-academia-no-32\/\",\"url\":\"https:\/\/www.colossalstore.es\/tienda\/manga\/my-hero-academia-no-32\/\",\"name\":\"My Hero Academia 32 (Kohei Horikoshi) | Colossal Store\",\"isPartOf\":{\"@id\":\"https:\/\/www.colossalstore.es\/#website\"},\"primaryImageOfPage\":{\"@id\":\"https:\/\/www.colossalstore.es\/tienda\/manga\/my-hero-academia-no-32\/#primaryimage\"},\"image\":{\"@id\":\"https:\/\/www.colossalstore.es\/tienda\/manga\/my-hero-academia-no-32\/#primaryimage\"},\"thumbnailUrl\":\"https:\/\/www.colossalstore.es\/wp-content\/uploads\/2023\/02\/00106580251038____1__640x640.webp\",\"datePublished\":\"2023-02-22T19:18:09+00:00\",\"dateModified\":\"2025-09-24T10:52:39+00:00\",\"description\":\"My Hero Academia 32 (Kohei Horikoshi): Todos los presos fugados de distintas prisiones est\u00e1n campando a sus anchas por las ciudades. Izuku, que est\u00e1 d\u00e1ndolo todo junto a los mejores h\u00e9roes nacionales, est\u00e1 agotando sus fuerzas, ju, ju... Hay que cargarse este mundo tan miserable en el que se hace tan dif\u00edcil vivir. \u00bfVerdad que s\u00ed, Tomura?\",\"breadcrumb\":{\"@id\":\"https:\/\/www.colossalstore.es\/tienda\/manga\/my-hero-academia-no-32\/#breadcrumb\"},\"inLanguage\":\"en-US\",\"potentialAction\":[{\"@type\":\"ReadAction\",\"target\":[\"https:\/\/www.colossalstore.es\/tienda\/manga\/my-hero-academia-no-32\/\"]}]},{\"@type\":\"ImageObject\",\"inLanguage\":\"en-US\",\"@id\":\"https:\/\/www.colossalstore.es\/tienda\/manga\/my-hero-academia-no-32\/#primaryimage\",\"url\":\"https:\/\/www.colossalstore.es\/wp-content\/uploads\/2023\/02\/00106580251038____1__640x640.webp\",\"contentUrl\":\"https:\/\/www.colossalstore.es\/wp-content\/uploads\/2023\/02\/00106580251038____1__640x640.webp\",\"width\":640,\"height\":640},{\"@type\":\"BreadcrumbList\",\"@id\":\"https:\/\/www.colossalstore.es\/tienda\/manga\/my-hero-academia-no-32\/#breadcrumb\",\"itemListElement\":[{\"@type\":\"ListItem\",\"position\":1,\"name\":\"Home\",\"item\":\"https:\/\/www.colossalstore.es\/\"},{\"@type\":\"ListItem\",\"position\":2,\"name\":\"Tienda\",\"item\":\"https:\/\/www.colossalstore.es\/tienda\/\"},{\"@type\":\"ListItem\",\"position\":3,\"name\":\"MY HERO ACADEMIA 32\"}]},{\"@type\":\"WebSite\",\"@id\":\"https:\/\/www.colossalstore.es\/#website\",\"url\":\"https:\/\/www.colossalstore.es\/\",\"name\":\"Colossal Store\",\"description\":\"Colossal Store, tienda especializada en TCGs.\",\"publisher\":{\"@id\":\"https:\/\/www.colossalstore.es\/#organization\"},\"alternateName\":\"Colossal Store\",\"potentialAction\":[{\"@type\":\"SearchAction\",\"target\":{\"@type\":\"EntryPoint\",\"urlTemplate\":\"https:\/\/www.colossalstore.es\/?s={search_term_string}\"},\"query-input\":{\"@type\":\"PropertyValueSpecification\",\"valueRequired\":true,\"valueName\":\"search_term_string\"}}],\"inLanguage\":\"en-US\"},{\"@type\":\"Organization\",\"@id\":\"https:\/\/www.colossalstore.es\/#organization\",\"name\":\"Colossal Store\",\"url\":\"https:\/\/www.colossalstore.es\/\",\"logo\":{\"@type\":\"ImageObject\",\"inLanguage\":\"en-US\",\"@id\":\"https:\/\/www.colossalstore.es\/#\/schema\/logo\/image\/\",\"url\":\"https:\/\/www.colossalstore.es\/wp-content\/uploads\/2023\/05\/Colossal_Logo-02.png\",\"contentUrl\":\"https:\/\/www.colossalstore.es\/wp-content\/uploads\/2023\/05\/Colossal_Logo-02.png\",\"width\":1181,\"height\":1181,\"caption\":\"Colossal Store\"},\"image\":{\"@id\":\"https:\/\/www.colossalstore.es\/#\/schema\/logo\/image\/\"},\"sameAs\":[\"https:\/\/x.com\/Colossal_Store\",\"https:\/\/www.instagram.com\/colossal_store_tcg\/\",\"https:\/\/www.tiktok.com\/@colossalstore\"]}]}<\/script>\n<!-- \/ Yoast SEO plugin. -->","yoast_head_json":{"title":"My Hero Academia 32 (Kohei Horikoshi) | Colossal Store","description":"My Hero Academia 32 (Kohei Horikoshi): Todos los presos fugados de distintas prisiones est\u00e1n campando a sus anchas por las ciudades. Izuku, que est\u00e1 d\u00e1ndolo todo junto a los mejores h\u00e9roes nacionales, est\u00e1 agotando sus fuerzas, ju, ju... Hay que cargarse este mundo tan miserable en el que se hace tan dif\u00edcil vivir. \u00bfVerdad que s\u00ed, Tomura?","robots":{"index":"index","follow":"follow","max-snippet":"max-snippet:-1","max-image-preview":"max-image-preview:large","max-video-preview":"max-video-preview:-1"},"canonical":"https:\/\/www.colossalstore.es\/en\/tienda\/manga\/my-hero-academia-no-32\/","og_locale":"en_US","og_type":"article","og_title":"My Hero Academia 32 (Kohei Horikoshi) | Colossal Store","og_description":"My Hero Academia 32 (Kohei Horikoshi): Todos los presos fugados de distintas prisiones est\u00e1n campando a sus anchas por las ciudades. Izuku, que est\u00e1 d\u00e1ndolo todo junto a los mejores h\u00e9roes nacionales, est\u00e1 agotando sus fuerzas, ju, ju... Hay que cargarse este mundo tan miserable en el que se hace tan dif\u00edcil vivir. \u00bfVerdad que s\u00ed, Tomura?","og_url":"https:\/\/www.colossalstore.es\/en\/tienda\/manga\/my-hero-academia-no-32\/","og_site_name":"Colossal Store","article_modified_time":"2025-09-24T10:52:39+00:00","og_image":[{"width":640,"height":640,"url":"https:\/\/www.colossalstore.es\/wp-content\/uploads\/2023\/02\/00106580251038____1__640x640.webp","type":"image\/webp"}],"twitter_card":"summary_large_image","twitter_site":"@Colossal_Store","twitter_misc":{"Est. reading time":"1 minute"},"schema":{"@context":"https:\/\/schema.org","@graph":[{"@type":"WebPage","@id":"https:\/\/www.colossalstore.es\/tienda\/manga\/my-hero-academia-no-32\/","url":"https:\/\/www.colossalstore.es\/tienda\/manga\/my-hero-academia-no-32\/","name":"My Hero Academia 32 (Kohei Horikoshi) | Colossal Store","isPartOf":{"@id":"https:\/\/www.colossalstore.es\/#website"},"primaryImageOfPage":{"@id":"https:\/\/www.colossalstore.es\/tienda\/manga\/my-hero-academia-no-32\/#primaryimage"},"image":{"@id":"https:\/\/www.colossalstore.es\/tienda\/manga\/my-hero-academia-no-32\/#primaryimage"},"thumbnailUrl":"https:\/\/www.colossalstore.es\/wp-content\/uploads\/2023\/02\/00106580251038____1__640x640.webp","datePublished":"2023-02-22T19:18:09+00:00","dateModified":"2025-09-24T10:52:39+00:00","description":"My Hero Academia 32 (Kohei Horikoshi): Todos los presos fugados de distintas prisiones est\u00e1n campando a sus anchas por las ciudades. Izuku, que est\u00e1 d\u00e1ndolo todo junto a los mejores h\u00e9roes nacionales, est\u00e1 agotando sus fuerzas, ju, ju... Hay que cargarse este mundo tan miserable en el que se hace tan dif\u00edcil vivir. \u00bfVerdad que s\u00ed, Tomura?","breadcrumb":{"@id":"https:\/\/www.colossalstore.es\/tienda\/manga\/my-hero-academia-no-32\/#breadcrumb"},"inLanguage":"en-US","potentialAction":[{"@type":"ReadAction","target":["https:\/\/www.colossalstore.es\/tienda\/manga\/my-hero-academia-no-32\/"]}]},{"@type":"ImageObject","inLanguage":"en-US","@id":"https:\/\/www.colossalstore.es\/tienda\/manga\/my-hero-academia-no-32\/#primaryimage","url":"https:\/\/www.colossalstore.es\/wp-content\/uploads\/2023\/02\/00106580251038____1__640x640.webp","contentUrl":"https:\/\/www.colossalstore.es\/wp-content\/uploads\/2023\/02\/00106580251038____1__640x640.webp","width":640,"height":640},{"@type":"BreadcrumbList","@id":"https:\/\/www.colossalstore.es\/tienda\/manga\/my-hero-academia-no-32\/#breadcrumb","itemListElement":[{"@type":"ListItem","position":1,"name":"Home","item":"https:\/\/www.colossalstore.es\/"},{"@type":"ListItem","position":2,"name":"Tienda","item":"https:\/\/www.colossalstore.es\/tienda\/"},{"@type":"ListItem","position":3,"name":"MY HERO ACADEMIA 32"}]},{"@type":"WebSite","@id":"https:\/\/www.colossalstore.es\/#website","url":"https:\/\/www.colossalstore.es\/","name":"Colossal Store","description":"Colossal Store, store specialized in TCGs.","publisher":{"@id":"https:\/\/www.colossalstore.es\/#organization"},"alternateName":"Colossal Store","potentialAction":[{"@type":"SearchAction","target":{"@type":"EntryPoint","urlTemplate":"https:\/\/www.colossalstore.es\/?s={search_term_string}"},"query-input":{"@type":"PropertyValueSpecification","valueRequired":true,"valueName":"search_term_string"}}],"inLanguage":"en-US"},{"@type":"Organization","@id":"https:\/\/www.colossalstore.es\/#organization","name":"Colossal Store","url":"https:\/\/www.colossalstore.es\/","logo":{"@type":"ImageObject","inLanguage":"en-US","@id":"https:\/\/www.colossalstore.es\/#\/schema\/logo\/image\/","url":"https:\/\/www.colossalstore.es\/wp-content\/uploads\/2023\/05\/Colossal_Logo-02.png","contentUrl":"https:\/\/www.colossalstore.es\/wp-content\/uploads\/2023\/05\/Colossal_Logo-02.png","width":1181,"height":1181,"caption":"Colossal Store"},"image":{"@id":"https:\/\/www.colossalstore.es\/#\/schema\/logo\/image\/"},"sameAs":["https:\/\/x.com\/Colossal_Store","https:\/\/www.instagram.com\/colossal_store_tcg\/","https:\/\/www.tiktok.com\/@colossalstore"]}]}},"_links":{"self":[{"href":"https:\/\/www.colossalstore.es\/en\/wp-json\/wp\/v2\/product\/4119","targetHints":{"allow":["GET"]}}],"collection":[{"href":"https:\/\/www.colossalstore.es\/en\/wp-json\/wp\/v2\/product"}],"about":[{"href":"https:\/\/www.colossalstore.es\/en\/wp-json\/wp\/v2\/types\/product"}],"replies":[{"embeddable":true,"href":"https:\/\/www.colossalstore.es\/en\/wp-json\/wp\/v2\/comments?post=4119"}],"wp:featuredmedia":[{"embeddable":true,"href":"https:\/\/www.colossalstore.es\/en\/wp-json\/wp\/v2\/media\/4120"}],"wp:attachment":[{"href":"https:\/\/www.colossalstore.es\/en\/wp-json\/wp\/v2\/media?parent=4119"}],"wp:term":[{"taxonomy":"product_brand","embeddable":true,"href":"https:\/\/www.colossalstore.es\/en\/wp-json\/wp\/v2\/product_brand?post=4119"},{"taxonomy":"product_cat","embeddable":true,"href":"https:\/\/www.colossalstore.es\/en\/wp-json\/wp\/v2\/product_cat?post=4119"},{"taxonomy":"product_tag","embeddable":true,"href":"https:\/\/www.colossalstore.es\/en\/wp-json\/wp\/v2\/product_tag?post=4119"}],"curies":[{"name":"wp","href":"https:\/\/api.w.org\/{rel}","templated":true}]}}