{"id":4117,"date":"2023-02-22T20:15:20","date_gmt":"2023-02-22T19:15:20","guid":{"rendered":"https:\/\/www.colossalstore.es\/?post_type=product&#038;p=4117"},"modified":"2025-09-24T12:52:49","modified_gmt":"2025-09-24T10:52:49","slug":"boruto-no-16","status":"publish","type":"product","link":"https:\/\/www.colossalstore.es\/en\/tienda\/manga\/boruto-no-16\/","title":{"rendered":"BORUTO 16"},"content":{"rendered":"<p>Boruto volume 16 (Masashi Kishimoto)<\/p>\n<p>After enlisting the collaboration of Ada, possessor of an amazing ability, Code, the last \u201cshell\u201d survivor, approaches Boruto and the others. In turn, Naruto and company confirm the presence of scratches from Code&#039;s ability in the vicinity of the Leaf Village and intensify surveillance, but Kawaki idolizes Naruto and they end up in an unthinkable situation because of his actions!<\/p>","protected":false},"excerpt":{"rendered":"<p>Boruto tomo 16 (Masashi Kishimoto) Tras conseguir la colaboraci\u00f3n de Ada, poseedora de una asombrosa habilidad, Code, el \u00faltimo superviviente de \u201ccascar\u00f3n\u201d, se aproxima a Boruto y los dem\u00e1s. A su vez, Naruto y compa\u00f1\u00eda confirman la presencia de ara\u00f1azos de la habilidad de Code en las inmediaciones de la Villa de la Hoja e [&hellip;]<\/p>","protected":false},"featured_media":4118,"comment_status":"open","ping_status":"closed","template":"","meta":{"_joinchat":[]},"product_brand":[],"product_cat":[32],"product_tag":[],"class_list":{"0":"post-4117","1":"product","2":"type-product","3":"status-publish","4":"has-post-thumbnail","6":"product_cat-manga","8":"first","9":"outofstock","10":"sale","11":"taxable","12":"shipping-taxable","13":"purchasable","14":"product-type-simple"},"yoast_head":"<!-- This site is optimized with the Yoast SEO plugin v25.7 - https:\/\/yoast.com\/wordpress\/plugins\/seo\/ -->\n<title>Boruto tomo 16 (Masashi Kishimoto) | Colossal Store<\/title>\n<meta name=\"description\" content=\"Boruto tomo 16 (Masashi Kishimoto) Tras conseguir la colaboraci\u00f3n de Ada, poseedora de una asombrosa habilidad, Code, el \u00faltimo superviviente de \u201ccascar\u00f3n\u201d, se aproxima a Boruto y los dem\u00e1s. A su vez, Naruto y compa\u00f1\u00eda confirman la presencia de ara\u00f1azos de la habilidad de Code en las inmediaciones de la Villa de la Hoja e intensifican la vigilancia, pero Kawaki idolatra a Naruto \u00a1y terminan en una situaci\u00f3n impensable por culpa de sus acciones!\" \/>\n<meta name=\"robots\" content=\"index, follow, max-snippet:-1, max-image-preview:large, max-video-preview:-1\" \/>\n<link rel=\"canonical\" href=\"https:\/\/www.colossalstore.es\/en\/tienda\/manga\/boruto-no-16\/\" \/>\n<meta property=\"og:locale\" content=\"en_US\" \/>\n<meta property=\"og:type\" content=\"article\" \/>\n<meta property=\"og:title\" content=\"Boruto tomo 16 (Masashi Kishimoto) | Colossal Store\" \/>\n<meta property=\"og:description\" content=\"Boruto tomo 16 (Masashi Kishimoto) Tras conseguir la colaboraci\u00f3n de Ada, poseedora de una asombrosa habilidad, Code, el \u00faltimo superviviente de \u201ccascar\u00f3n\u201d, se aproxima a Boruto y los dem\u00e1s. A su vez, Naruto y compa\u00f1\u00eda confirman la presencia de ara\u00f1azos de la habilidad de Code en las inmediaciones de la Villa de la Hoja e intensifican la vigilancia, pero Kawaki idolatra a Naruto \u00a1y terminan en una situaci\u00f3n impensable por culpa de sus acciones!\" \/>\n<meta property=\"og:url\" content=\"https:\/\/www.colossalstore.es\/en\/tienda\/manga\/boruto-no-16\/\" \/>\n<meta property=\"og:site_name\" content=\"Colossal Store\" \/>\n<meta property=\"article:modified_time\" content=\"2025-09-24T10:52:49+00:00\" \/>\n<meta property=\"og:image\" content=\"https:\/\/www.colossalstore.es\/wp-content\/uploads\/2023\/02\/9788411402132.jpg\" \/>\n\t<meta property=\"og:image:width\" content=\"229\" \/>\n\t<meta property=\"og:image:height\" content=\"361\" \/>\n\t<meta property=\"og:image:type\" content=\"image\/jpeg\" \/>\n<meta name=\"twitter:card\" content=\"summary_large_image\" \/>\n<meta name=\"twitter:site\" content=\"@Colossal_Store\" \/>\n<meta name=\"twitter:label1\" content=\"Est. reading time\" \/>\n\t<meta name=\"twitter:data1\" content=\"1 minute\" \/>\n<script type=\"application\/ld+json\" class=\"yoast-schema-graph\">{\"@context\":\"https:\/\/schema.org\",\"@graph\":[{\"@type\":\"WebPage\",\"@id\":\"https:\/\/www.colossalstore.es\/tienda\/manga\/boruto-no-16\/\",\"url\":\"https:\/\/www.colossalstore.es\/tienda\/manga\/boruto-no-16\/\",\"name\":\"Boruto tomo 16 (Masashi Kishimoto) | Colossal Store\",\"isPartOf\":{\"@id\":\"https:\/\/www.colossalstore.es\/#website\"},\"primaryImageOfPage\":{\"@id\":\"https:\/\/www.colossalstore.es\/tienda\/manga\/boruto-no-16\/#primaryimage\"},\"image\":{\"@id\":\"https:\/\/www.colossalstore.es\/tienda\/manga\/boruto-no-16\/#primaryimage\"},\"thumbnailUrl\":\"https:\/\/www.colossalstore.es\/wp-content\/uploads\/2023\/02\/9788411402132.jpg\",\"datePublished\":\"2023-02-22T19:15:20+00:00\",\"dateModified\":\"2025-09-24T10:52:49+00:00\",\"description\":\"Boruto tomo 16 (Masashi Kishimoto) Tras conseguir la colaboraci\u00f3n de Ada, poseedora de una asombrosa habilidad, Code, el \u00faltimo superviviente de \u201ccascar\u00f3n\u201d, se aproxima a Boruto y los dem\u00e1s. A su vez, Naruto y compa\u00f1\u00eda confirman la presencia de ara\u00f1azos de la habilidad de Code en las inmediaciones de la Villa de la Hoja e intensifican la vigilancia, pero Kawaki idolatra a Naruto \u00a1y terminan en una situaci\u00f3n impensable por culpa de sus acciones!\",\"breadcrumb\":{\"@id\":\"https:\/\/www.colossalstore.es\/tienda\/manga\/boruto-no-16\/#breadcrumb\"},\"inLanguage\":\"en-US\",\"potentialAction\":[{\"@type\":\"ReadAction\",\"target\":[\"https:\/\/www.colossalstore.es\/tienda\/manga\/boruto-no-16\/\"]}]},{\"@type\":\"ImageObject\",\"inLanguage\":\"en-US\",\"@id\":\"https:\/\/www.colossalstore.es\/tienda\/manga\/boruto-no-16\/#primaryimage\",\"url\":\"https:\/\/www.colossalstore.es\/wp-content\/uploads\/2023\/02\/9788411402132.jpg\",\"contentUrl\":\"https:\/\/www.colossalstore.es\/wp-content\/uploads\/2023\/02\/9788411402132.jpg\",\"width\":229,\"height\":361},{\"@type\":\"BreadcrumbList\",\"@id\":\"https:\/\/www.colossalstore.es\/tienda\/manga\/boruto-no-16\/#breadcrumb\",\"itemListElement\":[{\"@type\":\"ListItem\",\"position\":1,\"name\":\"Home\",\"item\":\"https:\/\/www.colossalstore.es\/\"},{\"@type\":\"ListItem\",\"position\":2,\"name\":\"Tienda\",\"item\":\"https:\/\/www.colossalstore.es\/tienda\/\"},{\"@type\":\"ListItem\",\"position\":3,\"name\":\"BORUTO 16\"}]},{\"@type\":\"WebSite\",\"@id\":\"https:\/\/www.colossalstore.es\/#website\",\"url\":\"https:\/\/www.colossalstore.es\/\",\"name\":\"Colossal Store\",\"description\":\"Colossal Store, tienda especializada en TCGs.\",\"publisher\":{\"@id\":\"https:\/\/www.colossalstore.es\/#organization\"},\"alternateName\":\"Colossal Store\",\"potentialAction\":[{\"@type\":\"SearchAction\",\"target\":{\"@type\":\"EntryPoint\",\"urlTemplate\":\"https:\/\/www.colossalstore.es\/?s={search_term_string}\"},\"query-input\":{\"@type\":\"PropertyValueSpecification\",\"valueRequired\":true,\"valueName\":\"search_term_string\"}}],\"inLanguage\":\"en-US\"},{\"@type\":\"Organization\",\"@id\":\"https:\/\/www.colossalstore.es\/#organization\",\"name\":\"Colossal Store\",\"url\":\"https:\/\/www.colossalstore.es\/\",\"logo\":{\"@type\":\"ImageObject\",\"inLanguage\":\"en-US\",\"@id\":\"https:\/\/www.colossalstore.es\/#\/schema\/logo\/image\/\",\"url\":\"https:\/\/www.colossalstore.es\/wp-content\/uploads\/2023\/05\/Colossal_Logo-02.png\",\"contentUrl\":\"https:\/\/www.colossalstore.es\/wp-content\/uploads\/2023\/05\/Colossal_Logo-02.png\",\"width\":1181,\"height\":1181,\"caption\":\"Colossal Store\"},\"image\":{\"@id\":\"https:\/\/www.colossalstore.es\/#\/schema\/logo\/image\/\"},\"sameAs\":[\"https:\/\/x.com\/Colossal_Store\",\"https:\/\/www.instagram.com\/colossal_store_tcg\/\",\"https:\/\/www.tiktok.com\/@colossalstore\"]}]}<\/script>\n<!-- \/ Yoast SEO plugin. -->","yoast_head_json":{"title":"Boruto tomo 16 (Masashi Kishimoto) | Colossal Store","description":"Boruto tomo 16 (Masashi Kishimoto) Tras conseguir la colaboraci\u00f3n de Ada, poseedora de una asombrosa habilidad, Code, el \u00faltimo superviviente de \u201ccascar\u00f3n\u201d, se aproxima a Boruto y los dem\u00e1s. A su vez, Naruto y compa\u00f1\u00eda confirman la presencia de ara\u00f1azos de la habilidad de Code en las inmediaciones de la Villa de la Hoja e intensifican la vigilancia, pero Kawaki idolatra a Naruto \u00a1y terminan en una situaci\u00f3n impensable por culpa de sus acciones!","robots":{"index":"index","follow":"follow","max-snippet":"max-snippet:-1","max-image-preview":"max-image-preview:large","max-video-preview":"max-video-preview:-1"},"canonical":"https:\/\/www.colossalstore.es\/en\/tienda\/manga\/boruto-no-16\/","og_locale":"en_US","og_type":"article","og_title":"Boruto tomo 16 (Masashi Kishimoto) | Colossal Store","og_description":"Boruto tomo 16 (Masashi Kishimoto) Tras conseguir la colaboraci\u00f3n de Ada, poseedora de una asombrosa habilidad, Code, el \u00faltimo superviviente de \u201ccascar\u00f3n\u201d, se aproxima a Boruto y los dem\u00e1s. A su vez, Naruto y compa\u00f1\u00eda confirman la presencia de ara\u00f1azos de la habilidad de Code en las inmediaciones de la Villa de la Hoja e intensifican la vigilancia, pero Kawaki idolatra a Naruto \u00a1y terminan en una situaci\u00f3n impensable por culpa de sus acciones!","og_url":"https:\/\/www.colossalstore.es\/en\/tienda\/manga\/boruto-no-16\/","og_site_name":"Colossal Store","article_modified_time":"2025-09-24T10:52:49+00:00","og_image":[{"width":229,"height":361,"url":"https:\/\/www.colossalstore.es\/wp-content\/uploads\/2023\/02\/9788411402132.jpg","type":"image\/jpeg"}],"twitter_card":"summary_large_image","twitter_site":"@Colossal_Store","twitter_misc":{"Est. reading time":"1 minute"},"schema":{"@context":"https:\/\/schema.org","@graph":[{"@type":"WebPage","@id":"https:\/\/www.colossalstore.es\/tienda\/manga\/boruto-no-16\/","url":"https:\/\/www.colossalstore.es\/tienda\/manga\/boruto-no-16\/","name":"Boruto tomo 16 (Masashi Kishimoto) | Colossal Store","isPartOf":{"@id":"https:\/\/www.colossalstore.es\/#website"},"primaryImageOfPage":{"@id":"https:\/\/www.colossalstore.es\/tienda\/manga\/boruto-no-16\/#primaryimage"},"image":{"@id":"https:\/\/www.colossalstore.es\/tienda\/manga\/boruto-no-16\/#primaryimage"},"thumbnailUrl":"https:\/\/www.colossalstore.es\/wp-content\/uploads\/2023\/02\/9788411402132.jpg","datePublished":"2023-02-22T19:15:20+00:00","dateModified":"2025-09-24T10:52:49+00:00","description":"Boruto tomo 16 (Masashi Kishimoto) Tras conseguir la colaboraci\u00f3n de Ada, poseedora de una asombrosa habilidad, Code, el \u00faltimo superviviente de \u201ccascar\u00f3n\u201d, se aproxima a Boruto y los dem\u00e1s. A su vez, Naruto y compa\u00f1\u00eda confirman la presencia de ara\u00f1azos de la habilidad de Code en las inmediaciones de la Villa de la Hoja e intensifican la vigilancia, pero Kawaki idolatra a Naruto \u00a1y terminan en una situaci\u00f3n impensable por culpa de sus acciones!","breadcrumb":{"@id":"https:\/\/www.colossalstore.es\/tienda\/manga\/boruto-no-16\/#breadcrumb"},"inLanguage":"en-US","potentialAction":[{"@type":"ReadAction","target":["https:\/\/www.colossalstore.es\/tienda\/manga\/boruto-no-16\/"]}]},{"@type":"ImageObject","inLanguage":"en-US","@id":"https:\/\/www.colossalstore.es\/tienda\/manga\/boruto-no-16\/#primaryimage","url":"https:\/\/www.colossalstore.es\/wp-content\/uploads\/2023\/02\/9788411402132.jpg","contentUrl":"https:\/\/www.colossalstore.es\/wp-content\/uploads\/2023\/02\/9788411402132.jpg","width":229,"height":361},{"@type":"BreadcrumbList","@id":"https:\/\/www.colossalstore.es\/tienda\/manga\/boruto-no-16\/#breadcrumb","itemListElement":[{"@type":"ListItem","position":1,"name":"Home","item":"https:\/\/www.colossalstore.es\/"},{"@type":"ListItem","position":2,"name":"Tienda","item":"https:\/\/www.colossalstore.es\/tienda\/"},{"@type":"ListItem","position":3,"name":"BORUTO 16"}]},{"@type":"WebSite","@id":"https:\/\/www.colossalstore.es\/#website","url":"https:\/\/www.colossalstore.es\/","name":"Colossal Store","description":"Colossal Store, store specialized in TCGs.","publisher":{"@id":"https:\/\/www.colossalstore.es\/#organization"},"alternateName":"Colossal Store","potentialAction":[{"@type":"SearchAction","target":{"@type":"EntryPoint","urlTemplate":"https:\/\/www.colossalstore.es\/?s={search_term_string}"},"query-input":{"@type":"PropertyValueSpecification","valueRequired":true,"valueName":"search_term_string"}}],"inLanguage":"en-US"},{"@type":"Organization","@id":"https:\/\/www.colossalstore.es\/#organization","name":"Colossal Store","url":"https:\/\/www.colossalstore.es\/","logo":{"@type":"ImageObject","inLanguage":"en-US","@id":"https:\/\/www.colossalstore.es\/#\/schema\/logo\/image\/","url":"https:\/\/www.colossalstore.es\/wp-content\/uploads\/2023\/05\/Colossal_Logo-02.png","contentUrl":"https:\/\/www.colossalstore.es\/wp-content\/uploads\/2023\/05\/Colossal_Logo-02.png","width":1181,"height":1181,"caption":"Colossal Store"},"image":{"@id":"https:\/\/www.colossalstore.es\/#\/schema\/logo\/image\/"},"sameAs":["https:\/\/x.com\/Colossal_Store","https:\/\/www.instagram.com\/colossal_store_tcg\/","https:\/\/www.tiktok.com\/@colossalstore"]}]}},"_links":{"self":[{"href":"https:\/\/www.colossalstore.es\/en\/wp-json\/wp\/v2\/product\/4117","targetHints":{"allow":["GET"]}}],"collection":[{"href":"https:\/\/www.colossalstore.es\/en\/wp-json\/wp\/v2\/product"}],"about":[{"href":"https:\/\/www.colossalstore.es\/en\/wp-json\/wp\/v2\/types\/product"}],"replies":[{"embeddable":true,"href":"https:\/\/www.colossalstore.es\/en\/wp-json\/wp\/v2\/comments?post=4117"}],"wp:featuredmedia":[{"embeddable":true,"href":"https:\/\/www.colossalstore.es\/en\/wp-json\/wp\/v2\/media\/4118"}],"wp:attachment":[{"href":"https:\/\/www.colossalstore.es\/en\/wp-json\/wp\/v2\/media?parent=4117"}],"wp:term":[{"taxonomy":"product_brand","embeddable":true,"href":"https:\/\/www.colossalstore.es\/en\/wp-json\/wp\/v2\/product_brand?post=4117"},{"taxonomy":"product_cat","embeddable":true,"href":"https:\/\/www.colossalstore.es\/en\/wp-json\/wp\/v2\/product_cat?post=4117"},{"taxonomy":"product_tag","embeddable":true,"href":"https:\/\/www.colossalstore.es\/en\/wp-json\/wp\/v2\/product_tag?post=4117"}],"curies":[{"name":"wp","href":"https:\/\/api.w.org\/{rel}","templated":true}]}}