{"id":3639,"date":"2023-01-19T13:49:03","date_gmt":"2023-01-19T12:49:03","guid":{"rendered":"https:\/\/www.colossalstore.es\/?post_type=product&#038;p=3639"},"modified":"2025-06-20T11:18:05","modified_gmt":"2025-06-20T09:18:05","slug":"pokemon-cenit-supremo-caja-de-entrenador-elite","status":"publish","type":"product","link":"https:\/\/www.colossalstore.es\/en\/tienda\/tcg\/pokemon\/pokemon-cenit-supremo-caja-de-entrenador-elite\/","title":{"rendered":"Pok\u00e9mon \u2013 Supreme Peak \u2013 Elite Trainer Box"},"content":{"rendered":"<p>Pok\u00e9mon TCG Supreme Zenith \u2013 Elite Trainer Box<\/p>\n<p>The Elite Trainer Box\u00a0<em>Supreme Zenith<\/em>\u00a0Pok\u00e9mon TCG contains:<\/p>\n<ul class=\"list\">\n<li>10 upgrade packs\u00a0<em>Supreme Zenith<\/em>\u00a0from Pok\u00e9mon TCG<\/li>\n<li>1 x Lucario V-ASTRO holographic embossed promo card<\/li>\n<li>65 Lucario card sleeves<\/li>\n<li>45 Pok\u00e9mon TCG Energy cards<\/li>\n<li>1 player&#039;s guide to the expansion\u00a0<em>Supreme Zenith<\/em><\/li>\n<li>6 dice as damage counters<\/li>\n<li>1 coin toss die valid for legal competitions<\/li>\n<li>2 acrylic condition markers<\/li>\n<li>1 V-ASTRO acrylic marker<\/li>\n<li>1 collector&#039;s box with 4 dividers to keep everything organized<\/li>\n<li>1 code card for use in the Pok\u00e9mon TCG Online or Pok\u00e9mon TCG Live<\/li>\n<\/ul>","protected":false},"excerpt":{"rendered":"<p>Pok\u00e9mon TCG Cenit Supremo &#8211; Caja de entrenador \u00e9lite La Caja de Entrenador \u00c9lite de\u00a0Cenit Supremo\u00a0de JCC Pok\u00e9mon contiene: 10 paquetes de mejora de\u00a0Cenit Supremo\u00a0de JCC Pok\u00e9mon 1 carta hologr\u00e1fica de promoci\u00f3n grabada en relieve de Lucario V-ASTRO 65 fundas para cartas de Lucario 45 cartas de Energ\u00eda de JCC Pok\u00e9mon 1 gu\u00eda para jugadores [&hellip;]<\/p>","protected":false},"featured_media":3640,"comment_status":"open","ping_status":"closed","template":"","meta":{"_joinchat":[]},"product_brand":[],"product_cat":[49,34],"product_tag":[],"class_list":{"0":"post-3639","1":"product","2":"type-product","3":"status-publish","4":"has-post-thumbnail","6":"product_cat-pokemon","7":"product_cat-tcg","9":"first","10":"outofstock","11":"taxable","12":"shipping-taxable","13":"purchasable","14":"product-type-simple"},"yoast_head":"<!-- This site is optimized with the Yoast SEO plugin v25.7 - https:\/\/yoast.com\/wordpress\/plugins\/seo\/ -->\n<title>Pok\u00e9mon TCG Cenit Supremo - Caja de entrenador \u00e9lite | Colossal Store<\/title>\n<meta name=\"description\" content=\"Pok\u00e9mon TCG Cenit Supremo - Caja de entrenador \u00e9lite: La Caja de Entrenador \u00c9lite de\u00a0Cenit Supremo\u00a0de JCC Pok\u00e9mon contiene:10 paquetes de mejora de\u00a0Cenit Supremo\u00a0de JCC Pok\u00e9mon1 carta hologr\u00e1fica de promoci\u00f3n grabada en relieve de Lucario V-ASTRO65 fundas para cartas de Lucario45 cartas de Energ\u00eda de JCC Pok\u00e9mon1 gu\u00eda para jugadores de la expansi\u00f3n\u00a0Cenit Supremo6 dados a modo de contadores de da\u00f1o1 dado para lanzamiento de moneda v\u00e1lido para competiciones legales2 marcadores de condici\u00f3n acr\u00edlicos1 marcador V-ASTRO acr\u00edlico1 caja de coleccionista con 4 divisores para guardarlo todo de forma organizada1 carta con c\u00f3digo para usar en JCC Pok\u00e9mon Online o en JCC Pok\u00e9mon Live\" \/>\n<meta name=\"robots\" content=\"index, follow, max-snippet:-1, max-image-preview:large, max-video-preview:-1\" \/>\n<link rel=\"canonical\" href=\"https:\/\/www.colossalstore.es\/en\/tienda\/tcg\/pokemon\/pokemon-cenit-supremo-caja-de-entrenador-elite\/\" \/>\n<meta property=\"og:locale\" content=\"en_US\" \/>\n<meta property=\"og:type\" content=\"article\" \/>\n<meta property=\"og:title\" content=\"Pok\u00e9mon TCG Cenit Supremo - Caja de entrenador \u00e9lite | Colossal Store\" \/>\n<meta property=\"og:description\" content=\"Pok\u00e9mon TCG Cenit Supremo - Caja de entrenador \u00e9lite: La Caja de Entrenador \u00c9lite de\u00a0Cenit Supremo\u00a0de JCC Pok\u00e9mon contiene:10 paquetes de mejora de\u00a0Cenit Supremo\u00a0de JCC Pok\u00e9mon1 carta hologr\u00e1fica de promoci\u00f3n grabada en relieve de Lucario V-ASTRO65 fundas para cartas de Lucario45 cartas de Energ\u00eda de JCC Pok\u00e9mon1 gu\u00eda para jugadores de la expansi\u00f3n\u00a0Cenit Supremo6 dados a modo de contadores de da\u00f1o1 dado para lanzamiento de moneda v\u00e1lido para competiciones legales2 marcadores de condici\u00f3n acr\u00edlicos1 marcador V-ASTRO acr\u00edlico1 caja de coleccionista con 4 divisores para guardarlo todo de forma organizada1 carta con c\u00f3digo para usar en JCC Pok\u00e9mon Online o en JCC Pok\u00e9mon Live\" \/>\n<meta property=\"og:url\" content=\"https:\/\/www.colossalstore.es\/en\/tienda\/tcg\/pokemon\/pokemon-cenit-supremo-caja-de-entrenador-elite\/\" \/>\n<meta property=\"og:site_name\" content=\"Colossal Store\" \/>\n<meta property=\"article:modified_time\" content=\"2025-06-20T09:18:05+00:00\" \/>\n<meta property=\"og:image\" content=\"https:\/\/www.colossalstore.es\/wp-content\/uploads\/2023\/01\/preventa-pokemon-elite-trainer-box-cenit-supremo-esp.png\" \/>\n\t<meta property=\"og:image:width\" content=\"381\" \/>\n\t<meta property=\"og:image:height\" content=\"492\" \/>\n\t<meta property=\"og:image:type\" content=\"image\/png\" \/>\n<meta name=\"twitter:card\" content=\"summary_large_image\" \/>\n<meta name=\"twitter:site\" content=\"@Colossal_Store\" \/>\n<meta name=\"twitter:label1\" content=\"Est. reading time\" \/>\n\t<meta name=\"twitter:data1\" content=\"1 minute\" \/>\n<script type=\"application\/ld+json\" class=\"yoast-schema-graph\">{\"@context\":\"https:\/\/schema.org\",\"@graph\":[{\"@type\":\"WebPage\",\"@id\":\"https:\/\/www.colossalstore.es\/tienda\/tcg\/pokemon\/pokemon-cenit-supremo-caja-de-entrenador-elite\/\",\"url\":\"https:\/\/www.colossalstore.es\/tienda\/tcg\/pokemon\/pokemon-cenit-supremo-caja-de-entrenador-elite\/\",\"name\":\"Pok\u00e9mon TCG Cenit Supremo - Caja de entrenador \u00e9lite | Colossal Store\",\"isPartOf\":{\"@id\":\"https:\/\/www.colossalstore.es\/#website\"},\"primaryImageOfPage\":{\"@id\":\"https:\/\/www.colossalstore.es\/tienda\/tcg\/pokemon\/pokemon-cenit-supremo-caja-de-entrenador-elite\/#primaryimage\"},\"image\":{\"@id\":\"https:\/\/www.colossalstore.es\/tienda\/tcg\/pokemon\/pokemon-cenit-supremo-caja-de-entrenador-elite\/#primaryimage\"},\"thumbnailUrl\":\"https:\/\/www.colossalstore.es\/wp-content\/uploads\/2023\/01\/preventa-pokemon-elite-trainer-box-cenit-supremo-esp.png\",\"datePublished\":\"2023-01-19T12:49:03+00:00\",\"dateModified\":\"2025-06-20T09:18:05+00:00\",\"description\":\"Pok\u00e9mon TCG Cenit Supremo - Caja de entrenador \u00e9lite: La Caja de Entrenador \u00c9lite de\u00a0Cenit Supremo\u00a0de JCC Pok\u00e9mon contiene:10 paquetes de mejora de\u00a0Cenit Supremo\u00a0de JCC Pok\u00e9mon1 carta hologr\u00e1fica de promoci\u00f3n grabada en relieve de Lucario V-ASTRO65 fundas para cartas de Lucario45 cartas de Energ\u00eda de JCC Pok\u00e9mon1 gu\u00eda para jugadores de la expansi\u00f3n\u00a0Cenit Supremo6 dados a modo de contadores de da\u00f1o1 dado para lanzamiento de moneda v\u00e1lido para competiciones legales2 marcadores de condici\u00f3n acr\u00edlicos1 marcador V-ASTRO acr\u00edlico1 caja de coleccionista con 4 divisores para guardarlo todo de forma organizada1 carta con c\u00f3digo para usar en JCC Pok\u00e9mon Online o en JCC Pok\u00e9mon Live\",\"breadcrumb\":{\"@id\":\"https:\/\/www.colossalstore.es\/tienda\/tcg\/pokemon\/pokemon-cenit-supremo-caja-de-entrenador-elite\/#breadcrumb\"},\"inLanguage\":\"en-US\",\"potentialAction\":[{\"@type\":\"ReadAction\",\"target\":[\"https:\/\/www.colossalstore.es\/tienda\/tcg\/pokemon\/pokemon-cenit-supremo-caja-de-entrenador-elite\/\"]}]},{\"@type\":\"ImageObject\",\"inLanguage\":\"en-US\",\"@id\":\"https:\/\/www.colossalstore.es\/tienda\/tcg\/pokemon\/pokemon-cenit-supremo-caja-de-entrenador-elite\/#primaryimage\",\"url\":\"https:\/\/www.colossalstore.es\/wp-content\/uploads\/2023\/01\/preventa-pokemon-elite-trainer-box-cenit-supremo-esp.png\",\"contentUrl\":\"https:\/\/www.colossalstore.es\/wp-content\/uploads\/2023\/01\/preventa-pokemon-elite-trainer-box-cenit-supremo-esp.png\",\"width\":381,\"height\":492},{\"@type\":\"BreadcrumbList\",\"@id\":\"https:\/\/www.colossalstore.es\/tienda\/tcg\/pokemon\/pokemon-cenit-supremo-caja-de-entrenador-elite\/#breadcrumb\",\"itemListElement\":[{\"@type\":\"ListItem\",\"position\":1,\"name\":\"Home\",\"item\":\"https:\/\/www.colossalstore.es\/\"},{\"@type\":\"ListItem\",\"position\":2,\"name\":\"Tienda\",\"item\":\"https:\/\/www.colossalstore.es\/tienda\/\"},{\"@type\":\"ListItem\",\"position\":3,\"name\":\"Pok\u00e9mon &#8211; Cenit Supremo &#8211; Caja de entrenador \u00e9lite\"}]},{\"@type\":\"WebSite\",\"@id\":\"https:\/\/www.colossalstore.es\/#website\",\"url\":\"https:\/\/www.colossalstore.es\/\",\"name\":\"Colossal Store\",\"description\":\"Colossal Store, tienda especializada en TCGs.\",\"publisher\":{\"@id\":\"https:\/\/www.colossalstore.es\/#organization\"},\"alternateName\":\"Colossal Store\",\"potentialAction\":[{\"@type\":\"SearchAction\",\"target\":{\"@type\":\"EntryPoint\",\"urlTemplate\":\"https:\/\/www.colossalstore.es\/?s={search_term_string}\"},\"query-input\":{\"@type\":\"PropertyValueSpecification\",\"valueRequired\":true,\"valueName\":\"search_term_string\"}}],\"inLanguage\":\"en-US\"},{\"@type\":\"Organization\",\"@id\":\"https:\/\/www.colossalstore.es\/#organization\",\"name\":\"Colossal Store\",\"url\":\"https:\/\/www.colossalstore.es\/\",\"logo\":{\"@type\":\"ImageObject\",\"inLanguage\":\"en-US\",\"@id\":\"https:\/\/www.colossalstore.es\/#\/schema\/logo\/image\/\",\"url\":\"https:\/\/www.colossalstore.es\/wp-content\/uploads\/2023\/05\/Colossal_Logo-02.png\",\"contentUrl\":\"https:\/\/www.colossalstore.es\/wp-content\/uploads\/2023\/05\/Colossal_Logo-02.png\",\"width\":1181,\"height\":1181,\"caption\":\"Colossal Store\"},\"image\":{\"@id\":\"https:\/\/www.colossalstore.es\/#\/schema\/logo\/image\/\"},\"sameAs\":[\"https:\/\/x.com\/Colossal_Store\",\"https:\/\/www.instagram.com\/colossal_store_tcg\/\",\"https:\/\/www.tiktok.com\/@colossalstore\"]}]}<\/script>\n<!-- \/ Yoast SEO plugin. -->","yoast_head_json":{"title":"Pok\u00e9mon TCG Cenit Supremo - Caja de entrenador \u00e9lite | Colossal Store","description":"Pok\u00e9mon TCG Cenit Supremo - Caja de entrenador \u00e9lite: La Caja de Entrenador \u00c9lite de\u00a0Cenit Supremo\u00a0de JCC Pok\u00e9mon contiene:10 paquetes de mejora de\u00a0Cenit Supremo\u00a0de JCC Pok\u00e9mon1 carta hologr\u00e1fica de promoci\u00f3n grabada en relieve de Lucario V-ASTRO65 fundas para cartas de Lucario45 cartas de Energ\u00eda de JCC Pok\u00e9mon1 gu\u00eda para jugadores de la expansi\u00f3n\u00a0Cenit Supremo6 dados a modo de contadores de da\u00f1o1 dado para lanzamiento de moneda v\u00e1lido para competiciones legales2 marcadores de condici\u00f3n acr\u00edlicos1 marcador V-ASTRO acr\u00edlico1 caja de coleccionista con 4 divisores para guardarlo todo de forma organizada1 carta con c\u00f3digo para usar en JCC Pok\u00e9mon Online o en JCC Pok\u00e9mon Live","robots":{"index":"index","follow":"follow","max-snippet":"max-snippet:-1","max-image-preview":"max-image-preview:large","max-video-preview":"max-video-preview:-1"},"canonical":"https:\/\/www.colossalstore.es\/en\/tienda\/tcg\/pokemon\/pokemon-cenit-supremo-caja-de-entrenador-elite\/","og_locale":"en_US","og_type":"article","og_title":"Pok\u00e9mon TCG Cenit Supremo - Caja de entrenador \u00e9lite | Colossal Store","og_description":"Pok\u00e9mon TCG Cenit Supremo - Caja de entrenador \u00e9lite: La Caja de Entrenador \u00c9lite de\u00a0Cenit Supremo\u00a0de JCC Pok\u00e9mon contiene:10 paquetes de mejora de\u00a0Cenit Supremo\u00a0de JCC Pok\u00e9mon1 carta hologr\u00e1fica de promoci\u00f3n grabada en relieve de Lucario V-ASTRO65 fundas para cartas de Lucario45 cartas de Energ\u00eda de JCC Pok\u00e9mon1 gu\u00eda para jugadores de la expansi\u00f3n\u00a0Cenit Supremo6 dados a modo de contadores de da\u00f1o1 dado para lanzamiento de moneda v\u00e1lido para competiciones legales2 marcadores de condici\u00f3n acr\u00edlicos1 marcador V-ASTRO acr\u00edlico1 caja de coleccionista con 4 divisores para guardarlo todo de forma organizada1 carta con c\u00f3digo para usar en JCC Pok\u00e9mon Online o en JCC Pok\u00e9mon Live","og_url":"https:\/\/www.colossalstore.es\/en\/tienda\/tcg\/pokemon\/pokemon-cenit-supremo-caja-de-entrenador-elite\/","og_site_name":"Colossal Store","article_modified_time":"2025-06-20T09:18:05+00:00","og_image":[{"width":381,"height":492,"url":"https:\/\/www.colossalstore.es\/wp-content\/uploads\/2023\/01\/preventa-pokemon-elite-trainer-box-cenit-supremo-esp.png","type":"image\/png"}],"twitter_card":"summary_large_image","twitter_site":"@Colossal_Store","twitter_misc":{"Est. reading time":"1 minute"},"schema":{"@context":"https:\/\/schema.org","@graph":[{"@type":"WebPage","@id":"https:\/\/www.colossalstore.es\/tienda\/tcg\/pokemon\/pokemon-cenit-supremo-caja-de-entrenador-elite\/","url":"https:\/\/www.colossalstore.es\/tienda\/tcg\/pokemon\/pokemon-cenit-supremo-caja-de-entrenador-elite\/","name":"Pok\u00e9mon TCG Cenit Supremo - Caja de entrenador \u00e9lite | Colossal Store","isPartOf":{"@id":"https:\/\/www.colossalstore.es\/#website"},"primaryImageOfPage":{"@id":"https:\/\/www.colossalstore.es\/tienda\/tcg\/pokemon\/pokemon-cenit-supremo-caja-de-entrenador-elite\/#primaryimage"},"image":{"@id":"https:\/\/www.colossalstore.es\/tienda\/tcg\/pokemon\/pokemon-cenit-supremo-caja-de-entrenador-elite\/#primaryimage"},"thumbnailUrl":"https:\/\/www.colossalstore.es\/wp-content\/uploads\/2023\/01\/preventa-pokemon-elite-trainer-box-cenit-supremo-esp.png","datePublished":"2023-01-19T12:49:03+00:00","dateModified":"2025-06-20T09:18:05+00:00","description":"Pok\u00e9mon TCG Cenit Supremo - Caja de entrenador \u00e9lite: La Caja de Entrenador \u00c9lite de\u00a0Cenit Supremo\u00a0de JCC Pok\u00e9mon contiene:10 paquetes de mejora de\u00a0Cenit Supremo\u00a0de JCC Pok\u00e9mon1 carta hologr\u00e1fica de promoci\u00f3n grabada en relieve de Lucario V-ASTRO65 fundas para cartas de Lucario45 cartas de Energ\u00eda de JCC Pok\u00e9mon1 gu\u00eda para jugadores de la expansi\u00f3n\u00a0Cenit Supremo6 dados a modo de contadores de da\u00f1o1 dado para lanzamiento de moneda v\u00e1lido para competiciones legales2 marcadores de condici\u00f3n acr\u00edlicos1 marcador V-ASTRO acr\u00edlico1 caja de coleccionista con 4 divisores para guardarlo todo de forma organizada1 carta con c\u00f3digo para usar en JCC Pok\u00e9mon Online o en JCC Pok\u00e9mon Live","breadcrumb":{"@id":"https:\/\/www.colossalstore.es\/tienda\/tcg\/pokemon\/pokemon-cenit-supremo-caja-de-entrenador-elite\/#breadcrumb"},"inLanguage":"en-US","potentialAction":[{"@type":"ReadAction","target":["https:\/\/www.colossalstore.es\/tienda\/tcg\/pokemon\/pokemon-cenit-supremo-caja-de-entrenador-elite\/"]}]},{"@type":"ImageObject","inLanguage":"en-US","@id":"https:\/\/www.colossalstore.es\/tienda\/tcg\/pokemon\/pokemon-cenit-supremo-caja-de-entrenador-elite\/#primaryimage","url":"https:\/\/www.colossalstore.es\/wp-content\/uploads\/2023\/01\/preventa-pokemon-elite-trainer-box-cenit-supremo-esp.png","contentUrl":"https:\/\/www.colossalstore.es\/wp-content\/uploads\/2023\/01\/preventa-pokemon-elite-trainer-box-cenit-supremo-esp.png","width":381,"height":492},{"@type":"BreadcrumbList","@id":"https:\/\/www.colossalstore.es\/tienda\/tcg\/pokemon\/pokemon-cenit-supremo-caja-de-entrenador-elite\/#breadcrumb","itemListElement":[{"@type":"ListItem","position":1,"name":"Home","item":"https:\/\/www.colossalstore.es\/"},{"@type":"ListItem","position":2,"name":"Tienda","item":"https:\/\/www.colossalstore.es\/tienda\/"},{"@type":"ListItem","position":3,"name":"Pok\u00e9mon &#8211; Cenit Supremo &#8211; Caja de entrenador \u00e9lite"}]},{"@type":"WebSite","@id":"https:\/\/www.colossalstore.es\/#website","url":"https:\/\/www.colossalstore.es\/","name":"Colossal Store","description":"Colossal Store, store specialized in TCGs.","publisher":{"@id":"https:\/\/www.colossalstore.es\/#organization"},"alternateName":"Colossal Store","potentialAction":[{"@type":"SearchAction","target":{"@type":"EntryPoint","urlTemplate":"https:\/\/www.colossalstore.es\/?s={search_term_string}"},"query-input":{"@type":"PropertyValueSpecification","valueRequired":true,"valueName":"search_term_string"}}],"inLanguage":"en-US"},{"@type":"Organization","@id":"https:\/\/www.colossalstore.es\/#organization","name":"Colossal Store","url":"https:\/\/www.colossalstore.es\/","logo":{"@type":"ImageObject","inLanguage":"en-US","@id":"https:\/\/www.colossalstore.es\/#\/schema\/logo\/image\/","url":"https:\/\/www.colossalstore.es\/wp-content\/uploads\/2023\/05\/Colossal_Logo-02.png","contentUrl":"https:\/\/www.colossalstore.es\/wp-content\/uploads\/2023\/05\/Colossal_Logo-02.png","width":1181,"height":1181,"caption":"Colossal Store"},"image":{"@id":"https:\/\/www.colossalstore.es\/#\/schema\/logo\/image\/"},"sameAs":["https:\/\/x.com\/Colossal_Store","https:\/\/www.instagram.com\/colossal_store_tcg\/","https:\/\/www.tiktok.com\/@colossalstore"]}]}},"_links":{"self":[{"href":"https:\/\/www.colossalstore.es\/en\/wp-json\/wp\/v2\/product\/3639","targetHints":{"allow":["GET"]}}],"collection":[{"href":"https:\/\/www.colossalstore.es\/en\/wp-json\/wp\/v2\/product"}],"about":[{"href":"https:\/\/www.colossalstore.es\/en\/wp-json\/wp\/v2\/types\/product"}],"replies":[{"embeddable":true,"href":"https:\/\/www.colossalstore.es\/en\/wp-json\/wp\/v2\/comments?post=3639"}],"wp:featuredmedia":[{"embeddable":true,"href":"https:\/\/www.colossalstore.es\/en\/wp-json\/wp\/v2\/media\/3640"}],"wp:attachment":[{"href":"https:\/\/www.colossalstore.es\/en\/wp-json\/wp\/v2\/media?parent=3639"}],"wp:term":[{"taxonomy":"product_brand","embeddable":true,"href":"https:\/\/www.colossalstore.es\/en\/wp-json\/wp\/v2\/product_brand?post=3639"},{"taxonomy":"product_cat","embeddable":true,"href":"https:\/\/www.colossalstore.es\/en\/wp-json\/wp\/v2\/product_cat?post=3639"},{"taxonomy":"product_tag","embeddable":true,"href":"https:\/\/www.colossalstore.es\/en\/wp-json\/wp\/v2\/product_tag?post=3639"}],"curies":[{"name":"wp","href":"https:\/\/api.w.org\/{rel}","templated":true}]}}