{"id":3084,"date":"2022-12-13T19:05:28","date_gmt":"2022-12-13T18:05:28","guid":{"rendered":"https:\/\/www.colossalstore.es\/?post_type=product&#038;p=3084"},"modified":"2025-06-20T11:18:06","modified_gmt":"2025-06-20T09:18:06","slug":"tokyo-revengers-11","status":"publish","type":"product","link":"https:\/\/www.colossalstore.es\/en\/tienda\/manga\/tokyo-revengers-11\/","title":{"rendered":"Tokyo Revengers 11"},"content":{"rendered":"<p>Tokyo Revengers 11 (Ken Wakui)<\/p>\n<p>After the outcome of the Kanto incident, where Takemichi and Kisaki come face to face, the Toman begins their last meeting. A little push on the back from Mikey makes Takemichi decide to abandon the past and return to the future... And that future could be the happiest version he has found so far?!<\/p>","protected":false},"excerpt":{"rendered":"<p>Tokyo Revengers 11 (Ken Wakui) Tras el desenlace del incidente de Kanto, donde Takemichi y Kisaki se enfrentan cara a cara, la Toman da comienzo a su \u00faltima reuni\u00f3n. Un peque\u00f1o empuj\u00f3n en la espalda propinado por Mikey hace que Takemichi se decida a abandonar el pasado y volver al futuro&#8230; \u00a1\u00bfY ese futuro podr\u00eda [&hellip;]<\/p>","protected":false},"featured_media":3085,"comment_status":"open","ping_status":"closed","template":"","meta":{"_joinchat":[]},"product_brand":[],"product_cat":[32],"product_tag":[],"class_list":{"0":"post-3084","1":"product","2":"type-product","3":"status-publish","4":"has-post-thumbnail","6":"product_cat-manga","8":"first","9":"outofstock","10":"sale","11":"taxable","12":"shipping-taxable","13":"purchasable","14":"product-type-simple"},"yoast_head":"<!-- This site is optimized with the Yoast SEO plugin v25.7 - https:\/\/yoast.com\/wordpress\/plugins\/seo\/ -->\n<title>Tokyo Revengers 11 (Ken Wakui) | Colossal Store<\/title>\n<meta name=\"description\" content=\"Tokyo Revengers 11 (Ken Wakui): Tras el desenlace del incidente de Kanto, donde Takemichi y Kisaki se enfrentan cara a cara, la Toman da comienzo a su \u00faltima reuni\u00f3n. Un peque\u00f1o empuj\u00f3n en la espalda propinado por Mikey hace que Takemichi se decida a abandonar el pasado y volver al futuro... \u00a1\u00bfY ese futuro podr\u00eda ser la versi\u00f3n m\u00e1s feliz que ha encontrado hasta ahora?!\" \/>\n<meta name=\"robots\" content=\"index, follow, max-snippet:-1, max-image-preview:large, max-video-preview:-1\" \/>\n<link rel=\"canonical\" href=\"https:\/\/www.colossalstore.es\/en\/tienda\/manga\/tokyo-revengers-11\/\" \/>\n<meta property=\"og:locale\" content=\"en_US\" \/>\n<meta property=\"og:type\" content=\"article\" \/>\n<meta property=\"og:title\" content=\"Tokyo Revengers 11 (Ken Wakui) | Colossal Store\" \/>\n<meta property=\"og:description\" content=\"Tokyo Revengers 11 (Ken Wakui): Tras el desenlace del incidente de Kanto, donde Takemichi y Kisaki se enfrentan cara a cara, la Toman da comienzo a su \u00faltima reuni\u00f3n. Un peque\u00f1o empuj\u00f3n en la espalda propinado por Mikey hace que Takemichi se decida a abandonar el pasado y volver al futuro... \u00a1\u00bfY ese futuro podr\u00eda ser la versi\u00f3n m\u00e1s feliz que ha encontrado hasta ahora?!\" \/>\n<meta property=\"og:url\" content=\"https:\/\/www.colossalstore.es\/en\/tienda\/manga\/tokyo-revengers-11\/\" \/>\n<meta property=\"og:site_name\" content=\"Colossal Store\" \/>\n<meta property=\"article:modified_time\" content=\"2025-06-20T09:18:06+00:00\" \/>\n<meta property=\"og:image\" content=\"https:\/\/www.colossalstore.es\/wp-content\/uploads\/2022\/12\/2ffd49e6033cc6dfbe898bbbce9088c2f7eaddb3.jpeg\" \/>\n\t<meta property=\"og:image:width\" content=\"846\" \/>\n\t<meta property=\"og:image:height\" content=\"1200\" \/>\n\t<meta property=\"og:image:type\" content=\"image\/jpeg\" \/>\n<meta name=\"twitter:card\" content=\"summary_large_image\" \/>\n<meta name=\"twitter:site\" content=\"@Colossal_Store\" \/>\n<meta name=\"twitter:label1\" content=\"Est. reading time\" \/>\n\t<meta name=\"twitter:data1\" content=\"1 minute\" \/>\n<script type=\"application\/ld+json\" class=\"yoast-schema-graph\">{\"@context\":\"https:\/\/schema.org\",\"@graph\":[{\"@type\":\"WebPage\",\"@id\":\"https:\/\/www.colossalstore.es\/tienda\/manga\/tokyo-revengers-11\/\",\"url\":\"https:\/\/www.colossalstore.es\/tienda\/manga\/tokyo-revengers-11\/\",\"name\":\"Tokyo Revengers 11 (Ken Wakui) | Colossal Store\",\"isPartOf\":{\"@id\":\"https:\/\/www.colossalstore.es\/#website\"},\"primaryImageOfPage\":{\"@id\":\"https:\/\/www.colossalstore.es\/tienda\/manga\/tokyo-revengers-11\/#primaryimage\"},\"image\":{\"@id\":\"https:\/\/www.colossalstore.es\/tienda\/manga\/tokyo-revengers-11\/#primaryimage\"},\"thumbnailUrl\":\"https:\/\/www.colossalstore.es\/wp-content\/uploads\/2022\/12\/2ffd49e6033cc6dfbe898bbbce9088c2f7eaddb3.jpeg\",\"datePublished\":\"2022-12-13T18:05:28+00:00\",\"dateModified\":\"2025-06-20T09:18:06+00:00\",\"description\":\"Tokyo Revengers 11 (Ken Wakui): Tras el desenlace del incidente de Kanto, donde Takemichi y Kisaki se enfrentan cara a cara, la Toman da comienzo a su \u00faltima reuni\u00f3n. Un peque\u00f1o empuj\u00f3n en la espalda propinado por Mikey hace que Takemichi se decida a abandonar el pasado y volver al futuro... \u00a1\u00bfY ese futuro podr\u00eda ser la versi\u00f3n m\u00e1s feliz que ha encontrado hasta ahora?!\",\"breadcrumb\":{\"@id\":\"https:\/\/www.colossalstore.es\/tienda\/manga\/tokyo-revengers-11\/#breadcrumb\"},\"inLanguage\":\"en-US\",\"potentialAction\":[{\"@type\":\"ReadAction\",\"target\":[\"https:\/\/www.colossalstore.es\/tienda\/manga\/tokyo-revengers-11\/\"]}]},{\"@type\":\"ImageObject\",\"inLanguage\":\"en-US\",\"@id\":\"https:\/\/www.colossalstore.es\/tienda\/manga\/tokyo-revengers-11\/#primaryimage\",\"url\":\"https:\/\/www.colossalstore.es\/wp-content\/uploads\/2022\/12\/2ffd49e6033cc6dfbe898bbbce9088c2f7eaddb3.jpeg\",\"contentUrl\":\"https:\/\/www.colossalstore.es\/wp-content\/uploads\/2022\/12\/2ffd49e6033cc6dfbe898bbbce9088c2f7eaddb3.jpeg\",\"width\":846,\"height\":1200},{\"@type\":\"BreadcrumbList\",\"@id\":\"https:\/\/www.colossalstore.es\/tienda\/manga\/tokyo-revengers-11\/#breadcrumb\",\"itemListElement\":[{\"@type\":\"ListItem\",\"position\":1,\"name\":\"Home\",\"item\":\"https:\/\/www.colossalstore.es\/\"},{\"@type\":\"ListItem\",\"position\":2,\"name\":\"Tienda\",\"item\":\"https:\/\/www.colossalstore.es\/tienda\/\"},{\"@type\":\"ListItem\",\"position\":3,\"name\":\"Tokyo Revengers 11\"}]},{\"@type\":\"WebSite\",\"@id\":\"https:\/\/www.colossalstore.es\/#website\",\"url\":\"https:\/\/www.colossalstore.es\/\",\"name\":\"Colossal Store\",\"description\":\"Colossal Store, tienda especializada en TCGs.\",\"publisher\":{\"@id\":\"https:\/\/www.colossalstore.es\/#organization\"},\"alternateName\":\"Colossal Store\",\"potentialAction\":[{\"@type\":\"SearchAction\",\"target\":{\"@type\":\"EntryPoint\",\"urlTemplate\":\"https:\/\/www.colossalstore.es\/?s={search_term_string}\"},\"query-input\":{\"@type\":\"PropertyValueSpecification\",\"valueRequired\":true,\"valueName\":\"search_term_string\"}}],\"inLanguage\":\"en-US\"},{\"@type\":\"Organization\",\"@id\":\"https:\/\/www.colossalstore.es\/#organization\",\"name\":\"Colossal Store\",\"url\":\"https:\/\/www.colossalstore.es\/\",\"logo\":{\"@type\":\"ImageObject\",\"inLanguage\":\"en-US\",\"@id\":\"https:\/\/www.colossalstore.es\/#\/schema\/logo\/image\/\",\"url\":\"https:\/\/www.colossalstore.es\/wp-content\/uploads\/2023\/05\/Colossal_Logo-02.png\",\"contentUrl\":\"https:\/\/www.colossalstore.es\/wp-content\/uploads\/2023\/05\/Colossal_Logo-02.png\",\"width\":1181,\"height\":1181,\"caption\":\"Colossal Store\"},\"image\":{\"@id\":\"https:\/\/www.colossalstore.es\/#\/schema\/logo\/image\/\"},\"sameAs\":[\"https:\/\/x.com\/Colossal_Store\",\"https:\/\/www.instagram.com\/colossal_store_tcg\/\",\"https:\/\/www.tiktok.com\/@colossalstore\"]}]}<\/script>\n<!-- \/ Yoast SEO plugin. -->","yoast_head_json":{"title":"Tokyo Revengers 11 (Ken Wakui) | Colossal Store","description":"Tokyo Revengers 11 (Ken Wakui): Tras el desenlace del incidente de Kanto, donde Takemichi y Kisaki se enfrentan cara a cara, la Toman da comienzo a su \u00faltima reuni\u00f3n. Un peque\u00f1o empuj\u00f3n en la espalda propinado por Mikey hace que Takemichi se decida a abandonar el pasado y volver al futuro... \u00a1\u00bfY ese futuro podr\u00eda ser la versi\u00f3n m\u00e1s feliz que ha encontrado hasta ahora?!","robots":{"index":"index","follow":"follow","max-snippet":"max-snippet:-1","max-image-preview":"max-image-preview:large","max-video-preview":"max-video-preview:-1"},"canonical":"https:\/\/www.colossalstore.es\/en\/tienda\/manga\/tokyo-revengers-11\/","og_locale":"en_US","og_type":"article","og_title":"Tokyo Revengers 11 (Ken Wakui) | Colossal Store","og_description":"Tokyo Revengers 11 (Ken Wakui): Tras el desenlace del incidente de Kanto, donde Takemichi y Kisaki se enfrentan cara a cara, la Toman da comienzo a su \u00faltima reuni\u00f3n. Un peque\u00f1o empuj\u00f3n en la espalda propinado por Mikey hace que Takemichi se decida a abandonar el pasado y volver al futuro... \u00a1\u00bfY ese futuro podr\u00eda ser la versi\u00f3n m\u00e1s feliz que ha encontrado hasta ahora?!","og_url":"https:\/\/www.colossalstore.es\/en\/tienda\/manga\/tokyo-revengers-11\/","og_site_name":"Colossal Store","article_modified_time":"2025-06-20T09:18:06+00:00","og_image":[{"width":846,"height":1200,"url":"https:\/\/www.colossalstore.es\/wp-content\/uploads\/2022\/12\/2ffd49e6033cc6dfbe898bbbce9088c2f7eaddb3.jpeg","type":"image\/jpeg"}],"twitter_card":"summary_large_image","twitter_site":"@Colossal_Store","twitter_misc":{"Est. reading time":"1 minute"},"schema":{"@context":"https:\/\/schema.org","@graph":[{"@type":"WebPage","@id":"https:\/\/www.colossalstore.es\/tienda\/manga\/tokyo-revengers-11\/","url":"https:\/\/www.colossalstore.es\/tienda\/manga\/tokyo-revengers-11\/","name":"Tokyo Revengers 11 (Ken Wakui) | Colossal Store","isPartOf":{"@id":"https:\/\/www.colossalstore.es\/#website"},"primaryImageOfPage":{"@id":"https:\/\/www.colossalstore.es\/tienda\/manga\/tokyo-revengers-11\/#primaryimage"},"image":{"@id":"https:\/\/www.colossalstore.es\/tienda\/manga\/tokyo-revengers-11\/#primaryimage"},"thumbnailUrl":"https:\/\/www.colossalstore.es\/wp-content\/uploads\/2022\/12\/2ffd49e6033cc6dfbe898bbbce9088c2f7eaddb3.jpeg","datePublished":"2022-12-13T18:05:28+00:00","dateModified":"2025-06-20T09:18:06+00:00","description":"Tokyo Revengers 11 (Ken Wakui): Tras el desenlace del incidente de Kanto, donde Takemichi y Kisaki se enfrentan cara a cara, la Toman da comienzo a su \u00faltima reuni\u00f3n. Un peque\u00f1o empuj\u00f3n en la espalda propinado por Mikey hace que Takemichi se decida a abandonar el pasado y volver al futuro... \u00a1\u00bfY ese futuro podr\u00eda ser la versi\u00f3n m\u00e1s feliz que ha encontrado hasta ahora?!","breadcrumb":{"@id":"https:\/\/www.colossalstore.es\/tienda\/manga\/tokyo-revengers-11\/#breadcrumb"},"inLanguage":"en-US","potentialAction":[{"@type":"ReadAction","target":["https:\/\/www.colossalstore.es\/tienda\/manga\/tokyo-revengers-11\/"]}]},{"@type":"ImageObject","inLanguage":"en-US","@id":"https:\/\/www.colossalstore.es\/tienda\/manga\/tokyo-revengers-11\/#primaryimage","url":"https:\/\/www.colossalstore.es\/wp-content\/uploads\/2022\/12\/2ffd49e6033cc6dfbe898bbbce9088c2f7eaddb3.jpeg","contentUrl":"https:\/\/www.colossalstore.es\/wp-content\/uploads\/2022\/12\/2ffd49e6033cc6dfbe898bbbce9088c2f7eaddb3.jpeg","width":846,"height":1200},{"@type":"BreadcrumbList","@id":"https:\/\/www.colossalstore.es\/tienda\/manga\/tokyo-revengers-11\/#breadcrumb","itemListElement":[{"@type":"ListItem","position":1,"name":"Home","item":"https:\/\/www.colossalstore.es\/"},{"@type":"ListItem","position":2,"name":"Tienda","item":"https:\/\/www.colossalstore.es\/tienda\/"},{"@type":"ListItem","position":3,"name":"Tokyo Revengers 11"}]},{"@type":"WebSite","@id":"https:\/\/www.colossalstore.es\/#website","url":"https:\/\/www.colossalstore.es\/","name":"Colossal Store","description":"Colossal Store, store specialized in TCGs.","publisher":{"@id":"https:\/\/www.colossalstore.es\/#organization"},"alternateName":"Colossal Store","potentialAction":[{"@type":"SearchAction","target":{"@type":"EntryPoint","urlTemplate":"https:\/\/www.colossalstore.es\/?s={search_term_string}"},"query-input":{"@type":"PropertyValueSpecification","valueRequired":true,"valueName":"search_term_string"}}],"inLanguage":"en-US"},{"@type":"Organization","@id":"https:\/\/www.colossalstore.es\/#organization","name":"Colossal Store","url":"https:\/\/www.colossalstore.es\/","logo":{"@type":"ImageObject","inLanguage":"en-US","@id":"https:\/\/www.colossalstore.es\/#\/schema\/logo\/image\/","url":"https:\/\/www.colossalstore.es\/wp-content\/uploads\/2023\/05\/Colossal_Logo-02.png","contentUrl":"https:\/\/www.colossalstore.es\/wp-content\/uploads\/2023\/05\/Colossal_Logo-02.png","width":1181,"height":1181,"caption":"Colossal Store"},"image":{"@id":"https:\/\/www.colossalstore.es\/#\/schema\/logo\/image\/"},"sameAs":["https:\/\/x.com\/Colossal_Store","https:\/\/www.instagram.com\/colossal_store_tcg\/","https:\/\/www.tiktok.com\/@colossalstore"]}]}},"_links":{"self":[{"href":"https:\/\/www.colossalstore.es\/en\/wp-json\/wp\/v2\/product\/3084","targetHints":{"allow":["GET"]}}],"collection":[{"href":"https:\/\/www.colossalstore.es\/en\/wp-json\/wp\/v2\/product"}],"about":[{"href":"https:\/\/www.colossalstore.es\/en\/wp-json\/wp\/v2\/types\/product"}],"replies":[{"embeddable":true,"href":"https:\/\/www.colossalstore.es\/en\/wp-json\/wp\/v2\/comments?post=3084"}],"wp:featuredmedia":[{"embeddable":true,"href":"https:\/\/www.colossalstore.es\/en\/wp-json\/wp\/v2\/media\/3085"}],"wp:attachment":[{"href":"https:\/\/www.colossalstore.es\/en\/wp-json\/wp\/v2\/media?parent=3084"}],"wp:term":[{"taxonomy":"product_brand","embeddable":true,"href":"https:\/\/www.colossalstore.es\/en\/wp-json\/wp\/v2\/product_brand?post=3084"},{"taxonomy":"product_cat","embeddable":true,"href":"https:\/\/www.colossalstore.es\/en\/wp-json\/wp\/v2\/product_cat?post=3084"},{"taxonomy":"product_tag","embeddable":true,"href":"https:\/\/www.colossalstore.es\/en\/wp-json\/wp\/v2\/product_tag?post=3084"}],"curies":[{"name":"wp","href":"https:\/\/api.w.org\/{rel}","templated":true}]}}