{"id":3080,"date":"2022-12-13T19:01:35","date_gmt":"2022-12-13T18:01:35","guid":{"rendered":"https:\/\/www.colossalstore.es\/?post_type=product&#038;p=3080"},"modified":"2026-01-05T20:43:49","modified_gmt":"2026-01-05T19:43:49","slug":"buenas-noches-punpun-01","status":"publish","type":"product","link":"https:\/\/www.colossalstore.es\/en\/tienda\/manga\/buenas-noches-punpun-01\/","title":{"rendered":"BUENAS NOCHES, PUNPUN 01 &#8211; EDICI\u00d3N ANTIGUA"},"content":{"rendered":"<p>Good evening, Punpun 1 (Inio Asano)<\/p>\n<p>Punpun is not your typical elementary school student. Although he feels the same impulses as his peers, he begins to discover girls and sex, the family situation is not the most stable and he must face it as best he can... and in principle, that is by visualizing himself as an amorphous bird in a strange environment.<\/p>","protected":false},"excerpt":{"rendered":"<p>Buenas noches, Punpun 1 (Inio Asano) Punpun no es el t\u00edpico estudiante de primaria. Pese a que siente los mismos impulsos que sus compa\u00f1eros, empieza a descubrir a las chicas y el sexo, la situaci\u00f3n familiar no es la m\u00e1s estable y deber\u00e1 enfrentarse a ello como buenamente pueda\u2026 y en principio, eso es visualiz\u00e1ndose [&hellip;]<\/p>","protected":false},"featured_media":3081,"comment_status":"open","ping_status":"closed","template":"","meta":{"_joinchat":[]},"product_brand":[],"product_cat":[32],"product_tag":[],"class_list":{"0":"post-3080","1":"product","2":"type-product","3":"status-publish","4":"has-post-thumbnail","6":"product_cat-manga","8":"first","9":"outofstock","10":"sale","11":"taxable","12":"shipping-taxable","13":"purchasable","14":"product-type-simple"},"yoast_head":"<!-- This site is optimized with the Yoast SEO plugin v25.7 - https:\/\/yoast.com\/wordpress\/plugins\/seo\/ -->\n<title>Buenas noches Punpun 1 (Inio Asano) | Colossal Store<\/title>\n<meta name=\"description\" content=\"Buenas noches Punpun 1 (Inio Asano) Punpun no es el t\u00edpico estudiante de primaria. Pese a que siente los mismos impulsos que sus compa\u00f1eros, empieza a descubrir a las chicas y el sexo, la situaci\u00f3n familiar no es la m\u00e1s estable y deber\u00e1 enfrentarse a ello como buenamente pueda\u2026 y en principio, eso es visualiz\u00e1ndose como un ave amorfa en un entorno extra\u00f1o.\" \/>\n<meta name=\"robots\" content=\"index, follow, max-snippet:-1, max-image-preview:large, max-video-preview:-1\" \/>\n<link rel=\"canonical\" href=\"https:\/\/www.colossalstore.es\/en\/tienda\/manga\/buenas-noches-punpun-01\/\" \/>\n<meta property=\"og:locale\" content=\"en_US\" \/>\n<meta property=\"og:type\" content=\"article\" \/>\n<meta property=\"og:title\" content=\"Buenas noches Punpun 1 (Inio Asano) | Colossal Store\" \/>\n<meta property=\"og:description\" content=\"Buenas noches Punpun 1 (Inio Asano) Punpun no es el t\u00edpico estudiante de primaria. Pese a que siente los mismos impulsos que sus compa\u00f1eros, empieza a descubrir a las chicas y el sexo, la situaci\u00f3n familiar no es la m\u00e1s estable y deber\u00e1 enfrentarse a ello como buenamente pueda\u2026 y en principio, eso es visualiz\u00e1ndose como un ave amorfa en un entorno extra\u00f1o.\" \/>\n<meta property=\"og:url\" content=\"https:\/\/www.colossalstore.es\/en\/tienda\/manga\/buenas-noches-punpun-01\/\" \/>\n<meta property=\"og:site_name\" content=\"Colossal Store\" \/>\n<meta property=\"article:modified_time\" content=\"2026-01-05T19:43:49+00:00\" \/>\n<meta property=\"og:image\" content=\"https:\/\/www.colossalstore.es\/wp-content\/uploads\/2022\/12\/1dd8f1b2ac33762e50f34a87deec8d10cb46db2d.jpeg\" \/>\n\t<meta property=\"og:image:width\" content=\"432\" \/>\n\t<meta property=\"og:image:height\" content=\"600\" \/>\n\t<meta property=\"og:image:type\" content=\"image\/jpeg\" \/>\n<meta name=\"twitter:card\" content=\"summary_large_image\" \/>\n<meta name=\"twitter:site\" content=\"@Colossal_Store\" \/>\n<meta name=\"twitter:label1\" content=\"Est. reading time\" \/>\n\t<meta name=\"twitter:data1\" content=\"1 minute\" \/>\n<script type=\"application\/ld+json\" class=\"yoast-schema-graph\">{\"@context\":\"https:\/\/schema.org\",\"@graph\":[{\"@type\":\"WebPage\",\"@id\":\"https:\/\/www.colossalstore.es\/tienda\/manga\/buenas-noches-punpun-01\/\",\"url\":\"https:\/\/www.colossalstore.es\/tienda\/manga\/buenas-noches-punpun-01\/\",\"name\":\"Buenas noches Punpun 1 (Inio Asano) | Colossal Store\",\"isPartOf\":{\"@id\":\"https:\/\/www.colossalstore.es\/#website\"},\"primaryImageOfPage\":{\"@id\":\"https:\/\/www.colossalstore.es\/tienda\/manga\/buenas-noches-punpun-01\/#primaryimage\"},\"image\":{\"@id\":\"https:\/\/www.colossalstore.es\/tienda\/manga\/buenas-noches-punpun-01\/#primaryimage\"},\"thumbnailUrl\":\"https:\/\/www.colossalstore.es\/wp-content\/uploads\/2022\/12\/1dd8f1b2ac33762e50f34a87deec8d10cb46db2d.jpeg\",\"datePublished\":\"2022-12-13T18:01:35+00:00\",\"dateModified\":\"2026-01-05T19:43:49+00:00\",\"description\":\"Buenas noches Punpun 1 (Inio Asano) Punpun no es el t\u00edpico estudiante de primaria. Pese a que siente los mismos impulsos que sus compa\u00f1eros, empieza a descubrir a las chicas y el sexo, la situaci\u00f3n familiar no es la m\u00e1s estable y deber\u00e1 enfrentarse a ello como buenamente pueda\u2026 y en principio, eso es visualiz\u00e1ndose como un ave amorfa en un entorno extra\u00f1o.\",\"breadcrumb\":{\"@id\":\"https:\/\/www.colossalstore.es\/tienda\/manga\/buenas-noches-punpun-01\/#breadcrumb\"},\"inLanguage\":\"en-US\",\"potentialAction\":[{\"@type\":\"ReadAction\",\"target\":[\"https:\/\/www.colossalstore.es\/tienda\/manga\/buenas-noches-punpun-01\/\"]}]},{\"@type\":\"ImageObject\",\"inLanguage\":\"en-US\",\"@id\":\"https:\/\/www.colossalstore.es\/tienda\/manga\/buenas-noches-punpun-01\/#primaryimage\",\"url\":\"https:\/\/www.colossalstore.es\/wp-content\/uploads\/2022\/12\/1dd8f1b2ac33762e50f34a87deec8d10cb46db2d.jpeg\",\"contentUrl\":\"https:\/\/www.colossalstore.es\/wp-content\/uploads\/2022\/12\/1dd8f1b2ac33762e50f34a87deec8d10cb46db2d.jpeg\",\"width\":432,\"height\":600},{\"@type\":\"BreadcrumbList\",\"@id\":\"https:\/\/www.colossalstore.es\/tienda\/manga\/buenas-noches-punpun-01\/#breadcrumb\",\"itemListElement\":[{\"@type\":\"ListItem\",\"position\":1,\"name\":\"Home\",\"item\":\"https:\/\/www.colossalstore.es\/\"},{\"@type\":\"ListItem\",\"position\":2,\"name\":\"Tienda\",\"item\":\"https:\/\/www.colossalstore.es\/tienda\/\"},{\"@type\":\"ListItem\",\"position\":3,\"name\":\"BUENAS NOCHES, PUNPUN 01 &#8211; EDICI\u00d3N ANTIGUA\"}]},{\"@type\":\"WebSite\",\"@id\":\"https:\/\/www.colossalstore.es\/#website\",\"url\":\"https:\/\/www.colossalstore.es\/\",\"name\":\"Colossal Store\",\"description\":\"Colossal Store, tienda especializada en TCGs.\",\"publisher\":{\"@id\":\"https:\/\/www.colossalstore.es\/#organization\"},\"alternateName\":\"Colossal Store\",\"potentialAction\":[{\"@type\":\"SearchAction\",\"target\":{\"@type\":\"EntryPoint\",\"urlTemplate\":\"https:\/\/www.colossalstore.es\/?s={search_term_string}\"},\"query-input\":{\"@type\":\"PropertyValueSpecification\",\"valueRequired\":true,\"valueName\":\"search_term_string\"}}],\"inLanguage\":\"en-US\"},{\"@type\":\"Organization\",\"@id\":\"https:\/\/www.colossalstore.es\/#organization\",\"name\":\"Colossal Store\",\"url\":\"https:\/\/www.colossalstore.es\/\",\"logo\":{\"@type\":\"ImageObject\",\"inLanguage\":\"en-US\",\"@id\":\"https:\/\/www.colossalstore.es\/#\/schema\/logo\/image\/\",\"url\":\"https:\/\/www.colossalstore.es\/wp-content\/uploads\/2023\/05\/Colossal_Logo-02.png\",\"contentUrl\":\"https:\/\/www.colossalstore.es\/wp-content\/uploads\/2023\/05\/Colossal_Logo-02.png\",\"width\":1181,\"height\":1181,\"caption\":\"Colossal Store\"},\"image\":{\"@id\":\"https:\/\/www.colossalstore.es\/#\/schema\/logo\/image\/\"},\"sameAs\":[\"https:\/\/x.com\/Colossal_Store\",\"https:\/\/www.instagram.com\/colossal_store_tcg\/\",\"https:\/\/www.tiktok.com\/@colossalstore\"]}]}<\/script>\n<!-- \/ Yoast SEO plugin. -->","yoast_head_json":{"title":"Buenas noches Punpun 1 (Inio Asano) | Colossal Store","description":"Buenas noches Punpun 1 (Inio Asano) Punpun no es el t\u00edpico estudiante de primaria. Pese a que siente los mismos impulsos que sus compa\u00f1eros, empieza a descubrir a las chicas y el sexo, la situaci\u00f3n familiar no es la m\u00e1s estable y deber\u00e1 enfrentarse a ello como buenamente pueda\u2026 y en principio, eso es visualiz\u00e1ndose como un ave amorfa en un entorno extra\u00f1o.","robots":{"index":"index","follow":"follow","max-snippet":"max-snippet:-1","max-image-preview":"max-image-preview:large","max-video-preview":"max-video-preview:-1"},"canonical":"https:\/\/www.colossalstore.es\/en\/tienda\/manga\/buenas-noches-punpun-01\/","og_locale":"en_US","og_type":"article","og_title":"Buenas noches Punpun 1 (Inio Asano) | Colossal Store","og_description":"Buenas noches Punpun 1 (Inio Asano) Punpun no es el t\u00edpico estudiante de primaria. Pese a que siente los mismos impulsos que sus compa\u00f1eros, empieza a descubrir a las chicas y el sexo, la situaci\u00f3n familiar no es la m\u00e1s estable y deber\u00e1 enfrentarse a ello como buenamente pueda\u2026 y en principio, eso es visualiz\u00e1ndose como un ave amorfa en un entorno extra\u00f1o.","og_url":"https:\/\/www.colossalstore.es\/en\/tienda\/manga\/buenas-noches-punpun-01\/","og_site_name":"Colossal Store","article_modified_time":"2026-01-05T19:43:49+00:00","og_image":[{"width":432,"height":600,"url":"https:\/\/www.colossalstore.es\/wp-content\/uploads\/2022\/12\/1dd8f1b2ac33762e50f34a87deec8d10cb46db2d.jpeg","type":"image\/jpeg"}],"twitter_card":"summary_large_image","twitter_site":"@Colossal_Store","twitter_misc":{"Est. reading time":"1 minute"},"schema":{"@context":"https:\/\/schema.org","@graph":[{"@type":"WebPage","@id":"https:\/\/www.colossalstore.es\/tienda\/manga\/buenas-noches-punpun-01\/","url":"https:\/\/www.colossalstore.es\/tienda\/manga\/buenas-noches-punpun-01\/","name":"Buenas noches Punpun 1 (Inio Asano) | Colossal Store","isPartOf":{"@id":"https:\/\/www.colossalstore.es\/#website"},"primaryImageOfPage":{"@id":"https:\/\/www.colossalstore.es\/tienda\/manga\/buenas-noches-punpun-01\/#primaryimage"},"image":{"@id":"https:\/\/www.colossalstore.es\/tienda\/manga\/buenas-noches-punpun-01\/#primaryimage"},"thumbnailUrl":"https:\/\/www.colossalstore.es\/wp-content\/uploads\/2022\/12\/1dd8f1b2ac33762e50f34a87deec8d10cb46db2d.jpeg","datePublished":"2022-12-13T18:01:35+00:00","dateModified":"2026-01-05T19:43:49+00:00","description":"Buenas noches Punpun 1 (Inio Asano) Punpun no es el t\u00edpico estudiante de primaria. Pese a que siente los mismos impulsos que sus compa\u00f1eros, empieza a descubrir a las chicas y el sexo, la situaci\u00f3n familiar no es la m\u00e1s estable y deber\u00e1 enfrentarse a ello como buenamente pueda\u2026 y en principio, eso es visualiz\u00e1ndose como un ave amorfa en un entorno extra\u00f1o.","breadcrumb":{"@id":"https:\/\/www.colossalstore.es\/tienda\/manga\/buenas-noches-punpun-01\/#breadcrumb"},"inLanguage":"en-US","potentialAction":[{"@type":"ReadAction","target":["https:\/\/www.colossalstore.es\/tienda\/manga\/buenas-noches-punpun-01\/"]}]},{"@type":"ImageObject","inLanguage":"en-US","@id":"https:\/\/www.colossalstore.es\/tienda\/manga\/buenas-noches-punpun-01\/#primaryimage","url":"https:\/\/www.colossalstore.es\/wp-content\/uploads\/2022\/12\/1dd8f1b2ac33762e50f34a87deec8d10cb46db2d.jpeg","contentUrl":"https:\/\/www.colossalstore.es\/wp-content\/uploads\/2022\/12\/1dd8f1b2ac33762e50f34a87deec8d10cb46db2d.jpeg","width":432,"height":600},{"@type":"BreadcrumbList","@id":"https:\/\/www.colossalstore.es\/tienda\/manga\/buenas-noches-punpun-01\/#breadcrumb","itemListElement":[{"@type":"ListItem","position":1,"name":"Home","item":"https:\/\/www.colossalstore.es\/"},{"@type":"ListItem","position":2,"name":"Tienda","item":"https:\/\/www.colossalstore.es\/tienda\/"},{"@type":"ListItem","position":3,"name":"BUENAS NOCHES, PUNPUN 01 &#8211; EDICI\u00d3N ANTIGUA"}]},{"@type":"WebSite","@id":"https:\/\/www.colossalstore.es\/#website","url":"https:\/\/www.colossalstore.es\/","name":"Colossal Store","description":"Colossal Store, store specialized in TCGs.","publisher":{"@id":"https:\/\/www.colossalstore.es\/#organization"},"alternateName":"Colossal Store","potentialAction":[{"@type":"SearchAction","target":{"@type":"EntryPoint","urlTemplate":"https:\/\/www.colossalstore.es\/?s={search_term_string}"},"query-input":{"@type":"PropertyValueSpecification","valueRequired":true,"valueName":"search_term_string"}}],"inLanguage":"en-US"},{"@type":"Organization","@id":"https:\/\/www.colossalstore.es\/#organization","name":"Colossal Store","url":"https:\/\/www.colossalstore.es\/","logo":{"@type":"ImageObject","inLanguage":"en-US","@id":"https:\/\/www.colossalstore.es\/#\/schema\/logo\/image\/","url":"https:\/\/www.colossalstore.es\/wp-content\/uploads\/2023\/05\/Colossal_Logo-02.png","contentUrl":"https:\/\/www.colossalstore.es\/wp-content\/uploads\/2023\/05\/Colossal_Logo-02.png","width":1181,"height":1181,"caption":"Colossal Store"},"image":{"@id":"https:\/\/www.colossalstore.es\/#\/schema\/logo\/image\/"},"sameAs":["https:\/\/x.com\/Colossal_Store","https:\/\/www.instagram.com\/colossal_store_tcg\/","https:\/\/www.tiktok.com\/@colossalstore"]}]}},"_links":{"self":[{"href":"https:\/\/www.colossalstore.es\/en\/wp-json\/wp\/v2\/product\/3080","targetHints":{"allow":["GET"]}}],"collection":[{"href":"https:\/\/www.colossalstore.es\/en\/wp-json\/wp\/v2\/product"}],"about":[{"href":"https:\/\/www.colossalstore.es\/en\/wp-json\/wp\/v2\/types\/product"}],"replies":[{"embeddable":true,"href":"https:\/\/www.colossalstore.es\/en\/wp-json\/wp\/v2\/comments?post=3080"}],"wp:featuredmedia":[{"embeddable":true,"href":"https:\/\/www.colossalstore.es\/en\/wp-json\/wp\/v2\/media\/3081"}],"wp:attachment":[{"href":"https:\/\/www.colossalstore.es\/en\/wp-json\/wp\/v2\/media?parent=3080"}],"wp:term":[{"taxonomy":"product_brand","embeddable":true,"href":"https:\/\/www.colossalstore.es\/en\/wp-json\/wp\/v2\/product_brand?post=3080"},{"taxonomy":"product_cat","embeddable":true,"href":"https:\/\/www.colossalstore.es\/en\/wp-json\/wp\/v2\/product_cat?post=3080"},{"taxonomy":"product_tag","embeddable":true,"href":"https:\/\/www.colossalstore.es\/en\/wp-json\/wp\/v2\/product_tag?post=3080"}],"curies":[{"name":"wp","href":"https:\/\/api.w.org\/{rel}","templated":true}]}}