{"id":2958,"date":"2022-12-02T19:52:14","date_gmt":"2022-12-02T18:52:14","guid":{"rendered":"https:\/\/www.colossalstore.es\/?post_type=product&#038;p=2958"},"modified":"2025-06-20T11:18:06","modified_gmt":"2025-06-20T09:18:06","slug":"jujutsu-kaisen-5","status":"publish","type":"product","link":"https:\/\/www.colossalstore.es\/en\/tienda\/manga\/jujutsu-kaisen-5\/","title":{"rendered":"Jujutsu Kaisen 5"},"content":{"rendered":"<p>Jujutsu Kaisen Volume 5 (Gege Akutami)<\/p>\n<p>TEAM COMPETITION BETWEEN KYOTO AND TOKYO HIGH SCHOOLS BEGINS!<\/p>\n<p>The exchange meeting with Kyoto&#039;s sister school has begun. The first day is a team competition, and the victory goes to the team that cleanses the category two curse in the designated area first. However, a belligerent T\u00f4d\u00f4 attacks the Tokyo team right after the start, and thus begins his showdown with Itadori\u2026<\/p>","protected":false},"excerpt":{"rendered":"<p>Jujutsu kaisen tomo 5 (Gege Akutami) \u00a1EMPIEZA LA COMPETICI\u00d3N POR EQUIPOS ENTRE LOS\u00a0INSTITUTOS DE KIOTO Y TOKIO! La reuni\u00f3n de intercambio con el instituto hermano de Kioto ha comenzado. El primer d\u00eda se lleva a cabo la competici\u00f3n por equipos, y la victoria ser\u00e1 para el equipo que purifique primero a la maldici\u00f3n de categor\u00eda [&hellip;]<\/p>","protected":false},"featured_media":2959,"comment_status":"open","ping_status":"closed","template":"","meta":{"_joinchat":[]},"product_brand":[],"product_cat":[32],"product_tag":[],"class_list":{"0":"post-2958","1":"product","2":"type-product","3":"status-publish","4":"has-post-thumbnail","6":"product_cat-manga","8":"first","9":"outofstock","10":"sale","11":"taxable","12":"shipping-taxable","13":"purchasable","14":"product-type-simple"},"yoast_head":"<!-- This site is optimized with the Yoast SEO plugin v25.7 - https:\/\/yoast.com\/wordpress\/plugins\/seo\/ -->\n<title>Jujutsu kaisen tomo 5 (Gege Akutami) | Colossal Store<\/title>\n<meta name=\"description\" content=\"Jujutsu kaisen tomo 5 (Gege Akutami) \u00a1EMPIEZA LA COMPETICI\u00d3N POR EQUIPOS ENTRE LOS\u00a0INSTITUTOS DE KIOTO Y TOKIO!\" \/>\n<meta name=\"robots\" content=\"index, follow, max-snippet:-1, max-image-preview:large, max-video-preview:-1\" \/>\n<link rel=\"canonical\" href=\"https:\/\/www.colossalstore.es\/en\/tienda\/manga\/jujutsu-kaisen-5\/\" \/>\n<meta property=\"og:locale\" content=\"en_US\" \/>\n<meta property=\"og:type\" content=\"article\" \/>\n<meta property=\"og:title\" content=\"Jujutsu kaisen tomo 5 (Gege Akutami) | Colossal Store\" \/>\n<meta property=\"og:description\" content=\"Jujutsu kaisen tomo 5 (Gege Akutami) \u00a1EMPIEZA LA COMPETICI\u00d3N POR EQUIPOS ENTRE LOS\u00a0INSTITUTOS DE KIOTO Y TOKIO!\" \/>\n<meta property=\"og:url\" content=\"https:\/\/www.colossalstore.es\/en\/tienda\/manga\/jujutsu-kaisen-5\/\" \/>\n<meta property=\"og:site_name\" content=\"Colossal Store\" \/>\n<meta property=\"article:modified_time\" content=\"2025-06-20T09:18:06+00:00\" \/>\n<meta property=\"og:image\" content=\"https:\/\/www.colossalstore.es\/wp-content\/uploads\/2022\/12\/9788467943542.jpg\" \/>\n\t<meta property=\"og:image:width\" content=\"552\" \/>\n\t<meta property=\"og:image:height\" content=\"839\" \/>\n\t<meta property=\"og:image:type\" content=\"image\/jpeg\" \/>\n<meta name=\"twitter:card\" content=\"summary_large_image\" \/>\n<meta name=\"twitter:site\" content=\"@Colossal_Store\" \/>\n<meta name=\"twitter:label1\" content=\"Est. reading time\" \/>\n\t<meta name=\"twitter:data1\" content=\"1 minute\" \/>\n<script type=\"application\/ld+json\" class=\"yoast-schema-graph\">{\"@context\":\"https:\/\/schema.org\",\"@graph\":[{\"@type\":\"WebPage\",\"@id\":\"https:\/\/www.colossalstore.es\/tienda\/manga\/jujutsu-kaisen-5\/\",\"url\":\"https:\/\/www.colossalstore.es\/tienda\/manga\/jujutsu-kaisen-5\/\",\"name\":\"Jujutsu kaisen tomo 5 (Gege Akutami) | Colossal Store\",\"isPartOf\":{\"@id\":\"https:\/\/www.colossalstore.es\/#website\"},\"primaryImageOfPage\":{\"@id\":\"https:\/\/www.colossalstore.es\/tienda\/manga\/jujutsu-kaisen-5\/#primaryimage\"},\"image\":{\"@id\":\"https:\/\/www.colossalstore.es\/tienda\/manga\/jujutsu-kaisen-5\/#primaryimage\"},\"thumbnailUrl\":\"https:\/\/www.colossalstore.es\/wp-content\/uploads\/2022\/12\/9788467943542.jpg\",\"datePublished\":\"2022-12-02T18:52:14+00:00\",\"dateModified\":\"2025-06-20T09:18:06+00:00\",\"description\":\"Jujutsu kaisen tomo 5 (Gege Akutami) \u00a1EMPIEZA LA COMPETICI\u00d3N POR EQUIPOS ENTRE LOS\u00a0INSTITUTOS DE KIOTO Y TOKIO!\",\"breadcrumb\":{\"@id\":\"https:\/\/www.colossalstore.es\/tienda\/manga\/jujutsu-kaisen-5\/#breadcrumb\"},\"inLanguage\":\"en-US\",\"potentialAction\":[{\"@type\":\"ReadAction\",\"target\":[\"https:\/\/www.colossalstore.es\/tienda\/manga\/jujutsu-kaisen-5\/\"]}]},{\"@type\":\"ImageObject\",\"inLanguage\":\"en-US\",\"@id\":\"https:\/\/www.colossalstore.es\/tienda\/manga\/jujutsu-kaisen-5\/#primaryimage\",\"url\":\"https:\/\/www.colossalstore.es\/wp-content\/uploads\/2022\/12\/9788467943542.jpg\",\"contentUrl\":\"https:\/\/www.colossalstore.es\/wp-content\/uploads\/2022\/12\/9788467943542.jpg\",\"width\":552,\"height\":839},{\"@type\":\"BreadcrumbList\",\"@id\":\"https:\/\/www.colossalstore.es\/tienda\/manga\/jujutsu-kaisen-5\/#breadcrumb\",\"itemListElement\":[{\"@type\":\"ListItem\",\"position\":1,\"name\":\"Home\",\"item\":\"https:\/\/www.colossalstore.es\/\"},{\"@type\":\"ListItem\",\"position\":2,\"name\":\"Tienda\",\"item\":\"https:\/\/www.colossalstore.es\/tienda\/\"},{\"@type\":\"ListItem\",\"position\":3,\"name\":\"Jujutsu Kaisen 5\"}]},{\"@type\":\"WebSite\",\"@id\":\"https:\/\/www.colossalstore.es\/#website\",\"url\":\"https:\/\/www.colossalstore.es\/\",\"name\":\"Colossal Store\",\"description\":\"Colossal Store, tienda especializada en TCGs.\",\"publisher\":{\"@id\":\"https:\/\/www.colossalstore.es\/#organization\"},\"alternateName\":\"Colossal Store\",\"potentialAction\":[{\"@type\":\"SearchAction\",\"target\":{\"@type\":\"EntryPoint\",\"urlTemplate\":\"https:\/\/www.colossalstore.es\/?s={search_term_string}\"},\"query-input\":{\"@type\":\"PropertyValueSpecification\",\"valueRequired\":true,\"valueName\":\"search_term_string\"}}],\"inLanguage\":\"en-US\"},{\"@type\":\"Organization\",\"@id\":\"https:\/\/www.colossalstore.es\/#organization\",\"name\":\"Colossal Store\",\"url\":\"https:\/\/www.colossalstore.es\/\",\"logo\":{\"@type\":\"ImageObject\",\"inLanguage\":\"en-US\",\"@id\":\"https:\/\/www.colossalstore.es\/#\/schema\/logo\/image\/\",\"url\":\"https:\/\/www.colossalstore.es\/wp-content\/uploads\/2023\/05\/Colossal_Logo-02.png\",\"contentUrl\":\"https:\/\/www.colossalstore.es\/wp-content\/uploads\/2023\/05\/Colossal_Logo-02.png\",\"width\":1181,\"height\":1181,\"caption\":\"Colossal Store\"},\"image\":{\"@id\":\"https:\/\/www.colossalstore.es\/#\/schema\/logo\/image\/\"},\"sameAs\":[\"https:\/\/x.com\/Colossal_Store\",\"https:\/\/www.instagram.com\/colossal_store_tcg\/\",\"https:\/\/www.tiktok.com\/@colossalstore\"]}]}<\/script>\n<!-- \/ Yoast SEO plugin. -->","yoast_head_json":{"title":"Jujutsu kaisen tomo 5 (Gege Akutami) | Colossal Store","description":"Jujutsu kaisen tomo 5 (Gege Akutami) \u00a1EMPIEZA LA COMPETICI\u00d3N POR EQUIPOS ENTRE LOS\u00a0INSTITUTOS DE KIOTO Y TOKIO!","robots":{"index":"index","follow":"follow","max-snippet":"max-snippet:-1","max-image-preview":"max-image-preview:large","max-video-preview":"max-video-preview:-1"},"canonical":"https:\/\/www.colossalstore.es\/en\/tienda\/manga\/jujutsu-kaisen-5\/","og_locale":"en_US","og_type":"article","og_title":"Jujutsu kaisen tomo 5 (Gege Akutami) | Colossal Store","og_description":"Jujutsu kaisen tomo 5 (Gege Akutami) \u00a1EMPIEZA LA COMPETICI\u00d3N POR EQUIPOS ENTRE LOS\u00a0INSTITUTOS DE KIOTO Y TOKIO!","og_url":"https:\/\/www.colossalstore.es\/en\/tienda\/manga\/jujutsu-kaisen-5\/","og_site_name":"Colossal Store","article_modified_time":"2025-06-20T09:18:06+00:00","og_image":[{"width":552,"height":839,"url":"https:\/\/www.colossalstore.es\/wp-content\/uploads\/2022\/12\/9788467943542.jpg","type":"image\/jpeg"}],"twitter_card":"summary_large_image","twitter_site":"@Colossal_Store","twitter_misc":{"Est. reading time":"1 minute"},"schema":{"@context":"https:\/\/schema.org","@graph":[{"@type":"WebPage","@id":"https:\/\/www.colossalstore.es\/tienda\/manga\/jujutsu-kaisen-5\/","url":"https:\/\/www.colossalstore.es\/tienda\/manga\/jujutsu-kaisen-5\/","name":"Jujutsu kaisen tomo 5 (Gege Akutami) | Colossal Store","isPartOf":{"@id":"https:\/\/www.colossalstore.es\/#website"},"primaryImageOfPage":{"@id":"https:\/\/www.colossalstore.es\/tienda\/manga\/jujutsu-kaisen-5\/#primaryimage"},"image":{"@id":"https:\/\/www.colossalstore.es\/tienda\/manga\/jujutsu-kaisen-5\/#primaryimage"},"thumbnailUrl":"https:\/\/www.colossalstore.es\/wp-content\/uploads\/2022\/12\/9788467943542.jpg","datePublished":"2022-12-02T18:52:14+00:00","dateModified":"2025-06-20T09:18:06+00:00","description":"Jujutsu kaisen tomo 5 (Gege Akutami) \u00a1EMPIEZA LA COMPETICI\u00d3N POR EQUIPOS ENTRE LOS\u00a0INSTITUTOS DE KIOTO Y TOKIO!","breadcrumb":{"@id":"https:\/\/www.colossalstore.es\/tienda\/manga\/jujutsu-kaisen-5\/#breadcrumb"},"inLanguage":"en-US","potentialAction":[{"@type":"ReadAction","target":["https:\/\/www.colossalstore.es\/tienda\/manga\/jujutsu-kaisen-5\/"]}]},{"@type":"ImageObject","inLanguage":"en-US","@id":"https:\/\/www.colossalstore.es\/tienda\/manga\/jujutsu-kaisen-5\/#primaryimage","url":"https:\/\/www.colossalstore.es\/wp-content\/uploads\/2022\/12\/9788467943542.jpg","contentUrl":"https:\/\/www.colossalstore.es\/wp-content\/uploads\/2022\/12\/9788467943542.jpg","width":552,"height":839},{"@type":"BreadcrumbList","@id":"https:\/\/www.colossalstore.es\/tienda\/manga\/jujutsu-kaisen-5\/#breadcrumb","itemListElement":[{"@type":"ListItem","position":1,"name":"Home","item":"https:\/\/www.colossalstore.es\/"},{"@type":"ListItem","position":2,"name":"Tienda","item":"https:\/\/www.colossalstore.es\/tienda\/"},{"@type":"ListItem","position":3,"name":"Jujutsu Kaisen 5"}]},{"@type":"WebSite","@id":"https:\/\/www.colossalstore.es\/#website","url":"https:\/\/www.colossalstore.es\/","name":"Colossal Store","description":"Colossal Store, store specialized in TCGs.","publisher":{"@id":"https:\/\/www.colossalstore.es\/#organization"},"alternateName":"Colossal Store","potentialAction":[{"@type":"SearchAction","target":{"@type":"EntryPoint","urlTemplate":"https:\/\/www.colossalstore.es\/?s={search_term_string}"},"query-input":{"@type":"PropertyValueSpecification","valueRequired":true,"valueName":"search_term_string"}}],"inLanguage":"en-US"},{"@type":"Organization","@id":"https:\/\/www.colossalstore.es\/#organization","name":"Colossal Store","url":"https:\/\/www.colossalstore.es\/","logo":{"@type":"ImageObject","inLanguage":"en-US","@id":"https:\/\/www.colossalstore.es\/#\/schema\/logo\/image\/","url":"https:\/\/www.colossalstore.es\/wp-content\/uploads\/2023\/05\/Colossal_Logo-02.png","contentUrl":"https:\/\/www.colossalstore.es\/wp-content\/uploads\/2023\/05\/Colossal_Logo-02.png","width":1181,"height":1181,"caption":"Colossal Store"},"image":{"@id":"https:\/\/www.colossalstore.es\/#\/schema\/logo\/image\/"},"sameAs":["https:\/\/x.com\/Colossal_Store","https:\/\/www.instagram.com\/colossal_store_tcg\/","https:\/\/www.tiktok.com\/@colossalstore"]}]}},"_links":{"self":[{"href":"https:\/\/www.colossalstore.es\/en\/wp-json\/wp\/v2\/product\/2958","targetHints":{"allow":["GET"]}}],"collection":[{"href":"https:\/\/www.colossalstore.es\/en\/wp-json\/wp\/v2\/product"}],"about":[{"href":"https:\/\/www.colossalstore.es\/en\/wp-json\/wp\/v2\/types\/product"}],"replies":[{"embeddable":true,"href":"https:\/\/www.colossalstore.es\/en\/wp-json\/wp\/v2\/comments?post=2958"}],"wp:featuredmedia":[{"embeddable":true,"href":"https:\/\/www.colossalstore.es\/en\/wp-json\/wp\/v2\/media\/2959"}],"wp:attachment":[{"href":"https:\/\/www.colossalstore.es\/en\/wp-json\/wp\/v2\/media?parent=2958"}],"wp:term":[{"taxonomy":"product_brand","embeddable":true,"href":"https:\/\/www.colossalstore.es\/en\/wp-json\/wp\/v2\/product_brand?post=2958"},{"taxonomy":"product_cat","embeddable":true,"href":"https:\/\/www.colossalstore.es\/en\/wp-json\/wp\/v2\/product_cat?post=2958"},{"taxonomy":"product_tag","embeddable":true,"href":"https:\/\/www.colossalstore.es\/en\/wp-json\/wp\/v2\/product_tag?post=2958"}],"curies":[{"name":"wp","href":"https:\/\/api.w.org\/{rel}","templated":true}]}}