{"id":2950,"date":"2022-12-02T19:44:28","date_gmt":"2022-12-02T18:44:28","guid":{"rendered":"https:\/\/www.colossalstore.es\/?post_type=product&#038;p=2950"},"modified":"2025-06-20T11:18:06","modified_gmt":"2025-06-20T09:18:06","slug":"guardianes-de-la-noche-10","status":"publish","type":"product","link":"https:\/\/www.colossalstore.es\/en\/tienda\/manga\/guardianes-de-la-noche-10\/","title":{"rendered":"Night Watch 10"},"content":{"rendered":"<p>Kimetsu no Yaiba 10 (Koyoharu Gotouge)<\/p>\n<p>Daki, the demonic oiran who has been exerting her dominion over the pleasure quarter, fuses with her sash and attacks Tanjir\u00f4 with enormous force. Tanjir\u00f4 counterattacks with his sacred dance of the god of fire, but ends up at the end of his strength. Nezuko and Uzui will try to take over, but the battle against the Upper Moon will end up taking an unexpected turn...<\/p>","protected":false},"excerpt":{"rendered":"<p>Kimetsu no Yaiba 10 (Koyoharu Gotouge) Daki, la oiran demon\u00edaca que ha estado ejerciendo su dominio sobre el barrio del placer, se fusiona con su faja y ataca a Tanjir\u00f4 con una fuerza descomunal. Tanjir\u00f4 contraataca con su danza sagrada del dios del fuego, pero acaba al l\u00edmite de sus fuerzas. Nezuko y Uzui intentar\u00e1n [&hellip;]<\/p>","protected":false},"featured_media":2951,"comment_status":"open","ping_status":"closed","template":"","meta":{"_joinchat":[]},"product_brand":[],"product_cat":[32],"product_tag":[],"class_list":{"0":"post-2950","1":"product","2":"type-product","3":"status-publish","4":"has-post-thumbnail","6":"product_cat-manga","8":"first","9":"outofstock","10":"sale","11":"taxable","12":"shipping-taxable","13":"purchasable","14":"product-type-simple"},"yoast_head":"<!-- This site is optimized with the Yoast SEO plugin v25.7 - https:\/\/yoast.com\/wordpress\/plugins\/seo\/ -->\n<title>Kimetsu no Yaiba 10 (Koyoharu Gotouge) | Colossal Store<\/title>\n<meta name=\"description\" content=\"Kimetsu no Yaiba 10 (Koyoharu Gotouge): Daki, la oiran demon\u00edaca que ha estado ejerciendo su dominio sobre el barrio del placer, se fusiona con su faja y ataca a Tanjir\u00f4 con una fuerza descomunal. Tanjir\u00f4 contraataca con su danza sagrada del dios del fuego, pero acaba al l\u00edmite de sus fuerzas. Nezuko y Uzui intentar\u00e1n tomarle el relevo, pero la batalla contra la Luna superior acabar\u00e1 dando un giro inesperado...\" \/>\n<meta name=\"robots\" content=\"index, follow, max-snippet:-1, max-image-preview:large, max-video-preview:-1\" \/>\n<link rel=\"canonical\" href=\"https:\/\/www.colossalstore.es\/en\/tienda\/manga\/guardianes-de-la-noche-10\/\" \/>\n<meta property=\"og:locale\" content=\"en_US\" \/>\n<meta property=\"og:type\" content=\"article\" \/>\n<meta property=\"og:title\" content=\"Kimetsu no Yaiba 10 (Koyoharu Gotouge) | Colossal Store\" \/>\n<meta property=\"og:description\" content=\"Kimetsu no Yaiba 10 (Koyoharu Gotouge): Daki, la oiran demon\u00edaca que ha estado ejerciendo su dominio sobre el barrio del placer, se fusiona con su faja y ataca a Tanjir\u00f4 con una fuerza descomunal. Tanjir\u00f4 contraataca con su danza sagrada del dios del fuego, pero acaba al l\u00edmite de sus fuerzas. Nezuko y Uzui intentar\u00e1n tomarle el relevo, pero la batalla contra la Luna superior acabar\u00e1 dando un giro inesperado...\" \/>\n<meta property=\"og:url\" content=\"https:\/\/www.colossalstore.es\/en\/tienda\/manga\/guardianes-de-la-noche-10\/\" \/>\n<meta property=\"og:site_name\" content=\"Colossal Store\" \/>\n<meta property=\"article:modified_time\" content=\"2025-06-20T09:18:06+00:00\" \/>\n<meta property=\"og:image\" content=\"https:\/\/www.colossalstore.es\/wp-content\/uploads\/2022\/12\/c46300cef299c73c7cdfafaef4fb54a14cb57123.jpeg\" \/>\n\t<meta property=\"og:image:width\" content=\"398\" \/>\n\t<meta property=\"og:image:height\" content=\"600\" \/>\n\t<meta property=\"og:image:type\" content=\"image\/jpeg\" \/>\n<meta name=\"twitter:card\" content=\"summary_large_image\" \/>\n<meta name=\"twitter:site\" content=\"@Colossal_Store\" \/>\n<meta name=\"twitter:label1\" content=\"Est. reading time\" \/>\n\t<meta name=\"twitter:data1\" content=\"1 minute\" \/>\n<script type=\"application\/ld+json\" class=\"yoast-schema-graph\">{\"@context\":\"https:\/\/schema.org\",\"@graph\":[{\"@type\":\"WebPage\",\"@id\":\"https:\/\/www.colossalstore.es\/tienda\/manga\/guardianes-de-la-noche-10\/\",\"url\":\"https:\/\/www.colossalstore.es\/tienda\/manga\/guardianes-de-la-noche-10\/\",\"name\":\"Kimetsu no Yaiba 10 (Koyoharu Gotouge) | Colossal Store\",\"isPartOf\":{\"@id\":\"https:\/\/www.colossalstore.es\/#website\"},\"primaryImageOfPage\":{\"@id\":\"https:\/\/www.colossalstore.es\/tienda\/manga\/guardianes-de-la-noche-10\/#primaryimage\"},\"image\":{\"@id\":\"https:\/\/www.colossalstore.es\/tienda\/manga\/guardianes-de-la-noche-10\/#primaryimage\"},\"thumbnailUrl\":\"https:\/\/www.colossalstore.es\/wp-content\/uploads\/2022\/12\/c46300cef299c73c7cdfafaef4fb54a14cb57123.jpeg\",\"datePublished\":\"2022-12-02T18:44:28+00:00\",\"dateModified\":\"2025-06-20T09:18:06+00:00\",\"description\":\"Kimetsu no Yaiba 10 (Koyoharu Gotouge): Daki, la oiran demon\u00edaca que ha estado ejerciendo su dominio sobre el barrio del placer, se fusiona con su faja y ataca a Tanjir\u00f4 con una fuerza descomunal. Tanjir\u00f4 contraataca con su danza sagrada del dios del fuego, pero acaba al l\u00edmite de sus fuerzas. Nezuko y Uzui intentar\u00e1n tomarle el relevo, pero la batalla contra la Luna superior acabar\u00e1 dando un giro inesperado...\",\"breadcrumb\":{\"@id\":\"https:\/\/www.colossalstore.es\/tienda\/manga\/guardianes-de-la-noche-10\/#breadcrumb\"},\"inLanguage\":\"en-US\",\"potentialAction\":[{\"@type\":\"ReadAction\",\"target\":[\"https:\/\/www.colossalstore.es\/tienda\/manga\/guardianes-de-la-noche-10\/\"]}]},{\"@type\":\"ImageObject\",\"inLanguage\":\"en-US\",\"@id\":\"https:\/\/www.colossalstore.es\/tienda\/manga\/guardianes-de-la-noche-10\/#primaryimage\",\"url\":\"https:\/\/www.colossalstore.es\/wp-content\/uploads\/2022\/12\/c46300cef299c73c7cdfafaef4fb54a14cb57123.jpeg\",\"contentUrl\":\"https:\/\/www.colossalstore.es\/wp-content\/uploads\/2022\/12\/c46300cef299c73c7cdfafaef4fb54a14cb57123.jpeg\",\"width\":398,\"height\":600},{\"@type\":\"BreadcrumbList\",\"@id\":\"https:\/\/www.colossalstore.es\/tienda\/manga\/guardianes-de-la-noche-10\/#breadcrumb\",\"itemListElement\":[{\"@type\":\"ListItem\",\"position\":1,\"name\":\"Home\",\"item\":\"https:\/\/www.colossalstore.es\/\"},{\"@type\":\"ListItem\",\"position\":2,\"name\":\"Tienda\",\"item\":\"https:\/\/www.colossalstore.es\/tienda\/\"},{\"@type\":\"ListItem\",\"position\":3,\"name\":\"Guardianes de la noche 10\"}]},{\"@type\":\"WebSite\",\"@id\":\"https:\/\/www.colossalstore.es\/#website\",\"url\":\"https:\/\/www.colossalstore.es\/\",\"name\":\"Colossal Store\",\"description\":\"Colossal Store, tienda especializada en TCGs.\",\"publisher\":{\"@id\":\"https:\/\/www.colossalstore.es\/#organization\"},\"alternateName\":\"Colossal Store\",\"potentialAction\":[{\"@type\":\"SearchAction\",\"target\":{\"@type\":\"EntryPoint\",\"urlTemplate\":\"https:\/\/www.colossalstore.es\/?s={search_term_string}\"},\"query-input\":{\"@type\":\"PropertyValueSpecification\",\"valueRequired\":true,\"valueName\":\"search_term_string\"}}],\"inLanguage\":\"en-US\"},{\"@type\":\"Organization\",\"@id\":\"https:\/\/www.colossalstore.es\/#organization\",\"name\":\"Colossal Store\",\"url\":\"https:\/\/www.colossalstore.es\/\",\"logo\":{\"@type\":\"ImageObject\",\"inLanguage\":\"en-US\",\"@id\":\"https:\/\/www.colossalstore.es\/#\/schema\/logo\/image\/\",\"url\":\"https:\/\/www.colossalstore.es\/wp-content\/uploads\/2023\/05\/Colossal_Logo-02.png\",\"contentUrl\":\"https:\/\/www.colossalstore.es\/wp-content\/uploads\/2023\/05\/Colossal_Logo-02.png\",\"width\":1181,\"height\":1181,\"caption\":\"Colossal Store\"},\"image\":{\"@id\":\"https:\/\/www.colossalstore.es\/#\/schema\/logo\/image\/\"},\"sameAs\":[\"https:\/\/x.com\/Colossal_Store\",\"https:\/\/www.instagram.com\/colossal_store_tcg\/\",\"https:\/\/www.tiktok.com\/@colossalstore\"]}]}<\/script>\n<!-- \/ Yoast SEO plugin. -->","yoast_head_json":{"title":"Kimetsu no Yaiba 10 (Koyoharu Gotouge) | Colossal Store","description":"Kimetsu no Yaiba 10 (Koyoharu Gotouge): Daki, la oiran demon\u00edaca que ha estado ejerciendo su dominio sobre el barrio del placer, se fusiona con su faja y ataca a Tanjir\u00f4 con una fuerza descomunal. Tanjir\u00f4 contraataca con su danza sagrada del dios del fuego, pero acaba al l\u00edmite de sus fuerzas. Nezuko y Uzui intentar\u00e1n tomarle el relevo, pero la batalla contra la Luna superior acabar\u00e1 dando un giro inesperado...","robots":{"index":"index","follow":"follow","max-snippet":"max-snippet:-1","max-image-preview":"max-image-preview:large","max-video-preview":"max-video-preview:-1"},"canonical":"https:\/\/www.colossalstore.es\/en\/tienda\/manga\/guardianes-de-la-noche-10\/","og_locale":"en_US","og_type":"article","og_title":"Kimetsu no Yaiba 10 (Koyoharu Gotouge) | Colossal Store","og_description":"Kimetsu no Yaiba 10 (Koyoharu Gotouge): Daki, la oiran demon\u00edaca que ha estado ejerciendo su dominio sobre el barrio del placer, se fusiona con su faja y ataca a Tanjir\u00f4 con una fuerza descomunal. Tanjir\u00f4 contraataca con su danza sagrada del dios del fuego, pero acaba al l\u00edmite de sus fuerzas. Nezuko y Uzui intentar\u00e1n tomarle el relevo, pero la batalla contra la Luna superior acabar\u00e1 dando un giro inesperado...","og_url":"https:\/\/www.colossalstore.es\/en\/tienda\/manga\/guardianes-de-la-noche-10\/","og_site_name":"Colossal Store","article_modified_time":"2025-06-20T09:18:06+00:00","og_image":[{"width":398,"height":600,"url":"https:\/\/www.colossalstore.es\/wp-content\/uploads\/2022\/12\/c46300cef299c73c7cdfafaef4fb54a14cb57123.jpeg","type":"image\/jpeg"}],"twitter_card":"summary_large_image","twitter_site":"@Colossal_Store","twitter_misc":{"Est. reading time":"1 minute"},"schema":{"@context":"https:\/\/schema.org","@graph":[{"@type":"WebPage","@id":"https:\/\/www.colossalstore.es\/tienda\/manga\/guardianes-de-la-noche-10\/","url":"https:\/\/www.colossalstore.es\/tienda\/manga\/guardianes-de-la-noche-10\/","name":"Kimetsu no Yaiba 10 (Koyoharu Gotouge) | Colossal Store","isPartOf":{"@id":"https:\/\/www.colossalstore.es\/#website"},"primaryImageOfPage":{"@id":"https:\/\/www.colossalstore.es\/tienda\/manga\/guardianes-de-la-noche-10\/#primaryimage"},"image":{"@id":"https:\/\/www.colossalstore.es\/tienda\/manga\/guardianes-de-la-noche-10\/#primaryimage"},"thumbnailUrl":"https:\/\/www.colossalstore.es\/wp-content\/uploads\/2022\/12\/c46300cef299c73c7cdfafaef4fb54a14cb57123.jpeg","datePublished":"2022-12-02T18:44:28+00:00","dateModified":"2025-06-20T09:18:06+00:00","description":"Kimetsu no Yaiba 10 (Koyoharu Gotouge): Daki, la oiran demon\u00edaca que ha estado ejerciendo su dominio sobre el barrio del placer, se fusiona con su faja y ataca a Tanjir\u00f4 con una fuerza descomunal. Tanjir\u00f4 contraataca con su danza sagrada del dios del fuego, pero acaba al l\u00edmite de sus fuerzas. Nezuko y Uzui intentar\u00e1n tomarle el relevo, pero la batalla contra la Luna superior acabar\u00e1 dando un giro inesperado...","breadcrumb":{"@id":"https:\/\/www.colossalstore.es\/tienda\/manga\/guardianes-de-la-noche-10\/#breadcrumb"},"inLanguage":"en-US","potentialAction":[{"@type":"ReadAction","target":["https:\/\/www.colossalstore.es\/tienda\/manga\/guardianes-de-la-noche-10\/"]}]},{"@type":"ImageObject","inLanguage":"en-US","@id":"https:\/\/www.colossalstore.es\/tienda\/manga\/guardianes-de-la-noche-10\/#primaryimage","url":"https:\/\/www.colossalstore.es\/wp-content\/uploads\/2022\/12\/c46300cef299c73c7cdfafaef4fb54a14cb57123.jpeg","contentUrl":"https:\/\/www.colossalstore.es\/wp-content\/uploads\/2022\/12\/c46300cef299c73c7cdfafaef4fb54a14cb57123.jpeg","width":398,"height":600},{"@type":"BreadcrumbList","@id":"https:\/\/www.colossalstore.es\/tienda\/manga\/guardianes-de-la-noche-10\/#breadcrumb","itemListElement":[{"@type":"ListItem","position":1,"name":"Home","item":"https:\/\/www.colossalstore.es\/"},{"@type":"ListItem","position":2,"name":"Tienda","item":"https:\/\/www.colossalstore.es\/tienda\/"},{"@type":"ListItem","position":3,"name":"Guardianes de la noche 10"}]},{"@type":"WebSite","@id":"https:\/\/www.colossalstore.es\/#website","url":"https:\/\/www.colossalstore.es\/","name":"Colossal Store","description":"Colossal Store, store specialized in TCGs.","publisher":{"@id":"https:\/\/www.colossalstore.es\/#organization"},"alternateName":"Colossal Store","potentialAction":[{"@type":"SearchAction","target":{"@type":"EntryPoint","urlTemplate":"https:\/\/www.colossalstore.es\/?s={search_term_string}"},"query-input":{"@type":"PropertyValueSpecification","valueRequired":true,"valueName":"search_term_string"}}],"inLanguage":"en-US"},{"@type":"Organization","@id":"https:\/\/www.colossalstore.es\/#organization","name":"Colossal Store","url":"https:\/\/www.colossalstore.es\/","logo":{"@type":"ImageObject","inLanguage":"en-US","@id":"https:\/\/www.colossalstore.es\/#\/schema\/logo\/image\/","url":"https:\/\/www.colossalstore.es\/wp-content\/uploads\/2023\/05\/Colossal_Logo-02.png","contentUrl":"https:\/\/www.colossalstore.es\/wp-content\/uploads\/2023\/05\/Colossal_Logo-02.png","width":1181,"height":1181,"caption":"Colossal Store"},"image":{"@id":"https:\/\/www.colossalstore.es\/#\/schema\/logo\/image\/"},"sameAs":["https:\/\/x.com\/Colossal_Store","https:\/\/www.instagram.com\/colossal_store_tcg\/","https:\/\/www.tiktok.com\/@colossalstore"]}]}},"_links":{"self":[{"href":"https:\/\/www.colossalstore.es\/en\/wp-json\/wp\/v2\/product\/2950","targetHints":{"allow":["GET"]}}],"collection":[{"href":"https:\/\/www.colossalstore.es\/en\/wp-json\/wp\/v2\/product"}],"about":[{"href":"https:\/\/www.colossalstore.es\/en\/wp-json\/wp\/v2\/types\/product"}],"replies":[{"embeddable":true,"href":"https:\/\/www.colossalstore.es\/en\/wp-json\/wp\/v2\/comments?post=2950"}],"wp:featuredmedia":[{"embeddable":true,"href":"https:\/\/www.colossalstore.es\/en\/wp-json\/wp\/v2\/media\/2951"}],"wp:attachment":[{"href":"https:\/\/www.colossalstore.es\/en\/wp-json\/wp\/v2\/media?parent=2950"}],"wp:term":[{"taxonomy":"product_brand","embeddable":true,"href":"https:\/\/www.colossalstore.es\/en\/wp-json\/wp\/v2\/product_brand?post=2950"},{"taxonomy":"product_cat","embeddable":true,"href":"https:\/\/www.colossalstore.es\/en\/wp-json\/wp\/v2\/product_cat?post=2950"},{"taxonomy":"product_tag","embeddable":true,"href":"https:\/\/www.colossalstore.es\/en\/wp-json\/wp\/v2\/product_tag?post=2950"}],"curies":[{"name":"wp","href":"https:\/\/api.w.org\/{rel}","templated":true}]}}