{"id":2928,"date":"2022-12-02T19:27:31","date_gmt":"2022-12-02T18:27:31","guid":{"rendered":"https:\/\/www.colossalstore.es\/?post_type=product&#038;p=2928"},"modified":"2025-06-20T11:18:07","modified_gmt":"2025-06-20T09:18:07","slug":"black-clover-1","status":"publish","type":"product","link":"https:\/\/www.colossalstore.es\/en\/tienda\/manga\/black-clover-1\/","title":{"rendered":"Black Clover 1"},"content":{"rendered":"<p>Black Clover volume 1 (Yuuki Tabata)<\/p>\n<p>CAN ROKURO, SOMEONE UNABLE TO USE MAGIC, BECOME KING OF MAGICIANS?<\/p>\n<p>In a world where magic is everything, an orphaned villager incapable of using any type of magical power aims to become nothing more and nothing less than the king of wizards. And although everyone takes him for a frustrated crazy man with firefighter ideas, maybe he will end up finding his opportunity.<\/p>","protected":false},"excerpt":{"rendered":"<p>Black Clover tomo 1 (Yuuki Tabata) \u00bfPODR\u00c1 ROKURO, ALGUIEN INCAPAZ DE USAR MAGIA, CONVERTIRSE EN REY DE LOS MAGOS? En un mundo en el que la magia lo es todo, un pueblerino hu\u00e9rfano incapaz de usar ning\u00fan tipo de poder m\u00e1gico pretende convertirse nada m\u00e1s y nada menos que en el rey de los magos. [&hellip;]<\/p>","protected":false},"featured_media":2929,"comment_status":"open","ping_status":"closed","template":"","meta":{"_joinchat":[]},"product_brand":[],"product_cat":[32],"product_tag":[],"class_list":{"0":"post-2928","1":"product","2":"type-product","3":"status-publish","4":"has-post-thumbnail","6":"product_cat-manga","8":"first","9":"outofstock","10":"sale","11":"taxable","12":"shipping-taxable","13":"purchasable","14":"product-type-simple"},"yoast_head":"<!-- This site is optimized with the Yoast SEO plugin v25.7 - https:\/\/yoast.com\/wordpress\/plugins\/seo\/ -->\n<title>Black Clover tomo 1 (Yuuki Tabata) | Colossal Store<\/title>\n<meta name=\"description\" content=\"Black Clover tomo 1 (Yuuki Tabata) \u00bfPODR\u00c1 ROKURO, ALGUIEN INCAPAZ DE USAR MAGIA, CONVERTIRSE EN REY DE LOS MAGOS?\" \/>\n<meta name=\"robots\" content=\"index, follow, max-snippet:-1, max-image-preview:large, max-video-preview:-1\" \/>\n<link rel=\"canonical\" href=\"https:\/\/www.colossalstore.es\/en\/tienda\/manga\/black-clover-1\/\" \/>\n<meta property=\"og:locale\" content=\"en_US\" \/>\n<meta property=\"og:type\" content=\"article\" \/>\n<meta property=\"og:title\" content=\"Black Clover tomo 1 (Yuuki Tabata) | Colossal Store\" \/>\n<meta property=\"og:description\" content=\"Black Clover tomo 1 (Yuuki Tabata) \u00bfPODR\u00c1 ROKURO, ALGUIEN INCAPAZ DE USAR MAGIA, CONVERTIRSE EN REY DE LOS MAGOS?\" \/>\n<meta property=\"og:url\" content=\"https:\/\/www.colossalstore.es\/en\/tienda\/manga\/black-clover-1\/\" \/>\n<meta property=\"og:site_name\" content=\"Colossal Store\" \/>\n<meta property=\"article:modified_time\" content=\"2025-06-20T09:18:07+00:00\" \/>\n<meta property=\"og:image\" content=\"https:\/\/www.colossalstore.es\/wp-content\/uploads\/2022\/12\/8d2e7e93cc82724f9458e82cd8bfdb61ec08c99e.jpeg\" \/>\n\t<meta property=\"og:image:width\" content=\"399\" \/>\n\t<meta property=\"og:image:height\" content=\"600\" \/>\n\t<meta property=\"og:image:type\" content=\"image\/jpeg\" \/>\n<meta name=\"twitter:card\" content=\"summary_large_image\" \/>\n<meta name=\"twitter:site\" content=\"@Colossal_Store\" \/>\n<meta name=\"twitter:label1\" content=\"Est. reading time\" \/>\n\t<meta name=\"twitter:data1\" content=\"1 minute\" \/>\n<script type=\"application\/ld+json\" class=\"yoast-schema-graph\">{\"@context\":\"https:\/\/schema.org\",\"@graph\":[{\"@type\":\"WebPage\",\"@id\":\"https:\/\/www.colossalstore.es\/tienda\/manga\/black-clover-1\/\",\"url\":\"https:\/\/www.colossalstore.es\/tienda\/manga\/black-clover-1\/\",\"name\":\"Black Clover tomo 1 (Yuuki Tabata) | Colossal Store\",\"isPartOf\":{\"@id\":\"https:\/\/www.colossalstore.es\/#website\"},\"primaryImageOfPage\":{\"@id\":\"https:\/\/www.colossalstore.es\/tienda\/manga\/black-clover-1\/#primaryimage\"},\"image\":{\"@id\":\"https:\/\/www.colossalstore.es\/tienda\/manga\/black-clover-1\/#primaryimage\"},\"thumbnailUrl\":\"https:\/\/www.colossalstore.es\/wp-content\/uploads\/2022\/12\/8d2e7e93cc82724f9458e82cd8bfdb61ec08c99e.jpeg\",\"datePublished\":\"2022-12-02T18:27:31+00:00\",\"dateModified\":\"2025-06-20T09:18:07+00:00\",\"description\":\"Black Clover tomo 1 (Yuuki Tabata) \u00bfPODR\u00c1 ROKURO, ALGUIEN INCAPAZ DE USAR MAGIA, CONVERTIRSE EN REY DE LOS MAGOS?\",\"breadcrumb\":{\"@id\":\"https:\/\/www.colossalstore.es\/tienda\/manga\/black-clover-1\/#breadcrumb\"},\"inLanguage\":\"en-US\",\"potentialAction\":[{\"@type\":\"ReadAction\",\"target\":[\"https:\/\/www.colossalstore.es\/tienda\/manga\/black-clover-1\/\"]}]},{\"@type\":\"ImageObject\",\"inLanguage\":\"en-US\",\"@id\":\"https:\/\/www.colossalstore.es\/tienda\/manga\/black-clover-1\/#primaryimage\",\"url\":\"https:\/\/www.colossalstore.es\/wp-content\/uploads\/2022\/12\/8d2e7e93cc82724f9458e82cd8bfdb61ec08c99e.jpeg\",\"contentUrl\":\"https:\/\/www.colossalstore.es\/wp-content\/uploads\/2022\/12\/8d2e7e93cc82724f9458e82cd8bfdb61ec08c99e.jpeg\",\"width\":399,\"height\":600},{\"@type\":\"BreadcrumbList\",\"@id\":\"https:\/\/www.colossalstore.es\/tienda\/manga\/black-clover-1\/#breadcrumb\",\"itemListElement\":[{\"@type\":\"ListItem\",\"position\":1,\"name\":\"Home\",\"item\":\"https:\/\/www.colossalstore.es\/\"},{\"@type\":\"ListItem\",\"position\":2,\"name\":\"Tienda\",\"item\":\"https:\/\/www.colossalstore.es\/tienda\/\"},{\"@type\":\"ListItem\",\"position\":3,\"name\":\"Black Clover 1\"}]},{\"@type\":\"WebSite\",\"@id\":\"https:\/\/www.colossalstore.es\/#website\",\"url\":\"https:\/\/www.colossalstore.es\/\",\"name\":\"Colossal Store\",\"description\":\"Colossal Store, tienda especializada en TCGs.\",\"publisher\":{\"@id\":\"https:\/\/www.colossalstore.es\/#organization\"},\"alternateName\":\"Colossal Store\",\"potentialAction\":[{\"@type\":\"SearchAction\",\"target\":{\"@type\":\"EntryPoint\",\"urlTemplate\":\"https:\/\/www.colossalstore.es\/?s={search_term_string}\"},\"query-input\":{\"@type\":\"PropertyValueSpecification\",\"valueRequired\":true,\"valueName\":\"search_term_string\"}}],\"inLanguage\":\"en-US\"},{\"@type\":\"Organization\",\"@id\":\"https:\/\/www.colossalstore.es\/#organization\",\"name\":\"Colossal Store\",\"url\":\"https:\/\/www.colossalstore.es\/\",\"logo\":{\"@type\":\"ImageObject\",\"inLanguage\":\"en-US\",\"@id\":\"https:\/\/www.colossalstore.es\/#\/schema\/logo\/image\/\",\"url\":\"https:\/\/www.colossalstore.es\/wp-content\/uploads\/2023\/05\/Colossal_Logo-02.png\",\"contentUrl\":\"https:\/\/www.colossalstore.es\/wp-content\/uploads\/2023\/05\/Colossal_Logo-02.png\",\"width\":1181,\"height\":1181,\"caption\":\"Colossal Store\"},\"image\":{\"@id\":\"https:\/\/www.colossalstore.es\/#\/schema\/logo\/image\/\"},\"sameAs\":[\"https:\/\/x.com\/Colossal_Store\",\"https:\/\/www.instagram.com\/colossal_store_tcg\/\",\"https:\/\/www.tiktok.com\/@colossalstore\"]}]}<\/script>\n<!-- \/ Yoast SEO plugin. -->","yoast_head_json":{"title":"Black Clover tomo 1 (Yuuki Tabata) | Colossal Store","description":"Black Clover tomo 1 (Yuuki Tabata) \u00bfPODR\u00c1 ROKURO, ALGUIEN INCAPAZ DE USAR MAGIA, CONVERTIRSE EN REY DE LOS MAGOS?","robots":{"index":"index","follow":"follow","max-snippet":"max-snippet:-1","max-image-preview":"max-image-preview:large","max-video-preview":"max-video-preview:-1"},"canonical":"https:\/\/www.colossalstore.es\/en\/tienda\/manga\/black-clover-1\/","og_locale":"en_US","og_type":"article","og_title":"Black Clover tomo 1 (Yuuki Tabata) | Colossal Store","og_description":"Black Clover tomo 1 (Yuuki Tabata) \u00bfPODR\u00c1 ROKURO, ALGUIEN INCAPAZ DE USAR MAGIA, CONVERTIRSE EN REY DE LOS MAGOS?","og_url":"https:\/\/www.colossalstore.es\/en\/tienda\/manga\/black-clover-1\/","og_site_name":"Colossal Store","article_modified_time":"2025-06-20T09:18:07+00:00","og_image":[{"width":399,"height":600,"url":"https:\/\/www.colossalstore.es\/wp-content\/uploads\/2022\/12\/8d2e7e93cc82724f9458e82cd8bfdb61ec08c99e.jpeg","type":"image\/jpeg"}],"twitter_card":"summary_large_image","twitter_site":"@Colossal_Store","twitter_misc":{"Est. reading time":"1 minute"},"schema":{"@context":"https:\/\/schema.org","@graph":[{"@type":"WebPage","@id":"https:\/\/www.colossalstore.es\/tienda\/manga\/black-clover-1\/","url":"https:\/\/www.colossalstore.es\/tienda\/manga\/black-clover-1\/","name":"Black Clover tomo 1 (Yuuki Tabata) | Colossal Store","isPartOf":{"@id":"https:\/\/www.colossalstore.es\/#website"},"primaryImageOfPage":{"@id":"https:\/\/www.colossalstore.es\/tienda\/manga\/black-clover-1\/#primaryimage"},"image":{"@id":"https:\/\/www.colossalstore.es\/tienda\/manga\/black-clover-1\/#primaryimage"},"thumbnailUrl":"https:\/\/www.colossalstore.es\/wp-content\/uploads\/2022\/12\/8d2e7e93cc82724f9458e82cd8bfdb61ec08c99e.jpeg","datePublished":"2022-12-02T18:27:31+00:00","dateModified":"2025-06-20T09:18:07+00:00","description":"Black Clover tomo 1 (Yuuki Tabata) \u00bfPODR\u00c1 ROKURO, ALGUIEN INCAPAZ DE USAR MAGIA, CONVERTIRSE EN REY DE LOS MAGOS?","breadcrumb":{"@id":"https:\/\/www.colossalstore.es\/tienda\/manga\/black-clover-1\/#breadcrumb"},"inLanguage":"en-US","potentialAction":[{"@type":"ReadAction","target":["https:\/\/www.colossalstore.es\/tienda\/manga\/black-clover-1\/"]}]},{"@type":"ImageObject","inLanguage":"en-US","@id":"https:\/\/www.colossalstore.es\/tienda\/manga\/black-clover-1\/#primaryimage","url":"https:\/\/www.colossalstore.es\/wp-content\/uploads\/2022\/12\/8d2e7e93cc82724f9458e82cd8bfdb61ec08c99e.jpeg","contentUrl":"https:\/\/www.colossalstore.es\/wp-content\/uploads\/2022\/12\/8d2e7e93cc82724f9458e82cd8bfdb61ec08c99e.jpeg","width":399,"height":600},{"@type":"BreadcrumbList","@id":"https:\/\/www.colossalstore.es\/tienda\/manga\/black-clover-1\/#breadcrumb","itemListElement":[{"@type":"ListItem","position":1,"name":"Home","item":"https:\/\/www.colossalstore.es\/"},{"@type":"ListItem","position":2,"name":"Tienda","item":"https:\/\/www.colossalstore.es\/tienda\/"},{"@type":"ListItem","position":3,"name":"Black Clover 1"}]},{"@type":"WebSite","@id":"https:\/\/www.colossalstore.es\/#website","url":"https:\/\/www.colossalstore.es\/","name":"Colossal Store","description":"Colossal Store, store specialized in TCGs.","publisher":{"@id":"https:\/\/www.colossalstore.es\/#organization"},"alternateName":"Colossal Store","potentialAction":[{"@type":"SearchAction","target":{"@type":"EntryPoint","urlTemplate":"https:\/\/www.colossalstore.es\/?s={search_term_string}"},"query-input":{"@type":"PropertyValueSpecification","valueRequired":true,"valueName":"search_term_string"}}],"inLanguage":"en-US"},{"@type":"Organization","@id":"https:\/\/www.colossalstore.es\/#organization","name":"Colossal Store","url":"https:\/\/www.colossalstore.es\/","logo":{"@type":"ImageObject","inLanguage":"en-US","@id":"https:\/\/www.colossalstore.es\/#\/schema\/logo\/image\/","url":"https:\/\/www.colossalstore.es\/wp-content\/uploads\/2023\/05\/Colossal_Logo-02.png","contentUrl":"https:\/\/www.colossalstore.es\/wp-content\/uploads\/2023\/05\/Colossal_Logo-02.png","width":1181,"height":1181,"caption":"Colossal Store"},"image":{"@id":"https:\/\/www.colossalstore.es\/#\/schema\/logo\/image\/"},"sameAs":["https:\/\/x.com\/Colossal_Store","https:\/\/www.instagram.com\/colossal_store_tcg\/","https:\/\/www.tiktok.com\/@colossalstore"]}]}},"_links":{"self":[{"href":"https:\/\/www.colossalstore.es\/en\/wp-json\/wp\/v2\/product\/2928","targetHints":{"allow":["GET"]}}],"collection":[{"href":"https:\/\/www.colossalstore.es\/en\/wp-json\/wp\/v2\/product"}],"about":[{"href":"https:\/\/www.colossalstore.es\/en\/wp-json\/wp\/v2\/types\/product"}],"replies":[{"embeddable":true,"href":"https:\/\/www.colossalstore.es\/en\/wp-json\/wp\/v2\/comments?post=2928"}],"wp:featuredmedia":[{"embeddable":true,"href":"https:\/\/www.colossalstore.es\/en\/wp-json\/wp\/v2\/media\/2929"}],"wp:attachment":[{"href":"https:\/\/www.colossalstore.es\/en\/wp-json\/wp\/v2\/media?parent=2928"}],"wp:term":[{"taxonomy":"product_brand","embeddable":true,"href":"https:\/\/www.colossalstore.es\/en\/wp-json\/wp\/v2\/product_brand?post=2928"},{"taxonomy":"product_cat","embeddable":true,"href":"https:\/\/www.colossalstore.es\/en\/wp-json\/wp\/v2\/product_cat?post=2928"},{"taxonomy":"product_tag","embeddable":true,"href":"https:\/\/www.colossalstore.es\/en\/wp-json\/wp\/v2\/product_tag?post=2928"}],"curies":[{"name":"wp","href":"https:\/\/api.w.org\/{rel}","templated":true}]}}