{"id":2924,"date":"2022-12-02T19:25:22","date_gmt":"2022-12-02T18:25:22","guid":{"rendered":"https:\/\/www.colossalstore.es\/?post_type=product&#038;p=2924"},"modified":"2025-09-24T12:54:01","modified_gmt":"2025-09-24T10:54:01","slug":"black-clover-28","status":"publish","type":"product","link":"https:\/\/www.colossalstore.es\/en\/tienda\/manga\/black-clover-28\/","title":{"rendered":"BLACK CLOVER 28"},"content":{"rendered":"<p>Black Clover volume 28 (Yuuki Tabata)<\/p>\n<p>THE Clash BETWEEN THE RESISTANCE AND THE DARK TRIAD IS COMING!<\/p>\n<p>After the pact between Asta and Liebe, the Clover Kingdom is ready to face the Dark Triad! Infiltrating the Pica Kingdom will require all the effort and power the mage knights can bring, but Asta still seems to need time before joining them... can they manage without him?<\/p>","protected":false},"excerpt":{"rendered":"<p>Black Clover tomo 28 (Yuuki Tabata) \u00a1LLEGA EL ENFRENTAMIENTO ENTRE LA RESISTENCIA Y LA TR\u00cdADA OSCURA! Despu\u00e9s del pacto entre Asta y Liebe, \u00a1el Reino Tr\u00e9bol est\u00e1 listo para enfrentarse a la Tr\u00edada Oscura! La infiltraci\u00f3n en el Reino Pica requerir\u00e1 todo el esfuerzo y poder que los caballeros magos puedan aportar, pero Asta todav\u00eda [&hellip;]<\/p>","protected":false},"featured_media":2926,"comment_status":"open","ping_status":"closed","template":"","meta":{"_joinchat":[]},"product_brand":[],"product_cat":[32],"product_tag":[],"class_list":{"0":"post-2924","1":"product","2":"type-product","3":"status-publish","4":"has-post-thumbnail","6":"product_cat-manga","8":"first","9":"outofstock","10":"sale","11":"taxable","12":"shipping-taxable","13":"purchasable","14":"product-type-simple"},"yoast_head":"<!-- This site is optimized with the Yoast SEO plugin v25.7 - https:\/\/yoast.com\/wordpress\/plugins\/seo\/ -->\n<title>Black Clover tomo 28 (Yuuki Tabata) | Colossal Store<\/title>\n<meta name=\"description\" content=\"Black Clover tomo 28 (Yuuki Tabata) \u00a1LLEGA EL ENFRENTAMIENTO ENTRE LA RESISTENCIA Y LA TR\u00cdADA OSCURA!\" \/>\n<meta name=\"robots\" content=\"index, follow, max-snippet:-1, max-image-preview:large, max-video-preview:-1\" \/>\n<link rel=\"canonical\" href=\"https:\/\/www.colossalstore.es\/en\/tienda\/manga\/black-clover-28\/\" \/>\n<meta property=\"og:locale\" content=\"en_US\" \/>\n<meta property=\"og:type\" content=\"article\" \/>\n<meta property=\"og:title\" content=\"Black Clover tomo 28 (Yuuki Tabata) | Colossal Store\" \/>\n<meta property=\"og:description\" content=\"Black Clover tomo 28 (Yuuki Tabata) \u00a1LLEGA EL ENFRENTAMIENTO ENTRE LA RESISTENCIA Y LA TR\u00cdADA OSCURA!\" \/>\n<meta property=\"og:url\" content=\"https:\/\/www.colossalstore.es\/en\/tienda\/manga\/black-clover-28\/\" \/>\n<meta property=\"og:site_name\" content=\"Colossal Store\" \/>\n<meta property=\"article:modified_time\" content=\"2025-09-24T10:54:01+00:00\" \/>\n<meta property=\"og:image\" content=\"https:\/\/www.colossalstore.es\/wp-content\/uploads\/2022\/12\/a7d62e0aaa762f98f29e6c0d672fbca150464044.jpeg\" \/>\n\t<meta property=\"og:image:width\" content=\"1200\" \/>\n\t<meta property=\"og:image:height\" content=\"1826\" \/>\n\t<meta property=\"og:image:type\" content=\"image\/jpeg\" \/>\n<meta name=\"twitter:card\" content=\"summary_large_image\" \/>\n<meta name=\"twitter:site\" content=\"@Colossal_Store\" \/>\n<meta name=\"twitter:label1\" content=\"Est. reading time\" \/>\n\t<meta name=\"twitter:data1\" content=\"1 minute\" \/>\n<script type=\"application\/ld+json\" class=\"yoast-schema-graph\">{\"@context\":\"https:\/\/schema.org\",\"@graph\":[{\"@type\":\"WebPage\",\"@id\":\"https:\/\/www.colossalstore.es\/tienda\/manga\/black-clover-28\/\",\"url\":\"https:\/\/www.colossalstore.es\/tienda\/manga\/black-clover-28\/\",\"name\":\"Black Clover tomo 28 (Yuuki Tabata) | Colossal Store\",\"isPartOf\":{\"@id\":\"https:\/\/www.colossalstore.es\/#website\"},\"primaryImageOfPage\":{\"@id\":\"https:\/\/www.colossalstore.es\/tienda\/manga\/black-clover-28\/#primaryimage\"},\"image\":{\"@id\":\"https:\/\/www.colossalstore.es\/tienda\/manga\/black-clover-28\/#primaryimage\"},\"thumbnailUrl\":\"https:\/\/www.colossalstore.es\/wp-content\/uploads\/2022\/12\/a7d62e0aaa762f98f29e6c0d672fbca150464044.jpeg\",\"datePublished\":\"2022-12-02T18:25:22+00:00\",\"dateModified\":\"2025-09-24T10:54:01+00:00\",\"description\":\"Black Clover tomo 28 (Yuuki Tabata) \u00a1LLEGA EL ENFRENTAMIENTO ENTRE LA RESISTENCIA Y LA TR\u00cdADA OSCURA!\",\"breadcrumb\":{\"@id\":\"https:\/\/www.colossalstore.es\/tienda\/manga\/black-clover-28\/#breadcrumb\"},\"inLanguage\":\"en-US\",\"potentialAction\":[{\"@type\":\"ReadAction\",\"target\":[\"https:\/\/www.colossalstore.es\/tienda\/manga\/black-clover-28\/\"]}]},{\"@type\":\"ImageObject\",\"inLanguage\":\"en-US\",\"@id\":\"https:\/\/www.colossalstore.es\/tienda\/manga\/black-clover-28\/#primaryimage\",\"url\":\"https:\/\/www.colossalstore.es\/wp-content\/uploads\/2022\/12\/a7d62e0aaa762f98f29e6c0d672fbca150464044.jpeg\",\"contentUrl\":\"https:\/\/www.colossalstore.es\/wp-content\/uploads\/2022\/12\/a7d62e0aaa762f98f29e6c0d672fbca150464044.jpeg\",\"width\":1200,\"height\":1826},{\"@type\":\"BreadcrumbList\",\"@id\":\"https:\/\/www.colossalstore.es\/tienda\/manga\/black-clover-28\/#breadcrumb\",\"itemListElement\":[{\"@type\":\"ListItem\",\"position\":1,\"name\":\"Home\",\"item\":\"https:\/\/www.colossalstore.es\/\"},{\"@type\":\"ListItem\",\"position\":2,\"name\":\"Tienda\",\"item\":\"https:\/\/www.colossalstore.es\/tienda\/\"},{\"@type\":\"ListItem\",\"position\":3,\"name\":\"BLACK CLOVER 28\"}]},{\"@type\":\"WebSite\",\"@id\":\"https:\/\/www.colossalstore.es\/#website\",\"url\":\"https:\/\/www.colossalstore.es\/\",\"name\":\"Colossal Store\",\"description\":\"Colossal Store, tienda especializada en TCGs.\",\"publisher\":{\"@id\":\"https:\/\/www.colossalstore.es\/#organization\"},\"alternateName\":\"Colossal Store\",\"potentialAction\":[{\"@type\":\"SearchAction\",\"target\":{\"@type\":\"EntryPoint\",\"urlTemplate\":\"https:\/\/www.colossalstore.es\/?s={search_term_string}\"},\"query-input\":{\"@type\":\"PropertyValueSpecification\",\"valueRequired\":true,\"valueName\":\"search_term_string\"}}],\"inLanguage\":\"en-US\"},{\"@type\":\"Organization\",\"@id\":\"https:\/\/www.colossalstore.es\/#organization\",\"name\":\"Colossal Store\",\"url\":\"https:\/\/www.colossalstore.es\/\",\"logo\":{\"@type\":\"ImageObject\",\"inLanguage\":\"en-US\",\"@id\":\"https:\/\/www.colossalstore.es\/#\/schema\/logo\/image\/\",\"url\":\"https:\/\/www.colossalstore.es\/wp-content\/uploads\/2023\/05\/Colossal_Logo-02.png\",\"contentUrl\":\"https:\/\/www.colossalstore.es\/wp-content\/uploads\/2023\/05\/Colossal_Logo-02.png\",\"width\":1181,\"height\":1181,\"caption\":\"Colossal Store\"},\"image\":{\"@id\":\"https:\/\/www.colossalstore.es\/#\/schema\/logo\/image\/\"},\"sameAs\":[\"https:\/\/x.com\/Colossal_Store\",\"https:\/\/www.instagram.com\/colossal_store_tcg\/\",\"https:\/\/www.tiktok.com\/@colossalstore\"]}]}<\/script>\n<!-- \/ Yoast SEO plugin. -->","yoast_head_json":{"title":"Black Clover tomo 28 (Yuuki Tabata) | Colossal Store","description":"Black Clover tomo 28 (Yuuki Tabata) \u00a1LLEGA EL ENFRENTAMIENTO ENTRE LA RESISTENCIA Y LA TR\u00cdADA OSCURA!","robots":{"index":"index","follow":"follow","max-snippet":"max-snippet:-1","max-image-preview":"max-image-preview:large","max-video-preview":"max-video-preview:-1"},"canonical":"https:\/\/www.colossalstore.es\/en\/tienda\/manga\/black-clover-28\/","og_locale":"en_US","og_type":"article","og_title":"Black Clover tomo 28 (Yuuki Tabata) | Colossal Store","og_description":"Black Clover tomo 28 (Yuuki Tabata) \u00a1LLEGA EL ENFRENTAMIENTO ENTRE LA RESISTENCIA Y LA TR\u00cdADA OSCURA!","og_url":"https:\/\/www.colossalstore.es\/en\/tienda\/manga\/black-clover-28\/","og_site_name":"Colossal Store","article_modified_time":"2025-09-24T10:54:01+00:00","og_image":[{"width":1200,"height":1826,"url":"https:\/\/www.colossalstore.es\/wp-content\/uploads\/2022\/12\/a7d62e0aaa762f98f29e6c0d672fbca150464044.jpeg","type":"image\/jpeg"}],"twitter_card":"summary_large_image","twitter_site":"@Colossal_Store","twitter_misc":{"Est. reading time":"1 minute"},"schema":{"@context":"https:\/\/schema.org","@graph":[{"@type":"WebPage","@id":"https:\/\/www.colossalstore.es\/tienda\/manga\/black-clover-28\/","url":"https:\/\/www.colossalstore.es\/tienda\/manga\/black-clover-28\/","name":"Black Clover tomo 28 (Yuuki Tabata) | Colossal Store","isPartOf":{"@id":"https:\/\/www.colossalstore.es\/#website"},"primaryImageOfPage":{"@id":"https:\/\/www.colossalstore.es\/tienda\/manga\/black-clover-28\/#primaryimage"},"image":{"@id":"https:\/\/www.colossalstore.es\/tienda\/manga\/black-clover-28\/#primaryimage"},"thumbnailUrl":"https:\/\/www.colossalstore.es\/wp-content\/uploads\/2022\/12\/a7d62e0aaa762f98f29e6c0d672fbca150464044.jpeg","datePublished":"2022-12-02T18:25:22+00:00","dateModified":"2025-09-24T10:54:01+00:00","description":"Black Clover tomo 28 (Yuuki Tabata) \u00a1LLEGA EL ENFRENTAMIENTO ENTRE LA RESISTENCIA Y LA TR\u00cdADA OSCURA!","breadcrumb":{"@id":"https:\/\/www.colossalstore.es\/tienda\/manga\/black-clover-28\/#breadcrumb"},"inLanguage":"en-US","potentialAction":[{"@type":"ReadAction","target":["https:\/\/www.colossalstore.es\/tienda\/manga\/black-clover-28\/"]}]},{"@type":"ImageObject","inLanguage":"en-US","@id":"https:\/\/www.colossalstore.es\/tienda\/manga\/black-clover-28\/#primaryimage","url":"https:\/\/www.colossalstore.es\/wp-content\/uploads\/2022\/12\/a7d62e0aaa762f98f29e6c0d672fbca150464044.jpeg","contentUrl":"https:\/\/www.colossalstore.es\/wp-content\/uploads\/2022\/12\/a7d62e0aaa762f98f29e6c0d672fbca150464044.jpeg","width":1200,"height":1826},{"@type":"BreadcrumbList","@id":"https:\/\/www.colossalstore.es\/tienda\/manga\/black-clover-28\/#breadcrumb","itemListElement":[{"@type":"ListItem","position":1,"name":"Home","item":"https:\/\/www.colossalstore.es\/"},{"@type":"ListItem","position":2,"name":"Tienda","item":"https:\/\/www.colossalstore.es\/tienda\/"},{"@type":"ListItem","position":3,"name":"BLACK CLOVER 28"}]},{"@type":"WebSite","@id":"https:\/\/www.colossalstore.es\/#website","url":"https:\/\/www.colossalstore.es\/","name":"Colossal Store","description":"Colossal Store, store specialized in TCGs.","publisher":{"@id":"https:\/\/www.colossalstore.es\/#organization"},"alternateName":"Colossal Store","potentialAction":[{"@type":"SearchAction","target":{"@type":"EntryPoint","urlTemplate":"https:\/\/www.colossalstore.es\/?s={search_term_string}"},"query-input":{"@type":"PropertyValueSpecification","valueRequired":true,"valueName":"search_term_string"}}],"inLanguage":"en-US"},{"@type":"Organization","@id":"https:\/\/www.colossalstore.es\/#organization","name":"Colossal Store","url":"https:\/\/www.colossalstore.es\/","logo":{"@type":"ImageObject","inLanguage":"en-US","@id":"https:\/\/www.colossalstore.es\/#\/schema\/logo\/image\/","url":"https:\/\/www.colossalstore.es\/wp-content\/uploads\/2023\/05\/Colossal_Logo-02.png","contentUrl":"https:\/\/www.colossalstore.es\/wp-content\/uploads\/2023\/05\/Colossal_Logo-02.png","width":1181,"height":1181,"caption":"Colossal Store"},"image":{"@id":"https:\/\/www.colossalstore.es\/#\/schema\/logo\/image\/"},"sameAs":["https:\/\/x.com\/Colossal_Store","https:\/\/www.instagram.com\/colossal_store_tcg\/","https:\/\/www.tiktok.com\/@colossalstore"]}]}},"_links":{"self":[{"href":"https:\/\/www.colossalstore.es\/en\/wp-json\/wp\/v2\/product\/2924","targetHints":{"allow":["GET"]}}],"collection":[{"href":"https:\/\/www.colossalstore.es\/en\/wp-json\/wp\/v2\/product"}],"about":[{"href":"https:\/\/www.colossalstore.es\/en\/wp-json\/wp\/v2\/types\/product"}],"replies":[{"embeddable":true,"href":"https:\/\/www.colossalstore.es\/en\/wp-json\/wp\/v2\/comments?post=2924"}],"wp:featuredmedia":[{"embeddable":true,"href":"https:\/\/www.colossalstore.es\/en\/wp-json\/wp\/v2\/media\/2926"}],"wp:attachment":[{"href":"https:\/\/www.colossalstore.es\/en\/wp-json\/wp\/v2\/media?parent=2924"}],"wp:term":[{"taxonomy":"product_brand","embeddable":true,"href":"https:\/\/www.colossalstore.es\/en\/wp-json\/wp\/v2\/product_brand?post=2924"},{"taxonomy":"product_cat","embeddable":true,"href":"https:\/\/www.colossalstore.es\/en\/wp-json\/wp\/v2\/product_cat?post=2924"},{"taxonomy":"product_tag","embeddable":true,"href":"https:\/\/www.colossalstore.es\/en\/wp-json\/wp\/v2\/product_tag?post=2924"}],"curies":[{"name":"wp","href":"https:\/\/api.w.org\/{rel}","templated":true}]}}