{"id":2770,"date":"2022-11-10T19:57:34","date_gmt":"2022-11-10T18:57:34","guid":{"rendered":"https:\/\/www.colossalstore.es\/?post_type=product&#038;p=2770"},"modified":"2025-06-20T11:18:09","modified_gmt":"2025-06-20T09:18:09","slug":"pokemon-2022-hidden-potential-rotom-v-fall-tin-en","status":"publish","type":"product","link":"https:\/\/www.colossalstore.es\/en\/tienda\/tcg\/pokemon\/pokemon-2022-hidden-potential-rotom-v-fall-tin-en\/","title":{"rendered":"Pok\u00e9mon TCG Rotom V Fall Tin \u2013 2022 Hidden Potential- EN"},"content":{"rendered":"<p>Pok\u00e9mon TCG Rotom V Fall Tin \u2013 2022 Hidden Potential- EN<\/p>\n<div class=\"woocommerce-tabs wc-tabs-wrapper\">\n<div id=\"tab-description\" class=\"woocommerce-Tabs-panel woocommerce-Tabs-panel--description panel entry-content wc-tab\" role=\"tabpanel\" aria-labelledby=\"tab-title-description\">\n<div class=\"introduccion\">The Pok\u00e9mon TCG Hidden Potential tin contains: 1 Rotom V holographic promo card, Pok\u00e9mon TCG booster packs, and 1 Pok\u00e9mon TCG Live code card.<\/div>\n<\/div>\n<\/div>","protected":false},"excerpt":{"rendered":"<p>Pok\u00e9mon TCG Rotom V Fall Tin &#8211; 2022 Hidden Potential- EN La lata Potencial Oculto de JCC Pok\u00e9mon contiene:1 carta hologr\u00e1fica de promoci\u00f3n de Rotom V, paquetes de mejora de JCC Pok\u00e9mon y 1 carta con c\u00f3digo para JCC Pok\u00e9mon Live.<\/p>","protected":false},"featured_media":2768,"comment_status":"open","ping_status":"closed","template":"","meta":{"_joinchat":[]},"product_brand":[],"product_cat":[49,34],"product_tag":[],"class_list":{"0":"post-2770","1":"product","2":"type-product","3":"status-publish","4":"has-post-thumbnail","6":"product_cat-pokemon","7":"product_cat-tcg","9":"first","10":"outofstock","11":"taxable","12":"shipping-taxable","13":"purchasable","14":"product-type-simple"},"yoast_head":"<!-- This site is optimized with the Yoast SEO plugin v25.7 - https:\/\/yoast.com\/wordpress\/plugins\/seo\/ -->\n<title>Pok\u00e9mon TCG Rotom V Fall Tin - 2022 Hidden Potential- EN | Colossal Store<\/title>\n<meta name=\"description\" content=\"Pok\u00e9mon TCG Rotom V Fall Tin - 2022 Hidden Potential- EN\" \/>\n<meta name=\"robots\" content=\"index, follow, max-snippet:-1, max-image-preview:large, max-video-preview:-1\" \/>\n<link rel=\"canonical\" href=\"https:\/\/www.colossalstore.es\/en\/tienda\/tcg\/pokemon\/pokemon-2022-hidden-potential-rotom-v-fall-tin-en\/\" \/>\n<meta property=\"og:locale\" content=\"en_US\" \/>\n<meta property=\"og:type\" content=\"article\" \/>\n<meta property=\"og:title\" content=\"Pok\u00e9mon TCG Rotom V Fall Tin - 2022 Hidden Potential- EN | Colossal Store\" \/>\n<meta property=\"og:description\" content=\"Pok\u00e9mon TCG Rotom V Fall Tin - 2022 Hidden Potential- EN\" \/>\n<meta property=\"og:url\" content=\"https:\/\/www.colossalstore.es\/en\/tienda\/tcg\/pokemon\/pokemon-2022-hidden-potential-rotom-v-fall-tin-en\/\" \/>\n<meta property=\"og:site_name\" content=\"Colossal Store\" \/>\n<meta property=\"article:modified_time\" content=\"2025-06-20T09:18:09+00:00\" \/>\n<meta property=\"og:image\" content=\"https:\/\/www.colossalstore.es\/wp-content\/uploads\/2022\/11\/rotom-v.webp\" \/>\n\t<meta property=\"og:image:width\" content=\"538\" \/>\n\t<meta property=\"og:image:height\" content=\"500\" \/>\n\t<meta property=\"og:image:type\" content=\"image\/webp\" \/>\n<meta name=\"twitter:card\" content=\"summary_large_image\" \/>\n<meta name=\"twitter:site\" content=\"@Colossal_Store\" \/>\n<meta name=\"twitter:label1\" content=\"Est. reading time\" \/>\n\t<meta name=\"twitter:data1\" content=\"1 minute\" \/>\n<script type=\"application\/ld+json\" class=\"yoast-schema-graph\">{\"@context\":\"https:\/\/schema.org\",\"@graph\":[{\"@type\":\"WebPage\",\"@id\":\"https:\/\/www.colossalstore.es\/tienda\/tcg\/pokemon\/pokemon-2022-hidden-potential-rotom-v-fall-tin-en\/\",\"url\":\"https:\/\/www.colossalstore.es\/tienda\/tcg\/pokemon\/pokemon-2022-hidden-potential-rotom-v-fall-tin-en\/\",\"name\":\"Pok\u00e9mon TCG Rotom V Fall Tin - 2022 Hidden Potential- EN | Colossal Store\",\"isPartOf\":{\"@id\":\"https:\/\/www.colossalstore.es\/#website\"},\"primaryImageOfPage\":{\"@id\":\"https:\/\/www.colossalstore.es\/tienda\/tcg\/pokemon\/pokemon-2022-hidden-potential-rotom-v-fall-tin-en\/#primaryimage\"},\"image\":{\"@id\":\"https:\/\/www.colossalstore.es\/tienda\/tcg\/pokemon\/pokemon-2022-hidden-potential-rotom-v-fall-tin-en\/#primaryimage\"},\"thumbnailUrl\":\"https:\/\/www.colossalstore.es\/wp-content\/uploads\/2022\/11\/rotom-v.webp\",\"datePublished\":\"2022-11-10T18:57:34+00:00\",\"dateModified\":\"2025-06-20T09:18:09+00:00\",\"description\":\"Pok\u00e9mon TCG Rotom V Fall Tin - 2022 Hidden Potential- EN\",\"breadcrumb\":{\"@id\":\"https:\/\/www.colossalstore.es\/tienda\/tcg\/pokemon\/pokemon-2022-hidden-potential-rotom-v-fall-tin-en\/#breadcrumb\"},\"inLanguage\":\"en-US\",\"potentialAction\":[{\"@type\":\"ReadAction\",\"target\":[\"https:\/\/www.colossalstore.es\/tienda\/tcg\/pokemon\/pokemon-2022-hidden-potential-rotom-v-fall-tin-en\/\"]}]},{\"@type\":\"ImageObject\",\"inLanguage\":\"en-US\",\"@id\":\"https:\/\/www.colossalstore.es\/tienda\/tcg\/pokemon\/pokemon-2022-hidden-potential-rotom-v-fall-tin-en\/#primaryimage\",\"url\":\"https:\/\/www.colossalstore.es\/wp-content\/uploads\/2022\/11\/rotom-v.webp\",\"contentUrl\":\"https:\/\/www.colossalstore.es\/wp-content\/uploads\/2022\/11\/rotom-v.webp\",\"width\":538,\"height\":500},{\"@type\":\"BreadcrumbList\",\"@id\":\"https:\/\/www.colossalstore.es\/tienda\/tcg\/pokemon\/pokemon-2022-hidden-potential-rotom-v-fall-tin-en\/#breadcrumb\",\"itemListElement\":[{\"@type\":\"ListItem\",\"position\":1,\"name\":\"Home\",\"item\":\"https:\/\/www.colossalstore.es\/\"},{\"@type\":\"ListItem\",\"position\":2,\"name\":\"Tienda\",\"item\":\"https:\/\/www.colossalstore.es\/tienda\/\"},{\"@type\":\"ListItem\",\"position\":3,\"name\":\"Pok\u00e9mon TCG Rotom V Fall Tin &#8211; 2022 Hidden Potential- EN\"}]},{\"@type\":\"WebSite\",\"@id\":\"https:\/\/www.colossalstore.es\/#website\",\"url\":\"https:\/\/www.colossalstore.es\/\",\"name\":\"Colossal Store\",\"description\":\"Colossal Store, tienda especializada en TCGs.\",\"publisher\":{\"@id\":\"https:\/\/www.colossalstore.es\/#organization\"},\"alternateName\":\"Colossal Store\",\"potentialAction\":[{\"@type\":\"SearchAction\",\"target\":{\"@type\":\"EntryPoint\",\"urlTemplate\":\"https:\/\/www.colossalstore.es\/?s={search_term_string}\"},\"query-input\":{\"@type\":\"PropertyValueSpecification\",\"valueRequired\":true,\"valueName\":\"search_term_string\"}}],\"inLanguage\":\"en-US\"},{\"@type\":\"Organization\",\"@id\":\"https:\/\/www.colossalstore.es\/#organization\",\"name\":\"Colossal Store\",\"url\":\"https:\/\/www.colossalstore.es\/\",\"logo\":{\"@type\":\"ImageObject\",\"inLanguage\":\"en-US\",\"@id\":\"https:\/\/www.colossalstore.es\/#\/schema\/logo\/image\/\",\"url\":\"https:\/\/www.colossalstore.es\/wp-content\/uploads\/2023\/05\/Colossal_Logo-02.png\",\"contentUrl\":\"https:\/\/www.colossalstore.es\/wp-content\/uploads\/2023\/05\/Colossal_Logo-02.png\",\"width\":1181,\"height\":1181,\"caption\":\"Colossal Store\"},\"image\":{\"@id\":\"https:\/\/www.colossalstore.es\/#\/schema\/logo\/image\/\"},\"sameAs\":[\"https:\/\/x.com\/Colossal_Store\",\"https:\/\/www.instagram.com\/colossal_store_tcg\/\",\"https:\/\/www.tiktok.com\/@colossalstore\"]}]}<\/script>\n<!-- \/ Yoast SEO plugin. -->","yoast_head_json":{"title":"Pok\u00e9mon TCG Rotom V Fall Tin - 2022 Hidden Potential- EN | Colossal Store","description":"Pok\u00e9mon TCG Rotom V Fall Tin - 2022 Hidden Potential- EN","robots":{"index":"index","follow":"follow","max-snippet":"max-snippet:-1","max-image-preview":"max-image-preview:large","max-video-preview":"max-video-preview:-1"},"canonical":"https:\/\/www.colossalstore.es\/en\/tienda\/tcg\/pokemon\/pokemon-2022-hidden-potential-rotom-v-fall-tin-en\/","og_locale":"en_US","og_type":"article","og_title":"Pok\u00e9mon TCG Rotom V Fall Tin - 2022 Hidden Potential- EN | Colossal Store","og_description":"Pok\u00e9mon TCG Rotom V Fall Tin - 2022 Hidden Potential- EN","og_url":"https:\/\/www.colossalstore.es\/en\/tienda\/tcg\/pokemon\/pokemon-2022-hidden-potential-rotom-v-fall-tin-en\/","og_site_name":"Colossal Store","article_modified_time":"2025-06-20T09:18:09+00:00","og_image":[{"width":538,"height":500,"url":"https:\/\/www.colossalstore.es\/wp-content\/uploads\/2022\/11\/rotom-v.webp","type":"image\/webp"}],"twitter_card":"summary_large_image","twitter_site":"@Colossal_Store","twitter_misc":{"Est. reading time":"1 minute"},"schema":{"@context":"https:\/\/schema.org","@graph":[{"@type":"WebPage","@id":"https:\/\/www.colossalstore.es\/tienda\/tcg\/pokemon\/pokemon-2022-hidden-potential-rotom-v-fall-tin-en\/","url":"https:\/\/www.colossalstore.es\/tienda\/tcg\/pokemon\/pokemon-2022-hidden-potential-rotom-v-fall-tin-en\/","name":"Pok\u00e9mon TCG Rotom V Fall Tin - 2022 Hidden Potential- EN | Colossal Store","isPartOf":{"@id":"https:\/\/www.colossalstore.es\/#website"},"primaryImageOfPage":{"@id":"https:\/\/www.colossalstore.es\/tienda\/tcg\/pokemon\/pokemon-2022-hidden-potential-rotom-v-fall-tin-en\/#primaryimage"},"image":{"@id":"https:\/\/www.colossalstore.es\/tienda\/tcg\/pokemon\/pokemon-2022-hidden-potential-rotom-v-fall-tin-en\/#primaryimage"},"thumbnailUrl":"https:\/\/www.colossalstore.es\/wp-content\/uploads\/2022\/11\/rotom-v.webp","datePublished":"2022-11-10T18:57:34+00:00","dateModified":"2025-06-20T09:18:09+00:00","description":"Pok\u00e9mon TCG Rotom V Fall Tin - 2022 Hidden Potential- EN","breadcrumb":{"@id":"https:\/\/www.colossalstore.es\/tienda\/tcg\/pokemon\/pokemon-2022-hidden-potential-rotom-v-fall-tin-en\/#breadcrumb"},"inLanguage":"en-US","potentialAction":[{"@type":"ReadAction","target":["https:\/\/www.colossalstore.es\/tienda\/tcg\/pokemon\/pokemon-2022-hidden-potential-rotom-v-fall-tin-en\/"]}]},{"@type":"ImageObject","inLanguage":"en-US","@id":"https:\/\/www.colossalstore.es\/tienda\/tcg\/pokemon\/pokemon-2022-hidden-potential-rotom-v-fall-tin-en\/#primaryimage","url":"https:\/\/www.colossalstore.es\/wp-content\/uploads\/2022\/11\/rotom-v.webp","contentUrl":"https:\/\/www.colossalstore.es\/wp-content\/uploads\/2022\/11\/rotom-v.webp","width":538,"height":500},{"@type":"BreadcrumbList","@id":"https:\/\/www.colossalstore.es\/tienda\/tcg\/pokemon\/pokemon-2022-hidden-potential-rotom-v-fall-tin-en\/#breadcrumb","itemListElement":[{"@type":"ListItem","position":1,"name":"Home","item":"https:\/\/www.colossalstore.es\/"},{"@type":"ListItem","position":2,"name":"Tienda","item":"https:\/\/www.colossalstore.es\/tienda\/"},{"@type":"ListItem","position":3,"name":"Pok\u00e9mon TCG Rotom V Fall Tin &#8211; 2022 Hidden Potential- EN"}]},{"@type":"WebSite","@id":"https:\/\/www.colossalstore.es\/#website","url":"https:\/\/www.colossalstore.es\/","name":"Colossal Store","description":"Colossal Store, store specialized in TCGs.","publisher":{"@id":"https:\/\/www.colossalstore.es\/#organization"},"alternateName":"Colossal Store","potentialAction":[{"@type":"SearchAction","target":{"@type":"EntryPoint","urlTemplate":"https:\/\/www.colossalstore.es\/?s={search_term_string}"},"query-input":{"@type":"PropertyValueSpecification","valueRequired":true,"valueName":"search_term_string"}}],"inLanguage":"en-US"},{"@type":"Organization","@id":"https:\/\/www.colossalstore.es\/#organization","name":"Colossal Store","url":"https:\/\/www.colossalstore.es\/","logo":{"@type":"ImageObject","inLanguage":"en-US","@id":"https:\/\/www.colossalstore.es\/#\/schema\/logo\/image\/","url":"https:\/\/www.colossalstore.es\/wp-content\/uploads\/2023\/05\/Colossal_Logo-02.png","contentUrl":"https:\/\/www.colossalstore.es\/wp-content\/uploads\/2023\/05\/Colossal_Logo-02.png","width":1181,"height":1181,"caption":"Colossal Store"},"image":{"@id":"https:\/\/www.colossalstore.es\/#\/schema\/logo\/image\/"},"sameAs":["https:\/\/x.com\/Colossal_Store","https:\/\/www.instagram.com\/colossal_store_tcg\/","https:\/\/www.tiktok.com\/@colossalstore"]}]}},"_links":{"self":[{"href":"https:\/\/www.colossalstore.es\/en\/wp-json\/wp\/v2\/product\/2770","targetHints":{"allow":["GET"]}}],"collection":[{"href":"https:\/\/www.colossalstore.es\/en\/wp-json\/wp\/v2\/product"}],"about":[{"href":"https:\/\/www.colossalstore.es\/en\/wp-json\/wp\/v2\/types\/product"}],"replies":[{"embeddable":true,"href":"https:\/\/www.colossalstore.es\/en\/wp-json\/wp\/v2\/comments?post=2770"}],"wp:featuredmedia":[{"embeddable":true,"href":"https:\/\/www.colossalstore.es\/en\/wp-json\/wp\/v2\/media\/2768"}],"wp:attachment":[{"href":"https:\/\/www.colossalstore.es\/en\/wp-json\/wp\/v2\/media?parent=2770"}],"wp:term":[{"taxonomy":"product_brand","embeddable":true,"href":"https:\/\/www.colossalstore.es\/en\/wp-json\/wp\/v2\/product_brand?post=2770"},{"taxonomy":"product_cat","embeddable":true,"href":"https:\/\/www.colossalstore.es\/en\/wp-json\/wp\/v2\/product_cat?post=2770"},{"taxonomy":"product_tag","embeddable":true,"href":"https:\/\/www.colossalstore.es\/en\/wp-json\/wp\/v2\/product_tag?post=2770"}],"curies":[{"name":"wp","href":"https:\/\/api.w.org\/{rel}","templated":true}]}}