{"id":2683,"date":"2022-11-05T12:46:27","date_gmt":"2022-11-05T11:46:27","guid":{"rendered":"https:\/\/www.colossalstore.es\/?post_type=product&#038;p=2683"},"modified":"2026-01-05T20:43:35","modified_gmt":"2026-01-05T19:43:35","slug":"my-hero-academia-no-06","status":"publish","type":"product","link":"https:\/\/www.colossalstore.es\/en\/tienda\/manga\/my-hero-academia-no-06\/","title":{"rendered":"MY HERO ACADEMIA 06"},"content":{"rendered":"<p>My Hero Academia 6 (Kohei Horikoshi)<\/p>\n<p>Just after the sports festival ends, Iida learns that a villain has attacked his brother. Iida seems to keep his composure\u2026 A few days later, it\u2019s our turn to live the real experience at the hero agencies with the professionals. The path I want to follow\u2026 to change. I won\u2019t run away from my father again! Plus ultra (beyond)!<\/p>","protected":false},"excerpt":{"rendered":"<p>My Hero Academia 6 (Kohei Horikoshi) Justo al terminar el festival deportivo, Iida se entera de que un villano ha atacado a su hermano. Iida parece mantener la compostura&#8230; Unos d\u00edas despu\u00e9s, a nosotros nos toca vivir la experiencia real en las agencias de h\u00e9roes con los profesionales. El camino que quiero seguir&#8230; para cambiar. [&hellip;]<\/p>","protected":false},"featured_media":2684,"comment_status":"open","ping_status":"closed","template":"","meta":{"_joinchat":[]},"product_brand":[],"product_cat":[32],"product_tag":[],"class_list":{"0":"post-2683","1":"product","2":"type-product","3":"status-publish","4":"has-post-thumbnail","6":"product_cat-manga","8":"first","9":"outofstock","10":"sale","11":"taxable","12":"shipping-taxable","13":"purchasable","14":"product-type-simple"},"yoast_head":"<!-- This site is optimized with the Yoast SEO plugin v25.7 - https:\/\/yoast.com\/wordpress\/plugins\/seo\/ -->\n<title>My Hero Academia 6 (Kohei Horikoshi) | Colossal Store<\/title>\n<meta name=\"description\" content=\"My Hero Academia 6 (Kohei Horikoshi): Justo al terminar el festival deportivo, Iida se entera de que un villano ha atacado a su hermano. Iida parece mantener la compostura... Unos d\u00edas despu\u00e9s, a nosotros nos toca vivir la experiencia real en las agencias de h\u00e9roes con los profesionales. El camino que quiero seguir... para cambiar. \u00a1No volver\u00e9 a huir de mi padre! \u00a1Plus ultra (m\u00e1s all\u00e1)!\" \/>\n<meta name=\"robots\" content=\"index, follow, max-snippet:-1, max-image-preview:large, max-video-preview:-1\" \/>\n<link rel=\"canonical\" href=\"https:\/\/www.colossalstore.es\/en\/tienda\/manga\/my-hero-academia-no-06\/\" \/>\n<meta property=\"og:locale\" content=\"en_US\" \/>\n<meta property=\"og:type\" content=\"article\" \/>\n<meta property=\"og:title\" content=\"My Hero Academia 6 (Kohei Horikoshi) | Colossal Store\" \/>\n<meta property=\"og:description\" content=\"My Hero Academia 6 (Kohei Horikoshi): Justo al terminar el festival deportivo, Iida se entera de que un villano ha atacado a su hermano. Iida parece mantener la compostura... Unos d\u00edas despu\u00e9s, a nosotros nos toca vivir la experiencia real en las agencias de h\u00e9roes con los profesionales. El camino que quiero seguir... para cambiar. \u00a1No volver\u00e9 a huir de mi padre! \u00a1Plus ultra (m\u00e1s all\u00e1)!\" \/>\n<meta property=\"og:url\" content=\"https:\/\/www.colossalstore.es\/en\/tienda\/manga\/my-hero-academia-no-06\/\" \/>\n<meta property=\"og:site_name\" content=\"Colossal Store\" \/>\n<meta property=\"article:modified_time\" content=\"2026-01-05T19:43:35+00:00\" \/>\n<meta property=\"og:image\" content=\"https:\/\/www.colossalstore.es\/wp-content\/uploads\/2022\/11\/0e6129f77bbd44e6837021e05fc7bb6c.jpg\" \/>\n\t<meta property=\"og:image:width\" content=\"652\" \/>\n\t<meta property=\"og:image:height\" content=\"1000\" \/>\n\t<meta property=\"og:image:type\" content=\"image\/jpeg\" \/>\n<meta name=\"twitter:card\" content=\"summary_large_image\" \/>\n<meta name=\"twitter:site\" content=\"@Colossal_Store\" \/>\n<meta name=\"twitter:label1\" content=\"Est. reading time\" \/>\n\t<meta name=\"twitter:data1\" content=\"1 minute\" \/>\n<script type=\"application\/ld+json\" class=\"yoast-schema-graph\">{\"@context\":\"https:\/\/schema.org\",\"@graph\":[{\"@type\":\"WebPage\",\"@id\":\"https:\/\/www.colossalstore.es\/tienda\/manga\/my-hero-academia-no-06\/\",\"url\":\"https:\/\/www.colossalstore.es\/tienda\/manga\/my-hero-academia-no-06\/\",\"name\":\"My Hero Academia 6 (Kohei Horikoshi) | Colossal Store\",\"isPartOf\":{\"@id\":\"https:\/\/www.colossalstore.es\/#website\"},\"primaryImageOfPage\":{\"@id\":\"https:\/\/www.colossalstore.es\/tienda\/manga\/my-hero-academia-no-06\/#primaryimage\"},\"image\":{\"@id\":\"https:\/\/www.colossalstore.es\/tienda\/manga\/my-hero-academia-no-06\/#primaryimage\"},\"thumbnailUrl\":\"https:\/\/www.colossalstore.es\/wp-content\/uploads\/2022\/11\/0e6129f77bbd44e6837021e05fc7bb6c.jpg\",\"datePublished\":\"2022-11-05T11:46:27+00:00\",\"dateModified\":\"2026-01-05T19:43:35+00:00\",\"description\":\"My Hero Academia 6 (Kohei Horikoshi): Justo al terminar el festival deportivo, Iida se entera de que un villano ha atacado a su hermano. Iida parece mantener la compostura... Unos d\u00edas despu\u00e9s, a nosotros nos toca vivir la experiencia real en las agencias de h\u00e9roes con los profesionales. El camino que quiero seguir... para cambiar. \u00a1No volver\u00e9 a huir de mi padre! \u00a1Plus ultra (m\u00e1s all\u00e1)!\",\"breadcrumb\":{\"@id\":\"https:\/\/www.colossalstore.es\/tienda\/manga\/my-hero-academia-no-06\/#breadcrumb\"},\"inLanguage\":\"en-US\",\"potentialAction\":[{\"@type\":\"ReadAction\",\"target\":[\"https:\/\/www.colossalstore.es\/tienda\/manga\/my-hero-academia-no-06\/\"]}]},{\"@type\":\"ImageObject\",\"inLanguage\":\"en-US\",\"@id\":\"https:\/\/www.colossalstore.es\/tienda\/manga\/my-hero-academia-no-06\/#primaryimage\",\"url\":\"https:\/\/www.colossalstore.es\/wp-content\/uploads\/2022\/11\/0e6129f77bbd44e6837021e05fc7bb6c.jpg\",\"contentUrl\":\"https:\/\/www.colossalstore.es\/wp-content\/uploads\/2022\/11\/0e6129f77bbd44e6837021e05fc7bb6c.jpg\",\"width\":652,\"height\":1000},{\"@type\":\"BreadcrumbList\",\"@id\":\"https:\/\/www.colossalstore.es\/tienda\/manga\/my-hero-academia-no-06\/#breadcrumb\",\"itemListElement\":[{\"@type\":\"ListItem\",\"position\":1,\"name\":\"Home\",\"item\":\"https:\/\/www.colossalstore.es\/\"},{\"@type\":\"ListItem\",\"position\":2,\"name\":\"Tienda\",\"item\":\"https:\/\/www.colossalstore.es\/tienda\/\"},{\"@type\":\"ListItem\",\"position\":3,\"name\":\"MY HERO ACADEMIA 06\"}]},{\"@type\":\"WebSite\",\"@id\":\"https:\/\/www.colossalstore.es\/#website\",\"url\":\"https:\/\/www.colossalstore.es\/\",\"name\":\"Colossal Store\",\"description\":\"Colossal Store, tienda especializada en TCGs.\",\"publisher\":{\"@id\":\"https:\/\/www.colossalstore.es\/#organization\"},\"alternateName\":\"Colossal Store\",\"potentialAction\":[{\"@type\":\"SearchAction\",\"target\":{\"@type\":\"EntryPoint\",\"urlTemplate\":\"https:\/\/www.colossalstore.es\/?s={search_term_string}\"},\"query-input\":{\"@type\":\"PropertyValueSpecification\",\"valueRequired\":true,\"valueName\":\"search_term_string\"}}],\"inLanguage\":\"en-US\"},{\"@type\":\"Organization\",\"@id\":\"https:\/\/www.colossalstore.es\/#organization\",\"name\":\"Colossal Store\",\"url\":\"https:\/\/www.colossalstore.es\/\",\"logo\":{\"@type\":\"ImageObject\",\"inLanguage\":\"en-US\",\"@id\":\"https:\/\/www.colossalstore.es\/#\/schema\/logo\/image\/\",\"url\":\"https:\/\/www.colossalstore.es\/wp-content\/uploads\/2023\/05\/Colossal_Logo-02.png\",\"contentUrl\":\"https:\/\/www.colossalstore.es\/wp-content\/uploads\/2023\/05\/Colossal_Logo-02.png\",\"width\":1181,\"height\":1181,\"caption\":\"Colossal Store\"},\"image\":{\"@id\":\"https:\/\/www.colossalstore.es\/#\/schema\/logo\/image\/\"},\"sameAs\":[\"https:\/\/x.com\/Colossal_Store\",\"https:\/\/www.instagram.com\/colossal_store_tcg\/\",\"https:\/\/www.tiktok.com\/@colossalstore\"]}]}<\/script>\n<!-- \/ Yoast SEO plugin. -->","yoast_head_json":{"title":"My Hero Academia 6 (Kohei Horikoshi) | Colossal Store","description":"My Hero Academia 6 (Kohei Horikoshi): Justo al terminar el festival deportivo, Iida se entera de que un villano ha atacado a su hermano. Iida parece mantener la compostura... Unos d\u00edas despu\u00e9s, a nosotros nos toca vivir la experiencia real en las agencias de h\u00e9roes con los profesionales. El camino que quiero seguir... para cambiar. \u00a1No volver\u00e9 a huir de mi padre! \u00a1Plus ultra (m\u00e1s all\u00e1)!","robots":{"index":"index","follow":"follow","max-snippet":"max-snippet:-1","max-image-preview":"max-image-preview:large","max-video-preview":"max-video-preview:-1"},"canonical":"https:\/\/www.colossalstore.es\/en\/tienda\/manga\/my-hero-academia-no-06\/","og_locale":"en_US","og_type":"article","og_title":"My Hero Academia 6 (Kohei Horikoshi) | Colossal Store","og_description":"My Hero Academia 6 (Kohei Horikoshi): Justo al terminar el festival deportivo, Iida se entera de que un villano ha atacado a su hermano. Iida parece mantener la compostura... Unos d\u00edas despu\u00e9s, a nosotros nos toca vivir la experiencia real en las agencias de h\u00e9roes con los profesionales. El camino que quiero seguir... para cambiar. \u00a1No volver\u00e9 a huir de mi padre! \u00a1Plus ultra (m\u00e1s all\u00e1)!","og_url":"https:\/\/www.colossalstore.es\/en\/tienda\/manga\/my-hero-academia-no-06\/","og_site_name":"Colossal Store","article_modified_time":"2026-01-05T19:43:35+00:00","og_image":[{"width":652,"height":1000,"url":"https:\/\/www.colossalstore.es\/wp-content\/uploads\/2022\/11\/0e6129f77bbd44e6837021e05fc7bb6c.jpg","type":"image\/jpeg"}],"twitter_card":"summary_large_image","twitter_site":"@Colossal_Store","twitter_misc":{"Est. reading time":"1 minute"},"schema":{"@context":"https:\/\/schema.org","@graph":[{"@type":"WebPage","@id":"https:\/\/www.colossalstore.es\/tienda\/manga\/my-hero-academia-no-06\/","url":"https:\/\/www.colossalstore.es\/tienda\/manga\/my-hero-academia-no-06\/","name":"My Hero Academia 6 (Kohei Horikoshi) | Colossal Store","isPartOf":{"@id":"https:\/\/www.colossalstore.es\/#website"},"primaryImageOfPage":{"@id":"https:\/\/www.colossalstore.es\/tienda\/manga\/my-hero-academia-no-06\/#primaryimage"},"image":{"@id":"https:\/\/www.colossalstore.es\/tienda\/manga\/my-hero-academia-no-06\/#primaryimage"},"thumbnailUrl":"https:\/\/www.colossalstore.es\/wp-content\/uploads\/2022\/11\/0e6129f77bbd44e6837021e05fc7bb6c.jpg","datePublished":"2022-11-05T11:46:27+00:00","dateModified":"2026-01-05T19:43:35+00:00","description":"My Hero Academia 6 (Kohei Horikoshi): Justo al terminar el festival deportivo, Iida se entera de que un villano ha atacado a su hermano. Iida parece mantener la compostura... Unos d\u00edas despu\u00e9s, a nosotros nos toca vivir la experiencia real en las agencias de h\u00e9roes con los profesionales. El camino que quiero seguir... para cambiar. \u00a1No volver\u00e9 a huir de mi padre! \u00a1Plus ultra (m\u00e1s all\u00e1)!","breadcrumb":{"@id":"https:\/\/www.colossalstore.es\/tienda\/manga\/my-hero-academia-no-06\/#breadcrumb"},"inLanguage":"en-US","potentialAction":[{"@type":"ReadAction","target":["https:\/\/www.colossalstore.es\/tienda\/manga\/my-hero-academia-no-06\/"]}]},{"@type":"ImageObject","inLanguage":"en-US","@id":"https:\/\/www.colossalstore.es\/tienda\/manga\/my-hero-academia-no-06\/#primaryimage","url":"https:\/\/www.colossalstore.es\/wp-content\/uploads\/2022\/11\/0e6129f77bbd44e6837021e05fc7bb6c.jpg","contentUrl":"https:\/\/www.colossalstore.es\/wp-content\/uploads\/2022\/11\/0e6129f77bbd44e6837021e05fc7bb6c.jpg","width":652,"height":1000},{"@type":"BreadcrumbList","@id":"https:\/\/www.colossalstore.es\/tienda\/manga\/my-hero-academia-no-06\/#breadcrumb","itemListElement":[{"@type":"ListItem","position":1,"name":"Home","item":"https:\/\/www.colossalstore.es\/"},{"@type":"ListItem","position":2,"name":"Tienda","item":"https:\/\/www.colossalstore.es\/tienda\/"},{"@type":"ListItem","position":3,"name":"MY HERO ACADEMIA 06"}]},{"@type":"WebSite","@id":"https:\/\/www.colossalstore.es\/#website","url":"https:\/\/www.colossalstore.es\/","name":"Colossal Store","description":"Colossal Store, store specialized in TCGs.","publisher":{"@id":"https:\/\/www.colossalstore.es\/#organization"},"alternateName":"Colossal Store","potentialAction":[{"@type":"SearchAction","target":{"@type":"EntryPoint","urlTemplate":"https:\/\/www.colossalstore.es\/?s={search_term_string}"},"query-input":{"@type":"PropertyValueSpecification","valueRequired":true,"valueName":"search_term_string"}}],"inLanguage":"en-US"},{"@type":"Organization","@id":"https:\/\/www.colossalstore.es\/#organization","name":"Colossal Store","url":"https:\/\/www.colossalstore.es\/","logo":{"@type":"ImageObject","inLanguage":"en-US","@id":"https:\/\/www.colossalstore.es\/#\/schema\/logo\/image\/","url":"https:\/\/www.colossalstore.es\/wp-content\/uploads\/2023\/05\/Colossal_Logo-02.png","contentUrl":"https:\/\/www.colossalstore.es\/wp-content\/uploads\/2023\/05\/Colossal_Logo-02.png","width":1181,"height":1181,"caption":"Colossal Store"},"image":{"@id":"https:\/\/www.colossalstore.es\/#\/schema\/logo\/image\/"},"sameAs":["https:\/\/x.com\/Colossal_Store","https:\/\/www.instagram.com\/colossal_store_tcg\/","https:\/\/www.tiktok.com\/@colossalstore"]}]}},"_links":{"self":[{"href":"https:\/\/www.colossalstore.es\/en\/wp-json\/wp\/v2\/product\/2683","targetHints":{"allow":["GET"]}}],"collection":[{"href":"https:\/\/www.colossalstore.es\/en\/wp-json\/wp\/v2\/product"}],"about":[{"href":"https:\/\/www.colossalstore.es\/en\/wp-json\/wp\/v2\/types\/product"}],"replies":[{"embeddable":true,"href":"https:\/\/www.colossalstore.es\/en\/wp-json\/wp\/v2\/comments?post=2683"}],"wp:featuredmedia":[{"embeddable":true,"href":"https:\/\/www.colossalstore.es\/en\/wp-json\/wp\/v2\/media\/2684"}],"wp:attachment":[{"href":"https:\/\/www.colossalstore.es\/en\/wp-json\/wp\/v2\/media?parent=2683"}],"wp:term":[{"taxonomy":"product_brand","embeddable":true,"href":"https:\/\/www.colossalstore.es\/en\/wp-json\/wp\/v2\/product_brand?post=2683"},{"taxonomy":"product_cat","embeddable":true,"href":"https:\/\/www.colossalstore.es\/en\/wp-json\/wp\/v2\/product_cat?post=2683"},{"taxonomy":"product_tag","embeddable":true,"href":"https:\/\/www.colossalstore.es\/en\/wp-json\/wp\/v2\/product_tag?post=2683"}],"curies":[{"name":"wp","href":"https:\/\/api.w.org\/{rel}","templated":true}]}}