{"id":2681,"date":"2022-11-05T12:44:49","date_gmt":"2022-11-05T11:44:49","guid":{"rendered":"https:\/\/www.colossalstore.es\/?post_type=product&#038;p=2681"},"modified":"2025-06-20T11:18:10","modified_gmt":"2025-06-20T09:18:10","slug":"my-hero-academia-no-05","status":"publish","type":"product","link":"https:\/\/www.colossalstore.es\/en\/tienda\/manga\/my-hero-academia-no-05\/","title":{"rendered":"My Hero Academia #05"},"content":{"rendered":"<p>My Hero Academia 5 (Kohei Horikoshi)<\/p>\n<p>The final match of the first round of the tournament! Bakug\u00f4 is very strong, but Uraraka is very focused. I wish them both luck. They are all friends and rivals! I also have to fight in battle like the hero that is my brother! Plus ultra (beyond)!<\/p>","protected":false},"excerpt":{"rendered":"<p>My Hero Academia 5 (Kohei Horikoshi) \u00a1El \u00faltimo enfrentamiento de la primera ronda del torneo! Bakug\u00f4 es muy fuerte, pero Uraraka est\u00e1 muy concentrada. Les deseo suerte a ambos. \u00a1Todos son amigos y rivales! \u00a1Yo tambi\u00e9n tengo que lidiar en la batalla como el h\u00e9roe que es mi hermano! \u00a1Plus ultra (m\u00e1s all\u00e1)!<\/p>","protected":false},"featured_media":2682,"comment_status":"open","ping_status":"closed","template":"","meta":{"_joinchat":[]},"product_brand":[],"product_cat":[32],"product_tag":[],"class_list":{"0":"post-2681","1":"product","2":"type-product","3":"status-publish","4":"has-post-thumbnail","6":"product_cat-manga","8":"first","9":"outofstock","10":"sale","11":"taxable","12":"shipping-taxable","13":"purchasable","14":"product-type-simple"},"yoast_head":"<!-- This site is optimized with the Yoast SEO plugin v25.7 - https:\/\/yoast.com\/wordpress\/plugins\/seo\/ -->\n<title>My Hero Academia 5 (Kohei Horikoshi) | Colossal Store<\/title>\n<meta name=\"description\" content=\"My Hero Academia 5 (Kohei Horikoshi): \u00a1El \u00faltimo enfrentamiento de la primera ronda del torneo! Bakug\u00f4 es muy fuerte, pero Uraraka est\u00e1 muy concentrada. Les deseo suerte a ambos. \u00a1Todos son amigos y rivales! \u00a1Yo tambi\u00e9n tengo que lidiar en la batalla como el h\u00e9roe que es mi hermano! \u00a1Plus ultra (m\u00e1s all\u00e1)!\" \/>\n<meta name=\"robots\" content=\"index, follow, max-snippet:-1, max-image-preview:large, max-video-preview:-1\" \/>\n<link rel=\"canonical\" href=\"https:\/\/www.colossalstore.es\/en\/tienda\/manga\/my-hero-academia-no-05\/\" \/>\n<meta property=\"og:locale\" content=\"en_US\" \/>\n<meta property=\"og:type\" content=\"article\" \/>\n<meta property=\"og:title\" content=\"My Hero Academia 5 (Kohei Horikoshi) | Colossal Store\" \/>\n<meta property=\"og:description\" content=\"My Hero Academia 5 (Kohei Horikoshi): \u00a1El \u00faltimo enfrentamiento de la primera ronda del torneo! Bakug\u00f4 es muy fuerte, pero Uraraka est\u00e1 muy concentrada. Les deseo suerte a ambos. \u00a1Todos son amigos y rivales! \u00a1Yo tambi\u00e9n tengo que lidiar en la batalla como el h\u00e9roe que es mi hermano! \u00a1Plus ultra (m\u00e1s all\u00e1)!\" \/>\n<meta property=\"og:url\" content=\"https:\/\/www.colossalstore.es\/en\/tienda\/manga\/my-hero-academia-no-05\/\" \/>\n<meta property=\"og:site_name\" content=\"Colossal Store\" \/>\n<meta property=\"article:modified_time\" content=\"2025-06-20T09:18:10+00:00\" \/>\n<meta property=\"og:image\" content=\"https:\/\/www.colossalstore.es\/wp-content\/uploads\/2022\/11\/my-hero-academia-5-planeta-comic.jpg\" \/>\n\t<meta property=\"og:image:width\" content=\"800\" \/>\n\t<meta property=\"og:image:height\" content=\"800\" \/>\n\t<meta property=\"og:image:type\" content=\"image\/jpeg\" \/>\n<meta name=\"twitter:card\" content=\"summary_large_image\" \/>\n<meta name=\"twitter:site\" content=\"@Colossal_Store\" \/>\n<meta name=\"twitter:label1\" content=\"Est. reading time\" \/>\n\t<meta name=\"twitter:data1\" content=\"1 minute\" \/>\n<script type=\"application\/ld+json\" class=\"yoast-schema-graph\">{\"@context\":\"https:\/\/schema.org\",\"@graph\":[{\"@type\":\"WebPage\",\"@id\":\"https:\/\/www.colossalstore.es\/tienda\/manga\/my-hero-academia-no-05\/\",\"url\":\"https:\/\/www.colossalstore.es\/tienda\/manga\/my-hero-academia-no-05\/\",\"name\":\"My Hero Academia 5 (Kohei Horikoshi) | Colossal Store\",\"isPartOf\":{\"@id\":\"https:\/\/www.colossalstore.es\/#website\"},\"primaryImageOfPage\":{\"@id\":\"https:\/\/www.colossalstore.es\/tienda\/manga\/my-hero-academia-no-05\/#primaryimage\"},\"image\":{\"@id\":\"https:\/\/www.colossalstore.es\/tienda\/manga\/my-hero-academia-no-05\/#primaryimage\"},\"thumbnailUrl\":\"https:\/\/www.colossalstore.es\/wp-content\/uploads\/2022\/11\/my-hero-academia-5-planeta-comic.jpg\",\"datePublished\":\"2022-11-05T11:44:49+00:00\",\"dateModified\":\"2025-06-20T09:18:10+00:00\",\"description\":\"My Hero Academia 5 (Kohei Horikoshi): \u00a1El \u00faltimo enfrentamiento de la primera ronda del torneo! Bakug\u00f4 es muy fuerte, pero Uraraka est\u00e1 muy concentrada. Les deseo suerte a ambos. \u00a1Todos son amigos y rivales! \u00a1Yo tambi\u00e9n tengo que lidiar en la batalla como el h\u00e9roe que es mi hermano! \u00a1Plus ultra (m\u00e1s all\u00e1)!\",\"breadcrumb\":{\"@id\":\"https:\/\/www.colossalstore.es\/tienda\/manga\/my-hero-academia-no-05\/#breadcrumb\"},\"inLanguage\":\"en-US\",\"potentialAction\":[{\"@type\":\"ReadAction\",\"target\":[\"https:\/\/www.colossalstore.es\/tienda\/manga\/my-hero-academia-no-05\/\"]}]},{\"@type\":\"ImageObject\",\"inLanguage\":\"en-US\",\"@id\":\"https:\/\/www.colossalstore.es\/tienda\/manga\/my-hero-academia-no-05\/#primaryimage\",\"url\":\"https:\/\/www.colossalstore.es\/wp-content\/uploads\/2022\/11\/my-hero-academia-5-planeta-comic.jpg\",\"contentUrl\":\"https:\/\/www.colossalstore.es\/wp-content\/uploads\/2022\/11\/my-hero-academia-5-planeta-comic.jpg\",\"width\":800,\"height\":800},{\"@type\":\"BreadcrumbList\",\"@id\":\"https:\/\/www.colossalstore.es\/tienda\/manga\/my-hero-academia-no-05\/#breadcrumb\",\"itemListElement\":[{\"@type\":\"ListItem\",\"position\":1,\"name\":\"Home\",\"item\":\"https:\/\/www.colossalstore.es\/\"},{\"@type\":\"ListItem\",\"position\":2,\"name\":\"Tienda\",\"item\":\"https:\/\/www.colossalstore.es\/tienda\/\"},{\"@type\":\"ListItem\",\"position\":3,\"name\":\"My Hero Academia n\u00ba 05\"}]},{\"@type\":\"WebSite\",\"@id\":\"https:\/\/www.colossalstore.es\/#website\",\"url\":\"https:\/\/www.colossalstore.es\/\",\"name\":\"Colossal Store\",\"description\":\"Colossal Store, tienda especializada en TCGs.\",\"publisher\":{\"@id\":\"https:\/\/www.colossalstore.es\/#organization\"},\"alternateName\":\"Colossal Store\",\"potentialAction\":[{\"@type\":\"SearchAction\",\"target\":{\"@type\":\"EntryPoint\",\"urlTemplate\":\"https:\/\/www.colossalstore.es\/?s={search_term_string}\"},\"query-input\":{\"@type\":\"PropertyValueSpecification\",\"valueRequired\":true,\"valueName\":\"search_term_string\"}}],\"inLanguage\":\"en-US\"},{\"@type\":\"Organization\",\"@id\":\"https:\/\/www.colossalstore.es\/#organization\",\"name\":\"Colossal Store\",\"url\":\"https:\/\/www.colossalstore.es\/\",\"logo\":{\"@type\":\"ImageObject\",\"inLanguage\":\"en-US\",\"@id\":\"https:\/\/www.colossalstore.es\/#\/schema\/logo\/image\/\",\"url\":\"https:\/\/www.colossalstore.es\/wp-content\/uploads\/2023\/05\/Colossal_Logo-02.png\",\"contentUrl\":\"https:\/\/www.colossalstore.es\/wp-content\/uploads\/2023\/05\/Colossal_Logo-02.png\",\"width\":1181,\"height\":1181,\"caption\":\"Colossal Store\"},\"image\":{\"@id\":\"https:\/\/www.colossalstore.es\/#\/schema\/logo\/image\/\"},\"sameAs\":[\"https:\/\/x.com\/Colossal_Store\",\"https:\/\/www.instagram.com\/colossal_store_tcg\/\",\"https:\/\/www.tiktok.com\/@colossalstore\"]}]}<\/script>\n<!-- \/ Yoast SEO plugin. -->","yoast_head_json":{"title":"My Hero Academia 5 (Kohei Horikoshi) | Colossal Store","description":"My Hero Academia 5 (Kohei Horikoshi): \u00a1El \u00faltimo enfrentamiento de la primera ronda del torneo! Bakug\u00f4 es muy fuerte, pero Uraraka est\u00e1 muy concentrada. Les deseo suerte a ambos. \u00a1Todos son amigos y rivales! \u00a1Yo tambi\u00e9n tengo que lidiar en la batalla como el h\u00e9roe que es mi hermano! \u00a1Plus ultra (m\u00e1s all\u00e1)!","robots":{"index":"index","follow":"follow","max-snippet":"max-snippet:-1","max-image-preview":"max-image-preview:large","max-video-preview":"max-video-preview:-1"},"canonical":"https:\/\/www.colossalstore.es\/en\/tienda\/manga\/my-hero-academia-no-05\/","og_locale":"en_US","og_type":"article","og_title":"My Hero Academia 5 (Kohei Horikoshi) | Colossal Store","og_description":"My Hero Academia 5 (Kohei Horikoshi): \u00a1El \u00faltimo enfrentamiento de la primera ronda del torneo! Bakug\u00f4 es muy fuerte, pero Uraraka est\u00e1 muy concentrada. Les deseo suerte a ambos. \u00a1Todos son amigos y rivales! \u00a1Yo tambi\u00e9n tengo que lidiar en la batalla como el h\u00e9roe que es mi hermano! \u00a1Plus ultra (m\u00e1s all\u00e1)!","og_url":"https:\/\/www.colossalstore.es\/en\/tienda\/manga\/my-hero-academia-no-05\/","og_site_name":"Colossal Store","article_modified_time":"2025-06-20T09:18:10+00:00","og_image":[{"width":800,"height":800,"url":"https:\/\/www.colossalstore.es\/wp-content\/uploads\/2022\/11\/my-hero-academia-5-planeta-comic.jpg","type":"image\/jpeg"}],"twitter_card":"summary_large_image","twitter_site":"@Colossal_Store","twitter_misc":{"Est. reading time":"1 minute"},"schema":{"@context":"https:\/\/schema.org","@graph":[{"@type":"WebPage","@id":"https:\/\/www.colossalstore.es\/tienda\/manga\/my-hero-academia-no-05\/","url":"https:\/\/www.colossalstore.es\/tienda\/manga\/my-hero-academia-no-05\/","name":"My Hero Academia 5 (Kohei Horikoshi) | Colossal Store","isPartOf":{"@id":"https:\/\/www.colossalstore.es\/#website"},"primaryImageOfPage":{"@id":"https:\/\/www.colossalstore.es\/tienda\/manga\/my-hero-academia-no-05\/#primaryimage"},"image":{"@id":"https:\/\/www.colossalstore.es\/tienda\/manga\/my-hero-academia-no-05\/#primaryimage"},"thumbnailUrl":"https:\/\/www.colossalstore.es\/wp-content\/uploads\/2022\/11\/my-hero-academia-5-planeta-comic.jpg","datePublished":"2022-11-05T11:44:49+00:00","dateModified":"2025-06-20T09:18:10+00:00","description":"My Hero Academia 5 (Kohei Horikoshi): \u00a1El \u00faltimo enfrentamiento de la primera ronda del torneo! Bakug\u00f4 es muy fuerte, pero Uraraka est\u00e1 muy concentrada. Les deseo suerte a ambos. \u00a1Todos son amigos y rivales! \u00a1Yo tambi\u00e9n tengo que lidiar en la batalla como el h\u00e9roe que es mi hermano! \u00a1Plus ultra (m\u00e1s all\u00e1)!","breadcrumb":{"@id":"https:\/\/www.colossalstore.es\/tienda\/manga\/my-hero-academia-no-05\/#breadcrumb"},"inLanguage":"en-US","potentialAction":[{"@type":"ReadAction","target":["https:\/\/www.colossalstore.es\/tienda\/manga\/my-hero-academia-no-05\/"]}]},{"@type":"ImageObject","inLanguage":"en-US","@id":"https:\/\/www.colossalstore.es\/tienda\/manga\/my-hero-academia-no-05\/#primaryimage","url":"https:\/\/www.colossalstore.es\/wp-content\/uploads\/2022\/11\/my-hero-academia-5-planeta-comic.jpg","contentUrl":"https:\/\/www.colossalstore.es\/wp-content\/uploads\/2022\/11\/my-hero-academia-5-planeta-comic.jpg","width":800,"height":800},{"@type":"BreadcrumbList","@id":"https:\/\/www.colossalstore.es\/tienda\/manga\/my-hero-academia-no-05\/#breadcrumb","itemListElement":[{"@type":"ListItem","position":1,"name":"Home","item":"https:\/\/www.colossalstore.es\/"},{"@type":"ListItem","position":2,"name":"Tienda","item":"https:\/\/www.colossalstore.es\/tienda\/"},{"@type":"ListItem","position":3,"name":"My Hero Academia n\u00ba 05"}]},{"@type":"WebSite","@id":"https:\/\/www.colossalstore.es\/#website","url":"https:\/\/www.colossalstore.es\/","name":"Colossal Store","description":"Colossal Store, store specialized in TCGs.","publisher":{"@id":"https:\/\/www.colossalstore.es\/#organization"},"alternateName":"Colossal Store","potentialAction":[{"@type":"SearchAction","target":{"@type":"EntryPoint","urlTemplate":"https:\/\/www.colossalstore.es\/?s={search_term_string}"},"query-input":{"@type":"PropertyValueSpecification","valueRequired":true,"valueName":"search_term_string"}}],"inLanguage":"en-US"},{"@type":"Organization","@id":"https:\/\/www.colossalstore.es\/#organization","name":"Colossal Store","url":"https:\/\/www.colossalstore.es\/","logo":{"@type":"ImageObject","inLanguage":"en-US","@id":"https:\/\/www.colossalstore.es\/#\/schema\/logo\/image\/","url":"https:\/\/www.colossalstore.es\/wp-content\/uploads\/2023\/05\/Colossal_Logo-02.png","contentUrl":"https:\/\/www.colossalstore.es\/wp-content\/uploads\/2023\/05\/Colossal_Logo-02.png","width":1181,"height":1181,"caption":"Colossal Store"},"image":{"@id":"https:\/\/www.colossalstore.es\/#\/schema\/logo\/image\/"},"sameAs":["https:\/\/x.com\/Colossal_Store","https:\/\/www.instagram.com\/colossal_store_tcg\/","https:\/\/www.tiktok.com\/@colossalstore"]}]}},"_links":{"self":[{"href":"https:\/\/www.colossalstore.es\/en\/wp-json\/wp\/v2\/product\/2681","targetHints":{"allow":["GET"]}}],"collection":[{"href":"https:\/\/www.colossalstore.es\/en\/wp-json\/wp\/v2\/product"}],"about":[{"href":"https:\/\/www.colossalstore.es\/en\/wp-json\/wp\/v2\/types\/product"}],"replies":[{"embeddable":true,"href":"https:\/\/www.colossalstore.es\/en\/wp-json\/wp\/v2\/comments?post=2681"}],"wp:featuredmedia":[{"embeddable":true,"href":"https:\/\/www.colossalstore.es\/en\/wp-json\/wp\/v2\/media\/2682"}],"wp:attachment":[{"href":"https:\/\/www.colossalstore.es\/en\/wp-json\/wp\/v2\/media?parent=2681"}],"wp:term":[{"taxonomy":"product_brand","embeddable":true,"href":"https:\/\/www.colossalstore.es\/en\/wp-json\/wp\/v2\/product_brand?post=2681"},{"taxonomy":"product_cat","embeddable":true,"href":"https:\/\/www.colossalstore.es\/en\/wp-json\/wp\/v2\/product_cat?post=2681"},{"taxonomy":"product_tag","embeddable":true,"href":"https:\/\/www.colossalstore.es\/en\/wp-json\/wp\/v2\/product_tag?post=2681"}],"curies":[{"name":"wp","href":"https:\/\/api.w.org\/{rel}","templated":true}]}}