{"id":2679,"date":"2022-11-05T12:43:55","date_gmt":"2022-11-05T11:43:55","guid":{"rendered":"https:\/\/www.colossalstore.es\/?post_type=product&#038;p=2679"},"modified":"2025-06-20T11:18:10","modified_gmt":"2025-06-20T09:18:10","slug":"my-hero-academia-no-04","status":"publish","type":"product","link":"https:\/\/www.colossalstore.es\/en\/tienda\/manga\/my-hero-academia-no-04\/","title":{"rendered":"My Hero Academia #04"},"content":{"rendered":"<p>My Hero Academia 4 (Kohei Horikoshi)<\/p>\n<p>In the obstacle course, our friend Deku came in first, which will make him have a tough time in the next team event. But it means that everyone will be watching him, so Deku will definitely come out on top! I can&#039;t be left behind either! Cheers to Mom and Dad! Plus ultra (beyond)!<\/p>","protected":false},"excerpt":{"rendered":"<p>My Hero Academia 4 (Kohei Horikoshi) En la carrera de obst\u00e1culos, nuestro amigo Deku ha quedado el primero, lo que le har\u00e1 pasarlo mal en la siguiente prueba por equipos. \u00a1Pero significa que todos estar\u00e1n pendientes de \u00e9l, seguro que Deku saldr\u00e1 bien parado! \u00a1Yo tampoco puedo quedarme atr\u00e1s! \u00a1Un saludo a pap\u00e1 y a [&hellip;]<\/p>","protected":false},"featured_media":2680,"comment_status":"open","ping_status":"closed","template":"","meta":{"_joinchat":[]},"product_brand":[],"product_cat":[32],"product_tag":[],"class_list":{"0":"post-2679","1":"product","2":"type-product","3":"status-publish","4":"has-post-thumbnail","6":"product_cat-manga","8":"first","9":"outofstock","10":"sale","11":"taxable","12":"shipping-taxable","13":"purchasable","14":"product-type-simple"},"yoast_head":"<!-- This site is optimized with the Yoast SEO plugin v25.7 - https:\/\/yoast.com\/wordpress\/plugins\/seo\/ -->\n<title>My Hero Academia 4 (Kohei Horikoshi) | Colossal Store<\/title>\n<meta name=\"description\" content=\"My Hero Academia 4 (Kohei Horikoshi): En la carrera de obst\u00e1culos, nuestro amigo Deku ha quedado el primero, lo que le har\u00e1 pasarlo mal en la siguiente prueba por equipos. \u00a1Pero significa que todos estar\u00e1n pendientes de \u00e9l, seguro que Deku saldr\u00e1 bien parado! \u00a1Yo tampoco puedo quedarme atr\u00e1s! \u00a1Un saludo a pap\u00e1 y a mam\u00e1! \u00a1Plus ultra (m\u00e1s all\u00e1)!\" \/>\n<meta name=\"robots\" content=\"index, follow, max-snippet:-1, max-image-preview:large, max-video-preview:-1\" \/>\n<link rel=\"canonical\" href=\"https:\/\/www.colossalstore.es\/en\/tienda\/manga\/my-hero-academia-no-04\/\" \/>\n<meta property=\"og:locale\" content=\"en_US\" \/>\n<meta property=\"og:type\" content=\"article\" \/>\n<meta property=\"og:title\" content=\"My Hero Academia 4 (Kohei Horikoshi) | Colossal Store\" \/>\n<meta property=\"og:description\" content=\"My Hero Academia 4 (Kohei Horikoshi): En la carrera de obst\u00e1culos, nuestro amigo Deku ha quedado el primero, lo que le har\u00e1 pasarlo mal en la siguiente prueba por equipos. \u00a1Pero significa que todos estar\u00e1n pendientes de \u00e9l, seguro que Deku saldr\u00e1 bien parado! \u00a1Yo tampoco puedo quedarme atr\u00e1s! \u00a1Un saludo a pap\u00e1 y a mam\u00e1! \u00a1Plus ultra (m\u00e1s all\u00e1)!\" \/>\n<meta property=\"og:url\" content=\"https:\/\/www.colossalstore.es\/en\/tienda\/manga\/my-hero-academia-no-04\/\" \/>\n<meta property=\"og:site_name\" content=\"Colossal Store\" \/>\n<meta property=\"article:modified_time\" content=\"2025-06-20T09:18:10+00:00\" \/>\n<meta property=\"og:image\" content=\"https:\/\/www.colossalstore.es\/wp-content\/uploads\/2022\/11\/86104956d76a4dae8351062939b9e5f1.jpg\" \/>\n\t<meta property=\"og:image:width\" content=\"636\" \/>\n\t<meta property=\"og:image:height\" content=\"1000\" \/>\n\t<meta property=\"og:image:type\" content=\"image\/jpeg\" \/>\n<meta name=\"twitter:card\" content=\"summary_large_image\" \/>\n<meta name=\"twitter:site\" content=\"@Colossal_Store\" \/>\n<meta name=\"twitter:label1\" content=\"Est. reading time\" \/>\n\t<meta name=\"twitter:data1\" content=\"1 minute\" \/>\n<script type=\"application\/ld+json\" class=\"yoast-schema-graph\">{\"@context\":\"https:\/\/schema.org\",\"@graph\":[{\"@type\":\"WebPage\",\"@id\":\"https:\/\/www.colossalstore.es\/tienda\/manga\/my-hero-academia-no-04\/\",\"url\":\"https:\/\/www.colossalstore.es\/tienda\/manga\/my-hero-academia-no-04\/\",\"name\":\"My Hero Academia 4 (Kohei Horikoshi) | Colossal Store\",\"isPartOf\":{\"@id\":\"https:\/\/www.colossalstore.es\/#website\"},\"primaryImageOfPage\":{\"@id\":\"https:\/\/www.colossalstore.es\/tienda\/manga\/my-hero-academia-no-04\/#primaryimage\"},\"image\":{\"@id\":\"https:\/\/www.colossalstore.es\/tienda\/manga\/my-hero-academia-no-04\/#primaryimage\"},\"thumbnailUrl\":\"https:\/\/www.colossalstore.es\/wp-content\/uploads\/2022\/11\/86104956d76a4dae8351062939b9e5f1.jpg\",\"datePublished\":\"2022-11-05T11:43:55+00:00\",\"dateModified\":\"2025-06-20T09:18:10+00:00\",\"description\":\"My Hero Academia 4 (Kohei Horikoshi): En la carrera de obst\u00e1culos, nuestro amigo Deku ha quedado el primero, lo que le har\u00e1 pasarlo mal en la siguiente prueba por equipos. \u00a1Pero significa que todos estar\u00e1n pendientes de \u00e9l, seguro que Deku saldr\u00e1 bien parado! \u00a1Yo tampoco puedo quedarme atr\u00e1s! \u00a1Un saludo a pap\u00e1 y a mam\u00e1! \u00a1Plus ultra (m\u00e1s all\u00e1)!\",\"breadcrumb\":{\"@id\":\"https:\/\/www.colossalstore.es\/tienda\/manga\/my-hero-academia-no-04\/#breadcrumb\"},\"inLanguage\":\"en-US\",\"potentialAction\":[{\"@type\":\"ReadAction\",\"target\":[\"https:\/\/www.colossalstore.es\/tienda\/manga\/my-hero-academia-no-04\/\"]}]},{\"@type\":\"ImageObject\",\"inLanguage\":\"en-US\",\"@id\":\"https:\/\/www.colossalstore.es\/tienda\/manga\/my-hero-academia-no-04\/#primaryimage\",\"url\":\"https:\/\/www.colossalstore.es\/wp-content\/uploads\/2022\/11\/86104956d76a4dae8351062939b9e5f1.jpg\",\"contentUrl\":\"https:\/\/www.colossalstore.es\/wp-content\/uploads\/2022\/11\/86104956d76a4dae8351062939b9e5f1.jpg\",\"width\":636,\"height\":1000},{\"@type\":\"BreadcrumbList\",\"@id\":\"https:\/\/www.colossalstore.es\/tienda\/manga\/my-hero-academia-no-04\/#breadcrumb\",\"itemListElement\":[{\"@type\":\"ListItem\",\"position\":1,\"name\":\"Home\",\"item\":\"https:\/\/www.colossalstore.es\/\"},{\"@type\":\"ListItem\",\"position\":2,\"name\":\"Tienda\",\"item\":\"https:\/\/www.colossalstore.es\/tienda\/\"},{\"@type\":\"ListItem\",\"position\":3,\"name\":\"My Hero Academia n\u00ba 04\"}]},{\"@type\":\"WebSite\",\"@id\":\"https:\/\/www.colossalstore.es\/#website\",\"url\":\"https:\/\/www.colossalstore.es\/\",\"name\":\"Colossal Store\",\"description\":\"Colossal Store, tienda especializada en TCGs.\",\"publisher\":{\"@id\":\"https:\/\/www.colossalstore.es\/#organization\"},\"alternateName\":\"Colossal Store\",\"potentialAction\":[{\"@type\":\"SearchAction\",\"target\":{\"@type\":\"EntryPoint\",\"urlTemplate\":\"https:\/\/www.colossalstore.es\/?s={search_term_string}\"},\"query-input\":{\"@type\":\"PropertyValueSpecification\",\"valueRequired\":true,\"valueName\":\"search_term_string\"}}],\"inLanguage\":\"en-US\"},{\"@type\":\"Organization\",\"@id\":\"https:\/\/www.colossalstore.es\/#organization\",\"name\":\"Colossal Store\",\"url\":\"https:\/\/www.colossalstore.es\/\",\"logo\":{\"@type\":\"ImageObject\",\"inLanguage\":\"en-US\",\"@id\":\"https:\/\/www.colossalstore.es\/#\/schema\/logo\/image\/\",\"url\":\"https:\/\/www.colossalstore.es\/wp-content\/uploads\/2023\/05\/Colossal_Logo-02.png\",\"contentUrl\":\"https:\/\/www.colossalstore.es\/wp-content\/uploads\/2023\/05\/Colossal_Logo-02.png\",\"width\":1181,\"height\":1181,\"caption\":\"Colossal Store\"},\"image\":{\"@id\":\"https:\/\/www.colossalstore.es\/#\/schema\/logo\/image\/\"},\"sameAs\":[\"https:\/\/x.com\/Colossal_Store\",\"https:\/\/www.instagram.com\/colossal_store_tcg\/\",\"https:\/\/www.tiktok.com\/@colossalstore\"]}]}<\/script>\n<!-- \/ Yoast SEO plugin. -->","yoast_head_json":{"title":"My Hero Academia 4 (Kohei Horikoshi) | Colossal Store","description":"My Hero Academia 4 (Kohei Horikoshi): En la carrera de obst\u00e1culos, nuestro amigo Deku ha quedado el primero, lo que le har\u00e1 pasarlo mal en la siguiente prueba por equipos. \u00a1Pero significa que todos estar\u00e1n pendientes de \u00e9l, seguro que Deku saldr\u00e1 bien parado! \u00a1Yo tampoco puedo quedarme atr\u00e1s! \u00a1Un saludo a pap\u00e1 y a mam\u00e1! \u00a1Plus ultra (m\u00e1s all\u00e1)!","robots":{"index":"index","follow":"follow","max-snippet":"max-snippet:-1","max-image-preview":"max-image-preview:large","max-video-preview":"max-video-preview:-1"},"canonical":"https:\/\/www.colossalstore.es\/en\/tienda\/manga\/my-hero-academia-no-04\/","og_locale":"en_US","og_type":"article","og_title":"My Hero Academia 4 (Kohei Horikoshi) | Colossal Store","og_description":"My Hero Academia 4 (Kohei Horikoshi): En la carrera de obst\u00e1culos, nuestro amigo Deku ha quedado el primero, lo que le har\u00e1 pasarlo mal en la siguiente prueba por equipos. \u00a1Pero significa que todos estar\u00e1n pendientes de \u00e9l, seguro que Deku saldr\u00e1 bien parado! \u00a1Yo tampoco puedo quedarme atr\u00e1s! \u00a1Un saludo a pap\u00e1 y a mam\u00e1! \u00a1Plus ultra (m\u00e1s all\u00e1)!","og_url":"https:\/\/www.colossalstore.es\/en\/tienda\/manga\/my-hero-academia-no-04\/","og_site_name":"Colossal Store","article_modified_time":"2025-06-20T09:18:10+00:00","og_image":[{"width":636,"height":1000,"url":"https:\/\/www.colossalstore.es\/wp-content\/uploads\/2022\/11\/86104956d76a4dae8351062939b9e5f1.jpg","type":"image\/jpeg"}],"twitter_card":"summary_large_image","twitter_site":"@Colossal_Store","twitter_misc":{"Est. reading time":"1 minute"},"schema":{"@context":"https:\/\/schema.org","@graph":[{"@type":"WebPage","@id":"https:\/\/www.colossalstore.es\/tienda\/manga\/my-hero-academia-no-04\/","url":"https:\/\/www.colossalstore.es\/tienda\/manga\/my-hero-academia-no-04\/","name":"My Hero Academia 4 (Kohei Horikoshi) | Colossal Store","isPartOf":{"@id":"https:\/\/www.colossalstore.es\/#website"},"primaryImageOfPage":{"@id":"https:\/\/www.colossalstore.es\/tienda\/manga\/my-hero-academia-no-04\/#primaryimage"},"image":{"@id":"https:\/\/www.colossalstore.es\/tienda\/manga\/my-hero-academia-no-04\/#primaryimage"},"thumbnailUrl":"https:\/\/www.colossalstore.es\/wp-content\/uploads\/2022\/11\/86104956d76a4dae8351062939b9e5f1.jpg","datePublished":"2022-11-05T11:43:55+00:00","dateModified":"2025-06-20T09:18:10+00:00","description":"My Hero Academia 4 (Kohei Horikoshi): En la carrera de obst\u00e1culos, nuestro amigo Deku ha quedado el primero, lo que le har\u00e1 pasarlo mal en la siguiente prueba por equipos. \u00a1Pero significa que todos estar\u00e1n pendientes de \u00e9l, seguro que Deku saldr\u00e1 bien parado! \u00a1Yo tampoco puedo quedarme atr\u00e1s! \u00a1Un saludo a pap\u00e1 y a mam\u00e1! \u00a1Plus ultra (m\u00e1s all\u00e1)!","breadcrumb":{"@id":"https:\/\/www.colossalstore.es\/tienda\/manga\/my-hero-academia-no-04\/#breadcrumb"},"inLanguage":"en-US","potentialAction":[{"@type":"ReadAction","target":["https:\/\/www.colossalstore.es\/tienda\/manga\/my-hero-academia-no-04\/"]}]},{"@type":"ImageObject","inLanguage":"en-US","@id":"https:\/\/www.colossalstore.es\/tienda\/manga\/my-hero-academia-no-04\/#primaryimage","url":"https:\/\/www.colossalstore.es\/wp-content\/uploads\/2022\/11\/86104956d76a4dae8351062939b9e5f1.jpg","contentUrl":"https:\/\/www.colossalstore.es\/wp-content\/uploads\/2022\/11\/86104956d76a4dae8351062939b9e5f1.jpg","width":636,"height":1000},{"@type":"BreadcrumbList","@id":"https:\/\/www.colossalstore.es\/tienda\/manga\/my-hero-academia-no-04\/#breadcrumb","itemListElement":[{"@type":"ListItem","position":1,"name":"Home","item":"https:\/\/www.colossalstore.es\/"},{"@type":"ListItem","position":2,"name":"Tienda","item":"https:\/\/www.colossalstore.es\/tienda\/"},{"@type":"ListItem","position":3,"name":"My Hero Academia n\u00ba 04"}]},{"@type":"WebSite","@id":"https:\/\/www.colossalstore.es\/#website","url":"https:\/\/www.colossalstore.es\/","name":"Colossal Store","description":"Colossal Store, store specialized in TCGs.","publisher":{"@id":"https:\/\/www.colossalstore.es\/#organization"},"alternateName":"Colossal Store","potentialAction":[{"@type":"SearchAction","target":{"@type":"EntryPoint","urlTemplate":"https:\/\/www.colossalstore.es\/?s={search_term_string}"},"query-input":{"@type":"PropertyValueSpecification","valueRequired":true,"valueName":"search_term_string"}}],"inLanguage":"en-US"},{"@type":"Organization","@id":"https:\/\/www.colossalstore.es\/#organization","name":"Colossal Store","url":"https:\/\/www.colossalstore.es\/","logo":{"@type":"ImageObject","inLanguage":"en-US","@id":"https:\/\/www.colossalstore.es\/#\/schema\/logo\/image\/","url":"https:\/\/www.colossalstore.es\/wp-content\/uploads\/2023\/05\/Colossal_Logo-02.png","contentUrl":"https:\/\/www.colossalstore.es\/wp-content\/uploads\/2023\/05\/Colossal_Logo-02.png","width":1181,"height":1181,"caption":"Colossal Store"},"image":{"@id":"https:\/\/www.colossalstore.es\/#\/schema\/logo\/image\/"},"sameAs":["https:\/\/x.com\/Colossal_Store","https:\/\/www.instagram.com\/colossal_store_tcg\/","https:\/\/www.tiktok.com\/@colossalstore"]}]}},"_links":{"self":[{"href":"https:\/\/www.colossalstore.es\/en\/wp-json\/wp\/v2\/product\/2679","targetHints":{"allow":["GET"]}}],"collection":[{"href":"https:\/\/www.colossalstore.es\/en\/wp-json\/wp\/v2\/product"}],"about":[{"href":"https:\/\/www.colossalstore.es\/en\/wp-json\/wp\/v2\/types\/product"}],"replies":[{"embeddable":true,"href":"https:\/\/www.colossalstore.es\/en\/wp-json\/wp\/v2\/comments?post=2679"}],"wp:featuredmedia":[{"embeddable":true,"href":"https:\/\/www.colossalstore.es\/en\/wp-json\/wp\/v2\/media\/2680"}],"wp:attachment":[{"href":"https:\/\/www.colossalstore.es\/en\/wp-json\/wp\/v2\/media?parent=2679"}],"wp:term":[{"taxonomy":"product_brand","embeddable":true,"href":"https:\/\/www.colossalstore.es\/en\/wp-json\/wp\/v2\/product_brand?post=2679"},{"taxonomy":"product_cat","embeddable":true,"href":"https:\/\/www.colossalstore.es\/en\/wp-json\/wp\/v2\/product_cat?post=2679"},{"taxonomy":"product_tag","embeddable":true,"href":"https:\/\/www.colossalstore.es\/en\/wp-json\/wp\/v2\/product_tag?post=2679"}],"curies":[{"name":"wp","href":"https:\/\/api.w.org\/{rel}","templated":true}]}}