{"id":2672,"date":"2022-11-05T12:04:59","date_gmt":"2022-11-05T11:04:59","guid":{"rendered":"https:\/\/www.colossalstore.es\/?post_type=product&#038;p=2672"},"modified":"2025-06-20T11:18:11","modified_gmt":"2025-06-20T09:18:11","slug":"one-piece-no-011","status":"publish","type":"product","link":"https:\/\/www.colossalstore.es\/en\/tienda\/manga\/one-piece-no-011\/","title":{"rendered":"One Piece #011"},"content":{"rendered":"<p>One Piece 11 (Eiichiro Oda)<\/p>\n<p>A good captain is always responsible for his crew. That&#039;s one of the things Luffy learned from Red Hair Shanks and now it&#039;s time to prove it. After the battle of Arlong Park, Luffy and Nami head to the place where the legendary One Piece pirate died. But that is not all. Two old enemies are about to reappear; none other than Buggy and Alvida.<\/p>","protected":false},"excerpt":{"rendered":"<p>One Piece 11 (Eiichiro Oda) Un buen capit\u00e1n siempre es responsable de su tripulaci\u00f3n. \u00c9sa es una de las cosas que Luffy aprendi\u00f3 de Red Hair Shanks y ahora he llegado el momento de demostrarlo. Tras la batalla de Arlong Park, Luffy y Nami se dirigen al lugar en el que muri\u00f3 el legendario pirata [&hellip;]<\/p>","protected":false},"featured_media":2673,"comment_status":"open","ping_status":"closed","template":"","meta":{"_joinchat":[]},"product_brand":[],"product_cat":[32],"product_tag":[],"class_list":{"0":"post-2672","1":"product","2":"type-product","3":"status-publish","4":"has-post-thumbnail","6":"product_cat-manga","8":"first","9":"outofstock","10":"sale","11":"taxable","12":"shipping-taxable","13":"purchasable","14":"product-type-simple"},"yoast_head":"<!-- This site is optimized with the Yoast SEO plugin v25.7 - https:\/\/yoast.com\/wordpress\/plugins\/seo\/ -->\n<title>One Piece 11 (Eiichiro Oda) | Colossal Store<\/title>\n<meta name=\"description\" content=\"One Piece 11 (Eiichiro Oda): Un buen capit\u00e1n siempre es responsable de su tripulaci\u00f3n. \u00c9sa es una de las cosas que Luffy aprendi\u00f3 de Red Hair Shanks y ahora he llegado el momento de demostrarlo. Tras la batalla de Arlong Park, Luffy y Nami se dirigen al lugar en el que muri\u00f3 el legendario pirata del One Piece. Pero eso no es todo. Dos viejos enemigos est\u00e1n a punto de reaparecer; nada menos que Buggy y Alvida.\" \/>\n<meta name=\"robots\" content=\"index, follow, max-snippet:-1, max-image-preview:large, max-video-preview:-1\" \/>\n<link rel=\"canonical\" href=\"https:\/\/www.colossalstore.es\/en\/tienda\/manga\/one-piece-no-011\/\" \/>\n<meta property=\"og:locale\" content=\"en_US\" \/>\n<meta property=\"og:type\" content=\"article\" \/>\n<meta property=\"og:title\" content=\"One Piece 11 (Eiichiro Oda) | Colossal Store\" \/>\n<meta property=\"og:description\" content=\"One Piece 11 (Eiichiro Oda): Un buen capit\u00e1n siempre es responsable de su tripulaci\u00f3n. \u00c9sa es una de las cosas que Luffy aprendi\u00f3 de Red Hair Shanks y ahora he llegado el momento de demostrarlo. Tras la batalla de Arlong Park, Luffy y Nami se dirigen al lugar en el que muri\u00f3 el legendario pirata del One Piece. Pero eso no es todo. Dos viejos enemigos est\u00e1n a punto de reaparecer; nada menos que Buggy y Alvida.\" \/>\n<meta property=\"og:url\" content=\"https:\/\/www.colossalstore.es\/en\/tienda\/manga\/one-piece-no-011\/\" \/>\n<meta property=\"og:site_name\" content=\"Colossal Store\" \/>\n<meta property=\"article:modified_time\" content=\"2025-06-20T09:18:11+00:00\" \/>\n<meta property=\"og:image\" content=\"https:\/\/www.colossalstore.es\/wp-content\/uploads\/2022\/11\/portada_one-piece-n-11_eiichiro-oda_201412041238.jpg\" \/>\n\t<meta property=\"og:image:width\" content=\"250\" \/>\n\t<meta property=\"og:image:height\" content=\"362\" \/>\n\t<meta property=\"og:image:type\" content=\"image\/jpeg\" \/>\n<meta name=\"twitter:card\" content=\"summary_large_image\" \/>\n<meta name=\"twitter:site\" content=\"@Colossal_Store\" \/>\n<meta name=\"twitter:label1\" content=\"Est. reading time\" \/>\n\t<meta name=\"twitter:data1\" content=\"1 minute\" \/>\n<script type=\"application\/ld+json\" class=\"yoast-schema-graph\">{\"@context\":\"https:\/\/schema.org\",\"@graph\":[{\"@type\":\"WebPage\",\"@id\":\"https:\/\/www.colossalstore.es\/tienda\/manga\/one-piece-no-011\/\",\"url\":\"https:\/\/www.colossalstore.es\/tienda\/manga\/one-piece-no-011\/\",\"name\":\"One Piece 11 (Eiichiro Oda) | Colossal Store\",\"isPartOf\":{\"@id\":\"https:\/\/www.colossalstore.es\/#website\"},\"primaryImageOfPage\":{\"@id\":\"https:\/\/www.colossalstore.es\/tienda\/manga\/one-piece-no-011\/#primaryimage\"},\"image\":{\"@id\":\"https:\/\/www.colossalstore.es\/tienda\/manga\/one-piece-no-011\/#primaryimage\"},\"thumbnailUrl\":\"https:\/\/www.colossalstore.es\/wp-content\/uploads\/2022\/11\/portada_one-piece-n-11_eiichiro-oda_201412041238.jpg\",\"datePublished\":\"2022-11-05T11:04:59+00:00\",\"dateModified\":\"2025-06-20T09:18:11+00:00\",\"description\":\"One Piece 11 (Eiichiro Oda): Un buen capit\u00e1n siempre es responsable de su tripulaci\u00f3n. \u00c9sa es una de las cosas que Luffy aprendi\u00f3 de Red Hair Shanks y ahora he llegado el momento de demostrarlo. Tras la batalla de Arlong Park, Luffy y Nami se dirigen al lugar en el que muri\u00f3 el legendario pirata del One Piece. Pero eso no es todo. Dos viejos enemigos est\u00e1n a punto de reaparecer; nada menos que Buggy y Alvida.\",\"breadcrumb\":{\"@id\":\"https:\/\/www.colossalstore.es\/tienda\/manga\/one-piece-no-011\/#breadcrumb\"},\"inLanguage\":\"en-US\",\"potentialAction\":[{\"@type\":\"ReadAction\",\"target\":[\"https:\/\/www.colossalstore.es\/tienda\/manga\/one-piece-no-011\/\"]}]},{\"@type\":\"ImageObject\",\"inLanguage\":\"en-US\",\"@id\":\"https:\/\/www.colossalstore.es\/tienda\/manga\/one-piece-no-011\/#primaryimage\",\"url\":\"https:\/\/www.colossalstore.es\/wp-content\/uploads\/2022\/11\/portada_one-piece-n-11_eiichiro-oda_201412041238.jpg\",\"contentUrl\":\"https:\/\/www.colossalstore.es\/wp-content\/uploads\/2022\/11\/portada_one-piece-n-11_eiichiro-oda_201412041238.jpg\",\"width\":250,\"height\":362},{\"@type\":\"BreadcrumbList\",\"@id\":\"https:\/\/www.colossalstore.es\/tienda\/manga\/one-piece-no-011\/#breadcrumb\",\"itemListElement\":[{\"@type\":\"ListItem\",\"position\":1,\"name\":\"Home\",\"item\":\"https:\/\/www.colossalstore.es\/\"},{\"@type\":\"ListItem\",\"position\":2,\"name\":\"Tienda\",\"item\":\"https:\/\/www.colossalstore.es\/tienda\/\"},{\"@type\":\"ListItem\",\"position\":3,\"name\":\"One Piece n\u00ba 011\"}]},{\"@type\":\"WebSite\",\"@id\":\"https:\/\/www.colossalstore.es\/#website\",\"url\":\"https:\/\/www.colossalstore.es\/\",\"name\":\"Colossal Store\",\"description\":\"Colossal Store, tienda especializada en TCGs.\",\"publisher\":{\"@id\":\"https:\/\/www.colossalstore.es\/#organization\"},\"alternateName\":\"Colossal Store\",\"potentialAction\":[{\"@type\":\"SearchAction\",\"target\":{\"@type\":\"EntryPoint\",\"urlTemplate\":\"https:\/\/www.colossalstore.es\/?s={search_term_string}\"},\"query-input\":{\"@type\":\"PropertyValueSpecification\",\"valueRequired\":true,\"valueName\":\"search_term_string\"}}],\"inLanguage\":\"en-US\"},{\"@type\":\"Organization\",\"@id\":\"https:\/\/www.colossalstore.es\/#organization\",\"name\":\"Colossal Store\",\"url\":\"https:\/\/www.colossalstore.es\/\",\"logo\":{\"@type\":\"ImageObject\",\"inLanguage\":\"en-US\",\"@id\":\"https:\/\/www.colossalstore.es\/#\/schema\/logo\/image\/\",\"url\":\"https:\/\/www.colossalstore.es\/wp-content\/uploads\/2023\/05\/Colossal_Logo-02.png\",\"contentUrl\":\"https:\/\/www.colossalstore.es\/wp-content\/uploads\/2023\/05\/Colossal_Logo-02.png\",\"width\":1181,\"height\":1181,\"caption\":\"Colossal Store\"},\"image\":{\"@id\":\"https:\/\/www.colossalstore.es\/#\/schema\/logo\/image\/\"},\"sameAs\":[\"https:\/\/x.com\/Colossal_Store\",\"https:\/\/www.instagram.com\/colossal_store_tcg\/\",\"https:\/\/www.tiktok.com\/@colossalstore\"]}]}<\/script>\n<!-- \/ Yoast SEO plugin. -->","yoast_head_json":{"title":"One Piece 11 (Eiichiro Oda) | Colossal Store","description":"One Piece 11 (Eiichiro Oda): Un buen capit\u00e1n siempre es responsable de su tripulaci\u00f3n. \u00c9sa es una de las cosas que Luffy aprendi\u00f3 de Red Hair Shanks y ahora he llegado el momento de demostrarlo. Tras la batalla de Arlong Park, Luffy y Nami se dirigen al lugar en el que muri\u00f3 el legendario pirata del One Piece. Pero eso no es todo. Dos viejos enemigos est\u00e1n a punto de reaparecer; nada menos que Buggy y Alvida.","robots":{"index":"index","follow":"follow","max-snippet":"max-snippet:-1","max-image-preview":"max-image-preview:large","max-video-preview":"max-video-preview:-1"},"canonical":"https:\/\/www.colossalstore.es\/en\/tienda\/manga\/one-piece-no-011\/","og_locale":"en_US","og_type":"article","og_title":"One Piece 11 (Eiichiro Oda) | Colossal Store","og_description":"One Piece 11 (Eiichiro Oda): Un buen capit\u00e1n siempre es responsable de su tripulaci\u00f3n. \u00c9sa es una de las cosas que Luffy aprendi\u00f3 de Red Hair Shanks y ahora he llegado el momento de demostrarlo. Tras la batalla de Arlong Park, Luffy y Nami se dirigen al lugar en el que muri\u00f3 el legendario pirata del One Piece. Pero eso no es todo. Dos viejos enemigos est\u00e1n a punto de reaparecer; nada menos que Buggy y Alvida.","og_url":"https:\/\/www.colossalstore.es\/en\/tienda\/manga\/one-piece-no-011\/","og_site_name":"Colossal Store","article_modified_time":"2025-06-20T09:18:11+00:00","og_image":[{"width":250,"height":362,"url":"https:\/\/www.colossalstore.es\/wp-content\/uploads\/2022\/11\/portada_one-piece-n-11_eiichiro-oda_201412041238.jpg","type":"image\/jpeg"}],"twitter_card":"summary_large_image","twitter_site":"@Colossal_Store","twitter_misc":{"Est. reading time":"1 minute"},"schema":{"@context":"https:\/\/schema.org","@graph":[{"@type":"WebPage","@id":"https:\/\/www.colossalstore.es\/tienda\/manga\/one-piece-no-011\/","url":"https:\/\/www.colossalstore.es\/tienda\/manga\/one-piece-no-011\/","name":"One Piece 11 (Eiichiro Oda) | Colossal Store","isPartOf":{"@id":"https:\/\/www.colossalstore.es\/#website"},"primaryImageOfPage":{"@id":"https:\/\/www.colossalstore.es\/tienda\/manga\/one-piece-no-011\/#primaryimage"},"image":{"@id":"https:\/\/www.colossalstore.es\/tienda\/manga\/one-piece-no-011\/#primaryimage"},"thumbnailUrl":"https:\/\/www.colossalstore.es\/wp-content\/uploads\/2022\/11\/portada_one-piece-n-11_eiichiro-oda_201412041238.jpg","datePublished":"2022-11-05T11:04:59+00:00","dateModified":"2025-06-20T09:18:11+00:00","description":"One Piece 11 (Eiichiro Oda): Un buen capit\u00e1n siempre es responsable de su tripulaci\u00f3n. \u00c9sa es una de las cosas que Luffy aprendi\u00f3 de Red Hair Shanks y ahora he llegado el momento de demostrarlo. Tras la batalla de Arlong Park, Luffy y Nami se dirigen al lugar en el que muri\u00f3 el legendario pirata del One Piece. Pero eso no es todo. Dos viejos enemigos est\u00e1n a punto de reaparecer; nada menos que Buggy y Alvida.","breadcrumb":{"@id":"https:\/\/www.colossalstore.es\/tienda\/manga\/one-piece-no-011\/#breadcrumb"},"inLanguage":"en-US","potentialAction":[{"@type":"ReadAction","target":["https:\/\/www.colossalstore.es\/tienda\/manga\/one-piece-no-011\/"]}]},{"@type":"ImageObject","inLanguage":"en-US","@id":"https:\/\/www.colossalstore.es\/tienda\/manga\/one-piece-no-011\/#primaryimage","url":"https:\/\/www.colossalstore.es\/wp-content\/uploads\/2022\/11\/portada_one-piece-n-11_eiichiro-oda_201412041238.jpg","contentUrl":"https:\/\/www.colossalstore.es\/wp-content\/uploads\/2022\/11\/portada_one-piece-n-11_eiichiro-oda_201412041238.jpg","width":250,"height":362},{"@type":"BreadcrumbList","@id":"https:\/\/www.colossalstore.es\/tienda\/manga\/one-piece-no-011\/#breadcrumb","itemListElement":[{"@type":"ListItem","position":1,"name":"Home","item":"https:\/\/www.colossalstore.es\/"},{"@type":"ListItem","position":2,"name":"Tienda","item":"https:\/\/www.colossalstore.es\/tienda\/"},{"@type":"ListItem","position":3,"name":"One Piece n\u00ba 011"}]},{"@type":"WebSite","@id":"https:\/\/www.colossalstore.es\/#website","url":"https:\/\/www.colossalstore.es\/","name":"Colossal Store","description":"Colossal Store, store specialized in TCGs.","publisher":{"@id":"https:\/\/www.colossalstore.es\/#organization"},"alternateName":"Colossal Store","potentialAction":[{"@type":"SearchAction","target":{"@type":"EntryPoint","urlTemplate":"https:\/\/www.colossalstore.es\/?s={search_term_string}"},"query-input":{"@type":"PropertyValueSpecification","valueRequired":true,"valueName":"search_term_string"}}],"inLanguage":"en-US"},{"@type":"Organization","@id":"https:\/\/www.colossalstore.es\/#organization","name":"Colossal Store","url":"https:\/\/www.colossalstore.es\/","logo":{"@type":"ImageObject","inLanguage":"en-US","@id":"https:\/\/www.colossalstore.es\/#\/schema\/logo\/image\/","url":"https:\/\/www.colossalstore.es\/wp-content\/uploads\/2023\/05\/Colossal_Logo-02.png","contentUrl":"https:\/\/www.colossalstore.es\/wp-content\/uploads\/2023\/05\/Colossal_Logo-02.png","width":1181,"height":1181,"caption":"Colossal Store"},"image":{"@id":"https:\/\/www.colossalstore.es\/#\/schema\/logo\/image\/"},"sameAs":["https:\/\/x.com\/Colossal_Store","https:\/\/www.instagram.com\/colossal_store_tcg\/","https:\/\/www.tiktok.com\/@colossalstore"]}]}},"_links":{"self":[{"href":"https:\/\/www.colossalstore.es\/en\/wp-json\/wp\/v2\/product\/2672","targetHints":{"allow":["GET"]}}],"collection":[{"href":"https:\/\/www.colossalstore.es\/en\/wp-json\/wp\/v2\/product"}],"about":[{"href":"https:\/\/www.colossalstore.es\/en\/wp-json\/wp\/v2\/types\/product"}],"replies":[{"embeddable":true,"href":"https:\/\/www.colossalstore.es\/en\/wp-json\/wp\/v2\/comments?post=2672"}],"wp:featuredmedia":[{"embeddable":true,"href":"https:\/\/www.colossalstore.es\/en\/wp-json\/wp\/v2\/media\/2673"}],"wp:attachment":[{"href":"https:\/\/www.colossalstore.es\/en\/wp-json\/wp\/v2\/media?parent=2672"}],"wp:term":[{"taxonomy":"product_brand","embeddable":true,"href":"https:\/\/www.colossalstore.es\/en\/wp-json\/wp\/v2\/product_brand?post=2672"},{"taxonomy":"product_cat","embeddable":true,"href":"https:\/\/www.colossalstore.es\/en\/wp-json\/wp\/v2\/product_cat?post=2672"},{"taxonomy":"product_tag","embeddable":true,"href":"https:\/\/www.colossalstore.es\/en\/wp-json\/wp\/v2\/product_tag?post=2672"}],"curies":[{"name":"wp","href":"https:\/\/api.w.org\/{rel}","templated":true}]}}