{"id":2666,"date":"2022-11-05T12:02:15","date_gmt":"2022-11-05T11:02:15","guid":{"rendered":"https:\/\/www.colossalstore.es\/?post_type=product&#038;p=2666"},"modified":"2025-06-20T11:18:11","modified_gmt":"2025-06-20T09:18:11","slug":"one-piece-no-008","status":"publish","type":"product","link":"https:\/\/www.colossalstore.es\/en\/tienda\/manga\/one-piece-no-008\/","title":{"rendered":"One Piece #008"},"content":{"rendered":"<p>One Piece 8 (Eiichiro Oda)<\/p>\n<p>Our heroes have separated. At the floating restaurant, Luffy faces the final assault with Captain Creek, not knowing if he will survive the fight or if Sanji will agree to travel by his side. For their part, Zoro, Usuff and Johnny go on Nami&#039;s trail. Their journey will take them to Arlong Park, base of the dangerous fishmen, a band of heartless pirates. There they will discover some unspeakable secrets from their friend&#039;s past.<\/p>","protected":false},"excerpt":{"rendered":"<p>One Piece 8 (Eiichiro Oda) Nuestros h\u00e9roes se han separado. En el restaurante flotante, Luffy se enfrenta al \u00faltimo asalto con el Capit\u00e1n Creek, sin saber si sobrevivir\u00e1 al combate ni si Sanji acceder\u00e1 a viajar a su lado. Por su parte, Zoro, Usuff y Johnny van tras la pista de Nami. Su viaje les [&hellip;]<\/p>","protected":false},"featured_media":2667,"comment_status":"open","ping_status":"closed","template":"","meta":{"_joinchat":[]},"product_brand":[],"product_cat":[32],"product_tag":[],"class_list":{"0":"post-2666","1":"product","2":"type-product","3":"status-publish","4":"has-post-thumbnail","6":"product_cat-manga","8":"first","9":"outofstock","10":"sale","11":"taxable","12":"shipping-taxable","13":"purchasable","14":"product-type-simple"},"yoast_head":"<!-- This site is optimized with the Yoast SEO plugin v25.7 - https:\/\/yoast.com\/wordpress\/plugins\/seo\/ -->\n<title>One Piece 8 (Eiichiro Oda) | Colossal Store<\/title>\n<meta name=\"description\" content=\"One Piece 8 (Eiichiro Oda): Nuestros h\u00e9roes se han separado. En el restaurante flotante, Luffy se enfrenta al \u00faltimo asalto con el Capit\u00e1n Creek, sin saber si sobrevivir\u00e1 al combate ni si Sanji acceder\u00e1 a viajar a su lado. Por su parte, Zoro, Usuff y Johnny van tras la pista de Nami. Su viaje les llevar\u00e1 hasta Arlong Park, base de los peligrosos hombres-pez, una banda de piratas desalmados. All\u00ed descubrir\u00e1n algunos secretos inconfesables del pasado de su amiga.\" \/>\n<meta name=\"robots\" content=\"index, follow, max-snippet:-1, max-image-preview:large, max-video-preview:-1\" \/>\n<link rel=\"canonical\" href=\"https:\/\/www.colossalstore.es\/en\/tienda\/manga\/one-piece-no-008\/\" \/>\n<meta property=\"og:locale\" content=\"en_US\" \/>\n<meta property=\"og:type\" content=\"article\" \/>\n<meta property=\"og:title\" content=\"One Piece 8 (Eiichiro Oda) | Colossal Store\" \/>\n<meta property=\"og:description\" content=\"One Piece 8 (Eiichiro Oda): Nuestros h\u00e9roes se han separado. En el restaurante flotante, Luffy se enfrenta al \u00faltimo asalto con el Capit\u00e1n Creek, sin saber si sobrevivir\u00e1 al combate ni si Sanji acceder\u00e1 a viajar a su lado. Por su parte, Zoro, Usuff y Johnny van tras la pista de Nami. Su viaje les llevar\u00e1 hasta Arlong Park, base de los peligrosos hombres-pez, una banda de piratas desalmados. All\u00ed descubrir\u00e1n algunos secretos inconfesables del pasado de su amiga.\" \/>\n<meta property=\"og:url\" content=\"https:\/\/www.colossalstore.es\/en\/tienda\/manga\/one-piece-no-008\/\" \/>\n<meta property=\"og:site_name\" content=\"Colossal Store\" \/>\n<meta property=\"article:modified_time\" content=\"2025-06-20T09:18:11+00:00\" \/>\n<meta property=\"og:image\" content=\"https:\/\/www.colossalstore.es\/wp-content\/uploads\/2022\/11\/9191MzvO8SL.jpg\" \/>\n\t<meta property=\"og:image:width\" content=\"1673\" \/>\n\t<meta property=\"og:image:height\" content=\"2560\" \/>\n\t<meta property=\"og:image:type\" content=\"image\/jpeg\" \/>\n<meta name=\"twitter:card\" content=\"summary_large_image\" \/>\n<meta name=\"twitter:site\" content=\"@Colossal_Store\" \/>\n<meta name=\"twitter:label1\" content=\"Est. reading time\" \/>\n\t<meta name=\"twitter:data1\" content=\"1 minute\" \/>\n<script type=\"application\/ld+json\" class=\"yoast-schema-graph\">{\"@context\":\"https:\/\/schema.org\",\"@graph\":[{\"@type\":\"WebPage\",\"@id\":\"https:\/\/www.colossalstore.es\/tienda\/manga\/one-piece-no-008\/\",\"url\":\"https:\/\/www.colossalstore.es\/tienda\/manga\/one-piece-no-008\/\",\"name\":\"One Piece 8 (Eiichiro Oda) | Colossal Store\",\"isPartOf\":{\"@id\":\"https:\/\/www.colossalstore.es\/#website\"},\"primaryImageOfPage\":{\"@id\":\"https:\/\/www.colossalstore.es\/tienda\/manga\/one-piece-no-008\/#primaryimage\"},\"image\":{\"@id\":\"https:\/\/www.colossalstore.es\/tienda\/manga\/one-piece-no-008\/#primaryimage\"},\"thumbnailUrl\":\"https:\/\/www.colossalstore.es\/wp-content\/uploads\/2022\/11\/9191MzvO8SL.jpg\",\"datePublished\":\"2022-11-05T11:02:15+00:00\",\"dateModified\":\"2025-06-20T09:18:11+00:00\",\"description\":\"One Piece 8 (Eiichiro Oda): Nuestros h\u00e9roes se han separado. En el restaurante flotante, Luffy se enfrenta al \u00faltimo asalto con el Capit\u00e1n Creek, sin saber si sobrevivir\u00e1 al combate ni si Sanji acceder\u00e1 a viajar a su lado. Por su parte, Zoro, Usuff y Johnny van tras la pista de Nami. Su viaje les llevar\u00e1 hasta Arlong Park, base de los peligrosos hombres-pez, una banda de piratas desalmados. All\u00ed descubrir\u00e1n algunos secretos inconfesables del pasado de su amiga.\",\"breadcrumb\":{\"@id\":\"https:\/\/www.colossalstore.es\/tienda\/manga\/one-piece-no-008\/#breadcrumb\"},\"inLanguage\":\"en-US\",\"potentialAction\":[{\"@type\":\"ReadAction\",\"target\":[\"https:\/\/www.colossalstore.es\/tienda\/manga\/one-piece-no-008\/\"]}]},{\"@type\":\"ImageObject\",\"inLanguage\":\"en-US\",\"@id\":\"https:\/\/www.colossalstore.es\/tienda\/manga\/one-piece-no-008\/#primaryimage\",\"url\":\"https:\/\/www.colossalstore.es\/wp-content\/uploads\/2022\/11\/9191MzvO8SL.jpg\",\"contentUrl\":\"https:\/\/www.colossalstore.es\/wp-content\/uploads\/2022\/11\/9191MzvO8SL.jpg\",\"width\":1673,\"height\":2560},{\"@type\":\"BreadcrumbList\",\"@id\":\"https:\/\/www.colossalstore.es\/tienda\/manga\/one-piece-no-008\/#breadcrumb\",\"itemListElement\":[{\"@type\":\"ListItem\",\"position\":1,\"name\":\"Home\",\"item\":\"https:\/\/www.colossalstore.es\/\"},{\"@type\":\"ListItem\",\"position\":2,\"name\":\"Tienda\",\"item\":\"https:\/\/www.colossalstore.es\/tienda\/\"},{\"@type\":\"ListItem\",\"position\":3,\"name\":\"One Piece n\u00ba 008\"}]},{\"@type\":\"WebSite\",\"@id\":\"https:\/\/www.colossalstore.es\/#website\",\"url\":\"https:\/\/www.colossalstore.es\/\",\"name\":\"Colossal Store\",\"description\":\"Colossal Store, tienda especializada en TCGs.\",\"publisher\":{\"@id\":\"https:\/\/www.colossalstore.es\/#organization\"},\"alternateName\":\"Colossal Store\",\"potentialAction\":[{\"@type\":\"SearchAction\",\"target\":{\"@type\":\"EntryPoint\",\"urlTemplate\":\"https:\/\/www.colossalstore.es\/?s={search_term_string}\"},\"query-input\":{\"@type\":\"PropertyValueSpecification\",\"valueRequired\":true,\"valueName\":\"search_term_string\"}}],\"inLanguage\":\"en-US\"},{\"@type\":\"Organization\",\"@id\":\"https:\/\/www.colossalstore.es\/#organization\",\"name\":\"Colossal Store\",\"url\":\"https:\/\/www.colossalstore.es\/\",\"logo\":{\"@type\":\"ImageObject\",\"inLanguage\":\"en-US\",\"@id\":\"https:\/\/www.colossalstore.es\/#\/schema\/logo\/image\/\",\"url\":\"https:\/\/www.colossalstore.es\/wp-content\/uploads\/2023\/05\/Colossal_Logo-02.png\",\"contentUrl\":\"https:\/\/www.colossalstore.es\/wp-content\/uploads\/2023\/05\/Colossal_Logo-02.png\",\"width\":1181,\"height\":1181,\"caption\":\"Colossal Store\"},\"image\":{\"@id\":\"https:\/\/www.colossalstore.es\/#\/schema\/logo\/image\/\"},\"sameAs\":[\"https:\/\/x.com\/Colossal_Store\",\"https:\/\/www.instagram.com\/colossal_store_tcg\/\",\"https:\/\/www.tiktok.com\/@colossalstore\"]}]}<\/script>\n<!-- \/ Yoast SEO plugin. -->","yoast_head_json":{"title":"One Piece 8 (Eiichiro Oda) | Colossal Store","description":"One Piece 8 (Eiichiro Oda): Nuestros h\u00e9roes se han separado. En el restaurante flotante, Luffy se enfrenta al \u00faltimo asalto con el Capit\u00e1n Creek, sin saber si sobrevivir\u00e1 al combate ni si Sanji acceder\u00e1 a viajar a su lado. Por su parte, Zoro, Usuff y Johnny van tras la pista de Nami. Su viaje les llevar\u00e1 hasta Arlong Park, base de los peligrosos hombres-pez, una banda de piratas desalmados. All\u00ed descubrir\u00e1n algunos secretos inconfesables del pasado de su amiga.","robots":{"index":"index","follow":"follow","max-snippet":"max-snippet:-1","max-image-preview":"max-image-preview:large","max-video-preview":"max-video-preview:-1"},"canonical":"https:\/\/www.colossalstore.es\/en\/tienda\/manga\/one-piece-no-008\/","og_locale":"en_US","og_type":"article","og_title":"One Piece 8 (Eiichiro Oda) | Colossal Store","og_description":"One Piece 8 (Eiichiro Oda): Nuestros h\u00e9roes se han separado. En el restaurante flotante, Luffy se enfrenta al \u00faltimo asalto con el Capit\u00e1n Creek, sin saber si sobrevivir\u00e1 al combate ni si Sanji acceder\u00e1 a viajar a su lado. Por su parte, Zoro, Usuff y Johnny van tras la pista de Nami. Su viaje les llevar\u00e1 hasta Arlong Park, base de los peligrosos hombres-pez, una banda de piratas desalmados. All\u00ed descubrir\u00e1n algunos secretos inconfesables del pasado de su amiga.","og_url":"https:\/\/www.colossalstore.es\/en\/tienda\/manga\/one-piece-no-008\/","og_site_name":"Colossal Store","article_modified_time":"2025-06-20T09:18:11+00:00","og_image":[{"width":1673,"height":2560,"url":"https:\/\/www.colossalstore.es\/wp-content\/uploads\/2022\/11\/9191MzvO8SL.jpg","type":"image\/jpeg"}],"twitter_card":"summary_large_image","twitter_site":"@Colossal_Store","twitter_misc":{"Est. reading time":"1 minute"},"schema":{"@context":"https:\/\/schema.org","@graph":[{"@type":"WebPage","@id":"https:\/\/www.colossalstore.es\/tienda\/manga\/one-piece-no-008\/","url":"https:\/\/www.colossalstore.es\/tienda\/manga\/one-piece-no-008\/","name":"One Piece 8 (Eiichiro Oda) | Colossal Store","isPartOf":{"@id":"https:\/\/www.colossalstore.es\/#website"},"primaryImageOfPage":{"@id":"https:\/\/www.colossalstore.es\/tienda\/manga\/one-piece-no-008\/#primaryimage"},"image":{"@id":"https:\/\/www.colossalstore.es\/tienda\/manga\/one-piece-no-008\/#primaryimage"},"thumbnailUrl":"https:\/\/www.colossalstore.es\/wp-content\/uploads\/2022\/11\/9191MzvO8SL.jpg","datePublished":"2022-11-05T11:02:15+00:00","dateModified":"2025-06-20T09:18:11+00:00","description":"One Piece 8 (Eiichiro Oda): Nuestros h\u00e9roes se han separado. En el restaurante flotante, Luffy se enfrenta al \u00faltimo asalto con el Capit\u00e1n Creek, sin saber si sobrevivir\u00e1 al combate ni si Sanji acceder\u00e1 a viajar a su lado. Por su parte, Zoro, Usuff y Johnny van tras la pista de Nami. Su viaje les llevar\u00e1 hasta Arlong Park, base de los peligrosos hombres-pez, una banda de piratas desalmados. All\u00ed descubrir\u00e1n algunos secretos inconfesables del pasado de su amiga.","breadcrumb":{"@id":"https:\/\/www.colossalstore.es\/tienda\/manga\/one-piece-no-008\/#breadcrumb"},"inLanguage":"en-US","potentialAction":[{"@type":"ReadAction","target":["https:\/\/www.colossalstore.es\/tienda\/manga\/one-piece-no-008\/"]}]},{"@type":"ImageObject","inLanguage":"en-US","@id":"https:\/\/www.colossalstore.es\/tienda\/manga\/one-piece-no-008\/#primaryimage","url":"https:\/\/www.colossalstore.es\/wp-content\/uploads\/2022\/11\/9191MzvO8SL.jpg","contentUrl":"https:\/\/www.colossalstore.es\/wp-content\/uploads\/2022\/11\/9191MzvO8SL.jpg","width":1673,"height":2560},{"@type":"BreadcrumbList","@id":"https:\/\/www.colossalstore.es\/tienda\/manga\/one-piece-no-008\/#breadcrumb","itemListElement":[{"@type":"ListItem","position":1,"name":"Home","item":"https:\/\/www.colossalstore.es\/"},{"@type":"ListItem","position":2,"name":"Tienda","item":"https:\/\/www.colossalstore.es\/tienda\/"},{"@type":"ListItem","position":3,"name":"One Piece n\u00ba 008"}]},{"@type":"WebSite","@id":"https:\/\/www.colossalstore.es\/#website","url":"https:\/\/www.colossalstore.es\/","name":"Colossal Store","description":"Colossal Store, store specialized in TCGs.","publisher":{"@id":"https:\/\/www.colossalstore.es\/#organization"},"alternateName":"Colossal Store","potentialAction":[{"@type":"SearchAction","target":{"@type":"EntryPoint","urlTemplate":"https:\/\/www.colossalstore.es\/?s={search_term_string}"},"query-input":{"@type":"PropertyValueSpecification","valueRequired":true,"valueName":"search_term_string"}}],"inLanguage":"en-US"},{"@type":"Organization","@id":"https:\/\/www.colossalstore.es\/#organization","name":"Colossal Store","url":"https:\/\/www.colossalstore.es\/","logo":{"@type":"ImageObject","inLanguage":"en-US","@id":"https:\/\/www.colossalstore.es\/#\/schema\/logo\/image\/","url":"https:\/\/www.colossalstore.es\/wp-content\/uploads\/2023\/05\/Colossal_Logo-02.png","contentUrl":"https:\/\/www.colossalstore.es\/wp-content\/uploads\/2023\/05\/Colossal_Logo-02.png","width":1181,"height":1181,"caption":"Colossal Store"},"image":{"@id":"https:\/\/www.colossalstore.es\/#\/schema\/logo\/image\/"},"sameAs":["https:\/\/x.com\/Colossal_Store","https:\/\/www.instagram.com\/colossal_store_tcg\/","https:\/\/www.tiktok.com\/@colossalstore"]}]}},"_links":{"self":[{"href":"https:\/\/www.colossalstore.es\/en\/wp-json\/wp\/v2\/product\/2666","targetHints":{"allow":["GET"]}}],"collection":[{"href":"https:\/\/www.colossalstore.es\/en\/wp-json\/wp\/v2\/product"}],"about":[{"href":"https:\/\/www.colossalstore.es\/en\/wp-json\/wp\/v2\/types\/product"}],"replies":[{"embeddable":true,"href":"https:\/\/www.colossalstore.es\/en\/wp-json\/wp\/v2\/comments?post=2666"}],"wp:featuredmedia":[{"embeddable":true,"href":"https:\/\/www.colossalstore.es\/en\/wp-json\/wp\/v2\/media\/2667"}],"wp:attachment":[{"href":"https:\/\/www.colossalstore.es\/en\/wp-json\/wp\/v2\/media?parent=2666"}],"wp:term":[{"taxonomy":"product_brand","embeddable":true,"href":"https:\/\/www.colossalstore.es\/en\/wp-json\/wp\/v2\/product_brand?post=2666"},{"taxonomy":"product_cat","embeddable":true,"href":"https:\/\/www.colossalstore.es\/en\/wp-json\/wp\/v2\/product_cat?post=2666"},{"taxonomy":"product_tag","embeddable":true,"href":"https:\/\/www.colossalstore.es\/en\/wp-json\/wp\/v2\/product_tag?post=2666"}],"curies":[{"name":"wp","href":"https:\/\/api.w.org\/{rel}","templated":true}]}}