{"id":2660,"date":"2022-11-05T11:59:17","date_gmt":"2022-11-05T10:59:17","guid":{"rendered":"https:\/\/www.colossalstore.es\/?post_type=product&#038;p=2660"},"modified":"2025-06-20T11:18:11","modified_gmt":"2025-06-20T09:18:11","slug":"one-piece-no-005","status":"publish","type":"product","link":"https:\/\/www.colossalstore.es\/en\/tienda\/manga\/one-piece-no-005\/","title":{"rendered":"One Piece #005"},"content":{"rendered":"<p>One Piece 5 (Eiichiro Oda)<\/p>\n<div id=\"capsa-sinopsi\" class=\"sinopsi\">\n<p>Luffy is discovering that being a pirate is not easy at all: the battle on the hill has been tough, and he has not yet had to fight the last fight. This time Luffy must face the evil Cracker alone. Or should we call him Captain Kuro? Meanwhile, Zoro and Usuff have entered the forest. They are on the trail of Kaya and the children, who are fleeing the rest of the invaders.<\/p>\n<\/div>","protected":false},"excerpt":{"rendered":"<p>One Piece 5 (Eiichiro Oda) Luffy\u00a0est\u00e1 descubriendo que esto de ser pirata no es nada f\u00e1cil: la batalla sobre la colina ha sido dura, y a\u00fan no tiene que librar el \u00faltimo combate. Esta vez\u00a0Luffy\u00a0deber\u00e1 enfrentarse en solitario al maligno\u00a0Crajador. \u00bfO deber\u00edamos llamarle\u00a0Capit\u00e1n Kuro? Mientras tanto,\u00a0Zoro\u00a0y\u00a0Usuff\u00a0se han adentrado en el bosque. Van tras la pista [&hellip;]<\/p>","protected":false},"featured_media":2661,"comment_status":"open","ping_status":"closed","template":"","meta":{"_joinchat":[]},"product_brand":[],"product_cat":[32],"product_tag":[],"class_list":{"0":"post-2660","1":"product","2":"type-product","3":"status-publish","4":"has-post-thumbnail","6":"product_cat-manga","8":"first","9":"outofstock","10":"sale","11":"taxable","12":"shipping-taxable","13":"purchasable","14":"product-type-simple"},"yoast_head":"<!-- This site is optimized with the Yoast SEO plugin v25.7 - https:\/\/yoast.com\/wordpress\/plugins\/seo\/ -->\n<title>One Piece 5 (Eiichiro Oda) | Colossal Store<\/title>\n<meta name=\"description\" content=\"One Piece 5 (Eiichiro Oda): Luffy est\u00e1 descubriendo que esto de ser pirata no es nada f\u00e1cil: la batalla sobre la colina ha sido dura, y a\u00fan no tiene que librar el \u00faltimo combate. Esta vez Luffy deber\u00e1 enfrentarse en solitario al maligno Crajador. \u00bfO deber\u00edamos llamarle Capit\u00e1n Kuro? Mientras tanto, Zoro y Usuff se han adentrado en el bosque. Van tras la pista de Kaya y los ni\u00f1os, que huyen del resto de los invasores.\" \/>\n<meta name=\"robots\" content=\"index, follow, max-snippet:-1, max-image-preview:large, max-video-preview:-1\" \/>\n<link rel=\"canonical\" href=\"https:\/\/www.colossalstore.es\/en\/tienda\/manga\/one-piece-no-005\/\" \/>\n<meta property=\"og:locale\" content=\"en_US\" \/>\n<meta property=\"og:type\" content=\"article\" \/>\n<meta property=\"og:title\" content=\"One Piece 5 (Eiichiro Oda) | Colossal Store\" \/>\n<meta property=\"og:description\" content=\"One Piece 5 (Eiichiro Oda): Luffy est\u00e1 descubriendo que esto de ser pirata no es nada f\u00e1cil: la batalla sobre la colina ha sido dura, y a\u00fan no tiene que librar el \u00faltimo combate. Esta vez Luffy deber\u00e1 enfrentarse en solitario al maligno Crajador. \u00bfO deber\u00edamos llamarle Capit\u00e1n Kuro? Mientras tanto, Zoro y Usuff se han adentrado en el bosque. Van tras la pista de Kaya y los ni\u00f1os, que huyen del resto de los invasores.\" \/>\n<meta property=\"og:url\" content=\"https:\/\/www.colossalstore.es\/en\/tienda\/manga\/one-piece-no-005\/\" \/>\n<meta property=\"og:site_name\" content=\"Colossal Store\" \/>\n<meta property=\"article:modified_time\" content=\"2025-06-20T09:18:11+00:00\" \/>\n<meta property=\"og:image\" content=\"https:\/\/www.colossalstore.es\/wp-content\/uploads\/2022\/11\/One-Piece-n-05.jpg\" \/>\n\t<meta property=\"og:image:width\" content=\"400\" \/>\n\t<meta property=\"og:image:height\" content=\"592\" \/>\n\t<meta property=\"og:image:type\" content=\"image\/jpeg\" \/>\n<meta name=\"twitter:card\" content=\"summary_large_image\" \/>\n<meta name=\"twitter:site\" content=\"@Colossal_Store\" \/>\n<meta name=\"twitter:label1\" content=\"Est. reading time\" \/>\n\t<meta name=\"twitter:data1\" content=\"1 minute\" \/>\n<script type=\"application\/ld+json\" class=\"yoast-schema-graph\">{\"@context\":\"https:\/\/schema.org\",\"@graph\":[{\"@type\":\"WebPage\",\"@id\":\"https:\/\/www.colossalstore.es\/tienda\/manga\/one-piece-no-005\/\",\"url\":\"https:\/\/www.colossalstore.es\/tienda\/manga\/one-piece-no-005\/\",\"name\":\"One Piece 5 (Eiichiro Oda) | Colossal Store\",\"isPartOf\":{\"@id\":\"https:\/\/www.colossalstore.es\/#website\"},\"primaryImageOfPage\":{\"@id\":\"https:\/\/www.colossalstore.es\/tienda\/manga\/one-piece-no-005\/#primaryimage\"},\"image\":{\"@id\":\"https:\/\/www.colossalstore.es\/tienda\/manga\/one-piece-no-005\/#primaryimage\"},\"thumbnailUrl\":\"https:\/\/www.colossalstore.es\/wp-content\/uploads\/2022\/11\/One-Piece-n-05.jpg\",\"datePublished\":\"2022-11-05T10:59:17+00:00\",\"dateModified\":\"2025-06-20T09:18:11+00:00\",\"description\":\"One Piece 5 (Eiichiro Oda): Luffy est\u00e1 descubriendo que esto de ser pirata no es nada f\u00e1cil: la batalla sobre la colina ha sido dura, y a\u00fan no tiene que librar el \u00faltimo combate. Esta vez Luffy deber\u00e1 enfrentarse en solitario al maligno Crajador. \u00bfO deber\u00edamos llamarle Capit\u00e1n Kuro? Mientras tanto, Zoro y Usuff se han adentrado en el bosque. Van tras la pista de Kaya y los ni\u00f1os, que huyen del resto de los invasores.\",\"breadcrumb\":{\"@id\":\"https:\/\/www.colossalstore.es\/tienda\/manga\/one-piece-no-005\/#breadcrumb\"},\"inLanguage\":\"en-US\",\"potentialAction\":[{\"@type\":\"ReadAction\",\"target\":[\"https:\/\/www.colossalstore.es\/tienda\/manga\/one-piece-no-005\/\"]}]},{\"@type\":\"ImageObject\",\"inLanguage\":\"en-US\",\"@id\":\"https:\/\/www.colossalstore.es\/tienda\/manga\/one-piece-no-005\/#primaryimage\",\"url\":\"https:\/\/www.colossalstore.es\/wp-content\/uploads\/2022\/11\/One-Piece-n-05.jpg\",\"contentUrl\":\"https:\/\/www.colossalstore.es\/wp-content\/uploads\/2022\/11\/One-Piece-n-05.jpg\",\"width\":400,\"height\":592},{\"@type\":\"BreadcrumbList\",\"@id\":\"https:\/\/www.colossalstore.es\/tienda\/manga\/one-piece-no-005\/#breadcrumb\",\"itemListElement\":[{\"@type\":\"ListItem\",\"position\":1,\"name\":\"Home\",\"item\":\"https:\/\/www.colossalstore.es\/\"},{\"@type\":\"ListItem\",\"position\":2,\"name\":\"Tienda\",\"item\":\"https:\/\/www.colossalstore.es\/tienda\/\"},{\"@type\":\"ListItem\",\"position\":3,\"name\":\"One Piece n\u00ba 005\"}]},{\"@type\":\"WebSite\",\"@id\":\"https:\/\/www.colossalstore.es\/#website\",\"url\":\"https:\/\/www.colossalstore.es\/\",\"name\":\"Colossal Store\",\"description\":\"Colossal Store, tienda especializada en TCGs.\",\"publisher\":{\"@id\":\"https:\/\/www.colossalstore.es\/#organization\"},\"alternateName\":\"Colossal Store\",\"potentialAction\":[{\"@type\":\"SearchAction\",\"target\":{\"@type\":\"EntryPoint\",\"urlTemplate\":\"https:\/\/www.colossalstore.es\/?s={search_term_string}\"},\"query-input\":{\"@type\":\"PropertyValueSpecification\",\"valueRequired\":true,\"valueName\":\"search_term_string\"}}],\"inLanguage\":\"en-US\"},{\"@type\":\"Organization\",\"@id\":\"https:\/\/www.colossalstore.es\/#organization\",\"name\":\"Colossal Store\",\"url\":\"https:\/\/www.colossalstore.es\/\",\"logo\":{\"@type\":\"ImageObject\",\"inLanguage\":\"en-US\",\"@id\":\"https:\/\/www.colossalstore.es\/#\/schema\/logo\/image\/\",\"url\":\"https:\/\/www.colossalstore.es\/wp-content\/uploads\/2023\/05\/Colossal_Logo-02.png\",\"contentUrl\":\"https:\/\/www.colossalstore.es\/wp-content\/uploads\/2023\/05\/Colossal_Logo-02.png\",\"width\":1181,\"height\":1181,\"caption\":\"Colossal Store\"},\"image\":{\"@id\":\"https:\/\/www.colossalstore.es\/#\/schema\/logo\/image\/\"},\"sameAs\":[\"https:\/\/x.com\/Colossal_Store\",\"https:\/\/www.instagram.com\/colossal_store_tcg\/\",\"https:\/\/www.tiktok.com\/@colossalstore\"]}]}<\/script>\n<!-- \/ Yoast SEO plugin. -->","yoast_head_json":{"title":"One Piece 5 (Eiichiro Oda) | Colossal Store","description":"One Piece 5 (Eiichiro Oda): Luffy est\u00e1 descubriendo que esto de ser pirata no es nada f\u00e1cil: la batalla sobre la colina ha sido dura, y a\u00fan no tiene que librar el \u00faltimo combate. Esta vez Luffy deber\u00e1 enfrentarse en solitario al maligno Crajador. \u00bfO deber\u00edamos llamarle Capit\u00e1n Kuro? Mientras tanto, Zoro y Usuff se han adentrado en el bosque. Van tras la pista de Kaya y los ni\u00f1os, que huyen del resto de los invasores.","robots":{"index":"index","follow":"follow","max-snippet":"max-snippet:-1","max-image-preview":"max-image-preview:large","max-video-preview":"max-video-preview:-1"},"canonical":"https:\/\/www.colossalstore.es\/en\/tienda\/manga\/one-piece-no-005\/","og_locale":"en_US","og_type":"article","og_title":"One Piece 5 (Eiichiro Oda) | Colossal Store","og_description":"One Piece 5 (Eiichiro Oda): Luffy est\u00e1 descubriendo que esto de ser pirata no es nada f\u00e1cil: la batalla sobre la colina ha sido dura, y a\u00fan no tiene que librar el \u00faltimo combate. Esta vez Luffy deber\u00e1 enfrentarse en solitario al maligno Crajador. \u00bfO deber\u00edamos llamarle Capit\u00e1n Kuro? Mientras tanto, Zoro y Usuff se han adentrado en el bosque. Van tras la pista de Kaya y los ni\u00f1os, que huyen del resto de los invasores.","og_url":"https:\/\/www.colossalstore.es\/en\/tienda\/manga\/one-piece-no-005\/","og_site_name":"Colossal Store","article_modified_time":"2025-06-20T09:18:11+00:00","og_image":[{"width":400,"height":592,"url":"https:\/\/www.colossalstore.es\/wp-content\/uploads\/2022\/11\/One-Piece-n-05.jpg","type":"image\/jpeg"}],"twitter_card":"summary_large_image","twitter_site":"@Colossal_Store","twitter_misc":{"Est. reading time":"1 minute"},"schema":{"@context":"https:\/\/schema.org","@graph":[{"@type":"WebPage","@id":"https:\/\/www.colossalstore.es\/tienda\/manga\/one-piece-no-005\/","url":"https:\/\/www.colossalstore.es\/tienda\/manga\/one-piece-no-005\/","name":"One Piece 5 (Eiichiro Oda) | Colossal Store","isPartOf":{"@id":"https:\/\/www.colossalstore.es\/#website"},"primaryImageOfPage":{"@id":"https:\/\/www.colossalstore.es\/tienda\/manga\/one-piece-no-005\/#primaryimage"},"image":{"@id":"https:\/\/www.colossalstore.es\/tienda\/manga\/one-piece-no-005\/#primaryimage"},"thumbnailUrl":"https:\/\/www.colossalstore.es\/wp-content\/uploads\/2022\/11\/One-Piece-n-05.jpg","datePublished":"2022-11-05T10:59:17+00:00","dateModified":"2025-06-20T09:18:11+00:00","description":"One Piece 5 (Eiichiro Oda): Luffy est\u00e1 descubriendo que esto de ser pirata no es nada f\u00e1cil: la batalla sobre la colina ha sido dura, y a\u00fan no tiene que librar el \u00faltimo combate. Esta vez Luffy deber\u00e1 enfrentarse en solitario al maligno Crajador. \u00bfO deber\u00edamos llamarle Capit\u00e1n Kuro? Mientras tanto, Zoro y Usuff se han adentrado en el bosque. Van tras la pista de Kaya y los ni\u00f1os, que huyen del resto de los invasores.","breadcrumb":{"@id":"https:\/\/www.colossalstore.es\/tienda\/manga\/one-piece-no-005\/#breadcrumb"},"inLanguage":"en-US","potentialAction":[{"@type":"ReadAction","target":["https:\/\/www.colossalstore.es\/tienda\/manga\/one-piece-no-005\/"]}]},{"@type":"ImageObject","inLanguage":"en-US","@id":"https:\/\/www.colossalstore.es\/tienda\/manga\/one-piece-no-005\/#primaryimage","url":"https:\/\/www.colossalstore.es\/wp-content\/uploads\/2022\/11\/One-Piece-n-05.jpg","contentUrl":"https:\/\/www.colossalstore.es\/wp-content\/uploads\/2022\/11\/One-Piece-n-05.jpg","width":400,"height":592},{"@type":"BreadcrumbList","@id":"https:\/\/www.colossalstore.es\/tienda\/manga\/one-piece-no-005\/#breadcrumb","itemListElement":[{"@type":"ListItem","position":1,"name":"Home","item":"https:\/\/www.colossalstore.es\/"},{"@type":"ListItem","position":2,"name":"Tienda","item":"https:\/\/www.colossalstore.es\/tienda\/"},{"@type":"ListItem","position":3,"name":"One Piece n\u00ba 005"}]},{"@type":"WebSite","@id":"https:\/\/www.colossalstore.es\/#website","url":"https:\/\/www.colossalstore.es\/","name":"Colossal Store","description":"Colossal Store, store specialized in TCGs.","publisher":{"@id":"https:\/\/www.colossalstore.es\/#organization"},"alternateName":"Colossal Store","potentialAction":[{"@type":"SearchAction","target":{"@type":"EntryPoint","urlTemplate":"https:\/\/www.colossalstore.es\/?s={search_term_string}"},"query-input":{"@type":"PropertyValueSpecification","valueRequired":true,"valueName":"search_term_string"}}],"inLanguage":"en-US"},{"@type":"Organization","@id":"https:\/\/www.colossalstore.es\/#organization","name":"Colossal Store","url":"https:\/\/www.colossalstore.es\/","logo":{"@type":"ImageObject","inLanguage":"en-US","@id":"https:\/\/www.colossalstore.es\/#\/schema\/logo\/image\/","url":"https:\/\/www.colossalstore.es\/wp-content\/uploads\/2023\/05\/Colossal_Logo-02.png","contentUrl":"https:\/\/www.colossalstore.es\/wp-content\/uploads\/2023\/05\/Colossal_Logo-02.png","width":1181,"height":1181,"caption":"Colossal Store"},"image":{"@id":"https:\/\/www.colossalstore.es\/#\/schema\/logo\/image\/"},"sameAs":["https:\/\/x.com\/Colossal_Store","https:\/\/www.instagram.com\/colossal_store_tcg\/","https:\/\/www.tiktok.com\/@colossalstore"]}]}},"_links":{"self":[{"href":"https:\/\/www.colossalstore.es\/en\/wp-json\/wp\/v2\/product\/2660","targetHints":{"allow":["GET"]}}],"collection":[{"href":"https:\/\/www.colossalstore.es\/en\/wp-json\/wp\/v2\/product"}],"about":[{"href":"https:\/\/www.colossalstore.es\/en\/wp-json\/wp\/v2\/types\/product"}],"replies":[{"embeddable":true,"href":"https:\/\/www.colossalstore.es\/en\/wp-json\/wp\/v2\/comments?post=2660"}],"wp:featuredmedia":[{"embeddable":true,"href":"https:\/\/www.colossalstore.es\/en\/wp-json\/wp\/v2\/media\/2661"}],"wp:attachment":[{"href":"https:\/\/www.colossalstore.es\/en\/wp-json\/wp\/v2\/media?parent=2660"}],"wp:term":[{"taxonomy":"product_brand","embeddable":true,"href":"https:\/\/www.colossalstore.es\/en\/wp-json\/wp\/v2\/product_brand?post=2660"},{"taxonomy":"product_cat","embeddable":true,"href":"https:\/\/www.colossalstore.es\/en\/wp-json\/wp\/v2\/product_cat?post=2660"},{"taxonomy":"product_tag","embeddable":true,"href":"https:\/\/www.colossalstore.es\/en\/wp-json\/wp\/v2\/product_tag?post=2660"}],"curies":[{"name":"wp","href":"https:\/\/api.w.org\/{rel}","templated":true}]}}