{"id":2650,"date":"2022-11-05T11:53:22","date_gmt":"2022-11-05T10:53:22","guid":{"rendered":"https:\/\/www.colossalstore.es\/?post_type=product&#038;p=2650"},"modified":"2026-01-05T20:43:16","modified_gmt":"2026-01-05T19:43:16","slug":"parasyte-3","status":"publish","type":"product","link":"https:\/\/www.colossalstore.es\/en\/tienda\/manga\/parasyte-3\/","title":{"rendered":"PARASYTE 3"},"content":{"rendered":"<p>Parasyte 3 (Hitoshi Iwaaki)<\/p>\n<p>Shinichu Izumi lives a peaceful life with his parents until one night, organisms invade the Earth. They are worms (parasites) that get inside humans through their eyes or nose to take over their brains. Shinichi manages to keep them from entering his body, but they infect his hand. This is where his fight for survival in a hostile world begins.<\/p>","protected":false},"excerpt":{"rendered":"<p>Parasyte 3 (Hitoshi Iwaaki) Shinichu Izumi vive con sus padres de forma tranquila, hasta que, una noche, los organismos invaden la Tierra. Se trata de gusanos (par\u00e1sitos) que se introducen dentro de los humanos, a trav\u00e9s de sus ojos o nariz para dominar su cerebro. Shinichi consigue que no entren en su cuerpo, pero infectar\u00e1n [&hellip;]<\/p>","protected":false},"featured_media":2651,"comment_status":"open","ping_status":"closed","template":"","meta":{"_joinchat":[]},"product_brand":[],"product_cat":[32],"product_tag":[],"class_list":{"0":"post-2650","1":"product","2":"type-product","3":"status-publish","4":"has-post-thumbnail","6":"product_cat-manga","8":"first","9":"outofstock","10":"sale","11":"taxable","12":"shipping-taxable","13":"purchasable","14":"product-type-simple"},"yoast_head":"<!-- This site is optimized with the Yoast SEO plugin v25.7 - https:\/\/yoast.com\/wordpress\/plugins\/seo\/ -->\n<title>Parasyte 3 (Hitoshi Iwaaki) | Colossal Store<\/title>\n<meta name=\"description\" content=\"Parasyte 3 (Hitoshi Iwaaki): Shinichu Izumi vive con sus padres de forma tranquila, hasta que, una noche, los organismos invaden la Tierra. Se trata de gusanos (par\u00e1sitos) que se introducen dentro de los humanos, a trav\u00e9s de sus ojos o nariz para dominar su cerebro. Shinichi consigue que no entren en su cuerpo, pero infectar\u00e1n su mano. Aqu\u00ed comienza su lucha por la supervivencia en un mundo hostil.\" \/>\n<meta name=\"robots\" content=\"index, follow, max-snippet:-1, max-image-preview:large, max-video-preview:-1\" \/>\n<link rel=\"canonical\" href=\"https:\/\/www.colossalstore.es\/en\/tienda\/manga\/parasyte-3\/\" \/>\n<meta property=\"og:locale\" content=\"en_US\" \/>\n<meta property=\"og:type\" content=\"article\" \/>\n<meta property=\"og:title\" content=\"Parasyte 3 (Hitoshi Iwaaki) | Colossal Store\" \/>\n<meta property=\"og:description\" content=\"Parasyte 3 (Hitoshi Iwaaki): Shinichu Izumi vive con sus padres de forma tranquila, hasta que, una noche, los organismos invaden la Tierra. Se trata de gusanos (par\u00e1sitos) que se introducen dentro de los humanos, a trav\u00e9s de sus ojos o nariz para dominar su cerebro. Shinichi consigue que no entren en su cuerpo, pero infectar\u00e1n su mano. Aqu\u00ed comienza su lucha por la supervivencia en un mundo hostil.\" \/>\n<meta property=\"og:url\" content=\"https:\/\/www.colossalstore.es\/en\/tienda\/manga\/parasyte-3\/\" \/>\n<meta property=\"og:site_name\" content=\"Colossal Store\" \/>\n<meta property=\"article:modified_time\" content=\"2026-01-05T19:43:16+00:00\" \/>\n<meta property=\"og:image\" content=\"https:\/\/www.colossalstore.es\/wp-content\/uploads\/2022\/11\/9788416816637.jpg\" \/>\n\t<meta property=\"og:image:width\" content=\"229\" \/>\n\t<meta property=\"og:image:height\" content=\"350\" \/>\n\t<meta property=\"og:image:type\" content=\"image\/jpeg\" \/>\n<meta name=\"twitter:card\" content=\"summary_large_image\" \/>\n<meta name=\"twitter:site\" content=\"@Colossal_Store\" \/>\n<meta name=\"twitter:label1\" content=\"Est. reading time\" \/>\n\t<meta name=\"twitter:data1\" content=\"1 minute\" \/>\n<script type=\"application\/ld+json\" class=\"yoast-schema-graph\">{\"@context\":\"https:\/\/schema.org\",\"@graph\":[{\"@type\":\"WebPage\",\"@id\":\"https:\/\/www.colossalstore.es\/tienda\/manga\/parasyte-3\/\",\"url\":\"https:\/\/www.colossalstore.es\/tienda\/manga\/parasyte-3\/\",\"name\":\"Parasyte 3 (Hitoshi Iwaaki) | Colossal Store\",\"isPartOf\":{\"@id\":\"https:\/\/www.colossalstore.es\/#website\"},\"primaryImageOfPage\":{\"@id\":\"https:\/\/www.colossalstore.es\/tienda\/manga\/parasyte-3\/#primaryimage\"},\"image\":{\"@id\":\"https:\/\/www.colossalstore.es\/tienda\/manga\/parasyte-3\/#primaryimage\"},\"thumbnailUrl\":\"https:\/\/www.colossalstore.es\/wp-content\/uploads\/2022\/11\/9788416816637.jpg\",\"datePublished\":\"2022-11-05T10:53:22+00:00\",\"dateModified\":\"2026-01-05T19:43:16+00:00\",\"description\":\"Parasyte 3 (Hitoshi Iwaaki): Shinichu Izumi vive con sus padres de forma tranquila, hasta que, una noche, los organismos invaden la Tierra. Se trata de gusanos (par\u00e1sitos) que se introducen dentro de los humanos, a trav\u00e9s de sus ojos o nariz para dominar su cerebro. Shinichi consigue que no entren en su cuerpo, pero infectar\u00e1n su mano. Aqu\u00ed comienza su lucha por la supervivencia en un mundo hostil.\",\"breadcrumb\":{\"@id\":\"https:\/\/www.colossalstore.es\/tienda\/manga\/parasyte-3\/#breadcrumb\"},\"inLanguage\":\"en-US\",\"potentialAction\":[{\"@type\":\"ReadAction\",\"target\":[\"https:\/\/www.colossalstore.es\/tienda\/manga\/parasyte-3\/\"]}]},{\"@type\":\"ImageObject\",\"inLanguage\":\"en-US\",\"@id\":\"https:\/\/www.colossalstore.es\/tienda\/manga\/parasyte-3\/#primaryimage\",\"url\":\"https:\/\/www.colossalstore.es\/wp-content\/uploads\/2022\/11\/9788416816637.jpg\",\"contentUrl\":\"https:\/\/www.colossalstore.es\/wp-content\/uploads\/2022\/11\/9788416816637.jpg\",\"width\":229,\"height\":350},{\"@type\":\"BreadcrumbList\",\"@id\":\"https:\/\/www.colossalstore.es\/tienda\/manga\/parasyte-3\/#breadcrumb\",\"itemListElement\":[{\"@type\":\"ListItem\",\"position\":1,\"name\":\"Home\",\"item\":\"https:\/\/www.colossalstore.es\/\"},{\"@type\":\"ListItem\",\"position\":2,\"name\":\"Tienda\",\"item\":\"https:\/\/www.colossalstore.es\/tienda\/\"},{\"@type\":\"ListItem\",\"position\":3,\"name\":\"PARASYTE 3\"}]},{\"@type\":\"WebSite\",\"@id\":\"https:\/\/www.colossalstore.es\/#website\",\"url\":\"https:\/\/www.colossalstore.es\/\",\"name\":\"Colossal Store\",\"description\":\"Colossal Store, tienda especializada en TCGs.\",\"publisher\":{\"@id\":\"https:\/\/www.colossalstore.es\/#organization\"},\"alternateName\":\"Colossal Store\",\"potentialAction\":[{\"@type\":\"SearchAction\",\"target\":{\"@type\":\"EntryPoint\",\"urlTemplate\":\"https:\/\/www.colossalstore.es\/?s={search_term_string}\"},\"query-input\":{\"@type\":\"PropertyValueSpecification\",\"valueRequired\":true,\"valueName\":\"search_term_string\"}}],\"inLanguage\":\"en-US\"},{\"@type\":\"Organization\",\"@id\":\"https:\/\/www.colossalstore.es\/#organization\",\"name\":\"Colossal Store\",\"url\":\"https:\/\/www.colossalstore.es\/\",\"logo\":{\"@type\":\"ImageObject\",\"inLanguage\":\"en-US\",\"@id\":\"https:\/\/www.colossalstore.es\/#\/schema\/logo\/image\/\",\"url\":\"https:\/\/www.colossalstore.es\/wp-content\/uploads\/2023\/05\/Colossal_Logo-02.png\",\"contentUrl\":\"https:\/\/www.colossalstore.es\/wp-content\/uploads\/2023\/05\/Colossal_Logo-02.png\",\"width\":1181,\"height\":1181,\"caption\":\"Colossal Store\"},\"image\":{\"@id\":\"https:\/\/www.colossalstore.es\/#\/schema\/logo\/image\/\"},\"sameAs\":[\"https:\/\/x.com\/Colossal_Store\",\"https:\/\/www.instagram.com\/colossal_store_tcg\/\",\"https:\/\/www.tiktok.com\/@colossalstore\"]}]}<\/script>\n<!-- \/ Yoast SEO plugin. -->","yoast_head_json":{"title":"Parasyte 3 (Hitoshi Iwaaki) | Colossal Store","description":"Parasyte 3 (Hitoshi Iwaaki): Shinichu Izumi vive con sus padres de forma tranquila, hasta que, una noche, los organismos invaden la Tierra. Se trata de gusanos (par\u00e1sitos) que se introducen dentro de los humanos, a trav\u00e9s de sus ojos o nariz para dominar su cerebro. Shinichi consigue que no entren en su cuerpo, pero infectar\u00e1n su mano. Aqu\u00ed comienza su lucha por la supervivencia en un mundo hostil.","robots":{"index":"index","follow":"follow","max-snippet":"max-snippet:-1","max-image-preview":"max-image-preview:large","max-video-preview":"max-video-preview:-1"},"canonical":"https:\/\/www.colossalstore.es\/en\/tienda\/manga\/parasyte-3\/","og_locale":"en_US","og_type":"article","og_title":"Parasyte 3 (Hitoshi Iwaaki) | Colossal Store","og_description":"Parasyte 3 (Hitoshi Iwaaki): Shinichu Izumi vive con sus padres de forma tranquila, hasta que, una noche, los organismos invaden la Tierra. Se trata de gusanos (par\u00e1sitos) que se introducen dentro de los humanos, a trav\u00e9s de sus ojos o nariz para dominar su cerebro. Shinichi consigue que no entren en su cuerpo, pero infectar\u00e1n su mano. Aqu\u00ed comienza su lucha por la supervivencia en un mundo hostil.","og_url":"https:\/\/www.colossalstore.es\/en\/tienda\/manga\/parasyte-3\/","og_site_name":"Colossal Store","article_modified_time":"2026-01-05T19:43:16+00:00","og_image":[{"width":229,"height":350,"url":"https:\/\/www.colossalstore.es\/wp-content\/uploads\/2022\/11\/9788416816637.jpg","type":"image\/jpeg"}],"twitter_card":"summary_large_image","twitter_site":"@Colossal_Store","twitter_misc":{"Est. reading time":"1 minute"},"schema":{"@context":"https:\/\/schema.org","@graph":[{"@type":"WebPage","@id":"https:\/\/www.colossalstore.es\/tienda\/manga\/parasyte-3\/","url":"https:\/\/www.colossalstore.es\/tienda\/manga\/parasyte-3\/","name":"Parasyte 3 (Hitoshi Iwaaki) | Colossal Store","isPartOf":{"@id":"https:\/\/www.colossalstore.es\/#website"},"primaryImageOfPage":{"@id":"https:\/\/www.colossalstore.es\/tienda\/manga\/parasyte-3\/#primaryimage"},"image":{"@id":"https:\/\/www.colossalstore.es\/tienda\/manga\/parasyte-3\/#primaryimage"},"thumbnailUrl":"https:\/\/www.colossalstore.es\/wp-content\/uploads\/2022\/11\/9788416816637.jpg","datePublished":"2022-11-05T10:53:22+00:00","dateModified":"2026-01-05T19:43:16+00:00","description":"Parasyte 3 (Hitoshi Iwaaki): Shinichu Izumi vive con sus padres de forma tranquila, hasta que, una noche, los organismos invaden la Tierra. Se trata de gusanos (par\u00e1sitos) que se introducen dentro de los humanos, a trav\u00e9s de sus ojos o nariz para dominar su cerebro. Shinichi consigue que no entren en su cuerpo, pero infectar\u00e1n su mano. Aqu\u00ed comienza su lucha por la supervivencia en un mundo hostil.","breadcrumb":{"@id":"https:\/\/www.colossalstore.es\/tienda\/manga\/parasyte-3\/#breadcrumb"},"inLanguage":"en-US","potentialAction":[{"@type":"ReadAction","target":["https:\/\/www.colossalstore.es\/tienda\/manga\/parasyte-3\/"]}]},{"@type":"ImageObject","inLanguage":"en-US","@id":"https:\/\/www.colossalstore.es\/tienda\/manga\/parasyte-3\/#primaryimage","url":"https:\/\/www.colossalstore.es\/wp-content\/uploads\/2022\/11\/9788416816637.jpg","contentUrl":"https:\/\/www.colossalstore.es\/wp-content\/uploads\/2022\/11\/9788416816637.jpg","width":229,"height":350},{"@type":"BreadcrumbList","@id":"https:\/\/www.colossalstore.es\/tienda\/manga\/parasyte-3\/#breadcrumb","itemListElement":[{"@type":"ListItem","position":1,"name":"Home","item":"https:\/\/www.colossalstore.es\/"},{"@type":"ListItem","position":2,"name":"Tienda","item":"https:\/\/www.colossalstore.es\/tienda\/"},{"@type":"ListItem","position":3,"name":"PARASYTE 3"}]},{"@type":"WebSite","@id":"https:\/\/www.colossalstore.es\/#website","url":"https:\/\/www.colossalstore.es\/","name":"Colossal Store","description":"Colossal Store, store specialized in TCGs.","publisher":{"@id":"https:\/\/www.colossalstore.es\/#organization"},"alternateName":"Colossal Store","potentialAction":[{"@type":"SearchAction","target":{"@type":"EntryPoint","urlTemplate":"https:\/\/www.colossalstore.es\/?s={search_term_string}"},"query-input":{"@type":"PropertyValueSpecification","valueRequired":true,"valueName":"search_term_string"}}],"inLanguage":"en-US"},{"@type":"Organization","@id":"https:\/\/www.colossalstore.es\/#organization","name":"Colossal Store","url":"https:\/\/www.colossalstore.es\/","logo":{"@type":"ImageObject","inLanguage":"en-US","@id":"https:\/\/www.colossalstore.es\/#\/schema\/logo\/image\/","url":"https:\/\/www.colossalstore.es\/wp-content\/uploads\/2023\/05\/Colossal_Logo-02.png","contentUrl":"https:\/\/www.colossalstore.es\/wp-content\/uploads\/2023\/05\/Colossal_Logo-02.png","width":1181,"height":1181,"caption":"Colossal Store"},"image":{"@id":"https:\/\/www.colossalstore.es\/#\/schema\/logo\/image\/"},"sameAs":["https:\/\/x.com\/Colossal_Store","https:\/\/www.instagram.com\/colossal_store_tcg\/","https:\/\/www.tiktok.com\/@colossalstore"]}]}},"_links":{"self":[{"href":"https:\/\/www.colossalstore.es\/en\/wp-json\/wp\/v2\/product\/2650","targetHints":{"allow":["GET"]}}],"collection":[{"href":"https:\/\/www.colossalstore.es\/en\/wp-json\/wp\/v2\/product"}],"about":[{"href":"https:\/\/www.colossalstore.es\/en\/wp-json\/wp\/v2\/types\/product"}],"replies":[{"embeddable":true,"href":"https:\/\/www.colossalstore.es\/en\/wp-json\/wp\/v2\/comments?post=2650"}],"wp:featuredmedia":[{"embeddable":true,"href":"https:\/\/www.colossalstore.es\/en\/wp-json\/wp\/v2\/media\/2651"}],"wp:attachment":[{"href":"https:\/\/www.colossalstore.es\/en\/wp-json\/wp\/v2\/media?parent=2650"}],"wp:term":[{"taxonomy":"product_brand","embeddable":true,"href":"https:\/\/www.colossalstore.es\/en\/wp-json\/wp\/v2\/product_brand?post=2650"},{"taxonomy":"product_cat","embeddable":true,"href":"https:\/\/www.colossalstore.es\/en\/wp-json\/wp\/v2\/product_cat?post=2650"},{"taxonomy":"product_tag","embeddable":true,"href":"https:\/\/www.colossalstore.es\/en\/wp-json\/wp\/v2\/product_tag?post=2650"}],"curies":[{"name":"wp","href":"https:\/\/api.w.org\/{rel}","templated":true}]}}