{"id":2640,"date":"2022-11-05T11:44:50","date_gmt":"2022-11-05T10:44:50","guid":{"rendered":"https:\/\/www.colossalstore.es\/?post_type=product&#038;p=2640"},"modified":"2025-06-20T11:19:14","modified_gmt":"2025-06-20T09:19:14","slug":"naruto-anime-comic-no-01-shippuden","status":"publish","type":"product","link":"https:\/\/www.colossalstore.es\/en\/tienda\/manga\/naruto-anime-comic-no-01-shippuden\/","title":{"rendered":"Naruto anime comic 1 Shippuden"},"content":{"rendered":"<p>Naruto anime comic 1 Shippuden (Masashi Kisimoto)<\/p>\n<p>Anime Comic manga based on is the fourth Naruto movie. An ambitious man named Yomi wishes to free the spirit of Mouryou, a demon who tried to take over the world, but was captured in a shrine. Yomi will offer his body to house the spirit and begin its evil plan of conquest. Naruto and his companions must save the world. It will not be an easy task.<\/p>","protected":false},"excerpt":{"rendered":"<p>Naruto anime comic 1 Shippuden (Masashi Kisimoto) Anime C\u00f3mic manga basado en es la cuarta pel\u00edcula de Naruto. Un ambicioso hombre llamado Yomi desea liberar al esp\u00edritu de Mouryou, un demonio que intent\u00f3 dominar el mundo, pero que fue capturado en un santuario. Yomi ofrecer\u00e1 su cuerpo para albergar al esp\u00edritu e iniciar su malvado [&hellip;]<\/p>","protected":false},"featured_media":2641,"comment_status":"open","ping_status":"closed","template":"","meta":{"_joinchat":[]},"product_brand":[],"product_cat":[32],"product_tag":[],"class_list":{"0":"post-2640","1":"product","2":"type-product","3":"status-publish","4":"has-post-thumbnail","6":"product_cat-manga","8":"first","9":"outofstock","10":"taxable","11":"shipping-taxable","12":"purchasable","13":"product-type-simple"},"yoast_head":"<!-- This site is optimized with the Yoast SEO plugin v25.7 - https:\/\/yoast.com\/wordpress\/plugins\/seo\/ -->\n<title>Naruto anime comic 1 Shippuden (Masashi Kisimoto) | Colossal Store<\/title>\n<meta name=\"description\" content=\"Naruto anime comic 1 Shippuden (Masashi Kisimoto): Anime C\u00f3mic manga basado en es la cuarta pel\u00edcula de Naruto. Un ambicioso hombre llamado Yomi desea liberar al esp\u00edritu de Mouryou, un demonio que intent\u00f3 dominar el mundo, pero que fue capturado en un santuario. Yomi ofrecer\u00e1 su cuerpo para albergar al esp\u00edritu e iniciar su malvado plan de conquista. Naruto y sus compa\u00f1eros deber\u00e1n salvar al mundo. No ser\u00e1 tarea f\u00e1cil.\" \/>\n<meta name=\"robots\" content=\"index, follow, max-snippet:-1, max-image-preview:large, max-video-preview:-1\" \/>\n<link rel=\"canonical\" href=\"https:\/\/www.colossalstore.es\/en\/tienda\/manga\/naruto-anime-comic-no-01-shippuden\/\" \/>\n<meta property=\"og:locale\" content=\"en_US\" \/>\n<meta property=\"og:type\" content=\"article\" \/>\n<meta property=\"og:title\" content=\"Naruto anime comic 1 Shippuden (Masashi Kisimoto) | Colossal Store\" \/>\n<meta property=\"og:description\" content=\"Naruto anime comic 1 Shippuden (Masashi Kisimoto): Anime C\u00f3mic manga basado en es la cuarta pel\u00edcula de Naruto. Un ambicioso hombre llamado Yomi desea liberar al esp\u00edritu de Mouryou, un demonio que intent\u00f3 dominar el mundo, pero que fue capturado en un santuario. Yomi ofrecer\u00e1 su cuerpo para albergar al esp\u00edritu e iniciar su malvado plan de conquista. Naruto y sus compa\u00f1eros deber\u00e1n salvar al mundo. No ser\u00e1 tarea f\u00e1cil.\" \/>\n<meta property=\"og:url\" content=\"https:\/\/www.colossalstore.es\/en\/tienda\/manga\/naruto-anime-comic-no-01-shippuden\/\" \/>\n<meta property=\"og:site_name\" content=\"Colossal Store\" \/>\n<meta property=\"article:modified_time\" content=\"2025-06-20T09:19:14+00:00\" \/>\n<meta property=\"og:image\" content=\"https:\/\/www.colossalstore.es\/wp-content\/uploads\/2022\/11\/814QsOQM9UL.jpg\" \/>\n\t<meta property=\"og:image:width\" content=\"1639\" \/>\n\t<meta property=\"og:image:height\" content=\"2560\" \/>\n\t<meta property=\"og:image:type\" content=\"image\/jpeg\" \/>\n<meta name=\"twitter:card\" content=\"summary_large_image\" \/>\n<meta name=\"twitter:site\" content=\"@Colossal_Store\" \/>\n<meta name=\"twitter:label1\" content=\"Est. reading time\" \/>\n\t<meta name=\"twitter:data1\" content=\"1 minute\" \/>\n<script type=\"application\/ld+json\" class=\"yoast-schema-graph\">{\"@context\":\"https:\/\/schema.org\",\"@graph\":[{\"@type\":\"WebPage\",\"@id\":\"https:\/\/www.colossalstore.es\/tienda\/manga\/naruto-anime-comic-no-01-shippuden\/\",\"url\":\"https:\/\/www.colossalstore.es\/tienda\/manga\/naruto-anime-comic-no-01-shippuden\/\",\"name\":\"Naruto anime comic 1 Shippuden (Masashi Kisimoto) | Colossal Store\",\"isPartOf\":{\"@id\":\"https:\/\/www.colossalstore.es\/#website\"},\"primaryImageOfPage\":{\"@id\":\"https:\/\/www.colossalstore.es\/tienda\/manga\/naruto-anime-comic-no-01-shippuden\/#primaryimage\"},\"image\":{\"@id\":\"https:\/\/www.colossalstore.es\/tienda\/manga\/naruto-anime-comic-no-01-shippuden\/#primaryimage\"},\"thumbnailUrl\":\"https:\/\/www.colossalstore.es\/wp-content\/uploads\/2022\/11\/814QsOQM9UL.jpg\",\"datePublished\":\"2022-11-05T10:44:50+00:00\",\"dateModified\":\"2025-06-20T09:19:14+00:00\",\"description\":\"Naruto anime comic 1 Shippuden (Masashi Kisimoto): Anime C\u00f3mic manga basado en es la cuarta pel\u00edcula de Naruto. Un ambicioso hombre llamado Yomi desea liberar al esp\u00edritu de Mouryou, un demonio que intent\u00f3 dominar el mundo, pero que fue capturado en un santuario. Yomi ofrecer\u00e1 su cuerpo para albergar al esp\u00edritu e iniciar su malvado plan de conquista. Naruto y sus compa\u00f1eros deber\u00e1n salvar al mundo. No ser\u00e1 tarea f\u00e1cil.\",\"breadcrumb\":{\"@id\":\"https:\/\/www.colossalstore.es\/tienda\/manga\/naruto-anime-comic-no-01-shippuden\/#breadcrumb\"},\"inLanguage\":\"en-US\",\"potentialAction\":[{\"@type\":\"ReadAction\",\"target\":[\"https:\/\/www.colossalstore.es\/tienda\/manga\/naruto-anime-comic-no-01-shippuden\/\"]}]},{\"@type\":\"ImageObject\",\"inLanguage\":\"en-US\",\"@id\":\"https:\/\/www.colossalstore.es\/tienda\/manga\/naruto-anime-comic-no-01-shippuden\/#primaryimage\",\"url\":\"https:\/\/www.colossalstore.es\/wp-content\/uploads\/2022\/11\/814QsOQM9UL.jpg\",\"contentUrl\":\"https:\/\/www.colossalstore.es\/wp-content\/uploads\/2022\/11\/814QsOQM9UL.jpg\",\"width\":1639,\"height\":2560},{\"@type\":\"BreadcrumbList\",\"@id\":\"https:\/\/www.colossalstore.es\/tienda\/manga\/naruto-anime-comic-no-01-shippuden\/#breadcrumb\",\"itemListElement\":[{\"@type\":\"ListItem\",\"position\":1,\"name\":\"Home\",\"item\":\"https:\/\/www.colossalstore.es\/\"},{\"@type\":\"ListItem\",\"position\":2,\"name\":\"Tienda\",\"item\":\"https:\/\/www.colossalstore.es\/tienda\/\"},{\"@type\":\"ListItem\",\"position\":3,\"name\":\"Naruto anime comic 1 Shippuden\"}]},{\"@type\":\"WebSite\",\"@id\":\"https:\/\/www.colossalstore.es\/#website\",\"url\":\"https:\/\/www.colossalstore.es\/\",\"name\":\"Colossal Store\",\"description\":\"Colossal Store, tienda especializada en TCGs.\",\"publisher\":{\"@id\":\"https:\/\/www.colossalstore.es\/#organization\"},\"alternateName\":\"Colossal Store\",\"potentialAction\":[{\"@type\":\"SearchAction\",\"target\":{\"@type\":\"EntryPoint\",\"urlTemplate\":\"https:\/\/www.colossalstore.es\/?s={search_term_string}\"},\"query-input\":{\"@type\":\"PropertyValueSpecification\",\"valueRequired\":true,\"valueName\":\"search_term_string\"}}],\"inLanguage\":\"en-US\"},{\"@type\":\"Organization\",\"@id\":\"https:\/\/www.colossalstore.es\/#organization\",\"name\":\"Colossal Store\",\"url\":\"https:\/\/www.colossalstore.es\/\",\"logo\":{\"@type\":\"ImageObject\",\"inLanguage\":\"en-US\",\"@id\":\"https:\/\/www.colossalstore.es\/#\/schema\/logo\/image\/\",\"url\":\"https:\/\/www.colossalstore.es\/wp-content\/uploads\/2023\/05\/Colossal_Logo-02.png\",\"contentUrl\":\"https:\/\/www.colossalstore.es\/wp-content\/uploads\/2023\/05\/Colossal_Logo-02.png\",\"width\":1181,\"height\":1181,\"caption\":\"Colossal Store\"},\"image\":{\"@id\":\"https:\/\/www.colossalstore.es\/#\/schema\/logo\/image\/\"},\"sameAs\":[\"https:\/\/x.com\/Colossal_Store\",\"https:\/\/www.instagram.com\/colossal_store_tcg\/\",\"https:\/\/www.tiktok.com\/@colossalstore\"]}]}<\/script>\n<!-- \/ Yoast SEO plugin. -->","yoast_head_json":{"title":"Naruto anime comic 1 Shippuden (Masashi Kisimoto) | Colossal Store","description":"Naruto anime comic 1 Shippuden (Masashi Kisimoto): Anime C\u00f3mic manga basado en es la cuarta pel\u00edcula de Naruto. Un ambicioso hombre llamado Yomi desea liberar al esp\u00edritu de Mouryou, un demonio que intent\u00f3 dominar el mundo, pero que fue capturado en un santuario. Yomi ofrecer\u00e1 su cuerpo para albergar al esp\u00edritu e iniciar su malvado plan de conquista. Naruto y sus compa\u00f1eros deber\u00e1n salvar al mundo. No ser\u00e1 tarea f\u00e1cil.","robots":{"index":"index","follow":"follow","max-snippet":"max-snippet:-1","max-image-preview":"max-image-preview:large","max-video-preview":"max-video-preview:-1"},"canonical":"https:\/\/www.colossalstore.es\/en\/tienda\/manga\/naruto-anime-comic-no-01-shippuden\/","og_locale":"en_US","og_type":"article","og_title":"Naruto anime comic 1 Shippuden (Masashi Kisimoto) | Colossal Store","og_description":"Naruto anime comic 1 Shippuden (Masashi Kisimoto): Anime C\u00f3mic manga basado en es la cuarta pel\u00edcula de Naruto. Un ambicioso hombre llamado Yomi desea liberar al esp\u00edritu de Mouryou, un demonio que intent\u00f3 dominar el mundo, pero que fue capturado en un santuario. Yomi ofrecer\u00e1 su cuerpo para albergar al esp\u00edritu e iniciar su malvado plan de conquista. Naruto y sus compa\u00f1eros deber\u00e1n salvar al mundo. No ser\u00e1 tarea f\u00e1cil.","og_url":"https:\/\/www.colossalstore.es\/en\/tienda\/manga\/naruto-anime-comic-no-01-shippuden\/","og_site_name":"Colossal Store","article_modified_time":"2025-06-20T09:19:14+00:00","og_image":[{"width":1639,"height":2560,"url":"https:\/\/www.colossalstore.es\/wp-content\/uploads\/2022\/11\/814QsOQM9UL.jpg","type":"image\/jpeg"}],"twitter_card":"summary_large_image","twitter_site":"@Colossal_Store","twitter_misc":{"Est. reading time":"1 minute"},"schema":{"@context":"https:\/\/schema.org","@graph":[{"@type":"WebPage","@id":"https:\/\/www.colossalstore.es\/tienda\/manga\/naruto-anime-comic-no-01-shippuden\/","url":"https:\/\/www.colossalstore.es\/tienda\/manga\/naruto-anime-comic-no-01-shippuden\/","name":"Naruto anime comic 1 Shippuden (Masashi Kisimoto) | Colossal Store","isPartOf":{"@id":"https:\/\/www.colossalstore.es\/#website"},"primaryImageOfPage":{"@id":"https:\/\/www.colossalstore.es\/tienda\/manga\/naruto-anime-comic-no-01-shippuden\/#primaryimage"},"image":{"@id":"https:\/\/www.colossalstore.es\/tienda\/manga\/naruto-anime-comic-no-01-shippuden\/#primaryimage"},"thumbnailUrl":"https:\/\/www.colossalstore.es\/wp-content\/uploads\/2022\/11\/814QsOQM9UL.jpg","datePublished":"2022-11-05T10:44:50+00:00","dateModified":"2025-06-20T09:19:14+00:00","description":"Naruto anime comic 1 Shippuden (Masashi Kisimoto): Anime C\u00f3mic manga basado en es la cuarta pel\u00edcula de Naruto. Un ambicioso hombre llamado Yomi desea liberar al esp\u00edritu de Mouryou, un demonio que intent\u00f3 dominar el mundo, pero que fue capturado en un santuario. Yomi ofrecer\u00e1 su cuerpo para albergar al esp\u00edritu e iniciar su malvado plan de conquista. Naruto y sus compa\u00f1eros deber\u00e1n salvar al mundo. No ser\u00e1 tarea f\u00e1cil.","breadcrumb":{"@id":"https:\/\/www.colossalstore.es\/tienda\/manga\/naruto-anime-comic-no-01-shippuden\/#breadcrumb"},"inLanguage":"en-US","potentialAction":[{"@type":"ReadAction","target":["https:\/\/www.colossalstore.es\/tienda\/manga\/naruto-anime-comic-no-01-shippuden\/"]}]},{"@type":"ImageObject","inLanguage":"en-US","@id":"https:\/\/www.colossalstore.es\/tienda\/manga\/naruto-anime-comic-no-01-shippuden\/#primaryimage","url":"https:\/\/www.colossalstore.es\/wp-content\/uploads\/2022\/11\/814QsOQM9UL.jpg","contentUrl":"https:\/\/www.colossalstore.es\/wp-content\/uploads\/2022\/11\/814QsOQM9UL.jpg","width":1639,"height":2560},{"@type":"BreadcrumbList","@id":"https:\/\/www.colossalstore.es\/tienda\/manga\/naruto-anime-comic-no-01-shippuden\/#breadcrumb","itemListElement":[{"@type":"ListItem","position":1,"name":"Home","item":"https:\/\/www.colossalstore.es\/"},{"@type":"ListItem","position":2,"name":"Tienda","item":"https:\/\/www.colossalstore.es\/tienda\/"},{"@type":"ListItem","position":3,"name":"Naruto anime comic 1 Shippuden"}]},{"@type":"WebSite","@id":"https:\/\/www.colossalstore.es\/#website","url":"https:\/\/www.colossalstore.es\/","name":"Colossal Store","description":"Colossal Store, store specialized in TCGs.","publisher":{"@id":"https:\/\/www.colossalstore.es\/#organization"},"alternateName":"Colossal Store","potentialAction":[{"@type":"SearchAction","target":{"@type":"EntryPoint","urlTemplate":"https:\/\/www.colossalstore.es\/?s={search_term_string}"},"query-input":{"@type":"PropertyValueSpecification","valueRequired":true,"valueName":"search_term_string"}}],"inLanguage":"en-US"},{"@type":"Organization","@id":"https:\/\/www.colossalstore.es\/#organization","name":"Colossal Store","url":"https:\/\/www.colossalstore.es\/","logo":{"@type":"ImageObject","inLanguage":"en-US","@id":"https:\/\/www.colossalstore.es\/#\/schema\/logo\/image\/","url":"https:\/\/www.colossalstore.es\/wp-content\/uploads\/2023\/05\/Colossal_Logo-02.png","contentUrl":"https:\/\/www.colossalstore.es\/wp-content\/uploads\/2023\/05\/Colossal_Logo-02.png","width":1181,"height":1181,"caption":"Colossal Store"},"image":{"@id":"https:\/\/www.colossalstore.es\/#\/schema\/logo\/image\/"},"sameAs":["https:\/\/x.com\/Colossal_Store","https:\/\/www.instagram.com\/colossal_store_tcg\/","https:\/\/www.tiktok.com\/@colossalstore"]}]}},"_links":{"self":[{"href":"https:\/\/www.colossalstore.es\/en\/wp-json\/wp\/v2\/product\/2640","targetHints":{"allow":["GET"]}}],"collection":[{"href":"https:\/\/www.colossalstore.es\/en\/wp-json\/wp\/v2\/product"}],"about":[{"href":"https:\/\/www.colossalstore.es\/en\/wp-json\/wp\/v2\/types\/product"}],"replies":[{"embeddable":true,"href":"https:\/\/www.colossalstore.es\/en\/wp-json\/wp\/v2\/comments?post=2640"}],"wp:featuredmedia":[{"embeddable":true,"href":"https:\/\/www.colossalstore.es\/en\/wp-json\/wp\/v2\/media\/2641"}],"wp:attachment":[{"href":"https:\/\/www.colossalstore.es\/en\/wp-json\/wp\/v2\/media?parent=2640"}],"wp:term":[{"taxonomy":"product_brand","embeddable":true,"href":"https:\/\/www.colossalstore.es\/en\/wp-json\/wp\/v2\/product_brand?post=2640"},{"taxonomy":"product_cat","embeddable":true,"href":"https:\/\/www.colossalstore.es\/en\/wp-json\/wp\/v2\/product_cat?post=2640"},{"taxonomy":"product_tag","embeddable":true,"href":"https:\/\/www.colossalstore.es\/en\/wp-json\/wp\/v2\/product_tag?post=2640"}],"curies":[{"name":"wp","href":"https:\/\/api.w.org\/{rel}","templated":true}]}}