{"id":2638,"date":"2022-11-05T11:43:29","date_gmt":"2022-11-05T10:43:29","guid":{"rendered":"https:\/\/www.colossalstore.es\/?post_type=product&#038;p=2638"},"modified":"2025-06-20T11:19:14","modified_gmt":"2025-06-20T09:19:14","slug":"naruto-no-07-72","status":"publish","type":"product","link":"https:\/\/www.colossalstore.es\/en\/tienda\/manga\/naruto-no-07-72\/","title":{"rendered":"Naruto no. 07\/72"},"content":{"rendered":"<p>Naruto 7 (Masashi Kishimoto)<\/p>\n<p>\u00abSasuke\u00a0vendr\u00e1 a mi\u00bb.<\/p>\n<p>With those strange words, Orochimaru disappears before the eyes of Naruto and his companions. But Orochimaru&#039;s evil seal on Sasuke enhances his power so much that the ninjas of the Sound Village retreat. What is Orochimaru looking for? And how will the test to promote to mid-grade ninja be developed?<\/p>","protected":false},"excerpt":{"rendered":"<p>Naruto 7 (Masashi Kishimoto) \u00abSasuke\u00a0vendr\u00e1 a mi\u00bb. Con esas extra\u00f1as palabras,\u00a0Orochimaru\u00a0desaparece ante los ojos de\u00a0Narutoy sus compa\u00f1eros. Pero el sello mal\u00e9fico de\u00a0Orochimaru\u00a0sobre\u00a0Sasukepotencia de tal modo su poder que los ninjas de la Villa del Sonido se baten en retirada. \u00bfQu\u00e9 es lo que busca\u00a0Orochimaru? \u00bfY c\u00f3mo se desarrollar\u00e1 la prueba para ascender a ninja de [&hellip;]<\/p>","protected":false},"featured_media":2639,"comment_status":"open","ping_status":"closed","template":"","meta":{"_joinchat":[]},"product_brand":[],"product_cat":[32],"product_tag":[],"class_list":{"0":"post-2638","1":"product","2":"type-product","3":"status-publish","4":"has-post-thumbnail","6":"product_cat-manga","8":"first","9":"outofstock","10":"sale","11":"taxable","12":"shipping-taxable","13":"purchasable","14":"product-type-simple"},"yoast_head":"<!-- This site is optimized with the Yoast SEO plugin v25.7 - https:\/\/yoast.com\/wordpress\/plugins\/seo\/ -->\n<title>Naruto 7 (Masashi Kishimoto) | Colossal Store<\/title>\n<meta name=\"description\" content=\"Naruto 7 (Masashi Kishimoto): &quot;Sasuke vendr\u00e1 a mi&quot;.Con esas extra\u00f1as palabras, Orochimaru desaparece ante los ojos de Narutoy sus compa\u00f1eros. Pero el sello mal\u00e9fico de Orochimaru sobre Sasukepotencia de tal modo su poder que los ninjas de la Villa del Sonido se baten en retirada. \u00bfQu\u00e9 es lo que busca Orochimaru? \u00bfY c\u00f3mo se desarrollar\u00e1 la prueba para ascender a ninja de grado medio?\" \/>\n<meta name=\"robots\" content=\"index, follow, max-snippet:-1, max-image-preview:large, max-video-preview:-1\" \/>\n<link rel=\"canonical\" href=\"https:\/\/www.colossalstore.es\/en\/tienda\/manga\/naruto-no-07-72\/\" \/>\n<meta property=\"og:locale\" content=\"en_US\" \/>\n<meta property=\"og:type\" content=\"article\" \/>\n<meta property=\"og:title\" content=\"Naruto 7 (Masashi Kishimoto) | Colossal Store\" \/>\n<meta property=\"og:description\" content=\"Naruto 7 (Masashi Kishimoto): &quot;Sasuke vendr\u00e1 a mi&quot;.Con esas extra\u00f1as palabras, Orochimaru desaparece ante los ojos de Narutoy sus compa\u00f1eros. Pero el sello mal\u00e9fico de Orochimaru sobre Sasukepotencia de tal modo su poder que los ninjas de la Villa del Sonido se baten en retirada. \u00bfQu\u00e9 es lo que busca Orochimaru? \u00bfY c\u00f3mo se desarrollar\u00e1 la prueba para ascender a ninja de grado medio?\" \/>\n<meta property=\"og:url\" content=\"https:\/\/www.colossalstore.es\/en\/tienda\/manga\/naruto-no-07-72\/\" \/>\n<meta property=\"og:site_name\" content=\"Colossal Store\" \/>\n<meta property=\"article:modified_time\" content=\"2025-06-20T09:19:14+00:00\" \/>\n<meta property=\"og:image\" content=\"https:\/\/www.colossalstore.es\/wp-content\/uploads\/2022\/11\/91ljyHxQZhL.jpg\" \/>\n\t<meta property=\"og:image:width\" content=\"1642\" \/>\n\t<meta property=\"og:image:height\" content=\"2560\" \/>\n\t<meta property=\"og:image:type\" content=\"image\/jpeg\" \/>\n<meta name=\"twitter:card\" content=\"summary_large_image\" \/>\n<meta name=\"twitter:site\" content=\"@Colossal_Store\" \/>\n<meta name=\"twitter:label1\" content=\"Est. reading time\" \/>\n\t<meta name=\"twitter:data1\" content=\"1 minute\" \/>\n<script type=\"application\/ld+json\" class=\"yoast-schema-graph\">{\"@context\":\"https:\/\/schema.org\",\"@graph\":[{\"@type\":\"WebPage\",\"@id\":\"https:\/\/www.colossalstore.es\/tienda\/manga\/naruto-no-07-72\/\",\"url\":\"https:\/\/www.colossalstore.es\/tienda\/manga\/naruto-no-07-72\/\",\"name\":\"Naruto 7 (Masashi Kishimoto) | Colossal Store\",\"isPartOf\":{\"@id\":\"https:\/\/www.colossalstore.es\/#website\"},\"primaryImageOfPage\":{\"@id\":\"https:\/\/www.colossalstore.es\/tienda\/manga\/naruto-no-07-72\/#primaryimage\"},\"image\":{\"@id\":\"https:\/\/www.colossalstore.es\/tienda\/manga\/naruto-no-07-72\/#primaryimage\"},\"thumbnailUrl\":\"https:\/\/www.colossalstore.es\/wp-content\/uploads\/2022\/11\/91ljyHxQZhL.jpg\",\"datePublished\":\"2022-11-05T10:43:29+00:00\",\"dateModified\":\"2025-06-20T09:19:14+00:00\",\"description\":\"Naruto 7 (Masashi Kishimoto): \\\"Sasuke vendr\u00e1 a mi\\\".Con esas extra\u00f1as palabras, Orochimaru desaparece ante los ojos de Narutoy sus compa\u00f1eros. Pero el sello mal\u00e9fico de Orochimaru sobre Sasukepotencia de tal modo su poder que los ninjas de la Villa del Sonido se baten en retirada. \u00bfQu\u00e9 es lo que busca Orochimaru? \u00bfY c\u00f3mo se desarrollar\u00e1 la prueba para ascender a ninja de grado medio?\",\"breadcrumb\":{\"@id\":\"https:\/\/www.colossalstore.es\/tienda\/manga\/naruto-no-07-72\/#breadcrumb\"},\"inLanguage\":\"en-US\",\"potentialAction\":[{\"@type\":\"ReadAction\",\"target\":[\"https:\/\/www.colossalstore.es\/tienda\/manga\/naruto-no-07-72\/\"]}]},{\"@type\":\"ImageObject\",\"inLanguage\":\"en-US\",\"@id\":\"https:\/\/www.colossalstore.es\/tienda\/manga\/naruto-no-07-72\/#primaryimage\",\"url\":\"https:\/\/www.colossalstore.es\/wp-content\/uploads\/2022\/11\/91ljyHxQZhL.jpg\",\"contentUrl\":\"https:\/\/www.colossalstore.es\/wp-content\/uploads\/2022\/11\/91ljyHxQZhL.jpg\",\"width\":1642,\"height\":2560},{\"@type\":\"BreadcrumbList\",\"@id\":\"https:\/\/www.colossalstore.es\/tienda\/manga\/naruto-no-07-72\/#breadcrumb\",\"itemListElement\":[{\"@type\":\"ListItem\",\"position\":1,\"name\":\"Home\",\"item\":\"https:\/\/www.colossalstore.es\/\"},{\"@type\":\"ListItem\",\"position\":2,\"name\":\"Tienda\",\"item\":\"https:\/\/www.colossalstore.es\/tienda\/\"},{\"@type\":\"ListItem\",\"position\":3,\"name\":\"Naruto n\u00ba 07\/72\"}]},{\"@type\":\"WebSite\",\"@id\":\"https:\/\/www.colossalstore.es\/#website\",\"url\":\"https:\/\/www.colossalstore.es\/\",\"name\":\"Colossal Store\",\"description\":\"Colossal Store, tienda especializada en TCGs.\",\"publisher\":{\"@id\":\"https:\/\/www.colossalstore.es\/#organization\"},\"alternateName\":\"Colossal Store\",\"potentialAction\":[{\"@type\":\"SearchAction\",\"target\":{\"@type\":\"EntryPoint\",\"urlTemplate\":\"https:\/\/www.colossalstore.es\/?s={search_term_string}\"},\"query-input\":{\"@type\":\"PropertyValueSpecification\",\"valueRequired\":true,\"valueName\":\"search_term_string\"}}],\"inLanguage\":\"en-US\"},{\"@type\":\"Organization\",\"@id\":\"https:\/\/www.colossalstore.es\/#organization\",\"name\":\"Colossal Store\",\"url\":\"https:\/\/www.colossalstore.es\/\",\"logo\":{\"@type\":\"ImageObject\",\"inLanguage\":\"en-US\",\"@id\":\"https:\/\/www.colossalstore.es\/#\/schema\/logo\/image\/\",\"url\":\"https:\/\/www.colossalstore.es\/wp-content\/uploads\/2023\/05\/Colossal_Logo-02.png\",\"contentUrl\":\"https:\/\/www.colossalstore.es\/wp-content\/uploads\/2023\/05\/Colossal_Logo-02.png\",\"width\":1181,\"height\":1181,\"caption\":\"Colossal Store\"},\"image\":{\"@id\":\"https:\/\/www.colossalstore.es\/#\/schema\/logo\/image\/\"},\"sameAs\":[\"https:\/\/x.com\/Colossal_Store\",\"https:\/\/www.instagram.com\/colossal_store_tcg\/\",\"https:\/\/www.tiktok.com\/@colossalstore\"]}]}<\/script>\n<!-- \/ Yoast SEO plugin. -->","yoast_head_json":{"title":"Naruto 7 (Masashi Kishimoto) | Colossal Store","description":"Naruto 7 (Masashi Kishimoto): \"Sasuke vendr\u00e1 a mi\".Con esas extra\u00f1as palabras, Orochimaru desaparece ante los ojos de Narutoy sus compa\u00f1eros. Pero el sello mal\u00e9fico de Orochimaru sobre Sasukepotencia de tal modo su poder que los ninjas de la Villa del Sonido se baten en retirada. \u00bfQu\u00e9 es lo que busca Orochimaru? \u00bfY c\u00f3mo se desarrollar\u00e1 la prueba para ascender a ninja de grado medio?","robots":{"index":"index","follow":"follow","max-snippet":"max-snippet:-1","max-image-preview":"max-image-preview:large","max-video-preview":"max-video-preview:-1"},"canonical":"https:\/\/www.colossalstore.es\/en\/tienda\/manga\/naruto-no-07-72\/","og_locale":"en_US","og_type":"article","og_title":"Naruto 7 (Masashi Kishimoto) | Colossal Store","og_description":"Naruto 7 (Masashi Kishimoto): \"Sasuke vendr\u00e1 a mi\".Con esas extra\u00f1as palabras, Orochimaru desaparece ante los ojos de Narutoy sus compa\u00f1eros. Pero el sello mal\u00e9fico de Orochimaru sobre Sasukepotencia de tal modo su poder que los ninjas de la Villa del Sonido se baten en retirada. \u00bfQu\u00e9 es lo que busca Orochimaru? \u00bfY c\u00f3mo se desarrollar\u00e1 la prueba para ascender a ninja de grado medio?","og_url":"https:\/\/www.colossalstore.es\/en\/tienda\/manga\/naruto-no-07-72\/","og_site_name":"Colossal Store","article_modified_time":"2025-06-20T09:19:14+00:00","og_image":[{"width":1642,"height":2560,"url":"https:\/\/www.colossalstore.es\/wp-content\/uploads\/2022\/11\/91ljyHxQZhL.jpg","type":"image\/jpeg"}],"twitter_card":"summary_large_image","twitter_site":"@Colossal_Store","twitter_misc":{"Est. reading time":"1 minute"},"schema":{"@context":"https:\/\/schema.org","@graph":[{"@type":"WebPage","@id":"https:\/\/www.colossalstore.es\/tienda\/manga\/naruto-no-07-72\/","url":"https:\/\/www.colossalstore.es\/tienda\/manga\/naruto-no-07-72\/","name":"Naruto 7 (Masashi Kishimoto) | Colossal Store","isPartOf":{"@id":"https:\/\/www.colossalstore.es\/#website"},"primaryImageOfPage":{"@id":"https:\/\/www.colossalstore.es\/tienda\/manga\/naruto-no-07-72\/#primaryimage"},"image":{"@id":"https:\/\/www.colossalstore.es\/tienda\/manga\/naruto-no-07-72\/#primaryimage"},"thumbnailUrl":"https:\/\/www.colossalstore.es\/wp-content\/uploads\/2022\/11\/91ljyHxQZhL.jpg","datePublished":"2022-11-05T10:43:29+00:00","dateModified":"2025-06-20T09:19:14+00:00","description":"Naruto 7 (Masashi Kishimoto): \"Sasuke vendr\u00e1 a mi\".Con esas extra\u00f1as palabras, Orochimaru desaparece ante los ojos de Narutoy sus compa\u00f1eros. Pero el sello mal\u00e9fico de Orochimaru sobre Sasukepotencia de tal modo su poder que los ninjas de la Villa del Sonido se baten en retirada. \u00bfQu\u00e9 es lo que busca Orochimaru? \u00bfY c\u00f3mo se desarrollar\u00e1 la prueba para ascender a ninja de grado medio?","breadcrumb":{"@id":"https:\/\/www.colossalstore.es\/tienda\/manga\/naruto-no-07-72\/#breadcrumb"},"inLanguage":"en-US","potentialAction":[{"@type":"ReadAction","target":["https:\/\/www.colossalstore.es\/tienda\/manga\/naruto-no-07-72\/"]}]},{"@type":"ImageObject","inLanguage":"en-US","@id":"https:\/\/www.colossalstore.es\/tienda\/manga\/naruto-no-07-72\/#primaryimage","url":"https:\/\/www.colossalstore.es\/wp-content\/uploads\/2022\/11\/91ljyHxQZhL.jpg","contentUrl":"https:\/\/www.colossalstore.es\/wp-content\/uploads\/2022\/11\/91ljyHxQZhL.jpg","width":1642,"height":2560},{"@type":"BreadcrumbList","@id":"https:\/\/www.colossalstore.es\/tienda\/manga\/naruto-no-07-72\/#breadcrumb","itemListElement":[{"@type":"ListItem","position":1,"name":"Home","item":"https:\/\/www.colossalstore.es\/"},{"@type":"ListItem","position":2,"name":"Tienda","item":"https:\/\/www.colossalstore.es\/tienda\/"},{"@type":"ListItem","position":3,"name":"Naruto n\u00ba 07\/72"}]},{"@type":"WebSite","@id":"https:\/\/www.colossalstore.es\/#website","url":"https:\/\/www.colossalstore.es\/","name":"Colossal Store","description":"Colossal Store, store specialized in TCGs.","publisher":{"@id":"https:\/\/www.colossalstore.es\/#organization"},"alternateName":"Colossal Store","potentialAction":[{"@type":"SearchAction","target":{"@type":"EntryPoint","urlTemplate":"https:\/\/www.colossalstore.es\/?s={search_term_string}"},"query-input":{"@type":"PropertyValueSpecification","valueRequired":true,"valueName":"search_term_string"}}],"inLanguage":"en-US"},{"@type":"Organization","@id":"https:\/\/www.colossalstore.es\/#organization","name":"Colossal Store","url":"https:\/\/www.colossalstore.es\/","logo":{"@type":"ImageObject","inLanguage":"en-US","@id":"https:\/\/www.colossalstore.es\/#\/schema\/logo\/image\/","url":"https:\/\/www.colossalstore.es\/wp-content\/uploads\/2023\/05\/Colossal_Logo-02.png","contentUrl":"https:\/\/www.colossalstore.es\/wp-content\/uploads\/2023\/05\/Colossal_Logo-02.png","width":1181,"height":1181,"caption":"Colossal Store"},"image":{"@id":"https:\/\/www.colossalstore.es\/#\/schema\/logo\/image\/"},"sameAs":["https:\/\/x.com\/Colossal_Store","https:\/\/www.instagram.com\/colossal_store_tcg\/","https:\/\/www.tiktok.com\/@colossalstore"]}]}},"_links":{"self":[{"href":"https:\/\/www.colossalstore.es\/en\/wp-json\/wp\/v2\/product\/2638","targetHints":{"allow":["GET"]}}],"collection":[{"href":"https:\/\/www.colossalstore.es\/en\/wp-json\/wp\/v2\/product"}],"about":[{"href":"https:\/\/www.colossalstore.es\/en\/wp-json\/wp\/v2\/types\/product"}],"replies":[{"embeddable":true,"href":"https:\/\/www.colossalstore.es\/en\/wp-json\/wp\/v2\/comments?post=2638"}],"wp:featuredmedia":[{"embeddable":true,"href":"https:\/\/www.colossalstore.es\/en\/wp-json\/wp\/v2\/media\/2639"}],"wp:attachment":[{"href":"https:\/\/www.colossalstore.es\/en\/wp-json\/wp\/v2\/media?parent=2638"}],"wp:term":[{"taxonomy":"product_brand","embeddable":true,"href":"https:\/\/www.colossalstore.es\/en\/wp-json\/wp\/v2\/product_brand?post=2638"},{"taxonomy":"product_cat","embeddable":true,"href":"https:\/\/www.colossalstore.es\/en\/wp-json\/wp\/v2\/product_cat?post=2638"},{"taxonomy":"product_tag","embeddable":true,"href":"https:\/\/www.colossalstore.es\/en\/wp-json\/wp\/v2\/product_tag?post=2638"}],"curies":[{"name":"wp","href":"https:\/\/api.w.org\/{rel}","templated":true}]}}