{"id":2620,"date":"2022-11-04T19:18:51","date_gmt":"2022-11-04T18:18:51","guid":{"rendered":"https:\/\/www.colossalstore.es\/?post_type=product&#038;p=2620"},"modified":"2025-06-20T11:19:14","modified_gmt":"2025-06-20T09:19:14","slug":"dragon-ball-super-no-13","status":"publish","type":"product","link":"https:\/\/www.colossalstore.es\/en\/tienda\/manga\/dragon-ball-super-no-13\/","title":{"rendered":"Dragon Ball Super #13"},"content":{"rendered":"<p>Dragon Ball Super 13 (Akira Toriyama)<\/p>\n<p>Moro&#039;s troops have arrived on Earth, and their battle against the Earthly warriors intensifies greatly! Finally, Moro also descends to the surface. Gohan and the others suffer unspeakably in their confrontation against a Saganbo to whom Moro gives more and more power. Will Goku and Vegeta arrive in time to save the planet from disaster!?<\/p>","protected":false},"excerpt":{"rendered":"<p>Dragon Ball Super 13 (Akira Toriyama) Las tropas de Moro han llegado a la Tierra, \u00a1y su batalla contra los guerreros terrestres se intensifica sobremanera! Finalmente, tambi\u00e9n Moro baja a la superficie. Gohan y los dem\u00e1s sufren lo indecible en su enfrentamiento contra un Saganbo al que Moro confiere m\u00e1s y m\u00e1s poder. \u00bf\u00a1Llegar\u00e1n a [&hellip;]<\/p>","protected":false},"featured_media":2621,"comment_status":"open","ping_status":"closed","template":"","meta":{"_joinchat":[]},"product_brand":[],"product_cat":[32],"product_tag":[],"class_list":{"0":"post-2620","1":"product","2":"type-product","3":"status-publish","4":"has-post-thumbnail","6":"product_cat-manga","8":"first","9":"outofstock","10":"sale","11":"taxable","12":"shipping-taxable","13":"purchasable","14":"product-type-simple"},"yoast_head":"<!-- This site is optimized with the Yoast SEO plugin v25.7 - https:\/\/yoast.com\/wordpress\/plugins\/seo\/ -->\n<title>Dragon Ball Super 13 (Akira Toriyama) | Colossal Store<\/title>\n<meta name=\"description\" content=\"Dragon Ball Super 13 (Akira Toriyama) Las tropas de Moro han llegado a la Tierra, \u00a1y su batalla contra los guerreros terrestres se intensifica sobremanera! Finalmente, tambi\u00e9n Moro baja a la superficie. Gohan y los dem\u00e1s sufren lo indecible en su enfrentamiento contra un Saganbo al que Moro confiere m\u00e1s y m\u00e1s poder. \u00bf\u00a1Llegar\u00e1n a tiempo Goku y Vegeta para salvar el planeta del desastre!?\" \/>\n<meta name=\"robots\" content=\"index, follow, max-snippet:-1, max-image-preview:large, max-video-preview:-1\" \/>\n<link rel=\"canonical\" href=\"https:\/\/www.colossalstore.es\/en\/tienda\/manga\/dragon-ball-super-no-13\/\" \/>\n<meta property=\"og:locale\" content=\"en_US\" \/>\n<meta property=\"og:type\" content=\"article\" \/>\n<meta property=\"og:title\" content=\"Dragon Ball Super 13 (Akira Toriyama) | Colossal Store\" \/>\n<meta property=\"og:description\" content=\"Dragon Ball Super 13 (Akira Toriyama) Las tropas de Moro han llegado a la Tierra, \u00a1y su batalla contra los guerreros terrestres se intensifica sobremanera! Finalmente, tambi\u00e9n Moro baja a la superficie. Gohan y los dem\u00e1s sufren lo indecible en su enfrentamiento contra un Saganbo al que Moro confiere m\u00e1s y m\u00e1s poder. \u00bf\u00a1Llegar\u00e1n a tiempo Goku y Vegeta para salvar el planeta del desastre!?\" \/>\n<meta property=\"og:url\" content=\"https:\/\/www.colossalstore.es\/en\/tienda\/manga\/dragon-ball-super-no-13\/\" \/>\n<meta property=\"og:site_name\" content=\"Colossal Store\" \/>\n<meta property=\"article:modified_time\" content=\"2025-06-20T09:19:14+00:00\" \/>\n<meta property=\"og:image\" content=\"https:\/\/www.colossalstore.es\/wp-content\/uploads\/2022\/11\/8194K-dwzkL.jpg\" \/>\n\t<meta property=\"og:image:width\" content=\"1000\" \/>\n\t<meta property=\"og:image:height\" content=\"1523\" \/>\n\t<meta property=\"og:image:type\" content=\"image\/jpeg\" \/>\n<meta name=\"twitter:card\" content=\"summary_large_image\" \/>\n<meta name=\"twitter:site\" content=\"@Colossal_Store\" \/>\n<meta name=\"twitter:label1\" content=\"Est. reading time\" \/>\n\t<meta name=\"twitter:data1\" content=\"1 minute\" \/>\n<script type=\"application\/ld+json\" class=\"yoast-schema-graph\">{\"@context\":\"https:\/\/schema.org\",\"@graph\":[{\"@type\":\"WebPage\",\"@id\":\"https:\/\/www.colossalstore.es\/tienda\/manga\/dragon-ball-super-no-13\/\",\"url\":\"https:\/\/www.colossalstore.es\/tienda\/manga\/dragon-ball-super-no-13\/\",\"name\":\"Dragon Ball Super 13 (Akira Toriyama) | Colossal Store\",\"isPartOf\":{\"@id\":\"https:\/\/www.colossalstore.es\/#website\"},\"primaryImageOfPage\":{\"@id\":\"https:\/\/www.colossalstore.es\/tienda\/manga\/dragon-ball-super-no-13\/#primaryimage\"},\"image\":{\"@id\":\"https:\/\/www.colossalstore.es\/tienda\/manga\/dragon-ball-super-no-13\/#primaryimage\"},\"thumbnailUrl\":\"https:\/\/www.colossalstore.es\/wp-content\/uploads\/2022\/11\/8194K-dwzkL.jpg\",\"datePublished\":\"2022-11-04T18:18:51+00:00\",\"dateModified\":\"2025-06-20T09:19:14+00:00\",\"description\":\"Dragon Ball Super 13 (Akira Toriyama) Las tropas de Moro han llegado a la Tierra, \u00a1y su batalla contra los guerreros terrestres se intensifica sobremanera! Finalmente, tambi\u00e9n Moro baja a la superficie. Gohan y los dem\u00e1s sufren lo indecible en su enfrentamiento contra un Saganbo al que Moro confiere m\u00e1s y m\u00e1s poder. \u00bf\u00a1Llegar\u00e1n a tiempo Goku y Vegeta para salvar el planeta del desastre!?\",\"breadcrumb\":{\"@id\":\"https:\/\/www.colossalstore.es\/tienda\/manga\/dragon-ball-super-no-13\/#breadcrumb\"},\"inLanguage\":\"en-US\",\"potentialAction\":[{\"@type\":\"ReadAction\",\"target\":[\"https:\/\/www.colossalstore.es\/tienda\/manga\/dragon-ball-super-no-13\/\"]}]},{\"@type\":\"ImageObject\",\"inLanguage\":\"en-US\",\"@id\":\"https:\/\/www.colossalstore.es\/tienda\/manga\/dragon-ball-super-no-13\/#primaryimage\",\"url\":\"https:\/\/www.colossalstore.es\/wp-content\/uploads\/2022\/11\/8194K-dwzkL.jpg\",\"contentUrl\":\"https:\/\/www.colossalstore.es\/wp-content\/uploads\/2022\/11\/8194K-dwzkL.jpg\",\"width\":1000,\"height\":1523},{\"@type\":\"BreadcrumbList\",\"@id\":\"https:\/\/www.colossalstore.es\/tienda\/manga\/dragon-ball-super-no-13\/#breadcrumb\",\"itemListElement\":[{\"@type\":\"ListItem\",\"position\":1,\"name\":\"Home\",\"item\":\"https:\/\/www.colossalstore.es\/\"},{\"@type\":\"ListItem\",\"position\":2,\"name\":\"Tienda\",\"item\":\"https:\/\/www.colossalstore.es\/tienda\/\"},{\"@type\":\"ListItem\",\"position\":3,\"name\":\"Dragon Ball Super n\u00ba 13\"}]},{\"@type\":\"WebSite\",\"@id\":\"https:\/\/www.colossalstore.es\/#website\",\"url\":\"https:\/\/www.colossalstore.es\/\",\"name\":\"Colossal Store\",\"description\":\"Colossal Store, tienda especializada en TCGs.\",\"publisher\":{\"@id\":\"https:\/\/www.colossalstore.es\/#organization\"},\"alternateName\":\"Colossal Store\",\"potentialAction\":[{\"@type\":\"SearchAction\",\"target\":{\"@type\":\"EntryPoint\",\"urlTemplate\":\"https:\/\/www.colossalstore.es\/?s={search_term_string}\"},\"query-input\":{\"@type\":\"PropertyValueSpecification\",\"valueRequired\":true,\"valueName\":\"search_term_string\"}}],\"inLanguage\":\"en-US\"},{\"@type\":\"Organization\",\"@id\":\"https:\/\/www.colossalstore.es\/#organization\",\"name\":\"Colossal Store\",\"url\":\"https:\/\/www.colossalstore.es\/\",\"logo\":{\"@type\":\"ImageObject\",\"inLanguage\":\"en-US\",\"@id\":\"https:\/\/www.colossalstore.es\/#\/schema\/logo\/image\/\",\"url\":\"https:\/\/www.colossalstore.es\/wp-content\/uploads\/2023\/05\/Colossal_Logo-02.png\",\"contentUrl\":\"https:\/\/www.colossalstore.es\/wp-content\/uploads\/2023\/05\/Colossal_Logo-02.png\",\"width\":1181,\"height\":1181,\"caption\":\"Colossal Store\"},\"image\":{\"@id\":\"https:\/\/www.colossalstore.es\/#\/schema\/logo\/image\/\"},\"sameAs\":[\"https:\/\/x.com\/Colossal_Store\",\"https:\/\/www.instagram.com\/colossal_store_tcg\/\",\"https:\/\/www.tiktok.com\/@colossalstore\"]}]}<\/script>\n<!-- \/ Yoast SEO plugin. -->","yoast_head_json":{"title":"Dragon Ball Super 13 (Akira Toriyama) | Colossal Store","description":"Dragon Ball Super 13 (Akira Toriyama) Las tropas de Moro han llegado a la Tierra, \u00a1y su batalla contra los guerreros terrestres se intensifica sobremanera! Finalmente, tambi\u00e9n Moro baja a la superficie. Gohan y los dem\u00e1s sufren lo indecible en su enfrentamiento contra un Saganbo al que Moro confiere m\u00e1s y m\u00e1s poder. \u00bf\u00a1Llegar\u00e1n a tiempo Goku y Vegeta para salvar el planeta del desastre!?","robots":{"index":"index","follow":"follow","max-snippet":"max-snippet:-1","max-image-preview":"max-image-preview:large","max-video-preview":"max-video-preview:-1"},"canonical":"https:\/\/www.colossalstore.es\/en\/tienda\/manga\/dragon-ball-super-no-13\/","og_locale":"en_US","og_type":"article","og_title":"Dragon Ball Super 13 (Akira Toriyama) | Colossal Store","og_description":"Dragon Ball Super 13 (Akira Toriyama) Las tropas de Moro han llegado a la Tierra, \u00a1y su batalla contra los guerreros terrestres se intensifica sobremanera! Finalmente, tambi\u00e9n Moro baja a la superficie. Gohan y los dem\u00e1s sufren lo indecible en su enfrentamiento contra un Saganbo al que Moro confiere m\u00e1s y m\u00e1s poder. \u00bf\u00a1Llegar\u00e1n a tiempo Goku y Vegeta para salvar el planeta del desastre!?","og_url":"https:\/\/www.colossalstore.es\/en\/tienda\/manga\/dragon-ball-super-no-13\/","og_site_name":"Colossal Store","article_modified_time":"2025-06-20T09:19:14+00:00","og_image":[{"width":1000,"height":1523,"url":"https:\/\/www.colossalstore.es\/wp-content\/uploads\/2022\/11\/8194K-dwzkL.jpg","type":"image\/jpeg"}],"twitter_card":"summary_large_image","twitter_site":"@Colossal_Store","twitter_misc":{"Est. reading time":"1 minute"},"schema":{"@context":"https:\/\/schema.org","@graph":[{"@type":"WebPage","@id":"https:\/\/www.colossalstore.es\/tienda\/manga\/dragon-ball-super-no-13\/","url":"https:\/\/www.colossalstore.es\/tienda\/manga\/dragon-ball-super-no-13\/","name":"Dragon Ball Super 13 (Akira Toriyama) | Colossal Store","isPartOf":{"@id":"https:\/\/www.colossalstore.es\/#website"},"primaryImageOfPage":{"@id":"https:\/\/www.colossalstore.es\/tienda\/manga\/dragon-ball-super-no-13\/#primaryimage"},"image":{"@id":"https:\/\/www.colossalstore.es\/tienda\/manga\/dragon-ball-super-no-13\/#primaryimage"},"thumbnailUrl":"https:\/\/www.colossalstore.es\/wp-content\/uploads\/2022\/11\/8194K-dwzkL.jpg","datePublished":"2022-11-04T18:18:51+00:00","dateModified":"2025-06-20T09:19:14+00:00","description":"Dragon Ball Super 13 (Akira Toriyama) Las tropas de Moro han llegado a la Tierra, \u00a1y su batalla contra los guerreros terrestres se intensifica sobremanera! Finalmente, tambi\u00e9n Moro baja a la superficie. Gohan y los dem\u00e1s sufren lo indecible en su enfrentamiento contra un Saganbo al que Moro confiere m\u00e1s y m\u00e1s poder. \u00bf\u00a1Llegar\u00e1n a tiempo Goku y Vegeta para salvar el planeta del desastre!?","breadcrumb":{"@id":"https:\/\/www.colossalstore.es\/tienda\/manga\/dragon-ball-super-no-13\/#breadcrumb"},"inLanguage":"en-US","potentialAction":[{"@type":"ReadAction","target":["https:\/\/www.colossalstore.es\/tienda\/manga\/dragon-ball-super-no-13\/"]}]},{"@type":"ImageObject","inLanguage":"en-US","@id":"https:\/\/www.colossalstore.es\/tienda\/manga\/dragon-ball-super-no-13\/#primaryimage","url":"https:\/\/www.colossalstore.es\/wp-content\/uploads\/2022\/11\/8194K-dwzkL.jpg","contentUrl":"https:\/\/www.colossalstore.es\/wp-content\/uploads\/2022\/11\/8194K-dwzkL.jpg","width":1000,"height":1523},{"@type":"BreadcrumbList","@id":"https:\/\/www.colossalstore.es\/tienda\/manga\/dragon-ball-super-no-13\/#breadcrumb","itemListElement":[{"@type":"ListItem","position":1,"name":"Home","item":"https:\/\/www.colossalstore.es\/"},{"@type":"ListItem","position":2,"name":"Tienda","item":"https:\/\/www.colossalstore.es\/tienda\/"},{"@type":"ListItem","position":3,"name":"Dragon Ball Super n\u00ba 13"}]},{"@type":"WebSite","@id":"https:\/\/www.colossalstore.es\/#website","url":"https:\/\/www.colossalstore.es\/","name":"Colossal Store","description":"Colossal Store, store specialized in TCGs.","publisher":{"@id":"https:\/\/www.colossalstore.es\/#organization"},"alternateName":"Colossal Store","potentialAction":[{"@type":"SearchAction","target":{"@type":"EntryPoint","urlTemplate":"https:\/\/www.colossalstore.es\/?s={search_term_string}"},"query-input":{"@type":"PropertyValueSpecification","valueRequired":true,"valueName":"search_term_string"}}],"inLanguage":"en-US"},{"@type":"Organization","@id":"https:\/\/www.colossalstore.es\/#organization","name":"Colossal Store","url":"https:\/\/www.colossalstore.es\/","logo":{"@type":"ImageObject","inLanguage":"en-US","@id":"https:\/\/www.colossalstore.es\/#\/schema\/logo\/image\/","url":"https:\/\/www.colossalstore.es\/wp-content\/uploads\/2023\/05\/Colossal_Logo-02.png","contentUrl":"https:\/\/www.colossalstore.es\/wp-content\/uploads\/2023\/05\/Colossal_Logo-02.png","width":1181,"height":1181,"caption":"Colossal Store"},"image":{"@id":"https:\/\/www.colossalstore.es\/#\/schema\/logo\/image\/"},"sameAs":["https:\/\/x.com\/Colossal_Store","https:\/\/www.instagram.com\/colossal_store_tcg\/","https:\/\/www.tiktok.com\/@colossalstore"]}]}},"_links":{"self":[{"href":"https:\/\/www.colossalstore.es\/en\/wp-json\/wp\/v2\/product\/2620","targetHints":{"allow":["GET"]}}],"collection":[{"href":"https:\/\/www.colossalstore.es\/en\/wp-json\/wp\/v2\/product"}],"about":[{"href":"https:\/\/www.colossalstore.es\/en\/wp-json\/wp\/v2\/types\/product"}],"replies":[{"embeddable":true,"href":"https:\/\/www.colossalstore.es\/en\/wp-json\/wp\/v2\/comments?post=2620"}],"wp:featuredmedia":[{"embeddable":true,"href":"https:\/\/www.colossalstore.es\/en\/wp-json\/wp\/v2\/media\/2621"}],"wp:attachment":[{"href":"https:\/\/www.colossalstore.es\/en\/wp-json\/wp\/v2\/media?parent=2620"}],"wp:term":[{"taxonomy":"product_brand","embeddable":true,"href":"https:\/\/www.colossalstore.es\/en\/wp-json\/wp\/v2\/product_brand?post=2620"},{"taxonomy":"product_cat","embeddable":true,"href":"https:\/\/www.colossalstore.es\/en\/wp-json\/wp\/v2\/product_cat?post=2620"},{"taxonomy":"product_tag","embeddable":true,"href":"https:\/\/www.colossalstore.es\/en\/wp-json\/wp\/v2\/product_tag?post=2620"}],"curies":[{"name":"wp","href":"https:\/\/api.w.org\/{rel}","templated":true}]}}