{"id":259,"date":"2022-09-14T18:31:28","date_gmt":"2022-09-14T16:31:28","guid":{"rendered":"https:\/\/colossalstore.es\/?post_type=product&#038;p=259"},"modified":"2025-06-20T11:23:03","modified_gmt":"2025-06-20T09:23:03","slug":"estatua-diorama-capitan-america-marvel-now-23cm","status":"publish","type":"product","link":"https:\/\/www.colossalstore.es\/en\/tienda\/figuras\/estatua-diorama-capitan-america-marvel-now-23cm\/","title":{"rendered":"Captain America diorama statue Marvel NOW! 23cm"},"content":{"rendered":"<p>Captain America Diorama (Marvel); one of the most famous heroes of the multiverse, belonging to the Marvel Comic Gallery figure series from Diamond Select Toys. Great finish and attention to detail, 23 cm high.<\/p>\n<p>DATA SHEET:<\/p>\n<p>License: Captain America<\/p>\n<p>Height: 23cm<\/p>\n<p>Manufacturer: Diamond Select Toys<\/p>\n<p>Collection: Marvel Comic Gallery<\/p>","protected":false},"excerpt":{"rendered":"<p>Diorama Capit\u00e1n Am\u00e9rica (Marvel); uno de los h\u00e9roes m\u00e1s famosos del multiverso, perteneciente a la serie de figuras Marvel Comic Gallery de Diamond Select Toys. Gran acabado y atenci\u00f3n al detalle, 23 cm de altura. FICHA T\u00c9CNICA: Licencia: Capit\u00e1n Am\u00e9rica Altura: 23 cm Fabricante: Diamond Select Toys Colecci\u00f3n: Marvel Comic Gallery<\/p>","protected":false},"featured_media":260,"comment_status":"open","ping_status":"closed","template":"","meta":{"_joinchat":[]},"product_brand":[],"product_cat":[25],"product_tag":[],"class_list":{"0":"post-259","1":"product","2":"type-product","3":"status-publish","4":"has-post-thumbnail","6":"product_cat-figuras","8":"first","9":"outofstock","10":"sale","11":"taxable","12":"shipping-taxable","13":"purchasable","14":"product-type-simple"},"yoast_head":"<!-- This site is optimized with the Yoast SEO plugin v25.7 - https:\/\/yoast.com\/wordpress\/plugins\/seo\/ -->\n<title>Diorama Capit\u00e1n Am\u00e9rica (Marvel) - Diamond Select Toys | Colossal Store<\/title>\n<meta name=\"description\" content=\"Diorama Capit\u00e1n Am\u00e9rica (Marvel); uno de los h\u00e9roes m\u00e1s famosos del multiverso, perteneciente a la serie de figuras Marvel Comic Gallery de Diamond Select Toys. Gran acabado y atenci\u00f3n al detalle, 23 cm de altura.\" \/>\n<meta name=\"robots\" content=\"index, follow, max-snippet:-1, max-image-preview:large, max-video-preview:-1\" \/>\n<link rel=\"canonical\" href=\"https:\/\/www.colossalstore.es\/en\/tienda\/figuras\/estatua-diorama-capitan-america-marvel-now-23cm\/\" \/>\n<meta property=\"og:locale\" content=\"en_US\" \/>\n<meta property=\"og:type\" content=\"article\" \/>\n<meta property=\"og:title\" content=\"Diorama Capit\u00e1n Am\u00e9rica (Marvel) - Diamond Select Toys | Colossal Store\" \/>\n<meta property=\"og:description\" content=\"Diorama Capit\u00e1n Am\u00e9rica (Marvel); uno de los h\u00e9roes m\u00e1s famosos del multiverso, perteneciente a la serie de figuras Marvel Comic Gallery de Diamond Select Toys. Gran acabado y atenci\u00f3n al detalle, 23 cm de altura.\" \/>\n<meta property=\"og:url\" content=\"https:\/\/www.colossalstore.es\/en\/tienda\/figuras\/estatua-diorama-capitan-america-marvel-now-23cm\/\" \/>\n<meta property=\"og:site_name\" content=\"Colossal Store\" \/>\n<meta property=\"article:modified_time\" content=\"2025-06-20T09:23:03+00:00\" \/>\n<meta property=\"og:image\" content=\"https:\/\/www.colossalstore.es\/wp-content\/uploads\/2022\/09\/img_189224_97fc534231186b3532a49c1c4715cc0b_1.jpg\" \/>\n\t<meta property=\"og:image:width\" content=\"1500\" \/>\n\t<meta property=\"og:image:height\" content=\"1500\" \/>\n\t<meta property=\"og:image:type\" content=\"image\/jpeg\" \/>\n<meta name=\"twitter:card\" content=\"summary_large_image\" \/>\n<meta name=\"twitter:site\" content=\"@Colossal_Store\" \/>\n<meta name=\"twitter:label1\" content=\"Est. reading time\" \/>\n\t<meta name=\"twitter:data1\" content=\"1 minute\" \/>\n<script type=\"application\/ld+json\" class=\"yoast-schema-graph\">{\"@context\":\"https:\/\/schema.org\",\"@graph\":[{\"@type\":\"WebPage\",\"@id\":\"https:\/\/www.colossalstore.es\/tienda\/figuras\/estatua-diorama-capitan-america-marvel-now-23cm\/\",\"url\":\"https:\/\/www.colossalstore.es\/tienda\/figuras\/estatua-diorama-capitan-america-marvel-now-23cm\/\",\"name\":\"Diorama Capit\u00e1n Am\u00e9rica (Marvel) - Diamond Select Toys | Colossal Store\",\"isPartOf\":{\"@id\":\"https:\/\/www.colossalstore.es\/#website\"},\"primaryImageOfPage\":{\"@id\":\"https:\/\/www.colossalstore.es\/tienda\/figuras\/estatua-diorama-capitan-america-marvel-now-23cm\/#primaryimage\"},\"image\":{\"@id\":\"https:\/\/www.colossalstore.es\/tienda\/figuras\/estatua-diorama-capitan-america-marvel-now-23cm\/#primaryimage\"},\"thumbnailUrl\":\"https:\/\/www.colossalstore.es\/wp-content\/uploads\/2022\/09\/img_189224_97fc534231186b3532a49c1c4715cc0b_1.jpg\",\"datePublished\":\"2022-09-14T16:31:28+00:00\",\"dateModified\":\"2025-06-20T09:23:03+00:00\",\"description\":\"Diorama Capit\u00e1n Am\u00e9rica (Marvel); uno de los h\u00e9roes m\u00e1s famosos del multiverso, perteneciente a la serie de figuras Marvel Comic Gallery de Diamond Select Toys. Gran acabado y atenci\u00f3n al detalle, 23 cm de altura.\",\"breadcrumb\":{\"@id\":\"https:\/\/www.colossalstore.es\/tienda\/figuras\/estatua-diorama-capitan-america-marvel-now-23cm\/#breadcrumb\"},\"inLanguage\":\"en-US\",\"potentialAction\":[{\"@type\":\"ReadAction\",\"target\":[\"https:\/\/www.colossalstore.es\/tienda\/figuras\/estatua-diorama-capitan-america-marvel-now-23cm\/\"]}]},{\"@type\":\"ImageObject\",\"inLanguage\":\"en-US\",\"@id\":\"https:\/\/www.colossalstore.es\/tienda\/figuras\/estatua-diorama-capitan-america-marvel-now-23cm\/#primaryimage\",\"url\":\"https:\/\/www.colossalstore.es\/wp-content\/uploads\/2022\/09\/img_189224_97fc534231186b3532a49c1c4715cc0b_1.jpg\",\"contentUrl\":\"https:\/\/www.colossalstore.es\/wp-content\/uploads\/2022\/09\/img_189224_97fc534231186b3532a49c1c4715cc0b_1.jpg\",\"width\":1500,\"height\":1500},{\"@type\":\"BreadcrumbList\",\"@id\":\"https:\/\/www.colossalstore.es\/tienda\/figuras\/estatua-diorama-capitan-america-marvel-now-23cm\/#breadcrumb\",\"itemListElement\":[{\"@type\":\"ListItem\",\"position\":1,\"name\":\"Home\",\"item\":\"https:\/\/www.colossalstore.es\/\"},{\"@type\":\"ListItem\",\"position\":2,\"name\":\"Tienda\",\"item\":\"https:\/\/www.colossalstore.es\/tienda\/\"},{\"@type\":\"ListItem\",\"position\":3,\"name\":\"Estatua diorama Capitan America Marvel NOW! 23cm\"}]},{\"@type\":\"WebSite\",\"@id\":\"https:\/\/www.colossalstore.es\/#website\",\"url\":\"https:\/\/www.colossalstore.es\/\",\"name\":\"Colossal Store\",\"description\":\"Colossal Store, tienda especializada en TCGs.\",\"publisher\":{\"@id\":\"https:\/\/www.colossalstore.es\/#organization\"},\"alternateName\":\"Colossal Store\",\"potentialAction\":[{\"@type\":\"SearchAction\",\"target\":{\"@type\":\"EntryPoint\",\"urlTemplate\":\"https:\/\/www.colossalstore.es\/?s={search_term_string}\"},\"query-input\":{\"@type\":\"PropertyValueSpecification\",\"valueRequired\":true,\"valueName\":\"search_term_string\"}}],\"inLanguage\":\"en-US\"},{\"@type\":\"Organization\",\"@id\":\"https:\/\/www.colossalstore.es\/#organization\",\"name\":\"Colossal Store\",\"url\":\"https:\/\/www.colossalstore.es\/\",\"logo\":{\"@type\":\"ImageObject\",\"inLanguage\":\"en-US\",\"@id\":\"https:\/\/www.colossalstore.es\/#\/schema\/logo\/image\/\",\"url\":\"https:\/\/www.colossalstore.es\/wp-content\/uploads\/2023\/05\/Colossal_Logo-02.png\",\"contentUrl\":\"https:\/\/www.colossalstore.es\/wp-content\/uploads\/2023\/05\/Colossal_Logo-02.png\",\"width\":1181,\"height\":1181,\"caption\":\"Colossal Store\"},\"image\":{\"@id\":\"https:\/\/www.colossalstore.es\/#\/schema\/logo\/image\/\"},\"sameAs\":[\"https:\/\/x.com\/Colossal_Store\",\"https:\/\/www.instagram.com\/colossal_store_tcg\/\",\"https:\/\/www.tiktok.com\/@colossalstore\"]}]}<\/script>\n<!-- \/ Yoast SEO plugin. -->","yoast_head_json":{"title":"Diorama Capit\u00e1n Am\u00e9rica (Marvel) - Diamond Select Toys | Colossal Store","description":"Captain America Diorama (Marvel); one of the most famous heroes of the multiverse, belonging to the Marvel Comic Gallery figure series from Diamond Select Toys. Great finish and attention to detail, 23 cm high.","robots":{"index":"index","follow":"follow","max-snippet":"max-snippet:-1","max-image-preview":"max-image-preview:large","max-video-preview":"max-video-preview:-1"},"canonical":"https:\/\/www.colossalstore.es\/en\/tienda\/figuras\/estatua-diorama-capitan-america-marvel-now-23cm\/","og_locale":"en_US","og_type":"article","og_title":"Diorama Capit\u00e1n Am\u00e9rica (Marvel) - Diamond Select Toys | Colossal Store","og_description":"Diorama Capit\u00e1n Am\u00e9rica (Marvel); uno de los h\u00e9roes m\u00e1s famosos del multiverso, perteneciente a la serie de figuras Marvel Comic Gallery de Diamond Select Toys. Gran acabado y atenci\u00f3n al detalle, 23 cm de altura.","og_url":"https:\/\/www.colossalstore.es\/en\/tienda\/figuras\/estatua-diorama-capitan-america-marvel-now-23cm\/","og_site_name":"Colossal Store","article_modified_time":"2025-06-20T09:23:03+00:00","og_image":[{"width":1500,"height":1500,"url":"https:\/\/www.colossalstore.es\/wp-content\/uploads\/2022\/09\/img_189224_97fc534231186b3532a49c1c4715cc0b_1.jpg","type":"image\/jpeg"}],"twitter_card":"summary_large_image","twitter_site":"@Colossal_Store","twitter_misc":{"Est. reading time":"1 minute"},"schema":{"@context":"https:\/\/schema.org","@graph":[{"@type":"WebPage","@id":"https:\/\/www.colossalstore.es\/tienda\/figuras\/estatua-diorama-capitan-america-marvel-now-23cm\/","url":"https:\/\/www.colossalstore.es\/tienda\/figuras\/estatua-diorama-capitan-america-marvel-now-23cm\/","name":"Diorama Capit\u00e1n Am\u00e9rica (Marvel) - Diamond Select Toys | Colossal Store","isPartOf":{"@id":"https:\/\/www.colossalstore.es\/#website"},"primaryImageOfPage":{"@id":"https:\/\/www.colossalstore.es\/tienda\/figuras\/estatua-diorama-capitan-america-marvel-now-23cm\/#primaryimage"},"image":{"@id":"https:\/\/www.colossalstore.es\/tienda\/figuras\/estatua-diorama-capitan-america-marvel-now-23cm\/#primaryimage"},"thumbnailUrl":"https:\/\/www.colossalstore.es\/wp-content\/uploads\/2022\/09\/img_189224_97fc534231186b3532a49c1c4715cc0b_1.jpg","datePublished":"2022-09-14T16:31:28+00:00","dateModified":"2025-06-20T09:23:03+00:00","description":"Captain America Diorama (Marvel); one of the most famous heroes of the multiverse, belonging to the Marvel Comic Gallery figure series from Diamond Select Toys. Great finish and attention to detail, 23 cm high.","breadcrumb":{"@id":"https:\/\/www.colossalstore.es\/tienda\/figuras\/estatua-diorama-capitan-america-marvel-now-23cm\/#breadcrumb"},"inLanguage":"en-US","potentialAction":[{"@type":"ReadAction","target":["https:\/\/www.colossalstore.es\/tienda\/figuras\/estatua-diorama-capitan-america-marvel-now-23cm\/"]}]},{"@type":"ImageObject","inLanguage":"en-US","@id":"https:\/\/www.colossalstore.es\/tienda\/figuras\/estatua-diorama-capitan-america-marvel-now-23cm\/#primaryimage","url":"https:\/\/www.colossalstore.es\/wp-content\/uploads\/2022\/09\/img_189224_97fc534231186b3532a49c1c4715cc0b_1.jpg","contentUrl":"https:\/\/www.colossalstore.es\/wp-content\/uploads\/2022\/09\/img_189224_97fc534231186b3532a49c1c4715cc0b_1.jpg","width":1500,"height":1500},{"@type":"BreadcrumbList","@id":"https:\/\/www.colossalstore.es\/tienda\/figuras\/estatua-diorama-capitan-america-marvel-now-23cm\/#breadcrumb","itemListElement":[{"@type":"ListItem","position":1,"name":"Home","item":"https:\/\/www.colossalstore.es\/"},{"@type":"ListItem","position":2,"name":"Tienda","item":"https:\/\/www.colossalstore.es\/tienda\/"},{"@type":"ListItem","position":3,"name":"Estatua diorama Capitan America Marvel NOW! 23cm"}]},{"@type":"WebSite","@id":"https:\/\/www.colossalstore.es\/#website","url":"https:\/\/www.colossalstore.es\/","name":"Colossal Store","description":"Colossal Store, store specialized in TCGs.","publisher":{"@id":"https:\/\/www.colossalstore.es\/#organization"},"alternateName":"Colossal Store","potentialAction":[{"@type":"SearchAction","target":{"@type":"EntryPoint","urlTemplate":"https:\/\/www.colossalstore.es\/?s={search_term_string}"},"query-input":{"@type":"PropertyValueSpecification","valueRequired":true,"valueName":"search_term_string"}}],"inLanguage":"en-US"},{"@type":"Organization","@id":"https:\/\/www.colossalstore.es\/#organization","name":"Colossal Store","url":"https:\/\/www.colossalstore.es\/","logo":{"@type":"ImageObject","inLanguage":"en-US","@id":"https:\/\/www.colossalstore.es\/#\/schema\/logo\/image\/","url":"https:\/\/www.colossalstore.es\/wp-content\/uploads\/2023\/05\/Colossal_Logo-02.png","contentUrl":"https:\/\/www.colossalstore.es\/wp-content\/uploads\/2023\/05\/Colossal_Logo-02.png","width":1181,"height":1181,"caption":"Colossal Store"},"image":{"@id":"https:\/\/www.colossalstore.es\/#\/schema\/logo\/image\/"},"sameAs":["https:\/\/x.com\/Colossal_Store","https:\/\/www.instagram.com\/colossal_store_tcg\/","https:\/\/www.tiktok.com\/@colossalstore"]}]}},"_links":{"self":[{"href":"https:\/\/www.colossalstore.es\/en\/wp-json\/wp\/v2\/product\/259","targetHints":{"allow":["GET"]}}],"collection":[{"href":"https:\/\/www.colossalstore.es\/en\/wp-json\/wp\/v2\/product"}],"about":[{"href":"https:\/\/www.colossalstore.es\/en\/wp-json\/wp\/v2\/types\/product"}],"replies":[{"embeddable":true,"href":"https:\/\/www.colossalstore.es\/en\/wp-json\/wp\/v2\/comments?post=259"}],"wp:featuredmedia":[{"embeddable":true,"href":"https:\/\/www.colossalstore.es\/en\/wp-json\/wp\/v2\/media\/260"}],"wp:attachment":[{"href":"https:\/\/www.colossalstore.es\/en\/wp-json\/wp\/v2\/media?parent=259"}],"wp:term":[{"taxonomy":"product_brand","embeddable":true,"href":"https:\/\/www.colossalstore.es\/en\/wp-json\/wp\/v2\/product_brand?post=259"},{"taxonomy":"product_cat","embeddable":true,"href":"https:\/\/www.colossalstore.es\/en\/wp-json\/wp\/v2\/product_cat?post=259"},{"taxonomy":"product_tag","embeddable":true,"href":"https:\/\/www.colossalstore.es\/en\/wp-json\/wp\/v2\/product_tag?post=259"}],"curies":[{"name":"wp","href":"https:\/\/api.w.org\/{rel}","templated":true}]}}