{"id":2298,"date":"2022-10-19T19:46:58","date_gmt":"2022-10-19T17:46:58","guid":{"rendered":"https:\/\/colossalstore.es\/?post_type=product&#038;p=2298"},"modified":"2025-06-20T11:19:16","modified_gmt":"2025-06-20T09:19:16","slug":"mashle-9","status":"publish","type":"product","link":"https:\/\/www.colossalstore.es\/en\/tienda\/manga\/mashle-9\/","title":{"rendered":"Mashle 9"},"content":{"rendered":"<p>Mashle 9 (Hajime Komoto)<\/p>\n<p>After dodging Innocent Zero&#039;s attack, the next enemy looms over Mash... It&#039;s none other than the end-of-term written exam, something she&#039;s terrible at!! With the help of her enemies, will she be able to avoid failing a single subject, which would result in her being expelled from school...?<\/p>","protected":false},"excerpt":{"rendered":"<p>Mashle 9 (Hajime Komoto) Tras esquivar el ataque de Innocent Zero, el siguiente enemigo se cierne sobre Mash&#8230; \u00a1\u00a1Se trata, ni m\u00e1s ni menos, que del examen escrito de fin de trimestre, algo que se le da fatal de la vida!! \u00a1\u00bfConseguir\u00e1, gracias a la ayuda de sus enemigos, evitar catear una sola asignatura, lo [&hellip;]<\/p>","protected":false},"featured_media":2299,"comment_status":"open","ping_status":"closed","template":"","meta":{"_joinchat":[]},"product_brand":[],"product_cat":[32],"product_tag":[],"class_list":{"0":"post-2298","1":"product","2":"type-product","3":"status-publish","4":"has-post-thumbnail","6":"product_cat-manga","8":"first","9":"outofstock","10":"sale","11":"taxable","12":"shipping-taxable","13":"purchasable","14":"product-type-simple"},"yoast_head":"<!-- This site is optimized with the Yoast SEO plugin v25.7 - https:\/\/yoast.com\/wordpress\/plugins\/seo\/ -->\n<title>Mashle 9 (Hajime Komoto) | Colossal Store<\/title>\n<meta name=\"description\" content=\"Mashle 9 (Hajime Komoto): Tras esquivar el ataque de Innocent Zero, el siguiente enemigo se cierne sobre Mash... \u00a1\u00a1Se trata, ni m\u00e1s ni menos, que del examen escrito de fin de trimestre, algo que se le da fatal de la vida!! \u00a1\u00bfConseguir\u00e1, gracias a la ayuda de sus enemigos, evitar catear una sola asignatura, lo que le comportar\u00eda la expulsi\u00f3n de la escuela...?\" \/>\n<meta name=\"robots\" content=\"index, follow, max-snippet:-1, max-image-preview:large, max-video-preview:-1\" \/>\n<link rel=\"canonical\" href=\"https:\/\/www.colossalstore.es\/en\/tienda\/manga\/mashle-9\/\" \/>\n<meta property=\"og:locale\" content=\"en_US\" \/>\n<meta property=\"og:type\" content=\"article\" \/>\n<meta property=\"og:title\" content=\"Mashle 9 (Hajime Komoto) | Colossal Store\" \/>\n<meta property=\"og:description\" content=\"Mashle 9 (Hajime Komoto): Tras esquivar el ataque de Innocent Zero, el siguiente enemigo se cierne sobre Mash... \u00a1\u00a1Se trata, ni m\u00e1s ni menos, que del examen escrito de fin de trimestre, algo que se le da fatal de la vida!! \u00a1\u00bfConseguir\u00e1, gracias a la ayuda de sus enemigos, evitar catear una sola asignatura, lo que le comportar\u00eda la expulsi\u00f3n de la escuela...?\" \/>\n<meta property=\"og:url\" content=\"https:\/\/www.colossalstore.es\/en\/tienda\/manga\/mashle-9\/\" \/>\n<meta property=\"og:site_name\" content=\"Colossal Store\" \/>\n<meta property=\"article:modified_time\" content=\"2025-06-20T09:19:16+00:00\" \/>\n<meta property=\"og:image\" content=\"https:\/\/www.colossalstore.es\/wp-content\/uploads\/2022\/10\/d167214f9d190186c31dde98a8f6b79fe37f7c5b.jpeg\" \/>\n\t<meta property=\"og:image:width\" content=\"789\" \/>\n\t<meta property=\"og:image:height\" content=\"1222\" \/>\n\t<meta property=\"og:image:type\" content=\"image\/jpeg\" \/>\n<meta name=\"twitter:card\" content=\"summary_large_image\" \/>\n<meta name=\"twitter:site\" content=\"@Colossal_Store\" \/>\n<meta name=\"twitter:label1\" content=\"Est. reading time\" \/>\n\t<meta name=\"twitter:data1\" content=\"1 minute\" \/>\n<script type=\"application\/ld+json\" class=\"yoast-schema-graph\">{\"@context\":\"https:\/\/schema.org\",\"@graph\":[{\"@type\":\"WebPage\",\"@id\":\"https:\/\/www.colossalstore.es\/tienda\/manga\/mashle-9\/\",\"url\":\"https:\/\/www.colossalstore.es\/tienda\/manga\/mashle-9\/\",\"name\":\"Mashle 9 (Hajime Komoto) | Colossal Store\",\"isPartOf\":{\"@id\":\"https:\/\/www.colossalstore.es\/#website\"},\"primaryImageOfPage\":{\"@id\":\"https:\/\/www.colossalstore.es\/tienda\/manga\/mashle-9\/#primaryimage\"},\"image\":{\"@id\":\"https:\/\/www.colossalstore.es\/tienda\/manga\/mashle-9\/#primaryimage\"},\"thumbnailUrl\":\"https:\/\/www.colossalstore.es\/wp-content\/uploads\/2022\/10\/d167214f9d190186c31dde98a8f6b79fe37f7c5b.jpeg\",\"datePublished\":\"2022-10-19T17:46:58+00:00\",\"dateModified\":\"2025-06-20T09:19:16+00:00\",\"description\":\"Mashle 9 (Hajime Komoto): Tras esquivar el ataque de Innocent Zero, el siguiente enemigo se cierne sobre Mash... \u00a1\u00a1Se trata, ni m\u00e1s ni menos, que del examen escrito de fin de trimestre, algo que se le da fatal de la vida!! \u00a1\u00bfConseguir\u00e1, gracias a la ayuda de sus enemigos, evitar catear una sola asignatura, lo que le comportar\u00eda la expulsi\u00f3n de la escuela...?\",\"breadcrumb\":{\"@id\":\"https:\/\/www.colossalstore.es\/tienda\/manga\/mashle-9\/#breadcrumb\"},\"inLanguage\":\"en-US\",\"potentialAction\":[{\"@type\":\"ReadAction\",\"target\":[\"https:\/\/www.colossalstore.es\/tienda\/manga\/mashle-9\/\"]}]},{\"@type\":\"ImageObject\",\"inLanguage\":\"en-US\",\"@id\":\"https:\/\/www.colossalstore.es\/tienda\/manga\/mashle-9\/#primaryimage\",\"url\":\"https:\/\/www.colossalstore.es\/wp-content\/uploads\/2022\/10\/d167214f9d190186c31dde98a8f6b79fe37f7c5b.jpeg\",\"contentUrl\":\"https:\/\/www.colossalstore.es\/wp-content\/uploads\/2022\/10\/d167214f9d190186c31dde98a8f6b79fe37f7c5b.jpeg\",\"width\":789,\"height\":1222},{\"@type\":\"BreadcrumbList\",\"@id\":\"https:\/\/www.colossalstore.es\/tienda\/manga\/mashle-9\/#breadcrumb\",\"itemListElement\":[{\"@type\":\"ListItem\",\"position\":1,\"name\":\"Home\",\"item\":\"https:\/\/www.colossalstore.es\/\"},{\"@type\":\"ListItem\",\"position\":2,\"name\":\"Tienda\",\"item\":\"https:\/\/www.colossalstore.es\/tienda\/\"},{\"@type\":\"ListItem\",\"position\":3,\"name\":\"Mashle 9\"}]},{\"@type\":\"WebSite\",\"@id\":\"https:\/\/www.colossalstore.es\/#website\",\"url\":\"https:\/\/www.colossalstore.es\/\",\"name\":\"Colossal Store\",\"description\":\"Colossal Store, tienda especializada en TCGs.\",\"publisher\":{\"@id\":\"https:\/\/www.colossalstore.es\/#organization\"},\"alternateName\":\"Colossal Store\",\"potentialAction\":[{\"@type\":\"SearchAction\",\"target\":{\"@type\":\"EntryPoint\",\"urlTemplate\":\"https:\/\/www.colossalstore.es\/?s={search_term_string}\"},\"query-input\":{\"@type\":\"PropertyValueSpecification\",\"valueRequired\":true,\"valueName\":\"search_term_string\"}}],\"inLanguage\":\"en-US\"},{\"@type\":\"Organization\",\"@id\":\"https:\/\/www.colossalstore.es\/#organization\",\"name\":\"Colossal Store\",\"url\":\"https:\/\/www.colossalstore.es\/\",\"logo\":{\"@type\":\"ImageObject\",\"inLanguage\":\"en-US\",\"@id\":\"https:\/\/www.colossalstore.es\/#\/schema\/logo\/image\/\",\"url\":\"https:\/\/www.colossalstore.es\/wp-content\/uploads\/2023\/05\/Colossal_Logo-02.png\",\"contentUrl\":\"https:\/\/www.colossalstore.es\/wp-content\/uploads\/2023\/05\/Colossal_Logo-02.png\",\"width\":1181,\"height\":1181,\"caption\":\"Colossal Store\"},\"image\":{\"@id\":\"https:\/\/www.colossalstore.es\/#\/schema\/logo\/image\/\"},\"sameAs\":[\"https:\/\/x.com\/Colossal_Store\",\"https:\/\/www.instagram.com\/colossal_store_tcg\/\",\"https:\/\/www.tiktok.com\/@colossalstore\"]}]}<\/script>\n<!-- \/ Yoast SEO plugin. -->","yoast_head_json":{"title":"Mashle 9 (Hajime Komoto) | Colossal Store","description":"Mashle 9 (Hajime Komoto): Tras esquivar el ataque de Innocent Zero, el siguiente enemigo se cierne sobre Mash... \u00a1\u00a1Se trata, ni m\u00e1s ni menos, que del examen escrito de fin de trimestre, algo que se le da fatal de la vida!! \u00a1\u00bfConseguir\u00e1, gracias a la ayuda de sus enemigos, evitar catear una sola asignatura, lo que le comportar\u00eda la expulsi\u00f3n de la escuela...?","robots":{"index":"index","follow":"follow","max-snippet":"max-snippet:-1","max-image-preview":"max-image-preview:large","max-video-preview":"max-video-preview:-1"},"canonical":"https:\/\/www.colossalstore.es\/en\/tienda\/manga\/mashle-9\/","og_locale":"en_US","og_type":"article","og_title":"Mashle 9 (Hajime Komoto) | Colossal Store","og_description":"Mashle 9 (Hajime Komoto): Tras esquivar el ataque de Innocent Zero, el siguiente enemigo se cierne sobre Mash... \u00a1\u00a1Se trata, ni m\u00e1s ni menos, que del examen escrito de fin de trimestre, algo que se le da fatal de la vida!! \u00a1\u00bfConseguir\u00e1, gracias a la ayuda de sus enemigos, evitar catear una sola asignatura, lo que le comportar\u00eda la expulsi\u00f3n de la escuela...?","og_url":"https:\/\/www.colossalstore.es\/en\/tienda\/manga\/mashle-9\/","og_site_name":"Colossal Store","article_modified_time":"2025-06-20T09:19:16+00:00","og_image":[{"width":789,"height":1222,"url":"https:\/\/www.colossalstore.es\/wp-content\/uploads\/2022\/10\/d167214f9d190186c31dde98a8f6b79fe37f7c5b.jpeg","type":"image\/jpeg"}],"twitter_card":"summary_large_image","twitter_site":"@Colossal_Store","twitter_misc":{"Est. reading time":"1 minute"},"schema":{"@context":"https:\/\/schema.org","@graph":[{"@type":"WebPage","@id":"https:\/\/www.colossalstore.es\/tienda\/manga\/mashle-9\/","url":"https:\/\/www.colossalstore.es\/tienda\/manga\/mashle-9\/","name":"Mashle 9 (Hajime Komoto) | Colossal Store","isPartOf":{"@id":"https:\/\/www.colossalstore.es\/#website"},"primaryImageOfPage":{"@id":"https:\/\/www.colossalstore.es\/tienda\/manga\/mashle-9\/#primaryimage"},"image":{"@id":"https:\/\/www.colossalstore.es\/tienda\/manga\/mashle-9\/#primaryimage"},"thumbnailUrl":"https:\/\/www.colossalstore.es\/wp-content\/uploads\/2022\/10\/d167214f9d190186c31dde98a8f6b79fe37f7c5b.jpeg","datePublished":"2022-10-19T17:46:58+00:00","dateModified":"2025-06-20T09:19:16+00:00","description":"Mashle 9 (Hajime Komoto): Tras esquivar el ataque de Innocent Zero, el siguiente enemigo se cierne sobre Mash... \u00a1\u00a1Se trata, ni m\u00e1s ni menos, que del examen escrito de fin de trimestre, algo que se le da fatal de la vida!! \u00a1\u00bfConseguir\u00e1, gracias a la ayuda de sus enemigos, evitar catear una sola asignatura, lo que le comportar\u00eda la expulsi\u00f3n de la escuela...?","breadcrumb":{"@id":"https:\/\/www.colossalstore.es\/tienda\/manga\/mashle-9\/#breadcrumb"},"inLanguage":"en-US","potentialAction":[{"@type":"ReadAction","target":["https:\/\/www.colossalstore.es\/tienda\/manga\/mashle-9\/"]}]},{"@type":"ImageObject","inLanguage":"en-US","@id":"https:\/\/www.colossalstore.es\/tienda\/manga\/mashle-9\/#primaryimage","url":"https:\/\/www.colossalstore.es\/wp-content\/uploads\/2022\/10\/d167214f9d190186c31dde98a8f6b79fe37f7c5b.jpeg","contentUrl":"https:\/\/www.colossalstore.es\/wp-content\/uploads\/2022\/10\/d167214f9d190186c31dde98a8f6b79fe37f7c5b.jpeg","width":789,"height":1222},{"@type":"BreadcrumbList","@id":"https:\/\/www.colossalstore.es\/tienda\/manga\/mashle-9\/#breadcrumb","itemListElement":[{"@type":"ListItem","position":1,"name":"Home","item":"https:\/\/www.colossalstore.es\/"},{"@type":"ListItem","position":2,"name":"Tienda","item":"https:\/\/www.colossalstore.es\/tienda\/"},{"@type":"ListItem","position":3,"name":"Mashle 9"}]},{"@type":"WebSite","@id":"https:\/\/www.colossalstore.es\/#website","url":"https:\/\/www.colossalstore.es\/","name":"Colossal Store","description":"Colossal Store, store specialized in TCGs.","publisher":{"@id":"https:\/\/www.colossalstore.es\/#organization"},"alternateName":"Colossal Store","potentialAction":[{"@type":"SearchAction","target":{"@type":"EntryPoint","urlTemplate":"https:\/\/www.colossalstore.es\/?s={search_term_string}"},"query-input":{"@type":"PropertyValueSpecification","valueRequired":true,"valueName":"search_term_string"}}],"inLanguage":"en-US"},{"@type":"Organization","@id":"https:\/\/www.colossalstore.es\/#organization","name":"Colossal Store","url":"https:\/\/www.colossalstore.es\/","logo":{"@type":"ImageObject","inLanguage":"en-US","@id":"https:\/\/www.colossalstore.es\/#\/schema\/logo\/image\/","url":"https:\/\/www.colossalstore.es\/wp-content\/uploads\/2023\/05\/Colossal_Logo-02.png","contentUrl":"https:\/\/www.colossalstore.es\/wp-content\/uploads\/2023\/05\/Colossal_Logo-02.png","width":1181,"height":1181,"caption":"Colossal Store"},"image":{"@id":"https:\/\/www.colossalstore.es\/#\/schema\/logo\/image\/"},"sameAs":["https:\/\/x.com\/Colossal_Store","https:\/\/www.instagram.com\/colossal_store_tcg\/","https:\/\/www.tiktok.com\/@colossalstore"]}]}},"_links":{"self":[{"href":"https:\/\/www.colossalstore.es\/en\/wp-json\/wp\/v2\/product\/2298","targetHints":{"allow":["GET"]}}],"collection":[{"href":"https:\/\/www.colossalstore.es\/en\/wp-json\/wp\/v2\/product"}],"about":[{"href":"https:\/\/www.colossalstore.es\/en\/wp-json\/wp\/v2\/types\/product"}],"replies":[{"embeddable":true,"href":"https:\/\/www.colossalstore.es\/en\/wp-json\/wp\/v2\/comments?post=2298"}],"wp:featuredmedia":[{"embeddable":true,"href":"https:\/\/www.colossalstore.es\/en\/wp-json\/wp\/v2\/media\/2299"}],"wp:attachment":[{"href":"https:\/\/www.colossalstore.es\/en\/wp-json\/wp\/v2\/media?parent=2298"}],"wp:term":[{"taxonomy":"product_brand","embeddable":true,"href":"https:\/\/www.colossalstore.es\/en\/wp-json\/wp\/v2\/product_brand?post=2298"},{"taxonomy":"product_cat","embeddable":true,"href":"https:\/\/www.colossalstore.es\/en\/wp-json\/wp\/v2\/product_cat?post=2298"},{"taxonomy":"product_tag","embeddable":true,"href":"https:\/\/www.colossalstore.es\/en\/wp-json\/wp\/v2\/product_tag?post=2298"}],"curies":[{"name":"wp","href":"https:\/\/api.w.org\/{rel}","templated":true}]}}