{"id":2296,"date":"2022-10-19T19:46:11","date_gmt":"2022-10-19T17:46:11","guid":{"rendered":"https:\/\/colossalstore.es\/?post_type=product&#038;p=2296"},"modified":"2025-06-20T11:19:16","modified_gmt":"2025-06-20T09:19:16","slug":"mashle-8","status":"publish","type":"product","link":"https:\/\/www.colossalstore.es\/en\/tienda\/manga\/mashle-8\/","title":{"rendered":"Mashle 8"},"content":{"rendered":"<p>Mashle 8 (Hajime Komoto)<\/p>\n<p>The selection trials seemed to be going swimmingly for Mash after her victory against Margarette Macaron, but suddenly the Innocent Zeros appear, led by the leader himself who also claims to be her father?! Will the students of Easton be able to overcome this sudden attack?<\/p>","protected":false},"excerpt":{"rendered":"<p>Mashle 8 (Hajime Komoto) Las pruebas de selecci\u00f3n parec\u00edan ir viento en popa para Mash, despu\u00e9s de su victoria contra Margarette Macaron, \u00a1pero de repente aparecen los Innocent Zero, encabezados por el mism\u00edsimo l\u00edder que, adem\u00e1s, \u00bfafirma ser su padre?! \u00bfPodr\u00e1n los estudiantes de Easton sobreponerse a este ataque repentino?<\/p>","protected":false},"featured_media":2297,"comment_status":"open","ping_status":"closed","template":"","meta":{"_joinchat":[]},"product_brand":[],"product_cat":[32],"product_tag":[],"class_list":{"0":"post-2296","1":"product","2":"type-product","3":"status-publish","4":"has-post-thumbnail","6":"product_cat-manga","8":"first","9":"outofstock","10":"sale","11":"taxable","12":"shipping-taxable","13":"purchasable","14":"product-type-simple"},"yoast_head":"<!-- This site is optimized with the Yoast SEO plugin v25.7 - https:\/\/yoast.com\/wordpress\/plugins\/seo\/ -->\n<title>Mashle 8 (Hajime Komoto) | Colossal Store<\/title>\n<meta name=\"description\" content=\"Mashle 8 (Hajime Komoto): Las pruebas de selecci\u00f3n parec\u00edan ir viento en popa para Mash, despu\u00e9s de su victoria contra Margarette Macaron, \u00a1pero de repente aparecen los Innocent Zero, encabezados por el mism\u00edsimo l\u00edder que, adem\u00e1s, \u00bfafirma ser su padre?! \u00bfPodr\u00e1n los estudiantes de Easton sobreponerse a este ataque repentino?\" \/>\n<meta name=\"robots\" content=\"index, follow, max-snippet:-1, max-image-preview:large, max-video-preview:-1\" \/>\n<link rel=\"canonical\" href=\"https:\/\/www.colossalstore.es\/en\/tienda\/manga\/mashle-8\/\" \/>\n<meta property=\"og:locale\" content=\"en_US\" \/>\n<meta property=\"og:type\" content=\"article\" \/>\n<meta property=\"og:title\" content=\"Mashle 8 (Hajime Komoto) | Colossal Store\" \/>\n<meta property=\"og:description\" content=\"Mashle 8 (Hajime Komoto): Las pruebas de selecci\u00f3n parec\u00edan ir viento en popa para Mash, despu\u00e9s de su victoria contra Margarette Macaron, \u00a1pero de repente aparecen los Innocent Zero, encabezados por el mism\u00edsimo l\u00edder que, adem\u00e1s, \u00bfafirma ser su padre?! \u00bfPodr\u00e1n los estudiantes de Easton sobreponerse a este ataque repentino?\" \/>\n<meta property=\"og:url\" content=\"https:\/\/www.colossalstore.es\/en\/tienda\/manga\/mashle-8\/\" \/>\n<meta property=\"og:site_name\" content=\"Colossal Store\" \/>\n<meta property=\"article:modified_time\" content=\"2025-06-20T09:19:16+00:00\" \/>\n<meta property=\"og:image\" content=\"https:\/\/www.colossalstore.es\/wp-content\/uploads\/2022\/10\/e2da0e01a9e2b61ad4aab164a7f9079733fbfe35.jpeg\" \/>\n\t<meta property=\"og:image:width\" content=\"1200\" \/>\n\t<meta property=\"og:image:height\" content=\"1826\" \/>\n\t<meta property=\"og:image:type\" content=\"image\/jpeg\" \/>\n<meta name=\"twitter:card\" content=\"summary_large_image\" \/>\n<meta name=\"twitter:site\" content=\"@Colossal_Store\" \/>\n<meta name=\"twitter:label1\" content=\"Est. reading time\" \/>\n\t<meta name=\"twitter:data1\" content=\"1 minute\" \/>\n<script type=\"application\/ld+json\" class=\"yoast-schema-graph\">{\"@context\":\"https:\/\/schema.org\",\"@graph\":[{\"@type\":\"WebPage\",\"@id\":\"https:\/\/www.colossalstore.es\/tienda\/manga\/mashle-8\/\",\"url\":\"https:\/\/www.colossalstore.es\/tienda\/manga\/mashle-8\/\",\"name\":\"Mashle 8 (Hajime Komoto) | Colossal Store\",\"isPartOf\":{\"@id\":\"https:\/\/www.colossalstore.es\/#website\"},\"primaryImageOfPage\":{\"@id\":\"https:\/\/www.colossalstore.es\/tienda\/manga\/mashle-8\/#primaryimage\"},\"image\":{\"@id\":\"https:\/\/www.colossalstore.es\/tienda\/manga\/mashle-8\/#primaryimage\"},\"thumbnailUrl\":\"https:\/\/www.colossalstore.es\/wp-content\/uploads\/2022\/10\/e2da0e01a9e2b61ad4aab164a7f9079733fbfe35.jpeg\",\"datePublished\":\"2022-10-19T17:46:11+00:00\",\"dateModified\":\"2025-06-20T09:19:16+00:00\",\"description\":\"Mashle 8 (Hajime Komoto): Las pruebas de selecci\u00f3n parec\u00edan ir viento en popa para Mash, despu\u00e9s de su victoria contra Margarette Macaron, \u00a1pero de repente aparecen los Innocent Zero, encabezados por el mism\u00edsimo l\u00edder que, adem\u00e1s, \u00bfafirma ser su padre?! \u00bfPodr\u00e1n los estudiantes de Easton sobreponerse a este ataque repentino?\",\"breadcrumb\":{\"@id\":\"https:\/\/www.colossalstore.es\/tienda\/manga\/mashle-8\/#breadcrumb\"},\"inLanguage\":\"en-US\",\"potentialAction\":[{\"@type\":\"ReadAction\",\"target\":[\"https:\/\/www.colossalstore.es\/tienda\/manga\/mashle-8\/\"]}]},{\"@type\":\"ImageObject\",\"inLanguage\":\"en-US\",\"@id\":\"https:\/\/www.colossalstore.es\/tienda\/manga\/mashle-8\/#primaryimage\",\"url\":\"https:\/\/www.colossalstore.es\/wp-content\/uploads\/2022\/10\/e2da0e01a9e2b61ad4aab164a7f9079733fbfe35.jpeg\",\"contentUrl\":\"https:\/\/www.colossalstore.es\/wp-content\/uploads\/2022\/10\/e2da0e01a9e2b61ad4aab164a7f9079733fbfe35.jpeg\",\"width\":1200,\"height\":1826},{\"@type\":\"BreadcrumbList\",\"@id\":\"https:\/\/www.colossalstore.es\/tienda\/manga\/mashle-8\/#breadcrumb\",\"itemListElement\":[{\"@type\":\"ListItem\",\"position\":1,\"name\":\"Home\",\"item\":\"https:\/\/www.colossalstore.es\/\"},{\"@type\":\"ListItem\",\"position\":2,\"name\":\"Tienda\",\"item\":\"https:\/\/www.colossalstore.es\/tienda\/\"},{\"@type\":\"ListItem\",\"position\":3,\"name\":\"Mashle 8\"}]},{\"@type\":\"WebSite\",\"@id\":\"https:\/\/www.colossalstore.es\/#website\",\"url\":\"https:\/\/www.colossalstore.es\/\",\"name\":\"Colossal Store\",\"description\":\"Colossal Store, tienda especializada en TCGs.\",\"publisher\":{\"@id\":\"https:\/\/www.colossalstore.es\/#organization\"},\"alternateName\":\"Colossal Store\",\"potentialAction\":[{\"@type\":\"SearchAction\",\"target\":{\"@type\":\"EntryPoint\",\"urlTemplate\":\"https:\/\/www.colossalstore.es\/?s={search_term_string}\"},\"query-input\":{\"@type\":\"PropertyValueSpecification\",\"valueRequired\":true,\"valueName\":\"search_term_string\"}}],\"inLanguage\":\"en-US\"},{\"@type\":\"Organization\",\"@id\":\"https:\/\/www.colossalstore.es\/#organization\",\"name\":\"Colossal Store\",\"url\":\"https:\/\/www.colossalstore.es\/\",\"logo\":{\"@type\":\"ImageObject\",\"inLanguage\":\"en-US\",\"@id\":\"https:\/\/www.colossalstore.es\/#\/schema\/logo\/image\/\",\"url\":\"https:\/\/www.colossalstore.es\/wp-content\/uploads\/2023\/05\/Colossal_Logo-02.png\",\"contentUrl\":\"https:\/\/www.colossalstore.es\/wp-content\/uploads\/2023\/05\/Colossal_Logo-02.png\",\"width\":1181,\"height\":1181,\"caption\":\"Colossal Store\"},\"image\":{\"@id\":\"https:\/\/www.colossalstore.es\/#\/schema\/logo\/image\/\"},\"sameAs\":[\"https:\/\/x.com\/Colossal_Store\",\"https:\/\/www.instagram.com\/colossal_store_tcg\/\",\"https:\/\/www.tiktok.com\/@colossalstore\"]}]}<\/script>\n<!-- \/ Yoast SEO plugin. -->","yoast_head_json":{"title":"Mashle 8 (Hajime Komoto) | Colossal Store","description":"Mashle 8 (Hajime Komoto): Las pruebas de selecci\u00f3n parec\u00edan ir viento en popa para Mash, despu\u00e9s de su victoria contra Margarette Macaron, \u00a1pero de repente aparecen los Innocent Zero, encabezados por el mism\u00edsimo l\u00edder que, adem\u00e1s, \u00bfafirma ser su padre?! \u00bfPodr\u00e1n los estudiantes de Easton sobreponerse a este ataque repentino?","robots":{"index":"index","follow":"follow","max-snippet":"max-snippet:-1","max-image-preview":"max-image-preview:large","max-video-preview":"max-video-preview:-1"},"canonical":"https:\/\/www.colossalstore.es\/en\/tienda\/manga\/mashle-8\/","og_locale":"en_US","og_type":"article","og_title":"Mashle 8 (Hajime Komoto) | Colossal Store","og_description":"Mashle 8 (Hajime Komoto): Las pruebas de selecci\u00f3n parec\u00edan ir viento en popa para Mash, despu\u00e9s de su victoria contra Margarette Macaron, \u00a1pero de repente aparecen los Innocent Zero, encabezados por el mism\u00edsimo l\u00edder que, adem\u00e1s, \u00bfafirma ser su padre?! \u00bfPodr\u00e1n los estudiantes de Easton sobreponerse a este ataque repentino?","og_url":"https:\/\/www.colossalstore.es\/en\/tienda\/manga\/mashle-8\/","og_site_name":"Colossal Store","article_modified_time":"2025-06-20T09:19:16+00:00","og_image":[{"width":1200,"height":1826,"url":"https:\/\/www.colossalstore.es\/wp-content\/uploads\/2022\/10\/e2da0e01a9e2b61ad4aab164a7f9079733fbfe35.jpeg","type":"image\/jpeg"}],"twitter_card":"summary_large_image","twitter_site":"@Colossal_Store","twitter_misc":{"Est. reading time":"1 minute"},"schema":{"@context":"https:\/\/schema.org","@graph":[{"@type":"WebPage","@id":"https:\/\/www.colossalstore.es\/tienda\/manga\/mashle-8\/","url":"https:\/\/www.colossalstore.es\/tienda\/manga\/mashle-8\/","name":"Mashle 8 (Hajime Komoto) | Colossal Store","isPartOf":{"@id":"https:\/\/www.colossalstore.es\/#website"},"primaryImageOfPage":{"@id":"https:\/\/www.colossalstore.es\/tienda\/manga\/mashle-8\/#primaryimage"},"image":{"@id":"https:\/\/www.colossalstore.es\/tienda\/manga\/mashle-8\/#primaryimage"},"thumbnailUrl":"https:\/\/www.colossalstore.es\/wp-content\/uploads\/2022\/10\/e2da0e01a9e2b61ad4aab164a7f9079733fbfe35.jpeg","datePublished":"2022-10-19T17:46:11+00:00","dateModified":"2025-06-20T09:19:16+00:00","description":"Mashle 8 (Hajime Komoto): Las pruebas de selecci\u00f3n parec\u00edan ir viento en popa para Mash, despu\u00e9s de su victoria contra Margarette Macaron, \u00a1pero de repente aparecen los Innocent Zero, encabezados por el mism\u00edsimo l\u00edder que, adem\u00e1s, \u00bfafirma ser su padre?! \u00bfPodr\u00e1n los estudiantes de Easton sobreponerse a este ataque repentino?","breadcrumb":{"@id":"https:\/\/www.colossalstore.es\/tienda\/manga\/mashle-8\/#breadcrumb"},"inLanguage":"en-US","potentialAction":[{"@type":"ReadAction","target":["https:\/\/www.colossalstore.es\/tienda\/manga\/mashle-8\/"]}]},{"@type":"ImageObject","inLanguage":"en-US","@id":"https:\/\/www.colossalstore.es\/tienda\/manga\/mashle-8\/#primaryimage","url":"https:\/\/www.colossalstore.es\/wp-content\/uploads\/2022\/10\/e2da0e01a9e2b61ad4aab164a7f9079733fbfe35.jpeg","contentUrl":"https:\/\/www.colossalstore.es\/wp-content\/uploads\/2022\/10\/e2da0e01a9e2b61ad4aab164a7f9079733fbfe35.jpeg","width":1200,"height":1826},{"@type":"BreadcrumbList","@id":"https:\/\/www.colossalstore.es\/tienda\/manga\/mashle-8\/#breadcrumb","itemListElement":[{"@type":"ListItem","position":1,"name":"Home","item":"https:\/\/www.colossalstore.es\/"},{"@type":"ListItem","position":2,"name":"Tienda","item":"https:\/\/www.colossalstore.es\/tienda\/"},{"@type":"ListItem","position":3,"name":"Mashle 8"}]},{"@type":"WebSite","@id":"https:\/\/www.colossalstore.es\/#website","url":"https:\/\/www.colossalstore.es\/","name":"Colossal Store","description":"Colossal Store, store specialized in TCGs.","publisher":{"@id":"https:\/\/www.colossalstore.es\/#organization"},"alternateName":"Colossal Store","potentialAction":[{"@type":"SearchAction","target":{"@type":"EntryPoint","urlTemplate":"https:\/\/www.colossalstore.es\/?s={search_term_string}"},"query-input":{"@type":"PropertyValueSpecification","valueRequired":true,"valueName":"search_term_string"}}],"inLanguage":"en-US"},{"@type":"Organization","@id":"https:\/\/www.colossalstore.es\/#organization","name":"Colossal Store","url":"https:\/\/www.colossalstore.es\/","logo":{"@type":"ImageObject","inLanguage":"en-US","@id":"https:\/\/www.colossalstore.es\/#\/schema\/logo\/image\/","url":"https:\/\/www.colossalstore.es\/wp-content\/uploads\/2023\/05\/Colossal_Logo-02.png","contentUrl":"https:\/\/www.colossalstore.es\/wp-content\/uploads\/2023\/05\/Colossal_Logo-02.png","width":1181,"height":1181,"caption":"Colossal Store"},"image":{"@id":"https:\/\/www.colossalstore.es\/#\/schema\/logo\/image\/"},"sameAs":["https:\/\/x.com\/Colossal_Store","https:\/\/www.instagram.com\/colossal_store_tcg\/","https:\/\/www.tiktok.com\/@colossalstore"]}]}},"_links":{"self":[{"href":"https:\/\/www.colossalstore.es\/en\/wp-json\/wp\/v2\/product\/2296","targetHints":{"allow":["GET"]}}],"collection":[{"href":"https:\/\/www.colossalstore.es\/en\/wp-json\/wp\/v2\/product"}],"about":[{"href":"https:\/\/www.colossalstore.es\/en\/wp-json\/wp\/v2\/types\/product"}],"replies":[{"embeddable":true,"href":"https:\/\/www.colossalstore.es\/en\/wp-json\/wp\/v2\/comments?post=2296"}],"wp:featuredmedia":[{"embeddable":true,"href":"https:\/\/www.colossalstore.es\/en\/wp-json\/wp\/v2\/media\/2297"}],"wp:attachment":[{"href":"https:\/\/www.colossalstore.es\/en\/wp-json\/wp\/v2\/media?parent=2296"}],"wp:term":[{"taxonomy":"product_brand","embeddable":true,"href":"https:\/\/www.colossalstore.es\/en\/wp-json\/wp\/v2\/product_brand?post=2296"},{"taxonomy":"product_cat","embeddable":true,"href":"https:\/\/www.colossalstore.es\/en\/wp-json\/wp\/v2\/product_cat?post=2296"},{"taxonomy":"product_tag","embeddable":true,"href":"https:\/\/www.colossalstore.es\/en\/wp-json\/wp\/v2\/product_tag?post=2296"}],"curies":[{"name":"wp","href":"https:\/\/api.w.org\/{rel}","templated":true}]}}