{"id":2274,"date":"2022-10-19T19:40:45","date_gmt":"2022-10-19T17:40:45","guid":{"rendered":"https:\/\/colossalstore.es\/?post_type=product&#038;p=2274"},"modified":"2026-01-05T20:43:01","modified_gmt":"2026-01-05T19:43:01","slug":"solo-leveling-2","status":"publish","type":"product","link":"https:\/\/www.colossalstore.es\/en\/tienda\/manga\/solo-leveling-2\/","title":{"rendered":"SOLO LEVELING 02"},"content":{"rendered":"<p>Solo Leveling 2 (Chugong)<\/p>\n<p>Sung Jinwoo has managed to escape alive from what seemed like certain death. After waking up in the hospital, a strange screen that only he can see appears before him, does that mean he has had a rebirth? Apparently, if you complete the missions that appear on the screen you can get points and rewards to become stronger. On the other hand, they have recruited him for a new C-rank mission, but it seems that the group is up to something strange... What will happen to our protagonist in this new raid?<\/p>","protected":false},"excerpt":{"rendered":"<p>Solo Leveling 2 (Chugong) Sung Jinwoo ha logrado salir con vida de lo que parec\u00eda una muerte segura. Tras despertarse en el hospital, una extra\u00f1a pantalla que solo \u00e9l puede ver aparece ante \u00e9l, \u00bfsignifica eso que ha tenido un renacer? Al parecer, si cumple con las misiones que le aparecen en pantalla puede obtener [&hellip;]<\/p>","protected":false},"featured_media":2281,"comment_status":"open","ping_status":"closed","template":"","meta":{"_joinchat":[]},"product_brand":[],"product_cat":[32],"product_tag":[],"class_list":{"0":"post-2274","1":"product","2":"type-product","3":"status-publish","4":"has-post-thumbnail","6":"product_cat-manga","8":"first","9":"outofstock","10":"sale","11":"taxable","12":"shipping-taxable","13":"purchasable","14":"product-type-simple"},"yoast_head":"<!-- This site is optimized with the Yoast SEO plugin v25.7 - https:\/\/yoast.com\/wordpress\/plugins\/seo\/ -->\n<title>Solo Leveling 2 (Chugong) | Colossal Store<\/title>\n<meta name=\"description\" content=\"Solo Leveling 2 (Chugong): Sung Jinwoo ha logrado salir con vida de lo que parec\u00eda una muerte segura. Tras despertarse en el hospital, una extra\u00f1a pantalla que solo \u00e9l puede ver aparece ante \u00e9l, \u00bfsignifica eso que ha tenido un renacer? Al parecer, si cumple con las misiones que le aparecen en pantalla puede obtener puntos y recompensas para volverse m\u00e1s fuerte. Por otro lado, lo han reclutado para una nueva misi\u00f3n de rango C, pero parece que algo raro traman los del grupo\u2026 \u00bfQu\u00e9 le ocurrir\u00e1 a nuestro protagonista en esta nueva incursi\u00f3n?\" \/>\n<meta name=\"robots\" content=\"index, follow, max-snippet:-1, max-image-preview:large, max-video-preview:-1\" \/>\n<link rel=\"canonical\" href=\"https:\/\/www.colossalstore.es\/en\/tienda\/manga\/solo-leveling-2\/\" \/>\n<meta property=\"og:locale\" content=\"en_US\" \/>\n<meta property=\"og:type\" content=\"article\" \/>\n<meta property=\"og:title\" content=\"Solo Leveling 2 (Chugong) | Colossal Store\" \/>\n<meta property=\"og:description\" content=\"Solo Leveling 2 (Chugong): Sung Jinwoo ha logrado salir con vida de lo que parec\u00eda una muerte segura. Tras despertarse en el hospital, una extra\u00f1a pantalla que solo \u00e9l puede ver aparece ante \u00e9l, \u00bfsignifica eso que ha tenido un renacer? Al parecer, si cumple con las misiones que le aparecen en pantalla puede obtener puntos y recompensas para volverse m\u00e1s fuerte. Por otro lado, lo han reclutado para una nueva misi\u00f3n de rango C, pero parece que algo raro traman los del grupo\u2026 \u00bfQu\u00e9 le ocurrir\u00e1 a nuestro protagonista en esta nueva incursi\u00f3n?\" \/>\n<meta property=\"og:url\" content=\"https:\/\/www.colossalstore.es\/en\/tienda\/manga\/solo-leveling-2\/\" \/>\n<meta property=\"og:site_name\" content=\"Colossal Store\" \/>\n<meta property=\"article:modified_time\" content=\"2026-01-05T19:43:01+00:00\" \/>\n<meta property=\"og:image\" content=\"https:\/\/www.colossalstore.es\/wp-content\/uploads\/2022\/10\/b4fa95db011691d22823869f59934e54fdceec4d.jpeg\" \/>\n\t<meta property=\"og:image:width\" content=\"1200\" \/>\n\t<meta property=\"og:image:height\" content=\"1705\" \/>\n\t<meta property=\"og:image:type\" content=\"image\/jpeg\" \/>\n<meta name=\"twitter:card\" content=\"summary_large_image\" \/>\n<meta name=\"twitter:site\" content=\"@Colossal_Store\" \/>\n<meta name=\"twitter:label1\" content=\"Est. reading time\" \/>\n\t<meta name=\"twitter:data1\" content=\"1 minute\" \/>\n<script type=\"application\/ld+json\" class=\"yoast-schema-graph\">{\"@context\":\"https:\/\/schema.org\",\"@graph\":[{\"@type\":\"WebPage\",\"@id\":\"https:\/\/www.colossalstore.es\/tienda\/manga\/solo-leveling-2\/\",\"url\":\"https:\/\/www.colossalstore.es\/tienda\/manga\/solo-leveling-2\/\",\"name\":\"Solo Leveling 2 (Chugong) | Colossal Store\",\"isPartOf\":{\"@id\":\"https:\/\/www.colossalstore.es\/#website\"},\"primaryImageOfPage\":{\"@id\":\"https:\/\/www.colossalstore.es\/tienda\/manga\/solo-leveling-2\/#primaryimage\"},\"image\":{\"@id\":\"https:\/\/www.colossalstore.es\/tienda\/manga\/solo-leveling-2\/#primaryimage\"},\"thumbnailUrl\":\"https:\/\/www.colossalstore.es\/wp-content\/uploads\/2022\/10\/b4fa95db011691d22823869f59934e54fdceec4d.jpeg\",\"datePublished\":\"2022-10-19T17:40:45+00:00\",\"dateModified\":\"2026-01-05T19:43:01+00:00\",\"description\":\"Solo Leveling 2 (Chugong): Sung Jinwoo ha logrado salir con vida de lo que parec\u00eda una muerte segura. Tras despertarse en el hospital, una extra\u00f1a pantalla que solo \u00e9l puede ver aparece ante \u00e9l, \u00bfsignifica eso que ha tenido un renacer? Al parecer, si cumple con las misiones que le aparecen en pantalla puede obtener puntos y recompensas para volverse m\u00e1s fuerte. Por otro lado, lo han reclutado para una nueva misi\u00f3n de rango C, pero parece que algo raro traman los del grupo\u2026 \u00bfQu\u00e9 le ocurrir\u00e1 a nuestro protagonista en esta nueva incursi\u00f3n?\",\"breadcrumb\":{\"@id\":\"https:\/\/www.colossalstore.es\/tienda\/manga\/solo-leveling-2\/#breadcrumb\"},\"inLanguage\":\"en-US\",\"potentialAction\":[{\"@type\":\"ReadAction\",\"target\":[\"https:\/\/www.colossalstore.es\/tienda\/manga\/solo-leveling-2\/\"]}]},{\"@type\":\"ImageObject\",\"inLanguage\":\"en-US\",\"@id\":\"https:\/\/www.colossalstore.es\/tienda\/manga\/solo-leveling-2\/#primaryimage\",\"url\":\"https:\/\/www.colossalstore.es\/wp-content\/uploads\/2022\/10\/b4fa95db011691d22823869f59934e54fdceec4d.jpeg\",\"contentUrl\":\"https:\/\/www.colossalstore.es\/wp-content\/uploads\/2022\/10\/b4fa95db011691d22823869f59934e54fdceec4d.jpeg\",\"width\":1200,\"height\":1705},{\"@type\":\"BreadcrumbList\",\"@id\":\"https:\/\/www.colossalstore.es\/tienda\/manga\/solo-leveling-2\/#breadcrumb\",\"itemListElement\":[{\"@type\":\"ListItem\",\"position\":1,\"name\":\"Home\",\"item\":\"https:\/\/www.colossalstore.es\/\"},{\"@type\":\"ListItem\",\"position\":2,\"name\":\"Tienda\",\"item\":\"https:\/\/www.colossalstore.es\/tienda\/\"},{\"@type\":\"ListItem\",\"position\":3,\"name\":\"SOLO LEVELING 02\"}]},{\"@type\":\"WebSite\",\"@id\":\"https:\/\/www.colossalstore.es\/#website\",\"url\":\"https:\/\/www.colossalstore.es\/\",\"name\":\"Colossal Store\",\"description\":\"Colossal Store, tienda especializada en TCGs.\",\"publisher\":{\"@id\":\"https:\/\/www.colossalstore.es\/#organization\"},\"alternateName\":\"Colossal Store\",\"potentialAction\":[{\"@type\":\"SearchAction\",\"target\":{\"@type\":\"EntryPoint\",\"urlTemplate\":\"https:\/\/www.colossalstore.es\/?s={search_term_string}\"},\"query-input\":{\"@type\":\"PropertyValueSpecification\",\"valueRequired\":true,\"valueName\":\"search_term_string\"}}],\"inLanguage\":\"en-US\"},{\"@type\":\"Organization\",\"@id\":\"https:\/\/www.colossalstore.es\/#organization\",\"name\":\"Colossal Store\",\"url\":\"https:\/\/www.colossalstore.es\/\",\"logo\":{\"@type\":\"ImageObject\",\"inLanguage\":\"en-US\",\"@id\":\"https:\/\/www.colossalstore.es\/#\/schema\/logo\/image\/\",\"url\":\"https:\/\/www.colossalstore.es\/wp-content\/uploads\/2023\/05\/Colossal_Logo-02.png\",\"contentUrl\":\"https:\/\/www.colossalstore.es\/wp-content\/uploads\/2023\/05\/Colossal_Logo-02.png\",\"width\":1181,\"height\":1181,\"caption\":\"Colossal Store\"},\"image\":{\"@id\":\"https:\/\/www.colossalstore.es\/#\/schema\/logo\/image\/\"},\"sameAs\":[\"https:\/\/x.com\/Colossal_Store\",\"https:\/\/www.instagram.com\/colossal_store_tcg\/\",\"https:\/\/www.tiktok.com\/@colossalstore\"]}]}<\/script>\n<!-- \/ Yoast SEO plugin. -->","yoast_head_json":{"title":"Solo Leveling 2 (Chugong) | Colossal Store","description":"Solo Leveling 2 (Chugong): Sung Jinwoo ha logrado salir con vida de lo que parec\u00eda una muerte segura. Tras despertarse en el hospital, una extra\u00f1a pantalla que solo \u00e9l puede ver aparece ante \u00e9l, \u00bfsignifica eso que ha tenido un renacer? Al parecer, si cumple con las misiones que le aparecen en pantalla puede obtener puntos y recompensas para volverse m\u00e1s fuerte. Por otro lado, lo han reclutado para una nueva misi\u00f3n de rango C, pero parece que algo raro traman los del grupo\u2026 \u00bfQu\u00e9 le ocurrir\u00e1 a nuestro protagonista en esta nueva incursi\u00f3n?","robots":{"index":"index","follow":"follow","max-snippet":"max-snippet:-1","max-image-preview":"max-image-preview:large","max-video-preview":"max-video-preview:-1"},"canonical":"https:\/\/www.colossalstore.es\/en\/tienda\/manga\/solo-leveling-2\/","og_locale":"en_US","og_type":"article","og_title":"Solo Leveling 2 (Chugong) | Colossal Store","og_description":"Solo Leveling 2 (Chugong): Sung Jinwoo ha logrado salir con vida de lo que parec\u00eda una muerte segura. Tras despertarse en el hospital, una extra\u00f1a pantalla que solo \u00e9l puede ver aparece ante \u00e9l, \u00bfsignifica eso que ha tenido un renacer? Al parecer, si cumple con las misiones que le aparecen en pantalla puede obtener puntos y recompensas para volverse m\u00e1s fuerte. Por otro lado, lo han reclutado para una nueva misi\u00f3n de rango C, pero parece que algo raro traman los del grupo\u2026 \u00bfQu\u00e9 le ocurrir\u00e1 a nuestro protagonista en esta nueva incursi\u00f3n?","og_url":"https:\/\/www.colossalstore.es\/en\/tienda\/manga\/solo-leveling-2\/","og_site_name":"Colossal Store","article_modified_time":"2026-01-05T19:43:01+00:00","og_image":[{"width":1200,"height":1705,"url":"https:\/\/www.colossalstore.es\/wp-content\/uploads\/2022\/10\/b4fa95db011691d22823869f59934e54fdceec4d.jpeg","type":"image\/jpeg"}],"twitter_card":"summary_large_image","twitter_site":"@Colossal_Store","twitter_misc":{"Est. reading time":"1 minute"},"schema":{"@context":"https:\/\/schema.org","@graph":[{"@type":"WebPage","@id":"https:\/\/www.colossalstore.es\/tienda\/manga\/solo-leveling-2\/","url":"https:\/\/www.colossalstore.es\/tienda\/manga\/solo-leveling-2\/","name":"Solo Leveling 2 (Chugong) | Colossal Store","isPartOf":{"@id":"https:\/\/www.colossalstore.es\/#website"},"primaryImageOfPage":{"@id":"https:\/\/www.colossalstore.es\/tienda\/manga\/solo-leveling-2\/#primaryimage"},"image":{"@id":"https:\/\/www.colossalstore.es\/tienda\/manga\/solo-leveling-2\/#primaryimage"},"thumbnailUrl":"https:\/\/www.colossalstore.es\/wp-content\/uploads\/2022\/10\/b4fa95db011691d22823869f59934e54fdceec4d.jpeg","datePublished":"2022-10-19T17:40:45+00:00","dateModified":"2026-01-05T19:43:01+00:00","description":"Solo Leveling 2 (Chugong): Sung Jinwoo ha logrado salir con vida de lo que parec\u00eda una muerte segura. Tras despertarse en el hospital, una extra\u00f1a pantalla que solo \u00e9l puede ver aparece ante \u00e9l, \u00bfsignifica eso que ha tenido un renacer? Al parecer, si cumple con las misiones que le aparecen en pantalla puede obtener puntos y recompensas para volverse m\u00e1s fuerte. Por otro lado, lo han reclutado para una nueva misi\u00f3n de rango C, pero parece que algo raro traman los del grupo\u2026 \u00bfQu\u00e9 le ocurrir\u00e1 a nuestro protagonista en esta nueva incursi\u00f3n?","breadcrumb":{"@id":"https:\/\/www.colossalstore.es\/tienda\/manga\/solo-leveling-2\/#breadcrumb"},"inLanguage":"en-US","potentialAction":[{"@type":"ReadAction","target":["https:\/\/www.colossalstore.es\/tienda\/manga\/solo-leveling-2\/"]}]},{"@type":"ImageObject","inLanguage":"en-US","@id":"https:\/\/www.colossalstore.es\/tienda\/manga\/solo-leveling-2\/#primaryimage","url":"https:\/\/www.colossalstore.es\/wp-content\/uploads\/2022\/10\/b4fa95db011691d22823869f59934e54fdceec4d.jpeg","contentUrl":"https:\/\/www.colossalstore.es\/wp-content\/uploads\/2022\/10\/b4fa95db011691d22823869f59934e54fdceec4d.jpeg","width":1200,"height":1705},{"@type":"BreadcrumbList","@id":"https:\/\/www.colossalstore.es\/tienda\/manga\/solo-leveling-2\/#breadcrumb","itemListElement":[{"@type":"ListItem","position":1,"name":"Home","item":"https:\/\/www.colossalstore.es\/"},{"@type":"ListItem","position":2,"name":"Tienda","item":"https:\/\/www.colossalstore.es\/tienda\/"},{"@type":"ListItem","position":3,"name":"SOLO LEVELING 02"}]},{"@type":"WebSite","@id":"https:\/\/www.colossalstore.es\/#website","url":"https:\/\/www.colossalstore.es\/","name":"Colossal Store","description":"Colossal Store, store specialized in TCGs.","publisher":{"@id":"https:\/\/www.colossalstore.es\/#organization"},"alternateName":"Colossal Store","potentialAction":[{"@type":"SearchAction","target":{"@type":"EntryPoint","urlTemplate":"https:\/\/www.colossalstore.es\/?s={search_term_string}"},"query-input":{"@type":"PropertyValueSpecification","valueRequired":true,"valueName":"search_term_string"}}],"inLanguage":"en-US"},{"@type":"Organization","@id":"https:\/\/www.colossalstore.es\/#organization","name":"Colossal Store","url":"https:\/\/www.colossalstore.es\/","logo":{"@type":"ImageObject","inLanguage":"en-US","@id":"https:\/\/www.colossalstore.es\/#\/schema\/logo\/image\/","url":"https:\/\/www.colossalstore.es\/wp-content\/uploads\/2023\/05\/Colossal_Logo-02.png","contentUrl":"https:\/\/www.colossalstore.es\/wp-content\/uploads\/2023\/05\/Colossal_Logo-02.png","width":1181,"height":1181,"caption":"Colossal Store"},"image":{"@id":"https:\/\/www.colossalstore.es\/#\/schema\/logo\/image\/"},"sameAs":["https:\/\/x.com\/Colossal_Store","https:\/\/www.instagram.com\/colossal_store_tcg\/","https:\/\/www.tiktok.com\/@colossalstore"]}]}},"_links":{"self":[{"href":"https:\/\/www.colossalstore.es\/en\/wp-json\/wp\/v2\/product\/2274","targetHints":{"allow":["GET"]}}],"collection":[{"href":"https:\/\/www.colossalstore.es\/en\/wp-json\/wp\/v2\/product"}],"about":[{"href":"https:\/\/www.colossalstore.es\/en\/wp-json\/wp\/v2\/types\/product"}],"replies":[{"embeddable":true,"href":"https:\/\/www.colossalstore.es\/en\/wp-json\/wp\/v2\/comments?post=2274"}],"wp:featuredmedia":[{"embeddable":true,"href":"https:\/\/www.colossalstore.es\/en\/wp-json\/wp\/v2\/media\/2281"}],"wp:attachment":[{"href":"https:\/\/www.colossalstore.es\/en\/wp-json\/wp\/v2\/media?parent=2274"}],"wp:term":[{"taxonomy":"product_brand","embeddable":true,"href":"https:\/\/www.colossalstore.es\/en\/wp-json\/wp\/v2\/product_brand?post=2274"},{"taxonomy":"product_cat","embeddable":true,"href":"https:\/\/www.colossalstore.es\/en\/wp-json\/wp\/v2\/product_cat?post=2274"},{"taxonomy":"product_tag","embeddable":true,"href":"https:\/\/www.colossalstore.es\/en\/wp-json\/wp\/v2\/product_tag?post=2274"}],"curies":[{"name":"wp","href":"https:\/\/api.w.org\/{rel}","templated":true}]}}