{"id":2271,"date":"2022-10-19T19:40:37","date_gmt":"2022-10-19T17:40:37","guid":{"rendered":"https:\/\/colossalstore.es\/?post_type=product&#038;p=2271"},"modified":"2026-01-05T20:42:55","modified_gmt":"2026-01-05T19:42:55","slug":"solo-leveling-1","status":"publish","type":"product","link":"https:\/\/www.colossalstore.es\/en\/tienda\/manga\/solo-leveling-1\/","title":{"rendered":"SOLO LEVELING 01"},"content":{"rendered":"<p>Solo Leveling 1 (Chugong)<\/p>\n<p>Sung Jinwoo is an E-rank Hunter, considered the lowest level within the Hunter Association, which is why he is known as \u201cThe Weakest Hunter.\u201d Day after day he puts his life in danger and embarks on missions of the lowest rank to be able to cover the expenses of his sick mother; However, in one of those missions, what at first seemed like a D-rank raid ends up being a dungeon of an unusual level and things start to go wrong... Will Sung and his companions make it out alive? A story full of action and monsters in the purest RPG style!<\/p>","protected":false},"excerpt":{"rendered":"<p>Solo Leveling 1 (Chugong) Sung Jinwoo es un cazador de rango E, considerado como el nivel m\u00e1s bajo dentro de la Asociaci\u00f3n de cazadores, por lo que se le conoce como \u201cEl cazador m\u00e1s d\u00e9bil\u201d. D\u00eda tras d\u00eda pone en peligro su vida y se embarca en misiones del rango m\u00e1s bajo para poder sufragar [&hellip;]<\/p>","protected":false},"featured_media":2272,"comment_status":"open","ping_status":"closed","template":"","meta":{"_joinchat":[]},"product_brand":[],"product_cat":[32],"product_tag":[],"class_list":{"0":"post-2271","1":"product","2":"type-product","3":"status-publish","4":"has-post-thumbnail","6":"product_cat-manga","8":"first","9":"outofstock","10":"sale","11":"taxable","12":"shipping-taxable","13":"purchasable","14":"product-type-simple"},"yoast_head":"<!-- This site is optimized with the Yoast SEO plugin v25.7 - https:\/\/yoast.com\/wordpress\/plugins\/seo\/ -->\n<title>Solo Leveling 1 (Chugong) | Colossal Store<\/title>\n<meta name=\"description\" content=\"Solo Leveling 1 (Chugong): Sung Jinwoo es un cazador de rango E, considerado como el nivel m\u00e1s bajo dentro de la Asociaci\u00f3n de cazadores, por lo que se le conoce como \u201cEl cazador m\u00e1s d\u00e9bil\u201d. D\u00eda tras d\u00eda pone en peligro su vida y se embarca en misiones del rango m\u00e1s bajo para poder sufragar los gastos de su madre enferma; sin embargo, en una de esas misiones, lo que en un principio parec\u00eda un raid de rango D termina por ser una mazmorra de un nivel inusitado y las cosas empiezan a torcerse\u2026 \u00bfLograr\u00e1n Sung y sus compa\u00f1eros salir con vida? \u00a1Una historia llena de acci\u00f3n y monstruos al m\u00e1s puro estilo RPG!\" \/>\n<meta name=\"robots\" content=\"index, follow, max-snippet:-1, max-image-preview:large, max-video-preview:-1\" \/>\n<link rel=\"canonical\" href=\"https:\/\/www.colossalstore.es\/en\/tienda\/manga\/solo-leveling-1\/\" \/>\n<meta property=\"og:locale\" content=\"en_US\" \/>\n<meta property=\"og:type\" content=\"article\" \/>\n<meta property=\"og:title\" content=\"Solo Leveling 1 (Chugong) | Colossal Store\" \/>\n<meta property=\"og:description\" content=\"Solo Leveling 1 (Chugong): Sung Jinwoo es un cazador de rango E, considerado como el nivel m\u00e1s bajo dentro de la Asociaci\u00f3n de cazadores, por lo que se le conoce como \u201cEl cazador m\u00e1s d\u00e9bil\u201d. D\u00eda tras d\u00eda pone en peligro su vida y se embarca en misiones del rango m\u00e1s bajo para poder sufragar los gastos de su madre enferma; sin embargo, en una de esas misiones, lo que en un principio parec\u00eda un raid de rango D termina por ser una mazmorra de un nivel inusitado y las cosas empiezan a torcerse\u2026 \u00bfLograr\u00e1n Sung y sus compa\u00f1eros salir con vida? \u00a1Una historia llena de acci\u00f3n y monstruos al m\u00e1s puro estilo RPG!\" \/>\n<meta property=\"og:url\" content=\"https:\/\/www.colossalstore.es\/en\/tienda\/manga\/solo-leveling-1\/\" \/>\n<meta property=\"og:site_name\" content=\"Colossal Store\" \/>\n<meta property=\"article:modified_time\" content=\"2026-01-05T19:42:55+00:00\" \/>\n<meta property=\"og:image\" content=\"https:\/\/www.colossalstore.es\/wp-content\/uploads\/2022\/10\/5105c140436e7f20a05fcf1337b66f97097bd97f.jpeg\" \/>\n\t<meta property=\"og:image:width\" content=\"1200\" \/>\n\t<meta property=\"og:image:height\" content=\"1727\" \/>\n\t<meta property=\"og:image:type\" content=\"image\/jpeg\" \/>\n<meta name=\"twitter:card\" content=\"summary_large_image\" \/>\n<meta name=\"twitter:site\" content=\"@Colossal_Store\" \/>\n<meta name=\"twitter:label1\" content=\"Est. reading time\" \/>\n\t<meta name=\"twitter:data1\" content=\"1 minute\" \/>\n<script type=\"application\/ld+json\" class=\"yoast-schema-graph\">{\"@context\":\"https:\/\/schema.org\",\"@graph\":[{\"@type\":\"WebPage\",\"@id\":\"https:\/\/www.colossalstore.es\/tienda\/manga\/solo-leveling-1\/\",\"url\":\"https:\/\/www.colossalstore.es\/tienda\/manga\/solo-leveling-1\/\",\"name\":\"Solo Leveling 1 (Chugong) | Colossal Store\",\"isPartOf\":{\"@id\":\"https:\/\/www.colossalstore.es\/#website\"},\"primaryImageOfPage\":{\"@id\":\"https:\/\/www.colossalstore.es\/tienda\/manga\/solo-leveling-1\/#primaryimage\"},\"image\":{\"@id\":\"https:\/\/www.colossalstore.es\/tienda\/manga\/solo-leveling-1\/#primaryimage\"},\"thumbnailUrl\":\"https:\/\/www.colossalstore.es\/wp-content\/uploads\/2022\/10\/5105c140436e7f20a05fcf1337b66f97097bd97f.jpeg\",\"datePublished\":\"2022-10-19T17:40:37+00:00\",\"dateModified\":\"2026-01-05T19:42:55+00:00\",\"description\":\"Solo Leveling 1 (Chugong): Sung Jinwoo es un cazador de rango E, considerado como el nivel m\u00e1s bajo dentro de la Asociaci\u00f3n de cazadores, por lo que se le conoce como \u201cEl cazador m\u00e1s d\u00e9bil\u201d. D\u00eda tras d\u00eda pone en peligro su vida y se embarca en misiones del rango m\u00e1s bajo para poder sufragar los gastos de su madre enferma; sin embargo, en una de esas misiones, lo que en un principio parec\u00eda un raid de rango D termina por ser una mazmorra de un nivel inusitado y las cosas empiezan a torcerse\u2026 \u00bfLograr\u00e1n Sung y sus compa\u00f1eros salir con vida? \u00a1Una historia llena de acci\u00f3n y monstruos al m\u00e1s puro estilo RPG!\",\"breadcrumb\":{\"@id\":\"https:\/\/www.colossalstore.es\/tienda\/manga\/solo-leveling-1\/#breadcrumb\"},\"inLanguage\":\"en-US\",\"potentialAction\":[{\"@type\":\"ReadAction\",\"target\":[\"https:\/\/www.colossalstore.es\/tienda\/manga\/solo-leveling-1\/\"]}]},{\"@type\":\"ImageObject\",\"inLanguage\":\"en-US\",\"@id\":\"https:\/\/www.colossalstore.es\/tienda\/manga\/solo-leveling-1\/#primaryimage\",\"url\":\"https:\/\/www.colossalstore.es\/wp-content\/uploads\/2022\/10\/5105c140436e7f20a05fcf1337b66f97097bd97f.jpeg\",\"contentUrl\":\"https:\/\/www.colossalstore.es\/wp-content\/uploads\/2022\/10\/5105c140436e7f20a05fcf1337b66f97097bd97f.jpeg\",\"width\":1200,\"height\":1727},{\"@type\":\"BreadcrumbList\",\"@id\":\"https:\/\/www.colossalstore.es\/tienda\/manga\/solo-leveling-1\/#breadcrumb\",\"itemListElement\":[{\"@type\":\"ListItem\",\"position\":1,\"name\":\"Home\",\"item\":\"https:\/\/www.colossalstore.es\/\"},{\"@type\":\"ListItem\",\"position\":2,\"name\":\"Tienda\",\"item\":\"https:\/\/www.colossalstore.es\/tienda\/\"},{\"@type\":\"ListItem\",\"position\":3,\"name\":\"SOLO LEVELING 01\"}]},{\"@type\":\"WebSite\",\"@id\":\"https:\/\/www.colossalstore.es\/#website\",\"url\":\"https:\/\/www.colossalstore.es\/\",\"name\":\"Colossal Store\",\"description\":\"Colossal Store, tienda especializada en TCGs.\",\"publisher\":{\"@id\":\"https:\/\/www.colossalstore.es\/#organization\"},\"alternateName\":\"Colossal Store\",\"potentialAction\":[{\"@type\":\"SearchAction\",\"target\":{\"@type\":\"EntryPoint\",\"urlTemplate\":\"https:\/\/www.colossalstore.es\/?s={search_term_string}\"},\"query-input\":{\"@type\":\"PropertyValueSpecification\",\"valueRequired\":true,\"valueName\":\"search_term_string\"}}],\"inLanguage\":\"en-US\"},{\"@type\":\"Organization\",\"@id\":\"https:\/\/www.colossalstore.es\/#organization\",\"name\":\"Colossal Store\",\"url\":\"https:\/\/www.colossalstore.es\/\",\"logo\":{\"@type\":\"ImageObject\",\"inLanguage\":\"en-US\",\"@id\":\"https:\/\/www.colossalstore.es\/#\/schema\/logo\/image\/\",\"url\":\"https:\/\/www.colossalstore.es\/wp-content\/uploads\/2023\/05\/Colossal_Logo-02.png\",\"contentUrl\":\"https:\/\/www.colossalstore.es\/wp-content\/uploads\/2023\/05\/Colossal_Logo-02.png\",\"width\":1181,\"height\":1181,\"caption\":\"Colossal Store\"},\"image\":{\"@id\":\"https:\/\/www.colossalstore.es\/#\/schema\/logo\/image\/\"},\"sameAs\":[\"https:\/\/x.com\/Colossal_Store\",\"https:\/\/www.instagram.com\/colossal_store_tcg\/\",\"https:\/\/www.tiktok.com\/@colossalstore\"]}]}<\/script>\n<!-- \/ Yoast SEO plugin. -->","yoast_head_json":{"title":"Solo Leveling 1 (Chugong) | Colossal Store","description":"Solo Leveling 1 (Chugong): Sung Jinwoo es un cazador de rango E, considerado como el nivel m\u00e1s bajo dentro de la Asociaci\u00f3n de cazadores, por lo que se le conoce como \u201cEl cazador m\u00e1s d\u00e9bil\u201d. D\u00eda tras d\u00eda pone en peligro su vida y se embarca en misiones del rango m\u00e1s bajo para poder sufragar los gastos de su madre enferma; sin embargo, en una de esas misiones, lo que en un principio parec\u00eda un raid de rango D termina por ser una mazmorra de un nivel inusitado y las cosas empiezan a torcerse\u2026 \u00bfLograr\u00e1n Sung y sus compa\u00f1eros salir con vida? \u00a1Una historia llena de acci\u00f3n y monstruos al m\u00e1s puro estilo RPG!","robots":{"index":"index","follow":"follow","max-snippet":"max-snippet:-1","max-image-preview":"max-image-preview:large","max-video-preview":"max-video-preview:-1"},"canonical":"https:\/\/www.colossalstore.es\/en\/tienda\/manga\/solo-leveling-1\/","og_locale":"en_US","og_type":"article","og_title":"Solo Leveling 1 (Chugong) | Colossal Store","og_description":"Solo Leveling 1 (Chugong): Sung Jinwoo es un cazador de rango E, considerado como el nivel m\u00e1s bajo dentro de la Asociaci\u00f3n de cazadores, por lo que se le conoce como \u201cEl cazador m\u00e1s d\u00e9bil\u201d. D\u00eda tras d\u00eda pone en peligro su vida y se embarca en misiones del rango m\u00e1s bajo para poder sufragar los gastos de su madre enferma; sin embargo, en una de esas misiones, lo que en un principio parec\u00eda un raid de rango D termina por ser una mazmorra de un nivel inusitado y las cosas empiezan a torcerse\u2026 \u00bfLograr\u00e1n Sung y sus compa\u00f1eros salir con vida? \u00a1Una historia llena de acci\u00f3n y monstruos al m\u00e1s puro estilo RPG!","og_url":"https:\/\/www.colossalstore.es\/en\/tienda\/manga\/solo-leveling-1\/","og_site_name":"Colossal Store","article_modified_time":"2026-01-05T19:42:55+00:00","og_image":[{"width":1200,"height":1727,"url":"https:\/\/www.colossalstore.es\/wp-content\/uploads\/2022\/10\/5105c140436e7f20a05fcf1337b66f97097bd97f.jpeg","type":"image\/jpeg"}],"twitter_card":"summary_large_image","twitter_site":"@Colossal_Store","twitter_misc":{"Est. reading time":"1 minute"},"schema":{"@context":"https:\/\/schema.org","@graph":[{"@type":"WebPage","@id":"https:\/\/www.colossalstore.es\/tienda\/manga\/solo-leveling-1\/","url":"https:\/\/www.colossalstore.es\/tienda\/manga\/solo-leveling-1\/","name":"Solo Leveling 1 (Chugong) | Colossal Store","isPartOf":{"@id":"https:\/\/www.colossalstore.es\/#website"},"primaryImageOfPage":{"@id":"https:\/\/www.colossalstore.es\/tienda\/manga\/solo-leveling-1\/#primaryimage"},"image":{"@id":"https:\/\/www.colossalstore.es\/tienda\/manga\/solo-leveling-1\/#primaryimage"},"thumbnailUrl":"https:\/\/www.colossalstore.es\/wp-content\/uploads\/2022\/10\/5105c140436e7f20a05fcf1337b66f97097bd97f.jpeg","datePublished":"2022-10-19T17:40:37+00:00","dateModified":"2026-01-05T19:42:55+00:00","description":"Solo Leveling 1 (Chugong): Sung Jinwoo es un cazador de rango E, considerado como el nivel m\u00e1s bajo dentro de la Asociaci\u00f3n de cazadores, por lo que se le conoce como \u201cEl cazador m\u00e1s d\u00e9bil\u201d. D\u00eda tras d\u00eda pone en peligro su vida y se embarca en misiones del rango m\u00e1s bajo para poder sufragar los gastos de su madre enferma; sin embargo, en una de esas misiones, lo que en un principio parec\u00eda un raid de rango D termina por ser una mazmorra de un nivel inusitado y las cosas empiezan a torcerse\u2026 \u00bfLograr\u00e1n Sung y sus compa\u00f1eros salir con vida? \u00a1Una historia llena de acci\u00f3n y monstruos al m\u00e1s puro estilo RPG!","breadcrumb":{"@id":"https:\/\/www.colossalstore.es\/tienda\/manga\/solo-leveling-1\/#breadcrumb"},"inLanguage":"en-US","potentialAction":[{"@type":"ReadAction","target":["https:\/\/www.colossalstore.es\/tienda\/manga\/solo-leveling-1\/"]}]},{"@type":"ImageObject","inLanguage":"en-US","@id":"https:\/\/www.colossalstore.es\/tienda\/manga\/solo-leveling-1\/#primaryimage","url":"https:\/\/www.colossalstore.es\/wp-content\/uploads\/2022\/10\/5105c140436e7f20a05fcf1337b66f97097bd97f.jpeg","contentUrl":"https:\/\/www.colossalstore.es\/wp-content\/uploads\/2022\/10\/5105c140436e7f20a05fcf1337b66f97097bd97f.jpeg","width":1200,"height":1727},{"@type":"BreadcrumbList","@id":"https:\/\/www.colossalstore.es\/tienda\/manga\/solo-leveling-1\/#breadcrumb","itemListElement":[{"@type":"ListItem","position":1,"name":"Home","item":"https:\/\/www.colossalstore.es\/"},{"@type":"ListItem","position":2,"name":"Tienda","item":"https:\/\/www.colossalstore.es\/tienda\/"},{"@type":"ListItem","position":3,"name":"SOLO LEVELING 01"}]},{"@type":"WebSite","@id":"https:\/\/www.colossalstore.es\/#website","url":"https:\/\/www.colossalstore.es\/","name":"Colossal Store","description":"Colossal Store, store specialized in TCGs.","publisher":{"@id":"https:\/\/www.colossalstore.es\/#organization"},"alternateName":"Colossal Store","potentialAction":[{"@type":"SearchAction","target":{"@type":"EntryPoint","urlTemplate":"https:\/\/www.colossalstore.es\/?s={search_term_string}"},"query-input":{"@type":"PropertyValueSpecification","valueRequired":true,"valueName":"search_term_string"}}],"inLanguage":"en-US"},{"@type":"Organization","@id":"https:\/\/www.colossalstore.es\/#organization","name":"Colossal Store","url":"https:\/\/www.colossalstore.es\/","logo":{"@type":"ImageObject","inLanguage":"en-US","@id":"https:\/\/www.colossalstore.es\/#\/schema\/logo\/image\/","url":"https:\/\/www.colossalstore.es\/wp-content\/uploads\/2023\/05\/Colossal_Logo-02.png","contentUrl":"https:\/\/www.colossalstore.es\/wp-content\/uploads\/2023\/05\/Colossal_Logo-02.png","width":1181,"height":1181,"caption":"Colossal Store"},"image":{"@id":"https:\/\/www.colossalstore.es\/#\/schema\/logo\/image\/"},"sameAs":["https:\/\/x.com\/Colossal_Store","https:\/\/www.instagram.com\/colossal_store_tcg\/","https:\/\/www.tiktok.com\/@colossalstore"]}]}},"_links":{"self":[{"href":"https:\/\/www.colossalstore.es\/en\/wp-json\/wp\/v2\/product\/2271","targetHints":{"allow":["GET"]}}],"collection":[{"href":"https:\/\/www.colossalstore.es\/en\/wp-json\/wp\/v2\/product"}],"about":[{"href":"https:\/\/www.colossalstore.es\/en\/wp-json\/wp\/v2\/types\/product"}],"replies":[{"embeddable":true,"href":"https:\/\/www.colossalstore.es\/en\/wp-json\/wp\/v2\/comments?post=2271"}],"wp:featuredmedia":[{"embeddable":true,"href":"https:\/\/www.colossalstore.es\/en\/wp-json\/wp\/v2\/media\/2272"}],"wp:attachment":[{"href":"https:\/\/www.colossalstore.es\/en\/wp-json\/wp\/v2\/media?parent=2271"}],"wp:term":[{"taxonomy":"product_brand","embeddable":true,"href":"https:\/\/www.colossalstore.es\/en\/wp-json\/wp\/v2\/product_brand?post=2271"},{"taxonomy":"product_cat","embeddable":true,"href":"https:\/\/www.colossalstore.es\/en\/wp-json\/wp\/v2\/product_cat?post=2271"},{"taxonomy":"product_tag","embeddable":true,"href":"https:\/\/www.colossalstore.es\/en\/wp-json\/wp\/v2\/product_tag?post=2271"}],"curies":[{"name":"wp","href":"https:\/\/api.w.org\/{rel}","templated":true}]}}